{"id":932,"date":"2011-12-19T20:18:44","date_gmt":"2011-12-19T19:18:44","guid":{"rendered":"https:\/\/professionnels.cinier-b.com\/produit\/la-garrigue\/"},"modified":"2025-02-11T15:44:24","modified_gmt":"2025-02-11T14:44:24","slug":"la-garrigue","status":"publish","type":"product","link":"https:\/\/cinier-b.com\/pro\/boutique\/huiles-essentielles-aromatherapie\/compositions-aromatiques\/la-garrigue\/","title":{"rendered":"LA GARRIGUE"},"content":{"rendered":"<p>V\u00e9ritable cure de recharge \u00e9nerg\u00e9tique, ce complexe aux huiles essentielles toniques et dynamisantes sera une aide pr\u00e9cieuse pour conserver forme et moral.<\/p>\n<p>Lors des changements de saison, notre organisme subit diff\u00e9rentes pressions et souvent s&rsquo;installe fatigue et baisse de moral. En diffusant les senteurs de la garrigue, vous ressentirez bienfait et dynamisme.<\/p>\n<p><strong>Composition :<\/strong><\/p>\n<p>100% huiles essentielles de romarin \u00e0 cin\u00e9ole, gen\u00e9vrier baie, lavandins, origan, cypr\u00e8s, thym \u00e0 thymol, marjolaine \u00e0 coquille, fenouil doux<\/p>\n<address>Cette composition est \u00e9labor\u00e9e par nos soins dans notre laboratoire \u00e0 partir uniquement des huiles essentielles que nous commercialisons. Nous sommes tr\u00e8s attentifs \u00e0 la qualit\u00e9 des huiles essentielles car la diffusion dans l&rsquo;atmosph\u00e8re est un des premiers moyens th\u00e9rapeutiques.<\/address>\n","protected":false},"excerpt":{"rendered":"<p>100% huiles essentielles pures et naturelles<br \/>\n<b>Ne contient ni alcool ni conservateur<\/b><\/p>\n<p>Tonique et dynamisant, c&rsquo;est une aide pr\u00e9cieuse pour garder forme et moral<\/p>\n<p>en 30 &#8211; 50 &#8211; 100ml<\/p>\n","protected":false},"featured_media":9961,"comment_status":"open","ping_status":"closed","template":"","meta":[],"product_brand":[],"product_cat":[141,23],"product_tag":[],"class_list":{"0":"post-932","1":"product","2":"type-product","3":"status-publish","4":"has-post-thumbnail","6":"product_cat-nos-compositions-aromatiques","7":"product_cat-compositions-aromatiques","9":"first","10":"instock","11":"taxable","12":"shipping-taxable","13":"purchasable","14":"product-type-variable"},"yoast_head":"<!-- This site is optimized with the Yoast SEO plugin v25.0 - https:\/\/yoast.com\/wordpress\/plugins\/seo\/ -->\n<title>LA GARRIGUE - Cinier-B pour Professionnels<\/title>\n<meta name=\"robots\" content=\"index, follow, max-snippet:-1, max-image-preview:large, max-video-preview:-1\" \/>\n<link rel=\"canonical\" href=\"https:\/\/cinier-b.com\/pro\/boutique\/huiles-essentielles-aromatherapie\/compositions-aromatiques\/la-garrigue\/\" \/>\n<meta property=\"og:locale\" content=\"fr_FR\" \/>\n<meta property=\"og:type\" content=\"article\" \/>\n<meta property=\"og:title\" content=\"LA GARRIGUE - Cinier-B pour Professionnels\" \/>\n<meta property=\"og:description\" content=\"100% huiles essentielles pures et naturelles Ne contient ni alcool ni conservateur  Tonique et dynamisant, c&#039;est une aide pr\u00e9cieuse pour garder forme et moral  en 30 - 50 - 100ml\" \/>\n<meta property=\"og:url\" content=\"https:\/\/cinier-b.com\/pro\/boutique\/huiles-essentielles-aromatherapie\/compositions-aromatiques\/la-garrigue\/\" \/>\n<meta property=\"og:site_name\" content=\"Cinier-B pour Professionnels\" \/>\n<meta property=\"article:modified_time\" content=\"2025-02-11T14:44:24+00:00\" \/>\n<meta property=\"og:image\" content=\"https:\/\/cinier-b.com\/pro\/wp-content\/uploads\/2011\/12\/Design-sans-titre-50.png\" \/>\n\t<meta property=\"og:image:width\" content=\"1080\" \/>\n\t<meta property=\"og:image:height\" content=\"1080\" \/>\n\t<meta property=\"og:image:type\" content=\"image\/png\" \/>\n<meta name=\"twitter:card\" content=\"summary_large_image\" \/>\n<script type=\"application\/ld+json\" class=\"yoast-schema-graph\">{\"@context\":\"https:\/\/schema.org\",\"@graph\":[{\"@type\":\"WebPage\",\"@id\":\"https:\/\/cinier-b.com\/pro\/boutique\/huiles-essentielles-aromatherapie\/compositions-aromatiques\/la-garrigue\/\",\"url\":\"https:\/\/cinier-b.com\/pro\/boutique\/huiles-essentielles-aromatherapie\/compositions-aromatiques\/la-garrigue\/\",\"name\":\"LA GARRIGUE - Cinier-B pour Professionnels\",\"isPartOf\":{\"@id\":\"https:\/\/cinier-b.com\/pro\/#website\"},\"primaryImageOfPage\":{\"@id\":\"https:\/\/cinier-b.com\/pro\/boutique\/huiles-essentielles-aromatherapie\/compositions-aromatiques\/la-garrigue\/#primaryimage\"},\"image\":{\"@id\":\"https:\/\/cinier-b.com\/pro\/boutique\/huiles-essentielles-aromatherapie\/compositions-aromatiques\/la-garrigue\/#primaryimage\"},\"thumbnailUrl\":\"https:\/\/cinier-b.com\/pro\/wp-content\/uploads\/2011\/12\/Design-sans-titre-50.png\",\"datePublished\":\"2011-12-19T19:18:44+00:00\",\"dateModified\":\"2025-02-11T14:44:24+00:00\",\"breadcrumb\":{\"@id\":\"https:\/\/cinier-b.com\/pro\/boutique\/huiles-essentielles-aromatherapie\/compositions-aromatiques\/la-garrigue\/#breadcrumb\"},\"inLanguage\":\"fr-FR\",\"potentialAction\":[{\"@type\":\"ReadAction\",\"target\":[\"https:\/\/cinier-b.com\/pro\/boutique\/huiles-essentielles-aromatherapie\/compositions-aromatiques\/la-garrigue\/\"]}]},{\"@type\":\"ImageObject\",\"inLanguage\":\"fr-FR\",\"@id\":\"https:\/\/cinier-b.com\/pro\/boutique\/huiles-essentielles-aromatherapie\/compositions-aromatiques\/la-garrigue\/#primaryimage\",\"url\":\"https:\/\/cinier-b.com\/pro\/wp-content\/uploads\/2011\/12\/Design-sans-titre-50.png\",\"contentUrl\":\"https:\/\/cinier-b.com\/pro\/wp-content\/uploads\/2011\/12\/Design-sans-titre-50.png\",\"width\":1080,\"height\":1080},{\"@type\":\"BreadcrumbList\",\"@id\":\"https:\/\/cinier-b.com\/pro\/boutique\/huiles-essentielles-aromatherapie\/compositions-aromatiques\/la-garrigue\/#breadcrumb\",\"itemListElement\":[{\"@type\":\"ListItem\",\"position\":1,\"name\":\"Accueil\",\"item\":\"https:\/\/cinier-b.com\/pro\/accueil\/\"},{\"@type\":\"ListItem\",\"position\":2,\"name\":\"Boutique\",\"item\":\"https:\/\/cinier-b.com\/pro\/boutique\/\"},{\"@type\":\"ListItem\",\"position\":3,\"name\":\"LA GARRIGUE\"}]},{\"@type\":\"WebSite\",\"@id\":\"https:\/\/cinier-b.com\/pro\/#website\",\"url\":\"https:\/\/cinier-b.com\/pro\/\",\"name\":\"Cinier-B pour Professionnels\",\"description\":\"Laboratoires Cinier-B\",\"potentialAction\":[{\"@type\":\"SearchAction\",\"target\":{\"@type\":\"EntryPoint\",\"urlTemplate\":\"https:\/\/cinier-b.com\/pro\/?s={search_term_string}\"},\"query-input\":{\"@type\":\"PropertyValueSpecification\",\"valueRequired\":true,\"valueName\":\"search_term_string\"}}],\"inLanguage\":\"fr-FR\"}]}<\/script>\n<!-- \/ Yoast SEO plugin. -->","yoast_head_json":{"title":"LA GARRIGUE - Cinier-B pour Professionnels","robots":{"index":"index","follow":"follow","max-snippet":"max-snippet:-1","max-image-preview":"max-image-preview:large","max-video-preview":"max-video-preview:-1"},"canonical":"https:\/\/cinier-b.com\/pro\/boutique\/huiles-essentielles-aromatherapie\/compositions-aromatiques\/la-garrigue\/","og_locale":"fr_FR","og_type":"article","og_title":"LA GARRIGUE - Cinier-B pour Professionnels","og_description":"100% huiles essentielles pures et naturelles Ne contient ni alcool ni conservateur  Tonique et dynamisant, c'est une aide pr\u00e9cieuse pour garder forme et moral  en 30 - 50 - 100ml","og_url":"https:\/\/cinier-b.com\/pro\/boutique\/huiles-essentielles-aromatherapie\/compositions-aromatiques\/la-garrigue\/","og_site_name":"Cinier-B pour Professionnels","article_modified_time":"2025-02-11T14:44:24+00:00","og_image":[{"width":1080,"height":1080,"url":"https:\/\/cinier-b.com\/pro\/wp-content\/uploads\/2011\/12\/Design-sans-titre-50.png","type":"image\/png"}],"twitter_card":"summary_large_image","schema":{"@context":"https:\/\/schema.org","@graph":[{"@type":"WebPage","@id":"https:\/\/cinier-b.com\/pro\/boutique\/huiles-essentielles-aromatherapie\/compositions-aromatiques\/la-garrigue\/","url":"https:\/\/cinier-b.com\/pro\/boutique\/huiles-essentielles-aromatherapie\/compositions-aromatiques\/la-garrigue\/","name":"LA GARRIGUE - Cinier-B pour Professionnels","isPartOf":{"@id":"https:\/\/cinier-b.com\/pro\/#website"},"primaryImageOfPage":{"@id":"https:\/\/cinier-b.com\/pro\/boutique\/huiles-essentielles-aromatherapie\/compositions-aromatiques\/la-garrigue\/#primaryimage"},"image":{"@id":"https:\/\/cinier-b.com\/pro\/boutique\/huiles-essentielles-aromatherapie\/compositions-aromatiques\/la-garrigue\/#primaryimage"},"thumbnailUrl":"https:\/\/cinier-b.com\/pro\/wp-content\/uploads\/2011\/12\/Design-sans-titre-50.png","datePublished":"2011-12-19T19:18:44+00:00","dateModified":"2025-02-11T14:44:24+00:00","breadcrumb":{"@id":"https:\/\/cinier-b.com\/pro\/boutique\/huiles-essentielles-aromatherapie\/compositions-aromatiques\/la-garrigue\/#breadcrumb"},"inLanguage":"fr-FR","potentialAction":[{"@type":"ReadAction","target":["https:\/\/cinier-b.com\/pro\/boutique\/huiles-essentielles-aromatherapie\/compositions-aromatiques\/la-garrigue\/"]}]},{"@type":"ImageObject","inLanguage":"fr-FR","@id":"https:\/\/cinier-b.com\/pro\/boutique\/huiles-essentielles-aromatherapie\/compositions-aromatiques\/la-garrigue\/#primaryimage","url":"https:\/\/cinier-b.com\/pro\/wp-content\/uploads\/2011\/12\/Design-sans-titre-50.png","contentUrl":"https:\/\/cinier-b.com\/pro\/wp-content\/uploads\/2011\/12\/Design-sans-titre-50.png","width":1080,"height":1080},{"@type":"BreadcrumbList","@id":"https:\/\/cinier-b.com\/pro\/boutique\/huiles-essentielles-aromatherapie\/compositions-aromatiques\/la-garrigue\/#breadcrumb","itemListElement":[{"@type":"ListItem","position":1,"name":"Accueil","item":"https:\/\/cinier-b.com\/pro\/accueil\/"},{"@type":"ListItem","position":2,"name":"Boutique","item":"https:\/\/cinier-b.com\/pro\/boutique\/"},{"@type":"ListItem","position":3,"name":"LA GARRIGUE"}]},{"@type":"WebSite","@id":"https:\/\/cinier-b.com\/pro\/#website","url":"https:\/\/cinier-b.com\/pro\/","name":"Cinier-B pour Professionnels","description":"Laboratoires Cinier-B","potentialAction":[{"@type":"SearchAction","target":{"@type":"EntryPoint","urlTemplate":"https:\/\/cinier-b.com\/pro\/?s={search_term_string}"},"query-input":{"@type":"PropertyValueSpecification","valueRequired":true,"valueName":"search_term_string"}}],"inLanguage":"fr-FR"}]}},"_links":{"self":[{"href":"https:\/\/cinier-b.com\/pro\/wp-json\/wp\/v2\/product\/932"}],"collection":[{"href":"https:\/\/cinier-b.com\/pro\/wp-json\/wp\/v2\/product"}],"about":[{"href":"https:\/\/cinier-b.com\/pro\/wp-json\/wp\/v2\/types\/product"}],"replies":[{"embeddable":true,"href":"https:\/\/cinier-b.com\/pro\/wp-json\/wp\/v2\/comments?post=932"}],"wp:featuredmedia":[{"embeddable":true,"href":"https:\/\/cinier-b.com\/pro\/wp-json\/wp\/v2\/media\/9961"}],"wp:attachment":[{"href":"https:\/\/cinier-b.com\/pro\/wp-json\/wp\/v2\/media?parent=932"}],"wp:term":[{"taxonomy":"product_brand","embeddable":true,"href":"https:\/\/cinier-b.com\/pro\/wp-json\/wp\/v2\/product_brand?post=932"},{"taxonomy":"product_cat","embeddable":true,"href":"https:\/\/cinier-b.com\/pro\/wp-json\/wp\/v2\/product_cat?post=932"},{"taxonomy":"product_tag","embeddable":true,"href":"https:\/\/cinier-b.com\/pro\/wp-json\/wp\/v2\/product_tag?post=932"}],"curies":[{"name":"wp","href":"https:\/\/api.w.org\/{rel}","templated":true}]}}