{"id":915,"date":"2011-12-19T20:18:44","date_gmt":"2011-12-19T19:18:44","guid":{"rendered":"https:\/\/professionnels.cinier-b.com\/produit\/le-relaxant\/"},"modified":"2025-02-11T15:52:27","modified_gmt":"2025-02-11T14:52:27","slug":"le-relaxant","status":"publish","type":"product","link":"https:\/\/cinier-b.com\/pro\/boutique\/huiles-essentielles-aromatherapie\/compositions-aromatiques\/le-relaxant\/","title":{"rendered":"LE RELAXANT"},"content":{"rendered":"<p>Les senteurs de ce complexe vous apporteront l\u2019apaisement et la s\u00e9r\u00e9nit\u00e9 recherch\u00e9e.<\/p>\n<p>Parfait lorsque vous rentrez fatigu\u00e9 et stress\u00e9 d\u2019une journ\u00e9e de travail et que vous aspirez \u00e0 un \u00e9tat de relaxation ou de m\u00e9ditation.<\/p>\n<p>Diffusez-le le soir dans votre chambre pour une bonne pr\u00e9paration au sommeil.<\/p>\n<p>Id\u00e9al pour accompagner tout exercice de relaxation ou de m\u00e9ditation.<\/p>\n<p><strong>Composition :<\/strong><\/p>\n<p>100% huiles essentielles de lavandin super, orange douce zeste, petit-grain bigaradier, marjolaine \u00e0 coquille, camomille romaine, g\u00e9ranium.<\/p>\n<p>Cette composition est \u00e9labor\u00e9e par nos soins dans notre laboratoire \u00e0 partir uniquement des huiles essentielles que nous commercialisons. Nous sommes tr\u00e8s attentifs \u00e0 la qualit\u00e9 des huiles essentielles car la diffusion dans l&rsquo;atmosph\u00e8re est un des premiers moyens th\u00e9rapeutiques.<\/p>\n","protected":false},"excerpt":{"rendered":"<p>100% huiles essentielles pures et naturelles<br \/>\n<b>Ne contient ni alcool ni conservateur<\/b><\/p>\n<p>La fatigue et le stress sont rapidement chass\u00e9s<\/p>\n<p>en 30 &#8211; 50 &#8211; 100ml<\/p>\n","protected":false},"featured_media":9965,"comment_status":"open","ping_status":"closed","template":"","meta":[],"product_brand":[],"product_cat":[141,23],"product_tag":[],"class_list":{"0":"post-915","1":"product","2":"type-product","3":"status-publish","4":"has-post-thumbnail","6":"product_cat-nos-compositions-aromatiques","7":"product_cat-compositions-aromatiques","9":"first","10":"instock","11":"taxable","12":"shipping-taxable","13":"purchasable","14":"product-type-variable"},"yoast_head":"<!-- This site is optimized with the Yoast SEO plugin v25.0 - https:\/\/yoast.com\/wordpress\/plugins\/seo\/ -->\n<title>LE RELAXANT - Cinier-B pour Professionnels<\/title>\n<meta name=\"robots\" content=\"index, follow, max-snippet:-1, max-image-preview:large, max-video-preview:-1\" \/>\n<link rel=\"canonical\" href=\"https:\/\/cinier-b.com\/pro\/boutique\/huiles-essentielles-aromatherapie\/compositions-aromatiques\/le-relaxant\/\" \/>\n<meta property=\"og:locale\" content=\"fr_FR\" \/>\n<meta property=\"og:type\" content=\"article\" \/>\n<meta property=\"og:title\" content=\"LE RELAXANT - Cinier-B pour Professionnels\" \/>\n<meta property=\"og:description\" content=\"100% huiles essentielles pures et naturelles Ne contient ni alcool ni conservateur  La fatigue et le stress sont rapidement chass\u00e9s  en 30 - 50 - 100ml\" \/>\n<meta property=\"og:url\" content=\"https:\/\/cinier-b.com\/pro\/boutique\/huiles-essentielles-aromatherapie\/compositions-aromatiques\/le-relaxant\/\" \/>\n<meta property=\"og:site_name\" content=\"Cinier-B pour Professionnels\" \/>\n<meta property=\"article:modified_time\" content=\"2025-02-11T14:52:27+00:00\" \/>\n<meta property=\"og:image\" content=\"https:\/\/cinier-b.com\/pro\/wp-content\/uploads\/2011\/12\/Design-sans-titre-54.png\" \/>\n\t<meta property=\"og:image:width\" content=\"1080\" \/>\n\t<meta property=\"og:image:height\" content=\"1080\" \/>\n\t<meta property=\"og:image:type\" content=\"image\/png\" \/>\n<meta name=\"twitter:card\" content=\"summary_large_image\" \/>\n<meta name=\"twitter:label1\" content=\"Dur\u00e9e de lecture estim\u00e9e\" \/>\n\t<meta name=\"twitter:data1\" content=\"1 minute\" \/>\n<script type=\"application\/ld+json\" class=\"yoast-schema-graph\">{\"@context\":\"https:\/\/schema.org\",\"@graph\":[{\"@type\":\"WebPage\",\"@id\":\"https:\/\/cinier-b.com\/pro\/boutique\/huiles-essentielles-aromatherapie\/compositions-aromatiques\/le-relaxant\/\",\"url\":\"https:\/\/cinier-b.com\/pro\/boutique\/huiles-essentielles-aromatherapie\/compositions-aromatiques\/le-relaxant\/\",\"name\":\"LE RELAXANT - Cinier-B pour Professionnels\",\"isPartOf\":{\"@id\":\"https:\/\/cinier-b.com\/pro\/#website\"},\"primaryImageOfPage\":{\"@id\":\"https:\/\/cinier-b.com\/pro\/boutique\/huiles-essentielles-aromatherapie\/compositions-aromatiques\/le-relaxant\/#primaryimage\"},\"image\":{\"@id\":\"https:\/\/cinier-b.com\/pro\/boutique\/huiles-essentielles-aromatherapie\/compositions-aromatiques\/le-relaxant\/#primaryimage\"},\"thumbnailUrl\":\"https:\/\/cinier-b.com\/pro\/wp-content\/uploads\/2011\/12\/Design-sans-titre-54.png\",\"datePublished\":\"2011-12-19T19:18:44+00:00\",\"dateModified\":\"2025-02-11T14:52:27+00:00\",\"breadcrumb\":{\"@id\":\"https:\/\/cinier-b.com\/pro\/boutique\/huiles-essentielles-aromatherapie\/compositions-aromatiques\/le-relaxant\/#breadcrumb\"},\"inLanguage\":\"fr-FR\",\"potentialAction\":[{\"@type\":\"ReadAction\",\"target\":[\"https:\/\/cinier-b.com\/pro\/boutique\/huiles-essentielles-aromatherapie\/compositions-aromatiques\/le-relaxant\/\"]}]},{\"@type\":\"ImageObject\",\"inLanguage\":\"fr-FR\",\"@id\":\"https:\/\/cinier-b.com\/pro\/boutique\/huiles-essentielles-aromatherapie\/compositions-aromatiques\/le-relaxant\/#primaryimage\",\"url\":\"https:\/\/cinier-b.com\/pro\/wp-content\/uploads\/2011\/12\/Design-sans-titre-54.png\",\"contentUrl\":\"https:\/\/cinier-b.com\/pro\/wp-content\/uploads\/2011\/12\/Design-sans-titre-54.png\",\"width\":1080,\"height\":1080},{\"@type\":\"BreadcrumbList\",\"@id\":\"https:\/\/cinier-b.com\/pro\/boutique\/huiles-essentielles-aromatherapie\/compositions-aromatiques\/le-relaxant\/#breadcrumb\",\"itemListElement\":[{\"@type\":\"ListItem\",\"position\":1,\"name\":\"Accueil\",\"item\":\"https:\/\/cinier-b.com\/pro\/accueil\/\"},{\"@type\":\"ListItem\",\"position\":2,\"name\":\"Boutique\",\"item\":\"https:\/\/cinier-b.com\/pro\/boutique\/\"},{\"@type\":\"ListItem\",\"position\":3,\"name\":\"LE RELAXANT\"}]},{\"@type\":\"WebSite\",\"@id\":\"https:\/\/cinier-b.com\/pro\/#website\",\"url\":\"https:\/\/cinier-b.com\/pro\/\",\"name\":\"Cinier-B pour Professionnels\",\"description\":\"Laboratoires Cinier-B\",\"potentialAction\":[{\"@type\":\"SearchAction\",\"target\":{\"@type\":\"EntryPoint\",\"urlTemplate\":\"https:\/\/cinier-b.com\/pro\/?s={search_term_string}\"},\"query-input\":{\"@type\":\"PropertyValueSpecification\",\"valueRequired\":true,\"valueName\":\"search_term_string\"}}],\"inLanguage\":\"fr-FR\"}]}<\/script>\n<!-- \/ Yoast SEO plugin. -->","yoast_head_json":{"title":"LE RELAXANT - Cinier-B pour Professionnels","robots":{"index":"index","follow":"follow","max-snippet":"max-snippet:-1","max-image-preview":"max-image-preview:large","max-video-preview":"max-video-preview:-1"},"canonical":"https:\/\/cinier-b.com\/pro\/boutique\/huiles-essentielles-aromatherapie\/compositions-aromatiques\/le-relaxant\/","og_locale":"fr_FR","og_type":"article","og_title":"LE RELAXANT - Cinier-B pour Professionnels","og_description":"100% huiles essentielles pures et naturelles Ne contient ni alcool ni conservateur  La fatigue et le stress sont rapidement chass\u00e9s  en 30 - 50 - 100ml","og_url":"https:\/\/cinier-b.com\/pro\/boutique\/huiles-essentielles-aromatherapie\/compositions-aromatiques\/le-relaxant\/","og_site_name":"Cinier-B pour Professionnels","article_modified_time":"2025-02-11T14:52:27+00:00","og_image":[{"width":1080,"height":1080,"url":"https:\/\/cinier-b.com\/pro\/wp-content\/uploads\/2011\/12\/Design-sans-titre-54.png","type":"image\/png"}],"twitter_card":"summary_large_image","twitter_misc":{"Dur\u00e9e de lecture estim\u00e9e":"1 minute"},"schema":{"@context":"https:\/\/schema.org","@graph":[{"@type":"WebPage","@id":"https:\/\/cinier-b.com\/pro\/boutique\/huiles-essentielles-aromatherapie\/compositions-aromatiques\/le-relaxant\/","url":"https:\/\/cinier-b.com\/pro\/boutique\/huiles-essentielles-aromatherapie\/compositions-aromatiques\/le-relaxant\/","name":"LE RELAXANT - Cinier-B pour Professionnels","isPartOf":{"@id":"https:\/\/cinier-b.com\/pro\/#website"},"primaryImageOfPage":{"@id":"https:\/\/cinier-b.com\/pro\/boutique\/huiles-essentielles-aromatherapie\/compositions-aromatiques\/le-relaxant\/#primaryimage"},"image":{"@id":"https:\/\/cinier-b.com\/pro\/boutique\/huiles-essentielles-aromatherapie\/compositions-aromatiques\/le-relaxant\/#primaryimage"},"thumbnailUrl":"https:\/\/cinier-b.com\/pro\/wp-content\/uploads\/2011\/12\/Design-sans-titre-54.png","datePublished":"2011-12-19T19:18:44+00:00","dateModified":"2025-02-11T14:52:27+00:00","breadcrumb":{"@id":"https:\/\/cinier-b.com\/pro\/boutique\/huiles-essentielles-aromatherapie\/compositions-aromatiques\/le-relaxant\/#breadcrumb"},"inLanguage":"fr-FR","potentialAction":[{"@type":"ReadAction","target":["https:\/\/cinier-b.com\/pro\/boutique\/huiles-essentielles-aromatherapie\/compositions-aromatiques\/le-relaxant\/"]}]},{"@type":"ImageObject","inLanguage":"fr-FR","@id":"https:\/\/cinier-b.com\/pro\/boutique\/huiles-essentielles-aromatherapie\/compositions-aromatiques\/le-relaxant\/#primaryimage","url":"https:\/\/cinier-b.com\/pro\/wp-content\/uploads\/2011\/12\/Design-sans-titre-54.png","contentUrl":"https:\/\/cinier-b.com\/pro\/wp-content\/uploads\/2011\/12\/Design-sans-titre-54.png","width":1080,"height":1080},{"@type":"BreadcrumbList","@id":"https:\/\/cinier-b.com\/pro\/boutique\/huiles-essentielles-aromatherapie\/compositions-aromatiques\/le-relaxant\/#breadcrumb","itemListElement":[{"@type":"ListItem","position":1,"name":"Accueil","item":"https:\/\/cinier-b.com\/pro\/accueil\/"},{"@type":"ListItem","position":2,"name":"Boutique","item":"https:\/\/cinier-b.com\/pro\/boutique\/"},{"@type":"ListItem","position":3,"name":"LE RELAXANT"}]},{"@type":"WebSite","@id":"https:\/\/cinier-b.com\/pro\/#website","url":"https:\/\/cinier-b.com\/pro\/","name":"Cinier-B pour Professionnels","description":"Laboratoires Cinier-B","potentialAction":[{"@type":"SearchAction","target":{"@type":"EntryPoint","urlTemplate":"https:\/\/cinier-b.com\/pro\/?s={search_term_string}"},"query-input":{"@type":"PropertyValueSpecification","valueRequired":true,"valueName":"search_term_string"}}],"inLanguage":"fr-FR"}]}},"_links":{"self":[{"href":"https:\/\/cinier-b.com\/pro\/wp-json\/wp\/v2\/product\/915"}],"collection":[{"href":"https:\/\/cinier-b.com\/pro\/wp-json\/wp\/v2\/product"}],"about":[{"href":"https:\/\/cinier-b.com\/pro\/wp-json\/wp\/v2\/types\/product"}],"replies":[{"embeddable":true,"href":"https:\/\/cinier-b.com\/pro\/wp-json\/wp\/v2\/comments?post=915"}],"wp:featuredmedia":[{"embeddable":true,"href":"https:\/\/cinier-b.com\/pro\/wp-json\/wp\/v2\/media\/9965"}],"wp:attachment":[{"href":"https:\/\/cinier-b.com\/pro\/wp-json\/wp\/v2\/media?parent=915"}],"wp:term":[{"taxonomy":"product_brand","embeddable":true,"href":"https:\/\/cinier-b.com\/pro\/wp-json\/wp\/v2\/product_brand?post=915"},{"taxonomy":"product_cat","embeddable":true,"href":"https:\/\/cinier-b.com\/pro\/wp-json\/wp\/v2\/product_cat?post=915"},{"taxonomy":"product_tag","embeddable":true,"href":"https:\/\/cinier-b.com\/pro\/wp-json\/wp\/v2\/product_tag?post=915"}],"curies":[{"name":"wp","href":"https:\/\/api.w.org\/{rel}","templated":true}]}}