{"id":8949,"date":"2024-01-31T10:50:42","date_gmt":"2024-01-31T09:50:42","guid":{"rendered":"https:\/\/cinier-b.com\/pro\/?post_type=product&#038;p=8949"},"modified":"2024-11-14T17:51:41","modified_gmt":"2024-11-14T16:51:41","slug":"trio-recharge","status":"publish","type":"product","link":"https:\/\/cinier-b.com\/pro\/boutique\/nos-packs\/contre-la-transpiration\/trio-recharge\/","title":{"rendered":"TRIO Recharge | Pr\u00e9vention pour pieds \u2013 mains &#038; ongles"},"content":{"rendered":"<ul>\n<li><strong>1 hygi\u00e8ne lotion 200 ml (pulv\u00e9risateur)<\/strong><\/li>\n<li><strong>2 x 500 ml hygi\u00e8ne lotion (recharge)\u00a0<\/strong><\/li>\n<\/ul>\n<p>Cinier-B HYGIENE LOTION est une lotion antiseptique hydro-alcoolique \u00e0 62,4 degr\u00e9s d\u2019alcool et 10% d\u2019huiles essentielles sp\u00e9cifiques 100% pures et naturelles aux propri\u00e9t\u00e9s antiseptiques, antifongiques, antivirales et antiparasitaire traditionnellement reconnues, lui conf\u00e9rant une efficacit\u00e9 remarquable, gr\u00e2ce \u00e0 leur large spectre d\u2019action.<\/p>\n<p>Particuli\u00e8rement conseill\u00e9e aux sportifs et au personnel m\u00e9dical. Test\u00e9e sous contr\u00f4le dermatologique, HYGIENE LOTION jouit d\u2019une excellente tol\u00e9rance cutan\u00e9e et peut \u00eatre utilis\u00e9e quotidiennement. Mais sans utilisation INTENSIVE.<\/p>\n<p>Il est fortement conseill\u00e9 de l\u2019utiliser en pr\u00e9vention pour \u00e9viter une prolif\u00e9ration bact\u00e9rienne, fongique et virale favoris\u00e9e par la transpiration, le port de bas, chaussettes, chaussures.<\/p>\n<blockquote>\n<h2>Utilisation en cabinet<\/h2>\n<\/blockquote>\n<p>Avant un soin des ongles et\/ou autres , pulv\u00e9riser sur les pieds du patient. Entre chaque patient, une pulv\u00e9risation tr\u00e8s l\u00e9g\u00e8re sur les mains du th\u00e9rapeute. Utilisation \u00e9galement sur les goutti\u00e8res, les instruments.<\/p>\n<ul>\n<li><em><strong>Petit rappel:\u00a0<\/strong> Avant de r\u00e9aliser une orthoplastie: il est conseill\u00e9 de ne rien utiliser ni sur le pied du patient ni sur les mains du podologue car la r\u00e9ticulation des silicones poly-addition peut \u00eatre inhib\u00e9e au contact de certains produits: sels de m\u00e9taux lourds, amines, soufre et d\u00e9riv\u00e9s, catalyseurs de r\u00e9sines \u00e9poxy, il ne faut pas utiliser de gants latex.\u00a0 Il est imp\u00e9ratif de se laver les mains au savon et \u00e0 l\u2019eau et surtout de les rincer soigneusement avant chaque r\u00e9alisation d\u2019orthoplastie.<\/em><\/li>\n<\/ul>\n<blockquote>\n<h2>Les actifs<\/h2>\n<\/blockquote>\n<p>Alcool 62,4 % vol. 10% d\u2019huiles essentielles de lavande officinale, tea-tree (m\u00e9laleuca alternifolia), sauge officinale, sauge \u00e0 feuille de lavande, g\u00e9ranium rosat, menthe poivr\u00e9e, sarriette des jardins.<\/p>\n<p>&nbsp;<\/p>\n","protected":false},"excerpt":{"rendered":"<p>Trio recharge parfait pour votre usage au quotidien !<\/p>\n<p>&nbsp;<\/p>\n","protected":false},"featured_media":8950,"comment_status":"open","ping_status":"closed","template":"","meta":[],"product_brand":[],"product_cat":[165,169,163,167,171,102,106],"product_tag":[],"class_list":{"0":"post-8949","1":"product","2":"type-product","3":"status-publish","4":"has-post-thumbnail","6":"product_cat-contre-la-transpiration","7":"product_cat-decouvrez-nos-packs","8":"product_cat-nos-packs","9":"product_cat-pour-les-soins-podologiques","10":"product_cat-pour-les-sportifs","11":"product_cat-hygiene-protection-globale","12":"product_cat-hygiene-protection","14":"first","15":"instock","16":"taxable","17":"shipping-taxable","18":"purchasable","19":"product-type-simple"},"yoast_head":"<!-- This site is optimized with the Yoast SEO plugin v25.0 - https:\/\/yoast.com\/wordpress\/plugins\/seo\/ -->\n<title>TRIO Recharge | Pr\u00e9vention pour pieds \u2013 mains &amp; ongles - Cinier-B pour Professionnels<\/title>\n<meta name=\"robots\" content=\"index, follow, max-snippet:-1, max-image-preview:large, max-video-preview:-1\" \/>\n<link rel=\"canonical\" href=\"https:\/\/cinier-b.com\/pro\/boutique\/nos-packs\/contre-la-transpiration\/trio-recharge\/\" \/>\n<meta property=\"og:locale\" content=\"fr_FR\" \/>\n<meta property=\"og:type\" content=\"article\" \/>\n<meta property=\"og:title\" content=\"TRIO Recharge | Pr\u00e9vention pour pieds \u2013 mains &amp; ongles - Cinier-B pour Professionnels\" \/>\n<meta property=\"og:description\" content=\"Trio recharge parfait pour votre usage au quotidien !  &nbsp;\" \/>\n<meta property=\"og:url\" content=\"https:\/\/cinier-b.com\/pro\/boutique\/nos-packs\/contre-la-transpiration\/trio-recharge\/\" \/>\n<meta property=\"og:site_name\" content=\"Cinier-B pour Professionnels\" \/>\n<meta property=\"article:modified_time\" content=\"2024-11-14T16:51:41+00:00\" \/>\n<meta property=\"og:image\" content=\"https:\/\/cinier-b.com\/pro\/wp-content\/uploads\/2024\/01\/les-packs-22.png\" \/>\n\t<meta property=\"og:image:width\" content=\"1080\" \/>\n\t<meta property=\"og:image:height\" content=\"1080\" \/>\n\t<meta property=\"og:image:type\" content=\"image\/png\" \/>\n<meta name=\"twitter:card\" content=\"summary_large_image\" \/>\n<meta name=\"twitter:label1\" content=\"Dur\u00e9e de lecture estim\u00e9e\" \/>\n\t<meta name=\"twitter:data1\" content=\"2 minutes\" \/>\n<script type=\"application\/ld+json\" class=\"yoast-schema-graph\">{\"@context\":\"https:\/\/schema.org\",\"@graph\":[{\"@type\":\"WebPage\",\"@id\":\"https:\/\/cinier-b.com\/pro\/boutique\/nos-packs\/contre-la-transpiration\/trio-recharge\/\",\"url\":\"https:\/\/cinier-b.com\/pro\/boutique\/nos-packs\/contre-la-transpiration\/trio-recharge\/\",\"name\":\"TRIO Recharge | Pr\u00e9vention pour pieds \u2013 mains & ongles - Cinier-B pour Professionnels\",\"isPartOf\":{\"@id\":\"https:\/\/cinier-b.com\/pro\/#website\"},\"primaryImageOfPage\":{\"@id\":\"https:\/\/cinier-b.com\/pro\/boutique\/nos-packs\/contre-la-transpiration\/trio-recharge\/#primaryimage\"},\"image\":{\"@id\":\"https:\/\/cinier-b.com\/pro\/boutique\/nos-packs\/contre-la-transpiration\/trio-recharge\/#primaryimage\"},\"thumbnailUrl\":\"https:\/\/cinier-b.com\/pro\/wp-content\/uploads\/2024\/01\/les-packs-22.png\",\"datePublished\":\"2024-01-31T09:50:42+00:00\",\"dateModified\":\"2024-11-14T16:51:41+00:00\",\"breadcrumb\":{\"@id\":\"https:\/\/cinier-b.com\/pro\/boutique\/nos-packs\/contre-la-transpiration\/trio-recharge\/#breadcrumb\"},\"inLanguage\":\"fr-FR\",\"potentialAction\":[{\"@type\":\"ReadAction\",\"target\":[\"https:\/\/cinier-b.com\/pro\/boutique\/nos-packs\/contre-la-transpiration\/trio-recharge\/\"]}]},{\"@type\":\"ImageObject\",\"inLanguage\":\"fr-FR\",\"@id\":\"https:\/\/cinier-b.com\/pro\/boutique\/nos-packs\/contre-la-transpiration\/trio-recharge\/#primaryimage\",\"url\":\"https:\/\/cinier-b.com\/pro\/wp-content\/uploads\/2024\/01\/les-packs-22.png\",\"contentUrl\":\"https:\/\/cinier-b.com\/pro\/wp-content\/uploads\/2024\/01\/les-packs-22.png\",\"width\":1080,\"height\":1080},{\"@type\":\"BreadcrumbList\",\"@id\":\"https:\/\/cinier-b.com\/pro\/boutique\/nos-packs\/contre-la-transpiration\/trio-recharge\/#breadcrumb\",\"itemListElement\":[{\"@type\":\"ListItem\",\"position\":1,\"name\":\"Accueil\",\"item\":\"https:\/\/cinier-b.com\/pro\/accueil\/\"},{\"@type\":\"ListItem\",\"position\":2,\"name\":\"Boutique\",\"item\":\"https:\/\/cinier-b.com\/pro\/boutique\/\"},{\"@type\":\"ListItem\",\"position\":3,\"name\":\"TRIO Recharge | Pr\u00e9vention pour pieds \u2013 mains &#038; ongles\"}]},{\"@type\":\"WebSite\",\"@id\":\"https:\/\/cinier-b.com\/pro\/#website\",\"url\":\"https:\/\/cinier-b.com\/pro\/\",\"name\":\"Cinier-B pour Professionnels\",\"description\":\"Laboratoires Cinier-B\",\"potentialAction\":[{\"@type\":\"SearchAction\",\"target\":{\"@type\":\"EntryPoint\",\"urlTemplate\":\"https:\/\/cinier-b.com\/pro\/?s={search_term_string}\"},\"query-input\":{\"@type\":\"PropertyValueSpecification\",\"valueRequired\":true,\"valueName\":\"search_term_string\"}}],\"inLanguage\":\"fr-FR\"}]}<\/script>\n<!-- \/ Yoast SEO plugin. -->","yoast_head_json":{"title":"TRIO Recharge | Pr\u00e9vention pour pieds \u2013 mains & ongles - Cinier-B pour Professionnels","robots":{"index":"index","follow":"follow","max-snippet":"max-snippet:-1","max-image-preview":"max-image-preview:large","max-video-preview":"max-video-preview:-1"},"canonical":"https:\/\/cinier-b.com\/pro\/boutique\/nos-packs\/contre-la-transpiration\/trio-recharge\/","og_locale":"fr_FR","og_type":"article","og_title":"TRIO Recharge | Pr\u00e9vention pour pieds \u2013 mains & ongles - Cinier-B pour Professionnels","og_description":"Trio recharge parfait pour votre usage au quotidien !  &nbsp;","og_url":"https:\/\/cinier-b.com\/pro\/boutique\/nos-packs\/contre-la-transpiration\/trio-recharge\/","og_site_name":"Cinier-B pour Professionnels","article_modified_time":"2024-11-14T16:51:41+00:00","og_image":[{"width":1080,"height":1080,"url":"https:\/\/cinier-b.com\/pro\/wp-content\/uploads\/2024\/01\/les-packs-22.png","type":"image\/png"}],"twitter_card":"summary_large_image","twitter_misc":{"Dur\u00e9e de lecture estim\u00e9e":"2 minutes"},"schema":{"@context":"https:\/\/schema.org","@graph":[{"@type":"WebPage","@id":"https:\/\/cinier-b.com\/pro\/boutique\/nos-packs\/contre-la-transpiration\/trio-recharge\/","url":"https:\/\/cinier-b.com\/pro\/boutique\/nos-packs\/contre-la-transpiration\/trio-recharge\/","name":"TRIO Recharge | Pr\u00e9vention pour pieds \u2013 mains & ongles - Cinier-B pour Professionnels","isPartOf":{"@id":"https:\/\/cinier-b.com\/pro\/#website"},"primaryImageOfPage":{"@id":"https:\/\/cinier-b.com\/pro\/boutique\/nos-packs\/contre-la-transpiration\/trio-recharge\/#primaryimage"},"image":{"@id":"https:\/\/cinier-b.com\/pro\/boutique\/nos-packs\/contre-la-transpiration\/trio-recharge\/#primaryimage"},"thumbnailUrl":"https:\/\/cinier-b.com\/pro\/wp-content\/uploads\/2024\/01\/les-packs-22.png","datePublished":"2024-01-31T09:50:42+00:00","dateModified":"2024-11-14T16:51:41+00:00","breadcrumb":{"@id":"https:\/\/cinier-b.com\/pro\/boutique\/nos-packs\/contre-la-transpiration\/trio-recharge\/#breadcrumb"},"inLanguage":"fr-FR","potentialAction":[{"@type":"ReadAction","target":["https:\/\/cinier-b.com\/pro\/boutique\/nos-packs\/contre-la-transpiration\/trio-recharge\/"]}]},{"@type":"ImageObject","inLanguage":"fr-FR","@id":"https:\/\/cinier-b.com\/pro\/boutique\/nos-packs\/contre-la-transpiration\/trio-recharge\/#primaryimage","url":"https:\/\/cinier-b.com\/pro\/wp-content\/uploads\/2024\/01\/les-packs-22.png","contentUrl":"https:\/\/cinier-b.com\/pro\/wp-content\/uploads\/2024\/01\/les-packs-22.png","width":1080,"height":1080},{"@type":"BreadcrumbList","@id":"https:\/\/cinier-b.com\/pro\/boutique\/nos-packs\/contre-la-transpiration\/trio-recharge\/#breadcrumb","itemListElement":[{"@type":"ListItem","position":1,"name":"Accueil","item":"https:\/\/cinier-b.com\/pro\/accueil\/"},{"@type":"ListItem","position":2,"name":"Boutique","item":"https:\/\/cinier-b.com\/pro\/boutique\/"},{"@type":"ListItem","position":3,"name":"TRIO Recharge | Pr\u00e9vention pour pieds \u2013 mains &#038; ongles"}]},{"@type":"WebSite","@id":"https:\/\/cinier-b.com\/pro\/#website","url":"https:\/\/cinier-b.com\/pro\/","name":"Cinier-B pour Professionnels","description":"Laboratoires Cinier-B","potentialAction":[{"@type":"SearchAction","target":{"@type":"EntryPoint","urlTemplate":"https:\/\/cinier-b.com\/pro\/?s={search_term_string}"},"query-input":{"@type":"PropertyValueSpecification","valueRequired":true,"valueName":"search_term_string"}}],"inLanguage":"fr-FR"}]}},"_links":{"self":[{"href":"https:\/\/cinier-b.com\/pro\/wp-json\/wp\/v2\/product\/8949"}],"collection":[{"href":"https:\/\/cinier-b.com\/pro\/wp-json\/wp\/v2\/product"}],"about":[{"href":"https:\/\/cinier-b.com\/pro\/wp-json\/wp\/v2\/types\/product"}],"replies":[{"embeddable":true,"href":"https:\/\/cinier-b.com\/pro\/wp-json\/wp\/v2\/comments?post=8949"}],"wp:featuredmedia":[{"embeddable":true,"href":"https:\/\/cinier-b.com\/pro\/wp-json\/wp\/v2\/media\/8950"}],"wp:attachment":[{"href":"https:\/\/cinier-b.com\/pro\/wp-json\/wp\/v2\/media?parent=8949"}],"wp:term":[{"taxonomy":"product_brand","embeddable":true,"href":"https:\/\/cinier-b.com\/pro\/wp-json\/wp\/v2\/product_brand?post=8949"},{"taxonomy":"product_cat","embeddable":true,"href":"https:\/\/cinier-b.com\/pro\/wp-json\/wp\/v2\/product_cat?post=8949"},{"taxonomy":"product_tag","embeddable":true,"href":"https:\/\/cinier-b.com\/pro\/wp-json\/wp\/v2\/product_tag?post=8949"}],"curies":[{"name":"wp","href":"https:\/\/api.w.org\/{rel}","templated":true}]}}