{"id":7580,"date":"2022-12-21T08:25:53","date_gmt":"2022-12-21T07:25:53","guid":{"rendered":"https:\/\/cinier-b.com\/pro\/?post_type=product&#038;p=7580"},"modified":"2026-04-20T10:27:10","modified_gmt":"2026-04-20T08:27:10","slug":"jojoba-huile-vegetale-1ere-pression-a-froid","status":"publish","type":"product","link":"https:\/\/cinier-b.com\/pro\/boutique\/soins-du-corps-frictions-de-sante\/huiles-vegetales\/jojoba-huile-vegetale-1ere-pression-a-froid\/","title":{"rendered":"JOJOBA -prot\u00e8ge la peau de la d\u00e9shydratation"},"content":{"rendered":"<p>L&rsquo;huile de JOJOBA vierge est obtenue par pression \u00e0 froid des noix du Simmondsia chinensis appel\u00e9 \u00e9galement Noisetier sauvage. Origine P\u00c9ROU . Bien qu&rsquo;issue de l&rsquo;agriculture biologique, cette huile v\u00e9g\u00e9tale n&rsquo;\u00e9tant pas consommable, ne peut pas \u00eatre certifi\u00e9e bio alimentaire mais uniquement bio cosm\u00e9tique. Elle est 100% pure et naturelle sans aucun autre additif.<\/p>\n<p>Tr\u00e8s bonne p\u00e9n\u00e9tration cutan\u00e9e gr\u00e2ce \u00e0 ses esters et \u00e0 sa vitamine F. Convient \u00e0 tous type de peau. Gr\u00e2ce \u00e0 sa richesse en insaponifiables, elle a de remarquables propri\u00e9t\u00e9s\u00a0 protectrices et anti-vieillissement . Sa composition proche du s\u00e9bum lui permet de r\u00e9\u00e9quilibrer la peau et les cheveux qu&rsquo;elle prot\u00e8ge des agressions du soleil et des bains de mer. Autant efficace pour les cheveux gras dont elle normalise l&rsquo;exc\u00e8s de s\u00e9bum que pour les cheveux secs et cassants qu&rsquo;elle revitalise.<\/p>\n<blockquote>\n<h2>Principaux constituants(acides gras)<\/h2>\n<\/blockquote>\n<ul>\n<li>Acide b\u00e9h\u00e9nique (0,2 %)<\/li>\n<li>Acide \u00e9rucique (13,9 %)<\/li>\n<li>Acide gadol\u00e9ique (72,3%<\/li>\n<li>Acide ol\u00e9ique (10 \u00e0 12%)<\/li>\n<li>Acide nervonique (1,6%)<\/li>\n<li>Acide palmitique (1,1%)<\/li>\n<li>Acide palmitol\u00e9\u00efque (0,3%)<\/li>\n<\/ul>\n<blockquote>\n<h2>Caract\u00e9ristiques organoleptiques<\/h2>\n<\/blockquote>\n<ul>\n<li>Odeur douce, agr\u00e9able, rappelant la noisette<\/li>\n<li>Couleur: jaune clair \u00e0 orang\u00e9<\/li>\n<\/ul>\n","protected":false},"excerpt":{"rendered":"<blockquote>\n<h4><b><\/b>R\u00e9\u00e9quilibre la peau et les cheveux<\/h4>\n<\/blockquote>\n<p>Flacon 125 et 500ml<\/p>\n","protected":false},"featured_media":10639,"comment_status":"open","ping_status":"closed","template":"","meta":[],"product_brand":[],"product_cat":[24,46,109],"product_tag":[],"class_list":{"0":"post-7580","1":"product","2":"type-product","3":"status-publish","4":"has-post-thumbnail","6":"product_cat-huiles-vegetales","7":"product_cat-pour-le-soin-et-la-beaute","8":"product_cat-pour-les-cheveux","10":"first","11":"instock","12":"sold-individually","13":"taxable","14":"shipping-taxable","15":"purchasable","16":"product-type-variable"},"yoast_head":"<!-- This site is optimized with the Yoast SEO plugin v25.0 - https:\/\/yoast.com\/wordpress\/plugins\/seo\/ -->\n<title>JOJOBA -prot\u00e8ge la peau de la d\u00e9shydratation - Cinier-B pour Professionnels<\/title>\n<meta name=\"robots\" content=\"index, follow, max-snippet:-1, max-image-preview:large, max-video-preview:-1\" \/>\n<link rel=\"canonical\" href=\"https:\/\/cinier-b.com\/pro\/boutique\/soins-du-corps-frictions-de-sante\/huiles-vegetales\/jojoba-huile-vegetale-1ere-pression-a-froid\/\" \/>\n<meta property=\"og:locale\" content=\"fr_FR\" \/>\n<meta property=\"og:type\" content=\"article\" \/>\n<meta property=\"og:title\" content=\"JOJOBA -prot\u00e8ge la peau de la d\u00e9shydratation - Cinier-B pour Professionnels\" \/>\n<meta property=\"og:description\" content=\"R\u00e9\u00e9quilibre la peau et les cheveux  Flacon 125 et 500ml\" \/>\n<meta property=\"og:url\" content=\"https:\/\/cinier-b.com\/pro\/boutique\/soins-du-corps-frictions-de-sante\/huiles-vegetales\/jojoba-huile-vegetale-1ere-pression-a-froid\/\" \/>\n<meta property=\"og:site_name\" content=\"Cinier-B pour Professionnels\" \/>\n<meta property=\"article:modified_time\" content=\"2026-04-20T08:27:10+00:00\" \/>\n<meta property=\"og:image\" content=\"https:\/\/cinier-b.com\/pro\/wp-content\/uploads\/2022\/12\/Visuels-produits-cinier-4.png\" \/>\n\t<meta property=\"og:image:width\" content=\"1200\" \/>\n\t<meta property=\"og:image:height\" content=\"1200\" \/>\n\t<meta property=\"og:image:type\" content=\"image\/png\" \/>\n<meta name=\"twitter:card\" content=\"summary_large_image\" \/>\n<meta name=\"twitter:label1\" content=\"Dur\u00e9e de lecture estim\u00e9e\" \/>\n\t<meta name=\"twitter:data1\" content=\"1 minute\" \/>\n<script type=\"application\/ld+json\" class=\"yoast-schema-graph\">{\"@context\":\"https:\/\/schema.org\",\"@graph\":[{\"@type\":\"WebPage\",\"@id\":\"https:\/\/cinier-b.com\/pro\/boutique\/soins-du-corps-frictions-de-sante\/huiles-vegetales\/jojoba-huile-vegetale-1ere-pression-a-froid\/\",\"url\":\"https:\/\/cinier-b.com\/pro\/boutique\/soins-du-corps-frictions-de-sante\/huiles-vegetales\/jojoba-huile-vegetale-1ere-pression-a-froid\/\",\"name\":\"JOJOBA -prot\u00e8ge la peau de la d\u00e9shydratation - Cinier-B pour Professionnels\",\"isPartOf\":{\"@id\":\"https:\/\/cinier-b.com\/pro\/#website\"},\"primaryImageOfPage\":{\"@id\":\"https:\/\/cinier-b.com\/pro\/boutique\/soins-du-corps-frictions-de-sante\/huiles-vegetales\/jojoba-huile-vegetale-1ere-pression-a-froid\/#primaryimage\"},\"image\":{\"@id\":\"https:\/\/cinier-b.com\/pro\/boutique\/soins-du-corps-frictions-de-sante\/huiles-vegetales\/jojoba-huile-vegetale-1ere-pression-a-froid\/#primaryimage\"},\"thumbnailUrl\":\"https:\/\/cinier-b.com\/pro\/wp-content\/uploads\/2022\/12\/Visuels-produits-cinier-4.png\",\"datePublished\":\"2022-12-21T07:25:53+00:00\",\"dateModified\":\"2026-04-20T08:27:10+00:00\",\"breadcrumb\":{\"@id\":\"https:\/\/cinier-b.com\/pro\/boutique\/soins-du-corps-frictions-de-sante\/huiles-vegetales\/jojoba-huile-vegetale-1ere-pression-a-froid\/#breadcrumb\"},\"inLanguage\":\"fr-FR\",\"potentialAction\":[{\"@type\":\"ReadAction\",\"target\":[\"https:\/\/cinier-b.com\/pro\/boutique\/soins-du-corps-frictions-de-sante\/huiles-vegetales\/jojoba-huile-vegetale-1ere-pression-a-froid\/\"]}]},{\"@type\":\"ImageObject\",\"inLanguage\":\"fr-FR\",\"@id\":\"https:\/\/cinier-b.com\/pro\/boutique\/soins-du-corps-frictions-de-sante\/huiles-vegetales\/jojoba-huile-vegetale-1ere-pression-a-froid\/#primaryimage\",\"url\":\"https:\/\/cinier-b.com\/pro\/wp-content\/uploads\/2022\/12\/Visuels-produits-cinier-4.png\",\"contentUrl\":\"https:\/\/cinier-b.com\/pro\/wp-content\/uploads\/2022\/12\/Visuels-produits-cinier-4.png\",\"width\":1200,\"height\":1200},{\"@type\":\"BreadcrumbList\",\"@id\":\"https:\/\/cinier-b.com\/pro\/boutique\/soins-du-corps-frictions-de-sante\/huiles-vegetales\/jojoba-huile-vegetale-1ere-pression-a-froid\/#breadcrumb\",\"itemListElement\":[{\"@type\":\"ListItem\",\"position\":1,\"name\":\"Accueil\",\"item\":\"https:\/\/cinier-b.com\/pro\/accueil\/\"},{\"@type\":\"ListItem\",\"position\":2,\"name\":\"Boutique\",\"item\":\"https:\/\/cinier-b.com\/pro\/boutique\/\"},{\"@type\":\"ListItem\",\"position\":3,\"name\":\"JOJOBA -prot\u00e8ge la peau de la d\u00e9shydratation\"}]},{\"@type\":\"WebSite\",\"@id\":\"https:\/\/cinier-b.com\/pro\/#website\",\"url\":\"https:\/\/cinier-b.com\/pro\/\",\"name\":\"Cinier-B pour Professionnels\",\"description\":\"Laboratoires Cinier-B\",\"potentialAction\":[{\"@type\":\"SearchAction\",\"target\":{\"@type\":\"EntryPoint\",\"urlTemplate\":\"https:\/\/cinier-b.com\/pro\/?s={search_term_string}\"},\"query-input\":{\"@type\":\"PropertyValueSpecification\",\"valueRequired\":true,\"valueName\":\"search_term_string\"}}],\"inLanguage\":\"fr-FR\"}]}<\/script>\n<!-- \/ Yoast SEO plugin. -->","yoast_head_json":{"title":"JOJOBA -prot\u00e8ge la peau de la d\u00e9shydratation - Cinier-B pour Professionnels","robots":{"index":"index","follow":"follow","max-snippet":"max-snippet:-1","max-image-preview":"max-image-preview:large","max-video-preview":"max-video-preview:-1"},"canonical":"https:\/\/cinier-b.com\/pro\/boutique\/soins-du-corps-frictions-de-sante\/huiles-vegetales\/jojoba-huile-vegetale-1ere-pression-a-froid\/","og_locale":"fr_FR","og_type":"article","og_title":"JOJOBA -prot\u00e8ge la peau de la d\u00e9shydratation - Cinier-B pour Professionnels","og_description":"R\u00e9\u00e9quilibre la peau et les cheveux  Flacon 125 et 500ml","og_url":"https:\/\/cinier-b.com\/pro\/boutique\/soins-du-corps-frictions-de-sante\/huiles-vegetales\/jojoba-huile-vegetale-1ere-pression-a-froid\/","og_site_name":"Cinier-B pour Professionnels","article_modified_time":"2026-04-20T08:27:10+00:00","og_image":[{"width":1200,"height":1200,"url":"https:\/\/cinier-b.com\/pro\/wp-content\/uploads\/2022\/12\/Visuels-produits-cinier-4.png","type":"image\/png"}],"twitter_card":"summary_large_image","twitter_misc":{"Dur\u00e9e de lecture estim\u00e9e":"1 minute"},"schema":{"@context":"https:\/\/schema.org","@graph":[{"@type":"WebPage","@id":"https:\/\/cinier-b.com\/pro\/boutique\/soins-du-corps-frictions-de-sante\/huiles-vegetales\/jojoba-huile-vegetale-1ere-pression-a-froid\/","url":"https:\/\/cinier-b.com\/pro\/boutique\/soins-du-corps-frictions-de-sante\/huiles-vegetales\/jojoba-huile-vegetale-1ere-pression-a-froid\/","name":"JOJOBA -prot\u00e8ge la peau de la d\u00e9shydratation - Cinier-B pour Professionnels","isPartOf":{"@id":"https:\/\/cinier-b.com\/pro\/#website"},"primaryImageOfPage":{"@id":"https:\/\/cinier-b.com\/pro\/boutique\/soins-du-corps-frictions-de-sante\/huiles-vegetales\/jojoba-huile-vegetale-1ere-pression-a-froid\/#primaryimage"},"image":{"@id":"https:\/\/cinier-b.com\/pro\/boutique\/soins-du-corps-frictions-de-sante\/huiles-vegetales\/jojoba-huile-vegetale-1ere-pression-a-froid\/#primaryimage"},"thumbnailUrl":"https:\/\/cinier-b.com\/pro\/wp-content\/uploads\/2022\/12\/Visuels-produits-cinier-4.png","datePublished":"2022-12-21T07:25:53+00:00","dateModified":"2026-04-20T08:27:10+00:00","breadcrumb":{"@id":"https:\/\/cinier-b.com\/pro\/boutique\/soins-du-corps-frictions-de-sante\/huiles-vegetales\/jojoba-huile-vegetale-1ere-pression-a-froid\/#breadcrumb"},"inLanguage":"fr-FR","potentialAction":[{"@type":"ReadAction","target":["https:\/\/cinier-b.com\/pro\/boutique\/soins-du-corps-frictions-de-sante\/huiles-vegetales\/jojoba-huile-vegetale-1ere-pression-a-froid\/"]}]},{"@type":"ImageObject","inLanguage":"fr-FR","@id":"https:\/\/cinier-b.com\/pro\/boutique\/soins-du-corps-frictions-de-sante\/huiles-vegetales\/jojoba-huile-vegetale-1ere-pression-a-froid\/#primaryimage","url":"https:\/\/cinier-b.com\/pro\/wp-content\/uploads\/2022\/12\/Visuels-produits-cinier-4.png","contentUrl":"https:\/\/cinier-b.com\/pro\/wp-content\/uploads\/2022\/12\/Visuels-produits-cinier-4.png","width":1200,"height":1200},{"@type":"BreadcrumbList","@id":"https:\/\/cinier-b.com\/pro\/boutique\/soins-du-corps-frictions-de-sante\/huiles-vegetales\/jojoba-huile-vegetale-1ere-pression-a-froid\/#breadcrumb","itemListElement":[{"@type":"ListItem","position":1,"name":"Accueil","item":"https:\/\/cinier-b.com\/pro\/accueil\/"},{"@type":"ListItem","position":2,"name":"Boutique","item":"https:\/\/cinier-b.com\/pro\/boutique\/"},{"@type":"ListItem","position":3,"name":"JOJOBA -prot\u00e8ge la peau de la d\u00e9shydratation"}]},{"@type":"WebSite","@id":"https:\/\/cinier-b.com\/pro\/#website","url":"https:\/\/cinier-b.com\/pro\/","name":"Cinier-B pour Professionnels","description":"Laboratoires Cinier-B","potentialAction":[{"@type":"SearchAction","target":{"@type":"EntryPoint","urlTemplate":"https:\/\/cinier-b.com\/pro\/?s={search_term_string}"},"query-input":{"@type":"PropertyValueSpecification","valueRequired":true,"valueName":"search_term_string"}}],"inLanguage":"fr-FR"}]}},"_links":{"self":[{"href":"https:\/\/cinier-b.com\/pro\/wp-json\/wp\/v2\/product\/7580"}],"collection":[{"href":"https:\/\/cinier-b.com\/pro\/wp-json\/wp\/v2\/product"}],"about":[{"href":"https:\/\/cinier-b.com\/pro\/wp-json\/wp\/v2\/types\/product"}],"replies":[{"embeddable":true,"href":"https:\/\/cinier-b.com\/pro\/wp-json\/wp\/v2\/comments?post=7580"}],"wp:featuredmedia":[{"embeddable":true,"href":"https:\/\/cinier-b.com\/pro\/wp-json\/wp\/v2\/media\/10639"}],"wp:attachment":[{"href":"https:\/\/cinier-b.com\/pro\/wp-json\/wp\/v2\/media?parent=7580"}],"wp:term":[{"taxonomy":"product_brand","embeddable":true,"href":"https:\/\/cinier-b.com\/pro\/wp-json\/wp\/v2\/product_brand?post=7580"},{"taxonomy":"product_cat","embeddable":true,"href":"https:\/\/cinier-b.com\/pro\/wp-json\/wp\/v2\/product_cat?post=7580"},{"taxonomy":"product_tag","embeddable":true,"href":"https:\/\/cinier-b.com\/pro\/wp-json\/wp\/v2\/product_tag?post=7580"}],"curies":[{"name":"wp","href":"https:\/\/api.w.org\/{rel}","templated":true}]}}