{"id":7552,"date":"2022-12-19T23:45:05","date_gmt":"2022-12-19T22:45:05","guid":{"rendered":"https:\/\/cinier-b.com\/pro\/?post_type=product&#038;p=7552"},"modified":"2026-03-30T09:45:07","modified_gmt":"2026-03-30T07:45:07","slug":"podorsil3p-b45","status":"publish","type":"product","link":"https:\/\/cinier-b.com\/pro\/boutique\/pedicurie-podologie\/orthoplastie\/podorsil3p-b45\/","title":{"rendered":"PODORSIL\u00ae3P B45 Duret\u00e9 45 Shore"},"content":{"rendered":"<p><em>Le Podorsil B45 \u00e9volue : sa formule reste similaire, avec simplement un nouveau coloris plus proche de la teinte naturelle de la peau et un fini \u00e0 faible r\u00e9sidu lipidique, pour un confort d\u2019utilisation optimis\u00e9 sans modifier vos habitudes de pratique.<\/em><\/p>\n","protected":false},"excerpt":{"rendered":"<blockquote>\n<h5>Finesse &#8211; solidit\u00e9 &#8211; facilit\u00e9\u00a0\u00a0 Le PODORSIL\u00ae 3P signe l&rsquo;excellence en orthoplastie.<\/h5>\n<\/blockquote>\n<p><strong>La partie B45<\/strong> du PODORSIL 3P a une duret\u00e9 de 45 shore, <strong>id\u00e9ale pour les orthoplasties de correction<\/strong>.<\/p>\n","protected":false},"featured_media":7688,"comment_status":"open","ping_status":"closed","template":"","meta":[],"product_brand":[],"product_cat":[96,40,103],"product_tag":[],"class_list":{"0":"post-7552","1":"product","2":"type-product","3":"status-publish","4":"has-post-thumbnail","6":"product_cat-pedicurie-podologie","7":"product_cat-orthoplastie","8":"product_cat-silicones-podologiques","9":"pa_volume-125g","10":"pa_volume-250g","12":"first","13":"instock","14":"taxable","15":"shipping-taxable","16":"purchasable","17":"product-type-variable"},"yoast_head":"<!-- This site is optimized with the Yoast SEO plugin v25.0 - https:\/\/yoast.com\/wordpress\/plugins\/seo\/ -->\n<title>PODORSIL\u00ae3P B45 Duret\u00e9 45 Shore - Cinier-B pour Professionnels<\/title>\n<meta name=\"robots\" content=\"index, follow, max-snippet:-1, max-image-preview:large, max-video-preview:-1\" \/>\n<link rel=\"canonical\" href=\"https:\/\/cinier-b.com\/pro\/boutique\/pedicurie-podologie\/orthoplastie\/podorsil3p-b45\/\" \/>\n<meta property=\"og:locale\" content=\"fr_FR\" \/>\n<meta property=\"og:type\" content=\"article\" \/>\n<meta property=\"og:title\" content=\"PODORSIL\u00ae3P B45 Duret\u00e9 45 Shore - Cinier-B pour Professionnels\" \/>\n<meta property=\"og:description\" content=\"Finesse - solidit\u00e9 - facilit\u00e9\u00a0\u00a0 Le PODORSIL\u00ae 3P signe l&#039;excellence en orthoplastie.  La partie B45 du PODORSIL 3P a une duret\u00e9 de 45 shore, id\u00e9ale pour les orthoplasties de correction.\" \/>\n<meta property=\"og:url\" content=\"https:\/\/cinier-b.com\/pro\/boutique\/pedicurie-podologie\/orthoplastie\/podorsil3p-b45\/\" \/>\n<meta property=\"og:site_name\" content=\"Cinier-B pour Professionnels\" \/>\n<meta property=\"article:modified_time\" content=\"2026-03-30T07:45:07+00:00\" \/>\n<meta property=\"og:image\" content=\"https:\/\/cinier-b.com\/pro\/wp-content\/uploads\/2022\/12\/Sans-titre-8-450x450-removebg-preview.png\" \/>\n\t<meta property=\"og:image:width\" content=\"450\" \/>\n\t<meta property=\"og:image:height\" content=\"450\" \/>\n\t<meta property=\"og:image:type\" content=\"image\/png\" \/>\n<meta name=\"twitter:card\" content=\"summary_large_image\" \/>\n<meta name=\"twitter:label1\" content=\"Dur\u00e9e de lecture estim\u00e9e\" \/>\n\t<meta name=\"twitter:data1\" content=\"1 minute\" \/>\n<script type=\"application\/ld+json\" class=\"yoast-schema-graph\">{\"@context\":\"https:\/\/schema.org\",\"@graph\":[{\"@type\":\"WebPage\",\"@id\":\"https:\/\/cinier-b.com\/pro\/boutique\/pedicurie-podologie\/orthoplastie\/podorsil3p-b45\/\",\"url\":\"https:\/\/cinier-b.com\/pro\/boutique\/pedicurie-podologie\/orthoplastie\/podorsil3p-b45\/\",\"name\":\"PODORSIL\u00ae3P B45 Duret\u00e9 45 Shore - Cinier-B pour Professionnels\",\"isPartOf\":{\"@id\":\"https:\/\/cinier-b.com\/pro\/#website\"},\"primaryImageOfPage\":{\"@id\":\"https:\/\/cinier-b.com\/pro\/boutique\/pedicurie-podologie\/orthoplastie\/podorsil3p-b45\/#primaryimage\"},\"image\":{\"@id\":\"https:\/\/cinier-b.com\/pro\/boutique\/pedicurie-podologie\/orthoplastie\/podorsil3p-b45\/#primaryimage\"},\"thumbnailUrl\":\"https:\/\/cinier-b.com\/pro\/wp-content\/uploads\/2022\/12\/Sans-titre-8-450x450-removebg-preview.png\",\"datePublished\":\"2022-12-19T22:45:05+00:00\",\"dateModified\":\"2026-03-30T07:45:07+00:00\",\"breadcrumb\":{\"@id\":\"https:\/\/cinier-b.com\/pro\/boutique\/pedicurie-podologie\/orthoplastie\/podorsil3p-b45\/#breadcrumb\"},\"inLanguage\":\"fr-FR\",\"potentialAction\":[{\"@type\":\"ReadAction\",\"target\":[\"https:\/\/cinier-b.com\/pro\/boutique\/pedicurie-podologie\/orthoplastie\/podorsil3p-b45\/\"]}]},{\"@type\":\"ImageObject\",\"inLanguage\":\"fr-FR\",\"@id\":\"https:\/\/cinier-b.com\/pro\/boutique\/pedicurie-podologie\/orthoplastie\/podorsil3p-b45\/#primaryimage\",\"url\":\"https:\/\/cinier-b.com\/pro\/wp-content\/uploads\/2022\/12\/Sans-titre-8-450x450-removebg-preview.png\",\"contentUrl\":\"https:\/\/cinier-b.com\/pro\/wp-content\/uploads\/2022\/12\/Sans-titre-8-450x450-removebg-preview.png\",\"width\":450,\"height\":450},{\"@type\":\"BreadcrumbList\",\"@id\":\"https:\/\/cinier-b.com\/pro\/boutique\/pedicurie-podologie\/orthoplastie\/podorsil3p-b45\/#breadcrumb\",\"itemListElement\":[{\"@type\":\"ListItem\",\"position\":1,\"name\":\"Accueil\",\"item\":\"https:\/\/cinier-b.com\/pro\/accueil\/\"},{\"@type\":\"ListItem\",\"position\":2,\"name\":\"Boutique\",\"item\":\"https:\/\/cinier-b.com\/pro\/boutique\/\"},{\"@type\":\"ListItem\",\"position\":3,\"name\":\"PODORSIL\u00ae3P B45 Duret\u00e9 45 Shore\"}]},{\"@type\":\"WebSite\",\"@id\":\"https:\/\/cinier-b.com\/pro\/#website\",\"url\":\"https:\/\/cinier-b.com\/pro\/\",\"name\":\"Cinier-B pour Professionnels\",\"description\":\"Laboratoires Cinier-B\",\"potentialAction\":[{\"@type\":\"SearchAction\",\"target\":{\"@type\":\"EntryPoint\",\"urlTemplate\":\"https:\/\/cinier-b.com\/pro\/?s={search_term_string}\"},\"query-input\":{\"@type\":\"PropertyValueSpecification\",\"valueRequired\":true,\"valueName\":\"search_term_string\"}}],\"inLanguage\":\"fr-FR\"}]}<\/script>\n<!-- \/ Yoast SEO plugin. -->","yoast_head_json":{"title":"PODORSIL\u00ae3P B45 Duret\u00e9 45 Shore - Cinier-B pour Professionnels","robots":{"index":"index","follow":"follow","max-snippet":"max-snippet:-1","max-image-preview":"max-image-preview:large","max-video-preview":"max-video-preview:-1"},"canonical":"https:\/\/cinier-b.com\/pro\/boutique\/pedicurie-podologie\/orthoplastie\/podorsil3p-b45\/","og_locale":"fr_FR","og_type":"article","og_title":"PODORSIL\u00ae3P B45 Duret\u00e9 45 Shore - Cinier-B pour Professionnels","og_description":"Finesse - solidit\u00e9 - facilit\u00e9\u00a0\u00a0 Le PODORSIL\u00ae 3P signe l'excellence en orthoplastie.  La partie B45 du PODORSIL 3P a une duret\u00e9 de 45 shore, id\u00e9ale pour les orthoplasties de correction.","og_url":"https:\/\/cinier-b.com\/pro\/boutique\/pedicurie-podologie\/orthoplastie\/podorsil3p-b45\/","og_site_name":"Cinier-B pour Professionnels","article_modified_time":"2026-03-30T07:45:07+00:00","og_image":[{"width":450,"height":450,"url":"https:\/\/cinier-b.com\/pro\/wp-content\/uploads\/2022\/12\/Sans-titre-8-450x450-removebg-preview.png","type":"image\/png"}],"twitter_card":"summary_large_image","twitter_misc":{"Dur\u00e9e de lecture estim\u00e9e":"1 minute"},"schema":{"@context":"https:\/\/schema.org","@graph":[{"@type":"WebPage","@id":"https:\/\/cinier-b.com\/pro\/boutique\/pedicurie-podologie\/orthoplastie\/podorsil3p-b45\/","url":"https:\/\/cinier-b.com\/pro\/boutique\/pedicurie-podologie\/orthoplastie\/podorsil3p-b45\/","name":"PODORSIL\u00ae3P B45 Duret\u00e9 45 Shore - Cinier-B pour Professionnels","isPartOf":{"@id":"https:\/\/cinier-b.com\/pro\/#website"},"primaryImageOfPage":{"@id":"https:\/\/cinier-b.com\/pro\/boutique\/pedicurie-podologie\/orthoplastie\/podorsil3p-b45\/#primaryimage"},"image":{"@id":"https:\/\/cinier-b.com\/pro\/boutique\/pedicurie-podologie\/orthoplastie\/podorsil3p-b45\/#primaryimage"},"thumbnailUrl":"https:\/\/cinier-b.com\/pro\/wp-content\/uploads\/2022\/12\/Sans-titre-8-450x450-removebg-preview.png","datePublished":"2022-12-19T22:45:05+00:00","dateModified":"2026-03-30T07:45:07+00:00","breadcrumb":{"@id":"https:\/\/cinier-b.com\/pro\/boutique\/pedicurie-podologie\/orthoplastie\/podorsil3p-b45\/#breadcrumb"},"inLanguage":"fr-FR","potentialAction":[{"@type":"ReadAction","target":["https:\/\/cinier-b.com\/pro\/boutique\/pedicurie-podologie\/orthoplastie\/podorsil3p-b45\/"]}]},{"@type":"ImageObject","inLanguage":"fr-FR","@id":"https:\/\/cinier-b.com\/pro\/boutique\/pedicurie-podologie\/orthoplastie\/podorsil3p-b45\/#primaryimage","url":"https:\/\/cinier-b.com\/pro\/wp-content\/uploads\/2022\/12\/Sans-titre-8-450x450-removebg-preview.png","contentUrl":"https:\/\/cinier-b.com\/pro\/wp-content\/uploads\/2022\/12\/Sans-titre-8-450x450-removebg-preview.png","width":450,"height":450},{"@type":"BreadcrumbList","@id":"https:\/\/cinier-b.com\/pro\/boutique\/pedicurie-podologie\/orthoplastie\/podorsil3p-b45\/#breadcrumb","itemListElement":[{"@type":"ListItem","position":1,"name":"Accueil","item":"https:\/\/cinier-b.com\/pro\/accueil\/"},{"@type":"ListItem","position":2,"name":"Boutique","item":"https:\/\/cinier-b.com\/pro\/boutique\/"},{"@type":"ListItem","position":3,"name":"PODORSIL\u00ae3P B45 Duret\u00e9 45 Shore"}]},{"@type":"WebSite","@id":"https:\/\/cinier-b.com\/pro\/#website","url":"https:\/\/cinier-b.com\/pro\/","name":"Cinier-B pour Professionnels","description":"Laboratoires Cinier-B","potentialAction":[{"@type":"SearchAction","target":{"@type":"EntryPoint","urlTemplate":"https:\/\/cinier-b.com\/pro\/?s={search_term_string}"},"query-input":{"@type":"PropertyValueSpecification","valueRequired":true,"valueName":"search_term_string"}}],"inLanguage":"fr-FR"}]}},"_links":{"self":[{"href":"https:\/\/cinier-b.com\/pro\/wp-json\/wp\/v2\/product\/7552"}],"collection":[{"href":"https:\/\/cinier-b.com\/pro\/wp-json\/wp\/v2\/product"}],"about":[{"href":"https:\/\/cinier-b.com\/pro\/wp-json\/wp\/v2\/types\/product"}],"replies":[{"embeddable":true,"href":"https:\/\/cinier-b.com\/pro\/wp-json\/wp\/v2\/comments?post=7552"}],"wp:featuredmedia":[{"embeddable":true,"href":"https:\/\/cinier-b.com\/pro\/wp-json\/wp\/v2\/media\/7688"}],"wp:attachment":[{"href":"https:\/\/cinier-b.com\/pro\/wp-json\/wp\/v2\/media?parent=7552"}],"wp:term":[{"taxonomy":"product_brand","embeddable":true,"href":"https:\/\/cinier-b.com\/pro\/wp-json\/wp\/v2\/product_brand?post=7552"},{"taxonomy":"product_cat","embeddable":true,"href":"https:\/\/cinier-b.com\/pro\/wp-json\/wp\/v2\/product_cat?post=7552"},{"taxonomy":"product_tag","embeddable":true,"href":"https:\/\/cinier-b.com\/pro\/wp-json\/wp\/v2\/product_tag?post=7552"}],"curies":[{"name":"wp","href":"https:\/\/api.w.org\/{rel}","templated":true}]}}