{"id":7425,"date":"2022-11-30T15:47:53","date_gmt":"2022-11-30T14:47:53","guid":{"rendered":"https:\/\/cinier-b.com\/pro\/?post_type=product&#038;p=7425"},"modified":"2025-02-20T09:35:11","modified_gmt":"2025-02-20T08:35:11","slug":"diffuseur-dhuiles-essentielles-nebuzen-avec-sa-housse","status":"publish","type":"product","link":"https:\/\/cinier-b.com\/pro\/boutique\/huiles-essentielles-aromatherapie\/diffuseurs-huiles-essentielles\/diffuseur-dhuiles-essentielles-nebuzen-avec-sa-housse\/","title":{"rendered":"Nouveaut\u00e9 : Diffuseur d&rsquo;Huiles Essentielles NEBUZEN 2.0"},"content":{"rendered":"<div align=\"justify\">Toujours aussi efficace avec jusqu&rsquo;\u00e0 16 modes de diffusion diff\u00e9rents, il couvre des surfaces allant jusqu&rsquo;\u00e0 80 m\u00b2 ! Une v\u00e9ritable diffusion personnalisable \u00e0 souhait.<br \/>\nIl s&rsquo;agit d&rsquo;un diffuseur nomade sans fil avec une autonomie allant jusqu\u2019\u00e0 30 heures pour seulement 4 heures de charge. Un vrai produit \u00e9cologique et \u00e9conomique.Bas\u00e9 sur le principe de la micro-n\u00e9bulisation \u00e0 froid, il int\u00e8gre directement le flacon d&rsquo;huile essentielle (de 5 ml \u00e0 20 ml), ce qui \u00e9vite les manipulations de remplissage et de nettoyage.Le panneau de contr\u00f4le offre de multiples combinaisons de fonctionnement :<br \/>\n&#8211; Bouton ON\/OFF permet de d\u00e9finir la dur\u00e9e de l&rsquo;arr\u00eat automatique de diffusion parmi 2h, 4h, 8h ou 1h.<br \/>\n&#8211; Bouton Timer permet de d\u00e9finir la dur\u00e9e des temps de diffusion et de pause :<br \/>\n&#8211; dur\u00e9e de diffusion 30 secondes, dur\u00e9e de pause 120 secondes.<br \/>\n&#8211; dur\u00e9e de diffusion 60 secondes, dur\u00e9e de pause 90 secondes.<br \/>\n&#8211; dur\u00e9e de diffusion 120 secondes, dur\u00e9e de pause 60 secondes.<br \/>\n&#8211; dur\u00e9e de diffusion 15 secondes, dur\u00e9e de pause 180 secondes.\u00c0 noter que la taille du N\u00e9buzen 2.0 est \u00e9tudi\u00e9e pour s&rsquo;adapter parfaitement au porte-gobelet des v\u00e9hicules, vous accompagnant ainsi dans tous vos trajets et vous permettant de profiter des bienfaits des huiles essentielles en toutes occasions.<\/p>\n<\/div>\n","protected":false},"excerpt":{"rendered":"<p>La version am\u00e9lior\u00e9e du N\u00e9buzen, le\u00a0<strong>N\u00e9buzen 2.0<\/strong>, est enfin disponible, d\u00e9sormais accompagn\u00e9 d&rsquo;un\u00a0<strong>adaptateur USB<\/strong>\u00a0inclus. Ce mod\u00e8le innovant remplace les boutons traditionnels par un\u00a0<strong>\u00e9cran LCD<\/strong>\u00a0et des\u00a0<strong>touches tactiles<\/strong>, offrant ainsi une utilisation plus r\u00e9sistante aux huiles essentielles.<\/p>\n<p><strong>Le N\u00e9buzen 2.0 reste tout aussi performant, avec jusqu&rsquo;\u00e0<\/strong>\u00a016 modes de diffusion diff\u00e9rents, couvrant des surfaces allant jusqu&rsquo;\u00e0\u00a0<strong>80 m\u00b2<\/strong>. Il permet une diffusion personnalisable selon vos pr\u00e9f\u00e9rences.<\/p>\n<p>Ce diffuseur nomade\u00a0<strong>sans fil<\/strong>\u00a0offre une autonomie impressionnante de jusqu&rsquo;\u00e0\u00a0<b>\u00a0<\/b>s pour seulement 4 heures de charge. \u00c9cologique et \u00e9conomique, le N\u00e9buzen 2.0 est le choix id\u00e9al pour ceux qui cherchent \u00e0 allier praticit\u00e9, durabilit\u00e9 et efficacit\u00e9.<\/p>\n<p>&#8211;<strong> Housse de transport rigide, fonctionnel et esth\u00e9tique.<\/strong><\/p>\n<p>&nbsp;<\/p>\n<p>&nbsp;<\/p>\n","protected":false},"featured_media":9841,"comment_status":"open","ping_status":"closed","template":"","meta":[],"product_brand":[],"product_cat":[137,134,133,37],"product_tag":[],"class_list":{"0":"post-7425","1":"product","2":"type-product","3":"status-publish","4":"has-post-thumbnail","6":"product_cat-diffuseurs-dhuiles-essentielles","7":"product_cat-nos-diffuseurs","8":"product_cat-nouveautes-diffuseurs-huiles-essentielles","9":"product_cat-diffuseurs-huiles-essentielles","11":"first","12":"instock","13":"taxable","14":"shipping-taxable","15":"purchasable","16":"product-type-simple"},"yoast_head":"<!-- This site is optimized with the Yoast SEO plugin v25.0 - https:\/\/yoast.com\/wordpress\/plugins\/seo\/ -->\n<title>Nouveaut\u00e9 : Diffuseur d&#039;Huiles Essentielles NEBUZEN 2.0 - Cinier-B pour Professionnels<\/title>\n<meta name=\"robots\" content=\"index, follow, max-snippet:-1, max-image-preview:large, max-video-preview:-1\" \/>\n<link rel=\"canonical\" href=\"https:\/\/cinier-b.com\/pro\/boutique\/huiles-essentielles-aromatherapie\/diffuseurs-huiles-essentielles\/diffuseur-dhuiles-essentielles-nebuzen-avec-sa-housse\/\" \/>\n<meta property=\"og:locale\" content=\"fr_FR\" \/>\n<meta property=\"og:type\" content=\"article\" \/>\n<meta property=\"og:title\" content=\"Nouveaut\u00e9 : Diffuseur d&#039;Huiles Essentielles NEBUZEN 2.0 - Cinier-B pour Professionnels\" \/>\n<meta property=\"og:description\" content=\"La version am\u00e9lior\u00e9e du N\u00e9buzen, le\u00a0N\u00e9buzen 2.0, est enfin disponible, d\u00e9sormais accompagn\u00e9 d&#039;un\u00a0adaptateur USB\u00a0inclus. Ce mod\u00e8le innovant remplace les boutons traditionnels par un\u00a0\u00e9cran LCD\u00a0et des\u00a0touches tactiles, offrant ainsi une utilisation plus r\u00e9sistante aux huiles essentielles.  Le N\u00e9buzen 2.0 reste tout aussi performant, avec jusqu&#039;\u00e0\u00a016 modes de diffusion diff\u00e9rents, couvrant des surfaces allant jusqu&#039;\u00e0\u00a080 m\u00b2. Il permet une diffusion personnalisable selon vos pr\u00e9f\u00e9rences.  Ce diffuseur nomade\u00a0sans fil\u00a0offre une autonomie impressionnante de jusqu&#039;\u00e0\u00a0\u00a0s pour seulement 4 heures de charge. \u00c9cologique et \u00e9conomique, le N\u00e9buzen 2.0 est le choix id\u00e9al pour ceux qui cherchent \u00e0 allier praticit\u00e9, durabilit\u00e9 et efficacit\u00e9.  - Housse de transport rigide, fonctionnel et esth\u00e9tique.  &nbsp;  &nbsp;\" \/>\n<meta property=\"og:url\" content=\"https:\/\/cinier-b.com\/pro\/boutique\/huiles-essentielles-aromatherapie\/diffuseurs-huiles-essentielles\/diffuseur-dhuiles-essentielles-nebuzen-avec-sa-housse\/\" \/>\n<meta property=\"og:site_name\" content=\"Cinier-B pour Professionnels\" \/>\n<meta property=\"article:modified_time\" content=\"2025-02-20T08:35:11+00:00\" \/>\n<meta property=\"og:image\" content=\"https:\/\/cinier-b.com\/pro\/wp-content\/uploads\/2022\/11\/DeOWzGnw.jpeg\" \/>\n\t<meta property=\"og:image:width\" content=\"1600\" \/>\n\t<meta property=\"og:image:height\" content=\"1600\" \/>\n\t<meta property=\"og:image:type\" content=\"image\/jpeg\" \/>\n<meta name=\"twitter:card\" content=\"summary_large_image\" \/>\n<script type=\"application\/ld+json\" class=\"yoast-schema-graph\">{\"@context\":\"https:\/\/schema.org\",\"@graph\":[{\"@type\":\"WebPage\",\"@id\":\"https:\/\/cinier-b.com\/pro\/boutique\/huiles-essentielles-aromatherapie\/diffuseurs-huiles-essentielles\/diffuseur-dhuiles-essentielles-nebuzen-avec-sa-housse\/\",\"url\":\"https:\/\/cinier-b.com\/pro\/boutique\/huiles-essentielles-aromatherapie\/diffuseurs-huiles-essentielles\/diffuseur-dhuiles-essentielles-nebuzen-avec-sa-housse\/\",\"name\":\"Nouveaut\u00e9 : Diffuseur d'Huiles Essentielles NEBUZEN 2.0 - Cinier-B pour Professionnels\",\"isPartOf\":{\"@id\":\"https:\/\/cinier-b.com\/pro\/#website\"},\"primaryImageOfPage\":{\"@id\":\"https:\/\/cinier-b.com\/pro\/boutique\/huiles-essentielles-aromatherapie\/diffuseurs-huiles-essentielles\/diffuseur-dhuiles-essentielles-nebuzen-avec-sa-housse\/#primaryimage\"},\"image\":{\"@id\":\"https:\/\/cinier-b.com\/pro\/boutique\/huiles-essentielles-aromatherapie\/diffuseurs-huiles-essentielles\/diffuseur-dhuiles-essentielles-nebuzen-avec-sa-housse\/#primaryimage\"},\"thumbnailUrl\":\"https:\/\/cinier-b.com\/pro\/wp-content\/uploads\/2022\/11\/DeOWzGnw.jpeg\",\"datePublished\":\"2022-11-30T14:47:53+00:00\",\"dateModified\":\"2025-02-20T08:35:11+00:00\",\"breadcrumb\":{\"@id\":\"https:\/\/cinier-b.com\/pro\/boutique\/huiles-essentielles-aromatherapie\/diffuseurs-huiles-essentielles\/diffuseur-dhuiles-essentielles-nebuzen-avec-sa-housse\/#breadcrumb\"},\"inLanguage\":\"fr-FR\",\"potentialAction\":[{\"@type\":\"ReadAction\",\"target\":[\"https:\/\/cinier-b.com\/pro\/boutique\/huiles-essentielles-aromatherapie\/diffuseurs-huiles-essentielles\/diffuseur-dhuiles-essentielles-nebuzen-avec-sa-housse\/\"]}]},{\"@type\":\"ImageObject\",\"inLanguage\":\"fr-FR\",\"@id\":\"https:\/\/cinier-b.com\/pro\/boutique\/huiles-essentielles-aromatherapie\/diffuseurs-huiles-essentielles\/diffuseur-dhuiles-essentielles-nebuzen-avec-sa-housse\/#primaryimage\",\"url\":\"https:\/\/cinier-b.com\/pro\/wp-content\/uploads\/2022\/11\/DeOWzGnw.jpeg\",\"contentUrl\":\"https:\/\/cinier-b.com\/pro\/wp-content\/uploads\/2022\/11\/DeOWzGnw.jpeg\",\"width\":1600,\"height\":1600},{\"@type\":\"BreadcrumbList\",\"@id\":\"https:\/\/cinier-b.com\/pro\/boutique\/huiles-essentielles-aromatherapie\/diffuseurs-huiles-essentielles\/diffuseur-dhuiles-essentielles-nebuzen-avec-sa-housse\/#breadcrumb\",\"itemListElement\":[{\"@type\":\"ListItem\",\"position\":1,\"name\":\"Accueil\",\"item\":\"https:\/\/cinier-b.com\/pro\/accueil\/\"},{\"@type\":\"ListItem\",\"position\":2,\"name\":\"Boutique\",\"item\":\"https:\/\/cinier-b.com\/pro\/boutique\/\"},{\"@type\":\"ListItem\",\"position\":3,\"name\":\"Nouveaut\u00e9 : Diffuseur d&rsquo;Huiles Essentielles NEBUZEN 2.0\"}]},{\"@type\":\"WebSite\",\"@id\":\"https:\/\/cinier-b.com\/pro\/#website\",\"url\":\"https:\/\/cinier-b.com\/pro\/\",\"name\":\"Cinier-B pour Professionnels\",\"description\":\"Laboratoires Cinier-B\",\"potentialAction\":[{\"@type\":\"SearchAction\",\"target\":{\"@type\":\"EntryPoint\",\"urlTemplate\":\"https:\/\/cinier-b.com\/pro\/?s={search_term_string}\"},\"query-input\":{\"@type\":\"PropertyValueSpecification\",\"valueRequired\":true,\"valueName\":\"search_term_string\"}}],\"inLanguage\":\"fr-FR\"}]}<\/script>\n<!-- \/ Yoast SEO plugin. -->","yoast_head_json":{"title":"Nouveaut\u00e9 : Diffuseur d'Huiles Essentielles NEBUZEN 2.0 - Cinier-B pour Professionnels","robots":{"index":"index","follow":"follow","max-snippet":"max-snippet:-1","max-image-preview":"max-image-preview:large","max-video-preview":"max-video-preview:-1"},"canonical":"https:\/\/cinier-b.com\/pro\/boutique\/huiles-essentielles-aromatherapie\/diffuseurs-huiles-essentielles\/diffuseur-dhuiles-essentielles-nebuzen-avec-sa-housse\/","og_locale":"fr_FR","og_type":"article","og_title":"Nouveaut\u00e9 : Diffuseur d'Huiles Essentielles NEBUZEN 2.0 - Cinier-B pour Professionnels","og_description":"La version am\u00e9lior\u00e9e du N\u00e9buzen, le\u00a0N\u00e9buzen 2.0, est enfin disponible, d\u00e9sormais accompagn\u00e9 d'un\u00a0adaptateur USB\u00a0inclus. Ce mod\u00e8le innovant remplace les boutons traditionnels par un\u00a0\u00e9cran LCD\u00a0et des\u00a0touches tactiles, offrant ainsi une utilisation plus r\u00e9sistante aux huiles essentielles.  Le N\u00e9buzen 2.0 reste tout aussi performant, avec jusqu'\u00e0\u00a016 modes de diffusion diff\u00e9rents, couvrant des surfaces allant jusqu'\u00e0\u00a080 m\u00b2. Il permet une diffusion personnalisable selon vos pr\u00e9f\u00e9rences.  Ce diffuseur nomade\u00a0sans fil\u00a0offre une autonomie impressionnante de jusqu'\u00e0\u00a0\u00a0s pour seulement 4 heures de charge. \u00c9cologique et \u00e9conomique, le N\u00e9buzen 2.0 est le choix id\u00e9al pour ceux qui cherchent \u00e0 allier praticit\u00e9, durabilit\u00e9 et efficacit\u00e9.  - Housse de transport rigide, fonctionnel et esth\u00e9tique.  &nbsp;  &nbsp;","og_url":"https:\/\/cinier-b.com\/pro\/boutique\/huiles-essentielles-aromatherapie\/diffuseurs-huiles-essentielles\/diffuseur-dhuiles-essentielles-nebuzen-avec-sa-housse\/","og_site_name":"Cinier-B pour Professionnels","article_modified_time":"2025-02-20T08:35:11+00:00","og_image":[{"width":1600,"height":1600,"url":"https:\/\/cinier-b.com\/pro\/wp-content\/uploads\/2022\/11\/DeOWzGnw.jpeg","type":"image\/jpeg"}],"twitter_card":"summary_large_image","schema":{"@context":"https:\/\/schema.org","@graph":[{"@type":"WebPage","@id":"https:\/\/cinier-b.com\/pro\/boutique\/huiles-essentielles-aromatherapie\/diffuseurs-huiles-essentielles\/diffuseur-dhuiles-essentielles-nebuzen-avec-sa-housse\/","url":"https:\/\/cinier-b.com\/pro\/boutique\/huiles-essentielles-aromatherapie\/diffuseurs-huiles-essentielles\/diffuseur-dhuiles-essentielles-nebuzen-avec-sa-housse\/","name":"Nouveaut\u00e9 : Diffuseur d'Huiles Essentielles NEBUZEN 2.0 - Cinier-B pour Professionnels","isPartOf":{"@id":"https:\/\/cinier-b.com\/pro\/#website"},"primaryImageOfPage":{"@id":"https:\/\/cinier-b.com\/pro\/boutique\/huiles-essentielles-aromatherapie\/diffuseurs-huiles-essentielles\/diffuseur-dhuiles-essentielles-nebuzen-avec-sa-housse\/#primaryimage"},"image":{"@id":"https:\/\/cinier-b.com\/pro\/boutique\/huiles-essentielles-aromatherapie\/diffuseurs-huiles-essentielles\/diffuseur-dhuiles-essentielles-nebuzen-avec-sa-housse\/#primaryimage"},"thumbnailUrl":"https:\/\/cinier-b.com\/pro\/wp-content\/uploads\/2022\/11\/DeOWzGnw.jpeg","datePublished":"2022-11-30T14:47:53+00:00","dateModified":"2025-02-20T08:35:11+00:00","breadcrumb":{"@id":"https:\/\/cinier-b.com\/pro\/boutique\/huiles-essentielles-aromatherapie\/diffuseurs-huiles-essentielles\/diffuseur-dhuiles-essentielles-nebuzen-avec-sa-housse\/#breadcrumb"},"inLanguage":"fr-FR","potentialAction":[{"@type":"ReadAction","target":["https:\/\/cinier-b.com\/pro\/boutique\/huiles-essentielles-aromatherapie\/diffuseurs-huiles-essentielles\/diffuseur-dhuiles-essentielles-nebuzen-avec-sa-housse\/"]}]},{"@type":"ImageObject","inLanguage":"fr-FR","@id":"https:\/\/cinier-b.com\/pro\/boutique\/huiles-essentielles-aromatherapie\/diffuseurs-huiles-essentielles\/diffuseur-dhuiles-essentielles-nebuzen-avec-sa-housse\/#primaryimage","url":"https:\/\/cinier-b.com\/pro\/wp-content\/uploads\/2022\/11\/DeOWzGnw.jpeg","contentUrl":"https:\/\/cinier-b.com\/pro\/wp-content\/uploads\/2022\/11\/DeOWzGnw.jpeg","width":1600,"height":1600},{"@type":"BreadcrumbList","@id":"https:\/\/cinier-b.com\/pro\/boutique\/huiles-essentielles-aromatherapie\/diffuseurs-huiles-essentielles\/diffuseur-dhuiles-essentielles-nebuzen-avec-sa-housse\/#breadcrumb","itemListElement":[{"@type":"ListItem","position":1,"name":"Accueil","item":"https:\/\/cinier-b.com\/pro\/accueil\/"},{"@type":"ListItem","position":2,"name":"Boutique","item":"https:\/\/cinier-b.com\/pro\/boutique\/"},{"@type":"ListItem","position":3,"name":"Nouveaut\u00e9 : Diffuseur d&rsquo;Huiles Essentielles NEBUZEN 2.0"}]},{"@type":"WebSite","@id":"https:\/\/cinier-b.com\/pro\/#website","url":"https:\/\/cinier-b.com\/pro\/","name":"Cinier-B pour Professionnels","description":"Laboratoires Cinier-B","potentialAction":[{"@type":"SearchAction","target":{"@type":"EntryPoint","urlTemplate":"https:\/\/cinier-b.com\/pro\/?s={search_term_string}"},"query-input":{"@type":"PropertyValueSpecification","valueRequired":true,"valueName":"search_term_string"}}],"inLanguage":"fr-FR"}]}},"_links":{"self":[{"href":"https:\/\/cinier-b.com\/pro\/wp-json\/wp\/v2\/product\/7425"}],"collection":[{"href":"https:\/\/cinier-b.com\/pro\/wp-json\/wp\/v2\/product"}],"about":[{"href":"https:\/\/cinier-b.com\/pro\/wp-json\/wp\/v2\/types\/product"}],"replies":[{"embeddable":true,"href":"https:\/\/cinier-b.com\/pro\/wp-json\/wp\/v2\/comments?post=7425"}],"wp:featuredmedia":[{"embeddable":true,"href":"https:\/\/cinier-b.com\/pro\/wp-json\/wp\/v2\/media\/9841"}],"wp:attachment":[{"href":"https:\/\/cinier-b.com\/pro\/wp-json\/wp\/v2\/media?parent=7425"}],"wp:term":[{"taxonomy":"product_brand","embeddable":true,"href":"https:\/\/cinier-b.com\/pro\/wp-json\/wp\/v2\/product_brand?post=7425"},{"taxonomy":"product_cat","embeddable":true,"href":"https:\/\/cinier-b.com\/pro\/wp-json\/wp\/v2\/product_cat?post=7425"},{"taxonomy":"product_tag","embeddable":true,"href":"https:\/\/cinier-b.com\/pro\/wp-json\/wp\/v2\/product_tag?post=7425"}],"curies":[{"name":"wp","href":"https:\/\/api.w.org\/{rel}","templated":true}]}}