{"id":7064,"date":"2022-09-28T19:41:40","date_gmt":"2022-09-28T17:41:40","guid":{"rendered":"https:\/\/cinier-b.com\/pro\/?post_type=product&#038;p=7064"},"modified":"2024-11-27T10:15:19","modified_gmt":"2024-11-27T09:15:19","slug":"solubol-emulsionnant-naturel","status":"publish","type":"product","link":"https:\/\/cinier-b.com\/pro\/boutique\/huiles-essentielles-aromatherapie\/aromatherapie\/emulsionnant-naturel-pour-he\/solubol-emulsionnant-naturel\/","title":{"rendered":"SOLUBOL Emulsionnant buvable"},"content":{"rendered":"<p>Le SOLUBOL d\u2019origine v\u00e9g\u00e9tale sans alcool, est le support ou l&rsquo; \u00e9mulsionnant id\u00e9al pour la prise en usage interne d&rsquo; huiles essentielles.<\/p>\n<ul>\n<li>Il permet une meilleure tol\u00e9rance digestive et une meilleure assimilation. Sans conservateur, il est prot\u00e9g\u00e9 des prolif\u00e9rations bact\u00e9riennes par sa faible activit\u00e9 en eau. Il est donc \u00e0 consommer rapidement apr\u00e8s dilution avec de l\u2019eau.<\/li>\n<li>Parfait \u00e9galement pour une utilisation des huiles essentielles dans un bain.<\/li>\n<\/ul>\n","protected":false},"excerpt":{"rendered":"<p>Le SOLUBOL d\u2019origine v\u00e9g\u00e9tale sans alcool, est le support ou l&rsquo; \u00e9mulsionnant id\u00e9al pour la prise en usage interne d&rsquo; huiles essentielles. Il permet une meilleure tol\u00e9rance digestive et une meilleure assimilation. Sans conservateur, il est prot\u00e9g\u00e9 des prolif\u00e9rations bact\u00e9riennes par sa faible activit\u00e9 en eau. Il est donc \u00e0 consommer rapidement apr\u00e8s dilution avec [&hellip;]<\/p>\n","protected":false},"featured_media":3866,"comment_status":"open","ping_status":"closed","template":"","meta":[],"product_brand":[],"product_cat":[44],"product_tag":[],"class_list":{"0":"post-7064","1":"product","2":"type-product","3":"status-publish","4":"has-post-thumbnail","6":"product_cat-emulsionnant-naturel-pour-he","7":"pa_volume-100ml","8":"pa_volume-50ml","10":"first","11":"instock","12":"taxable","13":"shipping-taxable","14":"purchasable","15":"product-type-variable"},"yoast_head":"<!-- This site is optimized with the Yoast SEO plugin v25.0 - https:\/\/yoast.com\/wordpress\/plugins\/seo\/ -->\n<title>SOLUBOL Emulsionnant buvable - Cinier-B pour Professionnels<\/title>\n<meta name=\"robots\" content=\"index, follow, max-snippet:-1, max-image-preview:large, max-video-preview:-1\" \/>\n<link rel=\"canonical\" href=\"https:\/\/cinier-b.com\/pro\/boutique\/huiles-essentielles-aromatherapie\/aromatherapie\/emulsionnant-naturel-pour-he\/solubol-emulsionnant-naturel\/\" \/>\n<meta property=\"og:locale\" content=\"fr_FR\" \/>\n<meta property=\"og:type\" content=\"article\" \/>\n<meta property=\"og:title\" content=\"SOLUBOL Emulsionnant buvable - Cinier-B pour Professionnels\" \/>\n<meta property=\"og:description\" content=\"Le SOLUBOL d\u2019origine v\u00e9g\u00e9tale sans alcool, est le support ou l&rsquo; \u00e9mulsionnant id\u00e9al pour la prise en usage interne d&rsquo; huiles essentielles. Il permet une meilleure tol\u00e9rance digestive et une meilleure assimilation. Sans conservateur, il est prot\u00e9g\u00e9 des prolif\u00e9rations bact\u00e9riennes par sa faible activit\u00e9 en eau. Il est donc \u00e0 consommer rapidement apr\u00e8s dilution avec [&hellip;]\" \/>\n<meta property=\"og:url\" content=\"https:\/\/cinier-b.com\/pro\/boutique\/huiles-essentielles-aromatherapie\/aromatherapie\/emulsionnant-naturel-pour-he\/solubol-emulsionnant-naturel\/\" \/>\n<meta property=\"og:site_name\" content=\"Cinier-B pour Professionnels\" \/>\n<meta property=\"article:modified_time\" content=\"2024-11-27T09:15:19+00:00\" \/>\n<meta property=\"og:image\" content=\"https:\/\/cinier-b.com\/pro\/wp-content\/uploads\/2021\/02\/Sans-titre-2021-03-01T095927.836.png\" \/>\n\t<meta property=\"og:image:width\" content=\"300\" \/>\n\t<meta property=\"og:image:height\" content=\"300\" \/>\n\t<meta property=\"og:image:type\" content=\"image\/png\" \/>\n<meta name=\"twitter:card\" content=\"summary_large_image\" \/>\n<meta name=\"twitter:label1\" content=\"Dur\u00e9e de lecture estim\u00e9e\" \/>\n\t<meta name=\"twitter:data1\" content=\"1 minute\" \/>\n<script type=\"application\/ld+json\" class=\"yoast-schema-graph\">{\"@context\":\"https:\/\/schema.org\",\"@graph\":[{\"@type\":\"WebPage\",\"@id\":\"https:\/\/cinier-b.com\/pro\/boutique\/huiles-essentielles-aromatherapie\/aromatherapie\/emulsionnant-naturel-pour-he\/solubol-emulsionnant-naturel\/\",\"url\":\"https:\/\/cinier-b.com\/pro\/boutique\/huiles-essentielles-aromatherapie\/aromatherapie\/emulsionnant-naturel-pour-he\/solubol-emulsionnant-naturel\/\",\"name\":\"SOLUBOL Emulsionnant buvable - Cinier-B pour Professionnels\",\"isPartOf\":{\"@id\":\"https:\/\/cinier-b.com\/pro\/#website\"},\"primaryImageOfPage\":{\"@id\":\"https:\/\/cinier-b.com\/pro\/boutique\/huiles-essentielles-aromatherapie\/aromatherapie\/emulsionnant-naturel-pour-he\/solubol-emulsionnant-naturel\/#primaryimage\"},\"image\":{\"@id\":\"https:\/\/cinier-b.com\/pro\/boutique\/huiles-essentielles-aromatherapie\/aromatherapie\/emulsionnant-naturel-pour-he\/solubol-emulsionnant-naturel\/#primaryimage\"},\"thumbnailUrl\":\"https:\/\/cinier-b.com\/pro\/wp-content\/uploads\/2021\/02\/Sans-titre-2021-03-01T095927.836.png\",\"datePublished\":\"2022-09-28T17:41:40+00:00\",\"dateModified\":\"2024-11-27T09:15:19+00:00\",\"breadcrumb\":{\"@id\":\"https:\/\/cinier-b.com\/pro\/boutique\/huiles-essentielles-aromatherapie\/aromatherapie\/emulsionnant-naturel-pour-he\/solubol-emulsionnant-naturel\/#breadcrumb\"},\"inLanguage\":\"fr-FR\",\"potentialAction\":[{\"@type\":\"ReadAction\",\"target\":[\"https:\/\/cinier-b.com\/pro\/boutique\/huiles-essentielles-aromatherapie\/aromatherapie\/emulsionnant-naturel-pour-he\/solubol-emulsionnant-naturel\/\"]}]},{\"@type\":\"ImageObject\",\"inLanguage\":\"fr-FR\",\"@id\":\"https:\/\/cinier-b.com\/pro\/boutique\/huiles-essentielles-aromatherapie\/aromatherapie\/emulsionnant-naturel-pour-he\/solubol-emulsionnant-naturel\/#primaryimage\",\"url\":\"https:\/\/cinier-b.com\/pro\/wp-content\/uploads\/2021\/02\/Sans-titre-2021-03-01T095927.836.png\",\"contentUrl\":\"https:\/\/cinier-b.com\/pro\/wp-content\/uploads\/2021\/02\/Sans-titre-2021-03-01T095927.836.png\",\"width\":300,\"height\":300},{\"@type\":\"BreadcrumbList\",\"@id\":\"https:\/\/cinier-b.com\/pro\/boutique\/huiles-essentielles-aromatherapie\/aromatherapie\/emulsionnant-naturel-pour-he\/solubol-emulsionnant-naturel\/#breadcrumb\",\"itemListElement\":[{\"@type\":\"ListItem\",\"position\":1,\"name\":\"Accueil\",\"item\":\"https:\/\/cinier-b.com\/pro\/accueil\/\"},{\"@type\":\"ListItem\",\"position\":2,\"name\":\"Boutique\",\"item\":\"https:\/\/cinier-b.com\/pro\/boutique\/\"},{\"@type\":\"ListItem\",\"position\":3,\"name\":\"SOLUBOL Emulsionnant buvable\"}]},{\"@type\":\"WebSite\",\"@id\":\"https:\/\/cinier-b.com\/pro\/#website\",\"url\":\"https:\/\/cinier-b.com\/pro\/\",\"name\":\"Cinier-B pour Professionnels\",\"description\":\"Laboratoires Cinier-B\",\"potentialAction\":[{\"@type\":\"SearchAction\",\"target\":{\"@type\":\"EntryPoint\",\"urlTemplate\":\"https:\/\/cinier-b.com\/pro\/?s={search_term_string}\"},\"query-input\":{\"@type\":\"PropertyValueSpecification\",\"valueRequired\":true,\"valueName\":\"search_term_string\"}}],\"inLanguage\":\"fr-FR\"}]}<\/script>\n<!-- \/ Yoast SEO plugin. -->","yoast_head_json":{"title":"SOLUBOL Emulsionnant buvable - Cinier-B pour Professionnels","robots":{"index":"index","follow":"follow","max-snippet":"max-snippet:-1","max-image-preview":"max-image-preview:large","max-video-preview":"max-video-preview:-1"},"canonical":"https:\/\/cinier-b.com\/pro\/boutique\/huiles-essentielles-aromatherapie\/aromatherapie\/emulsionnant-naturel-pour-he\/solubol-emulsionnant-naturel\/","og_locale":"fr_FR","og_type":"article","og_title":"SOLUBOL Emulsionnant buvable - Cinier-B pour Professionnels","og_description":"Le SOLUBOL d\u2019origine v\u00e9g\u00e9tale sans alcool, est le support ou l&rsquo; \u00e9mulsionnant id\u00e9al pour la prise en usage interne d&rsquo; huiles essentielles. Il permet une meilleure tol\u00e9rance digestive et une meilleure assimilation. Sans conservateur, il est prot\u00e9g\u00e9 des prolif\u00e9rations bact\u00e9riennes par sa faible activit\u00e9 en eau. Il est donc \u00e0 consommer rapidement apr\u00e8s dilution avec [&hellip;]","og_url":"https:\/\/cinier-b.com\/pro\/boutique\/huiles-essentielles-aromatherapie\/aromatherapie\/emulsionnant-naturel-pour-he\/solubol-emulsionnant-naturel\/","og_site_name":"Cinier-B pour Professionnels","article_modified_time":"2024-11-27T09:15:19+00:00","og_image":[{"width":300,"height":300,"url":"https:\/\/cinier-b.com\/pro\/wp-content\/uploads\/2021\/02\/Sans-titre-2021-03-01T095927.836.png","type":"image\/png"}],"twitter_card":"summary_large_image","twitter_misc":{"Dur\u00e9e de lecture estim\u00e9e":"1 minute"},"schema":{"@context":"https:\/\/schema.org","@graph":[{"@type":"WebPage","@id":"https:\/\/cinier-b.com\/pro\/boutique\/huiles-essentielles-aromatherapie\/aromatherapie\/emulsionnant-naturel-pour-he\/solubol-emulsionnant-naturel\/","url":"https:\/\/cinier-b.com\/pro\/boutique\/huiles-essentielles-aromatherapie\/aromatherapie\/emulsionnant-naturel-pour-he\/solubol-emulsionnant-naturel\/","name":"SOLUBOL Emulsionnant buvable - Cinier-B pour Professionnels","isPartOf":{"@id":"https:\/\/cinier-b.com\/pro\/#website"},"primaryImageOfPage":{"@id":"https:\/\/cinier-b.com\/pro\/boutique\/huiles-essentielles-aromatherapie\/aromatherapie\/emulsionnant-naturel-pour-he\/solubol-emulsionnant-naturel\/#primaryimage"},"image":{"@id":"https:\/\/cinier-b.com\/pro\/boutique\/huiles-essentielles-aromatherapie\/aromatherapie\/emulsionnant-naturel-pour-he\/solubol-emulsionnant-naturel\/#primaryimage"},"thumbnailUrl":"https:\/\/cinier-b.com\/pro\/wp-content\/uploads\/2021\/02\/Sans-titre-2021-03-01T095927.836.png","datePublished":"2022-09-28T17:41:40+00:00","dateModified":"2024-11-27T09:15:19+00:00","breadcrumb":{"@id":"https:\/\/cinier-b.com\/pro\/boutique\/huiles-essentielles-aromatherapie\/aromatherapie\/emulsionnant-naturel-pour-he\/solubol-emulsionnant-naturel\/#breadcrumb"},"inLanguage":"fr-FR","potentialAction":[{"@type":"ReadAction","target":["https:\/\/cinier-b.com\/pro\/boutique\/huiles-essentielles-aromatherapie\/aromatherapie\/emulsionnant-naturel-pour-he\/solubol-emulsionnant-naturel\/"]}]},{"@type":"ImageObject","inLanguage":"fr-FR","@id":"https:\/\/cinier-b.com\/pro\/boutique\/huiles-essentielles-aromatherapie\/aromatherapie\/emulsionnant-naturel-pour-he\/solubol-emulsionnant-naturel\/#primaryimage","url":"https:\/\/cinier-b.com\/pro\/wp-content\/uploads\/2021\/02\/Sans-titre-2021-03-01T095927.836.png","contentUrl":"https:\/\/cinier-b.com\/pro\/wp-content\/uploads\/2021\/02\/Sans-titre-2021-03-01T095927.836.png","width":300,"height":300},{"@type":"BreadcrumbList","@id":"https:\/\/cinier-b.com\/pro\/boutique\/huiles-essentielles-aromatherapie\/aromatherapie\/emulsionnant-naturel-pour-he\/solubol-emulsionnant-naturel\/#breadcrumb","itemListElement":[{"@type":"ListItem","position":1,"name":"Accueil","item":"https:\/\/cinier-b.com\/pro\/accueil\/"},{"@type":"ListItem","position":2,"name":"Boutique","item":"https:\/\/cinier-b.com\/pro\/boutique\/"},{"@type":"ListItem","position":3,"name":"SOLUBOL Emulsionnant buvable"}]},{"@type":"WebSite","@id":"https:\/\/cinier-b.com\/pro\/#website","url":"https:\/\/cinier-b.com\/pro\/","name":"Cinier-B pour Professionnels","description":"Laboratoires Cinier-B","potentialAction":[{"@type":"SearchAction","target":{"@type":"EntryPoint","urlTemplate":"https:\/\/cinier-b.com\/pro\/?s={search_term_string}"},"query-input":{"@type":"PropertyValueSpecification","valueRequired":true,"valueName":"search_term_string"}}],"inLanguage":"fr-FR"}]}},"_links":{"self":[{"href":"https:\/\/cinier-b.com\/pro\/wp-json\/wp\/v2\/product\/7064"}],"collection":[{"href":"https:\/\/cinier-b.com\/pro\/wp-json\/wp\/v2\/product"}],"about":[{"href":"https:\/\/cinier-b.com\/pro\/wp-json\/wp\/v2\/types\/product"}],"replies":[{"embeddable":true,"href":"https:\/\/cinier-b.com\/pro\/wp-json\/wp\/v2\/comments?post=7064"}],"wp:featuredmedia":[{"embeddable":true,"href":"https:\/\/cinier-b.com\/pro\/wp-json\/wp\/v2\/media\/3866"}],"wp:attachment":[{"href":"https:\/\/cinier-b.com\/pro\/wp-json\/wp\/v2\/media?parent=7064"}],"wp:term":[{"taxonomy":"product_brand","embeddable":true,"href":"https:\/\/cinier-b.com\/pro\/wp-json\/wp\/v2\/product_brand?post=7064"},{"taxonomy":"product_cat","embeddable":true,"href":"https:\/\/cinier-b.com\/pro\/wp-json\/wp\/v2\/product_cat?post=7064"},{"taxonomy":"product_tag","embeddable":true,"href":"https:\/\/cinier-b.com\/pro\/wp-json\/wp\/v2\/product_tag?post=7064"}],"curies":[{"name":"wp","href":"https:\/\/api.w.org\/{rel}","templated":true}]}}