{"id":7039,"date":"2022-09-28T15:46:07","date_gmt":"2022-09-28T13:46:07","guid":{"rendered":"https:\/\/cinier-b.com\/pro\/?post_type=product&#038;p=7039"},"modified":"2025-04-07T15:41:23","modified_gmt":"2025-04-07T13:41:23","slug":"podorsil-partie-a-black-skin","status":"publish","type":"product","link":"https:\/\/cinier-b.com\/pro\/boutique\/pedicurie-podologie\/orthoplastie\/podorsil-partie-a-black-skin\/","title":{"rendered":"PODORSIL\u00aeA BlackSkin  Pot de 60 &#8211; 200 ou 400g"},"content":{"rendered":"<p>Une nouveaut\u00e9 pour <strong>PODORSIL<\/strong> \u00ae, la partie A se d\u00e9cline aussi en teinte BLACK et s&rsquo;ach\u00e8te seule.\u00a0 Elle s&rsquo;utilise en divers pourcentages avec la partie A classique des PODORSIL 3P et 34 et permet de trouver la teinte recherch\u00e9e, id\u00e9ale pour les peaux mates, m\u00e9tiss\u00e9es ou noires.<\/p>\n<p>PODORSIL BlackSkin A est commercialis\u00e9 en pot de 60g, 200g, 400g.<\/p>\n","protected":false},"excerpt":{"rendered":"<p><strong>L&rsquo;orthoplastie pour toutes les teintes de peau<\/strong> : En achetant uniquement la partie A BlackSkin.<\/p>\n<p>&nbsp;<\/p>\n","protected":false},"featured_media":7890,"comment_status":"open","ping_status":"closed","template":"","meta":[],"product_brand":[],"product_cat":[130,140,40,103],"product_tag":[],"class_list":{"0":"post-7039","1":"product","2":"type-product","3":"status-publish","4":"has-post-thumbnail","6":"product_cat-nouveaute","7":"product_cat-silicones","8":"product_cat-orthoplastie","9":"product_cat-silicones-podologiques","10":"pa_volume-200-g","11":"pa_volume-400-g","12":"pa_volume-60-g","14":"first","15":"instock","16":"taxable","17":"shipping-taxable","18":"purchasable","19":"product-type-variable"},"yoast_head":"<!-- This site is optimized with the Yoast SEO plugin v25.0 - https:\/\/yoast.com\/wordpress\/plugins\/seo\/ -->\n<title>PODORSIL\u00aeA BlackSkin Pot de 60 - 200 ou 400g - Cinier-B pour Professionnels<\/title>\n<meta name=\"description\" content=\"Le podorsil est maintenant disponible pour toutes les carnations de peau\" \/>\n<meta name=\"robots\" content=\"index, follow, max-snippet:-1, max-image-preview:large, max-video-preview:-1\" \/>\n<link rel=\"canonical\" href=\"https:\/\/cinier-b.com\/pro\/boutique\/pedicurie-podologie\/orthoplastie\/podorsil-partie-a-black-skin\/\" \/>\n<meta property=\"og:locale\" content=\"fr_FR\" \/>\n<meta property=\"og:type\" content=\"article\" \/>\n<meta property=\"og:title\" content=\"PODORSIL\u00aeA BlackSkin Pot de 60 - 200 ou 400g - Cinier-B pour Professionnels\" \/>\n<meta property=\"og:description\" content=\"Le podorsil est maintenant disponible pour toutes les carnations de peau\" \/>\n<meta property=\"og:url\" content=\"https:\/\/cinier-b.com\/pro\/boutique\/pedicurie-podologie\/orthoplastie\/podorsil-partie-a-black-skin\/\" \/>\n<meta property=\"og:site_name\" content=\"Cinier-B pour Professionnels\" \/>\n<meta property=\"article:modified_time\" content=\"2025-04-07T13:41:23+00:00\" \/>\n<meta property=\"og:image\" content=\"https:\/\/cinier-b.com\/pro\/wp-content\/uploads\/2022\/09\/Sans-titre-15.png\" \/>\n\t<meta property=\"og:image:width\" content=\"1080\" \/>\n\t<meta property=\"og:image:height\" content=\"1080\" \/>\n\t<meta property=\"og:image:type\" content=\"image\/png\" \/>\n<meta name=\"twitter:card\" content=\"summary_large_image\" \/>\n<meta name=\"twitter:label1\" content=\"Dur\u00e9e de lecture estim\u00e9e\" \/>\n\t<meta name=\"twitter:data1\" content=\"1 minute\" \/>\n<script type=\"application\/ld+json\" class=\"yoast-schema-graph\">{\"@context\":\"https:\/\/schema.org\",\"@graph\":[{\"@type\":\"WebPage\",\"@id\":\"https:\/\/cinier-b.com\/pro\/boutique\/pedicurie-podologie\/orthoplastie\/podorsil-partie-a-black-skin\/\",\"url\":\"https:\/\/cinier-b.com\/pro\/boutique\/pedicurie-podologie\/orthoplastie\/podorsil-partie-a-black-skin\/\",\"name\":\"PODORSIL\u00aeA BlackSkin Pot de 60 - 200 ou 400g - Cinier-B pour Professionnels\",\"isPartOf\":{\"@id\":\"https:\/\/cinier-b.com\/pro\/#website\"},\"primaryImageOfPage\":{\"@id\":\"https:\/\/cinier-b.com\/pro\/boutique\/pedicurie-podologie\/orthoplastie\/podorsil-partie-a-black-skin\/#primaryimage\"},\"image\":{\"@id\":\"https:\/\/cinier-b.com\/pro\/boutique\/pedicurie-podologie\/orthoplastie\/podorsil-partie-a-black-skin\/#primaryimage\"},\"thumbnailUrl\":\"https:\/\/cinier-b.com\/pro\/wp-content\/uploads\/2022\/09\/Sans-titre-15.png\",\"datePublished\":\"2022-09-28T13:46:07+00:00\",\"dateModified\":\"2025-04-07T13:41:23+00:00\",\"description\":\"Le podorsil est maintenant disponible pour toutes les carnations de peau\",\"breadcrumb\":{\"@id\":\"https:\/\/cinier-b.com\/pro\/boutique\/pedicurie-podologie\/orthoplastie\/podorsil-partie-a-black-skin\/#breadcrumb\"},\"inLanguage\":\"fr-FR\",\"potentialAction\":[{\"@type\":\"ReadAction\",\"target\":[\"https:\/\/cinier-b.com\/pro\/boutique\/pedicurie-podologie\/orthoplastie\/podorsil-partie-a-black-skin\/\"]}]},{\"@type\":\"ImageObject\",\"inLanguage\":\"fr-FR\",\"@id\":\"https:\/\/cinier-b.com\/pro\/boutique\/pedicurie-podologie\/orthoplastie\/podorsil-partie-a-black-skin\/#primaryimage\",\"url\":\"https:\/\/cinier-b.com\/pro\/wp-content\/uploads\/2022\/09\/Sans-titre-15.png\",\"contentUrl\":\"https:\/\/cinier-b.com\/pro\/wp-content\/uploads\/2022\/09\/Sans-titre-15.png\",\"width\":1080,\"height\":1080},{\"@type\":\"BreadcrumbList\",\"@id\":\"https:\/\/cinier-b.com\/pro\/boutique\/pedicurie-podologie\/orthoplastie\/podorsil-partie-a-black-skin\/#breadcrumb\",\"itemListElement\":[{\"@type\":\"ListItem\",\"position\":1,\"name\":\"Accueil\",\"item\":\"https:\/\/cinier-b.com\/pro\/accueil\/\"},{\"@type\":\"ListItem\",\"position\":2,\"name\":\"Boutique\",\"item\":\"https:\/\/cinier-b.com\/pro\/boutique\/\"},{\"@type\":\"ListItem\",\"position\":3,\"name\":\"PODORSIL\u00aeA BlackSkin Pot de 60 &#8211; 200 ou 400g\"}]},{\"@type\":\"WebSite\",\"@id\":\"https:\/\/cinier-b.com\/pro\/#website\",\"url\":\"https:\/\/cinier-b.com\/pro\/\",\"name\":\"Cinier-B pour Professionnels\",\"description\":\"Laboratoires Cinier-B\",\"potentialAction\":[{\"@type\":\"SearchAction\",\"target\":{\"@type\":\"EntryPoint\",\"urlTemplate\":\"https:\/\/cinier-b.com\/pro\/?s={search_term_string}\"},\"query-input\":{\"@type\":\"PropertyValueSpecification\",\"valueRequired\":true,\"valueName\":\"search_term_string\"}}],\"inLanguage\":\"fr-FR\"}]}<\/script>\n<!-- \/ Yoast SEO plugin. -->","yoast_head_json":{"title":"PODORSIL\u00aeA BlackSkin Pot de 60 - 200 ou 400g - Cinier-B pour Professionnels","description":"Le podorsil est maintenant disponible pour toutes les carnations de peau","robots":{"index":"index","follow":"follow","max-snippet":"max-snippet:-1","max-image-preview":"max-image-preview:large","max-video-preview":"max-video-preview:-1"},"canonical":"https:\/\/cinier-b.com\/pro\/boutique\/pedicurie-podologie\/orthoplastie\/podorsil-partie-a-black-skin\/","og_locale":"fr_FR","og_type":"article","og_title":"PODORSIL\u00aeA BlackSkin Pot de 60 - 200 ou 400g - Cinier-B pour Professionnels","og_description":"Le podorsil est maintenant disponible pour toutes les carnations de peau","og_url":"https:\/\/cinier-b.com\/pro\/boutique\/pedicurie-podologie\/orthoplastie\/podorsil-partie-a-black-skin\/","og_site_name":"Cinier-B pour Professionnels","article_modified_time":"2025-04-07T13:41:23+00:00","og_image":[{"width":1080,"height":1080,"url":"https:\/\/cinier-b.com\/pro\/wp-content\/uploads\/2022\/09\/Sans-titre-15.png","type":"image\/png"}],"twitter_card":"summary_large_image","twitter_misc":{"Dur\u00e9e de lecture estim\u00e9e":"1 minute"},"schema":{"@context":"https:\/\/schema.org","@graph":[{"@type":"WebPage","@id":"https:\/\/cinier-b.com\/pro\/boutique\/pedicurie-podologie\/orthoplastie\/podorsil-partie-a-black-skin\/","url":"https:\/\/cinier-b.com\/pro\/boutique\/pedicurie-podologie\/orthoplastie\/podorsil-partie-a-black-skin\/","name":"PODORSIL\u00aeA BlackSkin Pot de 60 - 200 ou 400g - Cinier-B pour Professionnels","isPartOf":{"@id":"https:\/\/cinier-b.com\/pro\/#website"},"primaryImageOfPage":{"@id":"https:\/\/cinier-b.com\/pro\/boutique\/pedicurie-podologie\/orthoplastie\/podorsil-partie-a-black-skin\/#primaryimage"},"image":{"@id":"https:\/\/cinier-b.com\/pro\/boutique\/pedicurie-podologie\/orthoplastie\/podorsil-partie-a-black-skin\/#primaryimage"},"thumbnailUrl":"https:\/\/cinier-b.com\/pro\/wp-content\/uploads\/2022\/09\/Sans-titre-15.png","datePublished":"2022-09-28T13:46:07+00:00","dateModified":"2025-04-07T13:41:23+00:00","description":"Le podorsil est maintenant disponible pour toutes les carnations de peau","breadcrumb":{"@id":"https:\/\/cinier-b.com\/pro\/boutique\/pedicurie-podologie\/orthoplastie\/podorsil-partie-a-black-skin\/#breadcrumb"},"inLanguage":"fr-FR","potentialAction":[{"@type":"ReadAction","target":["https:\/\/cinier-b.com\/pro\/boutique\/pedicurie-podologie\/orthoplastie\/podorsil-partie-a-black-skin\/"]}]},{"@type":"ImageObject","inLanguage":"fr-FR","@id":"https:\/\/cinier-b.com\/pro\/boutique\/pedicurie-podologie\/orthoplastie\/podorsil-partie-a-black-skin\/#primaryimage","url":"https:\/\/cinier-b.com\/pro\/wp-content\/uploads\/2022\/09\/Sans-titre-15.png","contentUrl":"https:\/\/cinier-b.com\/pro\/wp-content\/uploads\/2022\/09\/Sans-titre-15.png","width":1080,"height":1080},{"@type":"BreadcrumbList","@id":"https:\/\/cinier-b.com\/pro\/boutique\/pedicurie-podologie\/orthoplastie\/podorsil-partie-a-black-skin\/#breadcrumb","itemListElement":[{"@type":"ListItem","position":1,"name":"Accueil","item":"https:\/\/cinier-b.com\/pro\/accueil\/"},{"@type":"ListItem","position":2,"name":"Boutique","item":"https:\/\/cinier-b.com\/pro\/boutique\/"},{"@type":"ListItem","position":3,"name":"PODORSIL\u00aeA BlackSkin Pot de 60 &#8211; 200 ou 400g"}]},{"@type":"WebSite","@id":"https:\/\/cinier-b.com\/pro\/#website","url":"https:\/\/cinier-b.com\/pro\/","name":"Cinier-B pour Professionnels","description":"Laboratoires Cinier-B","potentialAction":[{"@type":"SearchAction","target":{"@type":"EntryPoint","urlTemplate":"https:\/\/cinier-b.com\/pro\/?s={search_term_string}"},"query-input":{"@type":"PropertyValueSpecification","valueRequired":true,"valueName":"search_term_string"}}],"inLanguage":"fr-FR"}]}},"_links":{"self":[{"href":"https:\/\/cinier-b.com\/pro\/wp-json\/wp\/v2\/product\/7039"}],"collection":[{"href":"https:\/\/cinier-b.com\/pro\/wp-json\/wp\/v2\/product"}],"about":[{"href":"https:\/\/cinier-b.com\/pro\/wp-json\/wp\/v2\/types\/product"}],"replies":[{"embeddable":true,"href":"https:\/\/cinier-b.com\/pro\/wp-json\/wp\/v2\/comments?post=7039"}],"wp:featuredmedia":[{"embeddable":true,"href":"https:\/\/cinier-b.com\/pro\/wp-json\/wp\/v2\/media\/7890"}],"wp:attachment":[{"href":"https:\/\/cinier-b.com\/pro\/wp-json\/wp\/v2\/media?parent=7039"}],"wp:term":[{"taxonomy":"product_brand","embeddable":true,"href":"https:\/\/cinier-b.com\/pro\/wp-json\/wp\/v2\/product_brand?post=7039"},{"taxonomy":"product_cat","embeddable":true,"href":"https:\/\/cinier-b.com\/pro\/wp-json\/wp\/v2\/product_cat?post=7039"},{"taxonomy":"product_tag","embeddable":true,"href":"https:\/\/cinier-b.com\/pro\/wp-json\/wp\/v2\/product_tag?post=7039"}],"curies":[{"name":"wp","href":"https:\/\/api.w.org\/{rel}","templated":true}]}}