{"id":7024,"date":"2022-09-23T17:39:21","date_gmt":"2022-09-23T15:39:21","guid":{"rendered":"https:\/\/cinier-b.com\/pro\/?post_type=product&#038;p=7024"},"modified":"2025-02-20T09:32:59","modified_gmt":"2025-02-20T08:32:59","slug":"diffuseur-dhuiles-essentielles-bolea","status":"publish","type":"product","link":"https:\/\/cinier-b.com\/pro\/boutique\/huiles-essentielles-aromatherapie\/diffuseurs-huiles-essentielles\/diffuseur-dhuiles-essentielles-bolea\/","title":{"rendered":"Diffuseur d&rsquo;Huiles Essentielles Bolea"},"content":{"rendered":"<div class=\"default-style\"><\/div>\n<div class=\"default-style\">Capacit\u00e9 :<\/div>\n<div class=\"default-style\"><\/div>\n<div class=\"default-style\">&#8211; diffusion jusqu\u2019\u00e0 100 m\u00b2.<br \/>\n&#8211; Puissance ajustable.<br \/>\n&#8211; Le syst\u00e8me le plus efficace.<br \/>\n&#8211; Diffuse \u00e0 froid pour conserver les vertus.<br \/>\n&#8211; Fonction minuterie.<br \/>\n&#8211; Boutons tactiles.<\/div>\n<div class=\"default-style\"><\/div>\n<div class=\"default-style\">Recommandations :<\/div>\n<div class=\"default-style\"><\/div>\n<div class=\"default-style\">Il offre 3 intensit\u00e9s de diffusion et un \u00e9clairage LED multifonction.<br \/>\nEquip\u00e9 d\u2019une fonction Minuterie automatique qui alterne les temps de diffusion (2minutes) et les temps de pause (3minutes) avec arr\u00eat automatique apr\u00e8s 2 ou 4 heures de diffusion selon le mode de diffusion choisit afin d&rsquo;\u00e9viter une atmosph\u00e8re surcharg\u00e9e.<\/div>\n<div class=\"default-style\"><\/div>\n<div class=\"default-style\"><strong>CARACTERISTIQUES TECHNIQUES :<\/strong><\/div>\n<div class=\"default-style\">&#8211; Diam\u00e8tre: 10 cm.<br \/>\n&#8211; Hauteur: 20.5 cm.<br \/>\n&#8211; Poids: 0,40 kg.<br \/>\n&#8211; Surface de diffusion: jusqu&rsquo;\u00e0 100 m\u00b2.<br \/>\n&#8211; Capacit\u00e9: 30 ml.<br \/>\n&#8211; Mati\u00e8re: bois FSC et verre.<br \/>\n&#8211; Packaging: soign\u00e9 avec photo et description multilingue.<br \/>\n&#8211; Manuel d\u2019utilisation: fran\u00e7ais et anglais.<br \/>\n&#8211; Contenu: un socle avec pompe int\u00e9gr\u00e9e, une verrerie, un capuchon anti-poussi\u00e8re, une alimentation.<\/div>\n","protected":false},"excerpt":{"rendered":"<div class=\"default-style\">\u00c9l\u00e9gant et moderne, Bolea est un diffuseur \u00e0 n\u00e9bulisation programmable et efficace. Il est compos\u00e9 d\u2019une base en bois et une verrerie artisanale mise en valeur par un \u00e9clairage LED. Il dispose d\u2019une grande efficacit\u00e9 de diffusion avec une puissance ajustable.<\/div>\n<div class=\"default-style\"><\/div>\n<div class=\"default-style\"><\/div>\n","protected":false},"featured_media":7445,"comment_status":"open","ping_status":"closed","template":"","meta":[],"product_brand":[],"product_cat":[137,134,133,37],"product_tag":[],"class_list":{"0":"post-7024","1":"product","2":"type-product","3":"status-publish","4":"has-post-thumbnail","6":"product_cat-diffuseurs-dhuiles-essentielles","7":"product_cat-nos-diffuseurs","8":"product_cat-nouveautes-diffuseurs-huiles-essentielles","9":"product_cat-diffuseurs-huiles-essentielles","11":"first","12":"instock","13":"taxable","14":"shipping-taxable","15":"purchasable","16":"product-type-simple"},"yoast_head":"<!-- This site is optimized with the Yoast SEO plugin v25.0 - https:\/\/yoast.com\/wordpress\/plugins\/seo\/ -->\n<title>Diffuseur d&#039;Huiles Essentielles Bolea - Cinier-B pour Professionnels<\/title>\n<meta name=\"robots\" content=\"index, follow, max-snippet:-1, max-image-preview:large, max-video-preview:-1\" \/>\n<link rel=\"canonical\" href=\"https:\/\/cinier-b.com\/pro\/boutique\/huiles-essentielles-aromatherapie\/diffuseurs-huiles-essentielles\/diffuseur-dhuiles-essentielles-bolea\/\" \/>\n<meta property=\"og:locale\" content=\"fr_FR\" \/>\n<meta property=\"og:type\" content=\"article\" \/>\n<meta property=\"og:title\" content=\"Diffuseur d&#039;Huiles Essentielles Bolea - Cinier-B pour Professionnels\" \/>\n<meta property=\"og:description\" content=\"\u00c9l\u00e9gant et moderne, Bolea est un diffuseur \u00e0 n\u00e9bulisation programmable et efficace. Il est compos\u00e9 d\u2019une base en bois et une verrerie artisanale mise en valeur par un \u00e9clairage LED. Il dispose d\u2019une grande efficacit\u00e9 de diffusion avec une puissance ajustable.\" \/>\n<meta property=\"og:url\" content=\"https:\/\/cinier-b.com\/pro\/boutique\/huiles-essentielles-aromatherapie\/diffuseurs-huiles-essentielles\/diffuseur-dhuiles-essentielles-bolea\/\" \/>\n<meta property=\"og:site_name\" content=\"Cinier-B pour Professionnels\" \/>\n<meta property=\"article:modified_time\" content=\"2025-02-20T08:32:59+00:00\" \/>\n<meta property=\"og:image\" content=\"https:\/\/cinier-b.com\/pro\/wp-content\/uploads\/2022\/09\/Nouveaute-diffuseur-Nebuzen-3.png\" \/>\n\t<meta property=\"og:image:width\" content=\"1080\" \/>\n\t<meta property=\"og:image:height\" content=\"1080\" \/>\n\t<meta property=\"og:image:type\" content=\"image\/png\" \/>\n<meta name=\"twitter:card\" content=\"summary_large_image\" \/>\n<script type=\"application\/ld+json\" class=\"yoast-schema-graph\">{\"@context\":\"https:\/\/schema.org\",\"@graph\":[{\"@type\":\"WebPage\",\"@id\":\"https:\/\/cinier-b.com\/pro\/boutique\/huiles-essentielles-aromatherapie\/diffuseurs-huiles-essentielles\/diffuseur-dhuiles-essentielles-bolea\/\",\"url\":\"https:\/\/cinier-b.com\/pro\/boutique\/huiles-essentielles-aromatherapie\/diffuseurs-huiles-essentielles\/diffuseur-dhuiles-essentielles-bolea\/\",\"name\":\"Diffuseur d'Huiles Essentielles Bolea - Cinier-B pour Professionnels\",\"isPartOf\":{\"@id\":\"https:\/\/cinier-b.com\/pro\/#website\"},\"primaryImageOfPage\":{\"@id\":\"https:\/\/cinier-b.com\/pro\/boutique\/huiles-essentielles-aromatherapie\/diffuseurs-huiles-essentielles\/diffuseur-dhuiles-essentielles-bolea\/#primaryimage\"},\"image\":{\"@id\":\"https:\/\/cinier-b.com\/pro\/boutique\/huiles-essentielles-aromatherapie\/diffuseurs-huiles-essentielles\/diffuseur-dhuiles-essentielles-bolea\/#primaryimage\"},\"thumbnailUrl\":\"https:\/\/cinier-b.com\/pro\/wp-content\/uploads\/2022\/09\/Nouveaute-diffuseur-Nebuzen-3.png\",\"datePublished\":\"2022-09-23T15:39:21+00:00\",\"dateModified\":\"2025-02-20T08:32:59+00:00\",\"breadcrumb\":{\"@id\":\"https:\/\/cinier-b.com\/pro\/boutique\/huiles-essentielles-aromatherapie\/diffuseurs-huiles-essentielles\/diffuseur-dhuiles-essentielles-bolea\/#breadcrumb\"},\"inLanguage\":\"fr-FR\",\"potentialAction\":[{\"@type\":\"ReadAction\",\"target\":[\"https:\/\/cinier-b.com\/pro\/boutique\/huiles-essentielles-aromatherapie\/diffuseurs-huiles-essentielles\/diffuseur-dhuiles-essentielles-bolea\/\"]}]},{\"@type\":\"ImageObject\",\"inLanguage\":\"fr-FR\",\"@id\":\"https:\/\/cinier-b.com\/pro\/boutique\/huiles-essentielles-aromatherapie\/diffuseurs-huiles-essentielles\/diffuseur-dhuiles-essentielles-bolea\/#primaryimage\",\"url\":\"https:\/\/cinier-b.com\/pro\/wp-content\/uploads\/2022\/09\/Nouveaute-diffuseur-Nebuzen-3.png\",\"contentUrl\":\"https:\/\/cinier-b.com\/pro\/wp-content\/uploads\/2022\/09\/Nouveaute-diffuseur-Nebuzen-3.png\",\"width\":1080,\"height\":1080},{\"@type\":\"BreadcrumbList\",\"@id\":\"https:\/\/cinier-b.com\/pro\/boutique\/huiles-essentielles-aromatherapie\/diffuseurs-huiles-essentielles\/diffuseur-dhuiles-essentielles-bolea\/#breadcrumb\",\"itemListElement\":[{\"@type\":\"ListItem\",\"position\":1,\"name\":\"Accueil\",\"item\":\"https:\/\/cinier-b.com\/pro\/accueil\/\"},{\"@type\":\"ListItem\",\"position\":2,\"name\":\"Boutique\",\"item\":\"https:\/\/cinier-b.com\/pro\/boutique\/\"},{\"@type\":\"ListItem\",\"position\":3,\"name\":\"Diffuseur d&rsquo;Huiles Essentielles Bolea\"}]},{\"@type\":\"WebSite\",\"@id\":\"https:\/\/cinier-b.com\/pro\/#website\",\"url\":\"https:\/\/cinier-b.com\/pro\/\",\"name\":\"Cinier-B pour Professionnels\",\"description\":\"Laboratoires Cinier-B\",\"potentialAction\":[{\"@type\":\"SearchAction\",\"target\":{\"@type\":\"EntryPoint\",\"urlTemplate\":\"https:\/\/cinier-b.com\/pro\/?s={search_term_string}\"},\"query-input\":{\"@type\":\"PropertyValueSpecification\",\"valueRequired\":true,\"valueName\":\"search_term_string\"}}],\"inLanguage\":\"fr-FR\"}]}<\/script>\n<!-- \/ Yoast SEO plugin. -->","yoast_head_json":{"title":"Diffuseur d'Huiles Essentielles Bolea - Cinier-B pour Professionnels","robots":{"index":"index","follow":"follow","max-snippet":"max-snippet:-1","max-image-preview":"max-image-preview:large","max-video-preview":"max-video-preview:-1"},"canonical":"https:\/\/cinier-b.com\/pro\/boutique\/huiles-essentielles-aromatherapie\/diffuseurs-huiles-essentielles\/diffuseur-dhuiles-essentielles-bolea\/","og_locale":"fr_FR","og_type":"article","og_title":"Diffuseur d'Huiles Essentielles Bolea - Cinier-B pour Professionnels","og_description":"\u00c9l\u00e9gant et moderne, Bolea est un diffuseur \u00e0 n\u00e9bulisation programmable et efficace. Il est compos\u00e9 d\u2019une base en bois et une verrerie artisanale mise en valeur par un \u00e9clairage LED. Il dispose d\u2019une grande efficacit\u00e9 de diffusion avec une puissance ajustable.","og_url":"https:\/\/cinier-b.com\/pro\/boutique\/huiles-essentielles-aromatherapie\/diffuseurs-huiles-essentielles\/diffuseur-dhuiles-essentielles-bolea\/","og_site_name":"Cinier-B pour Professionnels","article_modified_time":"2025-02-20T08:32:59+00:00","og_image":[{"width":1080,"height":1080,"url":"https:\/\/cinier-b.com\/pro\/wp-content\/uploads\/2022\/09\/Nouveaute-diffuseur-Nebuzen-3.png","type":"image\/png"}],"twitter_card":"summary_large_image","schema":{"@context":"https:\/\/schema.org","@graph":[{"@type":"WebPage","@id":"https:\/\/cinier-b.com\/pro\/boutique\/huiles-essentielles-aromatherapie\/diffuseurs-huiles-essentielles\/diffuseur-dhuiles-essentielles-bolea\/","url":"https:\/\/cinier-b.com\/pro\/boutique\/huiles-essentielles-aromatherapie\/diffuseurs-huiles-essentielles\/diffuseur-dhuiles-essentielles-bolea\/","name":"Diffuseur d'Huiles Essentielles Bolea - Cinier-B pour Professionnels","isPartOf":{"@id":"https:\/\/cinier-b.com\/pro\/#website"},"primaryImageOfPage":{"@id":"https:\/\/cinier-b.com\/pro\/boutique\/huiles-essentielles-aromatherapie\/diffuseurs-huiles-essentielles\/diffuseur-dhuiles-essentielles-bolea\/#primaryimage"},"image":{"@id":"https:\/\/cinier-b.com\/pro\/boutique\/huiles-essentielles-aromatherapie\/diffuseurs-huiles-essentielles\/diffuseur-dhuiles-essentielles-bolea\/#primaryimage"},"thumbnailUrl":"https:\/\/cinier-b.com\/pro\/wp-content\/uploads\/2022\/09\/Nouveaute-diffuseur-Nebuzen-3.png","datePublished":"2022-09-23T15:39:21+00:00","dateModified":"2025-02-20T08:32:59+00:00","breadcrumb":{"@id":"https:\/\/cinier-b.com\/pro\/boutique\/huiles-essentielles-aromatherapie\/diffuseurs-huiles-essentielles\/diffuseur-dhuiles-essentielles-bolea\/#breadcrumb"},"inLanguage":"fr-FR","potentialAction":[{"@type":"ReadAction","target":["https:\/\/cinier-b.com\/pro\/boutique\/huiles-essentielles-aromatherapie\/diffuseurs-huiles-essentielles\/diffuseur-dhuiles-essentielles-bolea\/"]}]},{"@type":"ImageObject","inLanguage":"fr-FR","@id":"https:\/\/cinier-b.com\/pro\/boutique\/huiles-essentielles-aromatherapie\/diffuseurs-huiles-essentielles\/diffuseur-dhuiles-essentielles-bolea\/#primaryimage","url":"https:\/\/cinier-b.com\/pro\/wp-content\/uploads\/2022\/09\/Nouveaute-diffuseur-Nebuzen-3.png","contentUrl":"https:\/\/cinier-b.com\/pro\/wp-content\/uploads\/2022\/09\/Nouveaute-diffuseur-Nebuzen-3.png","width":1080,"height":1080},{"@type":"BreadcrumbList","@id":"https:\/\/cinier-b.com\/pro\/boutique\/huiles-essentielles-aromatherapie\/diffuseurs-huiles-essentielles\/diffuseur-dhuiles-essentielles-bolea\/#breadcrumb","itemListElement":[{"@type":"ListItem","position":1,"name":"Accueil","item":"https:\/\/cinier-b.com\/pro\/accueil\/"},{"@type":"ListItem","position":2,"name":"Boutique","item":"https:\/\/cinier-b.com\/pro\/boutique\/"},{"@type":"ListItem","position":3,"name":"Diffuseur d&rsquo;Huiles Essentielles Bolea"}]},{"@type":"WebSite","@id":"https:\/\/cinier-b.com\/pro\/#website","url":"https:\/\/cinier-b.com\/pro\/","name":"Cinier-B pour Professionnels","description":"Laboratoires Cinier-B","potentialAction":[{"@type":"SearchAction","target":{"@type":"EntryPoint","urlTemplate":"https:\/\/cinier-b.com\/pro\/?s={search_term_string}"},"query-input":{"@type":"PropertyValueSpecification","valueRequired":true,"valueName":"search_term_string"}}],"inLanguage":"fr-FR"}]}},"_links":{"self":[{"href":"https:\/\/cinier-b.com\/pro\/wp-json\/wp\/v2\/product\/7024"}],"collection":[{"href":"https:\/\/cinier-b.com\/pro\/wp-json\/wp\/v2\/product"}],"about":[{"href":"https:\/\/cinier-b.com\/pro\/wp-json\/wp\/v2\/types\/product"}],"replies":[{"embeddable":true,"href":"https:\/\/cinier-b.com\/pro\/wp-json\/wp\/v2\/comments?post=7024"}],"wp:featuredmedia":[{"embeddable":true,"href":"https:\/\/cinier-b.com\/pro\/wp-json\/wp\/v2\/media\/7445"}],"wp:attachment":[{"href":"https:\/\/cinier-b.com\/pro\/wp-json\/wp\/v2\/media?parent=7024"}],"wp:term":[{"taxonomy":"product_brand","embeddable":true,"href":"https:\/\/cinier-b.com\/pro\/wp-json\/wp\/v2\/product_brand?post=7024"},{"taxonomy":"product_cat","embeddable":true,"href":"https:\/\/cinier-b.com\/pro\/wp-json\/wp\/v2\/product_cat?post=7024"},{"taxonomy":"product_tag","embeddable":true,"href":"https:\/\/cinier-b.com\/pro\/wp-json\/wp\/v2\/product_tag?post=7024"}],"curies":[{"name":"wp","href":"https:\/\/api.w.org\/{rel}","templated":true}]}}