{"id":6917,"date":"2022-09-13T14:03:32","date_gmt":"2022-09-13T12:03:32","guid":{"rendered":"https:\/\/cinier-b.com\/pro\/?post_type=product&#038;p=6917"},"modified":"2024-07-04T15:47:36","modified_gmt":"2024-07-04T13:47:36","slug":"pediarome-200-ml-bromidrose","status":"publish","type":"product","link":"https:\/\/cinier-b.com\/pro\/boutique\/soins-du-corps-frictions-de-sante\/cremes-lotions-gel\/transpiration\/pediarome-200-ml-bromidrose\/","title":{"rendered":"PEDIAROME 200 ml | D\u00e9odorant pour pieds"},"content":{"rendered":"<p><span style=\"font-size: 16px;\">Le produit qui solutionne la bromidrose : 4 jours de traitement seulement, agit d\u00e8s le premier jour pour une efficacit\u00e9 remarquable de 3 mois minimum.\u00a0<\/span><\/p>\n<p>Les huiles essentielles 100% pures et naturelles contenues dans PEDIAROME poss\u00e8dent des propri\u00e9t\u00e9s antiseptiques, s\u00e9lectives et r\u00e9gulatrices de la flore cutan\u00e9e emp\u00eachant la formation des produits volatils malodorants.<\/p>\n<p>Par son exceptionnelle efficacit\u00e9 et sa facilit\u00e9 d&#8217;emploi, PEDIAROME est le traitement d\u00e9odorant id\u00e9al<\/p>\n<p><strong>Les Actifs<\/strong><\/p>\n<p>10 % d huiles essentielles de pin, cypr\u00e8s, menthe, bergamote d\u00e9terp\u00e9n\u00e9e.<\/p>\n<p><strong>Sans sels d&rsquo;aluminium, sans paraben.<\/strong><\/p>\n<p>&nbsp;<\/p>\n","protected":false},"excerpt":{"rendered":"<blockquote>\n<h4>\u00a0D\u00e9odorant pour pieds | action LONGUE DUREE<\/h4>\n<\/blockquote>\n<p><b>Le + Cinier B :<\/b><\/p>\n<p><span style=\"font-weight: 400;\">&#8211; Livraison standard en offerte \u00e0 partir de 190\u20ac HT d&rsquo;achats (France m\u00e9tropolitaine)<\/span><\/p>\n<p>Pulv\u00e9risateur 200ml<\/p>\n","protected":false},"featured_media":7014,"comment_status":"open","ping_status":"closed","template":"","meta":[],"product_brand":[],"product_cat":[139,100,101],"product_tag":[],"class_list":{"0":"post-6917","1":"product","2":"type-product","3":"status-publish","4":"has-post-thumbnail","6":"product_cat-creme-et-soin-des-pieds","7":"product_cat-transpiration-des-pieds","8":"product_cat-transpiration","10":"first","11":"instock","12":"taxable","13":"shipping-taxable","14":"purchasable","15":"product-type-simple"},"yoast_head":"<!-- This site is optimized with the Yoast SEO plugin v25.0 - https:\/\/yoast.com\/wordpress\/plugins\/seo\/ -->\n<title>PEDIAROME 200 ml | D\u00e9odorant pour pieds - Cinier-B pour Professionnels<\/title>\n<meta name=\"robots\" content=\"index, follow, max-snippet:-1, max-image-preview:large, max-video-preview:-1\" \/>\n<link rel=\"canonical\" href=\"https:\/\/cinier-b.com\/pro\/boutique\/soins-du-corps-frictions-de-sante\/cremes-lotions-gel\/transpiration\/pediarome-200-ml-bromidrose\/\" \/>\n<meta property=\"og:locale\" content=\"fr_FR\" \/>\n<meta property=\"og:type\" content=\"article\" \/>\n<meta property=\"og:title\" content=\"PEDIAROME 200 ml | D\u00e9odorant pour pieds - Cinier-B pour Professionnels\" \/>\n<meta property=\"og:description\" content=\"\u00a0D\u00e9odorant pour pieds | action LONGUE DUREE  Le + Cinier B :  - Livraison standard en offerte \u00e0 partir de 190\u20ac HT d&#039;achats (France m\u00e9tropolitaine)  Pulv\u00e9risateur 200ml\" \/>\n<meta property=\"og:url\" content=\"https:\/\/cinier-b.com\/pro\/boutique\/soins-du-corps-frictions-de-sante\/cremes-lotions-gel\/transpiration\/pediarome-200-ml-bromidrose\/\" \/>\n<meta property=\"og:site_name\" content=\"Cinier-B pour Professionnels\" \/>\n<meta property=\"article:modified_time\" content=\"2024-07-04T13:47:36+00:00\" \/>\n<meta property=\"og:image\" content=\"https:\/\/cinier-b.com\/pro\/wp-content\/uploads\/2022\/09\/pediarome-200-ml-900x900-1.jpg\" \/>\n\t<meta property=\"og:image:width\" content=\"900\" \/>\n\t<meta property=\"og:image:height\" content=\"900\" \/>\n\t<meta property=\"og:image:type\" content=\"image\/jpeg\" \/>\n<meta name=\"twitter:card\" content=\"summary_large_image\" \/>\n<meta name=\"twitter:label1\" content=\"Dur\u00e9e de lecture estim\u00e9e\" \/>\n\t<meta name=\"twitter:data1\" content=\"1 minute\" \/>\n<script type=\"application\/ld+json\" class=\"yoast-schema-graph\">{\"@context\":\"https:\/\/schema.org\",\"@graph\":[{\"@type\":\"WebPage\",\"@id\":\"https:\/\/cinier-b.com\/pro\/boutique\/soins-du-corps-frictions-de-sante\/cremes-lotions-gel\/transpiration\/pediarome-200-ml-bromidrose\/\",\"url\":\"https:\/\/cinier-b.com\/pro\/boutique\/soins-du-corps-frictions-de-sante\/cremes-lotions-gel\/transpiration\/pediarome-200-ml-bromidrose\/\",\"name\":\"PEDIAROME 200 ml | D\u00e9odorant pour pieds - Cinier-B pour Professionnels\",\"isPartOf\":{\"@id\":\"https:\/\/cinier-b.com\/pro\/#website\"},\"primaryImageOfPage\":{\"@id\":\"https:\/\/cinier-b.com\/pro\/boutique\/soins-du-corps-frictions-de-sante\/cremes-lotions-gel\/transpiration\/pediarome-200-ml-bromidrose\/#primaryimage\"},\"image\":{\"@id\":\"https:\/\/cinier-b.com\/pro\/boutique\/soins-du-corps-frictions-de-sante\/cremes-lotions-gel\/transpiration\/pediarome-200-ml-bromidrose\/#primaryimage\"},\"thumbnailUrl\":\"https:\/\/cinier-b.com\/pro\/wp-content\/uploads\/2022\/09\/pediarome-200-ml-900x900-1.jpg\",\"datePublished\":\"2022-09-13T12:03:32+00:00\",\"dateModified\":\"2024-07-04T13:47:36+00:00\",\"breadcrumb\":{\"@id\":\"https:\/\/cinier-b.com\/pro\/boutique\/soins-du-corps-frictions-de-sante\/cremes-lotions-gel\/transpiration\/pediarome-200-ml-bromidrose\/#breadcrumb\"},\"inLanguage\":\"fr-FR\",\"potentialAction\":[{\"@type\":\"ReadAction\",\"target\":[\"https:\/\/cinier-b.com\/pro\/boutique\/soins-du-corps-frictions-de-sante\/cremes-lotions-gel\/transpiration\/pediarome-200-ml-bromidrose\/\"]}]},{\"@type\":\"ImageObject\",\"inLanguage\":\"fr-FR\",\"@id\":\"https:\/\/cinier-b.com\/pro\/boutique\/soins-du-corps-frictions-de-sante\/cremes-lotions-gel\/transpiration\/pediarome-200-ml-bromidrose\/#primaryimage\",\"url\":\"https:\/\/cinier-b.com\/pro\/wp-content\/uploads\/2022\/09\/pediarome-200-ml-900x900-1.jpg\",\"contentUrl\":\"https:\/\/cinier-b.com\/pro\/wp-content\/uploads\/2022\/09\/pediarome-200-ml-900x900-1.jpg\",\"width\":900,\"height\":900},{\"@type\":\"BreadcrumbList\",\"@id\":\"https:\/\/cinier-b.com\/pro\/boutique\/soins-du-corps-frictions-de-sante\/cremes-lotions-gel\/transpiration\/pediarome-200-ml-bromidrose\/#breadcrumb\",\"itemListElement\":[{\"@type\":\"ListItem\",\"position\":1,\"name\":\"Accueil\",\"item\":\"https:\/\/cinier-b.com\/pro\/accueil\/\"},{\"@type\":\"ListItem\",\"position\":2,\"name\":\"Boutique\",\"item\":\"https:\/\/cinier-b.com\/pro\/boutique\/\"},{\"@type\":\"ListItem\",\"position\":3,\"name\":\"PEDIAROME 200 ml | D\u00e9odorant pour pieds\"}]},{\"@type\":\"WebSite\",\"@id\":\"https:\/\/cinier-b.com\/pro\/#website\",\"url\":\"https:\/\/cinier-b.com\/pro\/\",\"name\":\"Cinier-B pour Professionnels\",\"description\":\"Laboratoires Cinier-B\",\"potentialAction\":[{\"@type\":\"SearchAction\",\"target\":{\"@type\":\"EntryPoint\",\"urlTemplate\":\"https:\/\/cinier-b.com\/pro\/?s={search_term_string}\"},\"query-input\":{\"@type\":\"PropertyValueSpecification\",\"valueRequired\":true,\"valueName\":\"search_term_string\"}}],\"inLanguage\":\"fr-FR\"}]}<\/script>\n<!-- \/ Yoast SEO plugin. -->","yoast_head_json":{"title":"PEDIAROME 200 ml | D\u00e9odorant pour pieds - Cinier-B pour Professionnels","robots":{"index":"index","follow":"follow","max-snippet":"max-snippet:-1","max-image-preview":"max-image-preview:large","max-video-preview":"max-video-preview:-1"},"canonical":"https:\/\/cinier-b.com\/pro\/boutique\/soins-du-corps-frictions-de-sante\/cremes-lotions-gel\/transpiration\/pediarome-200-ml-bromidrose\/","og_locale":"fr_FR","og_type":"article","og_title":"PEDIAROME 200 ml | D\u00e9odorant pour pieds - Cinier-B pour Professionnels","og_description":"\u00a0D\u00e9odorant pour pieds | action LONGUE DUREE  Le + Cinier B :  - Livraison standard en offerte \u00e0 partir de 190\u20ac HT d'achats (France m\u00e9tropolitaine)  Pulv\u00e9risateur 200ml","og_url":"https:\/\/cinier-b.com\/pro\/boutique\/soins-du-corps-frictions-de-sante\/cremes-lotions-gel\/transpiration\/pediarome-200-ml-bromidrose\/","og_site_name":"Cinier-B pour Professionnels","article_modified_time":"2024-07-04T13:47:36+00:00","og_image":[{"width":900,"height":900,"url":"https:\/\/cinier-b.com\/pro\/wp-content\/uploads\/2022\/09\/pediarome-200-ml-900x900-1.jpg","type":"image\/jpeg"}],"twitter_card":"summary_large_image","twitter_misc":{"Dur\u00e9e de lecture estim\u00e9e":"1 minute"},"schema":{"@context":"https:\/\/schema.org","@graph":[{"@type":"WebPage","@id":"https:\/\/cinier-b.com\/pro\/boutique\/soins-du-corps-frictions-de-sante\/cremes-lotions-gel\/transpiration\/pediarome-200-ml-bromidrose\/","url":"https:\/\/cinier-b.com\/pro\/boutique\/soins-du-corps-frictions-de-sante\/cremes-lotions-gel\/transpiration\/pediarome-200-ml-bromidrose\/","name":"PEDIAROME 200 ml | D\u00e9odorant pour pieds - Cinier-B pour Professionnels","isPartOf":{"@id":"https:\/\/cinier-b.com\/pro\/#website"},"primaryImageOfPage":{"@id":"https:\/\/cinier-b.com\/pro\/boutique\/soins-du-corps-frictions-de-sante\/cremes-lotions-gel\/transpiration\/pediarome-200-ml-bromidrose\/#primaryimage"},"image":{"@id":"https:\/\/cinier-b.com\/pro\/boutique\/soins-du-corps-frictions-de-sante\/cremes-lotions-gel\/transpiration\/pediarome-200-ml-bromidrose\/#primaryimage"},"thumbnailUrl":"https:\/\/cinier-b.com\/pro\/wp-content\/uploads\/2022\/09\/pediarome-200-ml-900x900-1.jpg","datePublished":"2022-09-13T12:03:32+00:00","dateModified":"2024-07-04T13:47:36+00:00","breadcrumb":{"@id":"https:\/\/cinier-b.com\/pro\/boutique\/soins-du-corps-frictions-de-sante\/cremes-lotions-gel\/transpiration\/pediarome-200-ml-bromidrose\/#breadcrumb"},"inLanguage":"fr-FR","potentialAction":[{"@type":"ReadAction","target":["https:\/\/cinier-b.com\/pro\/boutique\/soins-du-corps-frictions-de-sante\/cremes-lotions-gel\/transpiration\/pediarome-200-ml-bromidrose\/"]}]},{"@type":"ImageObject","inLanguage":"fr-FR","@id":"https:\/\/cinier-b.com\/pro\/boutique\/soins-du-corps-frictions-de-sante\/cremes-lotions-gel\/transpiration\/pediarome-200-ml-bromidrose\/#primaryimage","url":"https:\/\/cinier-b.com\/pro\/wp-content\/uploads\/2022\/09\/pediarome-200-ml-900x900-1.jpg","contentUrl":"https:\/\/cinier-b.com\/pro\/wp-content\/uploads\/2022\/09\/pediarome-200-ml-900x900-1.jpg","width":900,"height":900},{"@type":"BreadcrumbList","@id":"https:\/\/cinier-b.com\/pro\/boutique\/soins-du-corps-frictions-de-sante\/cremes-lotions-gel\/transpiration\/pediarome-200-ml-bromidrose\/#breadcrumb","itemListElement":[{"@type":"ListItem","position":1,"name":"Accueil","item":"https:\/\/cinier-b.com\/pro\/accueil\/"},{"@type":"ListItem","position":2,"name":"Boutique","item":"https:\/\/cinier-b.com\/pro\/boutique\/"},{"@type":"ListItem","position":3,"name":"PEDIAROME 200 ml | D\u00e9odorant pour pieds"}]},{"@type":"WebSite","@id":"https:\/\/cinier-b.com\/pro\/#website","url":"https:\/\/cinier-b.com\/pro\/","name":"Cinier-B pour Professionnels","description":"Laboratoires Cinier-B","potentialAction":[{"@type":"SearchAction","target":{"@type":"EntryPoint","urlTemplate":"https:\/\/cinier-b.com\/pro\/?s={search_term_string}"},"query-input":{"@type":"PropertyValueSpecification","valueRequired":true,"valueName":"search_term_string"}}],"inLanguage":"fr-FR"}]}},"_links":{"self":[{"href":"https:\/\/cinier-b.com\/pro\/wp-json\/wp\/v2\/product\/6917"}],"collection":[{"href":"https:\/\/cinier-b.com\/pro\/wp-json\/wp\/v2\/product"}],"about":[{"href":"https:\/\/cinier-b.com\/pro\/wp-json\/wp\/v2\/types\/product"}],"replies":[{"embeddable":true,"href":"https:\/\/cinier-b.com\/pro\/wp-json\/wp\/v2\/comments?post=6917"}],"wp:featuredmedia":[{"embeddable":true,"href":"https:\/\/cinier-b.com\/pro\/wp-json\/wp\/v2\/media\/7014"}],"wp:attachment":[{"href":"https:\/\/cinier-b.com\/pro\/wp-json\/wp\/v2\/media?parent=6917"}],"wp:term":[{"taxonomy":"product_brand","embeddable":true,"href":"https:\/\/cinier-b.com\/pro\/wp-json\/wp\/v2\/product_brand?post=6917"},{"taxonomy":"product_cat","embeddable":true,"href":"https:\/\/cinier-b.com\/pro\/wp-json\/wp\/v2\/product_cat?post=6917"},{"taxonomy":"product_tag","embeddable":true,"href":"https:\/\/cinier-b.com\/pro\/wp-json\/wp\/v2\/product_tag?post=6917"}],"curies":[{"name":"wp","href":"https:\/\/api.w.org\/{rel}","templated":true}]}}