{"id":6396,"date":"2021-12-14T11:37:13","date_gmt":"2021-12-14T10:37:13","guid":{"rendered":"https:\/\/cinier-b.com\/pro\/?post_type=product&#038;p=6396"},"modified":"2023-07-05T12:38:59","modified_gmt":"2023-07-05T10:38:59","slug":"le-hammam","status":"publish","type":"product","link":"https:\/\/cinier-b.com\/pro\/boutique\/cv56-autour-du-bain\/packs-autour-du-bain\/le-hammam\/","title":{"rendered":"Le hammam"},"content":{"rendered":"<p><strong>L\u2019offre \u201cLe hammam\u201d allie charme et singularit\u00e9,\u00a0 avec son pot en pneu recycl\u00e9 cousu main, son \u00e9ponge 100% v\u00e9g\u00e9tale, et son Pain d\u2019argile<\/strong><\/p>\n<p>\u2013 1 Pain d\u2019argile, savon surgras, cuit \u00e0 froid \u00e0 partir d\u2019huiles v\u00e9g\u00e9tales de premi\u00e8re qualit\u00e9 et d\u2019argile rouge purifiante. Riche en min\u00e9raux r\u00e9g\u00e9n\u00e9rateurs, ce savon de gommage nettoie parfaitement et purifie la peau du corps et du visage. Il exfolie d\u00e9licatement, \u00e9limine les cellules mortes en surface et contribue \u00e0 chasser les points noirs.<\/p>\n<p>\u2013 1 Un joli Pot Pneu recycl\u00e9, cousu main. L\u00e9ger, souple et solide. Diam\u00e8tre 18 cm, hauteur 12,50 cm. Chaque pot est une pi\u00e8ce unique, r\u00e9alis\u00e9e \u00e0 partir d\u2019un morceau de caoutchouc, extrait d\u2019un pneu en fin de vie . Il sa place\u00a0 dans une salle de bain contemporaine.<\/p>\n<p>\u2013 1 Une \u00e9ponge exfoliante en loofa, pur v\u00e9g\u00e9tal. Ni abrasive, ni d\u00e9capante, elle peut \u00eatre utilis\u00e9e quotidiennement ou ponctuellement.<\/p>\n<p>&nbsp;<\/p>\n","protected":false},"excerpt":{"rendered":"<p>L\u2019offre \u201cLe hammam\u201d allie charme et singularit\u00e9,\u00a0 avec son pot en pneu recycl\u00e9 cousu main, son \u00e9ponge 100% v\u00e9g\u00e9tale, et son Pain d\u2019argile \u2013 1 Pain d\u2019argile, savon surgras, cuit \u00e0 froid \u00e0 partir d\u2019huiles v\u00e9g\u00e9tales de premi\u00e8re qualit\u00e9 et d\u2019argile rouge purifiante. Riche en min\u00e9raux r\u00e9g\u00e9n\u00e9rateurs, ce savon de gommage nettoie parfaitement et purifie [&hellip;]<\/p>\n","protected":false},"featured_media":7422,"comment_status":"open","ping_status":"closed","template":"","meta":[],"product_brand":[],"product_cat":[61],"product_tag":[],"class_list":{"0":"post-6396","1":"product","2":"type-product","3":"status-publish","4":"has-post-thumbnail","6":"product_cat-packs-autour-du-bain","8":"first","9":"instock","10":"taxable","11":"shipping-taxable","12":"purchasable","13":"product-type-simple"},"yoast_head":"<!-- This site is optimized with the Yoast SEO plugin v25.0 - https:\/\/yoast.com\/wordpress\/plugins\/seo\/ -->\n<title>Le hammam - Cinier-B pour Professionnels<\/title>\n<meta name=\"robots\" content=\"index, follow, max-snippet:-1, max-image-preview:large, max-video-preview:-1\" \/>\n<link rel=\"canonical\" href=\"https:\/\/cinier-b.com\/pro\/boutique\/cv56-autour-du-bain\/packs-autour-du-bain\/le-hammam\/\" \/>\n<meta property=\"og:locale\" content=\"fr_FR\" \/>\n<meta property=\"og:type\" content=\"article\" \/>\n<meta property=\"og:title\" content=\"Le hammam - Cinier-B pour Professionnels\" \/>\n<meta property=\"og:description\" content=\"L\u2019offre \u201cLe hammam\u201d allie charme et singularit\u00e9,\u00a0 avec son pot en pneu recycl\u00e9 cousu main, son \u00e9ponge 100% v\u00e9g\u00e9tale, et son Pain d\u2019argile \u2013 1 Pain d\u2019argile, savon surgras, cuit \u00e0 froid \u00e0 partir d\u2019huiles v\u00e9g\u00e9tales de premi\u00e8re qualit\u00e9 et d\u2019argile rouge purifiante. Riche en min\u00e9raux r\u00e9g\u00e9n\u00e9rateurs, ce savon de gommage nettoie parfaitement et purifie [&hellip;]\" \/>\n<meta property=\"og:url\" content=\"https:\/\/cinier-b.com\/pro\/boutique\/cv56-autour-du-bain\/packs-autour-du-bain\/le-hammam\/\" \/>\n<meta property=\"og:site_name\" content=\"Cinier-B pour Professionnels\" \/>\n<meta property=\"article:modified_time\" content=\"2023-07-05T10:38:59+00:00\" \/>\n<meta property=\"og:image\" content=\"https:\/\/cinier-b.com\/pro\/wp-content\/uploads\/2021\/12\/Pain-Alep-2-450x450-1.png\" \/>\n\t<meta property=\"og:image:width\" content=\"450\" \/>\n\t<meta property=\"og:image:height\" content=\"450\" \/>\n\t<meta property=\"og:image:type\" content=\"image\/png\" \/>\n<meta name=\"twitter:card\" content=\"summary_large_image\" \/>\n<meta name=\"twitter:label1\" content=\"Dur\u00e9e de lecture estim\u00e9e\" \/>\n\t<meta name=\"twitter:data1\" content=\"1 minute\" \/>\n<script type=\"application\/ld+json\" class=\"yoast-schema-graph\">{\"@context\":\"https:\/\/schema.org\",\"@graph\":[{\"@type\":\"WebPage\",\"@id\":\"https:\/\/cinier-b.com\/pro\/boutique\/cv56-autour-du-bain\/packs-autour-du-bain\/le-hammam\/\",\"url\":\"https:\/\/cinier-b.com\/pro\/boutique\/cv56-autour-du-bain\/packs-autour-du-bain\/le-hammam\/\",\"name\":\"Le hammam - Cinier-B pour Professionnels\",\"isPartOf\":{\"@id\":\"https:\/\/cinier-b.com\/pro\/#website\"},\"primaryImageOfPage\":{\"@id\":\"https:\/\/cinier-b.com\/pro\/boutique\/cv56-autour-du-bain\/packs-autour-du-bain\/le-hammam\/#primaryimage\"},\"image\":{\"@id\":\"https:\/\/cinier-b.com\/pro\/boutique\/cv56-autour-du-bain\/packs-autour-du-bain\/le-hammam\/#primaryimage\"},\"thumbnailUrl\":\"https:\/\/cinier-b.com\/pro\/wp-content\/uploads\/2021\/12\/Pain-Alep-2-450x450-1.png\",\"datePublished\":\"2021-12-14T10:37:13+00:00\",\"dateModified\":\"2023-07-05T10:38:59+00:00\",\"breadcrumb\":{\"@id\":\"https:\/\/cinier-b.com\/pro\/boutique\/cv56-autour-du-bain\/packs-autour-du-bain\/le-hammam\/#breadcrumb\"},\"inLanguage\":\"fr-FR\",\"potentialAction\":[{\"@type\":\"ReadAction\",\"target\":[\"https:\/\/cinier-b.com\/pro\/boutique\/cv56-autour-du-bain\/packs-autour-du-bain\/le-hammam\/\"]}]},{\"@type\":\"ImageObject\",\"inLanguage\":\"fr-FR\",\"@id\":\"https:\/\/cinier-b.com\/pro\/boutique\/cv56-autour-du-bain\/packs-autour-du-bain\/le-hammam\/#primaryimage\",\"url\":\"https:\/\/cinier-b.com\/pro\/wp-content\/uploads\/2021\/12\/Pain-Alep-2-450x450-1.png\",\"contentUrl\":\"https:\/\/cinier-b.com\/pro\/wp-content\/uploads\/2021\/12\/Pain-Alep-2-450x450-1.png\",\"width\":450,\"height\":450},{\"@type\":\"BreadcrumbList\",\"@id\":\"https:\/\/cinier-b.com\/pro\/boutique\/cv56-autour-du-bain\/packs-autour-du-bain\/le-hammam\/#breadcrumb\",\"itemListElement\":[{\"@type\":\"ListItem\",\"position\":1,\"name\":\"Accueil\",\"item\":\"https:\/\/cinier-b.com\/pro\/accueil\/\"},{\"@type\":\"ListItem\",\"position\":2,\"name\":\"Boutique\",\"item\":\"https:\/\/cinier-b.com\/pro\/boutique\/\"},{\"@type\":\"ListItem\",\"position\":3,\"name\":\"Le hammam\"}]},{\"@type\":\"WebSite\",\"@id\":\"https:\/\/cinier-b.com\/pro\/#website\",\"url\":\"https:\/\/cinier-b.com\/pro\/\",\"name\":\"Cinier-B pour Professionnels\",\"description\":\"Laboratoires Cinier-B\",\"potentialAction\":[{\"@type\":\"SearchAction\",\"target\":{\"@type\":\"EntryPoint\",\"urlTemplate\":\"https:\/\/cinier-b.com\/pro\/?s={search_term_string}\"},\"query-input\":{\"@type\":\"PropertyValueSpecification\",\"valueRequired\":true,\"valueName\":\"search_term_string\"}}],\"inLanguage\":\"fr-FR\"}]}<\/script>\n<!-- \/ Yoast SEO plugin. -->","yoast_head_json":{"title":"Le hammam - Cinier-B pour Professionnels","robots":{"index":"index","follow":"follow","max-snippet":"max-snippet:-1","max-image-preview":"max-image-preview:large","max-video-preview":"max-video-preview:-1"},"canonical":"https:\/\/cinier-b.com\/pro\/boutique\/cv56-autour-du-bain\/packs-autour-du-bain\/le-hammam\/","og_locale":"fr_FR","og_type":"article","og_title":"Le hammam - Cinier-B pour Professionnels","og_description":"L\u2019offre \u201cLe hammam\u201d allie charme et singularit\u00e9,\u00a0 avec son pot en pneu recycl\u00e9 cousu main, son \u00e9ponge 100% v\u00e9g\u00e9tale, et son Pain d\u2019argile \u2013 1 Pain d\u2019argile, savon surgras, cuit \u00e0 froid \u00e0 partir d\u2019huiles v\u00e9g\u00e9tales de premi\u00e8re qualit\u00e9 et d\u2019argile rouge purifiante. Riche en min\u00e9raux r\u00e9g\u00e9n\u00e9rateurs, ce savon de gommage nettoie parfaitement et purifie [&hellip;]","og_url":"https:\/\/cinier-b.com\/pro\/boutique\/cv56-autour-du-bain\/packs-autour-du-bain\/le-hammam\/","og_site_name":"Cinier-B pour Professionnels","article_modified_time":"2023-07-05T10:38:59+00:00","og_image":[{"width":450,"height":450,"url":"https:\/\/cinier-b.com\/pro\/wp-content\/uploads\/2021\/12\/Pain-Alep-2-450x450-1.png","type":"image\/png"}],"twitter_card":"summary_large_image","twitter_misc":{"Dur\u00e9e de lecture estim\u00e9e":"1 minute"},"schema":{"@context":"https:\/\/schema.org","@graph":[{"@type":"WebPage","@id":"https:\/\/cinier-b.com\/pro\/boutique\/cv56-autour-du-bain\/packs-autour-du-bain\/le-hammam\/","url":"https:\/\/cinier-b.com\/pro\/boutique\/cv56-autour-du-bain\/packs-autour-du-bain\/le-hammam\/","name":"Le hammam - Cinier-B pour Professionnels","isPartOf":{"@id":"https:\/\/cinier-b.com\/pro\/#website"},"primaryImageOfPage":{"@id":"https:\/\/cinier-b.com\/pro\/boutique\/cv56-autour-du-bain\/packs-autour-du-bain\/le-hammam\/#primaryimage"},"image":{"@id":"https:\/\/cinier-b.com\/pro\/boutique\/cv56-autour-du-bain\/packs-autour-du-bain\/le-hammam\/#primaryimage"},"thumbnailUrl":"https:\/\/cinier-b.com\/pro\/wp-content\/uploads\/2021\/12\/Pain-Alep-2-450x450-1.png","datePublished":"2021-12-14T10:37:13+00:00","dateModified":"2023-07-05T10:38:59+00:00","breadcrumb":{"@id":"https:\/\/cinier-b.com\/pro\/boutique\/cv56-autour-du-bain\/packs-autour-du-bain\/le-hammam\/#breadcrumb"},"inLanguage":"fr-FR","potentialAction":[{"@type":"ReadAction","target":["https:\/\/cinier-b.com\/pro\/boutique\/cv56-autour-du-bain\/packs-autour-du-bain\/le-hammam\/"]}]},{"@type":"ImageObject","inLanguage":"fr-FR","@id":"https:\/\/cinier-b.com\/pro\/boutique\/cv56-autour-du-bain\/packs-autour-du-bain\/le-hammam\/#primaryimage","url":"https:\/\/cinier-b.com\/pro\/wp-content\/uploads\/2021\/12\/Pain-Alep-2-450x450-1.png","contentUrl":"https:\/\/cinier-b.com\/pro\/wp-content\/uploads\/2021\/12\/Pain-Alep-2-450x450-1.png","width":450,"height":450},{"@type":"BreadcrumbList","@id":"https:\/\/cinier-b.com\/pro\/boutique\/cv56-autour-du-bain\/packs-autour-du-bain\/le-hammam\/#breadcrumb","itemListElement":[{"@type":"ListItem","position":1,"name":"Accueil","item":"https:\/\/cinier-b.com\/pro\/accueil\/"},{"@type":"ListItem","position":2,"name":"Boutique","item":"https:\/\/cinier-b.com\/pro\/boutique\/"},{"@type":"ListItem","position":3,"name":"Le hammam"}]},{"@type":"WebSite","@id":"https:\/\/cinier-b.com\/pro\/#website","url":"https:\/\/cinier-b.com\/pro\/","name":"Cinier-B pour Professionnels","description":"Laboratoires Cinier-B","potentialAction":[{"@type":"SearchAction","target":{"@type":"EntryPoint","urlTemplate":"https:\/\/cinier-b.com\/pro\/?s={search_term_string}"},"query-input":{"@type":"PropertyValueSpecification","valueRequired":true,"valueName":"search_term_string"}}],"inLanguage":"fr-FR"}]}},"_links":{"self":[{"href":"https:\/\/cinier-b.com\/pro\/wp-json\/wp\/v2\/product\/6396"}],"collection":[{"href":"https:\/\/cinier-b.com\/pro\/wp-json\/wp\/v2\/product"}],"about":[{"href":"https:\/\/cinier-b.com\/pro\/wp-json\/wp\/v2\/types\/product"}],"replies":[{"embeddable":true,"href":"https:\/\/cinier-b.com\/pro\/wp-json\/wp\/v2\/comments?post=6396"}],"wp:featuredmedia":[{"embeddable":true,"href":"https:\/\/cinier-b.com\/pro\/wp-json\/wp\/v2\/media\/7422"}],"wp:attachment":[{"href":"https:\/\/cinier-b.com\/pro\/wp-json\/wp\/v2\/media?parent=6396"}],"wp:term":[{"taxonomy":"product_brand","embeddable":true,"href":"https:\/\/cinier-b.com\/pro\/wp-json\/wp\/v2\/product_brand?post=6396"},{"taxonomy":"product_cat","embeddable":true,"href":"https:\/\/cinier-b.com\/pro\/wp-json\/wp\/v2\/product_cat?post=6396"},{"taxonomy":"product_tag","embeddable":true,"href":"https:\/\/cinier-b.com\/pro\/wp-json\/wp\/v2\/product_tag?post=6396"}],"curies":[{"name":"wp","href":"https:\/\/api.w.org\/{rel}","templated":true}]}}