{"id":5402,"date":"2021-04-20T11:34:29","date_gmt":"2021-04-20T09:34:29","guid":{"rendered":"https:\/\/professionnels.cinier-b.com\/?post_type=product&#038;p=5402"},"modified":"2025-09-22T09:26:04","modified_gmt":"2025-09-22T07:26:04","slug":"huile-capillaire-purifiante","status":"publish","type":"product","link":"https:\/\/cinier-b.com\/pro\/boutique\/soins-du-corps-frictions-de-sante\/huiles-vegetales\/pour-les-cheveux\/huile-capillaire-purifiante\/","title":{"rendered":"HUILE CAPILLAIRE Purifiante"},"content":{"rendered":"<p>Ses 5 huiles v\u00e9g\u00e9tales riches en vitamines naturelles (provitamines A, E et F) et en acides gras insatur\u00e9s (linol\u00e9ique et linol\u00e9nique) nourrissent le bulbe pileux, prot\u00e8gent la fibre capillaire de la s\u00e9cheresse et des agressions ext\u00e9rieures et donnent \u00e0 la chevelure brillance, volume et vitalit\u00e9. Ses 7 huiles essentielles aux propri\u00e9t\u00e9s antiseptiques assainissent le cuir chevelu, luttent contre les pellicules et les desquamations et calment les irritations.<\/p>\n<p>Le complexe d\u2019huiles essentielles aux propri\u00e9t\u00e9s purifiantes et antiseptiques assainissent le cuir chevelu, luttent contre les pellicules et les desquamations et calment les irritations.<\/p>\n<p>De plus, ses huiles essentielles aident \u00e0 lutter efficacement contre l\u2019installation de parasites.<\/p>\n","protected":false},"excerpt":{"rendered":"<blockquote><p>\u00a0Prot\u00e8ge la fibre capillaire | Brillance, volume et vitalit\u00e9<\/p><\/blockquote>\n<p><b>Les + Cinier B : <\/b><\/p>\n<p style=\"text-align: left;\">&#8211; <span style=\"font-weight: 400;\">Livraison offerte \u00e0 partir de 190\u20ac HT d&rsquo;achats (France m\u00e9tropolitaine)<\/span><\/p>\n","protected":false},"featured_media":5428,"comment_status":"open","ping_status":"closed","template":"","meta":[],"product_brand":[],"product_cat":[109],"product_tag":[],"class_list":{"0":"post-5402","1":"product","2":"type-product","3":"status-publish","4":"has-post-thumbnail","6":"product_cat-pour-les-cheveux","8":"first","9":"instock","10":"taxable","11":"shipping-taxable","12":"purchasable","13":"product-type-variable"},"yoast_head":"<!-- This site is optimized with the Yoast SEO plugin v25.0 - https:\/\/yoast.com\/wordpress\/plugins\/seo\/ -->\n<title>HUILE CAPILLAIRE Purifiante - Cinier-B pour Professionnels<\/title>\n<meta name=\"robots\" content=\"index, follow, max-snippet:-1, max-image-preview:large, max-video-preview:-1\" \/>\n<link rel=\"canonical\" href=\"https:\/\/cinier-b.com\/pro\/boutique\/soins-du-corps-frictions-de-sante\/huiles-vegetales\/pour-les-cheveux\/huile-capillaire-purifiante\/\" \/>\n<meta property=\"og:locale\" content=\"fr_FR\" \/>\n<meta property=\"og:type\" content=\"article\" \/>\n<meta property=\"og:title\" content=\"HUILE CAPILLAIRE Purifiante - Cinier-B pour Professionnels\" \/>\n<meta property=\"og:description\" content=\"\u00a0Prot\u00e8ge la fibre capillaire | Brillance, volume et vitalit\u00e9 Les + Cinier B :  - Livraison offerte \u00e0 partir de 190\u20ac HT d&#039;achats (France m\u00e9tropolitaine)\" \/>\n<meta property=\"og:url\" content=\"https:\/\/cinier-b.com\/pro\/boutique\/soins-du-corps-frictions-de-sante\/huiles-vegetales\/pour-les-cheveux\/huile-capillaire-purifiante\/\" \/>\n<meta property=\"og:site_name\" content=\"Cinier-B pour Professionnels\" \/>\n<meta property=\"article:modified_time\" content=\"2025-09-22T07:26:04+00:00\" \/>\n<meta property=\"og:image\" content=\"https:\/\/cinier-b.com\/pro\/wp-content\/uploads\/2021\/04\/huile-capillaire-purifiante-.jpeg\" \/>\n\t<meta property=\"og:image:width\" content=\"1123\" \/>\n\t<meta property=\"og:image:height\" content=\"794\" \/>\n\t<meta property=\"og:image:type\" content=\"image\/jpeg\" \/>\n<meta name=\"twitter:card\" content=\"summary_large_image\" \/>\n<meta name=\"twitter:label1\" content=\"Dur\u00e9e de lecture estim\u00e9e\" \/>\n\t<meta name=\"twitter:data1\" content=\"1 minute\" \/>\n<script type=\"application\/ld+json\" class=\"yoast-schema-graph\">{\"@context\":\"https:\/\/schema.org\",\"@graph\":[{\"@type\":\"WebPage\",\"@id\":\"https:\/\/cinier-b.com\/pro\/boutique\/soins-du-corps-frictions-de-sante\/huiles-vegetales\/pour-les-cheveux\/huile-capillaire-purifiante\/\",\"url\":\"https:\/\/cinier-b.com\/pro\/boutique\/soins-du-corps-frictions-de-sante\/huiles-vegetales\/pour-les-cheveux\/huile-capillaire-purifiante\/\",\"name\":\"HUILE CAPILLAIRE Purifiante - Cinier-B pour Professionnels\",\"isPartOf\":{\"@id\":\"https:\/\/cinier-b.com\/pro\/#website\"},\"primaryImageOfPage\":{\"@id\":\"https:\/\/cinier-b.com\/pro\/boutique\/soins-du-corps-frictions-de-sante\/huiles-vegetales\/pour-les-cheveux\/huile-capillaire-purifiante\/#primaryimage\"},\"image\":{\"@id\":\"https:\/\/cinier-b.com\/pro\/boutique\/soins-du-corps-frictions-de-sante\/huiles-vegetales\/pour-les-cheveux\/huile-capillaire-purifiante\/#primaryimage\"},\"thumbnailUrl\":\"https:\/\/cinier-b.com\/pro\/wp-content\/uploads\/2021\/04\/huile-capillaire-purifiante-.jpeg\",\"datePublished\":\"2021-04-20T09:34:29+00:00\",\"dateModified\":\"2025-09-22T07:26:04+00:00\",\"breadcrumb\":{\"@id\":\"https:\/\/cinier-b.com\/pro\/boutique\/soins-du-corps-frictions-de-sante\/huiles-vegetales\/pour-les-cheveux\/huile-capillaire-purifiante\/#breadcrumb\"},\"inLanguage\":\"fr-FR\",\"potentialAction\":[{\"@type\":\"ReadAction\",\"target\":[\"https:\/\/cinier-b.com\/pro\/boutique\/soins-du-corps-frictions-de-sante\/huiles-vegetales\/pour-les-cheveux\/huile-capillaire-purifiante\/\"]}]},{\"@type\":\"ImageObject\",\"inLanguage\":\"fr-FR\",\"@id\":\"https:\/\/cinier-b.com\/pro\/boutique\/soins-du-corps-frictions-de-sante\/huiles-vegetales\/pour-les-cheveux\/huile-capillaire-purifiante\/#primaryimage\",\"url\":\"https:\/\/cinier-b.com\/pro\/wp-content\/uploads\/2021\/04\/huile-capillaire-purifiante-.jpeg\",\"contentUrl\":\"https:\/\/cinier-b.com\/pro\/wp-content\/uploads\/2021\/04\/huile-capillaire-purifiante-.jpeg\",\"width\":1123,\"height\":794},{\"@type\":\"BreadcrumbList\",\"@id\":\"https:\/\/cinier-b.com\/pro\/boutique\/soins-du-corps-frictions-de-sante\/huiles-vegetales\/pour-les-cheveux\/huile-capillaire-purifiante\/#breadcrumb\",\"itemListElement\":[{\"@type\":\"ListItem\",\"position\":1,\"name\":\"Accueil\",\"item\":\"https:\/\/cinier-b.com\/pro\/accueil\/\"},{\"@type\":\"ListItem\",\"position\":2,\"name\":\"Boutique\",\"item\":\"https:\/\/cinier-b.com\/pro\/boutique\/\"},{\"@type\":\"ListItem\",\"position\":3,\"name\":\"HUILE CAPILLAIRE Purifiante\"}]},{\"@type\":\"WebSite\",\"@id\":\"https:\/\/cinier-b.com\/pro\/#website\",\"url\":\"https:\/\/cinier-b.com\/pro\/\",\"name\":\"Cinier-B pour Professionnels\",\"description\":\"Laboratoires Cinier-B\",\"potentialAction\":[{\"@type\":\"SearchAction\",\"target\":{\"@type\":\"EntryPoint\",\"urlTemplate\":\"https:\/\/cinier-b.com\/pro\/?s={search_term_string}\"},\"query-input\":{\"@type\":\"PropertyValueSpecification\",\"valueRequired\":true,\"valueName\":\"search_term_string\"}}],\"inLanguage\":\"fr-FR\"}]}<\/script>\n<!-- \/ Yoast SEO plugin. -->","yoast_head_json":{"title":"HUILE CAPILLAIRE Purifiante - Cinier-B pour Professionnels","robots":{"index":"index","follow":"follow","max-snippet":"max-snippet:-1","max-image-preview":"max-image-preview:large","max-video-preview":"max-video-preview:-1"},"canonical":"https:\/\/cinier-b.com\/pro\/boutique\/soins-du-corps-frictions-de-sante\/huiles-vegetales\/pour-les-cheveux\/huile-capillaire-purifiante\/","og_locale":"fr_FR","og_type":"article","og_title":"HUILE CAPILLAIRE Purifiante - Cinier-B pour Professionnels","og_description":"\u00a0Prot\u00e8ge la fibre capillaire | Brillance, volume et vitalit\u00e9 Les + Cinier B :  - Livraison offerte \u00e0 partir de 190\u20ac HT d'achats (France m\u00e9tropolitaine)","og_url":"https:\/\/cinier-b.com\/pro\/boutique\/soins-du-corps-frictions-de-sante\/huiles-vegetales\/pour-les-cheveux\/huile-capillaire-purifiante\/","og_site_name":"Cinier-B pour Professionnels","article_modified_time":"2025-09-22T07:26:04+00:00","og_image":[{"width":1123,"height":794,"url":"https:\/\/cinier-b.com\/pro\/wp-content\/uploads\/2021\/04\/huile-capillaire-purifiante-.jpeg","type":"image\/jpeg"}],"twitter_card":"summary_large_image","twitter_misc":{"Dur\u00e9e de lecture estim\u00e9e":"1 minute"},"schema":{"@context":"https:\/\/schema.org","@graph":[{"@type":"WebPage","@id":"https:\/\/cinier-b.com\/pro\/boutique\/soins-du-corps-frictions-de-sante\/huiles-vegetales\/pour-les-cheveux\/huile-capillaire-purifiante\/","url":"https:\/\/cinier-b.com\/pro\/boutique\/soins-du-corps-frictions-de-sante\/huiles-vegetales\/pour-les-cheveux\/huile-capillaire-purifiante\/","name":"HUILE CAPILLAIRE Purifiante - Cinier-B pour Professionnels","isPartOf":{"@id":"https:\/\/cinier-b.com\/pro\/#website"},"primaryImageOfPage":{"@id":"https:\/\/cinier-b.com\/pro\/boutique\/soins-du-corps-frictions-de-sante\/huiles-vegetales\/pour-les-cheveux\/huile-capillaire-purifiante\/#primaryimage"},"image":{"@id":"https:\/\/cinier-b.com\/pro\/boutique\/soins-du-corps-frictions-de-sante\/huiles-vegetales\/pour-les-cheveux\/huile-capillaire-purifiante\/#primaryimage"},"thumbnailUrl":"https:\/\/cinier-b.com\/pro\/wp-content\/uploads\/2021\/04\/huile-capillaire-purifiante-.jpeg","datePublished":"2021-04-20T09:34:29+00:00","dateModified":"2025-09-22T07:26:04+00:00","breadcrumb":{"@id":"https:\/\/cinier-b.com\/pro\/boutique\/soins-du-corps-frictions-de-sante\/huiles-vegetales\/pour-les-cheveux\/huile-capillaire-purifiante\/#breadcrumb"},"inLanguage":"fr-FR","potentialAction":[{"@type":"ReadAction","target":["https:\/\/cinier-b.com\/pro\/boutique\/soins-du-corps-frictions-de-sante\/huiles-vegetales\/pour-les-cheveux\/huile-capillaire-purifiante\/"]}]},{"@type":"ImageObject","inLanguage":"fr-FR","@id":"https:\/\/cinier-b.com\/pro\/boutique\/soins-du-corps-frictions-de-sante\/huiles-vegetales\/pour-les-cheveux\/huile-capillaire-purifiante\/#primaryimage","url":"https:\/\/cinier-b.com\/pro\/wp-content\/uploads\/2021\/04\/huile-capillaire-purifiante-.jpeg","contentUrl":"https:\/\/cinier-b.com\/pro\/wp-content\/uploads\/2021\/04\/huile-capillaire-purifiante-.jpeg","width":1123,"height":794},{"@type":"BreadcrumbList","@id":"https:\/\/cinier-b.com\/pro\/boutique\/soins-du-corps-frictions-de-sante\/huiles-vegetales\/pour-les-cheveux\/huile-capillaire-purifiante\/#breadcrumb","itemListElement":[{"@type":"ListItem","position":1,"name":"Accueil","item":"https:\/\/cinier-b.com\/pro\/accueil\/"},{"@type":"ListItem","position":2,"name":"Boutique","item":"https:\/\/cinier-b.com\/pro\/boutique\/"},{"@type":"ListItem","position":3,"name":"HUILE CAPILLAIRE Purifiante"}]},{"@type":"WebSite","@id":"https:\/\/cinier-b.com\/pro\/#website","url":"https:\/\/cinier-b.com\/pro\/","name":"Cinier-B pour Professionnels","description":"Laboratoires Cinier-B","potentialAction":[{"@type":"SearchAction","target":{"@type":"EntryPoint","urlTemplate":"https:\/\/cinier-b.com\/pro\/?s={search_term_string}"},"query-input":{"@type":"PropertyValueSpecification","valueRequired":true,"valueName":"search_term_string"}}],"inLanguage":"fr-FR"}]}},"_links":{"self":[{"href":"https:\/\/cinier-b.com\/pro\/wp-json\/wp\/v2\/product\/5402"}],"collection":[{"href":"https:\/\/cinier-b.com\/pro\/wp-json\/wp\/v2\/product"}],"about":[{"href":"https:\/\/cinier-b.com\/pro\/wp-json\/wp\/v2\/types\/product"}],"replies":[{"embeddable":true,"href":"https:\/\/cinier-b.com\/pro\/wp-json\/wp\/v2\/comments?post=5402"}],"wp:featuredmedia":[{"embeddable":true,"href":"https:\/\/cinier-b.com\/pro\/wp-json\/wp\/v2\/media\/5428"}],"wp:attachment":[{"href":"https:\/\/cinier-b.com\/pro\/wp-json\/wp\/v2\/media?parent=5402"}],"wp:term":[{"taxonomy":"product_brand","embeddable":true,"href":"https:\/\/cinier-b.com\/pro\/wp-json\/wp\/v2\/product_brand?post=5402"},{"taxonomy":"product_cat","embeddable":true,"href":"https:\/\/cinier-b.com\/pro\/wp-json\/wp\/v2\/product_cat?post=5402"},{"taxonomy":"product_tag","embeddable":true,"href":"https:\/\/cinier-b.com\/pro\/wp-json\/wp\/v2\/product_tag?post=5402"}],"curies":[{"name":"wp","href":"https:\/\/api.w.org\/{rel}","templated":true}]}}