{"id":5400,"date":"2021-04-20T11:28:23","date_gmt":"2021-04-20T09:28:23","guid":{"rendered":"https:\/\/professionnels.cinier-b.com\/?post_type=product&#038;p=5400"},"modified":"2024-03-04T10:06:32","modified_gmt":"2024-03-04T09:06:32","slug":"huile-capillaire-protectrice","status":"publish","type":"product","link":"https:\/\/cinier-b.com\/pro\/boutique\/soins-du-corps-frictions-de-sante\/huiles-vegetales\/pour-les-cheveux\/huile-capillaire-protectrice\/","title":{"rendered":"HUILE CAPILLAIRE Protectrice | 50ml"},"content":{"rendered":"<p>Complexe 100% naturel d\u2019huiles v\u00e9g\u00e9tales et d\u2019huiles essentielles. L\u2019 huile de jojoba fortifie les cheveux secs et r\u00e9\u00e9quilibre les cheveux gras gr\u00e2ce \u00e0 sa composition proche du s\u00e9bum. Celles de bourrache et d\u2019avocat nourrissent, prot\u00e8gent les cheveux, r\u00e9g\u00e9n\u00e8rent le bulbe pileux . Elles emp\u00eachent la d\u00e9shydratation. Les huiles essentielles de ylang-ylang et d\u2019orange sont toniques, r\u00e9\u00e9quilibrantes et r\u00e9g\u00e9n\u00e9rantes.<\/p>\n<p>C\u2019est un soin complet pour conserver ou retrouver une chevelure saine et brillante .<\/p>\n<p>En r\u00e9partissant quelques gouttes sur la chevelure le soir, vous prot\u00e8gerez vos cheveux et les retrouverez rapidement \u00e9clatants.<\/p>\n","protected":false},"excerpt":{"rendered":"<h5><\/h5>\n<blockquote><p>Prot\u00e8ge les cheveux | Brillance, douceur, protection<\/p><\/blockquote>\n<p><b>Les + Cinier B : <\/b><\/p>\n<p style=\"text-align: left;\">&#8211; <span style=\"font-weight: 400;\">Livraison offerte \u00e0 partir de 190\u20ac HT d&rsquo;achats (France m\u00e9tropolitaine)<\/span><\/p>\n<div class=\"woocommerce-product-details__short-description\">\n<h4><\/h4>\n<\/div>\n","protected":false},"featured_media":5423,"comment_status":"open","ping_status":"closed","template":"","meta":[],"product_brand":[],"product_cat":[109],"product_tag":[],"class_list":{"0":"post-5400","1":"product","2":"type-product","3":"status-publish","4":"has-post-thumbnail","6":"product_cat-pour-les-cheveux","8":"first","9":"instock","10":"taxable","11":"shipping-taxable","12":"purchasable","13":"product-type-variable"},"yoast_head":"<!-- This site is optimized with the Yoast SEO plugin v25.0 - https:\/\/yoast.com\/wordpress\/plugins\/seo\/ -->\n<title>HUILE CAPILLAIRE Protectrice | 50ml - Cinier-B pour Professionnels<\/title>\n<meta name=\"robots\" content=\"index, follow, max-snippet:-1, max-image-preview:large, max-video-preview:-1\" \/>\n<link rel=\"canonical\" href=\"https:\/\/cinier-b.com\/pro\/boutique\/soins-du-corps-frictions-de-sante\/huiles-vegetales\/pour-les-cheveux\/huile-capillaire-protectrice\/\" \/>\n<meta property=\"og:locale\" content=\"fr_FR\" \/>\n<meta property=\"og:type\" content=\"article\" \/>\n<meta property=\"og:title\" content=\"HUILE CAPILLAIRE Protectrice | 50ml - Cinier-B pour Professionnels\" \/>\n<meta property=\"og:description\" content=\"Prot\u00e8ge les cheveux | Brillance, douceur, protection Les + Cinier B :  - Livraison offerte \u00e0 partir de 190\u20ac HT d&#039;achats (France m\u00e9tropolitaine)\" \/>\n<meta property=\"og:url\" content=\"https:\/\/cinier-b.com\/pro\/boutique\/soins-du-corps-frictions-de-sante\/huiles-vegetales\/pour-les-cheveux\/huile-capillaire-protectrice\/\" \/>\n<meta property=\"og:site_name\" content=\"Cinier-B pour Professionnels\" \/>\n<meta property=\"article:modified_time\" content=\"2024-03-04T09:06:32+00:00\" \/>\n<meta property=\"og:image\" content=\"https:\/\/cinier-b.com\/pro\/wp-content\/uploads\/2021\/04\/HUILE-CAPILLAIRE-Protectrice.jpeg\" \/>\n\t<meta property=\"og:image:width\" content=\"1123\" \/>\n\t<meta property=\"og:image:height\" content=\"794\" \/>\n\t<meta property=\"og:image:type\" content=\"image\/jpeg\" \/>\n<meta name=\"twitter:card\" content=\"summary_large_image\" \/>\n<meta name=\"twitter:label1\" content=\"Dur\u00e9e de lecture estim\u00e9e\" \/>\n\t<meta name=\"twitter:data1\" content=\"1 minute\" \/>\n<script type=\"application\/ld+json\" class=\"yoast-schema-graph\">{\"@context\":\"https:\/\/schema.org\",\"@graph\":[{\"@type\":\"WebPage\",\"@id\":\"https:\/\/cinier-b.com\/pro\/boutique\/soins-du-corps-frictions-de-sante\/huiles-vegetales\/pour-les-cheveux\/huile-capillaire-protectrice\/\",\"url\":\"https:\/\/cinier-b.com\/pro\/boutique\/soins-du-corps-frictions-de-sante\/huiles-vegetales\/pour-les-cheveux\/huile-capillaire-protectrice\/\",\"name\":\"HUILE CAPILLAIRE Protectrice | 50ml - Cinier-B pour Professionnels\",\"isPartOf\":{\"@id\":\"https:\/\/cinier-b.com\/pro\/#website\"},\"primaryImageOfPage\":{\"@id\":\"https:\/\/cinier-b.com\/pro\/boutique\/soins-du-corps-frictions-de-sante\/huiles-vegetales\/pour-les-cheveux\/huile-capillaire-protectrice\/#primaryimage\"},\"image\":{\"@id\":\"https:\/\/cinier-b.com\/pro\/boutique\/soins-du-corps-frictions-de-sante\/huiles-vegetales\/pour-les-cheveux\/huile-capillaire-protectrice\/#primaryimage\"},\"thumbnailUrl\":\"https:\/\/cinier-b.com\/pro\/wp-content\/uploads\/2021\/04\/HUILE-CAPILLAIRE-Protectrice.jpeg\",\"datePublished\":\"2021-04-20T09:28:23+00:00\",\"dateModified\":\"2024-03-04T09:06:32+00:00\",\"breadcrumb\":{\"@id\":\"https:\/\/cinier-b.com\/pro\/boutique\/soins-du-corps-frictions-de-sante\/huiles-vegetales\/pour-les-cheveux\/huile-capillaire-protectrice\/#breadcrumb\"},\"inLanguage\":\"fr-FR\",\"potentialAction\":[{\"@type\":\"ReadAction\",\"target\":[\"https:\/\/cinier-b.com\/pro\/boutique\/soins-du-corps-frictions-de-sante\/huiles-vegetales\/pour-les-cheveux\/huile-capillaire-protectrice\/\"]}]},{\"@type\":\"ImageObject\",\"inLanguage\":\"fr-FR\",\"@id\":\"https:\/\/cinier-b.com\/pro\/boutique\/soins-du-corps-frictions-de-sante\/huiles-vegetales\/pour-les-cheveux\/huile-capillaire-protectrice\/#primaryimage\",\"url\":\"https:\/\/cinier-b.com\/pro\/wp-content\/uploads\/2021\/04\/HUILE-CAPILLAIRE-Protectrice.jpeg\",\"contentUrl\":\"https:\/\/cinier-b.com\/pro\/wp-content\/uploads\/2021\/04\/HUILE-CAPILLAIRE-Protectrice.jpeg\",\"width\":1123,\"height\":794},{\"@type\":\"BreadcrumbList\",\"@id\":\"https:\/\/cinier-b.com\/pro\/boutique\/soins-du-corps-frictions-de-sante\/huiles-vegetales\/pour-les-cheveux\/huile-capillaire-protectrice\/#breadcrumb\",\"itemListElement\":[{\"@type\":\"ListItem\",\"position\":1,\"name\":\"Accueil\",\"item\":\"https:\/\/cinier-b.com\/pro\/accueil\/\"},{\"@type\":\"ListItem\",\"position\":2,\"name\":\"Boutique\",\"item\":\"https:\/\/cinier-b.com\/pro\/boutique\/\"},{\"@type\":\"ListItem\",\"position\":3,\"name\":\"HUILE CAPILLAIRE Protectrice | 50ml\"}]},{\"@type\":\"WebSite\",\"@id\":\"https:\/\/cinier-b.com\/pro\/#website\",\"url\":\"https:\/\/cinier-b.com\/pro\/\",\"name\":\"Cinier-B pour Professionnels\",\"description\":\"Laboratoires Cinier-B\",\"potentialAction\":[{\"@type\":\"SearchAction\",\"target\":{\"@type\":\"EntryPoint\",\"urlTemplate\":\"https:\/\/cinier-b.com\/pro\/?s={search_term_string}\"},\"query-input\":{\"@type\":\"PropertyValueSpecification\",\"valueRequired\":true,\"valueName\":\"search_term_string\"}}],\"inLanguage\":\"fr-FR\"}]}<\/script>\n<!-- \/ Yoast SEO plugin. -->","yoast_head_json":{"title":"HUILE CAPILLAIRE Protectrice | 50ml - Cinier-B pour Professionnels","robots":{"index":"index","follow":"follow","max-snippet":"max-snippet:-1","max-image-preview":"max-image-preview:large","max-video-preview":"max-video-preview:-1"},"canonical":"https:\/\/cinier-b.com\/pro\/boutique\/soins-du-corps-frictions-de-sante\/huiles-vegetales\/pour-les-cheveux\/huile-capillaire-protectrice\/","og_locale":"fr_FR","og_type":"article","og_title":"HUILE CAPILLAIRE Protectrice | 50ml - Cinier-B pour Professionnels","og_description":"Prot\u00e8ge les cheveux | Brillance, douceur, protection Les + Cinier B :  - Livraison offerte \u00e0 partir de 190\u20ac HT d'achats (France m\u00e9tropolitaine)","og_url":"https:\/\/cinier-b.com\/pro\/boutique\/soins-du-corps-frictions-de-sante\/huiles-vegetales\/pour-les-cheveux\/huile-capillaire-protectrice\/","og_site_name":"Cinier-B pour Professionnels","article_modified_time":"2024-03-04T09:06:32+00:00","og_image":[{"width":1123,"height":794,"url":"https:\/\/cinier-b.com\/pro\/wp-content\/uploads\/2021\/04\/HUILE-CAPILLAIRE-Protectrice.jpeg","type":"image\/jpeg"}],"twitter_card":"summary_large_image","twitter_misc":{"Dur\u00e9e de lecture estim\u00e9e":"1 minute"},"schema":{"@context":"https:\/\/schema.org","@graph":[{"@type":"WebPage","@id":"https:\/\/cinier-b.com\/pro\/boutique\/soins-du-corps-frictions-de-sante\/huiles-vegetales\/pour-les-cheveux\/huile-capillaire-protectrice\/","url":"https:\/\/cinier-b.com\/pro\/boutique\/soins-du-corps-frictions-de-sante\/huiles-vegetales\/pour-les-cheveux\/huile-capillaire-protectrice\/","name":"HUILE CAPILLAIRE Protectrice | 50ml - Cinier-B pour Professionnels","isPartOf":{"@id":"https:\/\/cinier-b.com\/pro\/#website"},"primaryImageOfPage":{"@id":"https:\/\/cinier-b.com\/pro\/boutique\/soins-du-corps-frictions-de-sante\/huiles-vegetales\/pour-les-cheveux\/huile-capillaire-protectrice\/#primaryimage"},"image":{"@id":"https:\/\/cinier-b.com\/pro\/boutique\/soins-du-corps-frictions-de-sante\/huiles-vegetales\/pour-les-cheveux\/huile-capillaire-protectrice\/#primaryimage"},"thumbnailUrl":"https:\/\/cinier-b.com\/pro\/wp-content\/uploads\/2021\/04\/HUILE-CAPILLAIRE-Protectrice.jpeg","datePublished":"2021-04-20T09:28:23+00:00","dateModified":"2024-03-04T09:06:32+00:00","breadcrumb":{"@id":"https:\/\/cinier-b.com\/pro\/boutique\/soins-du-corps-frictions-de-sante\/huiles-vegetales\/pour-les-cheveux\/huile-capillaire-protectrice\/#breadcrumb"},"inLanguage":"fr-FR","potentialAction":[{"@type":"ReadAction","target":["https:\/\/cinier-b.com\/pro\/boutique\/soins-du-corps-frictions-de-sante\/huiles-vegetales\/pour-les-cheveux\/huile-capillaire-protectrice\/"]}]},{"@type":"ImageObject","inLanguage":"fr-FR","@id":"https:\/\/cinier-b.com\/pro\/boutique\/soins-du-corps-frictions-de-sante\/huiles-vegetales\/pour-les-cheveux\/huile-capillaire-protectrice\/#primaryimage","url":"https:\/\/cinier-b.com\/pro\/wp-content\/uploads\/2021\/04\/HUILE-CAPILLAIRE-Protectrice.jpeg","contentUrl":"https:\/\/cinier-b.com\/pro\/wp-content\/uploads\/2021\/04\/HUILE-CAPILLAIRE-Protectrice.jpeg","width":1123,"height":794},{"@type":"BreadcrumbList","@id":"https:\/\/cinier-b.com\/pro\/boutique\/soins-du-corps-frictions-de-sante\/huiles-vegetales\/pour-les-cheveux\/huile-capillaire-protectrice\/#breadcrumb","itemListElement":[{"@type":"ListItem","position":1,"name":"Accueil","item":"https:\/\/cinier-b.com\/pro\/accueil\/"},{"@type":"ListItem","position":2,"name":"Boutique","item":"https:\/\/cinier-b.com\/pro\/boutique\/"},{"@type":"ListItem","position":3,"name":"HUILE CAPILLAIRE Protectrice | 50ml"}]},{"@type":"WebSite","@id":"https:\/\/cinier-b.com\/pro\/#website","url":"https:\/\/cinier-b.com\/pro\/","name":"Cinier-B pour Professionnels","description":"Laboratoires Cinier-B","potentialAction":[{"@type":"SearchAction","target":{"@type":"EntryPoint","urlTemplate":"https:\/\/cinier-b.com\/pro\/?s={search_term_string}"},"query-input":{"@type":"PropertyValueSpecification","valueRequired":true,"valueName":"search_term_string"}}],"inLanguage":"fr-FR"}]}},"_links":{"self":[{"href":"https:\/\/cinier-b.com\/pro\/wp-json\/wp\/v2\/product\/5400"}],"collection":[{"href":"https:\/\/cinier-b.com\/pro\/wp-json\/wp\/v2\/product"}],"about":[{"href":"https:\/\/cinier-b.com\/pro\/wp-json\/wp\/v2\/types\/product"}],"replies":[{"embeddable":true,"href":"https:\/\/cinier-b.com\/pro\/wp-json\/wp\/v2\/comments?post=5400"}],"wp:featuredmedia":[{"embeddable":true,"href":"https:\/\/cinier-b.com\/pro\/wp-json\/wp\/v2\/media\/5423"}],"wp:attachment":[{"href":"https:\/\/cinier-b.com\/pro\/wp-json\/wp\/v2\/media?parent=5400"}],"wp:term":[{"taxonomy":"product_brand","embeddable":true,"href":"https:\/\/cinier-b.com\/pro\/wp-json\/wp\/v2\/product_brand?post=5400"},{"taxonomy":"product_cat","embeddable":true,"href":"https:\/\/cinier-b.com\/pro\/wp-json\/wp\/v2\/product_cat?post=5400"},{"taxonomy":"product_tag","embeddable":true,"href":"https:\/\/cinier-b.com\/pro\/wp-json\/wp\/v2\/product_tag?post=5400"}],"curies":[{"name":"wp","href":"https:\/\/api.w.org\/{rel}","templated":true}]}}