{"id":4346,"date":"2021-03-02T20:09:24","date_gmt":"2021-03-02T19:09:24","guid":{"rendered":"https:\/\/professionnels.cinier-b.com\/produit\/import-placeholder-for-647\/"},"modified":"2024-09-19T16:04:34","modified_gmt":"2024-09-19T14:04:34","slug":"helichryse-italienne-bio-france","status":"publish","type":"product","link":"https:\/\/cinier-b.com\/pro\/boutique\/huiles-essentielles-aromatherapie\/aromatherapie\/nos-huiles-essentielles\/helichryse-italienne-bio-france\/","title":{"rendered":"Huile Essentielle | H\u00e9lichryse Italienne Bio France R\u00e9gion Corse"},"content":{"rendered":"<p><img loading=\"lazy\" decoding=\"async\" class=\"alignnone size-full wp-image-3933\" src=\"https:\/\/cinier-b.com\/particuliers\/wp-content\/uploads\/2019\/09\/ECOCERT-AB.jpg\" sizes=\"(max-width: 80px) 100vw, 80px\" srcset=\"https:\/\/cinier-b.com\/particuliers\/wp-content\/uploads\/2019\/09\/ECOCERT-AB.jpg 80w, https:\/\/cinier-b.com\/particuliers\/wp-content\/uploads\/2019\/09\/ECOCERT-AB-64x25.jpg 64w\" alt=\"\" width=\"80\" height=\"31\" \/>\u00a0 Les produits portant la mention BIO sont issus de l&rsquo;Agriculture Biologique et certifi\u00e9s par ECOCERT FR-BIO-01<\/p>\n","protected":false},"excerpt":{"rendered":"<p>Nom botanique: Helichrysum italicum<br \/>\nPartie distill\u00e9e: Fleurs<br \/>\nGarantie: Biologique<br \/>\nOrigine: France\u00a0 &#8211; R\u00e9gion: Corse<\/p>\n<p>Flacon verre brun en 2 &#8211; 5 &#8211; 10 &#8211; 30ml<\/p>\n","protected":false},"featured_media":6035,"comment_status":"open","ping_status":"closed","template":"","meta":[],"product_brand":[],"product_cat":[41,34],"product_tag":[],"class_list":{"0":"post-4346","1":"product","2":"type-product","3":"status-publish","4":"has-post-thumbnail","6":"product_cat-huiles-essentielles-aromatherapie","7":"product_cat-nos-huiles-essentielles","9":"first","10":"instock","11":"taxable","12":"shipping-taxable","13":"purchasable","14":"product-type-variable"},"yoast_head":"<!-- This site is optimized with the Yoast SEO plugin v25.0 - https:\/\/yoast.com\/wordpress\/plugins\/seo\/ -->\n<title>Huile Essentielle | H\u00e9lichryse Italienne Bio France R\u00e9gion Corse - Cinier-B pour Professionnels<\/title>\n<meta name=\"robots\" content=\"index, follow, max-snippet:-1, max-image-preview:large, max-video-preview:-1\" \/>\n<link rel=\"canonical\" href=\"https:\/\/cinier-b.com\/pro\/boutique\/huiles-essentielles-aromatherapie\/aromatherapie\/nos-huiles-essentielles\/helichryse-italienne-bio-france\/\" \/>\n<meta property=\"og:locale\" content=\"fr_FR\" \/>\n<meta property=\"og:type\" content=\"article\" \/>\n<meta property=\"og:title\" content=\"Huile Essentielle | H\u00e9lichryse Italienne Bio France R\u00e9gion Corse - Cinier-B pour Professionnels\" \/>\n<meta property=\"og:description\" content=\"Nom botanique: Helichrysum italicum Partie distill\u00e9e: Fleurs Garantie: Biologique Origine: France\u00a0 - R\u00e9gion: Corse  Flacon verre brun en 2 - 5 - 10 - 30ml\" \/>\n<meta property=\"og:url\" content=\"https:\/\/cinier-b.com\/pro\/boutique\/huiles-essentielles-aromatherapie\/aromatherapie\/nos-huiles-essentielles\/helichryse-italienne-bio-france\/\" \/>\n<meta property=\"og:site_name\" content=\"Cinier-B pour Professionnels\" \/>\n<meta property=\"article:modified_time\" content=\"2024-09-19T14:04:34+00:00\" \/>\n<meta property=\"og:image\" content=\"https:\/\/cinier-b.com\/pro\/wp-content\/uploads\/2021\/03\/HELICHRISE-ITA_resultat.jpg70opt.jpg\" \/>\n\t<meta property=\"og:image:width\" content=\"500\" \/>\n\t<meta property=\"og:image:height\" content=\"500\" \/>\n\t<meta property=\"og:image:type\" content=\"image\/jpeg\" \/>\n<meta name=\"twitter:card\" content=\"summary_large_image\" \/>\n<meta name=\"twitter:label1\" content=\"Dur\u00e9e de lecture estim\u00e9e\" \/>\n\t<meta name=\"twitter:data1\" content=\"1 minute\" \/>\n<script type=\"application\/ld+json\" class=\"yoast-schema-graph\">{\"@context\":\"https:\/\/schema.org\",\"@graph\":[{\"@type\":\"WebPage\",\"@id\":\"https:\/\/cinier-b.com\/pro\/boutique\/huiles-essentielles-aromatherapie\/aromatherapie\/nos-huiles-essentielles\/helichryse-italienne-bio-france\/\",\"url\":\"https:\/\/cinier-b.com\/pro\/boutique\/huiles-essentielles-aromatherapie\/aromatherapie\/nos-huiles-essentielles\/helichryse-italienne-bio-france\/\",\"name\":\"Huile Essentielle | H\u00e9lichryse Italienne Bio France R\u00e9gion Corse - Cinier-B pour Professionnels\",\"isPartOf\":{\"@id\":\"https:\/\/cinier-b.com\/pro\/#website\"},\"primaryImageOfPage\":{\"@id\":\"https:\/\/cinier-b.com\/pro\/boutique\/huiles-essentielles-aromatherapie\/aromatherapie\/nos-huiles-essentielles\/helichryse-italienne-bio-france\/#primaryimage\"},\"image\":{\"@id\":\"https:\/\/cinier-b.com\/pro\/boutique\/huiles-essentielles-aromatherapie\/aromatherapie\/nos-huiles-essentielles\/helichryse-italienne-bio-france\/#primaryimage\"},\"thumbnailUrl\":\"https:\/\/cinier-b.com\/pro\/wp-content\/uploads\/2021\/03\/HELICHRISE-ITA_resultat.jpg70opt.jpg\",\"datePublished\":\"2021-03-02T19:09:24+00:00\",\"dateModified\":\"2024-09-19T14:04:34+00:00\",\"breadcrumb\":{\"@id\":\"https:\/\/cinier-b.com\/pro\/boutique\/huiles-essentielles-aromatherapie\/aromatherapie\/nos-huiles-essentielles\/helichryse-italienne-bio-france\/#breadcrumb\"},\"inLanguage\":\"fr-FR\",\"potentialAction\":[{\"@type\":\"ReadAction\",\"target\":[\"https:\/\/cinier-b.com\/pro\/boutique\/huiles-essentielles-aromatherapie\/aromatherapie\/nos-huiles-essentielles\/helichryse-italienne-bio-france\/\"]}]},{\"@type\":\"ImageObject\",\"inLanguage\":\"fr-FR\",\"@id\":\"https:\/\/cinier-b.com\/pro\/boutique\/huiles-essentielles-aromatherapie\/aromatherapie\/nos-huiles-essentielles\/helichryse-italienne-bio-france\/#primaryimage\",\"url\":\"https:\/\/cinier-b.com\/pro\/wp-content\/uploads\/2021\/03\/HELICHRISE-ITA_resultat.jpg70opt.jpg\",\"contentUrl\":\"https:\/\/cinier-b.com\/pro\/wp-content\/uploads\/2021\/03\/HELICHRISE-ITA_resultat.jpg70opt.jpg\",\"width\":500,\"height\":500},{\"@type\":\"BreadcrumbList\",\"@id\":\"https:\/\/cinier-b.com\/pro\/boutique\/huiles-essentielles-aromatherapie\/aromatherapie\/nos-huiles-essentielles\/helichryse-italienne-bio-france\/#breadcrumb\",\"itemListElement\":[{\"@type\":\"ListItem\",\"position\":1,\"name\":\"Accueil\",\"item\":\"https:\/\/cinier-b.com\/pro\/accueil\/\"},{\"@type\":\"ListItem\",\"position\":2,\"name\":\"Boutique\",\"item\":\"https:\/\/cinier-b.com\/pro\/boutique\/\"},{\"@type\":\"ListItem\",\"position\":3,\"name\":\"Huile Essentielle | H\u00e9lichryse Italienne Bio France R\u00e9gion Corse\"}]},{\"@type\":\"WebSite\",\"@id\":\"https:\/\/cinier-b.com\/pro\/#website\",\"url\":\"https:\/\/cinier-b.com\/pro\/\",\"name\":\"Cinier-B pour Professionnels\",\"description\":\"Laboratoires Cinier-B\",\"potentialAction\":[{\"@type\":\"SearchAction\",\"target\":{\"@type\":\"EntryPoint\",\"urlTemplate\":\"https:\/\/cinier-b.com\/pro\/?s={search_term_string}\"},\"query-input\":{\"@type\":\"PropertyValueSpecification\",\"valueRequired\":true,\"valueName\":\"search_term_string\"}}],\"inLanguage\":\"fr-FR\"}]}<\/script>\n<!-- \/ Yoast SEO plugin. -->","yoast_head_json":{"title":"Huile Essentielle | H\u00e9lichryse Italienne Bio France R\u00e9gion Corse - Cinier-B pour Professionnels","robots":{"index":"index","follow":"follow","max-snippet":"max-snippet:-1","max-image-preview":"max-image-preview:large","max-video-preview":"max-video-preview:-1"},"canonical":"https:\/\/cinier-b.com\/pro\/boutique\/huiles-essentielles-aromatherapie\/aromatherapie\/nos-huiles-essentielles\/helichryse-italienne-bio-france\/","og_locale":"fr_FR","og_type":"article","og_title":"Huile Essentielle | H\u00e9lichryse Italienne Bio France R\u00e9gion Corse - Cinier-B pour Professionnels","og_description":"Nom botanique: Helichrysum italicum Partie distill\u00e9e: Fleurs Garantie: Biologique Origine: France\u00a0 - R\u00e9gion: Corse  Flacon verre brun en 2 - 5 - 10 - 30ml","og_url":"https:\/\/cinier-b.com\/pro\/boutique\/huiles-essentielles-aromatherapie\/aromatherapie\/nos-huiles-essentielles\/helichryse-italienne-bio-france\/","og_site_name":"Cinier-B pour Professionnels","article_modified_time":"2024-09-19T14:04:34+00:00","og_image":[{"width":500,"height":500,"url":"https:\/\/cinier-b.com\/pro\/wp-content\/uploads\/2021\/03\/HELICHRISE-ITA_resultat.jpg70opt.jpg","type":"image\/jpeg"}],"twitter_card":"summary_large_image","twitter_misc":{"Dur\u00e9e de lecture estim\u00e9e":"1 minute"},"schema":{"@context":"https:\/\/schema.org","@graph":[{"@type":"WebPage","@id":"https:\/\/cinier-b.com\/pro\/boutique\/huiles-essentielles-aromatherapie\/aromatherapie\/nos-huiles-essentielles\/helichryse-italienne-bio-france\/","url":"https:\/\/cinier-b.com\/pro\/boutique\/huiles-essentielles-aromatherapie\/aromatherapie\/nos-huiles-essentielles\/helichryse-italienne-bio-france\/","name":"Huile Essentielle | H\u00e9lichryse Italienne Bio France R\u00e9gion Corse - Cinier-B pour Professionnels","isPartOf":{"@id":"https:\/\/cinier-b.com\/pro\/#website"},"primaryImageOfPage":{"@id":"https:\/\/cinier-b.com\/pro\/boutique\/huiles-essentielles-aromatherapie\/aromatherapie\/nos-huiles-essentielles\/helichryse-italienne-bio-france\/#primaryimage"},"image":{"@id":"https:\/\/cinier-b.com\/pro\/boutique\/huiles-essentielles-aromatherapie\/aromatherapie\/nos-huiles-essentielles\/helichryse-italienne-bio-france\/#primaryimage"},"thumbnailUrl":"https:\/\/cinier-b.com\/pro\/wp-content\/uploads\/2021\/03\/HELICHRISE-ITA_resultat.jpg70opt.jpg","datePublished":"2021-03-02T19:09:24+00:00","dateModified":"2024-09-19T14:04:34+00:00","breadcrumb":{"@id":"https:\/\/cinier-b.com\/pro\/boutique\/huiles-essentielles-aromatherapie\/aromatherapie\/nos-huiles-essentielles\/helichryse-italienne-bio-france\/#breadcrumb"},"inLanguage":"fr-FR","potentialAction":[{"@type":"ReadAction","target":["https:\/\/cinier-b.com\/pro\/boutique\/huiles-essentielles-aromatherapie\/aromatherapie\/nos-huiles-essentielles\/helichryse-italienne-bio-france\/"]}]},{"@type":"ImageObject","inLanguage":"fr-FR","@id":"https:\/\/cinier-b.com\/pro\/boutique\/huiles-essentielles-aromatherapie\/aromatherapie\/nos-huiles-essentielles\/helichryse-italienne-bio-france\/#primaryimage","url":"https:\/\/cinier-b.com\/pro\/wp-content\/uploads\/2021\/03\/HELICHRISE-ITA_resultat.jpg70opt.jpg","contentUrl":"https:\/\/cinier-b.com\/pro\/wp-content\/uploads\/2021\/03\/HELICHRISE-ITA_resultat.jpg70opt.jpg","width":500,"height":500},{"@type":"BreadcrumbList","@id":"https:\/\/cinier-b.com\/pro\/boutique\/huiles-essentielles-aromatherapie\/aromatherapie\/nos-huiles-essentielles\/helichryse-italienne-bio-france\/#breadcrumb","itemListElement":[{"@type":"ListItem","position":1,"name":"Accueil","item":"https:\/\/cinier-b.com\/pro\/accueil\/"},{"@type":"ListItem","position":2,"name":"Boutique","item":"https:\/\/cinier-b.com\/pro\/boutique\/"},{"@type":"ListItem","position":3,"name":"Huile Essentielle | H\u00e9lichryse Italienne Bio France R\u00e9gion Corse"}]},{"@type":"WebSite","@id":"https:\/\/cinier-b.com\/pro\/#website","url":"https:\/\/cinier-b.com\/pro\/","name":"Cinier-B pour Professionnels","description":"Laboratoires Cinier-B","potentialAction":[{"@type":"SearchAction","target":{"@type":"EntryPoint","urlTemplate":"https:\/\/cinier-b.com\/pro\/?s={search_term_string}"},"query-input":{"@type":"PropertyValueSpecification","valueRequired":true,"valueName":"search_term_string"}}],"inLanguage":"fr-FR"}]}},"_links":{"self":[{"href":"https:\/\/cinier-b.com\/pro\/wp-json\/wp\/v2\/product\/4346"}],"collection":[{"href":"https:\/\/cinier-b.com\/pro\/wp-json\/wp\/v2\/product"}],"about":[{"href":"https:\/\/cinier-b.com\/pro\/wp-json\/wp\/v2\/types\/product"}],"replies":[{"embeddable":true,"href":"https:\/\/cinier-b.com\/pro\/wp-json\/wp\/v2\/comments?post=4346"}],"wp:featuredmedia":[{"embeddable":true,"href":"https:\/\/cinier-b.com\/pro\/wp-json\/wp\/v2\/media\/6035"}],"wp:attachment":[{"href":"https:\/\/cinier-b.com\/pro\/wp-json\/wp\/v2\/media?parent=4346"}],"wp:term":[{"taxonomy":"product_brand","embeddable":true,"href":"https:\/\/cinier-b.com\/pro\/wp-json\/wp\/v2\/product_brand?post=4346"},{"taxonomy":"product_cat","embeddable":true,"href":"https:\/\/cinier-b.com\/pro\/wp-json\/wp\/v2\/product_cat?post=4346"},{"taxonomy":"product_tag","embeddable":true,"href":"https:\/\/cinier-b.com\/pro\/wp-json\/wp\/v2\/product_tag?post=4346"}],"curies":[{"name":"wp","href":"https:\/\/api.w.org\/{rel}","templated":true}]}}