{"id":4243,"date":"2021-03-02T20:08:23","date_gmt":"2021-03-02T19:08:23","guid":{"rendered":"https:\/\/professionnels.cinier-b.com\/produit\/import-placeholder-for-510\/"},"modified":"2024-03-08T10:59:36","modified_gmt":"2024-03-08T09:59:36","slug":"huile-essentielle-ecorce-de-cannelle-bio","status":"publish","type":"product","link":"https:\/\/cinier-b.com\/pro\/boutique\/huiles-essentielles-aromatherapie\/aromatherapie\/nos-huiles-essentielles\/huile-essentielle-ecorce-de-cannelle-bio\/","title":{"rendered":"Huile Essentielle | Cannelle Ecorce Bio"},"content":{"rendered":"<p><img loading=\"lazy\" decoding=\"async\" class=\"alignnone size-full wp-image-3933\" src=\"https:\/\/cinier-b.com\/particuliers\/wp-content\/uploads\/2019\/09\/ECOCERT-AB.jpg\" sizes=\"(max-width: 80px) 100vw, 80px\" srcset=\"https:\/\/cinier-b.com\/particuliers\/wp-content\/uploads\/2019\/09\/ECOCERT-AB.jpg 80w, https:\/\/cinier-b.com\/particuliers\/wp-content\/uploads\/2019\/09\/ECOCERT-AB-64x25.jpg 64w\" alt=\"\" width=\"80\" height=\"31\" \/>\u00a0 Les produits portant la mention BIO sont issus de l\u2019Agriculture Biologique et certifi\u00e9s par ECOCERT FR-BIO-01<\/p>\n","protected":false},"excerpt":{"rendered":"<p>Cette huile essentielle de d&rsquo;\u00e9corce De Cannelle Bio est certifi\u00e9e BIO par ECOCERT FR-BIO-01\u00a0et garantie 100% pure, naturelle et compl\u00e8te. Chaque lot que nous commercialisons est choisi par G\u00e9rard BRZEGOWI sur la base de son \u00e9valuation chromatographique, afin d&rsquo;atteindre une capacit\u00e9 optimale de traitement aromatique. Cinier B s\u2019engage pour une aromath\u00e9rapie de qualit\u00e9 et responsable.<\/p>\n<p><span style=\"font-weight: 400;\">Caract\u00e9ristiques du produit\u00a0<\/span><\/p>\n<p><span style=\"font-weight: 400;\">Nom latin : <\/span>Cinnamomum zeylanicum<\/p>\n<p><span style=\"font-weight: 400;\">Partie distill\u00e9e : Ecorce<\/span><\/p>\n","protected":false},"featured_media":6430,"comment_status":"open","ping_status":"closed","template":"","meta":[],"product_brand":[],"product_cat":[41,34],"product_tag":[],"class_list":{"0":"post-4243","1":"product","2":"type-product","3":"status-publish","4":"has-post-thumbnail","6":"product_cat-huiles-essentielles-aromatherapie","7":"product_cat-nos-huiles-essentielles","9":"first","10":"instock","11":"taxable","12":"shipping-taxable","13":"purchasable","14":"product-type-variable"},"yoast_head":"<!-- This site is optimized with the Yoast SEO plugin v25.0 - https:\/\/yoast.com\/wordpress\/plugins\/seo\/ -->\n<title>Huile Essentielle | Cannelle Ecorce Bio - Cinier-B pour Professionnels<\/title>\n<meta name=\"description\" content=\"Cette huile essentielle de d&#039;\u00e9corce De Cannelle Bio est certifi\u00e9e BIO par ECOCERT FR-BIO-01\u00a0et garantie 100% pure, naturelle et compl\u00e8te. Chaque lot que nous commercialisons est choisi par G\u00e9rard BRZEGOWI sur la base de son \u00e9valuation chromatographique, afin d&#039;atteindre une capacit\u00e9 optimale de traitement aromatique. Cinier B s\u2019engage pour une aromath\u00e9rapie de qualit\u00e9 et responsable.\" \/>\n<meta name=\"robots\" content=\"index, follow, max-snippet:-1, max-image-preview:large, max-video-preview:-1\" \/>\n<link rel=\"canonical\" href=\"https:\/\/cinier-b.com\/pro\/boutique\/huiles-essentielles-aromatherapie\/aromatherapie\/nos-huiles-essentielles\/huile-essentielle-ecorce-de-cannelle-bio\/\" \/>\n<meta property=\"og:locale\" content=\"fr_FR\" \/>\n<meta property=\"og:type\" content=\"article\" \/>\n<meta property=\"og:title\" content=\"Huile Essentielle | Cannelle Ecorce Bio - Cinier-B pour Professionnels\" \/>\n<meta property=\"og:description\" content=\"Cette huile essentielle de d&#039;\u00e9corce De Cannelle Bio est certifi\u00e9e BIO par ECOCERT FR-BIO-01\u00a0et garantie 100% pure, naturelle et compl\u00e8te. Chaque lot que nous commercialisons est choisi par G\u00e9rard BRZEGOWI sur la base de son \u00e9valuation chromatographique, afin d&#039;atteindre une capacit\u00e9 optimale de traitement aromatique. Cinier B s\u2019engage pour une aromath\u00e9rapie de qualit\u00e9 et responsable.\" \/>\n<meta property=\"og:url\" content=\"https:\/\/cinier-b.com\/pro\/boutique\/huiles-essentielles-aromatherapie\/aromatherapie\/nos-huiles-essentielles\/huile-essentielle-ecorce-de-cannelle-bio\/\" \/>\n<meta property=\"og:site_name\" content=\"Cinier-B pour Professionnels\" \/>\n<meta property=\"article:modified_time\" content=\"2024-03-08T09:59:36+00:00\" \/>\n<meta property=\"og:image\" content=\"https:\/\/cinier-b.com\/pro\/wp-content\/uploads\/2021\/12\/HE-CANNELLE-ECORCE-BIO.png\" \/>\n\t<meta property=\"og:image:width\" content=\"1920\" \/>\n\t<meta property=\"og:image:height\" content=\"1440\" \/>\n\t<meta property=\"og:image:type\" content=\"image\/png\" \/>\n<meta name=\"twitter:card\" content=\"summary_large_image\" \/>\n<meta name=\"twitter:label1\" content=\"Dur\u00e9e de lecture estim\u00e9e\" \/>\n\t<meta name=\"twitter:data1\" content=\"1 minute\" \/>\n<script type=\"application\/ld+json\" class=\"yoast-schema-graph\">{\"@context\":\"https:\/\/schema.org\",\"@graph\":[{\"@type\":\"WebPage\",\"@id\":\"https:\/\/cinier-b.com\/pro\/boutique\/huiles-essentielles-aromatherapie\/aromatherapie\/nos-huiles-essentielles\/huile-essentielle-ecorce-de-cannelle-bio\/\",\"url\":\"https:\/\/cinier-b.com\/pro\/boutique\/huiles-essentielles-aromatherapie\/aromatherapie\/nos-huiles-essentielles\/huile-essentielle-ecorce-de-cannelle-bio\/\",\"name\":\"Huile Essentielle | Cannelle Ecorce Bio - Cinier-B pour Professionnels\",\"isPartOf\":{\"@id\":\"https:\/\/cinier-b.com\/pro\/#website\"},\"primaryImageOfPage\":{\"@id\":\"https:\/\/cinier-b.com\/pro\/boutique\/huiles-essentielles-aromatherapie\/aromatherapie\/nos-huiles-essentielles\/huile-essentielle-ecorce-de-cannelle-bio\/#primaryimage\"},\"image\":{\"@id\":\"https:\/\/cinier-b.com\/pro\/boutique\/huiles-essentielles-aromatherapie\/aromatherapie\/nos-huiles-essentielles\/huile-essentielle-ecorce-de-cannelle-bio\/#primaryimage\"},\"thumbnailUrl\":\"https:\/\/cinier-b.com\/pro\/wp-content\/uploads\/2021\/12\/HE-CANNELLE-ECORCE-BIO.png\",\"datePublished\":\"2021-03-02T19:08:23+00:00\",\"dateModified\":\"2024-03-08T09:59:36+00:00\",\"description\":\"Cette huile essentielle de d'\u00e9corce De Cannelle Bio est certifi\u00e9e BIO par ECOCERT FR-BIO-01\u00a0et garantie 100% pure, naturelle et compl\u00e8te. Chaque lot que nous commercialisons est choisi par G\u00e9rard BRZEGOWI sur la base de son \u00e9valuation chromatographique, afin d'atteindre une capacit\u00e9 optimale de traitement aromatique. Cinier B s\u2019engage pour une aromath\u00e9rapie de qualit\u00e9 et responsable.\",\"breadcrumb\":{\"@id\":\"https:\/\/cinier-b.com\/pro\/boutique\/huiles-essentielles-aromatherapie\/aromatherapie\/nos-huiles-essentielles\/huile-essentielle-ecorce-de-cannelle-bio\/#breadcrumb\"},\"inLanguage\":\"fr-FR\",\"potentialAction\":[{\"@type\":\"ReadAction\",\"target\":[\"https:\/\/cinier-b.com\/pro\/boutique\/huiles-essentielles-aromatherapie\/aromatherapie\/nos-huiles-essentielles\/huile-essentielle-ecorce-de-cannelle-bio\/\"]}]},{\"@type\":\"ImageObject\",\"inLanguage\":\"fr-FR\",\"@id\":\"https:\/\/cinier-b.com\/pro\/boutique\/huiles-essentielles-aromatherapie\/aromatherapie\/nos-huiles-essentielles\/huile-essentielle-ecorce-de-cannelle-bio\/#primaryimage\",\"url\":\"https:\/\/cinier-b.com\/pro\/wp-content\/uploads\/2021\/12\/HE-CANNELLE-ECORCE-BIO.png\",\"contentUrl\":\"https:\/\/cinier-b.com\/pro\/wp-content\/uploads\/2021\/12\/HE-CANNELLE-ECORCE-BIO.png\",\"width\":1920,\"height\":1440},{\"@type\":\"BreadcrumbList\",\"@id\":\"https:\/\/cinier-b.com\/pro\/boutique\/huiles-essentielles-aromatherapie\/aromatherapie\/nos-huiles-essentielles\/huile-essentielle-ecorce-de-cannelle-bio\/#breadcrumb\",\"itemListElement\":[{\"@type\":\"ListItem\",\"position\":1,\"name\":\"Accueil\",\"item\":\"https:\/\/cinier-b.com\/pro\/accueil\/\"},{\"@type\":\"ListItem\",\"position\":2,\"name\":\"Boutique\",\"item\":\"https:\/\/cinier-b.com\/pro\/boutique\/\"},{\"@type\":\"ListItem\",\"position\":3,\"name\":\"Huile Essentielle | Cannelle Ecorce Bio\"}]},{\"@type\":\"WebSite\",\"@id\":\"https:\/\/cinier-b.com\/pro\/#website\",\"url\":\"https:\/\/cinier-b.com\/pro\/\",\"name\":\"Cinier-B pour Professionnels\",\"description\":\"Laboratoires Cinier-B\",\"potentialAction\":[{\"@type\":\"SearchAction\",\"target\":{\"@type\":\"EntryPoint\",\"urlTemplate\":\"https:\/\/cinier-b.com\/pro\/?s={search_term_string}\"},\"query-input\":{\"@type\":\"PropertyValueSpecification\",\"valueRequired\":true,\"valueName\":\"search_term_string\"}}],\"inLanguage\":\"fr-FR\"}]}<\/script>\n<!-- \/ Yoast SEO plugin. -->","yoast_head_json":{"title":"Huile Essentielle | Cannelle Ecorce Bio - Cinier-B pour Professionnels","description":"Cette huile essentielle de d'\u00e9corce De Cannelle Bio est certifi\u00e9e BIO par ECOCERT FR-BIO-01\u00a0et garantie 100% pure, naturelle et compl\u00e8te. Chaque lot que nous commercialisons est choisi par G\u00e9rard BRZEGOWI sur la base de son \u00e9valuation chromatographique, afin d'atteindre une capacit\u00e9 optimale de traitement aromatique. Cinier B s\u2019engage pour une aromath\u00e9rapie de qualit\u00e9 et responsable.","robots":{"index":"index","follow":"follow","max-snippet":"max-snippet:-1","max-image-preview":"max-image-preview:large","max-video-preview":"max-video-preview:-1"},"canonical":"https:\/\/cinier-b.com\/pro\/boutique\/huiles-essentielles-aromatherapie\/aromatherapie\/nos-huiles-essentielles\/huile-essentielle-ecorce-de-cannelle-bio\/","og_locale":"fr_FR","og_type":"article","og_title":"Huile Essentielle | Cannelle Ecorce Bio - Cinier-B pour Professionnels","og_description":"Cette huile essentielle de d'\u00e9corce De Cannelle Bio est certifi\u00e9e BIO par ECOCERT FR-BIO-01\u00a0et garantie 100% pure, naturelle et compl\u00e8te. Chaque lot que nous commercialisons est choisi par G\u00e9rard BRZEGOWI sur la base de son \u00e9valuation chromatographique, afin d'atteindre une capacit\u00e9 optimale de traitement aromatique. Cinier B s\u2019engage pour une aromath\u00e9rapie de qualit\u00e9 et responsable.","og_url":"https:\/\/cinier-b.com\/pro\/boutique\/huiles-essentielles-aromatherapie\/aromatherapie\/nos-huiles-essentielles\/huile-essentielle-ecorce-de-cannelle-bio\/","og_site_name":"Cinier-B pour Professionnels","article_modified_time":"2024-03-08T09:59:36+00:00","og_image":[{"width":1920,"height":1440,"url":"https:\/\/cinier-b.com\/pro\/wp-content\/uploads\/2021\/12\/HE-CANNELLE-ECORCE-BIO.png","type":"image\/png"}],"twitter_card":"summary_large_image","twitter_misc":{"Dur\u00e9e de lecture estim\u00e9e":"1 minute"},"schema":{"@context":"https:\/\/schema.org","@graph":[{"@type":"WebPage","@id":"https:\/\/cinier-b.com\/pro\/boutique\/huiles-essentielles-aromatherapie\/aromatherapie\/nos-huiles-essentielles\/huile-essentielle-ecorce-de-cannelle-bio\/","url":"https:\/\/cinier-b.com\/pro\/boutique\/huiles-essentielles-aromatherapie\/aromatherapie\/nos-huiles-essentielles\/huile-essentielle-ecorce-de-cannelle-bio\/","name":"Huile Essentielle | Cannelle Ecorce Bio - Cinier-B pour Professionnels","isPartOf":{"@id":"https:\/\/cinier-b.com\/pro\/#website"},"primaryImageOfPage":{"@id":"https:\/\/cinier-b.com\/pro\/boutique\/huiles-essentielles-aromatherapie\/aromatherapie\/nos-huiles-essentielles\/huile-essentielle-ecorce-de-cannelle-bio\/#primaryimage"},"image":{"@id":"https:\/\/cinier-b.com\/pro\/boutique\/huiles-essentielles-aromatherapie\/aromatherapie\/nos-huiles-essentielles\/huile-essentielle-ecorce-de-cannelle-bio\/#primaryimage"},"thumbnailUrl":"https:\/\/cinier-b.com\/pro\/wp-content\/uploads\/2021\/12\/HE-CANNELLE-ECORCE-BIO.png","datePublished":"2021-03-02T19:08:23+00:00","dateModified":"2024-03-08T09:59:36+00:00","description":"Cette huile essentielle de d'\u00e9corce De Cannelle Bio est certifi\u00e9e BIO par ECOCERT FR-BIO-01\u00a0et garantie 100% pure, naturelle et compl\u00e8te. Chaque lot que nous commercialisons est choisi par G\u00e9rard BRZEGOWI sur la base de son \u00e9valuation chromatographique, afin d'atteindre une capacit\u00e9 optimale de traitement aromatique. Cinier B s\u2019engage pour une aromath\u00e9rapie de qualit\u00e9 et responsable.","breadcrumb":{"@id":"https:\/\/cinier-b.com\/pro\/boutique\/huiles-essentielles-aromatherapie\/aromatherapie\/nos-huiles-essentielles\/huile-essentielle-ecorce-de-cannelle-bio\/#breadcrumb"},"inLanguage":"fr-FR","potentialAction":[{"@type":"ReadAction","target":["https:\/\/cinier-b.com\/pro\/boutique\/huiles-essentielles-aromatherapie\/aromatherapie\/nos-huiles-essentielles\/huile-essentielle-ecorce-de-cannelle-bio\/"]}]},{"@type":"ImageObject","inLanguage":"fr-FR","@id":"https:\/\/cinier-b.com\/pro\/boutique\/huiles-essentielles-aromatherapie\/aromatherapie\/nos-huiles-essentielles\/huile-essentielle-ecorce-de-cannelle-bio\/#primaryimage","url":"https:\/\/cinier-b.com\/pro\/wp-content\/uploads\/2021\/12\/HE-CANNELLE-ECORCE-BIO.png","contentUrl":"https:\/\/cinier-b.com\/pro\/wp-content\/uploads\/2021\/12\/HE-CANNELLE-ECORCE-BIO.png","width":1920,"height":1440},{"@type":"BreadcrumbList","@id":"https:\/\/cinier-b.com\/pro\/boutique\/huiles-essentielles-aromatherapie\/aromatherapie\/nos-huiles-essentielles\/huile-essentielle-ecorce-de-cannelle-bio\/#breadcrumb","itemListElement":[{"@type":"ListItem","position":1,"name":"Accueil","item":"https:\/\/cinier-b.com\/pro\/accueil\/"},{"@type":"ListItem","position":2,"name":"Boutique","item":"https:\/\/cinier-b.com\/pro\/boutique\/"},{"@type":"ListItem","position":3,"name":"Huile Essentielle | Cannelle Ecorce Bio"}]},{"@type":"WebSite","@id":"https:\/\/cinier-b.com\/pro\/#website","url":"https:\/\/cinier-b.com\/pro\/","name":"Cinier-B pour Professionnels","description":"Laboratoires Cinier-B","potentialAction":[{"@type":"SearchAction","target":{"@type":"EntryPoint","urlTemplate":"https:\/\/cinier-b.com\/pro\/?s={search_term_string}"},"query-input":{"@type":"PropertyValueSpecification","valueRequired":true,"valueName":"search_term_string"}}],"inLanguage":"fr-FR"}]}},"_links":{"self":[{"href":"https:\/\/cinier-b.com\/pro\/wp-json\/wp\/v2\/product\/4243"}],"collection":[{"href":"https:\/\/cinier-b.com\/pro\/wp-json\/wp\/v2\/product"}],"about":[{"href":"https:\/\/cinier-b.com\/pro\/wp-json\/wp\/v2\/types\/product"}],"replies":[{"embeddable":true,"href":"https:\/\/cinier-b.com\/pro\/wp-json\/wp\/v2\/comments?post=4243"}],"wp:featuredmedia":[{"embeddable":true,"href":"https:\/\/cinier-b.com\/pro\/wp-json\/wp\/v2\/media\/6430"}],"wp:attachment":[{"href":"https:\/\/cinier-b.com\/pro\/wp-json\/wp\/v2\/media?parent=4243"}],"wp:term":[{"taxonomy":"product_brand","embeddable":true,"href":"https:\/\/cinier-b.com\/pro\/wp-json\/wp\/v2\/product_brand?post=4243"},{"taxonomy":"product_cat","embeddable":true,"href":"https:\/\/cinier-b.com\/pro\/wp-json\/wp\/v2\/product_cat?post=4243"},{"taxonomy":"product_tag","embeddable":true,"href":"https:\/\/cinier-b.com\/pro\/wp-json\/wp\/v2\/product_tag?post=4243"}],"curies":[{"name":"wp","href":"https:\/\/api.w.org\/{rel}","templated":true}]}}