{"id":4218,"date":"2021-03-02T20:08:06","date_gmt":"2021-03-02T19:08:06","guid":{"rendered":"https:\/\/professionnels.cinier-b.com\/produit\/import-placeholder-for-398\/"},"modified":"2025-06-06T10:09:42","modified_gmt":"2025-06-06T08:09:42","slug":"huile-essentielle-bergamote","status":"publish","type":"product","link":"https:\/\/cinier-b.com\/pro\/boutique\/huiles-essentielles-aromatherapie\/aromatherapie\/nos-huiles-essentielles\/huile-essentielle-bergamote\/","title":{"rendered":"Huile Essentielle | Bergamote (Zeste Sans Bergapt\u00e8ne Bio)"},"content":{"rendered":"<p><img loading=\"lazy\" decoding=\"async\" class=\"alignnone size-full wp-image-3933\" src=\"https:\/\/cinier-b.com\/particuliers\/wp-content\/uploads\/2019\/09\/ECOCERT-AB.jpg\" sizes=\"(max-width: 80px) 100vw, 80px\" srcset=\"https:\/\/cinier-b.com\/particuliers\/wp-content\/uploads\/2019\/09\/ECOCERT-AB.jpg 80w, https:\/\/cinier-b.com\/particuliers\/wp-content\/uploads\/2019\/09\/ECOCERT-AB-64x25.jpg 64w\" alt=\"\" width=\"80\" height=\"31\" \/>\u00a0 Les produits portant la mention BIO sont issus de l\u2019Agriculture Biologique et certifi\u00e9s par ECOCERT FR-BIO-01<\/p>\n","protected":false},"excerpt":{"rendered":"<p><span style=\"font-weight: 400;\">Cette huile essentielle de Bergamote est certifi\u00e9e BIO par ECOCERT FR-BIO-01 et garantie 100% pure, naturelle et compl\u00e8te. Chaque lot que nous commercialisons est choisi par G\u00e9rard BRZEGOWI sur la base de son \u00e9valuation chromatographique, afin d&rsquo;atteindre une capacit\u00e9 optimale de traitement aromatique.<\/span><span style=\"font-weight: 400;\"> Cinier B s\u2019engage pour une aromath\u00e9rapie de qualit\u00e9 et responsable.<\/span><\/p>\n<p><b>Le + Cinier B :<\/b><\/p>\n<p><span style=\"font-weight: 400;\">&#8211; Livraison standard en offerte \u00e0 partir de 190\u20ac HT d&rsquo;achats (France m\u00e9tropolitaine)<\/span><\/p>\n<p>Nom botanique : Citrus bergamia<\/p>\n<p>Partie distill\u00e9e : fruit<\/p>\n<p>Flacon verre brun en 10 &#8211; 30ml<\/p>\n","protected":false},"featured_media":3912,"comment_status":"open","ping_status":"closed","template":"","meta":[],"product_brand":[],"product_cat":[41,34],"product_tag":[],"class_list":{"0":"post-4218","1":"product","2":"type-product","3":"status-publish","4":"has-post-thumbnail","6":"product_cat-huiles-essentielles-aromatherapie","7":"product_cat-nos-huiles-essentielles","9":"first","10":"outofstock","11":"taxable","12":"shipping-taxable","13":"purchasable","14":"product-type-variable"},"yoast_head":"<!-- This site is optimized with the Yoast SEO plugin v25.0 - https:\/\/yoast.com\/wordpress\/plugins\/seo\/ -->\n<title>Huile Essentielle | Bergamote (Zeste Sans Bergapt\u00e8ne Bio) - Cinier-B pour Professionnels<\/title>\n<meta name=\"description\" content=\"Cette huile essentielle de Bergamote est certifi\u00e9e BIO par ECOCERT FR-BIO-01 et garantie 100% pure, naturelle et compl\u00e8te. Chaque lot que nous commercialisons est choisi par G\u00e9rard BRZEGOWI sur la base de son \u00e9valuation chromatographique, afin d&#039;atteindre une capacit\u00e9 optimale de traitement aromatique. Cinier B s\u2019engage pour une aromath\u00e9rapie de qualit\u00e9 et responsable.\" \/>\n<meta name=\"robots\" content=\"index, follow, max-snippet:-1, max-image-preview:large, max-video-preview:-1\" \/>\n<link rel=\"canonical\" href=\"https:\/\/cinier-b.com\/pro\/boutique\/huiles-essentielles-aromatherapie\/aromatherapie\/nos-huiles-essentielles\/huile-essentielle-bergamote\/\" \/>\n<meta property=\"og:locale\" content=\"fr_FR\" \/>\n<meta property=\"og:type\" content=\"article\" \/>\n<meta property=\"og:title\" content=\"Huile Essentielle | Bergamote (Zeste Sans Bergapt\u00e8ne Bio) - Cinier-B pour Professionnels\" \/>\n<meta property=\"og:description\" content=\"Cette huile essentielle de Bergamote est certifi\u00e9e BIO par ECOCERT FR-BIO-01 et garantie 100% pure, naturelle et compl\u00e8te. Chaque lot que nous commercialisons est choisi par G\u00e9rard BRZEGOWI sur la base de son \u00e9valuation chromatographique, afin d&#039;atteindre une capacit\u00e9 optimale de traitement aromatique. Cinier B s\u2019engage pour une aromath\u00e9rapie de qualit\u00e9 et responsable.\" \/>\n<meta property=\"og:url\" content=\"https:\/\/cinier-b.com\/pro\/boutique\/huiles-essentielles-aromatherapie\/aromatherapie\/nos-huiles-essentielles\/huile-essentielle-bergamote\/\" \/>\n<meta property=\"og:site_name\" content=\"Cinier-B pour Professionnels\" \/>\n<meta property=\"article:modified_time\" content=\"2025-06-06T08:09:42+00:00\" \/>\n<meta property=\"og:image\" content=\"https:\/\/cinier-b.com\/pro\/wp-content\/uploads\/2011\/12\/Sans-titre-2021-03-01T112005.733.png\" \/>\n\t<meta property=\"og:image:width\" content=\"300\" \/>\n\t<meta property=\"og:image:height\" content=\"300\" \/>\n\t<meta property=\"og:image:type\" content=\"image\/png\" \/>\n<meta name=\"twitter:card\" content=\"summary_large_image\" \/>\n<meta name=\"twitter:label1\" content=\"Dur\u00e9e de lecture estim\u00e9e\" \/>\n\t<meta name=\"twitter:data1\" content=\"1 minute\" \/>\n<script type=\"application\/ld+json\" class=\"yoast-schema-graph\">{\"@context\":\"https:\/\/schema.org\",\"@graph\":[{\"@type\":\"WebPage\",\"@id\":\"https:\/\/cinier-b.com\/pro\/boutique\/huiles-essentielles-aromatherapie\/aromatherapie\/nos-huiles-essentielles\/huile-essentielle-bergamote\/\",\"url\":\"https:\/\/cinier-b.com\/pro\/boutique\/huiles-essentielles-aromatherapie\/aromatherapie\/nos-huiles-essentielles\/huile-essentielle-bergamote\/\",\"name\":\"Huile Essentielle | Bergamote (Zeste Sans Bergapt\u00e8ne Bio) - Cinier-B pour Professionnels\",\"isPartOf\":{\"@id\":\"https:\/\/cinier-b.com\/pro\/#website\"},\"primaryImageOfPage\":{\"@id\":\"https:\/\/cinier-b.com\/pro\/boutique\/huiles-essentielles-aromatherapie\/aromatherapie\/nos-huiles-essentielles\/huile-essentielle-bergamote\/#primaryimage\"},\"image\":{\"@id\":\"https:\/\/cinier-b.com\/pro\/boutique\/huiles-essentielles-aromatherapie\/aromatherapie\/nos-huiles-essentielles\/huile-essentielle-bergamote\/#primaryimage\"},\"thumbnailUrl\":\"https:\/\/cinier-b.com\/pro\/wp-content\/uploads\/2011\/12\/Sans-titre-2021-03-01T112005.733.png\",\"datePublished\":\"2021-03-02T19:08:06+00:00\",\"dateModified\":\"2025-06-06T08:09:42+00:00\",\"description\":\"Cette huile essentielle de Bergamote est certifi\u00e9e BIO par ECOCERT FR-BIO-01 et garantie 100% pure, naturelle et compl\u00e8te. Chaque lot que nous commercialisons est choisi par G\u00e9rard BRZEGOWI sur la base de son \u00e9valuation chromatographique, afin d'atteindre une capacit\u00e9 optimale de traitement aromatique. Cinier B s\u2019engage pour une aromath\u00e9rapie de qualit\u00e9 et responsable.\",\"breadcrumb\":{\"@id\":\"https:\/\/cinier-b.com\/pro\/boutique\/huiles-essentielles-aromatherapie\/aromatherapie\/nos-huiles-essentielles\/huile-essentielle-bergamote\/#breadcrumb\"},\"inLanguage\":\"fr-FR\",\"potentialAction\":[{\"@type\":\"ReadAction\",\"target\":[\"https:\/\/cinier-b.com\/pro\/boutique\/huiles-essentielles-aromatherapie\/aromatherapie\/nos-huiles-essentielles\/huile-essentielle-bergamote\/\"]}]},{\"@type\":\"ImageObject\",\"inLanguage\":\"fr-FR\",\"@id\":\"https:\/\/cinier-b.com\/pro\/boutique\/huiles-essentielles-aromatherapie\/aromatherapie\/nos-huiles-essentielles\/huile-essentielle-bergamote\/#primaryimage\",\"url\":\"https:\/\/cinier-b.com\/pro\/wp-content\/uploads\/2011\/12\/Sans-titre-2021-03-01T112005.733.png\",\"contentUrl\":\"https:\/\/cinier-b.com\/pro\/wp-content\/uploads\/2011\/12\/Sans-titre-2021-03-01T112005.733.png\",\"width\":300,\"height\":300},{\"@type\":\"BreadcrumbList\",\"@id\":\"https:\/\/cinier-b.com\/pro\/boutique\/huiles-essentielles-aromatherapie\/aromatherapie\/nos-huiles-essentielles\/huile-essentielle-bergamote\/#breadcrumb\",\"itemListElement\":[{\"@type\":\"ListItem\",\"position\":1,\"name\":\"Accueil\",\"item\":\"https:\/\/cinier-b.com\/pro\/accueil\/\"},{\"@type\":\"ListItem\",\"position\":2,\"name\":\"Boutique\",\"item\":\"https:\/\/cinier-b.com\/pro\/boutique\/\"},{\"@type\":\"ListItem\",\"position\":3,\"name\":\"Huile Essentielle | Bergamote (Zeste Sans Bergapt\u00e8ne Bio)\"}]},{\"@type\":\"WebSite\",\"@id\":\"https:\/\/cinier-b.com\/pro\/#website\",\"url\":\"https:\/\/cinier-b.com\/pro\/\",\"name\":\"Cinier-B pour Professionnels\",\"description\":\"Laboratoires Cinier-B\",\"potentialAction\":[{\"@type\":\"SearchAction\",\"target\":{\"@type\":\"EntryPoint\",\"urlTemplate\":\"https:\/\/cinier-b.com\/pro\/?s={search_term_string}\"},\"query-input\":{\"@type\":\"PropertyValueSpecification\",\"valueRequired\":true,\"valueName\":\"search_term_string\"}}],\"inLanguage\":\"fr-FR\"}]}<\/script>\n<!-- \/ Yoast SEO plugin. -->","yoast_head_json":{"title":"Huile Essentielle | Bergamote (Zeste Sans Bergapt\u00e8ne Bio) - Cinier-B pour Professionnels","description":"Cette huile essentielle de Bergamote est certifi\u00e9e BIO par ECOCERT FR-BIO-01 et garantie 100% pure, naturelle et compl\u00e8te. Chaque lot que nous commercialisons est choisi par G\u00e9rard BRZEGOWI sur la base de son \u00e9valuation chromatographique, afin d'atteindre une capacit\u00e9 optimale de traitement aromatique. Cinier B s\u2019engage pour une aromath\u00e9rapie de qualit\u00e9 et responsable.","robots":{"index":"index","follow":"follow","max-snippet":"max-snippet:-1","max-image-preview":"max-image-preview:large","max-video-preview":"max-video-preview:-1"},"canonical":"https:\/\/cinier-b.com\/pro\/boutique\/huiles-essentielles-aromatherapie\/aromatherapie\/nos-huiles-essentielles\/huile-essentielle-bergamote\/","og_locale":"fr_FR","og_type":"article","og_title":"Huile Essentielle | Bergamote (Zeste Sans Bergapt\u00e8ne Bio) - Cinier-B pour Professionnels","og_description":"Cette huile essentielle de Bergamote est certifi\u00e9e BIO par ECOCERT FR-BIO-01 et garantie 100% pure, naturelle et compl\u00e8te. Chaque lot que nous commercialisons est choisi par G\u00e9rard BRZEGOWI sur la base de son \u00e9valuation chromatographique, afin d'atteindre une capacit\u00e9 optimale de traitement aromatique. Cinier B s\u2019engage pour une aromath\u00e9rapie de qualit\u00e9 et responsable.","og_url":"https:\/\/cinier-b.com\/pro\/boutique\/huiles-essentielles-aromatherapie\/aromatherapie\/nos-huiles-essentielles\/huile-essentielle-bergamote\/","og_site_name":"Cinier-B pour Professionnels","article_modified_time":"2025-06-06T08:09:42+00:00","og_image":[{"width":300,"height":300,"url":"https:\/\/cinier-b.com\/pro\/wp-content\/uploads\/2011\/12\/Sans-titre-2021-03-01T112005.733.png","type":"image\/png"}],"twitter_card":"summary_large_image","twitter_misc":{"Dur\u00e9e de lecture estim\u00e9e":"1 minute"},"schema":{"@context":"https:\/\/schema.org","@graph":[{"@type":"WebPage","@id":"https:\/\/cinier-b.com\/pro\/boutique\/huiles-essentielles-aromatherapie\/aromatherapie\/nos-huiles-essentielles\/huile-essentielle-bergamote\/","url":"https:\/\/cinier-b.com\/pro\/boutique\/huiles-essentielles-aromatherapie\/aromatherapie\/nos-huiles-essentielles\/huile-essentielle-bergamote\/","name":"Huile Essentielle | Bergamote (Zeste Sans Bergapt\u00e8ne Bio) - Cinier-B pour Professionnels","isPartOf":{"@id":"https:\/\/cinier-b.com\/pro\/#website"},"primaryImageOfPage":{"@id":"https:\/\/cinier-b.com\/pro\/boutique\/huiles-essentielles-aromatherapie\/aromatherapie\/nos-huiles-essentielles\/huile-essentielle-bergamote\/#primaryimage"},"image":{"@id":"https:\/\/cinier-b.com\/pro\/boutique\/huiles-essentielles-aromatherapie\/aromatherapie\/nos-huiles-essentielles\/huile-essentielle-bergamote\/#primaryimage"},"thumbnailUrl":"https:\/\/cinier-b.com\/pro\/wp-content\/uploads\/2011\/12\/Sans-titre-2021-03-01T112005.733.png","datePublished":"2021-03-02T19:08:06+00:00","dateModified":"2025-06-06T08:09:42+00:00","description":"Cette huile essentielle de Bergamote est certifi\u00e9e BIO par ECOCERT FR-BIO-01 et garantie 100% pure, naturelle et compl\u00e8te. Chaque lot que nous commercialisons est choisi par G\u00e9rard BRZEGOWI sur la base de son \u00e9valuation chromatographique, afin d'atteindre une capacit\u00e9 optimale de traitement aromatique. Cinier B s\u2019engage pour une aromath\u00e9rapie de qualit\u00e9 et responsable.","breadcrumb":{"@id":"https:\/\/cinier-b.com\/pro\/boutique\/huiles-essentielles-aromatherapie\/aromatherapie\/nos-huiles-essentielles\/huile-essentielle-bergamote\/#breadcrumb"},"inLanguage":"fr-FR","potentialAction":[{"@type":"ReadAction","target":["https:\/\/cinier-b.com\/pro\/boutique\/huiles-essentielles-aromatherapie\/aromatherapie\/nos-huiles-essentielles\/huile-essentielle-bergamote\/"]}]},{"@type":"ImageObject","inLanguage":"fr-FR","@id":"https:\/\/cinier-b.com\/pro\/boutique\/huiles-essentielles-aromatherapie\/aromatherapie\/nos-huiles-essentielles\/huile-essentielle-bergamote\/#primaryimage","url":"https:\/\/cinier-b.com\/pro\/wp-content\/uploads\/2011\/12\/Sans-titre-2021-03-01T112005.733.png","contentUrl":"https:\/\/cinier-b.com\/pro\/wp-content\/uploads\/2011\/12\/Sans-titre-2021-03-01T112005.733.png","width":300,"height":300},{"@type":"BreadcrumbList","@id":"https:\/\/cinier-b.com\/pro\/boutique\/huiles-essentielles-aromatherapie\/aromatherapie\/nos-huiles-essentielles\/huile-essentielle-bergamote\/#breadcrumb","itemListElement":[{"@type":"ListItem","position":1,"name":"Accueil","item":"https:\/\/cinier-b.com\/pro\/accueil\/"},{"@type":"ListItem","position":2,"name":"Boutique","item":"https:\/\/cinier-b.com\/pro\/boutique\/"},{"@type":"ListItem","position":3,"name":"Huile Essentielle | Bergamote (Zeste Sans Bergapt\u00e8ne Bio)"}]},{"@type":"WebSite","@id":"https:\/\/cinier-b.com\/pro\/#website","url":"https:\/\/cinier-b.com\/pro\/","name":"Cinier-B pour Professionnels","description":"Laboratoires Cinier-B","potentialAction":[{"@type":"SearchAction","target":{"@type":"EntryPoint","urlTemplate":"https:\/\/cinier-b.com\/pro\/?s={search_term_string}"},"query-input":{"@type":"PropertyValueSpecification","valueRequired":true,"valueName":"search_term_string"}}],"inLanguage":"fr-FR"}]}},"_links":{"self":[{"href":"https:\/\/cinier-b.com\/pro\/wp-json\/wp\/v2\/product\/4218"}],"collection":[{"href":"https:\/\/cinier-b.com\/pro\/wp-json\/wp\/v2\/product"}],"about":[{"href":"https:\/\/cinier-b.com\/pro\/wp-json\/wp\/v2\/types\/product"}],"replies":[{"embeddable":true,"href":"https:\/\/cinier-b.com\/pro\/wp-json\/wp\/v2\/comments?post=4218"}],"wp:featuredmedia":[{"embeddable":true,"href":"https:\/\/cinier-b.com\/pro\/wp-json\/wp\/v2\/media\/3912"}],"wp:attachment":[{"href":"https:\/\/cinier-b.com\/pro\/wp-json\/wp\/v2\/media?parent=4218"}],"wp:term":[{"taxonomy":"product_brand","embeddable":true,"href":"https:\/\/cinier-b.com\/pro\/wp-json\/wp\/v2\/product_brand?post=4218"},{"taxonomy":"product_cat","embeddable":true,"href":"https:\/\/cinier-b.com\/pro\/wp-json\/wp\/v2\/product_cat?post=4218"},{"taxonomy":"product_tag","embeddable":true,"href":"https:\/\/cinier-b.com\/pro\/wp-json\/wp\/v2\/product_tag?post=4218"}],"curies":[{"name":"wp","href":"https:\/\/api.w.org\/{rel}","templated":true}]}}