{"id":3604,"date":"2021-02-24T14:52:04","date_gmt":"2021-02-24T13:52:04","guid":{"rendered":"https:\/\/professionnels.cinier-b.com\/?post_type=product&#038;p=3604"},"modified":"2025-04-07T12:37:38","modified_gmt":"2025-04-07T10:37:38","slug":"deodorant-48h","status":"publish","type":"product","link":"https:\/\/cinier-b.com\/pro\/boutique\/soins-du-corps-frictions-de-sante\/cremes-lotions-gel\/transpiration\/deodorant-48h\/","title":{"rendered":"D\u00e9odorant 48H"},"content":{"rendered":"<p><strong>D\u00e9odorant naturel aux huiles essentielles\u00a0 et extraits v\u00e9g\u00e9taux, <\/strong><strong>sans sels d&rsquo;aluminium\u00a0 &#8211; sans paraben &#8211; sans colorants.<br \/>\n<\/strong><\/p>\n<p><strong>Il convient \u00e0 toute la famille et vous prot\u00e8ge 48 heures.<\/strong><\/p>\n<p>Son parfum Cologne 100% naturel est non persistant et ne modifie pas votre propre parfum.<\/p>\n<p>Gr\u00e2ce aux propri\u00e9t\u00e9s antiseptiques et astringentes de ces principes actifs, 48H supprime la d\u00e9gradation bact\u00e9rienne responsable des mauvaises odeurs corporelles.<\/p>\n<p>Sa qualit\u00e9 de p\u00e9n\u00e9tration permet une \u00e9limination importante des germes de surface entra\u00eenant une efficacit\u00e9 durable.<\/p>\n<p><strong>Son parfum Cologne 100% naturel est non persistant et ne modifie pas votre propre parfum.<\/strong><\/p>\n<blockquote>\n<h2>Les Actifs<\/h2>\n<\/blockquote>\n<ul>\n<li>Alcool, Aqua, 15% extraits v\u00e9g\u00e9taux de sauge myrrhe, pens\u00e9e sauvage, Benjoin, 1% d\u2019huiles essentielle de sauge officinale , menthe poivr\u00e9e, cypr\u00e8s, pin sylvestre.<\/li>\n<li>Parfum Cologne 100% naturel.<\/li>\n<\/ul>\n","protected":false},"excerpt":{"rendered":"<blockquote><p><strong>D\u00e9odorant corporel 100% naturel. Il convient \u00e0 toute la famille et vous prot\u00e8ge 48 heures.<\/strong><\/p><\/blockquote>\n<p><b>Le + Cinier B :<\/b><\/p>\n<p><span style=\"font-weight: 400;\">&#8211; Livraison offerte \u00e0 partir de 190\u20ac HT d&rsquo;achats (France m\u00e9tropolitaine)<\/span><\/p>\n<p>Sans sels d&rsquo;aluminium, sans paraben<\/p>\n<p>flacon pulv\u00e9risateur 100ml Code ACL:6555992<\/p>\n","protected":false},"featured_media":8329,"comment_status":"open","ping_status":"closed","template":"","meta":[],"product_brand":[],"product_cat":[101],"product_tag":[],"class_list":{"0":"post-3604","1":"product","2":"type-product","3":"status-publish","4":"has-post-thumbnail","6":"product_cat-transpiration","8":"first","9":"instock","10":"taxable","11":"shipping-taxable","12":"purchasable","13":"product-type-variable"},"yoast_head":"<!-- This site is optimized with the Yoast SEO plugin v25.0 - https:\/\/yoast.com\/wordpress\/plugins\/seo\/ -->\n<title>D\u00e9odorant 48H - Cinier-B pour Professionnels<\/title>\n<meta name=\"robots\" content=\"index, follow, max-snippet:-1, max-image-preview:large, max-video-preview:-1\" \/>\n<link rel=\"canonical\" href=\"https:\/\/cinier-b.com\/pro\/boutique\/soins-du-corps-frictions-de-sante\/cremes-lotions-gel\/transpiration\/deodorant-48h\/\" \/>\n<meta property=\"og:locale\" content=\"fr_FR\" \/>\n<meta property=\"og:type\" content=\"article\" \/>\n<meta property=\"og:title\" content=\"D\u00e9odorant 48H - Cinier-B pour Professionnels\" \/>\n<meta property=\"og:description\" content=\"D\u00e9odorant corporel 100% naturel. Il convient \u00e0 toute la famille et vous prot\u00e8ge 48 heures. Le + Cinier B :  - Livraison offerte \u00e0 partir de 190\u20ac HT d&#039;achats (France m\u00e9tropolitaine)  Sans sels d&#039;aluminium, sans paraben  flacon pulv\u00e9risateur 100ml Code ACL:6555992\" \/>\n<meta property=\"og:url\" content=\"https:\/\/cinier-b.com\/pro\/boutique\/soins-du-corps-frictions-de-sante\/cremes-lotions-gel\/transpiration\/deodorant-48h\/\" \/>\n<meta property=\"og:site_name\" content=\"Cinier-B pour Professionnels\" \/>\n<meta property=\"article:modified_time\" content=\"2025-04-07T10:37:38+00:00\" \/>\n<meta property=\"og:image\" content=\"https:\/\/cinier-b.com\/pro\/wp-content\/uploads\/2021\/02\/48h-photo-seul-b.jpg\" \/>\n\t<meta property=\"og:image:width\" content=\"1080\" \/>\n\t<meta property=\"og:image:height\" content=\"1080\" \/>\n\t<meta property=\"og:image:type\" content=\"image\/jpeg\" \/>\n<meta name=\"twitter:card\" content=\"summary_large_image\" \/>\n<meta name=\"twitter:label1\" content=\"Dur\u00e9e de lecture estim\u00e9e\" \/>\n\t<meta name=\"twitter:data1\" content=\"1 minute\" \/>\n<script type=\"application\/ld+json\" class=\"yoast-schema-graph\">{\"@context\":\"https:\/\/schema.org\",\"@graph\":[{\"@type\":\"WebPage\",\"@id\":\"https:\/\/cinier-b.com\/pro\/boutique\/soins-du-corps-frictions-de-sante\/cremes-lotions-gel\/transpiration\/deodorant-48h\/\",\"url\":\"https:\/\/cinier-b.com\/pro\/boutique\/soins-du-corps-frictions-de-sante\/cremes-lotions-gel\/transpiration\/deodorant-48h\/\",\"name\":\"D\u00e9odorant 48H - Cinier-B pour Professionnels\",\"isPartOf\":{\"@id\":\"https:\/\/cinier-b.com\/pro\/#website\"},\"primaryImageOfPage\":{\"@id\":\"https:\/\/cinier-b.com\/pro\/boutique\/soins-du-corps-frictions-de-sante\/cremes-lotions-gel\/transpiration\/deodorant-48h\/#primaryimage\"},\"image\":{\"@id\":\"https:\/\/cinier-b.com\/pro\/boutique\/soins-du-corps-frictions-de-sante\/cremes-lotions-gel\/transpiration\/deodorant-48h\/#primaryimage\"},\"thumbnailUrl\":\"https:\/\/cinier-b.com\/pro\/wp-content\/uploads\/2021\/02\/48h-photo-seul-b.jpg\",\"datePublished\":\"2021-02-24T13:52:04+00:00\",\"dateModified\":\"2025-04-07T10:37:38+00:00\",\"breadcrumb\":{\"@id\":\"https:\/\/cinier-b.com\/pro\/boutique\/soins-du-corps-frictions-de-sante\/cremes-lotions-gel\/transpiration\/deodorant-48h\/#breadcrumb\"},\"inLanguage\":\"fr-FR\",\"potentialAction\":[{\"@type\":\"ReadAction\",\"target\":[\"https:\/\/cinier-b.com\/pro\/boutique\/soins-du-corps-frictions-de-sante\/cremes-lotions-gel\/transpiration\/deodorant-48h\/\"]}]},{\"@type\":\"ImageObject\",\"inLanguage\":\"fr-FR\",\"@id\":\"https:\/\/cinier-b.com\/pro\/boutique\/soins-du-corps-frictions-de-sante\/cremes-lotions-gel\/transpiration\/deodorant-48h\/#primaryimage\",\"url\":\"https:\/\/cinier-b.com\/pro\/wp-content\/uploads\/2021\/02\/48h-photo-seul-b.jpg\",\"contentUrl\":\"https:\/\/cinier-b.com\/pro\/wp-content\/uploads\/2021\/02\/48h-photo-seul-b.jpg\",\"width\":1080,\"height\":1080},{\"@type\":\"BreadcrumbList\",\"@id\":\"https:\/\/cinier-b.com\/pro\/boutique\/soins-du-corps-frictions-de-sante\/cremes-lotions-gel\/transpiration\/deodorant-48h\/#breadcrumb\",\"itemListElement\":[{\"@type\":\"ListItem\",\"position\":1,\"name\":\"Accueil\",\"item\":\"https:\/\/cinier-b.com\/pro\/accueil\/\"},{\"@type\":\"ListItem\",\"position\":2,\"name\":\"Boutique\",\"item\":\"https:\/\/cinier-b.com\/pro\/boutique\/\"},{\"@type\":\"ListItem\",\"position\":3,\"name\":\"D\u00e9odorant 48H\"}]},{\"@type\":\"WebSite\",\"@id\":\"https:\/\/cinier-b.com\/pro\/#website\",\"url\":\"https:\/\/cinier-b.com\/pro\/\",\"name\":\"Cinier-B pour Professionnels\",\"description\":\"Laboratoires Cinier-B\",\"potentialAction\":[{\"@type\":\"SearchAction\",\"target\":{\"@type\":\"EntryPoint\",\"urlTemplate\":\"https:\/\/cinier-b.com\/pro\/?s={search_term_string}\"},\"query-input\":{\"@type\":\"PropertyValueSpecification\",\"valueRequired\":true,\"valueName\":\"search_term_string\"}}],\"inLanguage\":\"fr-FR\"}]}<\/script>\n<!-- \/ Yoast SEO plugin. -->","yoast_head_json":{"title":"D\u00e9odorant 48H - Cinier-B pour Professionnels","robots":{"index":"index","follow":"follow","max-snippet":"max-snippet:-1","max-image-preview":"max-image-preview:large","max-video-preview":"max-video-preview:-1"},"canonical":"https:\/\/cinier-b.com\/pro\/boutique\/soins-du-corps-frictions-de-sante\/cremes-lotions-gel\/transpiration\/deodorant-48h\/","og_locale":"fr_FR","og_type":"article","og_title":"D\u00e9odorant 48H - Cinier-B pour Professionnels","og_description":"D\u00e9odorant corporel 100% naturel. Il convient \u00e0 toute la famille et vous prot\u00e8ge 48 heures. Le + Cinier B :  - Livraison offerte \u00e0 partir de 190\u20ac HT d'achats (France m\u00e9tropolitaine)  Sans sels d'aluminium, sans paraben  flacon pulv\u00e9risateur 100ml Code ACL:6555992","og_url":"https:\/\/cinier-b.com\/pro\/boutique\/soins-du-corps-frictions-de-sante\/cremes-lotions-gel\/transpiration\/deodorant-48h\/","og_site_name":"Cinier-B pour Professionnels","article_modified_time":"2025-04-07T10:37:38+00:00","og_image":[{"width":1080,"height":1080,"url":"https:\/\/cinier-b.com\/pro\/wp-content\/uploads\/2021\/02\/48h-photo-seul-b.jpg","type":"image\/jpeg"}],"twitter_card":"summary_large_image","twitter_misc":{"Dur\u00e9e de lecture estim\u00e9e":"1 minute"},"schema":{"@context":"https:\/\/schema.org","@graph":[{"@type":"WebPage","@id":"https:\/\/cinier-b.com\/pro\/boutique\/soins-du-corps-frictions-de-sante\/cremes-lotions-gel\/transpiration\/deodorant-48h\/","url":"https:\/\/cinier-b.com\/pro\/boutique\/soins-du-corps-frictions-de-sante\/cremes-lotions-gel\/transpiration\/deodorant-48h\/","name":"D\u00e9odorant 48H - Cinier-B pour Professionnels","isPartOf":{"@id":"https:\/\/cinier-b.com\/pro\/#website"},"primaryImageOfPage":{"@id":"https:\/\/cinier-b.com\/pro\/boutique\/soins-du-corps-frictions-de-sante\/cremes-lotions-gel\/transpiration\/deodorant-48h\/#primaryimage"},"image":{"@id":"https:\/\/cinier-b.com\/pro\/boutique\/soins-du-corps-frictions-de-sante\/cremes-lotions-gel\/transpiration\/deodorant-48h\/#primaryimage"},"thumbnailUrl":"https:\/\/cinier-b.com\/pro\/wp-content\/uploads\/2021\/02\/48h-photo-seul-b.jpg","datePublished":"2021-02-24T13:52:04+00:00","dateModified":"2025-04-07T10:37:38+00:00","breadcrumb":{"@id":"https:\/\/cinier-b.com\/pro\/boutique\/soins-du-corps-frictions-de-sante\/cremes-lotions-gel\/transpiration\/deodorant-48h\/#breadcrumb"},"inLanguage":"fr-FR","potentialAction":[{"@type":"ReadAction","target":["https:\/\/cinier-b.com\/pro\/boutique\/soins-du-corps-frictions-de-sante\/cremes-lotions-gel\/transpiration\/deodorant-48h\/"]}]},{"@type":"ImageObject","inLanguage":"fr-FR","@id":"https:\/\/cinier-b.com\/pro\/boutique\/soins-du-corps-frictions-de-sante\/cremes-lotions-gel\/transpiration\/deodorant-48h\/#primaryimage","url":"https:\/\/cinier-b.com\/pro\/wp-content\/uploads\/2021\/02\/48h-photo-seul-b.jpg","contentUrl":"https:\/\/cinier-b.com\/pro\/wp-content\/uploads\/2021\/02\/48h-photo-seul-b.jpg","width":1080,"height":1080},{"@type":"BreadcrumbList","@id":"https:\/\/cinier-b.com\/pro\/boutique\/soins-du-corps-frictions-de-sante\/cremes-lotions-gel\/transpiration\/deodorant-48h\/#breadcrumb","itemListElement":[{"@type":"ListItem","position":1,"name":"Accueil","item":"https:\/\/cinier-b.com\/pro\/accueil\/"},{"@type":"ListItem","position":2,"name":"Boutique","item":"https:\/\/cinier-b.com\/pro\/boutique\/"},{"@type":"ListItem","position":3,"name":"D\u00e9odorant 48H"}]},{"@type":"WebSite","@id":"https:\/\/cinier-b.com\/pro\/#website","url":"https:\/\/cinier-b.com\/pro\/","name":"Cinier-B pour Professionnels","description":"Laboratoires Cinier-B","potentialAction":[{"@type":"SearchAction","target":{"@type":"EntryPoint","urlTemplate":"https:\/\/cinier-b.com\/pro\/?s={search_term_string}"},"query-input":{"@type":"PropertyValueSpecification","valueRequired":true,"valueName":"search_term_string"}}],"inLanguage":"fr-FR"}]}},"_links":{"self":[{"href":"https:\/\/cinier-b.com\/pro\/wp-json\/wp\/v2\/product\/3604"}],"collection":[{"href":"https:\/\/cinier-b.com\/pro\/wp-json\/wp\/v2\/product"}],"about":[{"href":"https:\/\/cinier-b.com\/pro\/wp-json\/wp\/v2\/types\/product"}],"replies":[{"embeddable":true,"href":"https:\/\/cinier-b.com\/pro\/wp-json\/wp\/v2\/comments?post=3604"}],"wp:featuredmedia":[{"embeddable":true,"href":"https:\/\/cinier-b.com\/pro\/wp-json\/wp\/v2\/media\/8329"}],"wp:attachment":[{"href":"https:\/\/cinier-b.com\/pro\/wp-json\/wp\/v2\/media?parent=3604"}],"wp:term":[{"taxonomy":"product_brand","embeddable":true,"href":"https:\/\/cinier-b.com\/pro\/wp-json\/wp\/v2\/product_brand?post=3604"},{"taxonomy":"product_cat","embeddable":true,"href":"https:\/\/cinier-b.com\/pro\/wp-json\/wp\/v2\/product_cat?post=3604"},{"taxonomy":"product_tag","embeddable":true,"href":"https:\/\/cinier-b.com\/pro\/wp-json\/wp\/v2\/product_tag?post=3604"}],"curies":[{"name":"wp","href":"https:\/\/api.w.org\/{rel}","templated":true}]}}