{"id":3554,"date":"2021-02-24T11:01:11","date_gmt":"2021-02-24T10:01:11","guid":{"rendered":"https:\/\/professionnels.cinier-b.com\/?post_type=product&#038;p=3554"},"modified":"2024-11-01T23:00:09","modified_gmt":"2024-11-01T22:00:09","slug":"huiles-essentielles-bursite","status":"publish","type":"product","link":"https:\/\/cinier-b.com\/pro\/boutique\/pedicurie-podologie\/specialites-podologiques\/nos-6-specialites-100-he\/huiles-essentielles-bursite\/","title":{"rendered":"Sp\u00e9cialit\u00e9 N\u00b05 PRO Bursite 100% HE"},"content":{"rendered":"<p>Lutte contre les inflammations.<\/p>\n<p><b>POSOLOGIE<\/b><b><i> : <\/i><\/b>2 \u00e0 3 gouttes selon la zone 2 fois\/ jour (plus si n\u00e9cessaire)\u00a0 pur ou dilu\u00e9 dans une huile v\u00e9g\u00e9tale ou cr\u00e8me sur la zone enflamm\u00e9e (bourse s\u00e9reuse ou articulation).<\/p>\n<blockquote><p>Les Actifs: 100% Huiles essentielles pures, naturelles, ch\u00e9motyp\u00e9es de: Wintergreen , eucalyptus citronn\u00e9, pin sylvestre, menthe poivr\u00e9e.<\/p><\/blockquote>\n<blockquote>\n<h3>Indications g\u00e9n\u00e9rales pour l&rsquo;utilisation d&rsquo;huiles essentielles<\/h3>\n<\/blockquote>\n<ul>\n<li>Ne pas utiliser sur les femmes enceintes et les enfants de moins de 6 ans.<\/li>\n<li>Ne pas utiliser sur les sujets allergiques \u00e0 un des constituants (voir formule INCI des ingr\u00e9dients avec les allerg\u00e8nes).<\/li>\n<li>Tenir tous les flacons d&rsquo;huiles essentielles hors de port\u00e9e des enfants. En cas de projection accidentelle dans les yeux appliquer imm\u00e9diatement une huile v\u00e9g\u00e9tale (jamais d&rsquo;eau car celle-ci ne dissout pas les huiles essentielles).<\/li>\n<\/ul>\n<blockquote>\n<h3>Stockage &#8211; Conservation<\/h3>\n<\/blockquote>\n<p>Tenir les huiles essentielles hors de port\u00e9e des enfants. Bien refermer apr\u00e8s usage, stocker dans un endroit frais \u00e0 l&rsquo;abri de la lumi\u00e8re. Ces pr\u00e9cautions \u00e9viteront l&rsquo;oxydation pr\u00e9matur\u00e9e des huiles essentielles . Voir <strong>LES PRECAUTIONS D&rsquo; EMPLOI &amp; CONTRE-INDICATIONS<\/strong> g\u00e9n\u00e9rales \u00e0 la rubrique des Huiles Essentielles<\/p>\n","protected":false},"excerpt":{"rendered":"<p class=\"browseProductTitle\"><strong>Lutte contre les inflammations<\/strong><\/p>\n<p><strong>Sp\u00e9cialit\u00e9 r\u00e9serv\u00e9e \u00e0 l&rsquo;usage professionnel et pour les suites de soin.<\/strong><\/p>\n<p>Conditionnement professionnel: 50 et 100ml<\/p>\n<p>A reconditionner pour vos patients en flacons de 5 ou 10 ml<\/p>\n<blockquote><p>Usage cutan\u00e9<\/p><\/blockquote>\n<p>&nbsp;<\/p>\n","protected":false},"featured_media":3557,"comment_status":"open","ping_status":"closed","template":"","meta":[],"product_brand":[],"product_cat":[151,136,56],"product_tag":[],"class_list":{"0":"post-3554","1":"product","2":"type-product","3":"status-publish","4":"has-post-thumbnail","6":"product_cat-n5-pro-bursite","7":"product_cat-specialites-podologiques-promotions","8":"product_cat-nos-6-specialites-100-he","10":"first","11":"instock","12":"taxable","13":"shipping-taxable","14":"purchasable","15":"product-type-variable"},"yoast_head":"<!-- This site is optimized with the Yoast SEO plugin v25.0 - https:\/\/yoast.com\/wordpress\/plugins\/seo\/ -->\n<title>Sp\u00e9cialit\u00e9 N\u00b05 PRO Bursite 100% HE - Cinier-B pour Professionnels<\/title>\n<meta name=\"robots\" content=\"index, follow, max-snippet:-1, max-image-preview:large, max-video-preview:-1\" \/>\n<link rel=\"canonical\" href=\"https:\/\/cinier-b.com\/pro\/boutique\/pedicurie-podologie\/specialites-podologiques\/nos-6-specialites-100-he\/huiles-essentielles-bursite\/\" \/>\n<meta property=\"og:locale\" content=\"fr_FR\" \/>\n<meta property=\"og:type\" content=\"article\" \/>\n<meta property=\"og:title\" content=\"Sp\u00e9cialit\u00e9 N\u00b05 PRO Bursite 100% HE - Cinier-B pour Professionnels\" \/>\n<meta property=\"og:description\" content=\"Lutte contre les inflammations Sp\u00e9cialit\u00e9 r\u00e9serv\u00e9e \u00e0 l&#039;usage professionnel et pour les suites de soin.  Conditionnement professionnel: 50 et 100ml  A reconditionner pour vos patients en flacons de 5 ou 10 ml Usage cutan\u00e9 &nbsp;\" \/>\n<meta property=\"og:url\" content=\"https:\/\/cinier-b.com\/pro\/boutique\/pedicurie-podologie\/specialites-podologiques\/nos-6-specialites-100-he\/huiles-essentielles-bursite\/\" \/>\n<meta property=\"og:site_name\" content=\"Cinier-B pour Professionnels\" \/>\n<meta property=\"article:modified_time\" content=\"2024-11-01T22:00:09+00:00\" \/>\n<meta property=\"og:image\" content=\"https:\/\/cinier-b.com\/pro\/wp-content\/uploads\/2021\/02\/Sans-titre-47.png\" \/>\n\t<meta property=\"og:image:width\" content=\"300\" \/>\n\t<meta property=\"og:image:height\" content=\"300\" \/>\n\t<meta property=\"og:image:type\" content=\"image\/png\" \/>\n<meta name=\"twitter:card\" content=\"summary_large_image\" \/>\n<meta name=\"twitter:label1\" content=\"Dur\u00e9e de lecture estim\u00e9e\" \/>\n\t<meta name=\"twitter:data1\" content=\"1 minute\" \/>\n<script type=\"application\/ld+json\" class=\"yoast-schema-graph\">{\"@context\":\"https:\/\/schema.org\",\"@graph\":[{\"@type\":\"WebPage\",\"@id\":\"https:\/\/cinier-b.com\/pro\/boutique\/pedicurie-podologie\/specialites-podologiques\/nos-6-specialites-100-he\/huiles-essentielles-bursite\/\",\"url\":\"https:\/\/cinier-b.com\/pro\/boutique\/pedicurie-podologie\/specialites-podologiques\/nos-6-specialites-100-he\/huiles-essentielles-bursite\/\",\"name\":\"Sp\u00e9cialit\u00e9 N\u00b05 PRO Bursite 100% HE - Cinier-B pour Professionnels\",\"isPartOf\":{\"@id\":\"https:\/\/cinier-b.com\/pro\/#website\"},\"primaryImageOfPage\":{\"@id\":\"https:\/\/cinier-b.com\/pro\/boutique\/pedicurie-podologie\/specialites-podologiques\/nos-6-specialites-100-he\/huiles-essentielles-bursite\/#primaryimage\"},\"image\":{\"@id\":\"https:\/\/cinier-b.com\/pro\/boutique\/pedicurie-podologie\/specialites-podologiques\/nos-6-specialites-100-he\/huiles-essentielles-bursite\/#primaryimage\"},\"thumbnailUrl\":\"https:\/\/cinier-b.com\/pro\/wp-content\/uploads\/2021\/02\/Sans-titre-47.png\",\"datePublished\":\"2021-02-24T10:01:11+00:00\",\"dateModified\":\"2024-11-01T22:00:09+00:00\",\"breadcrumb\":{\"@id\":\"https:\/\/cinier-b.com\/pro\/boutique\/pedicurie-podologie\/specialites-podologiques\/nos-6-specialites-100-he\/huiles-essentielles-bursite\/#breadcrumb\"},\"inLanguage\":\"fr-FR\",\"potentialAction\":[{\"@type\":\"ReadAction\",\"target\":[\"https:\/\/cinier-b.com\/pro\/boutique\/pedicurie-podologie\/specialites-podologiques\/nos-6-specialites-100-he\/huiles-essentielles-bursite\/\"]}]},{\"@type\":\"ImageObject\",\"inLanguage\":\"fr-FR\",\"@id\":\"https:\/\/cinier-b.com\/pro\/boutique\/pedicurie-podologie\/specialites-podologiques\/nos-6-specialites-100-he\/huiles-essentielles-bursite\/#primaryimage\",\"url\":\"https:\/\/cinier-b.com\/pro\/wp-content\/uploads\/2021\/02\/Sans-titre-47.png\",\"contentUrl\":\"https:\/\/cinier-b.com\/pro\/wp-content\/uploads\/2021\/02\/Sans-titre-47.png\",\"width\":300,\"height\":300},{\"@type\":\"BreadcrumbList\",\"@id\":\"https:\/\/cinier-b.com\/pro\/boutique\/pedicurie-podologie\/specialites-podologiques\/nos-6-specialites-100-he\/huiles-essentielles-bursite\/#breadcrumb\",\"itemListElement\":[{\"@type\":\"ListItem\",\"position\":1,\"name\":\"Accueil\",\"item\":\"https:\/\/cinier-b.com\/pro\/accueil\/\"},{\"@type\":\"ListItem\",\"position\":2,\"name\":\"Boutique\",\"item\":\"https:\/\/cinier-b.com\/pro\/boutique\/\"},{\"@type\":\"ListItem\",\"position\":3,\"name\":\"Sp\u00e9cialit\u00e9 N\u00b05 PRO Bursite 100% HE\"}]},{\"@type\":\"WebSite\",\"@id\":\"https:\/\/cinier-b.com\/pro\/#website\",\"url\":\"https:\/\/cinier-b.com\/pro\/\",\"name\":\"Cinier-B pour Professionnels\",\"description\":\"Laboratoires Cinier-B\",\"potentialAction\":[{\"@type\":\"SearchAction\",\"target\":{\"@type\":\"EntryPoint\",\"urlTemplate\":\"https:\/\/cinier-b.com\/pro\/?s={search_term_string}\"},\"query-input\":{\"@type\":\"PropertyValueSpecification\",\"valueRequired\":true,\"valueName\":\"search_term_string\"}}],\"inLanguage\":\"fr-FR\"}]}<\/script>\n<!-- \/ Yoast SEO plugin. -->","yoast_head_json":{"title":"Sp\u00e9cialit\u00e9 N\u00b05 PRO Bursite 100% HE - Cinier-B pour Professionnels","robots":{"index":"index","follow":"follow","max-snippet":"max-snippet:-1","max-image-preview":"max-image-preview:large","max-video-preview":"max-video-preview:-1"},"canonical":"https:\/\/cinier-b.com\/pro\/boutique\/pedicurie-podologie\/specialites-podologiques\/nos-6-specialites-100-he\/huiles-essentielles-bursite\/","og_locale":"fr_FR","og_type":"article","og_title":"Sp\u00e9cialit\u00e9 N\u00b05 PRO Bursite 100% HE - Cinier-B pour Professionnels","og_description":"Lutte contre les inflammations Sp\u00e9cialit\u00e9 r\u00e9serv\u00e9e \u00e0 l'usage professionnel et pour les suites de soin.  Conditionnement professionnel: 50 et 100ml  A reconditionner pour vos patients en flacons de 5 ou 10 ml Usage cutan\u00e9 &nbsp;","og_url":"https:\/\/cinier-b.com\/pro\/boutique\/pedicurie-podologie\/specialites-podologiques\/nos-6-specialites-100-he\/huiles-essentielles-bursite\/","og_site_name":"Cinier-B pour Professionnels","article_modified_time":"2024-11-01T22:00:09+00:00","og_image":[{"width":300,"height":300,"url":"https:\/\/cinier-b.com\/pro\/wp-content\/uploads\/2021\/02\/Sans-titre-47.png","type":"image\/png"}],"twitter_card":"summary_large_image","twitter_misc":{"Dur\u00e9e de lecture estim\u00e9e":"1 minute"},"schema":{"@context":"https:\/\/schema.org","@graph":[{"@type":"WebPage","@id":"https:\/\/cinier-b.com\/pro\/boutique\/pedicurie-podologie\/specialites-podologiques\/nos-6-specialites-100-he\/huiles-essentielles-bursite\/","url":"https:\/\/cinier-b.com\/pro\/boutique\/pedicurie-podologie\/specialites-podologiques\/nos-6-specialites-100-he\/huiles-essentielles-bursite\/","name":"Sp\u00e9cialit\u00e9 N\u00b05 PRO Bursite 100% HE - Cinier-B pour Professionnels","isPartOf":{"@id":"https:\/\/cinier-b.com\/pro\/#website"},"primaryImageOfPage":{"@id":"https:\/\/cinier-b.com\/pro\/boutique\/pedicurie-podologie\/specialites-podologiques\/nos-6-specialites-100-he\/huiles-essentielles-bursite\/#primaryimage"},"image":{"@id":"https:\/\/cinier-b.com\/pro\/boutique\/pedicurie-podologie\/specialites-podologiques\/nos-6-specialites-100-he\/huiles-essentielles-bursite\/#primaryimage"},"thumbnailUrl":"https:\/\/cinier-b.com\/pro\/wp-content\/uploads\/2021\/02\/Sans-titre-47.png","datePublished":"2021-02-24T10:01:11+00:00","dateModified":"2024-11-01T22:00:09+00:00","breadcrumb":{"@id":"https:\/\/cinier-b.com\/pro\/boutique\/pedicurie-podologie\/specialites-podologiques\/nos-6-specialites-100-he\/huiles-essentielles-bursite\/#breadcrumb"},"inLanguage":"fr-FR","potentialAction":[{"@type":"ReadAction","target":["https:\/\/cinier-b.com\/pro\/boutique\/pedicurie-podologie\/specialites-podologiques\/nos-6-specialites-100-he\/huiles-essentielles-bursite\/"]}]},{"@type":"ImageObject","inLanguage":"fr-FR","@id":"https:\/\/cinier-b.com\/pro\/boutique\/pedicurie-podologie\/specialites-podologiques\/nos-6-specialites-100-he\/huiles-essentielles-bursite\/#primaryimage","url":"https:\/\/cinier-b.com\/pro\/wp-content\/uploads\/2021\/02\/Sans-titre-47.png","contentUrl":"https:\/\/cinier-b.com\/pro\/wp-content\/uploads\/2021\/02\/Sans-titre-47.png","width":300,"height":300},{"@type":"BreadcrumbList","@id":"https:\/\/cinier-b.com\/pro\/boutique\/pedicurie-podologie\/specialites-podologiques\/nos-6-specialites-100-he\/huiles-essentielles-bursite\/#breadcrumb","itemListElement":[{"@type":"ListItem","position":1,"name":"Accueil","item":"https:\/\/cinier-b.com\/pro\/accueil\/"},{"@type":"ListItem","position":2,"name":"Boutique","item":"https:\/\/cinier-b.com\/pro\/boutique\/"},{"@type":"ListItem","position":3,"name":"Sp\u00e9cialit\u00e9 N\u00b05 PRO Bursite 100% HE"}]},{"@type":"WebSite","@id":"https:\/\/cinier-b.com\/pro\/#website","url":"https:\/\/cinier-b.com\/pro\/","name":"Cinier-B pour Professionnels","description":"Laboratoires Cinier-B","potentialAction":[{"@type":"SearchAction","target":{"@type":"EntryPoint","urlTemplate":"https:\/\/cinier-b.com\/pro\/?s={search_term_string}"},"query-input":{"@type":"PropertyValueSpecification","valueRequired":true,"valueName":"search_term_string"}}],"inLanguage":"fr-FR"}]}},"_links":{"self":[{"href":"https:\/\/cinier-b.com\/pro\/wp-json\/wp\/v2\/product\/3554"}],"collection":[{"href":"https:\/\/cinier-b.com\/pro\/wp-json\/wp\/v2\/product"}],"about":[{"href":"https:\/\/cinier-b.com\/pro\/wp-json\/wp\/v2\/types\/product"}],"replies":[{"embeddable":true,"href":"https:\/\/cinier-b.com\/pro\/wp-json\/wp\/v2\/comments?post=3554"}],"wp:featuredmedia":[{"embeddable":true,"href":"https:\/\/cinier-b.com\/pro\/wp-json\/wp\/v2\/media\/3557"}],"wp:attachment":[{"href":"https:\/\/cinier-b.com\/pro\/wp-json\/wp\/v2\/media?parent=3554"}],"wp:term":[{"taxonomy":"product_brand","embeddable":true,"href":"https:\/\/cinier-b.com\/pro\/wp-json\/wp\/v2\/product_brand?post=3554"},{"taxonomy":"product_cat","embeddable":true,"href":"https:\/\/cinier-b.com\/pro\/wp-json\/wp\/v2\/product_cat?post=3554"},{"taxonomy":"product_tag","embeddable":true,"href":"https:\/\/cinier-b.com\/pro\/wp-json\/wp\/v2\/product_tag?post=3554"}],"curies":[{"name":"wp","href":"https:\/\/api.w.org\/{rel}","templated":true}]}}