{"id":323,"date":"2011-12-19T20:18:44","date_gmt":"2011-12-19T19:18:44","guid":{"rendered":"https:\/\/professionnels.cinier-b.com\/produit\/calendula-bio\/"},"modified":"2026-04-20T10:47:15","modified_gmt":"2026-04-20T08:47:15","slug":"calendula-bio","status":"publish","type":"product","link":"https:\/\/cinier-b.com\/pro\/boutique\/soins-du-corps-frictions-de-sante\/huiles-vegetales\/calendula-bio\/","title":{"rendered":"CALENDULA BIO &#8211; Aide \u00e0 r\u00e9duire les rougeurs, les d\u00e9mangeaisons &#038; l&rsquo;inflammation associ\u00e9es \u00e0 l&rsquo;ecz\u00e9ma"},"content":{"rendered":"<p>L&rsquo;huile de Calendula est un mac\u00e9rat huileux obtenu par mac\u00e9ration des sommit\u00e9s fleuries du Calendula Biologique fra\u00eechement r\u00e9colt\u00e9 dans de l&rsquo;huile de Tournesol Biologique, enrichi en vitamine E.<\/p>\n<p>Elle est 100% pure et naturelle sans aucun autre additif, d&rsquo;origine France certifi\u00e9e.<\/p>\n<p>Adoucissante, calmante, elle est recommand\u00e9e contre les rougeurs, les irritations cutan\u00e9es et les piqures d\u2019insectes.<\/p>\n<p>A utiliser uniquement en usage externe.<\/p>\n<blockquote>\n<h2>Principaux constituants<\/h2>\n<\/blockquote>\n<ul>\n<li>Acide ol\u00e9ique (14 \u00e0 40%)<\/li>\n<li>Acide linol\u00e9ique (3,5 \u00e0 20%)<\/li>\n<li>Acide st\u00e9arique (1 \u00e0 7%)<\/li>\n<li>Acide palmitique (4 \u00e0 9%)<\/li>\n<\/ul>\n<blockquote>\n<h2>Caract\u00e9ristiques organoleptiques<\/h2>\n<\/blockquote>\n<ul>\n<li>Odeur Florale, l\u00e9g\u00e8rement am\u00e8re<\/li>\n<li>Couleur: Orang\u00e9 \u00e0 brun<\/li>\n<\/ul>\n<p><img loading=\"lazy\" decoding=\"async\" class=\"alignnone size-full wp-image-3933\" src=\"https:\/\/cinier-b.com\/particuliers\/wp-content\/uploads\/2019\/09\/ECOCERT-AB.jpg\" sizes=\"(max-width: 80px) 100vw, 80px\" srcset=\"https:\/\/cinier-b.com\/particuliers\/wp-content\/uploads\/2019\/09\/ECOCERT-AB.jpg 80w, https:\/\/cinier-b.com\/particuliers\/wp-content\/uploads\/2019\/09\/ECOCERT-AB-64x25.jpg 64w\" alt=\"\" width=\"80\" height=\"31\" \/>\u00a0Les produits portant la mention BIO sont issus de l\u2019Agriculture Biologique et certifi\u00e9s par ECOCERT FR-BIO-01<\/p>\n","protected":false},"excerpt":{"rendered":"<p><b>Contre les rougeurs et les irritations.<\/b><\/p>\n<p>Flacon de 100 et 500ml<\/p>\n","protected":false},"featured_media":10649,"comment_status":"open","ping_status":"closed","template":"","meta":[],"product_brand":[],"product_cat":[24,46],"product_tag":[],"class_list":{"0":"post-323","1":"product","2":"type-product","3":"status-publish","4":"has-post-thumbnail","6":"product_cat-huiles-vegetales","7":"product_cat-pour-le-soin-et-la-beaute","9":"first","10":"instock","11":"taxable","12":"shipping-taxable","13":"purchasable","14":"product-type-variable"},"yoast_head":"<!-- This site is optimized with the Yoast SEO plugin v25.0 - https:\/\/yoast.com\/wordpress\/plugins\/seo\/ -->\n<title>CALENDULA BIO - Aide \u00e0 r\u00e9duire les rougeurs, les d\u00e9mangeaisons &amp; l&#039;inflammation associ\u00e9es \u00e0 l&#039;ecz\u00e9ma - Cinier-B pour Professionnels<\/title>\n<meta name=\"robots\" content=\"index, follow, max-snippet:-1, max-image-preview:large, max-video-preview:-1\" \/>\n<link rel=\"canonical\" href=\"https:\/\/cinier-b.com\/pro\/boutique\/soins-du-corps-frictions-de-sante\/huiles-vegetales\/calendula-bio\/\" \/>\n<meta property=\"og:locale\" content=\"fr_FR\" \/>\n<meta property=\"og:type\" content=\"article\" \/>\n<meta property=\"og:title\" content=\"CALENDULA BIO - Aide \u00e0 r\u00e9duire les rougeurs, les d\u00e9mangeaisons &amp; l&#039;inflammation associ\u00e9es \u00e0 l&#039;ecz\u00e9ma - Cinier-B pour Professionnels\" \/>\n<meta property=\"og:description\" content=\"Contre les rougeurs et les irritations.  Flacon de 100 et 500ml\" \/>\n<meta property=\"og:url\" content=\"https:\/\/cinier-b.com\/pro\/boutique\/soins-du-corps-frictions-de-sante\/huiles-vegetales\/calendula-bio\/\" \/>\n<meta property=\"og:site_name\" content=\"Cinier-B pour Professionnels\" \/>\n<meta property=\"article:modified_time\" content=\"2026-04-20T08:47:15+00:00\" \/>\n<meta property=\"og:image\" content=\"https:\/\/cinier-b.com\/pro\/wp-content\/uploads\/2011\/12\/Visuels-produits-cinier-14.png\" \/>\n\t<meta property=\"og:image:width\" content=\"1200\" \/>\n\t<meta property=\"og:image:height\" content=\"1200\" \/>\n\t<meta property=\"og:image:type\" content=\"image\/png\" \/>\n<meta name=\"twitter:card\" content=\"summary_large_image\" \/>\n<meta name=\"twitter:label1\" content=\"Dur\u00e9e de lecture estim\u00e9e\" \/>\n\t<meta name=\"twitter:data1\" content=\"1 minute\" \/>\n<script type=\"application\/ld+json\" class=\"yoast-schema-graph\">{\"@context\":\"https:\/\/schema.org\",\"@graph\":[{\"@type\":\"WebPage\",\"@id\":\"https:\/\/cinier-b.com\/pro\/boutique\/soins-du-corps-frictions-de-sante\/huiles-vegetales\/calendula-bio\/\",\"url\":\"https:\/\/cinier-b.com\/pro\/boutique\/soins-du-corps-frictions-de-sante\/huiles-vegetales\/calendula-bio\/\",\"name\":\"CALENDULA BIO - Aide \u00e0 r\u00e9duire les rougeurs, les d\u00e9mangeaisons & l'inflammation associ\u00e9es \u00e0 l'ecz\u00e9ma - Cinier-B pour Professionnels\",\"isPartOf\":{\"@id\":\"https:\/\/cinier-b.com\/pro\/#website\"},\"primaryImageOfPage\":{\"@id\":\"https:\/\/cinier-b.com\/pro\/boutique\/soins-du-corps-frictions-de-sante\/huiles-vegetales\/calendula-bio\/#primaryimage\"},\"image\":{\"@id\":\"https:\/\/cinier-b.com\/pro\/boutique\/soins-du-corps-frictions-de-sante\/huiles-vegetales\/calendula-bio\/#primaryimage\"},\"thumbnailUrl\":\"https:\/\/cinier-b.com\/pro\/wp-content\/uploads\/2011\/12\/Visuels-produits-cinier-14.png\",\"datePublished\":\"2011-12-19T19:18:44+00:00\",\"dateModified\":\"2026-04-20T08:47:15+00:00\",\"breadcrumb\":{\"@id\":\"https:\/\/cinier-b.com\/pro\/boutique\/soins-du-corps-frictions-de-sante\/huiles-vegetales\/calendula-bio\/#breadcrumb\"},\"inLanguage\":\"fr-FR\",\"potentialAction\":[{\"@type\":\"ReadAction\",\"target\":[\"https:\/\/cinier-b.com\/pro\/boutique\/soins-du-corps-frictions-de-sante\/huiles-vegetales\/calendula-bio\/\"]}]},{\"@type\":\"ImageObject\",\"inLanguage\":\"fr-FR\",\"@id\":\"https:\/\/cinier-b.com\/pro\/boutique\/soins-du-corps-frictions-de-sante\/huiles-vegetales\/calendula-bio\/#primaryimage\",\"url\":\"https:\/\/cinier-b.com\/pro\/wp-content\/uploads\/2011\/12\/Visuels-produits-cinier-14.png\",\"contentUrl\":\"https:\/\/cinier-b.com\/pro\/wp-content\/uploads\/2011\/12\/Visuels-produits-cinier-14.png\",\"width\":1200,\"height\":1200},{\"@type\":\"BreadcrumbList\",\"@id\":\"https:\/\/cinier-b.com\/pro\/boutique\/soins-du-corps-frictions-de-sante\/huiles-vegetales\/calendula-bio\/#breadcrumb\",\"itemListElement\":[{\"@type\":\"ListItem\",\"position\":1,\"name\":\"Accueil\",\"item\":\"https:\/\/cinier-b.com\/pro\/accueil\/\"},{\"@type\":\"ListItem\",\"position\":2,\"name\":\"Boutique\",\"item\":\"https:\/\/cinier-b.com\/pro\/boutique\/\"},{\"@type\":\"ListItem\",\"position\":3,\"name\":\"CALENDULA BIO &#8211; Aide \u00e0 r\u00e9duire les rougeurs, les d\u00e9mangeaisons &#038; l&rsquo;inflammation associ\u00e9es \u00e0 l&rsquo;ecz\u00e9ma\"}]},{\"@type\":\"WebSite\",\"@id\":\"https:\/\/cinier-b.com\/pro\/#website\",\"url\":\"https:\/\/cinier-b.com\/pro\/\",\"name\":\"Cinier-B pour Professionnels\",\"description\":\"Laboratoires Cinier-B\",\"potentialAction\":[{\"@type\":\"SearchAction\",\"target\":{\"@type\":\"EntryPoint\",\"urlTemplate\":\"https:\/\/cinier-b.com\/pro\/?s={search_term_string}\"},\"query-input\":{\"@type\":\"PropertyValueSpecification\",\"valueRequired\":true,\"valueName\":\"search_term_string\"}}],\"inLanguage\":\"fr-FR\"}]}<\/script>\n<!-- \/ Yoast SEO plugin. -->","yoast_head_json":{"title":"CALENDULA BIO - Aide \u00e0 r\u00e9duire les rougeurs, les d\u00e9mangeaisons & l'inflammation associ\u00e9es \u00e0 l'ecz\u00e9ma - Cinier-B pour Professionnels","robots":{"index":"index","follow":"follow","max-snippet":"max-snippet:-1","max-image-preview":"max-image-preview:large","max-video-preview":"max-video-preview:-1"},"canonical":"https:\/\/cinier-b.com\/pro\/boutique\/soins-du-corps-frictions-de-sante\/huiles-vegetales\/calendula-bio\/","og_locale":"fr_FR","og_type":"article","og_title":"CALENDULA BIO - Aide \u00e0 r\u00e9duire les rougeurs, les d\u00e9mangeaisons & l'inflammation associ\u00e9es \u00e0 l'ecz\u00e9ma - Cinier-B pour Professionnels","og_description":"Contre les rougeurs et les irritations.  Flacon de 100 et 500ml","og_url":"https:\/\/cinier-b.com\/pro\/boutique\/soins-du-corps-frictions-de-sante\/huiles-vegetales\/calendula-bio\/","og_site_name":"Cinier-B pour Professionnels","article_modified_time":"2026-04-20T08:47:15+00:00","og_image":[{"width":1200,"height":1200,"url":"https:\/\/cinier-b.com\/pro\/wp-content\/uploads\/2011\/12\/Visuels-produits-cinier-14.png","type":"image\/png"}],"twitter_card":"summary_large_image","twitter_misc":{"Dur\u00e9e de lecture estim\u00e9e":"1 minute"},"schema":{"@context":"https:\/\/schema.org","@graph":[{"@type":"WebPage","@id":"https:\/\/cinier-b.com\/pro\/boutique\/soins-du-corps-frictions-de-sante\/huiles-vegetales\/calendula-bio\/","url":"https:\/\/cinier-b.com\/pro\/boutique\/soins-du-corps-frictions-de-sante\/huiles-vegetales\/calendula-bio\/","name":"CALENDULA BIO - Aide \u00e0 r\u00e9duire les rougeurs, les d\u00e9mangeaisons & l'inflammation associ\u00e9es \u00e0 l'ecz\u00e9ma - Cinier-B pour Professionnels","isPartOf":{"@id":"https:\/\/cinier-b.com\/pro\/#website"},"primaryImageOfPage":{"@id":"https:\/\/cinier-b.com\/pro\/boutique\/soins-du-corps-frictions-de-sante\/huiles-vegetales\/calendula-bio\/#primaryimage"},"image":{"@id":"https:\/\/cinier-b.com\/pro\/boutique\/soins-du-corps-frictions-de-sante\/huiles-vegetales\/calendula-bio\/#primaryimage"},"thumbnailUrl":"https:\/\/cinier-b.com\/pro\/wp-content\/uploads\/2011\/12\/Visuels-produits-cinier-14.png","datePublished":"2011-12-19T19:18:44+00:00","dateModified":"2026-04-20T08:47:15+00:00","breadcrumb":{"@id":"https:\/\/cinier-b.com\/pro\/boutique\/soins-du-corps-frictions-de-sante\/huiles-vegetales\/calendula-bio\/#breadcrumb"},"inLanguage":"fr-FR","potentialAction":[{"@type":"ReadAction","target":["https:\/\/cinier-b.com\/pro\/boutique\/soins-du-corps-frictions-de-sante\/huiles-vegetales\/calendula-bio\/"]}]},{"@type":"ImageObject","inLanguage":"fr-FR","@id":"https:\/\/cinier-b.com\/pro\/boutique\/soins-du-corps-frictions-de-sante\/huiles-vegetales\/calendula-bio\/#primaryimage","url":"https:\/\/cinier-b.com\/pro\/wp-content\/uploads\/2011\/12\/Visuels-produits-cinier-14.png","contentUrl":"https:\/\/cinier-b.com\/pro\/wp-content\/uploads\/2011\/12\/Visuels-produits-cinier-14.png","width":1200,"height":1200},{"@type":"BreadcrumbList","@id":"https:\/\/cinier-b.com\/pro\/boutique\/soins-du-corps-frictions-de-sante\/huiles-vegetales\/calendula-bio\/#breadcrumb","itemListElement":[{"@type":"ListItem","position":1,"name":"Accueil","item":"https:\/\/cinier-b.com\/pro\/accueil\/"},{"@type":"ListItem","position":2,"name":"Boutique","item":"https:\/\/cinier-b.com\/pro\/boutique\/"},{"@type":"ListItem","position":3,"name":"CALENDULA BIO &#8211; Aide \u00e0 r\u00e9duire les rougeurs, les d\u00e9mangeaisons &#038; l&rsquo;inflammation associ\u00e9es \u00e0 l&rsquo;ecz\u00e9ma"}]},{"@type":"WebSite","@id":"https:\/\/cinier-b.com\/pro\/#website","url":"https:\/\/cinier-b.com\/pro\/","name":"Cinier-B pour Professionnels","description":"Laboratoires Cinier-B","potentialAction":[{"@type":"SearchAction","target":{"@type":"EntryPoint","urlTemplate":"https:\/\/cinier-b.com\/pro\/?s={search_term_string}"},"query-input":{"@type":"PropertyValueSpecification","valueRequired":true,"valueName":"search_term_string"}}],"inLanguage":"fr-FR"}]}},"_links":{"self":[{"href":"https:\/\/cinier-b.com\/pro\/wp-json\/wp\/v2\/product\/323"}],"collection":[{"href":"https:\/\/cinier-b.com\/pro\/wp-json\/wp\/v2\/product"}],"about":[{"href":"https:\/\/cinier-b.com\/pro\/wp-json\/wp\/v2\/types\/product"}],"replies":[{"embeddable":true,"href":"https:\/\/cinier-b.com\/pro\/wp-json\/wp\/v2\/comments?post=323"}],"wp:featuredmedia":[{"embeddable":true,"href":"https:\/\/cinier-b.com\/pro\/wp-json\/wp\/v2\/media\/10649"}],"wp:attachment":[{"href":"https:\/\/cinier-b.com\/pro\/wp-json\/wp\/v2\/media?parent=323"}],"wp:term":[{"taxonomy":"product_brand","embeddable":true,"href":"https:\/\/cinier-b.com\/pro\/wp-json\/wp\/v2\/product_brand?post=323"},{"taxonomy":"product_cat","embeddable":true,"href":"https:\/\/cinier-b.com\/pro\/wp-json\/wp\/v2\/product_cat?post=323"},{"taxonomy":"product_tag","embeddable":true,"href":"https:\/\/cinier-b.com\/pro\/wp-json\/wp\/v2\/product_tag?post=323"}],"curies":[{"name":"wp","href":"https:\/\/api.w.org\/{rel}","templated":true}]}}