{"id":311,"date":"2011-12-19T20:18:44","date_gmt":"2011-12-19T19:18:44","guid":{"rendered":"https:\/\/professionnels.cinier-b.com\/produit\/abricot-noyau\/"},"modified":"2026-04-20T10:35:17","modified_gmt":"2026-04-20T08:35:17","slug":"abricot-noyau","status":"publish","type":"product","link":"https:\/\/cinier-b.com\/pro\/boutique\/soins-du-corps-frictions-de-sante\/huiles-vegetales\/abricot-noyau\/","title":{"rendered":"ABRICOT Noyau &#8211; Anti-\u00e2ge &#038; assouplissant sur tous les types de peau"},"content":{"rendered":"<p>L&rsquo;huile d&rsquo; abricot est obtenue par pression \u00e0 froid des des amandes contenues dans les noyaux d\u2019abricot (Prunus armeniaca), elle est vierge, 100% pure et naturelle sans aucun autre additif.<\/p>\n<p>Elle est excellente pour les soins du visage car elle est tonifiante, hydratante* et revitalisante.<\/p>\n<p>Tr\u00e8s riche en acides gras insatur\u00e9s et en vitamine A et E, elle est merveilleuse pour les soins des peaux ternes et fatigu\u00e9es.<\/p>\n<p>Parfaite apr\u00e8s une exposition solaire, tr\u00e8s p\u00e9n\u00e9trante, ne laisse pas la peau grasse et redonne \u00e9clat et tonus \u00e0 la peau.<\/p>\n<p>*hydratation des couches superficielles de l\u2019\u00e9piderme<\/p>\n<blockquote>\n<h2>Principaux constituants<\/h2>\n<\/blockquote>\n<ul>\n<li>Acide ol\u00e9ique ( 58 \u00e0 74 % )<\/li>\n<li>Acide linol\u00e9ique ( 20 \u00e0 32%)<\/li>\n<li>Acide palmitique ( 4 \u00e0 9%)<\/li>\n<li>Insaponifiables ( 0,6 \u00e0 1%)<\/li>\n<\/ul>\n<blockquote>\n<h2>Caract\u00e9ristiques organoleptiques<\/h2>\n<\/blockquote>\n<ul>\n<li>Odeur l\u00e9g\u00e8re, caract\u00e9ristique am\u00e8re<\/li>\n<li>Couleur: Jaune p\u00e2le \u00e0 jaune fonc\u00e9<\/li>\n<\/ul>\n","protected":false},"excerpt":{"rendered":"<p><b>Redonne \u00e9clat et tonus \u00e0 la peau<\/b><\/p>\n<p>Flacon 100 et 500ml<\/p>\n","protected":false},"featured_media":10644,"comment_status":"open","ping_status":"closed","template":"","meta":[],"product_brand":[],"product_cat":[24,46],"product_tag":[],"class_list":{"0":"post-311","1":"product","2":"type-product","3":"status-publish","4":"has-post-thumbnail","6":"product_cat-huiles-vegetales","7":"product_cat-pour-le-soin-et-la-beaute","9":"first","10":"instock","11":"taxable","12":"shipping-taxable","13":"purchasable","14":"product-type-variable"},"yoast_head":"<!-- This site is optimized with the Yoast SEO plugin v25.0 - https:\/\/yoast.com\/wordpress\/plugins\/seo\/ -->\n<title>ABRICOT Noyau - Anti-\u00e2ge &amp; assouplissant sur tous les types de peau - Cinier-B pour Professionnels<\/title>\n<meta name=\"robots\" content=\"index, follow, max-snippet:-1, max-image-preview:large, max-video-preview:-1\" \/>\n<link rel=\"canonical\" href=\"https:\/\/cinier-b.com\/pro\/boutique\/soins-du-corps-frictions-de-sante\/huiles-vegetales\/abricot-noyau\/\" \/>\n<meta property=\"og:locale\" content=\"fr_FR\" \/>\n<meta property=\"og:type\" content=\"article\" \/>\n<meta property=\"og:title\" content=\"ABRICOT Noyau - Anti-\u00e2ge &amp; assouplissant sur tous les types de peau - Cinier-B pour Professionnels\" \/>\n<meta property=\"og:description\" content=\"Redonne \u00e9clat et tonus \u00e0 la peau  Flacon 100 et 500ml\" \/>\n<meta property=\"og:url\" content=\"https:\/\/cinier-b.com\/pro\/boutique\/soins-du-corps-frictions-de-sante\/huiles-vegetales\/abricot-noyau\/\" \/>\n<meta property=\"og:site_name\" content=\"Cinier-B pour Professionnels\" \/>\n<meta property=\"article:modified_time\" content=\"2026-04-20T08:35:17+00:00\" \/>\n<meta property=\"og:image\" content=\"https:\/\/cinier-b.com\/pro\/wp-content\/uploads\/2011\/12\/Visuels-produits-cinier-9.png\" \/>\n\t<meta property=\"og:image:width\" content=\"1200\" \/>\n\t<meta property=\"og:image:height\" content=\"1200\" \/>\n\t<meta property=\"og:image:type\" content=\"image\/png\" \/>\n<meta name=\"twitter:card\" content=\"summary_large_image\" \/>\n<meta name=\"twitter:label1\" content=\"Dur\u00e9e de lecture estim\u00e9e\" \/>\n\t<meta name=\"twitter:data1\" content=\"1 minute\" \/>\n<script type=\"application\/ld+json\" class=\"yoast-schema-graph\">{\"@context\":\"https:\/\/schema.org\",\"@graph\":[{\"@type\":\"WebPage\",\"@id\":\"https:\/\/cinier-b.com\/pro\/boutique\/soins-du-corps-frictions-de-sante\/huiles-vegetales\/abricot-noyau\/\",\"url\":\"https:\/\/cinier-b.com\/pro\/boutique\/soins-du-corps-frictions-de-sante\/huiles-vegetales\/abricot-noyau\/\",\"name\":\"ABRICOT Noyau - Anti-\u00e2ge & assouplissant sur tous les types de peau - Cinier-B pour Professionnels\",\"isPartOf\":{\"@id\":\"https:\/\/cinier-b.com\/pro\/#website\"},\"primaryImageOfPage\":{\"@id\":\"https:\/\/cinier-b.com\/pro\/boutique\/soins-du-corps-frictions-de-sante\/huiles-vegetales\/abricot-noyau\/#primaryimage\"},\"image\":{\"@id\":\"https:\/\/cinier-b.com\/pro\/boutique\/soins-du-corps-frictions-de-sante\/huiles-vegetales\/abricot-noyau\/#primaryimage\"},\"thumbnailUrl\":\"https:\/\/cinier-b.com\/pro\/wp-content\/uploads\/2011\/12\/Visuels-produits-cinier-9.png\",\"datePublished\":\"2011-12-19T19:18:44+00:00\",\"dateModified\":\"2026-04-20T08:35:17+00:00\",\"breadcrumb\":{\"@id\":\"https:\/\/cinier-b.com\/pro\/boutique\/soins-du-corps-frictions-de-sante\/huiles-vegetales\/abricot-noyau\/#breadcrumb\"},\"inLanguage\":\"fr-FR\",\"potentialAction\":[{\"@type\":\"ReadAction\",\"target\":[\"https:\/\/cinier-b.com\/pro\/boutique\/soins-du-corps-frictions-de-sante\/huiles-vegetales\/abricot-noyau\/\"]}]},{\"@type\":\"ImageObject\",\"inLanguage\":\"fr-FR\",\"@id\":\"https:\/\/cinier-b.com\/pro\/boutique\/soins-du-corps-frictions-de-sante\/huiles-vegetales\/abricot-noyau\/#primaryimage\",\"url\":\"https:\/\/cinier-b.com\/pro\/wp-content\/uploads\/2011\/12\/Visuels-produits-cinier-9.png\",\"contentUrl\":\"https:\/\/cinier-b.com\/pro\/wp-content\/uploads\/2011\/12\/Visuels-produits-cinier-9.png\",\"width\":1200,\"height\":1200},{\"@type\":\"BreadcrumbList\",\"@id\":\"https:\/\/cinier-b.com\/pro\/boutique\/soins-du-corps-frictions-de-sante\/huiles-vegetales\/abricot-noyau\/#breadcrumb\",\"itemListElement\":[{\"@type\":\"ListItem\",\"position\":1,\"name\":\"Accueil\",\"item\":\"https:\/\/cinier-b.com\/pro\/accueil\/\"},{\"@type\":\"ListItem\",\"position\":2,\"name\":\"Boutique\",\"item\":\"https:\/\/cinier-b.com\/pro\/boutique\/\"},{\"@type\":\"ListItem\",\"position\":3,\"name\":\"ABRICOT Noyau &#8211; Anti-\u00e2ge &#038; assouplissant sur tous les types de peau\"}]},{\"@type\":\"WebSite\",\"@id\":\"https:\/\/cinier-b.com\/pro\/#website\",\"url\":\"https:\/\/cinier-b.com\/pro\/\",\"name\":\"Cinier-B pour Professionnels\",\"description\":\"Laboratoires Cinier-B\",\"potentialAction\":[{\"@type\":\"SearchAction\",\"target\":{\"@type\":\"EntryPoint\",\"urlTemplate\":\"https:\/\/cinier-b.com\/pro\/?s={search_term_string}\"},\"query-input\":{\"@type\":\"PropertyValueSpecification\",\"valueRequired\":true,\"valueName\":\"search_term_string\"}}],\"inLanguage\":\"fr-FR\"}]}<\/script>\n<!-- \/ Yoast SEO plugin. -->","yoast_head_json":{"title":"ABRICOT Noyau - Anti-\u00e2ge & assouplissant sur tous les types de peau - Cinier-B pour Professionnels","robots":{"index":"index","follow":"follow","max-snippet":"max-snippet:-1","max-image-preview":"max-image-preview:large","max-video-preview":"max-video-preview:-1"},"canonical":"https:\/\/cinier-b.com\/pro\/boutique\/soins-du-corps-frictions-de-sante\/huiles-vegetales\/abricot-noyau\/","og_locale":"fr_FR","og_type":"article","og_title":"ABRICOT Noyau - Anti-\u00e2ge & assouplissant sur tous les types de peau - Cinier-B pour Professionnels","og_description":"Redonne \u00e9clat et tonus \u00e0 la peau  Flacon 100 et 500ml","og_url":"https:\/\/cinier-b.com\/pro\/boutique\/soins-du-corps-frictions-de-sante\/huiles-vegetales\/abricot-noyau\/","og_site_name":"Cinier-B pour Professionnels","article_modified_time":"2026-04-20T08:35:17+00:00","og_image":[{"width":1200,"height":1200,"url":"https:\/\/cinier-b.com\/pro\/wp-content\/uploads\/2011\/12\/Visuels-produits-cinier-9.png","type":"image\/png"}],"twitter_card":"summary_large_image","twitter_misc":{"Dur\u00e9e de lecture estim\u00e9e":"1 minute"},"schema":{"@context":"https:\/\/schema.org","@graph":[{"@type":"WebPage","@id":"https:\/\/cinier-b.com\/pro\/boutique\/soins-du-corps-frictions-de-sante\/huiles-vegetales\/abricot-noyau\/","url":"https:\/\/cinier-b.com\/pro\/boutique\/soins-du-corps-frictions-de-sante\/huiles-vegetales\/abricot-noyau\/","name":"ABRICOT Noyau - Anti-\u00e2ge & assouplissant sur tous les types de peau - Cinier-B pour Professionnels","isPartOf":{"@id":"https:\/\/cinier-b.com\/pro\/#website"},"primaryImageOfPage":{"@id":"https:\/\/cinier-b.com\/pro\/boutique\/soins-du-corps-frictions-de-sante\/huiles-vegetales\/abricot-noyau\/#primaryimage"},"image":{"@id":"https:\/\/cinier-b.com\/pro\/boutique\/soins-du-corps-frictions-de-sante\/huiles-vegetales\/abricot-noyau\/#primaryimage"},"thumbnailUrl":"https:\/\/cinier-b.com\/pro\/wp-content\/uploads\/2011\/12\/Visuels-produits-cinier-9.png","datePublished":"2011-12-19T19:18:44+00:00","dateModified":"2026-04-20T08:35:17+00:00","breadcrumb":{"@id":"https:\/\/cinier-b.com\/pro\/boutique\/soins-du-corps-frictions-de-sante\/huiles-vegetales\/abricot-noyau\/#breadcrumb"},"inLanguage":"fr-FR","potentialAction":[{"@type":"ReadAction","target":["https:\/\/cinier-b.com\/pro\/boutique\/soins-du-corps-frictions-de-sante\/huiles-vegetales\/abricot-noyau\/"]}]},{"@type":"ImageObject","inLanguage":"fr-FR","@id":"https:\/\/cinier-b.com\/pro\/boutique\/soins-du-corps-frictions-de-sante\/huiles-vegetales\/abricot-noyau\/#primaryimage","url":"https:\/\/cinier-b.com\/pro\/wp-content\/uploads\/2011\/12\/Visuels-produits-cinier-9.png","contentUrl":"https:\/\/cinier-b.com\/pro\/wp-content\/uploads\/2011\/12\/Visuels-produits-cinier-9.png","width":1200,"height":1200},{"@type":"BreadcrumbList","@id":"https:\/\/cinier-b.com\/pro\/boutique\/soins-du-corps-frictions-de-sante\/huiles-vegetales\/abricot-noyau\/#breadcrumb","itemListElement":[{"@type":"ListItem","position":1,"name":"Accueil","item":"https:\/\/cinier-b.com\/pro\/accueil\/"},{"@type":"ListItem","position":2,"name":"Boutique","item":"https:\/\/cinier-b.com\/pro\/boutique\/"},{"@type":"ListItem","position":3,"name":"ABRICOT Noyau &#8211; Anti-\u00e2ge &#038; assouplissant sur tous les types de peau"}]},{"@type":"WebSite","@id":"https:\/\/cinier-b.com\/pro\/#website","url":"https:\/\/cinier-b.com\/pro\/","name":"Cinier-B pour Professionnels","description":"Laboratoires Cinier-B","potentialAction":[{"@type":"SearchAction","target":{"@type":"EntryPoint","urlTemplate":"https:\/\/cinier-b.com\/pro\/?s={search_term_string}"},"query-input":{"@type":"PropertyValueSpecification","valueRequired":true,"valueName":"search_term_string"}}],"inLanguage":"fr-FR"}]}},"_links":{"self":[{"href":"https:\/\/cinier-b.com\/pro\/wp-json\/wp\/v2\/product\/311"}],"collection":[{"href":"https:\/\/cinier-b.com\/pro\/wp-json\/wp\/v2\/product"}],"about":[{"href":"https:\/\/cinier-b.com\/pro\/wp-json\/wp\/v2\/types\/product"}],"replies":[{"embeddable":true,"href":"https:\/\/cinier-b.com\/pro\/wp-json\/wp\/v2\/comments?post=311"}],"wp:featuredmedia":[{"embeddable":true,"href":"https:\/\/cinier-b.com\/pro\/wp-json\/wp\/v2\/media\/10644"}],"wp:attachment":[{"href":"https:\/\/cinier-b.com\/pro\/wp-json\/wp\/v2\/media?parent=311"}],"wp:term":[{"taxonomy":"product_brand","embeddable":true,"href":"https:\/\/cinier-b.com\/pro\/wp-json\/wp\/v2\/product_brand?post=311"},{"taxonomy":"product_cat","embeddable":true,"href":"https:\/\/cinier-b.com\/pro\/wp-json\/wp\/v2\/product_cat?post=311"},{"taxonomy":"product_tag","embeddable":true,"href":"https:\/\/cinier-b.com\/pro\/wp-json\/wp\/v2\/product_tag?post=311"}],"curies":[{"name":"wp","href":"https:\/\/api.w.org\/{rel}","templated":true}]}}