{"id":1380,"date":"2020-12-04T22:06:47","date_gmt":"2020-12-04T21:06:47","guid":{"rendered":"https:\/\/professionnels.cinier-b.com\/produit\/buvards-pour-diffuseur-nomea\/"},"modified":"2024-12-02T15:03:40","modified_gmt":"2024-12-02T14:03:40","slug":"buvards-pour-diffuseur-nomea","status":"publish","type":"product","link":"https:\/\/cinier-b.com\/pro\/boutique\/huiles-essentielles-aromatherapie\/diffuseurs-huiles-essentielles\/accessoires-et-pieces-detachees-pour-diffuseurs\/buvards-pour-diffuseur-nomea\/","title":{"rendered":"Buvards pour Diffuseur Nomea"},"content":{"rendered":"<p>Ce sachet contient 5 buvards pour diffuseur par ventilation nomade Nomea. Le remplacement du buvard se fait tr\u00e8s simplement et ne demande que quelques secondes.<\/p>\n<ul>\n<li>Diff\u00e9rente couleur pour se diff\u00e9rencier de l&rsquo;huile utilis\u00e9e.<\/li>\n<li>Remplacement facile<\/li>\n<\/ul>\n","protected":false},"excerpt":{"rendered":"<p>Ce sachet contient 5 buvards pour diffuseur par ventilation nomade Nomea<\/p>\n","protected":false},"featured_media":3862,"comment_status":"open","ping_status":"closed","template":"","meta":[],"product_brand":[],"product_cat":[38],"product_tag":[],"class_list":{"0":"post-1380","1":"product","2":"type-product","3":"status-publish","4":"has-post-thumbnail","6":"product_cat-accessoires-et-pieces-detachees-pour-diffuseurs","8":"first","9":"instock","10":"taxable","11":"shipping-taxable","12":"purchasable","13":"product-type-simple"},"yoast_head":"<!-- This site is optimized with the Yoast SEO plugin v25.0 - https:\/\/yoast.com\/wordpress\/plugins\/seo\/ -->\n<title>Buvards pour Diffuseur Nomea - Cinier-B pour Professionnels<\/title>\n<meta name=\"robots\" content=\"index, follow, max-snippet:-1, max-image-preview:large, max-video-preview:-1\" \/>\n<link rel=\"canonical\" href=\"https:\/\/cinier-b.com\/pro\/boutique\/huiles-essentielles-aromatherapie\/diffuseurs-huiles-essentielles\/accessoires-et-pieces-detachees-pour-diffuseurs\/buvards-pour-diffuseur-nomea\/\" \/>\n<meta property=\"og:locale\" content=\"fr_FR\" \/>\n<meta property=\"og:type\" content=\"article\" \/>\n<meta property=\"og:title\" content=\"Buvards pour Diffuseur Nomea - Cinier-B pour Professionnels\" \/>\n<meta property=\"og:description\" content=\"Ce sachet contient 5 buvards pour diffuseur par ventilation nomade Nomea\" \/>\n<meta property=\"og:url\" content=\"https:\/\/cinier-b.com\/pro\/boutique\/huiles-essentielles-aromatherapie\/diffuseurs-huiles-essentielles\/accessoires-et-pieces-detachees-pour-diffuseurs\/buvards-pour-diffuseur-nomea\/\" \/>\n<meta property=\"og:site_name\" content=\"Cinier-B pour Professionnels\" \/>\n<meta property=\"article:modified_time\" content=\"2024-12-02T14:03:40+00:00\" \/>\n<meta property=\"og:image\" content=\"https:\/\/cinier-b.com\/pro\/wp-content\/uploads\/2020\/12\/Sans-titre-2021-02-26T165042.424.png\" \/>\n\t<meta property=\"og:image:width\" content=\"300\" \/>\n\t<meta property=\"og:image:height\" content=\"300\" \/>\n\t<meta property=\"og:image:type\" content=\"image\/png\" \/>\n<meta name=\"twitter:card\" content=\"summary_large_image\" \/>\n<meta name=\"twitter:label1\" content=\"Dur\u00e9e de lecture estim\u00e9e\" \/>\n\t<meta name=\"twitter:data1\" content=\"1 minute\" \/>\n<script type=\"application\/ld+json\" class=\"yoast-schema-graph\">{\"@context\":\"https:\/\/schema.org\",\"@graph\":[{\"@type\":\"WebPage\",\"@id\":\"https:\/\/cinier-b.com\/pro\/boutique\/huiles-essentielles-aromatherapie\/diffuseurs-huiles-essentielles\/accessoires-et-pieces-detachees-pour-diffuseurs\/buvards-pour-diffuseur-nomea\/\",\"url\":\"https:\/\/cinier-b.com\/pro\/boutique\/huiles-essentielles-aromatherapie\/diffuseurs-huiles-essentielles\/accessoires-et-pieces-detachees-pour-diffuseurs\/buvards-pour-diffuseur-nomea\/\",\"name\":\"Buvards pour Diffuseur Nomea - Cinier-B pour Professionnels\",\"isPartOf\":{\"@id\":\"https:\/\/cinier-b.com\/pro\/#website\"},\"primaryImageOfPage\":{\"@id\":\"https:\/\/cinier-b.com\/pro\/boutique\/huiles-essentielles-aromatherapie\/diffuseurs-huiles-essentielles\/accessoires-et-pieces-detachees-pour-diffuseurs\/buvards-pour-diffuseur-nomea\/#primaryimage\"},\"image\":{\"@id\":\"https:\/\/cinier-b.com\/pro\/boutique\/huiles-essentielles-aromatherapie\/diffuseurs-huiles-essentielles\/accessoires-et-pieces-detachees-pour-diffuseurs\/buvards-pour-diffuseur-nomea\/#primaryimage\"},\"thumbnailUrl\":\"https:\/\/cinier-b.com\/pro\/wp-content\/uploads\/2020\/12\/Sans-titre-2021-02-26T165042.424.png\",\"datePublished\":\"2020-12-04T21:06:47+00:00\",\"dateModified\":\"2024-12-02T14:03:40+00:00\",\"breadcrumb\":{\"@id\":\"https:\/\/cinier-b.com\/pro\/boutique\/huiles-essentielles-aromatherapie\/diffuseurs-huiles-essentielles\/accessoires-et-pieces-detachees-pour-diffuseurs\/buvards-pour-diffuseur-nomea\/#breadcrumb\"},\"inLanguage\":\"fr-FR\",\"potentialAction\":[{\"@type\":\"ReadAction\",\"target\":[\"https:\/\/cinier-b.com\/pro\/boutique\/huiles-essentielles-aromatherapie\/diffuseurs-huiles-essentielles\/accessoires-et-pieces-detachees-pour-diffuseurs\/buvards-pour-diffuseur-nomea\/\"]}]},{\"@type\":\"ImageObject\",\"inLanguage\":\"fr-FR\",\"@id\":\"https:\/\/cinier-b.com\/pro\/boutique\/huiles-essentielles-aromatherapie\/diffuseurs-huiles-essentielles\/accessoires-et-pieces-detachees-pour-diffuseurs\/buvards-pour-diffuseur-nomea\/#primaryimage\",\"url\":\"https:\/\/cinier-b.com\/pro\/wp-content\/uploads\/2020\/12\/Sans-titre-2021-02-26T165042.424.png\",\"contentUrl\":\"https:\/\/cinier-b.com\/pro\/wp-content\/uploads\/2020\/12\/Sans-titre-2021-02-26T165042.424.png\",\"width\":300,\"height\":300},{\"@type\":\"BreadcrumbList\",\"@id\":\"https:\/\/cinier-b.com\/pro\/boutique\/huiles-essentielles-aromatherapie\/diffuseurs-huiles-essentielles\/accessoires-et-pieces-detachees-pour-diffuseurs\/buvards-pour-diffuseur-nomea\/#breadcrumb\",\"itemListElement\":[{\"@type\":\"ListItem\",\"position\":1,\"name\":\"Accueil\",\"item\":\"https:\/\/cinier-b.com\/pro\/accueil\/\"},{\"@type\":\"ListItem\",\"position\":2,\"name\":\"Boutique\",\"item\":\"https:\/\/cinier-b.com\/pro\/boutique\/\"},{\"@type\":\"ListItem\",\"position\":3,\"name\":\"Buvards pour Diffuseur Nomea\"}]},{\"@type\":\"WebSite\",\"@id\":\"https:\/\/cinier-b.com\/pro\/#website\",\"url\":\"https:\/\/cinier-b.com\/pro\/\",\"name\":\"Cinier-B pour Professionnels\",\"description\":\"Laboratoires Cinier-B\",\"potentialAction\":[{\"@type\":\"SearchAction\",\"target\":{\"@type\":\"EntryPoint\",\"urlTemplate\":\"https:\/\/cinier-b.com\/pro\/?s={search_term_string}\"},\"query-input\":{\"@type\":\"PropertyValueSpecification\",\"valueRequired\":true,\"valueName\":\"search_term_string\"}}],\"inLanguage\":\"fr-FR\"}]}<\/script>\n<!-- \/ Yoast SEO plugin. -->","yoast_head_json":{"title":"Buvards pour Diffuseur Nomea - Cinier-B pour Professionnels","robots":{"index":"index","follow":"follow","max-snippet":"max-snippet:-1","max-image-preview":"max-image-preview:large","max-video-preview":"max-video-preview:-1"},"canonical":"https:\/\/cinier-b.com\/pro\/boutique\/huiles-essentielles-aromatherapie\/diffuseurs-huiles-essentielles\/accessoires-et-pieces-detachees-pour-diffuseurs\/buvards-pour-diffuseur-nomea\/","og_locale":"fr_FR","og_type":"article","og_title":"Buvards pour Diffuseur Nomea - Cinier-B pour Professionnels","og_description":"Ce sachet contient 5 buvards pour diffuseur par ventilation nomade Nomea","og_url":"https:\/\/cinier-b.com\/pro\/boutique\/huiles-essentielles-aromatherapie\/diffuseurs-huiles-essentielles\/accessoires-et-pieces-detachees-pour-diffuseurs\/buvards-pour-diffuseur-nomea\/","og_site_name":"Cinier-B pour Professionnels","article_modified_time":"2024-12-02T14:03:40+00:00","og_image":[{"width":300,"height":300,"url":"https:\/\/cinier-b.com\/pro\/wp-content\/uploads\/2020\/12\/Sans-titre-2021-02-26T165042.424.png","type":"image\/png"}],"twitter_card":"summary_large_image","twitter_misc":{"Dur\u00e9e de lecture estim\u00e9e":"1 minute"},"schema":{"@context":"https:\/\/schema.org","@graph":[{"@type":"WebPage","@id":"https:\/\/cinier-b.com\/pro\/boutique\/huiles-essentielles-aromatherapie\/diffuseurs-huiles-essentielles\/accessoires-et-pieces-detachees-pour-diffuseurs\/buvards-pour-diffuseur-nomea\/","url":"https:\/\/cinier-b.com\/pro\/boutique\/huiles-essentielles-aromatherapie\/diffuseurs-huiles-essentielles\/accessoires-et-pieces-detachees-pour-diffuseurs\/buvards-pour-diffuseur-nomea\/","name":"Buvards pour Diffuseur Nomea - Cinier-B pour Professionnels","isPartOf":{"@id":"https:\/\/cinier-b.com\/pro\/#website"},"primaryImageOfPage":{"@id":"https:\/\/cinier-b.com\/pro\/boutique\/huiles-essentielles-aromatherapie\/diffuseurs-huiles-essentielles\/accessoires-et-pieces-detachees-pour-diffuseurs\/buvards-pour-diffuseur-nomea\/#primaryimage"},"image":{"@id":"https:\/\/cinier-b.com\/pro\/boutique\/huiles-essentielles-aromatherapie\/diffuseurs-huiles-essentielles\/accessoires-et-pieces-detachees-pour-diffuseurs\/buvards-pour-diffuseur-nomea\/#primaryimage"},"thumbnailUrl":"https:\/\/cinier-b.com\/pro\/wp-content\/uploads\/2020\/12\/Sans-titre-2021-02-26T165042.424.png","datePublished":"2020-12-04T21:06:47+00:00","dateModified":"2024-12-02T14:03:40+00:00","breadcrumb":{"@id":"https:\/\/cinier-b.com\/pro\/boutique\/huiles-essentielles-aromatherapie\/diffuseurs-huiles-essentielles\/accessoires-et-pieces-detachees-pour-diffuseurs\/buvards-pour-diffuseur-nomea\/#breadcrumb"},"inLanguage":"fr-FR","potentialAction":[{"@type":"ReadAction","target":["https:\/\/cinier-b.com\/pro\/boutique\/huiles-essentielles-aromatherapie\/diffuseurs-huiles-essentielles\/accessoires-et-pieces-detachees-pour-diffuseurs\/buvards-pour-diffuseur-nomea\/"]}]},{"@type":"ImageObject","inLanguage":"fr-FR","@id":"https:\/\/cinier-b.com\/pro\/boutique\/huiles-essentielles-aromatherapie\/diffuseurs-huiles-essentielles\/accessoires-et-pieces-detachees-pour-diffuseurs\/buvards-pour-diffuseur-nomea\/#primaryimage","url":"https:\/\/cinier-b.com\/pro\/wp-content\/uploads\/2020\/12\/Sans-titre-2021-02-26T165042.424.png","contentUrl":"https:\/\/cinier-b.com\/pro\/wp-content\/uploads\/2020\/12\/Sans-titre-2021-02-26T165042.424.png","width":300,"height":300},{"@type":"BreadcrumbList","@id":"https:\/\/cinier-b.com\/pro\/boutique\/huiles-essentielles-aromatherapie\/diffuseurs-huiles-essentielles\/accessoires-et-pieces-detachees-pour-diffuseurs\/buvards-pour-diffuseur-nomea\/#breadcrumb","itemListElement":[{"@type":"ListItem","position":1,"name":"Accueil","item":"https:\/\/cinier-b.com\/pro\/accueil\/"},{"@type":"ListItem","position":2,"name":"Boutique","item":"https:\/\/cinier-b.com\/pro\/boutique\/"},{"@type":"ListItem","position":3,"name":"Buvards pour Diffuseur Nomea"}]},{"@type":"WebSite","@id":"https:\/\/cinier-b.com\/pro\/#website","url":"https:\/\/cinier-b.com\/pro\/","name":"Cinier-B pour Professionnels","description":"Laboratoires Cinier-B","potentialAction":[{"@type":"SearchAction","target":{"@type":"EntryPoint","urlTemplate":"https:\/\/cinier-b.com\/pro\/?s={search_term_string}"},"query-input":{"@type":"PropertyValueSpecification","valueRequired":true,"valueName":"search_term_string"}}],"inLanguage":"fr-FR"}]}},"_links":{"self":[{"href":"https:\/\/cinier-b.com\/pro\/wp-json\/wp\/v2\/product\/1380"}],"collection":[{"href":"https:\/\/cinier-b.com\/pro\/wp-json\/wp\/v2\/product"}],"about":[{"href":"https:\/\/cinier-b.com\/pro\/wp-json\/wp\/v2\/types\/product"}],"replies":[{"embeddable":true,"href":"https:\/\/cinier-b.com\/pro\/wp-json\/wp\/v2\/comments?post=1380"}],"wp:featuredmedia":[{"embeddable":true,"href":"https:\/\/cinier-b.com\/pro\/wp-json\/wp\/v2\/media\/3862"}],"wp:attachment":[{"href":"https:\/\/cinier-b.com\/pro\/wp-json\/wp\/v2\/media?parent=1380"}],"wp:term":[{"taxonomy":"product_brand","embeddable":true,"href":"https:\/\/cinier-b.com\/pro\/wp-json\/wp\/v2\/product_brand?post=1380"},{"taxonomy":"product_cat","embeddable":true,"href":"https:\/\/cinier-b.com\/pro\/wp-json\/wp\/v2\/product_cat?post=1380"},{"taxonomy":"product_tag","embeddable":true,"href":"https:\/\/cinier-b.com\/pro\/wp-json\/wp\/v2\/product_tag?post=1380"}],"curies":[{"name":"wp","href":"https:\/\/api.w.org\/{rel}","templated":true}]}}