{"id":1378,"date":"2020-12-04T21:36:39","date_gmt":"2020-12-04T20:36:39","guid":{"rendered":"https:\/\/professionnels.cinier-b.com\/produit\/diffuseur-he-par-ventilation-nomea-blanc\/"},"modified":"2024-12-03T15:24:05","modified_gmt":"2024-12-03T14:24:05","slug":"diffuseur-he-par-ventilation-nomea-blanc","status":"publish","type":"product","link":"https:\/\/cinier-b.com\/pro\/boutique\/huiles-essentielles-aromatherapie\/diffuseurs-huiles-essentielles\/diffuseur-he-par-ventilation-nomea-blanc\/","title":{"rendered":"Diffuseur HE par ventilation Nom\u00e9a Blanc"},"content":{"rendered":"<p>Peu encombrant et nomade, il peut s&rsquo;utiliser sans contrainte \u00e0 tout moment de la journ\u00e9e et o\u00f9 que vous soyez (bureau, voiture, h\u00f4tel, salle de bain, chambre&#8230;).<\/p>\n<p>Son syst\u00e8me de ventilation g\u00e9n\u00e8re un flux d&rsquo;air en contact avec le buvard o\u00f9 sont vers\u00e9es les huiles essentielles. Ainsi, l&rsquo;air se charge des mol\u00e9cules odorantes des huiles avant d&rsquo;\u00eatre propuls\u00e9 hors du diffuseur afin de propager les senteurs et les vertus.<\/p>\n","protected":false},"excerpt":{"rendered":"<p>Peu encombrant et nomade, il peut s&rsquo;utiliser sans contrainte \u00e0 tout moment de la journ\u00e9e et o\u00f9 que vous soyez (bureau, voiture, h\u00f4tel, salle de bain, chambre&#8230;).<\/p>\n","protected":false},"featured_media":7450,"comment_status":"open","ping_status":"closed","template":"","meta":[],"product_brand":[],"product_cat":[134,37],"product_tag":[],"class_list":{"0":"post-1378","1":"product","2":"type-product","3":"status-publish","4":"has-post-thumbnail","6":"product_cat-nos-diffuseurs","7":"product_cat-diffuseurs-huiles-essentielles","9":"first","10":"instock","11":"taxable","12":"shipping-taxable","13":"purchasable","14":"product-type-simple"},"yoast_head":"<!-- This site is optimized with the Yoast SEO plugin v25.0 - https:\/\/yoast.com\/wordpress\/plugins\/seo\/ -->\n<title>Diffuseur HE par ventilation Nom\u00e9a Blanc - Cinier-B pour Professionnels<\/title>\n<meta name=\"robots\" content=\"index, follow, max-snippet:-1, max-image-preview:large, max-video-preview:-1\" \/>\n<link rel=\"canonical\" href=\"https:\/\/cinier-b.com\/pro\/boutique\/huiles-essentielles-aromatherapie\/diffuseurs-huiles-essentielles\/diffuseur-he-par-ventilation-nomea-blanc\/\" \/>\n<meta property=\"og:locale\" content=\"fr_FR\" \/>\n<meta property=\"og:type\" content=\"article\" \/>\n<meta property=\"og:title\" content=\"Diffuseur HE par ventilation Nom\u00e9a Blanc - Cinier-B pour Professionnels\" \/>\n<meta property=\"og:description\" content=\"Peu encombrant et nomade, il peut s&#039;utiliser sans contrainte \u00e0 tout moment de la journ\u00e9e et o\u00f9 que vous soyez (bureau, voiture, h\u00f4tel, salle de bain, chambre...).\" \/>\n<meta property=\"og:url\" content=\"https:\/\/cinier-b.com\/pro\/boutique\/huiles-essentielles-aromatherapie\/diffuseurs-huiles-essentielles\/diffuseur-he-par-ventilation-nomea-blanc\/\" \/>\n<meta property=\"og:site_name\" content=\"Cinier-B pour Professionnels\" \/>\n<meta property=\"article:modified_time\" content=\"2024-12-03T14:24:05+00:00\" \/>\n<meta property=\"og:image\" content=\"https:\/\/cinier-b.com\/pro\/wp-content\/uploads\/2020\/12\/Bon-Dimanche-Minimalist-Instagram-Post-2.png\" \/>\n\t<meta property=\"og:image:width\" content=\"1080\" \/>\n\t<meta property=\"og:image:height\" content=\"1080\" \/>\n\t<meta property=\"og:image:type\" content=\"image\/png\" \/>\n<meta name=\"twitter:card\" content=\"summary_large_image\" \/>\n<meta name=\"twitter:label1\" content=\"Dur\u00e9e de lecture estim\u00e9e\" \/>\n\t<meta name=\"twitter:data1\" content=\"1 minute\" \/>\n<script type=\"application\/ld+json\" class=\"yoast-schema-graph\">{\"@context\":\"https:\/\/schema.org\",\"@graph\":[{\"@type\":\"WebPage\",\"@id\":\"https:\/\/cinier-b.com\/pro\/boutique\/huiles-essentielles-aromatherapie\/diffuseurs-huiles-essentielles\/diffuseur-he-par-ventilation-nomea-blanc\/\",\"url\":\"https:\/\/cinier-b.com\/pro\/boutique\/huiles-essentielles-aromatherapie\/diffuseurs-huiles-essentielles\/diffuseur-he-par-ventilation-nomea-blanc\/\",\"name\":\"Diffuseur HE par ventilation Nom\u00e9a Blanc - Cinier-B pour Professionnels\",\"isPartOf\":{\"@id\":\"https:\/\/cinier-b.com\/pro\/#website\"},\"primaryImageOfPage\":{\"@id\":\"https:\/\/cinier-b.com\/pro\/boutique\/huiles-essentielles-aromatherapie\/diffuseurs-huiles-essentielles\/diffuseur-he-par-ventilation-nomea-blanc\/#primaryimage\"},\"image\":{\"@id\":\"https:\/\/cinier-b.com\/pro\/boutique\/huiles-essentielles-aromatherapie\/diffuseurs-huiles-essentielles\/diffuseur-he-par-ventilation-nomea-blanc\/#primaryimage\"},\"thumbnailUrl\":\"https:\/\/cinier-b.com\/pro\/wp-content\/uploads\/2020\/12\/Bon-Dimanche-Minimalist-Instagram-Post-2.png\",\"datePublished\":\"2020-12-04T20:36:39+00:00\",\"dateModified\":\"2024-12-03T14:24:05+00:00\",\"breadcrumb\":{\"@id\":\"https:\/\/cinier-b.com\/pro\/boutique\/huiles-essentielles-aromatherapie\/diffuseurs-huiles-essentielles\/diffuseur-he-par-ventilation-nomea-blanc\/#breadcrumb\"},\"inLanguage\":\"fr-FR\",\"potentialAction\":[{\"@type\":\"ReadAction\",\"target\":[\"https:\/\/cinier-b.com\/pro\/boutique\/huiles-essentielles-aromatherapie\/diffuseurs-huiles-essentielles\/diffuseur-he-par-ventilation-nomea-blanc\/\"]}]},{\"@type\":\"ImageObject\",\"inLanguage\":\"fr-FR\",\"@id\":\"https:\/\/cinier-b.com\/pro\/boutique\/huiles-essentielles-aromatherapie\/diffuseurs-huiles-essentielles\/diffuseur-he-par-ventilation-nomea-blanc\/#primaryimage\",\"url\":\"https:\/\/cinier-b.com\/pro\/wp-content\/uploads\/2020\/12\/Bon-Dimanche-Minimalist-Instagram-Post-2.png\",\"contentUrl\":\"https:\/\/cinier-b.com\/pro\/wp-content\/uploads\/2020\/12\/Bon-Dimanche-Minimalist-Instagram-Post-2.png\",\"width\":1080,\"height\":1080},{\"@type\":\"BreadcrumbList\",\"@id\":\"https:\/\/cinier-b.com\/pro\/boutique\/huiles-essentielles-aromatherapie\/diffuseurs-huiles-essentielles\/diffuseur-he-par-ventilation-nomea-blanc\/#breadcrumb\",\"itemListElement\":[{\"@type\":\"ListItem\",\"position\":1,\"name\":\"Accueil\",\"item\":\"https:\/\/cinier-b.com\/pro\/accueil\/\"},{\"@type\":\"ListItem\",\"position\":2,\"name\":\"Boutique\",\"item\":\"https:\/\/cinier-b.com\/pro\/boutique\/\"},{\"@type\":\"ListItem\",\"position\":3,\"name\":\"Diffuseur HE par ventilation Nom\u00e9a Blanc\"}]},{\"@type\":\"WebSite\",\"@id\":\"https:\/\/cinier-b.com\/pro\/#website\",\"url\":\"https:\/\/cinier-b.com\/pro\/\",\"name\":\"Cinier-B pour Professionnels\",\"description\":\"Laboratoires Cinier-B\",\"potentialAction\":[{\"@type\":\"SearchAction\",\"target\":{\"@type\":\"EntryPoint\",\"urlTemplate\":\"https:\/\/cinier-b.com\/pro\/?s={search_term_string}\"},\"query-input\":{\"@type\":\"PropertyValueSpecification\",\"valueRequired\":true,\"valueName\":\"search_term_string\"}}],\"inLanguage\":\"fr-FR\"}]}<\/script>\n<!-- \/ Yoast SEO plugin. -->","yoast_head_json":{"title":"Diffuseur HE par ventilation Nom\u00e9a Blanc - Cinier-B pour Professionnels","robots":{"index":"index","follow":"follow","max-snippet":"max-snippet:-1","max-image-preview":"max-image-preview:large","max-video-preview":"max-video-preview:-1"},"canonical":"https:\/\/cinier-b.com\/pro\/boutique\/huiles-essentielles-aromatherapie\/diffuseurs-huiles-essentielles\/diffuseur-he-par-ventilation-nomea-blanc\/","og_locale":"fr_FR","og_type":"article","og_title":"Diffuseur HE par ventilation Nom\u00e9a Blanc - Cinier-B pour Professionnels","og_description":"Peu encombrant et nomade, il peut s'utiliser sans contrainte \u00e0 tout moment de la journ\u00e9e et o\u00f9 que vous soyez (bureau, voiture, h\u00f4tel, salle de bain, chambre...).","og_url":"https:\/\/cinier-b.com\/pro\/boutique\/huiles-essentielles-aromatherapie\/diffuseurs-huiles-essentielles\/diffuseur-he-par-ventilation-nomea-blanc\/","og_site_name":"Cinier-B pour Professionnels","article_modified_time":"2024-12-03T14:24:05+00:00","og_image":[{"width":1080,"height":1080,"url":"https:\/\/cinier-b.com\/pro\/wp-content\/uploads\/2020\/12\/Bon-Dimanche-Minimalist-Instagram-Post-2.png","type":"image\/png"}],"twitter_card":"summary_large_image","twitter_misc":{"Dur\u00e9e de lecture estim\u00e9e":"1 minute"},"schema":{"@context":"https:\/\/schema.org","@graph":[{"@type":"WebPage","@id":"https:\/\/cinier-b.com\/pro\/boutique\/huiles-essentielles-aromatherapie\/diffuseurs-huiles-essentielles\/diffuseur-he-par-ventilation-nomea-blanc\/","url":"https:\/\/cinier-b.com\/pro\/boutique\/huiles-essentielles-aromatherapie\/diffuseurs-huiles-essentielles\/diffuseur-he-par-ventilation-nomea-blanc\/","name":"Diffuseur HE par ventilation Nom\u00e9a Blanc - Cinier-B pour Professionnels","isPartOf":{"@id":"https:\/\/cinier-b.com\/pro\/#website"},"primaryImageOfPage":{"@id":"https:\/\/cinier-b.com\/pro\/boutique\/huiles-essentielles-aromatherapie\/diffuseurs-huiles-essentielles\/diffuseur-he-par-ventilation-nomea-blanc\/#primaryimage"},"image":{"@id":"https:\/\/cinier-b.com\/pro\/boutique\/huiles-essentielles-aromatherapie\/diffuseurs-huiles-essentielles\/diffuseur-he-par-ventilation-nomea-blanc\/#primaryimage"},"thumbnailUrl":"https:\/\/cinier-b.com\/pro\/wp-content\/uploads\/2020\/12\/Bon-Dimanche-Minimalist-Instagram-Post-2.png","datePublished":"2020-12-04T20:36:39+00:00","dateModified":"2024-12-03T14:24:05+00:00","breadcrumb":{"@id":"https:\/\/cinier-b.com\/pro\/boutique\/huiles-essentielles-aromatherapie\/diffuseurs-huiles-essentielles\/diffuseur-he-par-ventilation-nomea-blanc\/#breadcrumb"},"inLanguage":"fr-FR","potentialAction":[{"@type":"ReadAction","target":["https:\/\/cinier-b.com\/pro\/boutique\/huiles-essentielles-aromatherapie\/diffuseurs-huiles-essentielles\/diffuseur-he-par-ventilation-nomea-blanc\/"]}]},{"@type":"ImageObject","inLanguage":"fr-FR","@id":"https:\/\/cinier-b.com\/pro\/boutique\/huiles-essentielles-aromatherapie\/diffuseurs-huiles-essentielles\/diffuseur-he-par-ventilation-nomea-blanc\/#primaryimage","url":"https:\/\/cinier-b.com\/pro\/wp-content\/uploads\/2020\/12\/Bon-Dimanche-Minimalist-Instagram-Post-2.png","contentUrl":"https:\/\/cinier-b.com\/pro\/wp-content\/uploads\/2020\/12\/Bon-Dimanche-Minimalist-Instagram-Post-2.png","width":1080,"height":1080},{"@type":"BreadcrumbList","@id":"https:\/\/cinier-b.com\/pro\/boutique\/huiles-essentielles-aromatherapie\/diffuseurs-huiles-essentielles\/diffuseur-he-par-ventilation-nomea-blanc\/#breadcrumb","itemListElement":[{"@type":"ListItem","position":1,"name":"Accueil","item":"https:\/\/cinier-b.com\/pro\/accueil\/"},{"@type":"ListItem","position":2,"name":"Boutique","item":"https:\/\/cinier-b.com\/pro\/boutique\/"},{"@type":"ListItem","position":3,"name":"Diffuseur HE par ventilation Nom\u00e9a Blanc"}]},{"@type":"WebSite","@id":"https:\/\/cinier-b.com\/pro\/#website","url":"https:\/\/cinier-b.com\/pro\/","name":"Cinier-B pour Professionnels","description":"Laboratoires Cinier-B","potentialAction":[{"@type":"SearchAction","target":{"@type":"EntryPoint","urlTemplate":"https:\/\/cinier-b.com\/pro\/?s={search_term_string}"},"query-input":{"@type":"PropertyValueSpecification","valueRequired":true,"valueName":"search_term_string"}}],"inLanguage":"fr-FR"}]}},"_links":{"self":[{"href":"https:\/\/cinier-b.com\/pro\/wp-json\/wp\/v2\/product\/1378"}],"collection":[{"href":"https:\/\/cinier-b.com\/pro\/wp-json\/wp\/v2\/product"}],"about":[{"href":"https:\/\/cinier-b.com\/pro\/wp-json\/wp\/v2\/types\/product"}],"replies":[{"embeddable":true,"href":"https:\/\/cinier-b.com\/pro\/wp-json\/wp\/v2\/comments?post=1378"}],"wp:featuredmedia":[{"embeddable":true,"href":"https:\/\/cinier-b.com\/pro\/wp-json\/wp\/v2\/media\/7450"}],"wp:attachment":[{"href":"https:\/\/cinier-b.com\/pro\/wp-json\/wp\/v2\/media?parent=1378"}],"wp:term":[{"taxonomy":"product_brand","embeddable":true,"href":"https:\/\/cinier-b.com\/pro\/wp-json\/wp\/v2\/product_brand?post=1378"},{"taxonomy":"product_cat","embeddable":true,"href":"https:\/\/cinier-b.com\/pro\/wp-json\/wp\/v2\/product_cat?post=1378"},{"taxonomy":"product_tag","embeddable":true,"href":"https:\/\/cinier-b.com\/pro\/wp-json\/wp\/v2\/product_tag?post=1378"}],"curies":[{"name":"wp","href":"https:\/\/api.w.org\/{rel}","templated":true}]}}