{"id":1247,"date":"2015-12-08T14:58:47","date_gmt":"2015-12-08T13:58:47","guid":{"rendered":"https:\/\/professionnels.cinier-b.com\/produit\/capsules-huile-vierge-de-cameline\/"},"modified":"2025-10-16T11:43:48","modified_gmt":"2025-10-16T09:43:48","slug":"capsules-huile-vierge-de-cameline","status":"publish","type":"product","link":"https:\/\/cinier-b.com\/pro\/boutique\/soins-du-corps-frictions-de-sante\/huiles-vegetales\/huiles-vegetales-en-capsules\/capsules-huile-vierge-de-cameline\/","title":{"rendered":"Capsules huile vierge de Cameline Origine France &#8211; Elasticit\u00e9 &#038; Illuminatrice"},"content":{"rendered":"<p>L&rsquo;Huile de CAMELINE(Camelina Sativa),de la famille des Brassicac\u00e9es, plante herbac\u00e9e annuelle, fleurit de mai \u00e0 juillet.<\/p>\n<p>La culture de la cameline a probablement d\u00e9but\u00e9 \u00e0 la fin du n\u00e9olithique, se r\u00e9pandant du Sud-Ouest de l\u2019Europe jusqu\u2019en Europe Centrale. Elle fut largement cultiv\u00e9e pour son huile au d\u00e9but de l\u2019Age de fer (500 avant J.-C.) pour perdre de l\u2019importance au Moyen Age.<\/p>\n<p>Aujourd&rsquo;hui, c&rsquo;est l&rsquo;acide alpha-linol\u00e9nique (36 \u00e0 42%) contenu dans son huile qui relance l&rsquo;int\u00e9r\u00eat de cette plante.<\/p>\n<blockquote>\n<h2>Principaux constituants<\/h2>\n<\/blockquote>\n<p>-OMEGA 3 (acide alpha-linol\u00e9nique : 36 \u00e0 42 % )<br \/>\n-Polyph\u00e9nols<\/p>\n<blockquote>\n<h2>Les bienfaits de l\u2019huile de cameline (om\u00e9ga-3) :<\/h2>\n<\/blockquote>\n<p>Riche en acide alpha-linol\u00e9nique (OMEGA 3), l&rsquo;huile de cameline peut contribuer au r\u00e9\u00e9quilibrage d&rsquo;une alimentation courante dont le rapport acide gras om\u00e9ga 6\/acide gras om\u00e9ga 3 est trop \u00e9lev\u00e9. Les acides gras om\u00e9ga 3 contenus dans cette huile contribuent au bon fonctionnement du syst\u00e8me cardiovasculaire.<\/p>\n<p>Il a \u00e9t\u00e9 mis en \u00e9vidence en 2007 que la pr\u00e9sence de polyph\u00e9nols contenus dans l&rsquo;huile de cameline en am\u00e9liore la stabilit\u00e9. N\u00e9anmoins, en raison de sa haute teneur en acide alpha-linon\u00e9nique, il est recommand\u00e9 de conserver l&rsquo;huile de lin vierge sous forme de capsules molles afin d&rsquo;augmenter sa conservation.<\/p>\n<blockquote>\n<h2 style=\"text-align: justify;\"><span style=\"color: #000000;\">Ingr\u00e9dients par capsule<\/span><\/h2>\n<\/blockquote>\n<ul>\n<li style=\"text-align: justify;\"><span style=\"color: #000000;\">Huile<\/span><span style=\"color: #000000;\"> vierge de cameline 1ere pression \u00e0 froid<\/span><strong><span style=\"color: #000000;\">: <\/span><\/strong><span style=\"color: #000000;\">500mg <\/span><\/li>\n<li style=\"text-align: justify;\"><span style=\"color: #000000;\">Tunique (g\u00e9latine \u00e0 base de poisson, glyc\u00e9rine): 170mg<\/span><\/li>\n<\/ul>\n<blockquote>\n<h2 style=\"text-align: justify;\"><span style=\"text-decoration: underline;\"><span style=\"color: #000000; text-decoration: underline;\">Conseils d&rsquo;utilisation<\/span><\/span><\/h2>\n<\/blockquote>\n<p style=\"text-align: justify;\">Voie orale: 2 capsules dos\u00e9es \u00e0 500mg par jour. En compl\u00e9ment de l&rsquo;alimentation.<\/p>\n<p style=\"text-align: left;\">Usage externe: En application cutan\u00e9e locale<\/p>\n<blockquote>\n<h3 style=\"text-align: left;\"><span style=\"color: #663333;\"><span style=\"font-family: verdana,geneva;\"><span style=\"font-size: 14pt;\"><span style=\"font-size: 8pt;\">Compl\u00e9ment alimentaire:<\/span><\/span><\/span><\/span><\/h3>\n<\/blockquote>\n<ul>\n<li><span style=\"color: #663333;\"><span style=\"font-family: verdana,geneva;\"><span style=\"font-size: 14pt;\"><span style=\"font-size: 8pt;\">Ne pas d\u00e9passer la dose journali\u00e8re recommand\u00e9e.<br \/>\n<\/span><\/span><\/span><\/span><\/li>\n<li><span style=\"color: #663333;\"><span style=\"font-family: verdana,geneva;\"><span style=\"font-size: 14pt;\"><span style=\"font-size: 8pt;\">Tenir hors de port\u00e9e des enfants<br \/>\n<\/span><\/span><\/span><\/span><\/li>\n<li><span style=\"color: #663333;\"><span style=\"font-family: verdana,geneva;\"><span style=\"font-size: 14pt;\"><span style=\"font-size: 8pt;\">Ne peut se substituer \u00e0 une alimentation vari\u00e9e.<\/span><\/span><\/span><\/span><\/li>\n<\/ul>\n<p>&nbsp;<\/p>\n<p>&nbsp;<\/p>\n","protected":false},"excerpt":{"rendered":"<p><b>Capsules d&rsquo;huile vierge de cameline, riche en OMEGA 3 <\/b><\/p>\n<p>Flacon de 200 capsules de 500 mg.<\/p>\n","protected":false},"featured_media":8540,"comment_status":"open","ping_status":"closed","template":"","meta":[],"product_brand":[],"product_cat":[113],"product_tag":[],"class_list":{"0":"post-1247","1":"product","2":"type-product","3":"status-publish","4":"has-post-thumbnail","6":"product_cat-huiles-vegetales-en-capsules","8":"first","9":"outofstock","10":"taxable","11":"shipping-taxable","12":"purchasable","13":"product-type-simple"},"yoast_head":"<!-- This site is optimized with the Yoast SEO plugin v25.0 - https:\/\/yoast.com\/wordpress\/plugins\/seo\/ -->\n<title>Capsules huile vierge de Cameline Origine France - Elasticit\u00e9 &amp; Illuminatrice - Cinier-B pour Professionnels<\/title>\n<meta name=\"robots\" content=\"index, follow, max-snippet:-1, max-image-preview:large, max-video-preview:-1\" \/>\n<link rel=\"canonical\" href=\"https:\/\/cinier-b.com\/pro\/boutique\/soins-du-corps-frictions-de-sante\/huiles-vegetales\/huiles-vegetales-en-capsules\/capsules-huile-vierge-de-cameline\/\" \/>\n<meta property=\"og:locale\" content=\"fr_FR\" \/>\n<meta property=\"og:type\" content=\"article\" \/>\n<meta property=\"og:title\" content=\"Capsules huile vierge de Cameline Origine France - Elasticit\u00e9 &amp; Illuminatrice - Cinier-B pour Professionnels\" \/>\n<meta property=\"og:description\" content=\"Capsules d&#039;huile vierge de cameline, riche en OMEGA 3   Flacon de 200 capsules de 500 mg.\" \/>\n<meta property=\"og:url\" content=\"https:\/\/cinier-b.com\/pro\/boutique\/soins-du-corps-frictions-de-sante\/huiles-vegetales\/huiles-vegetales-en-capsules\/capsules-huile-vierge-de-cameline\/\" \/>\n<meta property=\"og:site_name\" content=\"Cinier-B pour Professionnels\" \/>\n<meta property=\"article:modified_time\" content=\"2025-10-16T09:43:48+00:00\" \/>\n<meta property=\"og:image\" content=\"https:\/\/cinier-b.com\/pro\/wp-content\/uploads\/2015\/12\/Design-sans-titre-7.png\" \/>\n\t<meta property=\"og:image:width\" content=\"1080\" \/>\n\t<meta property=\"og:image:height\" content=\"1080\" \/>\n\t<meta property=\"og:image:type\" content=\"image\/png\" \/>\n<meta name=\"twitter:card\" content=\"summary_large_image\" \/>\n<meta name=\"twitter:label1\" content=\"Dur\u00e9e de lecture estim\u00e9e\" \/>\n\t<meta name=\"twitter:data1\" content=\"2 minutes\" \/>\n<script type=\"application\/ld+json\" class=\"yoast-schema-graph\">{\"@context\":\"https:\/\/schema.org\",\"@graph\":[{\"@type\":\"WebPage\",\"@id\":\"https:\/\/cinier-b.com\/pro\/boutique\/soins-du-corps-frictions-de-sante\/huiles-vegetales\/huiles-vegetales-en-capsules\/capsules-huile-vierge-de-cameline\/\",\"url\":\"https:\/\/cinier-b.com\/pro\/boutique\/soins-du-corps-frictions-de-sante\/huiles-vegetales\/huiles-vegetales-en-capsules\/capsules-huile-vierge-de-cameline\/\",\"name\":\"Capsules huile vierge de Cameline Origine France - Elasticit\u00e9 & Illuminatrice - Cinier-B pour Professionnels\",\"isPartOf\":{\"@id\":\"https:\/\/cinier-b.com\/pro\/#website\"},\"primaryImageOfPage\":{\"@id\":\"https:\/\/cinier-b.com\/pro\/boutique\/soins-du-corps-frictions-de-sante\/huiles-vegetales\/huiles-vegetales-en-capsules\/capsules-huile-vierge-de-cameline\/#primaryimage\"},\"image\":{\"@id\":\"https:\/\/cinier-b.com\/pro\/boutique\/soins-du-corps-frictions-de-sante\/huiles-vegetales\/huiles-vegetales-en-capsules\/capsules-huile-vierge-de-cameline\/#primaryimage\"},\"thumbnailUrl\":\"https:\/\/cinier-b.com\/pro\/wp-content\/uploads\/2015\/12\/Design-sans-titre-7.png\",\"datePublished\":\"2015-12-08T13:58:47+00:00\",\"dateModified\":\"2025-10-16T09:43:48+00:00\",\"breadcrumb\":{\"@id\":\"https:\/\/cinier-b.com\/pro\/boutique\/soins-du-corps-frictions-de-sante\/huiles-vegetales\/huiles-vegetales-en-capsules\/capsules-huile-vierge-de-cameline\/#breadcrumb\"},\"inLanguage\":\"fr-FR\",\"potentialAction\":[{\"@type\":\"ReadAction\",\"target\":[\"https:\/\/cinier-b.com\/pro\/boutique\/soins-du-corps-frictions-de-sante\/huiles-vegetales\/huiles-vegetales-en-capsules\/capsules-huile-vierge-de-cameline\/\"]}]},{\"@type\":\"ImageObject\",\"inLanguage\":\"fr-FR\",\"@id\":\"https:\/\/cinier-b.com\/pro\/boutique\/soins-du-corps-frictions-de-sante\/huiles-vegetales\/huiles-vegetales-en-capsules\/capsules-huile-vierge-de-cameline\/#primaryimage\",\"url\":\"https:\/\/cinier-b.com\/pro\/wp-content\/uploads\/2015\/12\/Design-sans-titre-7.png\",\"contentUrl\":\"https:\/\/cinier-b.com\/pro\/wp-content\/uploads\/2015\/12\/Design-sans-titre-7.png\",\"width\":1080,\"height\":1080},{\"@type\":\"BreadcrumbList\",\"@id\":\"https:\/\/cinier-b.com\/pro\/boutique\/soins-du-corps-frictions-de-sante\/huiles-vegetales\/huiles-vegetales-en-capsules\/capsules-huile-vierge-de-cameline\/#breadcrumb\",\"itemListElement\":[{\"@type\":\"ListItem\",\"position\":1,\"name\":\"Accueil\",\"item\":\"https:\/\/cinier-b.com\/pro\/accueil\/\"},{\"@type\":\"ListItem\",\"position\":2,\"name\":\"Boutique\",\"item\":\"https:\/\/cinier-b.com\/pro\/boutique\/\"},{\"@type\":\"ListItem\",\"position\":3,\"name\":\"Capsules huile vierge de Cameline Origine France &#8211; Elasticit\u00e9 &#038; Illuminatrice\"}]},{\"@type\":\"WebSite\",\"@id\":\"https:\/\/cinier-b.com\/pro\/#website\",\"url\":\"https:\/\/cinier-b.com\/pro\/\",\"name\":\"Cinier-B pour Professionnels\",\"description\":\"Laboratoires Cinier-B\",\"potentialAction\":[{\"@type\":\"SearchAction\",\"target\":{\"@type\":\"EntryPoint\",\"urlTemplate\":\"https:\/\/cinier-b.com\/pro\/?s={search_term_string}\"},\"query-input\":{\"@type\":\"PropertyValueSpecification\",\"valueRequired\":true,\"valueName\":\"search_term_string\"}}],\"inLanguage\":\"fr-FR\"}]}<\/script>\n<!-- \/ Yoast SEO plugin. -->","yoast_head_json":{"title":"Capsules huile vierge de Cameline Origine France - Elasticit\u00e9 & Illuminatrice - Cinier-B pour Professionnels","robots":{"index":"index","follow":"follow","max-snippet":"max-snippet:-1","max-image-preview":"max-image-preview:large","max-video-preview":"max-video-preview:-1"},"canonical":"https:\/\/cinier-b.com\/pro\/boutique\/soins-du-corps-frictions-de-sante\/huiles-vegetales\/huiles-vegetales-en-capsules\/capsules-huile-vierge-de-cameline\/","og_locale":"fr_FR","og_type":"article","og_title":"Capsules huile vierge de Cameline Origine France - Elasticit\u00e9 & Illuminatrice - Cinier-B pour Professionnels","og_description":"Capsules d'huile vierge de cameline, riche en OMEGA 3   Flacon de 200 capsules de 500 mg.","og_url":"https:\/\/cinier-b.com\/pro\/boutique\/soins-du-corps-frictions-de-sante\/huiles-vegetales\/huiles-vegetales-en-capsules\/capsules-huile-vierge-de-cameline\/","og_site_name":"Cinier-B pour Professionnels","article_modified_time":"2025-10-16T09:43:48+00:00","og_image":[{"width":1080,"height":1080,"url":"https:\/\/cinier-b.com\/pro\/wp-content\/uploads\/2015\/12\/Design-sans-titre-7.png","type":"image\/png"}],"twitter_card":"summary_large_image","twitter_misc":{"Dur\u00e9e de lecture estim\u00e9e":"2 minutes"},"schema":{"@context":"https:\/\/schema.org","@graph":[{"@type":"WebPage","@id":"https:\/\/cinier-b.com\/pro\/boutique\/soins-du-corps-frictions-de-sante\/huiles-vegetales\/huiles-vegetales-en-capsules\/capsules-huile-vierge-de-cameline\/","url":"https:\/\/cinier-b.com\/pro\/boutique\/soins-du-corps-frictions-de-sante\/huiles-vegetales\/huiles-vegetales-en-capsules\/capsules-huile-vierge-de-cameline\/","name":"Capsules huile vierge de Cameline Origine France - Elasticit\u00e9 & Illuminatrice - Cinier-B pour Professionnels","isPartOf":{"@id":"https:\/\/cinier-b.com\/pro\/#website"},"primaryImageOfPage":{"@id":"https:\/\/cinier-b.com\/pro\/boutique\/soins-du-corps-frictions-de-sante\/huiles-vegetales\/huiles-vegetales-en-capsules\/capsules-huile-vierge-de-cameline\/#primaryimage"},"image":{"@id":"https:\/\/cinier-b.com\/pro\/boutique\/soins-du-corps-frictions-de-sante\/huiles-vegetales\/huiles-vegetales-en-capsules\/capsules-huile-vierge-de-cameline\/#primaryimage"},"thumbnailUrl":"https:\/\/cinier-b.com\/pro\/wp-content\/uploads\/2015\/12\/Design-sans-titre-7.png","datePublished":"2015-12-08T13:58:47+00:00","dateModified":"2025-10-16T09:43:48+00:00","breadcrumb":{"@id":"https:\/\/cinier-b.com\/pro\/boutique\/soins-du-corps-frictions-de-sante\/huiles-vegetales\/huiles-vegetales-en-capsules\/capsules-huile-vierge-de-cameline\/#breadcrumb"},"inLanguage":"fr-FR","potentialAction":[{"@type":"ReadAction","target":["https:\/\/cinier-b.com\/pro\/boutique\/soins-du-corps-frictions-de-sante\/huiles-vegetales\/huiles-vegetales-en-capsules\/capsules-huile-vierge-de-cameline\/"]}]},{"@type":"ImageObject","inLanguage":"fr-FR","@id":"https:\/\/cinier-b.com\/pro\/boutique\/soins-du-corps-frictions-de-sante\/huiles-vegetales\/huiles-vegetales-en-capsules\/capsules-huile-vierge-de-cameline\/#primaryimage","url":"https:\/\/cinier-b.com\/pro\/wp-content\/uploads\/2015\/12\/Design-sans-titre-7.png","contentUrl":"https:\/\/cinier-b.com\/pro\/wp-content\/uploads\/2015\/12\/Design-sans-titre-7.png","width":1080,"height":1080},{"@type":"BreadcrumbList","@id":"https:\/\/cinier-b.com\/pro\/boutique\/soins-du-corps-frictions-de-sante\/huiles-vegetales\/huiles-vegetales-en-capsules\/capsules-huile-vierge-de-cameline\/#breadcrumb","itemListElement":[{"@type":"ListItem","position":1,"name":"Accueil","item":"https:\/\/cinier-b.com\/pro\/accueil\/"},{"@type":"ListItem","position":2,"name":"Boutique","item":"https:\/\/cinier-b.com\/pro\/boutique\/"},{"@type":"ListItem","position":3,"name":"Capsules huile vierge de Cameline Origine France &#8211; Elasticit\u00e9 &#038; Illuminatrice"}]},{"@type":"WebSite","@id":"https:\/\/cinier-b.com\/pro\/#website","url":"https:\/\/cinier-b.com\/pro\/","name":"Cinier-B pour Professionnels","description":"Laboratoires Cinier-B","potentialAction":[{"@type":"SearchAction","target":{"@type":"EntryPoint","urlTemplate":"https:\/\/cinier-b.com\/pro\/?s={search_term_string}"},"query-input":{"@type":"PropertyValueSpecification","valueRequired":true,"valueName":"search_term_string"}}],"inLanguage":"fr-FR"}]}},"_links":{"self":[{"href":"https:\/\/cinier-b.com\/pro\/wp-json\/wp\/v2\/product\/1247"}],"collection":[{"href":"https:\/\/cinier-b.com\/pro\/wp-json\/wp\/v2\/product"}],"about":[{"href":"https:\/\/cinier-b.com\/pro\/wp-json\/wp\/v2\/types\/product"}],"replies":[{"embeddable":true,"href":"https:\/\/cinier-b.com\/pro\/wp-json\/wp\/v2\/comments?post=1247"}],"wp:featuredmedia":[{"embeddable":true,"href":"https:\/\/cinier-b.com\/pro\/wp-json\/wp\/v2\/media\/8540"}],"wp:attachment":[{"href":"https:\/\/cinier-b.com\/pro\/wp-json\/wp\/v2\/media?parent=1247"}],"wp:term":[{"taxonomy":"product_brand","embeddable":true,"href":"https:\/\/cinier-b.com\/pro\/wp-json\/wp\/v2\/product_brand?post=1247"},{"taxonomy":"product_cat","embeddable":true,"href":"https:\/\/cinier-b.com\/pro\/wp-json\/wp\/v2\/product_cat?post=1247"},{"taxonomy":"product_tag","embeddable":true,"href":"https:\/\/cinier-b.com\/pro\/wp-json\/wp\/v2\/product_tag?post=1247"}],"curies":[{"name":"wp","href":"https:\/\/api.w.org\/{rel}","templated":true}]}}