{"id":1226,"date":"2015-10-05T17:01:05","date_gmt":"2015-10-05T15:01:05","guid":{"rendered":"https:\/\/professionnels.cinier-b.com\/produit\/diffuseur-dhuiles-essentielles-effisens\/"},"modified":"2025-11-27T10:21:15","modified_gmt":"2025-11-27T09:21:15","slug":"diffuseur-dhuiles-essentielles-effisens","status":"publish","type":"product","link":"https:\/\/cinier-b.com\/pro\/boutique\/huiles-essentielles-aromatherapie\/diffuseurs-huiles-essentielles\/diffuseur-dhuiles-essentielles-effisens\/","title":{"rendered":"Diffuseur d&rsquo;huiles essentielles Effisens"},"content":{"rendered":"<p>Le diffuseur EFFISENS est la r\u00e9ponse id\u00e9ale pour diffuser efficacement et simplement les huiles essentielles.<\/p>\n<blockquote>\n<h2>Ses points forts<\/h2>\n<\/blockquote>\n<ul>\n<li>Utilisation directe \u00e0 partir d&rsquo;un flacon d&rsquo;huile essentielle.<\/li>\n<li>Tr\u00e8s grande efficacit\u00e9 jusqu&rsquo;\u00e0 120m2.<\/li>\n<li>Design contemporain en m\u00e9tal bross\u00e9.<\/li>\n<li>Diffusion programmable.<\/li>\n<\/ul>\n<p>Gr\u00e2ce \u00e0 son nouveau concept, il est inutile de verser les huiles essentielles dans une verrerie. Bas\u00e9 cependant sur le principe de la n\u00e9bulisation \u00e0 froid, <strong>on int\u00e8gre directement le flacon d&rsquo;huile essentielle dans le corps du diffuseur<\/strong>, ce qui \u00e9vite les manipulations de remplissage et de nettoyage.<\/p>\n<p>Tr\u00e8s silencieux(35db), ce diffuseur a un design contemporain, corps m\u00e9tal bross\u00e9 pour un look moderne soulign\u00e9 par un liser\u00e9 lumineux et l&rsquo;\u00e9clairage du panneau de contr\u00f4le<strong>.<br \/>\n<\/strong><\/p>\n<p>Ce diffuseur est id\u00e9al pour tous les cabinets m\u00e9dicaux, para-m\u00e9dicaux et autres.\u00a0 Il s&rsquo;int\u00e8gre parfaitement \u00e0 tous les int\u00e9rieurs, il s&rsquo;adapte \u00e9galement \u00e0 une prise USB.<\/p>\n<p>Le panneau de contr\u00f4le sur le dessus permet d&rsquo;activer la diffusion avec 3 puissances diff\u00e9rentes.<\/p>\n<p><strong>La diffusion se fait en alternant des temps de pause et des temps de diffusion personnalisables:<br \/>\n<\/strong><\/p>\n<ul>\n<li><strong>ON INT<\/strong> &#8211; S\u00e9lection de la dur\u00e9e de diffusion (5,10,30 ou 60 secondes).<\/li>\n<li><strong>OFF INT<\/strong> &#8211; S\u00e9lection de la dur\u00e9e de temps de pause (5,10,30 ou 60 secondes).<\/li>\n<li><strong>TIMER<\/strong> -S\u00e9lection de la dur\u00e9e de diffusion avant arr\u00eat du diffuseur (30, 60, 120 minutes ou non stop).<\/li>\n<\/ul>\n<p>Le diffuseur est livr\u00e9 avec un flacon en verre de 10 ml, l&rsquo;appareil peut \u00e9galement contenir un flacon de 30 ml.<\/p>\n","protected":false},"excerpt":{"rendered":"<p>Superbe diffuseur en m\u00e9tal bross\u00e9, grande facilit\u00e9 d&rsquo;utilisation.<br \/>\n&#8211; Diffusion par micro n\u00e9bulisation jusqu\u2019\u00e0 120 m\u00b2.<br \/>\n&#8211; Utilisation directe \u00e0 partir du flacon d&rsquo;HE (de 5 \u00e0 10 ml).<br \/>\n&#8211; Une diffusion personnalis\u00e9e avec programmation.<\/p>\n","protected":false},"featured_media":7444,"comment_status":"open","ping_status":"closed","template":"","meta":[],"product_brand":[],"product_cat":[137,134,132,37],"product_tag":[],"class_list":{"0":"post-1226","1":"product","2":"type-product","3":"status-publish","4":"has-post-thumbnail","6":"product_cat-diffuseurs-dhuiles-essentielles","7":"product_cat-nos-diffuseurs","8":"product_cat-promotions","9":"product_cat-diffuseurs-huiles-essentielles","11":"first","12":"outofstock","13":"taxable","14":"shipping-taxable","15":"purchasable","16":"product-type-simple"},"yoast_head":"<!-- This site is optimized with the Yoast SEO plugin v25.0 - https:\/\/yoast.com\/wordpress\/plugins\/seo\/ -->\n<title>Diffuseur d&#039;huiles essentielles Effisens - Cinier-B pour Professionnels<\/title>\n<meta name=\"robots\" content=\"index, follow, max-snippet:-1, max-image-preview:large, max-video-preview:-1\" \/>\n<link rel=\"canonical\" href=\"https:\/\/cinier-b.com\/pro\/boutique\/huiles-essentielles-aromatherapie\/diffuseurs-huiles-essentielles\/diffuseur-dhuiles-essentielles-effisens\/\" \/>\n<meta property=\"og:locale\" content=\"fr_FR\" \/>\n<meta property=\"og:type\" content=\"article\" \/>\n<meta property=\"og:title\" content=\"Diffuseur d&#039;huiles essentielles Effisens - Cinier-B pour Professionnels\" \/>\n<meta property=\"og:description\" content=\"Superbe diffuseur en m\u00e9tal bross\u00e9, grande facilit\u00e9 d&#039;utilisation. - Diffusion par micro n\u00e9bulisation jusqu\u2019\u00e0 120 m\u00b2. - Utilisation directe \u00e0 partir du flacon d&#039;HE (de 5 \u00e0 10 ml). - Une diffusion personnalis\u00e9e avec programmation.\" \/>\n<meta property=\"og:url\" content=\"https:\/\/cinier-b.com\/pro\/boutique\/huiles-essentielles-aromatherapie\/diffuseurs-huiles-essentielles\/diffuseur-dhuiles-essentielles-effisens\/\" \/>\n<meta property=\"og:site_name\" content=\"Cinier-B pour Professionnels\" \/>\n<meta property=\"article:modified_time\" content=\"2025-11-27T09:21:15+00:00\" \/>\n<meta property=\"og:image\" content=\"https:\/\/cinier-b.com\/pro\/wp-content\/uploads\/2015\/10\/Bon-Dimanche-Minimalist-Instagram-Post-5.png\" \/>\n\t<meta property=\"og:image:width\" content=\"1080\" \/>\n\t<meta property=\"og:image:height\" content=\"1080\" \/>\n\t<meta property=\"og:image:type\" content=\"image\/png\" \/>\n<meta name=\"twitter:card\" content=\"summary_large_image\" \/>\n<meta name=\"twitter:label1\" content=\"Dur\u00e9e de lecture estim\u00e9e\" \/>\n\t<meta name=\"twitter:data1\" content=\"2 minutes\" \/>\n<script type=\"application\/ld+json\" class=\"yoast-schema-graph\">{\"@context\":\"https:\/\/schema.org\",\"@graph\":[{\"@type\":\"WebPage\",\"@id\":\"https:\/\/cinier-b.com\/pro\/boutique\/huiles-essentielles-aromatherapie\/diffuseurs-huiles-essentielles\/diffuseur-dhuiles-essentielles-effisens\/\",\"url\":\"https:\/\/cinier-b.com\/pro\/boutique\/huiles-essentielles-aromatherapie\/diffuseurs-huiles-essentielles\/diffuseur-dhuiles-essentielles-effisens\/\",\"name\":\"Diffuseur d'huiles essentielles Effisens - Cinier-B pour Professionnels\",\"isPartOf\":{\"@id\":\"https:\/\/cinier-b.com\/pro\/#website\"},\"primaryImageOfPage\":{\"@id\":\"https:\/\/cinier-b.com\/pro\/boutique\/huiles-essentielles-aromatherapie\/diffuseurs-huiles-essentielles\/diffuseur-dhuiles-essentielles-effisens\/#primaryimage\"},\"image\":{\"@id\":\"https:\/\/cinier-b.com\/pro\/boutique\/huiles-essentielles-aromatherapie\/diffuseurs-huiles-essentielles\/diffuseur-dhuiles-essentielles-effisens\/#primaryimage\"},\"thumbnailUrl\":\"https:\/\/cinier-b.com\/pro\/wp-content\/uploads\/2015\/10\/Bon-Dimanche-Minimalist-Instagram-Post-5.png\",\"datePublished\":\"2015-10-05T15:01:05+00:00\",\"dateModified\":\"2025-11-27T09:21:15+00:00\",\"breadcrumb\":{\"@id\":\"https:\/\/cinier-b.com\/pro\/boutique\/huiles-essentielles-aromatherapie\/diffuseurs-huiles-essentielles\/diffuseur-dhuiles-essentielles-effisens\/#breadcrumb\"},\"inLanguage\":\"fr-FR\",\"potentialAction\":[{\"@type\":\"ReadAction\",\"target\":[\"https:\/\/cinier-b.com\/pro\/boutique\/huiles-essentielles-aromatherapie\/diffuseurs-huiles-essentielles\/diffuseur-dhuiles-essentielles-effisens\/\"]}]},{\"@type\":\"ImageObject\",\"inLanguage\":\"fr-FR\",\"@id\":\"https:\/\/cinier-b.com\/pro\/boutique\/huiles-essentielles-aromatherapie\/diffuseurs-huiles-essentielles\/diffuseur-dhuiles-essentielles-effisens\/#primaryimage\",\"url\":\"https:\/\/cinier-b.com\/pro\/wp-content\/uploads\/2015\/10\/Bon-Dimanche-Minimalist-Instagram-Post-5.png\",\"contentUrl\":\"https:\/\/cinier-b.com\/pro\/wp-content\/uploads\/2015\/10\/Bon-Dimanche-Minimalist-Instagram-Post-5.png\",\"width\":1080,\"height\":1080},{\"@type\":\"BreadcrumbList\",\"@id\":\"https:\/\/cinier-b.com\/pro\/boutique\/huiles-essentielles-aromatherapie\/diffuseurs-huiles-essentielles\/diffuseur-dhuiles-essentielles-effisens\/#breadcrumb\",\"itemListElement\":[{\"@type\":\"ListItem\",\"position\":1,\"name\":\"Accueil\",\"item\":\"https:\/\/cinier-b.com\/pro\/accueil\/\"},{\"@type\":\"ListItem\",\"position\":2,\"name\":\"Boutique\",\"item\":\"https:\/\/cinier-b.com\/pro\/boutique\/\"},{\"@type\":\"ListItem\",\"position\":3,\"name\":\"Diffuseur d&rsquo;huiles essentielles Effisens\"}]},{\"@type\":\"WebSite\",\"@id\":\"https:\/\/cinier-b.com\/pro\/#website\",\"url\":\"https:\/\/cinier-b.com\/pro\/\",\"name\":\"Cinier-B pour Professionnels\",\"description\":\"Laboratoires Cinier-B\",\"potentialAction\":[{\"@type\":\"SearchAction\",\"target\":{\"@type\":\"EntryPoint\",\"urlTemplate\":\"https:\/\/cinier-b.com\/pro\/?s={search_term_string}\"},\"query-input\":{\"@type\":\"PropertyValueSpecification\",\"valueRequired\":true,\"valueName\":\"search_term_string\"}}],\"inLanguage\":\"fr-FR\"}]}<\/script>\n<!-- \/ Yoast SEO plugin. -->","yoast_head_json":{"title":"Diffuseur d'huiles essentielles Effisens - Cinier-B pour Professionnels","robots":{"index":"index","follow":"follow","max-snippet":"max-snippet:-1","max-image-preview":"max-image-preview:large","max-video-preview":"max-video-preview:-1"},"canonical":"https:\/\/cinier-b.com\/pro\/boutique\/huiles-essentielles-aromatherapie\/diffuseurs-huiles-essentielles\/diffuseur-dhuiles-essentielles-effisens\/","og_locale":"fr_FR","og_type":"article","og_title":"Diffuseur d'huiles essentielles Effisens - Cinier-B pour Professionnels","og_description":"Superbe diffuseur en m\u00e9tal bross\u00e9, grande facilit\u00e9 d'utilisation. - Diffusion par micro n\u00e9bulisation jusqu\u2019\u00e0 120 m\u00b2. - Utilisation directe \u00e0 partir du flacon d'HE (de 5 \u00e0 10 ml). - Une diffusion personnalis\u00e9e avec programmation.","og_url":"https:\/\/cinier-b.com\/pro\/boutique\/huiles-essentielles-aromatherapie\/diffuseurs-huiles-essentielles\/diffuseur-dhuiles-essentielles-effisens\/","og_site_name":"Cinier-B pour Professionnels","article_modified_time":"2025-11-27T09:21:15+00:00","og_image":[{"width":1080,"height":1080,"url":"https:\/\/cinier-b.com\/pro\/wp-content\/uploads\/2015\/10\/Bon-Dimanche-Minimalist-Instagram-Post-5.png","type":"image\/png"}],"twitter_card":"summary_large_image","twitter_misc":{"Dur\u00e9e de lecture estim\u00e9e":"2 minutes"},"schema":{"@context":"https:\/\/schema.org","@graph":[{"@type":"WebPage","@id":"https:\/\/cinier-b.com\/pro\/boutique\/huiles-essentielles-aromatherapie\/diffuseurs-huiles-essentielles\/diffuseur-dhuiles-essentielles-effisens\/","url":"https:\/\/cinier-b.com\/pro\/boutique\/huiles-essentielles-aromatherapie\/diffuseurs-huiles-essentielles\/diffuseur-dhuiles-essentielles-effisens\/","name":"Diffuseur d'huiles essentielles Effisens - Cinier-B pour Professionnels","isPartOf":{"@id":"https:\/\/cinier-b.com\/pro\/#website"},"primaryImageOfPage":{"@id":"https:\/\/cinier-b.com\/pro\/boutique\/huiles-essentielles-aromatherapie\/diffuseurs-huiles-essentielles\/diffuseur-dhuiles-essentielles-effisens\/#primaryimage"},"image":{"@id":"https:\/\/cinier-b.com\/pro\/boutique\/huiles-essentielles-aromatherapie\/diffuseurs-huiles-essentielles\/diffuseur-dhuiles-essentielles-effisens\/#primaryimage"},"thumbnailUrl":"https:\/\/cinier-b.com\/pro\/wp-content\/uploads\/2015\/10\/Bon-Dimanche-Minimalist-Instagram-Post-5.png","datePublished":"2015-10-05T15:01:05+00:00","dateModified":"2025-11-27T09:21:15+00:00","breadcrumb":{"@id":"https:\/\/cinier-b.com\/pro\/boutique\/huiles-essentielles-aromatherapie\/diffuseurs-huiles-essentielles\/diffuseur-dhuiles-essentielles-effisens\/#breadcrumb"},"inLanguage":"fr-FR","potentialAction":[{"@type":"ReadAction","target":["https:\/\/cinier-b.com\/pro\/boutique\/huiles-essentielles-aromatherapie\/diffuseurs-huiles-essentielles\/diffuseur-dhuiles-essentielles-effisens\/"]}]},{"@type":"ImageObject","inLanguage":"fr-FR","@id":"https:\/\/cinier-b.com\/pro\/boutique\/huiles-essentielles-aromatherapie\/diffuseurs-huiles-essentielles\/diffuseur-dhuiles-essentielles-effisens\/#primaryimage","url":"https:\/\/cinier-b.com\/pro\/wp-content\/uploads\/2015\/10\/Bon-Dimanche-Minimalist-Instagram-Post-5.png","contentUrl":"https:\/\/cinier-b.com\/pro\/wp-content\/uploads\/2015\/10\/Bon-Dimanche-Minimalist-Instagram-Post-5.png","width":1080,"height":1080},{"@type":"BreadcrumbList","@id":"https:\/\/cinier-b.com\/pro\/boutique\/huiles-essentielles-aromatherapie\/diffuseurs-huiles-essentielles\/diffuseur-dhuiles-essentielles-effisens\/#breadcrumb","itemListElement":[{"@type":"ListItem","position":1,"name":"Accueil","item":"https:\/\/cinier-b.com\/pro\/accueil\/"},{"@type":"ListItem","position":2,"name":"Boutique","item":"https:\/\/cinier-b.com\/pro\/boutique\/"},{"@type":"ListItem","position":3,"name":"Diffuseur d&rsquo;huiles essentielles Effisens"}]},{"@type":"WebSite","@id":"https:\/\/cinier-b.com\/pro\/#website","url":"https:\/\/cinier-b.com\/pro\/","name":"Cinier-B pour Professionnels","description":"Laboratoires Cinier-B","potentialAction":[{"@type":"SearchAction","target":{"@type":"EntryPoint","urlTemplate":"https:\/\/cinier-b.com\/pro\/?s={search_term_string}"},"query-input":{"@type":"PropertyValueSpecification","valueRequired":true,"valueName":"search_term_string"}}],"inLanguage":"fr-FR"}]}},"_links":{"self":[{"href":"https:\/\/cinier-b.com\/pro\/wp-json\/wp\/v2\/product\/1226"}],"collection":[{"href":"https:\/\/cinier-b.com\/pro\/wp-json\/wp\/v2\/product"}],"about":[{"href":"https:\/\/cinier-b.com\/pro\/wp-json\/wp\/v2\/types\/product"}],"replies":[{"embeddable":true,"href":"https:\/\/cinier-b.com\/pro\/wp-json\/wp\/v2\/comments?post=1226"}],"wp:featuredmedia":[{"embeddable":true,"href":"https:\/\/cinier-b.com\/pro\/wp-json\/wp\/v2\/media\/7444"}],"wp:attachment":[{"href":"https:\/\/cinier-b.com\/pro\/wp-json\/wp\/v2\/media?parent=1226"}],"wp:term":[{"taxonomy":"product_brand","embeddable":true,"href":"https:\/\/cinier-b.com\/pro\/wp-json\/wp\/v2\/product_brand?post=1226"},{"taxonomy":"product_cat","embeddable":true,"href":"https:\/\/cinier-b.com\/pro\/wp-json\/wp\/v2\/product_cat?post=1226"},{"taxonomy":"product_tag","embeddable":true,"href":"https:\/\/cinier-b.com\/pro\/wp-json\/wp\/v2\/product_tag?post=1226"}],"curies":[{"name":"wp","href":"https:\/\/api.w.org\/{rel}","templated":true}]}}