{"id":1207,"date":"2015-03-03T09:59:43","date_gmt":"2015-03-03T08:59:43","guid":{"rendered":"https:\/\/professionnels.cinier-b.com\/produit\/lentisque-bio\/"},"modified":"2024-05-14T14:17:48","modified_gmt":"2024-05-14T12:17:48","slug":"lentisque-bio","status":"publish","type":"product","link":"https:\/\/cinier-b.com\/pro\/boutique\/soins-du-corps-frictions-de-sante\/hydrolats-aromatiques\/lentisque-bio\/","title":{"rendered":"Hydrolat Lentisque Bio : D\u00e9congestionnant &#038; Vasoconstricteur"},"content":{"rendered":"<p>L&rsquo;hydrolat de Lentisque pistachier BIO est obtenu par distillation \u00e0 la vapeur d&rsquo;eau des feuilles du Pistacia Lentiscus Biologique. Origine France<\/p>\n<p>Il est 100% pur et naturel, ne contient ni alcool ni conservateur. Pour une meilleure conservation il est pr\u00e9sent\u00e9 en flacon pulv\u00e9risateur opaque.<\/p>\n<p>L&rsquo;hydrolat de Lentisque est d\u00e9congestionnant et vasoconstricteur local. Il est<strong> excellent pour les peaux couperos\u00e9es, sensibles, irrit\u00e9es.<\/strong><\/p>\n<p>Odeur : Caract\u00e9ristique, rappelant celle de la plante<br \/>\nCouleur :\u00a0 jaune p\u00e2le \u00e0 orang\u00e9<\/p>\n<p>Principaux constituants (HE):\u00a0 alpha pin\u00e8ne, myrc\u00e8ne, limon\u00e8ne<\/p>\n<p><img loading=\"lazy\" decoding=\"async\" class=\"alignnone size-full wp-image-3933\" src=\"https:\/\/cinier-b.com\/particuliers\/wp-content\/uploads\/2019\/09\/ECOCERT-AB.jpg\" sizes=\"(max-width: 80px) 100vw, 80px\" srcset=\"https:\/\/cinier-b.com\/particuliers\/wp-content\/uploads\/2019\/09\/ECOCERT-AB.jpg 80w, https:\/\/cinier-b.com\/particuliers\/wp-content\/uploads\/2019\/09\/ECOCERT-AB-64x25.jpg 64w\" alt=\"\" width=\"80\" height=\"31\" \/> Les produits portant la mention BIO sont issus de l\u2019Agriculture Biologique et certifi\u00e9s par ECOCERT FR-BIO-01<\/p>\n<p>Les eaux florales ou hydrolats 100% purs et naturels ne contiennent ni alcool ni conservateur. Ces produits \u00e9tant sujet aux pollutions microbiologiques, il faut les conserver \u00e0 l&rsquo;abri de l&rsquo;air, de la lumi\u00e8re et \u00e0 temp\u00e9rature stable.<br \/>\nPour une meilleure conservation tous nos hydrolats sont pr\u00e9sent\u00e9es en flacon pulv\u00e9risateur aluminium opaque. Il est vivement conseill\u00e9 de les conserver au frais et de les tenir \u00e9loign\u00e9s d&rsquo;une source directe de chaleur.<\/p>\n","protected":false},"excerpt":{"rendered":"<p><b>D\u00e9congestionnant et vasoconstricteur local<\/b><\/p>\n<p>100% pur et naturel, biologique;origine France<\/p>\n<p>Flacon pulv\u00e9risateur aluminium opaque 200 ml<\/p>\n","protected":false},"featured_media":8143,"comment_status":"open","ping_status":"closed","template":"","meta":[],"product_brand":[],"product_cat":[153,43],"product_tag":[],"class_list":{"0":"post-1207","1":"product","2":"type-product","3":"status-publish","4":"has-post-thumbnail","6":"product_cat-nos-14-hydrolats","7":"product_cat-hydrolats-aromatiques","9":"first","10":"instock","11":"taxable","12":"shipping-taxable","13":"purchasable","14":"product-type-simple"},"yoast_head":"<!-- This site is optimized with the Yoast SEO plugin v25.0 - https:\/\/yoast.com\/wordpress\/plugins\/seo\/ -->\n<title>Hydrolat Lentisque Bio : D\u00e9congestionnant &amp; Vasoconstricteur - Cinier-B pour Professionnels<\/title>\n<meta name=\"robots\" content=\"index, follow, max-snippet:-1, max-image-preview:large, max-video-preview:-1\" \/>\n<link rel=\"canonical\" href=\"https:\/\/cinier-b.com\/pro\/boutique\/soins-du-corps-frictions-de-sante\/hydrolats-aromatiques\/lentisque-bio\/\" \/>\n<meta property=\"og:locale\" content=\"fr_FR\" \/>\n<meta property=\"og:type\" content=\"article\" \/>\n<meta property=\"og:title\" content=\"Hydrolat Lentisque Bio : D\u00e9congestionnant &amp; Vasoconstricteur - Cinier-B pour Professionnels\" \/>\n<meta property=\"og:description\" content=\"D\u00e9congestionnant et vasoconstricteur local  100% pur et naturel, biologique;origine France  Flacon pulv\u00e9risateur aluminium opaque 200 ml\" \/>\n<meta property=\"og:url\" content=\"https:\/\/cinier-b.com\/pro\/boutique\/soins-du-corps-frictions-de-sante\/hydrolats-aromatiques\/lentisque-bio\/\" \/>\n<meta property=\"og:site_name\" content=\"Cinier-B pour Professionnels\" \/>\n<meta property=\"article:modified_time\" content=\"2024-05-14T12:17:48+00:00\" \/>\n<meta property=\"og:image\" content=\"https:\/\/cinier-b.com\/pro\/wp-content\/uploads\/2015\/03\/hydrolat_lentisque-removebg-preview-3.png\" \/>\n\t<meta property=\"og:image:width\" content=\"500\" \/>\n\t<meta property=\"og:image:height\" content=\"500\" \/>\n\t<meta property=\"og:image:type\" content=\"image\/png\" \/>\n<meta name=\"twitter:card\" content=\"summary_large_image\" \/>\n<meta name=\"twitter:label1\" content=\"Dur\u00e9e de lecture estim\u00e9e\" \/>\n\t<meta name=\"twitter:data1\" content=\"2 minutes\" \/>\n<script type=\"application\/ld+json\" class=\"yoast-schema-graph\">{\"@context\":\"https:\/\/schema.org\",\"@graph\":[{\"@type\":\"WebPage\",\"@id\":\"https:\/\/cinier-b.com\/pro\/boutique\/soins-du-corps-frictions-de-sante\/hydrolats-aromatiques\/lentisque-bio\/\",\"url\":\"https:\/\/cinier-b.com\/pro\/boutique\/soins-du-corps-frictions-de-sante\/hydrolats-aromatiques\/lentisque-bio\/\",\"name\":\"Hydrolat Lentisque Bio : D\u00e9congestionnant & Vasoconstricteur - Cinier-B pour Professionnels\",\"isPartOf\":{\"@id\":\"https:\/\/cinier-b.com\/pro\/#website\"},\"primaryImageOfPage\":{\"@id\":\"https:\/\/cinier-b.com\/pro\/boutique\/soins-du-corps-frictions-de-sante\/hydrolats-aromatiques\/lentisque-bio\/#primaryimage\"},\"image\":{\"@id\":\"https:\/\/cinier-b.com\/pro\/boutique\/soins-du-corps-frictions-de-sante\/hydrolats-aromatiques\/lentisque-bio\/#primaryimage\"},\"thumbnailUrl\":\"https:\/\/cinier-b.com\/pro\/wp-content\/uploads\/2015\/03\/hydrolat_lentisque-removebg-preview-3.png\",\"datePublished\":\"2015-03-03T08:59:43+00:00\",\"dateModified\":\"2024-05-14T12:17:48+00:00\",\"breadcrumb\":{\"@id\":\"https:\/\/cinier-b.com\/pro\/boutique\/soins-du-corps-frictions-de-sante\/hydrolats-aromatiques\/lentisque-bio\/#breadcrumb\"},\"inLanguage\":\"fr-FR\",\"potentialAction\":[{\"@type\":\"ReadAction\",\"target\":[\"https:\/\/cinier-b.com\/pro\/boutique\/soins-du-corps-frictions-de-sante\/hydrolats-aromatiques\/lentisque-bio\/\"]}]},{\"@type\":\"ImageObject\",\"inLanguage\":\"fr-FR\",\"@id\":\"https:\/\/cinier-b.com\/pro\/boutique\/soins-du-corps-frictions-de-sante\/hydrolats-aromatiques\/lentisque-bio\/#primaryimage\",\"url\":\"https:\/\/cinier-b.com\/pro\/wp-content\/uploads\/2015\/03\/hydrolat_lentisque-removebg-preview-3.png\",\"contentUrl\":\"https:\/\/cinier-b.com\/pro\/wp-content\/uploads\/2015\/03\/hydrolat_lentisque-removebg-preview-3.png\",\"width\":500,\"height\":500},{\"@type\":\"BreadcrumbList\",\"@id\":\"https:\/\/cinier-b.com\/pro\/boutique\/soins-du-corps-frictions-de-sante\/hydrolats-aromatiques\/lentisque-bio\/#breadcrumb\",\"itemListElement\":[{\"@type\":\"ListItem\",\"position\":1,\"name\":\"Accueil\",\"item\":\"https:\/\/cinier-b.com\/pro\/accueil\/\"},{\"@type\":\"ListItem\",\"position\":2,\"name\":\"Boutique\",\"item\":\"https:\/\/cinier-b.com\/pro\/boutique\/\"},{\"@type\":\"ListItem\",\"position\":3,\"name\":\"Hydrolat Lentisque Bio : D\u00e9congestionnant &#038; Vasoconstricteur\"}]},{\"@type\":\"WebSite\",\"@id\":\"https:\/\/cinier-b.com\/pro\/#website\",\"url\":\"https:\/\/cinier-b.com\/pro\/\",\"name\":\"Cinier-B pour Professionnels\",\"description\":\"Laboratoires Cinier-B\",\"potentialAction\":[{\"@type\":\"SearchAction\",\"target\":{\"@type\":\"EntryPoint\",\"urlTemplate\":\"https:\/\/cinier-b.com\/pro\/?s={search_term_string}\"},\"query-input\":{\"@type\":\"PropertyValueSpecification\",\"valueRequired\":true,\"valueName\":\"search_term_string\"}}],\"inLanguage\":\"fr-FR\"}]}<\/script>\n<!-- \/ Yoast SEO plugin. -->","yoast_head_json":{"title":"Hydrolat Lentisque Bio : D\u00e9congestionnant & Vasoconstricteur - Cinier-B pour Professionnels","robots":{"index":"index","follow":"follow","max-snippet":"max-snippet:-1","max-image-preview":"max-image-preview:large","max-video-preview":"max-video-preview:-1"},"canonical":"https:\/\/cinier-b.com\/pro\/boutique\/soins-du-corps-frictions-de-sante\/hydrolats-aromatiques\/lentisque-bio\/","og_locale":"fr_FR","og_type":"article","og_title":"Hydrolat Lentisque Bio : D\u00e9congestionnant & Vasoconstricteur - Cinier-B pour Professionnels","og_description":"D\u00e9congestionnant et vasoconstricteur local  100% pur et naturel, biologique;origine France  Flacon pulv\u00e9risateur aluminium opaque 200 ml","og_url":"https:\/\/cinier-b.com\/pro\/boutique\/soins-du-corps-frictions-de-sante\/hydrolats-aromatiques\/lentisque-bio\/","og_site_name":"Cinier-B pour Professionnels","article_modified_time":"2024-05-14T12:17:48+00:00","og_image":[{"width":500,"height":500,"url":"https:\/\/cinier-b.com\/pro\/wp-content\/uploads\/2015\/03\/hydrolat_lentisque-removebg-preview-3.png","type":"image\/png"}],"twitter_card":"summary_large_image","twitter_misc":{"Dur\u00e9e de lecture estim\u00e9e":"2 minutes"},"schema":{"@context":"https:\/\/schema.org","@graph":[{"@type":"WebPage","@id":"https:\/\/cinier-b.com\/pro\/boutique\/soins-du-corps-frictions-de-sante\/hydrolats-aromatiques\/lentisque-bio\/","url":"https:\/\/cinier-b.com\/pro\/boutique\/soins-du-corps-frictions-de-sante\/hydrolats-aromatiques\/lentisque-bio\/","name":"Hydrolat Lentisque Bio : D\u00e9congestionnant & Vasoconstricteur - Cinier-B pour Professionnels","isPartOf":{"@id":"https:\/\/cinier-b.com\/pro\/#website"},"primaryImageOfPage":{"@id":"https:\/\/cinier-b.com\/pro\/boutique\/soins-du-corps-frictions-de-sante\/hydrolats-aromatiques\/lentisque-bio\/#primaryimage"},"image":{"@id":"https:\/\/cinier-b.com\/pro\/boutique\/soins-du-corps-frictions-de-sante\/hydrolats-aromatiques\/lentisque-bio\/#primaryimage"},"thumbnailUrl":"https:\/\/cinier-b.com\/pro\/wp-content\/uploads\/2015\/03\/hydrolat_lentisque-removebg-preview-3.png","datePublished":"2015-03-03T08:59:43+00:00","dateModified":"2024-05-14T12:17:48+00:00","breadcrumb":{"@id":"https:\/\/cinier-b.com\/pro\/boutique\/soins-du-corps-frictions-de-sante\/hydrolats-aromatiques\/lentisque-bio\/#breadcrumb"},"inLanguage":"fr-FR","potentialAction":[{"@type":"ReadAction","target":["https:\/\/cinier-b.com\/pro\/boutique\/soins-du-corps-frictions-de-sante\/hydrolats-aromatiques\/lentisque-bio\/"]}]},{"@type":"ImageObject","inLanguage":"fr-FR","@id":"https:\/\/cinier-b.com\/pro\/boutique\/soins-du-corps-frictions-de-sante\/hydrolats-aromatiques\/lentisque-bio\/#primaryimage","url":"https:\/\/cinier-b.com\/pro\/wp-content\/uploads\/2015\/03\/hydrolat_lentisque-removebg-preview-3.png","contentUrl":"https:\/\/cinier-b.com\/pro\/wp-content\/uploads\/2015\/03\/hydrolat_lentisque-removebg-preview-3.png","width":500,"height":500},{"@type":"BreadcrumbList","@id":"https:\/\/cinier-b.com\/pro\/boutique\/soins-du-corps-frictions-de-sante\/hydrolats-aromatiques\/lentisque-bio\/#breadcrumb","itemListElement":[{"@type":"ListItem","position":1,"name":"Accueil","item":"https:\/\/cinier-b.com\/pro\/accueil\/"},{"@type":"ListItem","position":2,"name":"Boutique","item":"https:\/\/cinier-b.com\/pro\/boutique\/"},{"@type":"ListItem","position":3,"name":"Hydrolat Lentisque Bio : D\u00e9congestionnant &#038; Vasoconstricteur"}]},{"@type":"WebSite","@id":"https:\/\/cinier-b.com\/pro\/#website","url":"https:\/\/cinier-b.com\/pro\/","name":"Cinier-B pour Professionnels","description":"Laboratoires Cinier-B","potentialAction":[{"@type":"SearchAction","target":{"@type":"EntryPoint","urlTemplate":"https:\/\/cinier-b.com\/pro\/?s={search_term_string}"},"query-input":{"@type":"PropertyValueSpecification","valueRequired":true,"valueName":"search_term_string"}}],"inLanguage":"fr-FR"}]}},"_links":{"self":[{"href":"https:\/\/cinier-b.com\/pro\/wp-json\/wp\/v2\/product\/1207"}],"collection":[{"href":"https:\/\/cinier-b.com\/pro\/wp-json\/wp\/v2\/product"}],"about":[{"href":"https:\/\/cinier-b.com\/pro\/wp-json\/wp\/v2\/types\/product"}],"replies":[{"embeddable":true,"href":"https:\/\/cinier-b.com\/pro\/wp-json\/wp\/v2\/comments?post=1207"}],"wp:featuredmedia":[{"embeddable":true,"href":"https:\/\/cinier-b.com\/pro\/wp-json\/wp\/v2\/media\/8143"}],"wp:attachment":[{"href":"https:\/\/cinier-b.com\/pro\/wp-json\/wp\/v2\/media?parent=1207"}],"wp:term":[{"taxonomy":"product_brand","embeddable":true,"href":"https:\/\/cinier-b.com\/pro\/wp-json\/wp\/v2\/product_brand?post=1207"},{"taxonomy":"product_cat","embeddable":true,"href":"https:\/\/cinier-b.com\/pro\/wp-json\/wp\/v2\/product_cat?post=1207"},{"taxonomy":"product_tag","embeddable":true,"href":"https:\/\/cinier-b.com\/pro\/wp-json\/wp\/v2\/product_tag?post=1207"}],"curies":[{"name":"wp","href":"https:\/\/api.w.org\/{rel}","templated":true}]}}