{"id":1068,"date":"2013-12-10T09:16:02","date_gmt":"2013-12-10T08:16:02","guid":{"rendered":"https:\/\/professionnels.cinier-b.com\/produit\/carotte-huile-de-maceration-bio\/"},"modified":"2026-04-20T10:55:37","modified_gmt":"2026-04-20T08:55:37","slug":"carotte-huile-de-maceration-bio","status":"publish","type":"product","link":"https:\/\/cinier-b.com\/pro\/boutique\/soins-du-corps-frictions-de-sante\/huiles-vegetales\/carotte-huile-de-maceration-bio\/","title":{"rendered":"CAROTTE BIO &#8211; illuminateur de teint &#038; Assouplit &#8211; tonifie la peau"},"content":{"rendered":"<p>L&rsquo;huile de Carotte est obtenue par mac\u00e9ration d&rsquo;extrait de carotte dans de l&rsquo;huile vierge de Tournesol BIO . C&rsquo;est donc une huile de mac\u00e9ration.<br \/>\nElle favorise et entretient le bronzage gr\u00e2ce \u00e0 sa richesse en provitamine A (B\u00e9ta-carot\u00e8ne) en am\u00e9liorant et renfor\u00e7ant la r\u00e9sistance de la peau.<br \/>\nElle assouplit l\u2019\u00e9piderme, donne \u00e9clat et bonne mine, elle est recommand\u00e9e pour les peaux tr\u00e8s s\u00e8ches et contre les dartres et l\u2019ecz\u00e9ma.<\/p>\n<p>Gr\u00e2ce \u00e0 tous les principes actifs de la carotte solubles dans l&rsquo;huile et notamment le B\u00e9ta-carot\u00e8ne, elle favorise le bronzage et donne bonne mine.<\/p>\n<p>M\u00e9lang\u00e9e avec une \u00e9mulsion corporelle, elle est tr\u00e8s efficace pour les peaux fragiles et s\u00e8ches. Elle lutte efficacement contre les dartres et l&rsquo; ecz\u00e9ma.<br \/>\nRiche et onctueuse, elle s&rsquo;absorbe totalement, apporte un toucher sec et laisse la peau mate, douce, nourrit et unifie le teint.<\/p>\n<ul>\n<li>100 % du total des ingr\u00e9dients sont d\u2019origine naturelle<\/li>\n<li>98,4 % du total des ingr\u00e9dients sont issus de l\u2019Agriculture Biologique<\/li>\n<li>Huile alimentaire Biologique certifi\u00e9e Ecocert FR-BIO-01<\/li>\n<\/ul>\n<p><img loading=\"lazy\" decoding=\"async\" class=\"alignnone size-full wp-image-3933\" src=\"https:\/\/cinier-b.com\/particuliers\/wp-content\/uploads\/2019\/09\/ECOCERT-AB.jpg\" sizes=\"(max-width: 80px) 100vw, 80px\" srcset=\"https:\/\/cinier-b.com\/particuliers\/wp-content\/uploads\/2019\/09\/ECOCERT-AB.jpg 80w, https:\/\/cinier-b.com\/particuliers\/wp-content\/uploads\/2019\/09\/ECOCERT-AB-64x25.jpg 64w\" alt=\"\" width=\"80\" height=\"31\" \/>\u00a0 Les produits portant la mention BIO sont issus de l\u2019Agriculture Biologique et certifi\u00e9s par ECOCERT FR-BIO-01<\/p>\n<blockquote>\n<h2>Principaux constituants<\/h2>\n<\/blockquote>\n<ul>\n<li>Acide ol\u00e9ique (18,7 \u00e0 37,4%)<\/li>\n<li>Acide linol\u00e9ique ( 51,9 \u00e0 68,1%)<\/li>\n<li>Insaponifiable<\/li>\n<li>B\u00e9ta-carot\u00e8nes<\/li>\n<\/ul>\n<blockquote>\n<h2>Caract\u00e9ristiques organoleptiques<\/h2>\n<\/blockquote>\n<ul>\n<li>Odeur agr\u00e9able, caract\u00e9ristique de la plante<\/li>\n<li>Couleur: Orange \u00e0 rouge<\/li>\n<\/ul>\n","protected":false},"excerpt":{"rendered":"<blockquote>\n<h4><b>Assouplit l\u2019\u00e9piderme, donne \u00e9clat et bonne mine<\/b><\/h4>\n<\/blockquote>\n<p>Flacon 100 et 500ml<\/p>\n","protected":false},"featured_media":10651,"comment_status":"open","ping_status":"closed","template":"","meta":[],"product_brand":[],"product_cat":[24,46],"product_tag":[],"class_list":{"0":"post-1068","1":"product","2":"type-product","3":"status-publish","4":"has-post-thumbnail","6":"product_cat-huiles-vegetales","7":"product_cat-pour-le-soin-et-la-beaute","9":"first","10":"instock","11":"taxable","12":"shipping-taxable","13":"purchasable","14":"product-type-variable"},"yoast_head":"<!-- This site is optimized with the Yoast SEO plugin v25.0 - https:\/\/yoast.com\/wordpress\/plugins\/seo\/ -->\n<title>CAROTTE BIO - illuminateur de teint &amp; Assouplit - tonifie la peau - Cinier-B pour Professionnels<\/title>\n<meta name=\"robots\" content=\"index, follow, max-snippet:-1, max-image-preview:large, max-video-preview:-1\" \/>\n<link rel=\"canonical\" href=\"https:\/\/cinier-b.com\/pro\/boutique\/soins-du-corps-frictions-de-sante\/huiles-vegetales\/carotte-huile-de-maceration-bio\/\" \/>\n<meta property=\"og:locale\" content=\"fr_FR\" \/>\n<meta property=\"og:type\" content=\"article\" \/>\n<meta property=\"og:title\" content=\"CAROTTE BIO - illuminateur de teint &amp; Assouplit - tonifie la peau - Cinier-B pour Professionnels\" \/>\n<meta property=\"og:description\" content=\"Assouplit l\u2019\u00e9piderme, donne \u00e9clat et bonne mine  Flacon 100 et 500ml\" \/>\n<meta property=\"og:url\" content=\"https:\/\/cinier-b.com\/pro\/boutique\/soins-du-corps-frictions-de-sante\/huiles-vegetales\/carotte-huile-de-maceration-bio\/\" \/>\n<meta property=\"og:site_name\" content=\"Cinier-B pour Professionnels\" \/>\n<meta property=\"article:modified_time\" content=\"2026-04-20T08:55:37+00:00\" \/>\n<meta property=\"og:image\" content=\"https:\/\/cinier-b.com\/pro\/wp-content\/uploads\/2013\/12\/Visuels-produits-cinier-16.png\" \/>\n\t<meta property=\"og:image:width\" content=\"1200\" \/>\n\t<meta property=\"og:image:height\" content=\"1200\" \/>\n\t<meta property=\"og:image:type\" content=\"image\/png\" \/>\n<meta name=\"twitter:card\" content=\"summary_large_image\" \/>\n<meta name=\"twitter:label1\" content=\"Dur\u00e9e de lecture estim\u00e9e\" \/>\n\t<meta name=\"twitter:data1\" content=\"2 minutes\" \/>\n<script type=\"application\/ld+json\" class=\"yoast-schema-graph\">{\"@context\":\"https:\/\/schema.org\",\"@graph\":[{\"@type\":\"WebPage\",\"@id\":\"https:\/\/cinier-b.com\/pro\/boutique\/soins-du-corps-frictions-de-sante\/huiles-vegetales\/carotte-huile-de-maceration-bio\/\",\"url\":\"https:\/\/cinier-b.com\/pro\/boutique\/soins-du-corps-frictions-de-sante\/huiles-vegetales\/carotte-huile-de-maceration-bio\/\",\"name\":\"CAROTTE BIO - illuminateur de teint & Assouplit - tonifie la peau - Cinier-B pour Professionnels\",\"isPartOf\":{\"@id\":\"https:\/\/cinier-b.com\/pro\/#website\"},\"primaryImageOfPage\":{\"@id\":\"https:\/\/cinier-b.com\/pro\/boutique\/soins-du-corps-frictions-de-sante\/huiles-vegetales\/carotte-huile-de-maceration-bio\/#primaryimage\"},\"image\":{\"@id\":\"https:\/\/cinier-b.com\/pro\/boutique\/soins-du-corps-frictions-de-sante\/huiles-vegetales\/carotte-huile-de-maceration-bio\/#primaryimage\"},\"thumbnailUrl\":\"https:\/\/cinier-b.com\/pro\/wp-content\/uploads\/2013\/12\/Visuels-produits-cinier-16.png\",\"datePublished\":\"2013-12-10T08:16:02+00:00\",\"dateModified\":\"2026-04-20T08:55:37+00:00\",\"breadcrumb\":{\"@id\":\"https:\/\/cinier-b.com\/pro\/boutique\/soins-du-corps-frictions-de-sante\/huiles-vegetales\/carotte-huile-de-maceration-bio\/#breadcrumb\"},\"inLanguage\":\"fr-FR\",\"potentialAction\":[{\"@type\":\"ReadAction\",\"target\":[\"https:\/\/cinier-b.com\/pro\/boutique\/soins-du-corps-frictions-de-sante\/huiles-vegetales\/carotte-huile-de-maceration-bio\/\"]}]},{\"@type\":\"ImageObject\",\"inLanguage\":\"fr-FR\",\"@id\":\"https:\/\/cinier-b.com\/pro\/boutique\/soins-du-corps-frictions-de-sante\/huiles-vegetales\/carotte-huile-de-maceration-bio\/#primaryimage\",\"url\":\"https:\/\/cinier-b.com\/pro\/wp-content\/uploads\/2013\/12\/Visuels-produits-cinier-16.png\",\"contentUrl\":\"https:\/\/cinier-b.com\/pro\/wp-content\/uploads\/2013\/12\/Visuels-produits-cinier-16.png\",\"width\":1200,\"height\":1200},{\"@type\":\"BreadcrumbList\",\"@id\":\"https:\/\/cinier-b.com\/pro\/boutique\/soins-du-corps-frictions-de-sante\/huiles-vegetales\/carotte-huile-de-maceration-bio\/#breadcrumb\",\"itemListElement\":[{\"@type\":\"ListItem\",\"position\":1,\"name\":\"Accueil\",\"item\":\"https:\/\/cinier-b.com\/pro\/accueil\/\"},{\"@type\":\"ListItem\",\"position\":2,\"name\":\"Boutique\",\"item\":\"https:\/\/cinier-b.com\/pro\/boutique\/\"},{\"@type\":\"ListItem\",\"position\":3,\"name\":\"CAROTTE BIO &#8211; illuminateur de teint &#038; Assouplit &#8211; tonifie la peau\"}]},{\"@type\":\"WebSite\",\"@id\":\"https:\/\/cinier-b.com\/pro\/#website\",\"url\":\"https:\/\/cinier-b.com\/pro\/\",\"name\":\"Cinier-B pour Professionnels\",\"description\":\"Laboratoires Cinier-B\",\"potentialAction\":[{\"@type\":\"SearchAction\",\"target\":{\"@type\":\"EntryPoint\",\"urlTemplate\":\"https:\/\/cinier-b.com\/pro\/?s={search_term_string}\"},\"query-input\":{\"@type\":\"PropertyValueSpecification\",\"valueRequired\":true,\"valueName\":\"search_term_string\"}}],\"inLanguage\":\"fr-FR\"}]}<\/script>\n<!-- \/ Yoast SEO plugin. -->","yoast_head_json":{"title":"CAROTTE BIO - illuminateur de teint & Assouplit - tonifie la peau - Cinier-B pour Professionnels","robots":{"index":"index","follow":"follow","max-snippet":"max-snippet:-1","max-image-preview":"max-image-preview:large","max-video-preview":"max-video-preview:-1"},"canonical":"https:\/\/cinier-b.com\/pro\/boutique\/soins-du-corps-frictions-de-sante\/huiles-vegetales\/carotte-huile-de-maceration-bio\/","og_locale":"fr_FR","og_type":"article","og_title":"CAROTTE BIO - illuminateur de teint & Assouplit - tonifie la peau - Cinier-B pour Professionnels","og_description":"Assouplit l\u2019\u00e9piderme, donne \u00e9clat et bonne mine  Flacon 100 et 500ml","og_url":"https:\/\/cinier-b.com\/pro\/boutique\/soins-du-corps-frictions-de-sante\/huiles-vegetales\/carotte-huile-de-maceration-bio\/","og_site_name":"Cinier-B pour Professionnels","article_modified_time":"2026-04-20T08:55:37+00:00","og_image":[{"width":1200,"height":1200,"url":"https:\/\/cinier-b.com\/pro\/wp-content\/uploads\/2013\/12\/Visuels-produits-cinier-16.png","type":"image\/png"}],"twitter_card":"summary_large_image","twitter_misc":{"Dur\u00e9e de lecture estim\u00e9e":"2 minutes"},"schema":{"@context":"https:\/\/schema.org","@graph":[{"@type":"WebPage","@id":"https:\/\/cinier-b.com\/pro\/boutique\/soins-du-corps-frictions-de-sante\/huiles-vegetales\/carotte-huile-de-maceration-bio\/","url":"https:\/\/cinier-b.com\/pro\/boutique\/soins-du-corps-frictions-de-sante\/huiles-vegetales\/carotte-huile-de-maceration-bio\/","name":"CAROTTE BIO - illuminateur de teint & Assouplit - tonifie la peau - Cinier-B pour Professionnels","isPartOf":{"@id":"https:\/\/cinier-b.com\/pro\/#website"},"primaryImageOfPage":{"@id":"https:\/\/cinier-b.com\/pro\/boutique\/soins-du-corps-frictions-de-sante\/huiles-vegetales\/carotte-huile-de-maceration-bio\/#primaryimage"},"image":{"@id":"https:\/\/cinier-b.com\/pro\/boutique\/soins-du-corps-frictions-de-sante\/huiles-vegetales\/carotte-huile-de-maceration-bio\/#primaryimage"},"thumbnailUrl":"https:\/\/cinier-b.com\/pro\/wp-content\/uploads\/2013\/12\/Visuels-produits-cinier-16.png","datePublished":"2013-12-10T08:16:02+00:00","dateModified":"2026-04-20T08:55:37+00:00","breadcrumb":{"@id":"https:\/\/cinier-b.com\/pro\/boutique\/soins-du-corps-frictions-de-sante\/huiles-vegetales\/carotte-huile-de-maceration-bio\/#breadcrumb"},"inLanguage":"fr-FR","potentialAction":[{"@type":"ReadAction","target":["https:\/\/cinier-b.com\/pro\/boutique\/soins-du-corps-frictions-de-sante\/huiles-vegetales\/carotte-huile-de-maceration-bio\/"]}]},{"@type":"ImageObject","inLanguage":"fr-FR","@id":"https:\/\/cinier-b.com\/pro\/boutique\/soins-du-corps-frictions-de-sante\/huiles-vegetales\/carotte-huile-de-maceration-bio\/#primaryimage","url":"https:\/\/cinier-b.com\/pro\/wp-content\/uploads\/2013\/12\/Visuels-produits-cinier-16.png","contentUrl":"https:\/\/cinier-b.com\/pro\/wp-content\/uploads\/2013\/12\/Visuels-produits-cinier-16.png","width":1200,"height":1200},{"@type":"BreadcrumbList","@id":"https:\/\/cinier-b.com\/pro\/boutique\/soins-du-corps-frictions-de-sante\/huiles-vegetales\/carotte-huile-de-maceration-bio\/#breadcrumb","itemListElement":[{"@type":"ListItem","position":1,"name":"Accueil","item":"https:\/\/cinier-b.com\/pro\/accueil\/"},{"@type":"ListItem","position":2,"name":"Boutique","item":"https:\/\/cinier-b.com\/pro\/boutique\/"},{"@type":"ListItem","position":3,"name":"CAROTTE BIO &#8211; illuminateur de teint &#038; Assouplit &#8211; tonifie la peau"}]},{"@type":"WebSite","@id":"https:\/\/cinier-b.com\/pro\/#website","url":"https:\/\/cinier-b.com\/pro\/","name":"Cinier-B pour Professionnels","description":"Laboratoires Cinier-B","potentialAction":[{"@type":"SearchAction","target":{"@type":"EntryPoint","urlTemplate":"https:\/\/cinier-b.com\/pro\/?s={search_term_string}"},"query-input":{"@type":"PropertyValueSpecification","valueRequired":true,"valueName":"search_term_string"}}],"inLanguage":"fr-FR"}]}},"_links":{"self":[{"href":"https:\/\/cinier-b.com\/pro\/wp-json\/wp\/v2\/product\/1068"}],"collection":[{"href":"https:\/\/cinier-b.com\/pro\/wp-json\/wp\/v2\/product"}],"about":[{"href":"https:\/\/cinier-b.com\/pro\/wp-json\/wp\/v2\/types\/product"}],"replies":[{"embeddable":true,"href":"https:\/\/cinier-b.com\/pro\/wp-json\/wp\/v2\/comments?post=1068"}],"wp:featuredmedia":[{"embeddable":true,"href":"https:\/\/cinier-b.com\/pro\/wp-json\/wp\/v2\/media\/10651"}],"wp:attachment":[{"href":"https:\/\/cinier-b.com\/pro\/wp-json\/wp\/v2\/media?parent=1068"}],"wp:term":[{"taxonomy":"product_brand","embeddable":true,"href":"https:\/\/cinier-b.com\/pro\/wp-json\/wp\/v2\/product_brand?post=1068"},{"taxonomy":"product_cat","embeddable":true,"href":"https:\/\/cinier-b.com\/pro\/wp-json\/wp\/v2\/product_cat?post=1068"},{"taxonomy":"product_tag","embeddable":true,"href":"https:\/\/cinier-b.com\/pro\/wp-json\/wp\/v2\/product_tag?post=1068"}],"curies":[{"name":"wp","href":"https:\/\/api.w.org\/{rel}","templated":true}]}}