{"id":1055,"date":"2013-12-04T20:53:30","date_gmt":"2013-12-04T19:53:30","guid":{"rendered":"https:\/\/professionnels.cinier-b.com\/produit\/avocat-bio\/"},"modified":"2026-04-20T10:42:44","modified_gmt":"2026-04-20T08:42:44","slug":"avocat-bio","status":"publish","type":"product","link":"https:\/\/cinier-b.com\/pro\/boutique\/soins-du-corps-frictions-de-sante\/huiles-vegetales\/avocat-bio\/","title":{"rendered":"AVOCAT BIO &#8211; R\u00e9g\u00e9n\u00e9rante &#038; Restructurant"},"content":{"rendered":"<p>Vierge de 1\u00e8re pression \u00e0 froid, l&rsquo;huile d&rsquo;Avocat BIO est obtenue \u00e0 partir de la pulpe de l&rsquo;avocat Persea gratissima. Origine Nouvelle Z\u00e9lande certifi\u00e9e.<\/p>\n<p>Elle contient 3% d&rsquo;insaponifiables et des vitamines A,D,E . Gr\u00e2ce \u00e0 ses composants qui ont une action remarquable sur les radicaux libres, elle a des propri\u00e9t\u00e9s anti-vieillissement.\u00a0 Elle favorise la r\u00e9g\u00e9n\u00e9ration cellulaire, redonne \u00e9lasticit\u00e9, nourrit, prot\u00e8ge,assouplit, hydrate*.<\/p>\n<p>Parfaite pour les peaux dess\u00e9ch\u00e9es et pr\u00e9sentant des verg\u00e9tures ainsi que dans les soins des cheveux secs.\u00a0 Tr\u00e8s \u00e9paisse, il est conseill\u00e9 de l&rsquo;utiliser dilu\u00e9e avec une autre huile(ex: Rosier-muscat). A mettre dans toute pr\u00e9paration anti-rides.<\/p>\n<p>*hydratation des couches superficielles de l\u2019\u00e9piderme<\/p>\n<blockquote>\n<h2>Principaux constituants<\/h2>\n<\/blockquote>\n<ul>\n<li>insaponifiables ( 3%)<\/li>\n<li>Acide ol\u00e9ique (45 \u00e0 75%)<\/li>\n<li>Acide palmitique (15 \u00e0 22% )<\/li>\n<li>Acide linol\u00e9ique (10 \u00e0 15%)<\/li>\n<li>Acide palmitol\u00e9ique ( 5 \u00e0 12%)<\/li>\n<\/ul>\n<blockquote>\n<h2>Caract\u00e9ristiques organoleptiques<\/h2>\n<\/blockquote>\n<ul>\n<li>Odeur caract\u00e9ristique douce, butyrique<\/li>\n<li>Couleur: Vert \u00e0 brun<\/li>\n<\/ul>\n<p><img loading=\"lazy\" decoding=\"async\" class=\"alignnone size-full wp-image-3933\" src=\"https:\/\/cinier-b.com\/particuliers\/wp-content\/uploads\/2019\/09\/ECOCERT-AB.jpg\" sizes=\"(max-width: 80px) 100vw, 80px\" srcset=\"https:\/\/cinier-b.com\/particuliers\/wp-content\/uploads\/2019\/09\/ECOCERT-AB.jpg 80w, https:\/\/cinier-b.com\/particuliers\/wp-content\/uploads\/2019\/09\/ECOCERT-AB-64x25.jpg 64w\" alt=\"\" width=\"80\" height=\"31\" \/>\u00a0Les produits portant la mention BIO sont issus de l\u2019Agriculture Biologique et certifi\u00e9s par ECOCERT FR-BIO-01<\/p>\n","protected":false},"excerpt":{"rendered":"<blockquote>\n<h4><b>Favorise la r\u00e9g\u00e9n\u00e9ration cellulaire<\/b><\/h4>\n<\/blockquote>\n<p>Flacon 125 et 500ml<\/p>\n","protected":false},"featured_media":10647,"comment_status":"open","ping_status":"closed","template":"","meta":[],"product_brand":[],"product_cat":[24,46],"product_tag":[],"class_list":{"0":"post-1055","1":"product","2":"type-product","3":"status-publish","4":"has-post-thumbnail","6":"product_cat-huiles-vegetales","7":"product_cat-pour-le-soin-et-la-beaute","9":"first","10":"instock","11":"taxable","12":"shipping-taxable","13":"purchasable","14":"product-type-variable"},"yoast_head":"<!-- This site is optimized with the Yoast SEO plugin v25.0 - https:\/\/yoast.com\/wordpress\/plugins\/seo\/ -->\n<title>AVOCAT BIO - R\u00e9g\u00e9n\u00e9rante &amp; Restructurant - Cinier-B pour Professionnels<\/title>\n<meta name=\"robots\" content=\"index, follow, max-snippet:-1, max-image-preview:large, max-video-preview:-1\" \/>\n<link rel=\"canonical\" href=\"https:\/\/cinier-b.com\/pro\/boutique\/soins-du-corps-frictions-de-sante\/huiles-vegetales\/avocat-bio\/\" \/>\n<meta property=\"og:locale\" content=\"fr_FR\" \/>\n<meta property=\"og:type\" content=\"article\" \/>\n<meta property=\"og:title\" content=\"AVOCAT BIO - R\u00e9g\u00e9n\u00e9rante &amp; Restructurant - Cinier-B pour Professionnels\" \/>\n<meta property=\"og:description\" content=\"Favorise la r\u00e9g\u00e9n\u00e9ration cellulaire  Flacon 125 et 500ml\" \/>\n<meta property=\"og:url\" content=\"https:\/\/cinier-b.com\/pro\/boutique\/soins-du-corps-frictions-de-sante\/huiles-vegetales\/avocat-bio\/\" \/>\n<meta property=\"og:site_name\" content=\"Cinier-B pour Professionnels\" \/>\n<meta property=\"article:modified_time\" content=\"2026-04-20T08:42:44+00:00\" \/>\n<meta property=\"og:image\" content=\"https:\/\/cinier-b.com\/pro\/wp-content\/uploads\/2013\/12\/Visuels-produits-cinier-12.png\" \/>\n\t<meta property=\"og:image:width\" content=\"1200\" \/>\n\t<meta property=\"og:image:height\" content=\"1200\" \/>\n\t<meta property=\"og:image:type\" content=\"image\/png\" \/>\n<meta name=\"twitter:card\" content=\"summary_large_image\" \/>\n<meta name=\"twitter:label1\" content=\"Dur\u00e9e de lecture estim\u00e9e\" \/>\n\t<meta name=\"twitter:data1\" content=\"1 minute\" \/>\n<script type=\"application\/ld+json\" class=\"yoast-schema-graph\">{\"@context\":\"https:\/\/schema.org\",\"@graph\":[{\"@type\":\"WebPage\",\"@id\":\"https:\/\/cinier-b.com\/pro\/boutique\/soins-du-corps-frictions-de-sante\/huiles-vegetales\/avocat-bio\/\",\"url\":\"https:\/\/cinier-b.com\/pro\/boutique\/soins-du-corps-frictions-de-sante\/huiles-vegetales\/avocat-bio\/\",\"name\":\"AVOCAT BIO - R\u00e9g\u00e9n\u00e9rante & Restructurant - Cinier-B pour Professionnels\",\"isPartOf\":{\"@id\":\"https:\/\/cinier-b.com\/pro\/#website\"},\"primaryImageOfPage\":{\"@id\":\"https:\/\/cinier-b.com\/pro\/boutique\/soins-du-corps-frictions-de-sante\/huiles-vegetales\/avocat-bio\/#primaryimage\"},\"image\":{\"@id\":\"https:\/\/cinier-b.com\/pro\/boutique\/soins-du-corps-frictions-de-sante\/huiles-vegetales\/avocat-bio\/#primaryimage\"},\"thumbnailUrl\":\"https:\/\/cinier-b.com\/pro\/wp-content\/uploads\/2013\/12\/Visuels-produits-cinier-12.png\",\"datePublished\":\"2013-12-04T19:53:30+00:00\",\"dateModified\":\"2026-04-20T08:42:44+00:00\",\"breadcrumb\":{\"@id\":\"https:\/\/cinier-b.com\/pro\/boutique\/soins-du-corps-frictions-de-sante\/huiles-vegetales\/avocat-bio\/#breadcrumb\"},\"inLanguage\":\"fr-FR\",\"potentialAction\":[{\"@type\":\"ReadAction\",\"target\":[\"https:\/\/cinier-b.com\/pro\/boutique\/soins-du-corps-frictions-de-sante\/huiles-vegetales\/avocat-bio\/\"]}]},{\"@type\":\"ImageObject\",\"inLanguage\":\"fr-FR\",\"@id\":\"https:\/\/cinier-b.com\/pro\/boutique\/soins-du-corps-frictions-de-sante\/huiles-vegetales\/avocat-bio\/#primaryimage\",\"url\":\"https:\/\/cinier-b.com\/pro\/wp-content\/uploads\/2013\/12\/Visuels-produits-cinier-12.png\",\"contentUrl\":\"https:\/\/cinier-b.com\/pro\/wp-content\/uploads\/2013\/12\/Visuels-produits-cinier-12.png\",\"width\":1200,\"height\":1200},{\"@type\":\"BreadcrumbList\",\"@id\":\"https:\/\/cinier-b.com\/pro\/boutique\/soins-du-corps-frictions-de-sante\/huiles-vegetales\/avocat-bio\/#breadcrumb\",\"itemListElement\":[{\"@type\":\"ListItem\",\"position\":1,\"name\":\"Accueil\",\"item\":\"https:\/\/cinier-b.com\/pro\/accueil\/\"},{\"@type\":\"ListItem\",\"position\":2,\"name\":\"Boutique\",\"item\":\"https:\/\/cinier-b.com\/pro\/boutique\/\"},{\"@type\":\"ListItem\",\"position\":3,\"name\":\"AVOCAT BIO &#8211; R\u00e9g\u00e9n\u00e9rante &#038; Restructurant\"}]},{\"@type\":\"WebSite\",\"@id\":\"https:\/\/cinier-b.com\/pro\/#website\",\"url\":\"https:\/\/cinier-b.com\/pro\/\",\"name\":\"Cinier-B pour Professionnels\",\"description\":\"Laboratoires Cinier-B\",\"potentialAction\":[{\"@type\":\"SearchAction\",\"target\":{\"@type\":\"EntryPoint\",\"urlTemplate\":\"https:\/\/cinier-b.com\/pro\/?s={search_term_string}\"},\"query-input\":{\"@type\":\"PropertyValueSpecification\",\"valueRequired\":true,\"valueName\":\"search_term_string\"}}],\"inLanguage\":\"fr-FR\"}]}<\/script>\n<!-- \/ Yoast SEO plugin. -->","yoast_head_json":{"title":"AVOCAT BIO - R\u00e9g\u00e9n\u00e9rante & Restructurant - Cinier-B pour Professionnels","robots":{"index":"index","follow":"follow","max-snippet":"max-snippet:-1","max-image-preview":"max-image-preview:large","max-video-preview":"max-video-preview:-1"},"canonical":"https:\/\/cinier-b.com\/pro\/boutique\/soins-du-corps-frictions-de-sante\/huiles-vegetales\/avocat-bio\/","og_locale":"fr_FR","og_type":"article","og_title":"AVOCAT BIO - R\u00e9g\u00e9n\u00e9rante & Restructurant - Cinier-B pour Professionnels","og_description":"Favorise la r\u00e9g\u00e9n\u00e9ration cellulaire  Flacon 125 et 500ml","og_url":"https:\/\/cinier-b.com\/pro\/boutique\/soins-du-corps-frictions-de-sante\/huiles-vegetales\/avocat-bio\/","og_site_name":"Cinier-B pour Professionnels","article_modified_time":"2026-04-20T08:42:44+00:00","og_image":[{"width":1200,"height":1200,"url":"https:\/\/cinier-b.com\/pro\/wp-content\/uploads\/2013\/12\/Visuels-produits-cinier-12.png","type":"image\/png"}],"twitter_card":"summary_large_image","twitter_misc":{"Dur\u00e9e de lecture estim\u00e9e":"1 minute"},"schema":{"@context":"https:\/\/schema.org","@graph":[{"@type":"WebPage","@id":"https:\/\/cinier-b.com\/pro\/boutique\/soins-du-corps-frictions-de-sante\/huiles-vegetales\/avocat-bio\/","url":"https:\/\/cinier-b.com\/pro\/boutique\/soins-du-corps-frictions-de-sante\/huiles-vegetales\/avocat-bio\/","name":"AVOCAT BIO - R\u00e9g\u00e9n\u00e9rante & Restructurant - Cinier-B pour Professionnels","isPartOf":{"@id":"https:\/\/cinier-b.com\/pro\/#website"},"primaryImageOfPage":{"@id":"https:\/\/cinier-b.com\/pro\/boutique\/soins-du-corps-frictions-de-sante\/huiles-vegetales\/avocat-bio\/#primaryimage"},"image":{"@id":"https:\/\/cinier-b.com\/pro\/boutique\/soins-du-corps-frictions-de-sante\/huiles-vegetales\/avocat-bio\/#primaryimage"},"thumbnailUrl":"https:\/\/cinier-b.com\/pro\/wp-content\/uploads\/2013\/12\/Visuels-produits-cinier-12.png","datePublished":"2013-12-04T19:53:30+00:00","dateModified":"2026-04-20T08:42:44+00:00","breadcrumb":{"@id":"https:\/\/cinier-b.com\/pro\/boutique\/soins-du-corps-frictions-de-sante\/huiles-vegetales\/avocat-bio\/#breadcrumb"},"inLanguage":"fr-FR","potentialAction":[{"@type":"ReadAction","target":["https:\/\/cinier-b.com\/pro\/boutique\/soins-du-corps-frictions-de-sante\/huiles-vegetales\/avocat-bio\/"]}]},{"@type":"ImageObject","inLanguage":"fr-FR","@id":"https:\/\/cinier-b.com\/pro\/boutique\/soins-du-corps-frictions-de-sante\/huiles-vegetales\/avocat-bio\/#primaryimage","url":"https:\/\/cinier-b.com\/pro\/wp-content\/uploads\/2013\/12\/Visuels-produits-cinier-12.png","contentUrl":"https:\/\/cinier-b.com\/pro\/wp-content\/uploads\/2013\/12\/Visuels-produits-cinier-12.png","width":1200,"height":1200},{"@type":"BreadcrumbList","@id":"https:\/\/cinier-b.com\/pro\/boutique\/soins-du-corps-frictions-de-sante\/huiles-vegetales\/avocat-bio\/#breadcrumb","itemListElement":[{"@type":"ListItem","position":1,"name":"Accueil","item":"https:\/\/cinier-b.com\/pro\/accueil\/"},{"@type":"ListItem","position":2,"name":"Boutique","item":"https:\/\/cinier-b.com\/pro\/boutique\/"},{"@type":"ListItem","position":3,"name":"AVOCAT BIO &#8211; R\u00e9g\u00e9n\u00e9rante &#038; Restructurant"}]},{"@type":"WebSite","@id":"https:\/\/cinier-b.com\/pro\/#website","url":"https:\/\/cinier-b.com\/pro\/","name":"Cinier-B pour Professionnels","description":"Laboratoires Cinier-B","potentialAction":[{"@type":"SearchAction","target":{"@type":"EntryPoint","urlTemplate":"https:\/\/cinier-b.com\/pro\/?s={search_term_string}"},"query-input":{"@type":"PropertyValueSpecification","valueRequired":true,"valueName":"search_term_string"}}],"inLanguage":"fr-FR"}]}},"_links":{"self":[{"href":"https:\/\/cinier-b.com\/pro\/wp-json\/wp\/v2\/product\/1055"}],"collection":[{"href":"https:\/\/cinier-b.com\/pro\/wp-json\/wp\/v2\/product"}],"about":[{"href":"https:\/\/cinier-b.com\/pro\/wp-json\/wp\/v2\/types\/product"}],"replies":[{"embeddable":true,"href":"https:\/\/cinier-b.com\/pro\/wp-json\/wp\/v2\/comments?post=1055"}],"wp:featuredmedia":[{"embeddable":true,"href":"https:\/\/cinier-b.com\/pro\/wp-json\/wp\/v2\/media\/10647"}],"wp:attachment":[{"href":"https:\/\/cinier-b.com\/pro\/wp-json\/wp\/v2\/media?parent=1055"}],"wp:term":[{"taxonomy":"product_brand","embeddable":true,"href":"https:\/\/cinier-b.com\/pro\/wp-json\/wp\/v2\/product_brand?post=1055"},{"taxonomy":"product_cat","embeddable":true,"href":"https:\/\/cinier-b.com\/pro\/wp-json\/wp\/v2\/product_cat?post=1055"},{"taxonomy":"product_tag","embeddable":true,"href":"https:\/\/cinier-b.com\/pro\/wp-json\/wp\/v2\/product_tag?post=1055"}],"curies":[{"name":"wp","href":"https:\/\/api.w.org\/{rel}","templated":true}]}}