{"id":10519,"date":"2026-01-19T16:32:47","date_gmt":"2026-01-19T15:32:47","guid":{"rendered":"https:\/\/cinier-b.com\/pro\/?post_type=product&#038;p=10519"},"modified":"2026-01-21T11:01:10","modified_gmt":"2026-01-21T10:01:10","slug":"pack-myconea-10x10ml","status":"publish","type":"product","link":"https:\/\/cinier-b.com\/pro\/boutique\/nos-packs\/pour-les-soins-podologiques\/pack-myconea-10x10ml\/","title":{"rendered":"Pack Myconea 10x10ml"},"content":{"rendered":"<p><strong>MYCONEA (ex Sp\u00e9cialit\u00e9 N\u00b02 PRO &#8211; Antifongique Ungu\u00e9al, 100 % huiles essentielles) <\/strong>est destin\u00e9e \u00e0 la prise en charge des mycoses ungu\u00e9ales. Elle s\u2019applique localement sur l\u2019ongle nu et peut \u00eatre int\u00e9gr\u00e9e dans un protocole de suivi, avec la possibilit\u00e9 de recommander le bior\u00e9g\u00e9n\u00e9rateur ungu\u00e9al Onycare afin de favoriser la repousse. Elle est compos\u00e9e d\u2019huiles essentielles s\u00e9lectionn\u00e9es pour leur action cibl\u00e9e (lavande aspic, monarde fistuleuse, palmarosa, bois de h\u00f4, g\u00e9ranium, sarriette des montagnes, v\u00e9tiver, laurier noble).<\/p>\n","protected":false},"excerpt":{"rendered":"<p><span class=\"a_GcMg font-feature-liga-off font-feature-clig-off font-feature-calt-off text-decoration-none text-strikethrough-none\">Pack 10x10ml. Soin assainissant de la zone ungu\u00e9ale de l\u2019ongle fragilis\u00e9 par une mycose.<\/span><\/p>\n","protected":false},"featured_media":10521,"comment_status":"open","ping_status":"closed","template":"","meta":[],"product_brand":[],"product_cat":[169,148,163,167,136,96,33],"product_tag":[],"class_list":{"0":"post-10519","1":"product","2":"type-product","3":"status-publish","4":"has-post-thumbnail","6":"product_cat-decouvrez-nos-packs","7":"product_cat-n2-pro-antifongique-ungueal","8":"product_cat-nos-packs","9":"product_cat-pour-les-soins-podologiques","10":"product_cat-specialites-podologiques-promotions","11":"product_cat-pedicurie-podologie","12":"product_cat-specialites-podologiques","14":"first","15":"instock","16":"taxable","17":"shipping-taxable","18":"purchasable","19":"product-type-simple"},"yoast_head":"<!-- This site is optimized with the Yoast SEO plugin v25.0 - https:\/\/yoast.com\/wordpress\/plugins\/seo\/ -->\n<title>Pack Myconea 10x10ml - Cinier-B pour Professionnels<\/title>\n<meta name=\"robots\" content=\"index, follow, max-snippet:-1, max-image-preview:large, max-video-preview:-1\" \/>\n<link rel=\"canonical\" href=\"https:\/\/cinier-b.com\/pro\/boutique\/nos-packs\/pour-les-soins-podologiques\/pack-myconea-10x10ml\/\" \/>\n<meta property=\"og:locale\" content=\"fr_FR\" \/>\n<meta property=\"og:type\" content=\"article\" \/>\n<meta property=\"og:title\" content=\"Pack Myconea 10x10ml - Cinier-B pour Professionnels\" \/>\n<meta property=\"og:description\" content=\"Pack 10x10ml. Soin assainissant de la zone ungu\u00e9ale de l\u2019ongle fragilis\u00e9 par une mycose.\" \/>\n<meta property=\"og:url\" content=\"https:\/\/cinier-b.com\/pro\/boutique\/nos-packs\/pour-les-soins-podologiques\/pack-myconea-10x10ml\/\" \/>\n<meta property=\"og:site_name\" content=\"Cinier-B pour Professionnels\" \/>\n<meta property=\"article:modified_time\" content=\"2026-01-21T10:01:10+00:00\" \/>\n<meta property=\"og:image\" content=\"https:\/\/cinier-b.com\/pro\/wp-content\/uploads\/2026\/01\/Myconea-2.png\" \/>\n\t<meta property=\"og:image:width\" content=\"1080\" \/>\n\t<meta property=\"og:image:height\" content=\"1080\" \/>\n\t<meta property=\"og:image:type\" content=\"image\/png\" \/>\n<meta name=\"twitter:card\" content=\"summary_large_image\" \/>\n<meta name=\"twitter:label1\" content=\"Dur\u00e9e de lecture estim\u00e9e\" \/>\n\t<meta name=\"twitter:data1\" content=\"1 minute\" \/>\n<script type=\"application\/ld+json\" class=\"yoast-schema-graph\">{\"@context\":\"https:\/\/schema.org\",\"@graph\":[{\"@type\":\"WebPage\",\"@id\":\"https:\/\/cinier-b.com\/pro\/boutique\/nos-packs\/pour-les-soins-podologiques\/pack-myconea-10x10ml\/\",\"url\":\"https:\/\/cinier-b.com\/pro\/boutique\/nos-packs\/pour-les-soins-podologiques\/pack-myconea-10x10ml\/\",\"name\":\"Pack Myconea 10x10ml - Cinier-B pour Professionnels\",\"isPartOf\":{\"@id\":\"https:\/\/cinier-b.com\/pro\/#website\"},\"primaryImageOfPage\":{\"@id\":\"https:\/\/cinier-b.com\/pro\/boutique\/nos-packs\/pour-les-soins-podologiques\/pack-myconea-10x10ml\/#primaryimage\"},\"image\":{\"@id\":\"https:\/\/cinier-b.com\/pro\/boutique\/nos-packs\/pour-les-soins-podologiques\/pack-myconea-10x10ml\/#primaryimage\"},\"thumbnailUrl\":\"https:\/\/cinier-b.com\/pro\/wp-content\/uploads\/2026\/01\/Myconea-2.png\",\"datePublished\":\"2026-01-19T15:32:47+00:00\",\"dateModified\":\"2026-01-21T10:01:10+00:00\",\"breadcrumb\":{\"@id\":\"https:\/\/cinier-b.com\/pro\/boutique\/nos-packs\/pour-les-soins-podologiques\/pack-myconea-10x10ml\/#breadcrumb\"},\"inLanguage\":\"fr-FR\",\"potentialAction\":[{\"@type\":\"ReadAction\",\"target\":[\"https:\/\/cinier-b.com\/pro\/boutique\/nos-packs\/pour-les-soins-podologiques\/pack-myconea-10x10ml\/\"]}]},{\"@type\":\"ImageObject\",\"inLanguage\":\"fr-FR\",\"@id\":\"https:\/\/cinier-b.com\/pro\/boutique\/nos-packs\/pour-les-soins-podologiques\/pack-myconea-10x10ml\/#primaryimage\",\"url\":\"https:\/\/cinier-b.com\/pro\/wp-content\/uploads\/2026\/01\/Myconea-2.png\",\"contentUrl\":\"https:\/\/cinier-b.com\/pro\/wp-content\/uploads\/2026\/01\/Myconea-2.png\",\"width\":1080,\"height\":1080},{\"@type\":\"BreadcrumbList\",\"@id\":\"https:\/\/cinier-b.com\/pro\/boutique\/nos-packs\/pour-les-soins-podologiques\/pack-myconea-10x10ml\/#breadcrumb\",\"itemListElement\":[{\"@type\":\"ListItem\",\"position\":1,\"name\":\"Accueil\",\"item\":\"https:\/\/cinier-b.com\/pro\/accueil\/\"},{\"@type\":\"ListItem\",\"position\":2,\"name\":\"Boutique\",\"item\":\"https:\/\/cinier-b.com\/pro\/boutique\/\"},{\"@type\":\"ListItem\",\"position\":3,\"name\":\"Pack Myconea 10x10ml\"}]},{\"@type\":\"WebSite\",\"@id\":\"https:\/\/cinier-b.com\/pro\/#website\",\"url\":\"https:\/\/cinier-b.com\/pro\/\",\"name\":\"Cinier-B pour Professionnels\",\"description\":\"Laboratoires Cinier-B\",\"potentialAction\":[{\"@type\":\"SearchAction\",\"target\":{\"@type\":\"EntryPoint\",\"urlTemplate\":\"https:\/\/cinier-b.com\/pro\/?s={search_term_string}\"},\"query-input\":{\"@type\":\"PropertyValueSpecification\",\"valueRequired\":true,\"valueName\":\"search_term_string\"}}],\"inLanguage\":\"fr-FR\"}]}<\/script>\n<!-- \/ Yoast SEO plugin. -->","yoast_head_json":{"title":"Pack Myconea 10x10ml - Cinier-B pour Professionnels","robots":{"index":"index","follow":"follow","max-snippet":"max-snippet:-1","max-image-preview":"max-image-preview:large","max-video-preview":"max-video-preview:-1"},"canonical":"https:\/\/cinier-b.com\/pro\/boutique\/nos-packs\/pour-les-soins-podologiques\/pack-myconea-10x10ml\/","og_locale":"fr_FR","og_type":"article","og_title":"Pack Myconea 10x10ml - Cinier-B pour Professionnels","og_description":"Pack 10x10ml. Soin assainissant de la zone ungu\u00e9ale de l\u2019ongle fragilis\u00e9 par une mycose.","og_url":"https:\/\/cinier-b.com\/pro\/boutique\/nos-packs\/pour-les-soins-podologiques\/pack-myconea-10x10ml\/","og_site_name":"Cinier-B pour Professionnels","article_modified_time":"2026-01-21T10:01:10+00:00","og_image":[{"width":1080,"height":1080,"url":"https:\/\/cinier-b.com\/pro\/wp-content\/uploads\/2026\/01\/Myconea-2.png","type":"image\/png"}],"twitter_card":"summary_large_image","twitter_misc":{"Dur\u00e9e de lecture estim\u00e9e":"1 minute"},"schema":{"@context":"https:\/\/schema.org","@graph":[{"@type":"WebPage","@id":"https:\/\/cinier-b.com\/pro\/boutique\/nos-packs\/pour-les-soins-podologiques\/pack-myconea-10x10ml\/","url":"https:\/\/cinier-b.com\/pro\/boutique\/nos-packs\/pour-les-soins-podologiques\/pack-myconea-10x10ml\/","name":"Pack Myconea 10x10ml - Cinier-B pour Professionnels","isPartOf":{"@id":"https:\/\/cinier-b.com\/pro\/#website"},"primaryImageOfPage":{"@id":"https:\/\/cinier-b.com\/pro\/boutique\/nos-packs\/pour-les-soins-podologiques\/pack-myconea-10x10ml\/#primaryimage"},"image":{"@id":"https:\/\/cinier-b.com\/pro\/boutique\/nos-packs\/pour-les-soins-podologiques\/pack-myconea-10x10ml\/#primaryimage"},"thumbnailUrl":"https:\/\/cinier-b.com\/pro\/wp-content\/uploads\/2026\/01\/Myconea-2.png","datePublished":"2026-01-19T15:32:47+00:00","dateModified":"2026-01-21T10:01:10+00:00","breadcrumb":{"@id":"https:\/\/cinier-b.com\/pro\/boutique\/nos-packs\/pour-les-soins-podologiques\/pack-myconea-10x10ml\/#breadcrumb"},"inLanguage":"fr-FR","potentialAction":[{"@type":"ReadAction","target":["https:\/\/cinier-b.com\/pro\/boutique\/nos-packs\/pour-les-soins-podologiques\/pack-myconea-10x10ml\/"]}]},{"@type":"ImageObject","inLanguage":"fr-FR","@id":"https:\/\/cinier-b.com\/pro\/boutique\/nos-packs\/pour-les-soins-podologiques\/pack-myconea-10x10ml\/#primaryimage","url":"https:\/\/cinier-b.com\/pro\/wp-content\/uploads\/2026\/01\/Myconea-2.png","contentUrl":"https:\/\/cinier-b.com\/pro\/wp-content\/uploads\/2026\/01\/Myconea-2.png","width":1080,"height":1080},{"@type":"BreadcrumbList","@id":"https:\/\/cinier-b.com\/pro\/boutique\/nos-packs\/pour-les-soins-podologiques\/pack-myconea-10x10ml\/#breadcrumb","itemListElement":[{"@type":"ListItem","position":1,"name":"Accueil","item":"https:\/\/cinier-b.com\/pro\/accueil\/"},{"@type":"ListItem","position":2,"name":"Boutique","item":"https:\/\/cinier-b.com\/pro\/boutique\/"},{"@type":"ListItem","position":3,"name":"Pack Myconea 10x10ml"}]},{"@type":"WebSite","@id":"https:\/\/cinier-b.com\/pro\/#website","url":"https:\/\/cinier-b.com\/pro\/","name":"Cinier-B pour Professionnels","description":"Laboratoires Cinier-B","potentialAction":[{"@type":"SearchAction","target":{"@type":"EntryPoint","urlTemplate":"https:\/\/cinier-b.com\/pro\/?s={search_term_string}"},"query-input":{"@type":"PropertyValueSpecification","valueRequired":true,"valueName":"search_term_string"}}],"inLanguage":"fr-FR"}]}},"_links":{"self":[{"href":"https:\/\/cinier-b.com\/pro\/wp-json\/wp\/v2\/product\/10519"}],"collection":[{"href":"https:\/\/cinier-b.com\/pro\/wp-json\/wp\/v2\/product"}],"about":[{"href":"https:\/\/cinier-b.com\/pro\/wp-json\/wp\/v2\/types\/product"}],"replies":[{"embeddable":true,"href":"https:\/\/cinier-b.com\/pro\/wp-json\/wp\/v2\/comments?post=10519"}],"wp:featuredmedia":[{"embeddable":true,"href":"https:\/\/cinier-b.com\/pro\/wp-json\/wp\/v2\/media\/10521"}],"wp:attachment":[{"href":"https:\/\/cinier-b.com\/pro\/wp-json\/wp\/v2\/media?parent=10519"}],"wp:term":[{"taxonomy":"product_brand","embeddable":true,"href":"https:\/\/cinier-b.com\/pro\/wp-json\/wp\/v2\/product_brand?post=10519"},{"taxonomy":"product_cat","embeddable":true,"href":"https:\/\/cinier-b.com\/pro\/wp-json\/wp\/v2\/product_cat?post=10519"},{"taxonomy":"product_tag","embeddable":true,"href":"https:\/\/cinier-b.com\/pro\/wp-json\/wp\/v2\/product_tag?post=10519"}],"curies":[{"name":"wp","href":"https:\/\/api.w.org\/{rel}","templated":true}]}}