{"id":1047,"date":"2013-12-04T10:48:30","date_gmt":"2013-12-04T09:48:30","guid":{"rendered":"https:\/\/professionnels.cinier-b.com\/produit\/helichryse-bio\/"},"modified":"2026-03-09T08:56:26","modified_gmt":"2026-03-09T07:56:26","slug":"helichryse-bio","status":"publish","type":"product","link":"https:\/\/cinier-b.com\/pro\/boutique\/soins-du-corps-frictions-de-sante\/hydrolats-aromatiques\/helichryse-bio\/","title":{"rendered":"Hydrolat H\u00e9lichryse italienne Bio : Cicatrisant &#038; R\u00e9g\u00e9n\u00e9rant"},"content":{"rendered":"<p style=\"text-align: justify;\">L&rsquo; hydrolat d\u2019H\u00e9lichryse italienne Biologique, appel\u00e9e \u00e9galement Immortelle de Corse, est obtenu par distillation \u00e0 la vapeur d&rsquo;eau des boutons de fleurs de l&rsquo;Helichrysum italicum Biologique. Origine France, en Corse.<\/p>\n<p style=\"text-align: justify;\">Il est 100% pur et naturel, ne contient ni alcool ni conservateur. Pour une meilleure conservation il est pr\u00e9sent\u00e9 en flacon pulv\u00e9risateur opaque.<\/p>\n<p style=\"text-align: justify;\">D\u00e9congestionnant, \u00e9claircissant, adoucissant, l\u2019hydrolat d\u2019h\u00e9lichryse italienne est recommand\u00e9 pour les peaux couperos\u00e9es et acn\u00e9iques.<\/p>\n<p>Utilis\u00e9 comme tonique ou lotion apr\u00e8s le nettoyage du visage, il est pris\u00e9 pour ses vertus rajeunissantes.<\/p>\n<p style=\"text-align: justify;\">En pulv\u00e9risation sur les sinus, il aide \u00e0 d\u00e9congestionner en cas d&rsquo;inflammation.<\/p>\n<address><img loading=\"lazy\" decoding=\"async\" class=\"alignnone size-full wp-image-3933\" src=\"https:\/\/cinier-b.com\/particuliers\/wp-content\/uploads\/2019\/09\/ECOCERT-AB.jpg\" sizes=\"(max-width: 80px) 100vw, 80px\" srcset=\"https:\/\/cinier-b.com\/particuliers\/wp-content\/uploads\/2019\/09\/ECOCERT-AB.jpg 80w, https:\/\/cinier-b.com\/particuliers\/wp-content\/uploads\/2019\/09\/ECOCERT-AB-64x25.jpg 64w\" alt=\"\" width=\"80\" height=\"31\" \/>\u00a0Les produits portant la mention BIO sont issus de l\u2019Agriculture Biologique et certifi\u00e9s par ECOCERT FR-BIO-01<\/address>\n<address>\u00a0<\/address>\n<address><em>Toutes nos eaux florales ou hydrolats sont 100% purs et naturels et ne contiennent ni alcool ni conservateur. Ces produits \u00e9tant sujet aux pollutions microbiologiques, il faut les conserver \u00e0 l\u2019abri de l\u2019air, de la lumi\u00e8re et \u00e0 temp\u00e9rature stable.<\/em><br \/>\n<em>Nous avons choisis de pr\u00e9senter tous nos hydrolats\u00a0<strong>en flacon pulv\u00e9risateur aluminium opaque<\/strong>, garant d\u2019une conservation optimale.<\/em><\/address>\n","protected":false},"excerpt":{"rendered":"<p><b>Cicatrisant &#8211; R\u00e9g\u00e9n\u00e9rant &#8211; D\u00e9congestionnant<\/b><\/p>\n<p>100% pur et naturel, Biologique, origine France.<\/p>\n<p>&nbsp;<\/p>\n","protected":false},"featured_media":8137,"comment_status":"open","ping_status":"closed","template":"","meta":[],"product_brand":[],"product_cat":[153,43],"product_tag":[],"class_list":{"0":"post-1047","1":"product","2":"type-product","3":"status-publish","4":"has-post-thumbnail","6":"product_cat-nos-14-hydrolats","7":"product_cat-hydrolats-aromatiques","9":"first","10":"instock","11":"taxable","12":"shipping-taxable","13":"purchasable","14":"product-type-simple"},"yoast_head":"<!-- This site is optimized with the Yoast SEO plugin v25.0 - https:\/\/yoast.com\/wordpress\/plugins\/seo\/ -->\n<title>Hydrolat H\u00e9lichryse italienne Bio : Cicatrisant &amp; R\u00e9g\u00e9n\u00e9rant - Cinier-B pour Professionnels<\/title>\n<meta name=\"robots\" content=\"index, follow, max-snippet:-1, max-image-preview:large, max-video-preview:-1\" \/>\n<link rel=\"canonical\" href=\"https:\/\/cinier-b.com\/pro\/boutique\/soins-du-corps-frictions-de-sante\/hydrolats-aromatiques\/helichryse-bio\/\" \/>\n<meta property=\"og:locale\" content=\"fr_FR\" \/>\n<meta property=\"og:type\" content=\"article\" \/>\n<meta property=\"og:title\" content=\"Hydrolat H\u00e9lichryse italienne Bio : Cicatrisant &amp; R\u00e9g\u00e9n\u00e9rant - Cinier-B pour Professionnels\" \/>\n<meta property=\"og:description\" content=\"Cicatrisant - R\u00e9g\u00e9n\u00e9rant - D\u00e9congestionnant  100% pur et naturel, Biologique, origine France.  &nbsp;\" \/>\n<meta property=\"og:url\" content=\"https:\/\/cinier-b.com\/pro\/boutique\/soins-du-corps-frictions-de-sante\/hydrolats-aromatiques\/helichryse-bio\/\" \/>\n<meta property=\"og:site_name\" content=\"Cinier-B pour Professionnels\" \/>\n<meta property=\"article:modified_time\" content=\"2026-03-09T07:56:26+00:00\" \/>\n<meta property=\"og:image\" content=\"https:\/\/cinier-b.com\/pro\/wp-content\/uploads\/2013\/12\/hydrolat-helichryse.jpg\" \/>\n\t<meta property=\"og:image:width\" content=\"1080\" \/>\n\t<meta property=\"og:image:height\" content=\"1080\" \/>\n\t<meta property=\"og:image:type\" content=\"image\/jpeg\" \/>\n<meta name=\"twitter:card\" content=\"summary_large_image\" \/>\n<script type=\"application\/ld+json\" class=\"yoast-schema-graph\">{\"@context\":\"https:\/\/schema.org\",\"@graph\":[{\"@type\":\"WebPage\",\"@id\":\"https:\/\/cinier-b.com\/pro\/boutique\/soins-du-corps-frictions-de-sante\/hydrolats-aromatiques\/helichryse-bio\/\",\"url\":\"https:\/\/cinier-b.com\/pro\/boutique\/soins-du-corps-frictions-de-sante\/hydrolats-aromatiques\/helichryse-bio\/\",\"name\":\"Hydrolat H\u00e9lichryse italienne Bio : Cicatrisant & R\u00e9g\u00e9n\u00e9rant - Cinier-B pour Professionnels\",\"isPartOf\":{\"@id\":\"https:\/\/cinier-b.com\/pro\/#website\"},\"primaryImageOfPage\":{\"@id\":\"https:\/\/cinier-b.com\/pro\/boutique\/soins-du-corps-frictions-de-sante\/hydrolats-aromatiques\/helichryse-bio\/#primaryimage\"},\"image\":{\"@id\":\"https:\/\/cinier-b.com\/pro\/boutique\/soins-du-corps-frictions-de-sante\/hydrolats-aromatiques\/helichryse-bio\/#primaryimage\"},\"thumbnailUrl\":\"https:\/\/cinier-b.com\/pro\/wp-content\/uploads\/2013\/12\/hydrolat-helichryse.jpg\",\"datePublished\":\"2013-12-04T09:48:30+00:00\",\"dateModified\":\"2026-03-09T07:56:26+00:00\",\"breadcrumb\":{\"@id\":\"https:\/\/cinier-b.com\/pro\/boutique\/soins-du-corps-frictions-de-sante\/hydrolats-aromatiques\/helichryse-bio\/#breadcrumb\"},\"inLanguage\":\"fr-FR\",\"potentialAction\":[{\"@type\":\"ReadAction\",\"target\":[\"https:\/\/cinier-b.com\/pro\/boutique\/soins-du-corps-frictions-de-sante\/hydrolats-aromatiques\/helichryse-bio\/\"]}]},{\"@type\":\"ImageObject\",\"inLanguage\":\"fr-FR\",\"@id\":\"https:\/\/cinier-b.com\/pro\/boutique\/soins-du-corps-frictions-de-sante\/hydrolats-aromatiques\/helichryse-bio\/#primaryimage\",\"url\":\"https:\/\/cinier-b.com\/pro\/wp-content\/uploads\/2013\/12\/hydrolat-helichryse.jpg\",\"contentUrl\":\"https:\/\/cinier-b.com\/pro\/wp-content\/uploads\/2013\/12\/hydrolat-helichryse.jpg\",\"width\":1080,\"height\":1080},{\"@type\":\"BreadcrumbList\",\"@id\":\"https:\/\/cinier-b.com\/pro\/boutique\/soins-du-corps-frictions-de-sante\/hydrolats-aromatiques\/helichryse-bio\/#breadcrumb\",\"itemListElement\":[{\"@type\":\"ListItem\",\"position\":1,\"name\":\"Accueil\",\"item\":\"https:\/\/cinier-b.com\/pro\/accueil\/\"},{\"@type\":\"ListItem\",\"position\":2,\"name\":\"Boutique\",\"item\":\"https:\/\/cinier-b.com\/pro\/boutique\/\"},{\"@type\":\"ListItem\",\"position\":3,\"name\":\"Hydrolat H\u00e9lichryse italienne Bio : Cicatrisant &#038; R\u00e9g\u00e9n\u00e9rant\"}]},{\"@type\":\"WebSite\",\"@id\":\"https:\/\/cinier-b.com\/pro\/#website\",\"url\":\"https:\/\/cinier-b.com\/pro\/\",\"name\":\"Cinier-B pour Professionnels\",\"description\":\"Laboratoires Cinier-B\",\"potentialAction\":[{\"@type\":\"SearchAction\",\"target\":{\"@type\":\"EntryPoint\",\"urlTemplate\":\"https:\/\/cinier-b.com\/pro\/?s={search_term_string}\"},\"query-input\":{\"@type\":\"PropertyValueSpecification\",\"valueRequired\":true,\"valueName\":\"search_term_string\"}}],\"inLanguage\":\"fr-FR\"}]}<\/script>\n<!-- \/ Yoast SEO plugin. -->","yoast_head_json":{"title":"Hydrolat H\u00e9lichryse italienne Bio : Cicatrisant & R\u00e9g\u00e9n\u00e9rant - Cinier-B pour Professionnels","robots":{"index":"index","follow":"follow","max-snippet":"max-snippet:-1","max-image-preview":"max-image-preview:large","max-video-preview":"max-video-preview:-1"},"canonical":"https:\/\/cinier-b.com\/pro\/boutique\/soins-du-corps-frictions-de-sante\/hydrolats-aromatiques\/helichryse-bio\/","og_locale":"fr_FR","og_type":"article","og_title":"Hydrolat H\u00e9lichryse italienne Bio : Cicatrisant & R\u00e9g\u00e9n\u00e9rant - Cinier-B pour Professionnels","og_description":"Cicatrisant - R\u00e9g\u00e9n\u00e9rant - D\u00e9congestionnant  100% pur et naturel, Biologique, origine France.  &nbsp;","og_url":"https:\/\/cinier-b.com\/pro\/boutique\/soins-du-corps-frictions-de-sante\/hydrolats-aromatiques\/helichryse-bio\/","og_site_name":"Cinier-B pour Professionnels","article_modified_time":"2026-03-09T07:56:26+00:00","og_image":[{"width":1080,"height":1080,"url":"https:\/\/cinier-b.com\/pro\/wp-content\/uploads\/2013\/12\/hydrolat-helichryse.jpg","type":"image\/jpeg"}],"twitter_card":"summary_large_image","schema":{"@context":"https:\/\/schema.org","@graph":[{"@type":"WebPage","@id":"https:\/\/cinier-b.com\/pro\/boutique\/soins-du-corps-frictions-de-sante\/hydrolats-aromatiques\/helichryse-bio\/","url":"https:\/\/cinier-b.com\/pro\/boutique\/soins-du-corps-frictions-de-sante\/hydrolats-aromatiques\/helichryse-bio\/","name":"Hydrolat H\u00e9lichryse italienne Bio : Cicatrisant & R\u00e9g\u00e9n\u00e9rant - Cinier-B pour Professionnels","isPartOf":{"@id":"https:\/\/cinier-b.com\/pro\/#website"},"primaryImageOfPage":{"@id":"https:\/\/cinier-b.com\/pro\/boutique\/soins-du-corps-frictions-de-sante\/hydrolats-aromatiques\/helichryse-bio\/#primaryimage"},"image":{"@id":"https:\/\/cinier-b.com\/pro\/boutique\/soins-du-corps-frictions-de-sante\/hydrolats-aromatiques\/helichryse-bio\/#primaryimage"},"thumbnailUrl":"https:\/\/cinier-b.com\/pro\/wp-content\/uploads\/2013\/12\/hydrolat-helichryse.jpg","datePublished":"2013-12-04T09:48:30+00:00","dateModified":"2026-03-09T07:56:26+00:00","breadcrumb":{"@id":"https:\/\/cinier-b.com\/pro\/boutique\/soins-du-corps-frictions-de-sante\/hydrolats-aromatiques\/helichryse-bio\/#breadcrumb"},"inLanguage":"fr-FR","potentialAction":[{"@type":"ReadAction","target":["https:\/\/cinier-b.com\/pro\/boutique\/soins-du-corps-frictions-de-sante\/hydrolats-aromatiques\/helichryse-bio\/"]}]},{"@type":"ImageObject","inLanguage":"fr-FR","@id":"https:\/\/cinier-b.com\/pro\/boutique\/soins-du-corps-frictions-de-sante\/hydrolats-aromatiques\/helichryse-bio\/#primaryimage","url":"https:\/\/cinier-b.com\/pro\/wp-content\/uploads\/2013\/12\/hydrolat-helichryse.jpg","contentUrl":"https:\/\/cinier-b.com\/pro\/wp-content\/uploads\/2013\/12\/hydrolat-helichryse.jpg","width":1080,"height":1080},{"@type":"BreadcrumbList","@id":"https:\/\/cinier-b.com\/pro\/boutique\/soins-du-corps-frictions-de-sante\/hydrolats-aromatiques\/helichryse-bio\/#breadcrumb","itemListElement":[{"@type":"ListItem","position":1,"name":"Accueil","item":"https:\/\/cinier-b.com\/pro\/accueil\/"},{"@type":"ListItem","position":2,"name":"Boutique","item":"https:\/\/cinier-b.com\/pro\/boutique\/"},{"@type":"ListItem","position":3,"name":"Hydrolat H\u00e9lichryse italienne Bio : Cicatrisant &#038; R\u00e9g\u00e9n\u00e9rant"}]},{"@type":"WebSite","@id":"https:\/\/cinier-b.com\/pro\/#website","url":"https:\/\/cinier-b.com\/pro\/","name":"Cinier-B pour Professionnels","description":"Laboratoires Cinier-B","potentialAction":[{"@type":"SearchAction","target":{"@type":"EntryPoint","urlTemplate":"https:\/\/cinier-b.com\/pro\/?s={search_term_string}"},"query-input":{"@type":"PropertyValueSpecification","valueRequired":true,"valueName":"search_term_string"}}],"inLanguage":"fr-FR"}]}},"_links":{"self":[{"href":"https:\/\/cinier-b.com\/pro\/wp-json\/wp\/v2\/product\/1047"}],"collection":[{"href":"https:\/\/cinier-b.com\/pro\/wp-json\/wp\/v2\/product"}],"about":[{"href":"https:\/\/cinier-b.com\/pro\/wp-json\/wp\/v2\/types\/product"}],"replies":[{"embeddable":true,"href":"https:\/\/cinier-b.com\/pro\/wp-json\/wp\/v2\/comments?post=1047"}],"wp:featuredmedia":[{"embeddable":true,"href":"https:\/\/cinier-b.com\/pro\/wp-json\/wp\/v2\/media\/8137"}],"wp:attachment":[{"href":"https:\/\/cinier-b.com\/pro\/wp-json\/wp\/v2\/media?parent=1047"}],"wp:term":[{"taxonomy":"product_brand","embeddable":true,"href":"https:\/\/cinier-b.com\/pro\/wp-json\/wp\/v2\/product_brand?post=1047"},{"taxonomy":"product_cat","embeddable":true,"href":"https:\/\/cinier-b.com\/pro\/wp-json\/wp\/v2\/product_cat?post=1047"},{"taxonomy":"product_tag","embeddable":true,"href":"https:\/\/cinier-b.com\/pro\/wp-json\/wp\/v2\/product_tag?post=1047"}],"curies":[{"name":"wp","href":"https:\/\/api.w.org\/{rel}","templated":true}]}}