{"id":47,"date":"2010-07-20T13:51:12","date_gmt":"2010-07-20T11:51:12","guid":{"rendered":"https:\/\/professionnels.cinier-b.com\/historique\/"},"modified":"2023-10-30T14:37:10","modified_gmt":"2023-10-30T13:37:10","slug":"historique","status":"publish","type":"page","link":"https:\/\/cinier-b.com\/pro\/historique\/","title":{"rendered":"Historique"},"content":{"rendered":"<p><strong><span class=\"icone-externe\"> <\/span><\/strong><\/p>\n<h4 style=\"text-align: justify;\">L&rsquo;historique<\/h4>\n<p style=\"text-align: justify;\">En cr\u00e9ant en 1986 leur laboratoire, Patricia Cinier et G\u00e9rard Brz\u00e9gowi d\u00e9cident de participer au d\u00e9veloppement d&rsquo;une Aromath\u00e9rapie scientifique<strong>. <\/strong><\/p>\n<p style=\"text-align: justify;\">Leur premier produit de soin aux huiles essentielles, PEDIAROME, traitement-d\u00e9odorant pour pieds est \u00e0 la base d&rsquo;une nouvelle gamme podologique aux huiles essentielles et extraits v\u00e9g\u00e9taux.<\/p>\n<p style=\"margin-right: 16.95pt; text-align: justify;\">Sp\u00e9cialis\u00e9s en Aromath\u00e9rapie, nous avons rapidement d\u00e9velopp\u00e9 une ligne de produits de Sant\u00e9 et participons au d\u00e9veloppement d&rsquo;une aromath\u00e9rapie scientifique gr\u00e2ce aux s\u00e9minaires de formation mis en place par G\u00e9rard Brz\u00e9gowi, Biochimiste &#8211; Aromatologue, directeur scientifique du Laboratoire.<\/p>\n<p>Les produits Cinier-b sont con\u00e7us pour un maximum d&rsquo;efficacit\u00e9 et dans le plus grand respect de la physiologie cutan\u00e9e. Formul\u00e9s \u00e0 partir des meilleurs actifs v\u00e9g\u00e9taux, huiles essentielles 100% pures et naturelles, huiles v\u00e9g\u00e9tales de premi\u00e8re pression \u00e0 froid, extraits v\u00e9g\u00e9taux titr\u00e9s, beurre de karit\u00e9, vitamines naturelles, eau de source. Ils sont tous garantis sans colorant, sans paraben, sans parfum de synth\u00e8se.<\/p>\n<p>Nous privil\u00e9gions d\u00e8s que cela est possible des ingr\u00e9dients issus de l&rsquo;agriculture biologique, lab\u00e9lis\u00e9s AB et contr\u00f4l\u00e9s par Ecocert. <img loading=\"lazy\" decoding=\"async\" class=\" size-full wp-image-167\" src=\"https:\/\/cinier-b.com\/pro\/wp-content\/uploads\/2010\/07\/ECOCERT-AB.jpg\" border=\"0\" width=\"80\" height=\"31\" \/><\/p>\n<p><strong><span class=\"icone-externe\"> <\/span><\/strong><\/p>\n<p><strong><span class=\"icone-externe\"> <\/span><\/strong><\/p>\n<p><strong><span class=\"icone-externe\"> <\/span><\/strong><\/p>\n<p style=\"margin-right: 16.95pt; text-align: center;\"><strong><span class=\"icone-externe\"> <\/span><\/strong><strong>Les produits Cinier-b sont tous fabriqu\u00e9s dans notre Laboratoire, situ\u00e9 \u00e0 S\u00e8te, dans le <span class=\"icone-externe\">Sud de la France. <\/span><\/strong><\/p>\n<p style=\"text-align: center;\"><img loading=\"lazy\" decoding=\"async\" class=\" size-full wp-image-168\" src=\"https:\/\/cinier-b.com\/pro\/wp-content\/uploads\/2010\/07\/acimg_8965%20web.jpg\" border=\"0\" width=\"220\" height=\"144\" \/><\/p>\n<p><strong><span class=\"icone-externe\"> <\/span><\/strong><\/p>\n<p><strong><span class=\"icone-externe\"> <\/span><\/strong><\/p>\n<p>Parall\u00e8lement, nous avons d\u00e9velopp\u00e9 en collaboration avec des podologues partenaires une gamme d&rsquo;\u00e9lastom\u00e8res de <strong>silicones polyaddition<\/strong> pour ORTHOPLASTIE sous la marque <strong style=\"mso-bidi-font-weight: normal;\">PODORSIL<span style=\"font-size: 10.0pt; font-family: Arial;\">\u00ae. <\/span><\/strong>Des formations d&rsquo;orthoplastie avec<strong> <\/strong><span style=\"mso-bidi-font-weight: normal;\">PODORSIL<\/span><strong><span style=\"mso-bidi-font-weight: normal;\"><span style=\"font-size: 10.0pt; font-family: Arial;\"> <\/span><\/span><\/strong><strong style=\"mso-bidi-font-weight: normal;\"><span style=\"font-size: 10.0pt; font-family: Arial;\">\u00ae <\/span><\/strong><span style=\"mso-bidi-font-weight: normal;\"><span style=\"font-size: 10.0pt; font-family: Arial;\">sont organis\u00e9es sur la France<\/span><\/span><strong style=\"mso-bidi-font-weight: normal;\"><span style=\"font-size: 10.0pt; font-family: Arial;\"> <\/span><\/strong><span style=\"mso-bidi-font-weight: normal;\"><span style=\"font-size: 10.0pt; font-family: Arial;\">par<\/span><\/span><span style=\"mso-bidi-font-weight: normal;\"><span style=\"font-size: 10.0pt; font-family: Arial;\"> \u00ab\u00a0Connaissance et \u00e9volution\u00a0\u00bb <\/span><\/span><strong style=\"mso-bidi-font-weight: normal;\"><span style=\"font-size: 10.0pt; font-family: Arial;\">.<br \/><\/span><\/strong><\/p>\n<p class=\"MsoNormal\" style=\"text-align: center;\"><strong> L&rsquo;ORTHOPLASTIE avec PODORSIL<span style=\"font-size: 10.0pt; font-family: Arial;\">\u00ae <\/span><strong>\u00ab\u00a0une solution pour de nombreuses pathologie de l&rsquo;avant-pied\u00a0\u00bb <\/strong><\/strong><\/p>\n<p class=\"MsoNormal\"><strong><strong> <\/strong><\/strong><\/p>\n<p style=\"text-align: center;\"><img loading=\"lazy\" decoding=\"async\" class=\" size-full wp-image-169\" src=\"https:\/\/cinier-b.com\/pro\/wp-content\/uploads\/2010\/07\/pied-prothese%20pour%20site%20pro.png\" border=\"0\" width=\"76\" height=\"170\" \/><\/p>\n<p class=\"MsoNormal\" style=\"text-align: center;\"><strong><strong><br \/><\/strong><\/strong><\/p>\n<p><strong> <\/strong><\/p>\n<p>\u00a0<\/p>\n<p class=\"MsoNormal\" style=\"text-align: justify; margin: 0cm 16.95pt 0pt 27pt; tab-stops: 0cm;\"><strong style=\"mso-bidi-font-weight: normal;\"> <\/strong><span style=\"color: #000000;\"><strong style=\"mso-bidi-font-weight: normal;\"><span style=\"mso-spacerun: yes;\"><span style=\"font-family: Times New Roman; font-size: small;\"> <\/span><\/span><\/strong><span style=\"font-family: Arial; letter-spacing: -0.2pt; font-size: 10pt;\"> <\/span><\/span><\/p>\n<p class=\"MsoNormal\" style=\"text-align: justify; margin: 0cm 16.95pt 0pt 0cm; tab-stops: 0cm;\"><span style=\"font-family: Arial; letter-spacing: -0.2pt; font-size: 10pt;\"><span style=\"color: #000000;\"> <\/span><\/span><\/p>\n<p style=\"margin-right: 16.95pt; text-align: justify;\">\u00a0<\/p>\n","protected":false},"excerpt":{"rendered":"<p>L&rsquo;historique En cr\u00e9ant en 1986 leur laboratoire, Patricia Cinier et G\u00e9rard Brz\u00e9gowi d\u00e9cident de participer au d\u00e9veloppement d&rsquo;une Aromath\u00e9rapie scientifique. Leur premier produit de soin aux huiles essentielles, PEDIAROME, traitement-d\u00e9odorant pour pieds est \u00e0 la base d&rsquo;une nouvelle gamme podologique aux huiles essentielles et extraits v\u00e9g\u00e9taux. Sp\u00e9cialis\u00e9s en Aromath\u00e9rapie, nous avons rapidement d\u00e9velopp\u00e9 une ligne [&hellip;]<\/p>\n","protected":false},"author":6,"featured_media":0,"parent":0,"menu_order":5,"comment_status":"closed","ping_status":"closed","template":"","meta":{"footnotes":""},"class_list":["post-47","page","type-page","status-publish","hentry"],"yoast_head":"<!-- This site is optimized with the Yoast SEO plugin v25.0 - https:\/\/yoast.com\/wordpress\/plugins\/seo\/ -->\n<title>Historique - Cinier-B pour Professionnels<\/title>\n<meta name=\"robots\" content=\"index, follow, max-snippet:-1, max-image-preview:large, max-video-preview:-1\" \/>\n<link rel=\"canonical\" href=\"https:\/\/cinier-b.com\/pro\/historique\/\" \/>\n<meta property=\"og:locale\" content=\"fr_FR\" \/>\n<meta property=\"og:type\" content=\"article\" \/>\n<meta property=\"og:title\" content=\"Historique - Cinier-B pour Professionnels\" \/>\n<meta property=\"og:description\" content=\"L&rsquo;historique En cr\u00e9ant en 1986 leur laboratoire, Patricia Cinier et G\u00e9rard Brz\u00e9gowi d\u00e9cident de participer au d\u00e9veloppement d&rsquo;une Aromath\u00e9rapie scientifique. Leur premier produit de soin aux huiles essentielles, PEDIAROME, traitement-d\u00e9odorant pour pieds est \u00e0 la base d&rsquo;une nouvelle gamme podologique aux huiles essentielles et extraits v\u00e9g\u00e9taux. Sp\u00e9cialis\u00e9s en Aromath\u00e9rapie, nous avons rapidement d\u00e9velopp\u00e9 une ligne [&hellip;]\" \/>\n<meta property=\"og:url\" content=\"https:\/\/cinier-b.com\/pro\/historique\/\" \/>\n<meta property=\"og:site_name\" content=\"Cinier-B pour Professionnels\" \/>\n<meta property=\"article:modified_time\" content=\"2023-10-30T13:37:10+00:00\" \/>\n<meta property=\"og:image\" content=\"https:\/\/cinier-b.com\/pro\/wp-content\/uploads\/2010\/07\/ECOCERT-AB.jpg\" \/>\n<meta name=\"twitter:card\" content=\"summary_large_image\" \/>\n<meta name=\"twitter:label1\" content=\"Dur\u00e9e de lecture estim\u00e9e\" \/>\n\t<meta name=\"twitter:data1\" content=\"1 minute\" \/>\n<script type=\"application\/ld+json\" class=\"yoast-schema-graph\">{\"@context\":\"https:\/\/schema.org\",\"@graph\":[{\"@type\":\"WebPage\",\"@id\":\"https:\/\/cinier-b.com\/pro\/historique\/\",\"url\":\"https:\/\/cinier-b.com\/pro\/historique\/\",\"name\":\"Historique - Cinier-B pour Professionnels\",\"isPartOf\":{\"@id\":\"https:\/\/cinier-b.com\/pro\/#website\"},\"primaryImageOfPage\":{\"@id\":\"https:\/\/cinier-b.com\/pro\/historique\/#primaryimage\"},\"image\":{\"@id\":\"https:\/\/cinier-b.com\/pro\/historique\/#primaryimage\"},\"thumbnailUrl\":\"https:\/\/cinier-b.com\/pro\/wp-content\/uploads\/2010\/07\/ECOCERT-AB.jpg\",\"datePublished\":\"2010-07-20T11:51:12+00:00\",\"dateModified\":\"2023-10-30T13:37:10+00:00\",\"breadcrumb\":{\"@id\":\"https:\/\/cinier-b.com\/pro\/historique\/#breadcrumb\"},\"inLanguage\":\"fr-FR\",\"potentialAction\":[{\"@type\":\"ReadAction\",\"target\":[\"https:\/\/cinier-b.com\/pro\/historique\/\"]}]},{\"@type\":\"ImageObject\",\"inLanguage\":\"fr-FR\",\"@id\":\"https:\/\/cinier-b.com\/pro\/historique\/#primaryimage\",\"url\":\"\",\"contentUrl\":\"\"},{\"@type\":\"BreadcrumbList\",\"@id\":\"https:\/\/cinier-b.com\/pro\/historique\/#breadcrumb\",\"itemListElement\":[{\"@type\":\"ListItem\",\"position\":1,\"name\":\"Accueil\",\"item\":\"https:\/\/cinier-b.com\/pro\/accueil\/\"},{\"@type\":\"ListItem\",\"position\":2,\"name\":\"Historique\"}]},{\"@type\":\"WebSite\",\"@id\":\"https:\/\/cinier-b.com\/pro\/#website\",\"url\":\"https:\/\/cinier-b.com\/pro\/\",\"name\":\"Cinier-B pour Professionnels\",\"description\":\"Laboratoires Cinier-B\",\"potentialAction\":[{\"@type\":\"SearchAction\",\"target\":{\"@type\":\"EntryPoint\",\"urlTemplate\":\"https:\/\/cinier-b.com\/pro\/?s={search_term_string}\"},\"query-input\":{\"@type\":\"PropertyValueSpecification\",\"valueRequired\":true,\"valueName\":\"search_term_string\"}}],\"inLanguage\":\"fr-FR\"}]}<\/script>\n<!-- \/ Yoast SEO plugin. -->","yoast_head_json":{"title":"Historique - Cinier-B pour Professionnels","robots":{"index":"index","follow":"follow","max-snippet":"max-snippet:-1","max-image-preview":"max-image-preview:large","max-video-preview":"max-video-preview:-1"},"canonical":"https:\/\/cinier-b.com\/pro\/historique\/","og_locale":"fr_FR","og_type":"article","og_title":"Historique - Cinier-B pour Professionnels","og_description":"L&rsquo;historique En cr\u00e9ant en 1986 leur laboratoire, Patricia Cinier et G\u00e9rard Brz\u00e9gowi d\u00e9cident de participer au d\u00e9veloppement d&rsquo;une Aromath\u00e9rapie scientifique. Leur premier produit de soin aux huiles essentielles, PEDIAROME, traitement-d\u00e9odorant pour pieds est \u00e0 la base d&rsquo;une nouvelle gamme podologique aux huiles essentielles et extraits v\u00e9g\u00e9taux. Sp\u00e9cialis\u00e9s en Aromath\u00e9rapie, nous avons rapidement d\u00e9velopp\u00e9 une ligne [&hellip;]","og_url":"https:\/\/cinier-b.com\/pro\/historique\/","og_site_name":"Cinier-B pour Professionnels","article_modified_time":"2023-10-30T13:37:10+00:00","og_image":[{"url":"https:\/\/cinier-b.com\/pro\/wp-content\/uploads\/2010\/07\/ECOCERT-AB.jpg","type":"","width":"","height":""}],"twitter_card":"summary_large_image","twitter_misc":{"Dur\u00e9e de lecture estim\u00e9e":"1 minute"},"schema":{"@context":"https:\/\/schema.org","@graph":[{"@type":"WebPage","@id":"https:\/\/cinier-b.com\/pro\/historique\/","url":"https:\/\/cinier-b.com\/pro\/historique\/","name":"Historique - Cinier-B pour Professionnels","isPartOf":{"@id":"https:\/\/cinier-b.com\/pro\/#website"},"primaryImageOfPage":{"@id":"https:\/\/cinier-b.com\/pro\/historique\/#primaryimage"},"image":{"@id":"https:\/\/cinier-b.com\/pro\/historique\/#primaryimage"},"thumbnailUrl":"https:\/\/cinier-b.com\/pro\/wp-content\/uploads\/2010\/07\/ECOCERT-AB.jpg","datePublished":"2010-07-20T11:51:12+00:00","dateModified":"2023-10-30T13:37:10+00:00","breadcrumb":{"@id":"https:\/\/cinier-b.com\/pro\/historique\/#breadcrumb"},"inLanguage":"fr-FR","potentialAction":[{"@type":"ReadAction","target":["https:\/\/cinier-b.com\/pro\/historique\/"]}]},{"@type":"ImageObject","inLanguage":"fr-FR","@id":"https:\/\/cinier-b.com\/pro\/historique\/#primaryimage","url":"","contentUrl":""},{"@type":"BreadcrumbList","@id":"https:\/\/cinier-b.com\/pro\/historique\/#breadcrumb","itemListElement":[{"@type":"ListItem","position":1,"name":"Accueil","item":"https:\/\/cinier-b.com\/pro\/accueil\/"},{"@type":"ListItem","position":2,"name":"Historique"}]},{"@type":"WebSite","@id":"https:\/\/cinier-b.com\/pro\/#website","url":"https:\/\/cinier-b.com\/pro\/","name":"Cinier-B pour Professionnels","description":"Laboratoires Cinier-B","potentialAction":[{"@type":"SearchAction","target":{"@type":"EntryPoint","urlTemplate":"https:\/\/cinier-b.com\/pro\/?s={search_term_string}"},"query-input":{"@type":"PropertyValueSpecification","valueRequired":true,"valueName":"search_term_string"}}],"inLanguage":"fr-FR"}]}},"_links":{"self":[{"href":"https:\/\/cinier-b.com\/pro\/wp-json\/wp\/v2\/pages\/47"}],"collection":[{"href":"https:\/\/cinier-b.com\/pro\/wp-json\/wp\/v2\/pages"}],"about":[{"href":"https:\/\/cinier-b.com\/pro\/wp-json\/wp\/v2\/types\/page"}],"author":[{"embeddable":true,"href":"https:\/\/cinier-b.com\/pro\/wp-json\/wp\/v2\/users\/6"}],"replies":[{"embeddable":true,"href":"https:\/\/cinier-b.com\/pro\/wp-json\/wp\/v2\/comments?post=47"}],"version-history":[{"count":1,"href":"https:\/\/cinier-b.com\/pro\/wp-json\/wp\/v2\/pages\/47\/revisions"}],"predecessor-version":[{"id":8728,"href":"https:\/\/cinier-b.com\/pro\/wp-json\/wp\/v2\/pages\/47\/revisions\/8728"}],"wp:attachment":[{"href":"https:\/\/cinier-b.com\/pro\/wp-json\/wp\/v2\/media?parent=47"}],"curies":[{"name":"wp","href":"https:\/\/api.w.org\/{rel}","templated":true}]}}