{"id":884,"date":"2019-07-06T17:01:09","date_gmt":"2019-07-06T16:01:09","guid":{"rendered":"http:\/\/particuliers.cinier-b.com\/produit\/pain-de-laurier-a-35\/"},"modified":"2023-07-04T16:13:39","modified_gmt":"2023-07-04T15:13:39","slug":"pain-alep-olive-laurier","status":"publish","type":"product","link":"https:\/\/cinier-b.com\/particuliers\/boutique\/savons-dalep-et-produits-autour-du-bain\/savons-alep\/pain-alep-olive-laurier\/","title":{"rendered":"Pain d&rsquo;Alep &#8211; Olive et Laurier"},"content":{"rendered":"<p>Exceptionnel, le savon d&rsquo;Alep est un pr\u00e9cieux alli\u00e9 souverain pour la peau. Sa fabrication ancestrale fait sa renomm\u00e9e. D&rsquo;une particuli\u00e8re douceur, ce savon d&rsquo;Alep lentement fa\u00e7onn\u00e9 selon l&rsquo;antique savoir-faire artisanal est un pr\u00e9cieux alli\u00e9 de la peau qu&rsquo;il respecte. L&rsquo;huile d&rsquo;olive (avec de l&rsquo;eau et de la soude issue du sel marin) est cuite au chaudron. 3 jours apr\u00e8s , la p\u00e2te est refroidie \u00e0 m\u00eame le sol, d\u00e9coup\u00e9e en pains, estampill\u00e9e \u00e0 la main, puis \u00e9chafaud\u00e9e en tours pour une longue p\u00e9riode de s\u00e9chage. Pendant 9 mois le savon se gorge de soleil pour parvenir \u00e0 maturit\u00e9. Il r\u00e9v\u00e8le alors sa duret\u00e9 et sa teinte roussie d\u00e9finitive.<\/p>\n<p>Le savon d&rsquo;Alep <strong>lave<\/strong> et <strong>d\u00e9tache<\/strong> les linges fin. Plac\u00e9 dans une armoire ou commode, il est \u00e9galement r\u00e9put\u00e9 pour <strong>chasser les mites<\/strong>.<\/p>\n","protected":false},"excerpt":{"rendered":"<p>PAIN D&rsquo;ALEP Olive &amp; Laurier.<\/p>\n<p>200g<\/p>\n","protected":false},"featured_media":3081,"template":"","meta":[],"product_brand":[],"product_cat":[136,30],"product_tag":[],"class_list":{"0":"post-884","1":"product","2":"type-product","3":"status-publish","4":"has-post-thumbnail","6":"product_cat-ligne-alep","7":"product_cat-savons-alep","9":"first","10":"instock","11":"featured","12":"taxable","13":"shipping-taxable","14":"purchasable","15":"product-type-simple"},"yoast_head":"<!-- This site is optimized with the Yoast SEO plugin v25.5 - https:\/\/yoast.com\/wordpress\/plugins\/seo\/ -->\n<title>Pain d&#039;Alep - Olive et Laurier - Particuliers - Cinier-B Laboratoires<\/title>\n<meta name=\"robots\" content=\"index, follow, max-snippet:-1, max-image-preview:large, max-video-preview:-1\" \/>\n<link rel=\"canonical\" href=\"https:\/\/cinier-b.com\/particuliers\/boutique\/savons-dalep-et-produits-autour-du-bain\/savons-alep\/pain-alep-olive-laurier\/\" \/>\n<meta property=\"og:locale\" content=\"fr_FR\" \/>\n<meta property=\"og:type\" content=\"article\" \/>\n<meta property=\"og:title\" content=\"Pain d&#039;Alep - Olive et Laurier - Particuliers - Cinier-B Laboratoires\" \/>\n<meta property=\"og:description\" content=\"PAIN D&#039;ALEP Olive &amp; Laurier.  200g\" \/>\n<meta property=\"og:url\" content=\"https:\/\/cinier-b.com\/particuliers\/boutique\/savons-dalep-et-produits-autour-du-bain\/savons-alep\/pain-alep-olive-laurier\/\" \/>\n<meta property=\"og:site_name\" content=\"Particuliers - Cinier-B Laboratoires\" \/>\n<meta property=\"article:modified_time\" content=\"2023-07-04T15:13:39+00:00\" \/>\n<meta property=\"og:image\" content=\"https:\/\/cinier-b.com\/particuliers\/wp-content\/uploads\/2015\/07\/PAIN_D_ALEP_Olive.jpg\" \/>\n\t<meta property=\"og:image:width\" content=\"488\" \/>\n\t<meta property=\"og:image:height\" content=\"488\" \/>\n\t<meta property=\"og:image:type\" content=\"image\/jpeg\" \/>\n<meta name=\"twitter:card\" content=\"summary_large_image\" \/>\n<meta name=\"twitter:label1\" content=\"Dur\u00e9e de lecture estim\u00e9e\" \/>\n\t<meta name=\"twitter:data1\" content=\"1 minute\" \/>\n<script type=\"application\/ld+json\" class=\"yoast-schema-graph\">{\"@context\":\"https:\/\/schema.org\",\"@graph\":[{\"@type\":\"WebPage\",\"@id\":\"https:\/\/cinier-b.com\/particuliers\/boutique\/savons-dalep-et-produits-autour-du-bain\/savons-alep\/pain-alep-olive-laurier\/\",\"url\":\"https:\/\/cinier-b.com\/particuliers\/boutique\/savons-dalep-et-produits-autour-du-bain\/savons-alep\/pain-alep-olive-laurier\/\",\"name\":\"Pain d'Alep - Olive et Laurier - Particuliers - Cinier-B Laboratoires\",\"isPartOf\":{\"@id\":\"https:\/\/cinier-b.com\/particuliers\/#website\"},\"primaryImageOfPage\":{\"@id\":\"https:\/\/cinier-b.com\/particuliers\/boutique\/savons-dalep-et-produits-autour-du-bain\/savons-alep\/pain-alep-olive-laurier\/#primaryimage\"},\"image\":{\"@id\":\"https:\/\/cinier-b.com\/particuliers\/boutique\/savons-dalep-et-produits-autour-du-bain\/savons-alep\/pain-alep-olive-laurier\/#primaryimage\"},\"thumbnailUrl\":\"https:\/\/cinier-b.com\/particuliers\/wp-content\/uploads\/2015\/07\/PAIN_D_ALEP_Olive.jpg\",\"datePublished\":\"2019-07-06T16:01:09+00:00\",\"dateModified\":\"2023-07-04T15:13:39+00:00\",\"breadcrumb\":{\"@id\":\"https:\/\/cinier-b.com\/particuliers\/boutique\/savons-dalep-et-produits-autour-du-bain\/savons-alep\/pain-alep-olive-laurier\/#breadcrumb\"},\"inLanguage\":\"fr-FR\",\"potentialAction\":[{\"@type\":\"ReadAction\",\"target\":[\"https:\/\/cinier-b.com\/particuliers\/boutique\/savons-dalep-et-produits-autour-du-bain\/savons-alep\/pain-alep-olive-laurier\/\"]}]},{\"@type\":\"ImageObject\",\"inLanguage\":\"fr-FR\",\"@id\":\"https:\/\/cinier-b.com\/particuliers\/boutique\/savons-dalep-et-produits-autour-du-bain\/savons-alep\/pain-alep-olive-laurier\/#primaryimage\",\"url\":\"https:\/\/cinier-b.com\/particuliers\/wp-content\/uploads\/2015\/07\/PAIN_D_ALEP_Olive.jpg\",\"contentUrl\":\"https:\/\/cinier-b.com\/particuliers\/wp-content\/uploads\/2015\/07\/PAIN_D_ALEP_Olive.jpg\",\"width\":488,\"height\":488},{\"@type\":\"BreadcrumbList\",\"@id\":\"https:\/\/cinier-b.com\/particuliers\/boutique\/savons-dalep-et-produits-autour-du-bain\/savons-alep\/pain-alep-olive-laurier\/#breadcrumb\",\"itemListElement\":[{\"@type\":\"ListItem\",\"position\":1,\"name\":\"Accueil\",\"item\":\"https:\/\/cinier-b.com\/particuliers\/soins-naturels-particuliers\/\"},{\"@type\":\"ListItem\",\"position\":2,\"name\":\"Boutique\",\"item\":\"https:\/\/cinier-b.com\/particuliers\/boutique\/\"},{\"@type\":\"ListItem\",\"position\":3,\"name\":\"Pain d&#8217;Alep &#8211; Olive et Laurier\"}]},{\"@type\":\"WebSite\",\"@id\":\"https:\/\/cinier-b.com\/particuliers\/#website\",\"url\":\"https:\/\/cinier-b.com\/particuliers\/\",\"name\":\"Particuliers - Cinier-B Laboratoires\",\"description\":\"Aromatherapie et podologie\",\"potentialAction\":[{\"@type\":\"SearchAction\",\"target\":{\"@type\":\"EntryPoint\",\"urlTemplate\":\"https:\/\/cinier-b.com\/particuliers\/?s={search_term_string}\"},\"query-input\":{\"@type\":\"PropertyValueSpecification\",\"valueRequired\":true,\"valueName\":\"search_term_string\"}}],\"inLanguage\":\"fr-FR\"}]}<\/script>\n<!-- \/ Yoast SEO plugin. -->","yoast_head_json":{"title":"Pain d'Alep - Olive et Laurier - Particuliers - Cinier-B Laboratoires","robots":{"index":"index","follow":"follow","max-snippet":"max-snippet:-1","max-image-preview":"max-image-preview:large","max-video-preview":"max-video-preview:-1"},"canonical":"https:\/\/cinier-b.com\/particuliers\/boutique\/savons-dalep-et-produits-autour-du-bain\/savons-alep\/pain-alep-olive-laurier\/","og_locale":"fr_FR","og_type":"article","og_title":"Pain d'Alep - Olive et Laurier - Particuliers - Cinier-B Laboratoires","og_description":"PAIN D'ALEP Olive &amp; Laurier.  200g","og_url":"https:\/\/cinier-b.com\/particuliers\/boutique\/savons-dalep-et-produits-autour-du-bain\/savons-alep\/pain-alep-olive-laurier\/","og_site_name":"Particuliers - Cinier-B Laboratoires","article_modified_time":"2023-07-04T15:13:39+00:00","og_image":[{"width":488,"height":488,"url":"https:\/\/cinier-b.com\/particuliers\/wp-content\/uploads\/2015\/07\/PAIN_D_ALEP_Olive.jpg","type":"image\/jpeg"}],"twitter_card":"summary_large_image","twitter_misc":{"Dur\u00e9e de lecture estim\u00e9e":"1 minute"},"schema":{"@context":"https:\/\/schema.org","@graph":[{"@type":"WebPage","@id":"https:\/\/cinier-b.com\/particuliers\/boutique\/savons-dalep-et-produits-autour-du-bain\/savons-alep\/pain-alep-olive-laurier\/","url":"https:\/\/cinier-b.com\/particuliers\/boutique\/savons-dalep-et-produits-autour-du-bain\/savons-alep\/pain-alep-olive-laurier\/","name":"Pain d'Alep - Olive et Laurier - Particuliers - Cinier-B Laboratoires","isPartOf":{"@id":"https:\/\/cinier-b.com\/particuliers\/#website"},"primaryImageOfPage":{"@id":"https:\/\/cinier-b.com\/particuliers\/boutique\/savons-dalep-et-produits-autour-du-bain\/savons-alep\/pain-alep-olive-laurier\/#primaryimage"},"image":{"@id":"https:\/\/cinier-b.com\/particuliers\/boutique\/savons-dalep-et-produits-autour-du-bain\/savons-alep\/pain-alep-olive-laurier\/#primaryimage"},"thumbnailUrl":"https:\/\/cinier-b.com\/particuliers\/wp-content\/uploads\/2015\/07\/PAIN_D_ALEP_Olive.jpg","datePublished":"2019-07-06T16:01:09+00:00","dateModified":"2023-07-04T15:13:39+00:00","breadcrumb":{"@id":"https:\/\/cinier-b.com\/particuliers\/boutique\/savons-dalep-et-produits-autour-du-bain\/savons-alep\/pain-alep-olive-laurier\/#breadcrumb"},"inLanguage":"fr-FR","potentialAction":[{"@type":"ReadAction","target":["https:\/\/cinier-b.com\/particuliers\/boutique\/savons-dalep-et-produits-autour-du-bain\/savons-alep\/pain-alep-olive-laurier\/"]}]},{"@type":"ImageObject","inLanguage":"fr-FR","@id":"https:\/\/cinier-b.com\/particuliers\/boutique\/savons-dalep-et-produits-autour-du-bain\/savons-alep\/pain-alep-olive-laurier\/#primaryimage","url":"https:\/\/cinier-b.com\/particuliers\/wp-content\/uploads\/2015\/07\/PAIN_D_ALEP_Olive.jpg","contentUrl":"https:\/\/cinier-b.com\/particuliers\/wp-content\/uploads\/2015\/07\/PAIN_D_ALEP_Olive.jpg","width":488,"height":488},{"@type":"BreadcrumbList","@id":"https:\/\/cinier-b.com\/particuliers\/boutique\/savons-dalep-et-produits-autour-du-bain\/savons-alep\/pain-alep-olive-laurier\/#breadcrumb","itemListElement":[{"@type":"ListItem","position":1,"name":"Accueil","item":"https:\/\/cinier-b.com\/particuliers\/soins-naturels-particuliers\/"},{"@type":"ListItem","position":2,"name":"Boutique","item":"https:\/\/cinier-b.com\/particuliers\/boutique\/"},{"@type":"ListItem","position":3,"name":"Pain d&#8217;Alep &#8211; Olive et Laurier"}]},{"@type":"WebSite","@id":"https:\/\/cinier-b.com\/particuliers\/#website","url":"https:\/\/cinier-b.com\/particuliers\/","name":"Particuliers - Cinier-B Laboratoires","description":"Aromatherapie et podologie","potentialAction":[{"@type":"SearchAction","target":{"@type":"EntryPoint","urlTemplate":"https:\/\/cinier-b.com\/particuliers\/?s={search_term_string}"},"query-input":{"@type":"PropertyValueSpecification","valueRequired":true,"valueName":"search_term_string"}}],"inLanguage":"fr-FR"}]}},"_links":{"self":[{"href":"https:\/\/cinier-b.com\/particuliers\/wp-json\/wp\/v2\/product\/884","targetHints":{"allow":["GET"]}}],"collection":[{"href":"https:\/\/cinier-b.com\/particuliers\/wp-json\/wp\/v2\/product"}],"about":[{"href":"https:\/\/cinier-b.com\/particuliers\/wp-json\/wp\/v2\/types\/product"}],"wp:featuredmedia":[{"embeddable":true,"href":"https:\/\/cinier-b.com\/particuliers\/wp-json\/wp\/v2\/media\/3081"}],"wp:attachment":[{"href":"https:\/\/cinier-b.com\/particuliers\/wp-json\/wp\/v2\/media?parent=884"}],"wp:term":[{"taxonomy":"product_brand","embeddable":true,"href":"https:\/\/cinier-b.com\/particuliers\/wp-json\/wp\/v2\/product_brand?post=884"},{"taxonomy":"product_cat","embeddable":true,"href":"https:\/\/cinier-b.com\/particuliers\/wp-json\/wp\/v2\/product_cat?post=884"},{"taxonomy":"product_tag","embeddable":true,"href":"https:\/\/cinier-b.com\/particuliers\/wp-json\/wp\/v2\/product_tag?post=884"}],"curies":[{"name":"wp","href":"https:\/\/api.w.org\/{rel}","templated":true}]}}