{"id":8738,"date":"2022-09-12T11:27:09","date_gmt":"2022-09-12T10:27:09","guid":{"rendered":"https:\/\/cinier-b.com\/particuliers\/?post_type=product&#038;p=8738"},"modified":"2023-10-03T15:14:40","modified_gmt":"2023-10-03T14:14:40","slug":"huile-essentielle-bois-de-ho-shiu","status":"publish","type":"product","link":"https:\/\/cinier-b.com\/particuliers\/boutique\/aromatherapie\/les-huiles-essentielles\/huile-essentielle-bois-de-ho-shiu\/","title":{"rendered":"Huile Essentielle | BOIS DE H\u00d4 (shiu)"},"content":{"rendered":"<p>Bois de H\u00d4 ( SHIU)<\/p>\n<p>Nom latin : Cinnamomum camphora var.linalooliferum<\/p>\n<p>Partie distill\u00e9e : Bois et Feuilles &#8211; Culture : conventionnelle<\/p>\n<p>Origine: Chine<\/p>\n<p>Chaque lot d\u2019huile essentielle de Bois de H\u00d4 ( SHIU) que nous commercialisons est choisi par G\u00e9rard BRZEGOWI sur la base de son \u00e9valuation chromatographique, afin d&rsquo;atteindre une capacit\u00e9 optimale de traitement aromatique. Cinier B s\u2019engage pour une aromath\u00e9rapie de qualit\u00e9 et responsable.<\/p>\n<p><b>Le + Cinier B :<\/b><\/p>\n<p>&#8211; Livraison standard en offerte \u00e0 partir de 190\u20ac HT d&rsquo;achats (France m\u00e9tropolitaine)<\/p>\n<p>&nbsp;<\/p>\n","protected":false},"excerpt":{"rendered":"<p>Bois de H\u00d4 ( SHIU) Nom latin : Cinnamomum camphora var.linalooliferum Partie distill\u00e9e : Bois et Feuilles &#8211; Culture : conventionnelle Origine: Chine Chaque lot d\u2019huile essentielle de Bois de H\u00d4 ( SHIU) que nous commercialisons est choisi par G\u00e9rard BRZEGOWI sur la base de son \u00e9valuation chromatographique, afin d&rsquo;atteindre une capacit\u00e9 optimale de traitement [&hellip;]<\/p>\n","protected":false},"featured_media":3847,"template":"","meta":[],"product_brand":[],"product_cat":[32,67],"product_tag":[],"class_list":{"0":"post-8738","1":"product","2":"type-product","3":"status-publish","4":"has-post-thumbnail","6":"product_cat-aromatherapie","7":"product_cat-les-huiles-essentielles","8":"pa_volume-10ml","9":"pa_volume-30ml","11":"first","12":"instock","13":"taxable","14":"shipping-taxable","15":"purchasable","16":"product-type-variable"},"yoast_head":"<!-- This site is optimized with the Yoast SEO plugin v25.5 - https:\/\/yoast.com\/wordpress\/plugins\/seo\/ -->\n<title>Huile Essentielle | BOIS DE H\u00d4 (shiu) - Particuliers - Cinier-B Laboratoires<\/title>\n<meta name=\"robots\" content=\"index, follow, max-snippet:-1, max-image-preview:large, max-video-preview:-1\" \/>\n<link rel=\"canonical\" href=\"https:\/\/cinier-b.com\/particuliers\/boutique\/aromatherapie\/les-huiles-essentielles\/huile-essentielle-bois-de-ho-shiu\/\" \/>\n<meta property=\"og:locale\" content=\"fr_FR\" \/>\n<meta property=\"og:type\" content=\"article\" \/>\n<meta property=\"og:title\" content=\"Huile Essentielle | BOIS DE H\u00d4 (shiu) - Particuliers - Cinier-B Laboratoires\" \/>\n<meta property=\"og:description\" content=\"Bois de H\u00d4 ( SHIU) Nom latin : Cinnamomum camphora var.linalooliferum Partie distill\u00e9e : Bois et Feuilles &#8211; Culture : conventionnelle Origine: Chine Chaque lot d\u2019huile essentielle de Bois de H\u00d4 ( SHIU) que nous commercialisons est choisi par G\u00e9rard BRZEGOWI sur la base de son \u00e9valuation chromatographique, afin d&rsquo;atteindre une capacit\u00e9 optimale de traitement [&hellip;]\" \/>\n<meta property=\"og:url\" content=\"https:\/\/cinier-b.com\/particuliers\/boutique\/aromatherapie\/les-huiles-essentielles\/huile-essentielle-bois-de-ho-shiu\/\" \/>\n<meta property=\"og:site_name\" content=\"Particuliers - Cinier-B Laboratoires\" \/>\n<meta property=\"article:modified_time\" content=\"2023-10-03T14:14:40+00:00\" \/>\n<meta property=\"og:image\" content=\"https:\/\/cinier-b.com\/particuliers\/wp-content\/uploads\/2019\/09\/HE-generique2.jpg\" \/>\n\t<meta property=\"og:image:width\" content=\"400\" \/>\n\t<meta property=\"og:image:height\" content=\"400\" \/>\n\t<meta property=\"og:image:type\" content=\"image\/jpeg\" \/>\n<meta name=\"twitter:card\" content=\"summary_large_image\" \/>\n<meta name=\"twitter:label1\" content=\"Dur\u00e9e de lecture estim\u00e9e\" \/>\n\t<meta name=\"twitter:data1\" content=\"1 minute\" \/>\n<script type=\"application\/ld+json\" class=\"yoast-schema-graph\">{\"@context\":\"https:\/\/schema.org\",\"@graph\":[{\"@type\":\"WebPage\",\"@id\":\"https:\/\/cinier-b.com\/particuliers\/boutique\/aromatherapie\/les-huiles-essentielles\/huile-essentielle-bois-de-ho-shiu\/\",\"url\":\"https:\/\/cinier-b.com\/particuliers\/boutique\/aromatherapie\/les-huiles-essentielles\/huile-essentielle-bois-de-ho-shiu\/\",\"name\":\"Huile Essentielle | BOIS DE H\u00d4 (shiu) - Particuliers - Cinier-B Laboratoires\",\"isPartOf\":{\"@id\":\"https:\/\/cinier-b.com\/particuliers\/#website\"},\"primaryImageOfPage\":{\"@id\":\"https:\/\/cinier-b.com\/particuliers\/boutique\/aromatherapie\/les-huiles-essentielles\/huile-essentielle-bois-de-ho-shiu\/#primaryimage\"},\"image\":{\"@id\":\"https:\/\/cinier-b.com\/particuliers\/boutique\/aromatherapie\/les-huiles-essentielles\/huile-essentielle-bois-de-ho-shiu\/#primaryimage\"},\"thumbnailUrl\":\"https:\/\/cinier-b.com\/particuliers\/wp-content\/uploads\/2019\/09\/HE-generique2.jpg\",\"datePublished\":\"2022-09-12T10:27:09+00:00\",\"dateModified\":\"2023-10-03T14:14:40+00:00\",\"breadcrumb\":{\"@id\":\"https:\/\/cinier-b.com\/particuliers\/boutique\/aromatherapie\/les-huiles-essentielles\/huile-essentielle-bois-de-ho-shiu\/#breadcrumb\"},\"inLanguage\":\"fr-FR\",\"potentialAction\":[{\"@type\":\"ReadAction\",\"target\":[\"https:\/\/cinier-b.com\/particuliers\/boutique\/aromatherapie\/les-huiles-essentielles\/huile-essentielle-bois-de-ho-shiu\/\"]}]},{\"@type\":\"ImageObject\",\"inLanguage\":\"fr-FR\",\"@id\":\"https:\/\/cinier-b.com\/particuliers\/boutique\/aromatherapie\/les-huiles-essentielles\/huile-essentielle-bois-de-ho-shiu\/#primaryimage\",\"url\":\"https:\/\/cinier-b.com\/particuliers\/wp-content\/uploads\/2019\/09\/HE-generique2.jpg\",\"contentUrl\":\"https:\/\/cinier-b.com\/particuliers\/wp-content\/uploads\/2019\/09\/HE-generique2.jpg\",\"width\":400,\"height\":400},{\"@type\":\"BreadcrumbList\",\"@id\":\"https:\/\/cinier-b.com\/particuliers\/boutique\/aromatherapie\/les-huiles-essentielles\/huile-essentielle-bois-de-ho-shiu\/#breadcrumb\",\"itemListElement\":[{\"@type\":\"ListItem\",\"position\":1,\"name\":\"Accueil\",\"item\":\"https:\/\/cinier-b.com\/particuliers\/soins-naturels-particuliers\/\"},{\"@type\":\"ListItem\",\"position\":2,\"name\":\"Boutique\",\"item\":\"https:\/\/cinier-b.com\/particuliers\/boutique\/\"},{\"@type\":\"ListItem\",\"position\":3,\"name\":\"Huile Essentielle | BOIS DE H\u00d4 (shiu)\"}]},{\"@type\":\"WebSite\",\"@id\":\"https:\/\/cinier-b.com\/particuliers\/#website\",\"url\":\"https:\/\/cinier-b.com\/particuliers\/\",\"name\":\"Particuliers - Cinier-B Laboratoires\",\"description\":\"Aromatherapie et podologie\",\"potentialAction\":[{\"@type\":\"SearchAction\",\"target\":{\"@type\":\"EntryPoint\",\"urlTemplate\":\"https:\/\/cinier-b.com\/particuliers\/?s={search_term_string}\"},\"query-input\":{\"@type\":\"PropertyValueSpecification\",\"valueRequired\":true,\"valueName\":\"search_term_string\"}}],\"inLanguage\":\"fr-FR\"}]}<\/script>\n<!-- \/ Yoast SEO plugin. -->","yoast_head_json":{"title":"Huile Essentielle | BOIS DE H\u00d4 (shiu) - Particuliers - Cinier-B Laboratoires","robots":{"index":"index","follow":"follow","max-snippet":"max-snippet:-1","max-image-preview":"max-image-preview:large","max-video-preview":"max-video-preview:-1"},"canonical":"https:\/\/cinier-b.com\/particuliers\/boutique\/aromatherapie\/les-huiles-essentielles\/huile-essentielle-bois-de-ho-shiu\/","og_locale":"fr_FR","og_type":"article","og_title":"Huile Essentielle | BOIS DE H\u00d4 (shiu) - Particuliers - Cinier-B Laboratoires","og_description":"Bois de H\u00d4 ( SHIU) Nom latin : Cinnamomum camphora var.linalooliferum Partie distill\u00e9e : Bois et Feuilles &#8211; Culture : conventionnelle Origine: Chine Chaque lot d\u2019huile essentielle de Bois de H\u00d4 ( SHIU) que nous commercialisons est choisi par G\u00e9rard BRZEGOWI sur la base de son \u00e9valuation chromatographique, afin d&rsquo;atteindre une capacit\u00e9 optimale de traitement [&hellip;]","og_url":"https:\/\/cinier-b.com\/particuliers\/boutique\/aromatherapie\/les-huiles-essentielles\/huile-essentielle-bois-de-ho-shiu\/","og_site_name":"Particuliers - Cinier-B Laboratoires","article_modified_time":"2023-10-03T14:14:40+00:00","og_image":[{"width":400,"height":400,"url":"https:\/\/cinier-b.com\/particuliers\/wp-content\/uploads\/2019\/09\/HE-generique2.jpg","type":"image\/jpeg"}],"twitter_card":"summary_large_image","twitter_misc":{"Dur\u00e9e de lecture estim\u00e9e":"1 minute"},"schema":{"@context":"https:\/\/schema.org","@graph":[{"@type":"WebPage","@id":"https:\/\/cinier-b.com\/particuliers\/boutique\/aromatherapie\/les-huiles-essentielles\/huile-essentielle-bois-de-ho-shiu\/","url":"https:\/\/cinier-b.com\/particuliers\/boutique\/aromatherapie\/les-huiles-essentielles\/huile-essentielle-bois-de-ho-shiu\/","name":"Huile Essentielle | BOIS DE H\u00d4 (shiu) - Particuliers - Cinier-B Laboratoires","isPartOf":{"@id":"https:\/\/cinier-b.com\/particuliers\/#website"},"primaryImageOfPage":{"@id":"https:\/\/cinier-b.com\/particuliers\/boutique\/aromatherapie\/les-huiles-essentielles\/huile-essentielle-bois-de-ho-shiu\/#primaryimage"},"image":{"@id":"https:\/\/cinier-b.com\/particuliers\/boutique\/aromatherapie\/les-huiles-essentielles\/huile-essentielle-bois-de-ho-shiu\/#primaryimage"},"thumbnailUrl":"https:\/\/cinier-b.com\/particuliers\/wp-content\/uploads\/2019\/09\/HE-generique2.jpg","datePublished":"2022-09-12T10:27:09+00:00","dateModified":"2023-10-03T14:14:40+00:00","breadcrumb":{"@id":"https:\/\/cinier-b.com\/particuliers\/boutique\/aromatherapie\/les-huiles-essentielles\/huile-essentielle-bois-de-ho-shiu\/#breadcrumb"},"inLanguage":"fr-FR","potentialAction":[{"@type":"ReadAction","target":["https:\/\/cinier-b.com\/particuliers\/boutique\/aromatherapie\/les-huiles-essentielles\/huile-essentielle-bois-de-ho-shiu\/"]}]},{"@type":"ImageObject","inLanguage":"fr-FR","@id":"https:\/\/cinier-b.com\/particuliers\/boutique\/aromatherapie\/les-huiles-essentielles\/huile-essentielle-bois-de-ho-shiu\/#primaryimage","url":"https:\/\/cinier-b.com\/particuliers\/wp-content\/uploads\/2019\/09\/HE-generique2.jpg","contentUrl":"https:\/\/cinier-b.com\/particuliers\/wp-content\/uploads\/2019\/09\/HE-generique2.jpg","width":400,"height":400},{"@type":"BreadcrumbList","@id":"https:\/\/cinier-b.com\/particuliers\/boutique\/aromatherapie\/les-huiles-essentielles\/huile-essentielle-bois-de-ho-shiu\/#breadcrumb","itemListElement":[{"@type":"ListItem","position":1,"name":"Accueil","item":"https:\/\/cinier-b.com\/particuliers\/soins-naturels-particuliers\/"},{"@type":"ListItem","position":2,"name":"Boutique","item":"https:\/\/cinier-b.com\/particuliers\/boutique\/"},{"@type":"ListItem","position":3,"name":"Huile Essentielle | BOIS DE H\u00d4 (shiu)"}]},{"@type":"WebSite","@id":"https:\/\/cinier-b.com\/particuliers\/#website","url":"https:\/\/cinier-b.com\/particuliers\/","name":"Particuliers - Cinier-B Laboratoires","description":"Aromatherapie et podologie","potentialAction":[{"@type":"SearchAction","target":{"@type":"EntryPoint","urlTemplate":"https:\/\/cinier-b.com\/particuliers\/?s={search_term_string}"},"query-input":{"@type":"PropertyValueSpecification","valueRequired":true,"valueName":"search_term_string"}}],"inLanguage":"fr-FR"}]}},"_links":{"self":[{"href":"https:\/\/cinier-b.com\/particuliers\/wp-json\/wp\/v2\/product\/8738","targetHints":{"allow":["GET"]}}],"collection":[{"href":"https:\/\/cinier-b.com\/particuliers\/wp-json\/wp\/v2\/product"}],"about":[{"href":"https:\/\/cinier-b.com\/particuliers\/wp-json\/wp\/v2\/types\/product"}],"wp:featuredmedia":[{"embeddable":true,"href":"https:\/\/cinier-b.com\/particuliers\/wp-json\/wp\/v2\/media\/3847"}],"wp:attachment":[{"href":"https:\/\/cinier-b.com\/particuliers\/wp-json\/wp\/v2\/media?parent=8738"}],"wp:term":[{"taxonomy":"product_brand","embeddable":true,"href":"https:\/\/cinier-b.com\/particuliers\/wp-json\/wp\/v2\/product_brand?post=8738"},{"taxonomy":"product_cat","embeddable":true,"href":"https:\/\/cinier-b.com\/particuliers\/wp-json\/wp\/v2\/product_cat?post=8738"},{"taxonomy":"product_tag","embeddable":true,"href":"https:\/\/cinier-b.com\/particuliers\/wp-json\/wp\/v2\/product_tag?post=8738"}],"curies":[{"name":"wp","href":"https:\/\/api.w.org\/{rel}","templated":true}]}}