{"id":872,"date":"2015-03-06T23:34:28","date_gmt":"2015-03-06T22:34:28","guid":{"rendered":"http:\/\/particuliers.cinier-b.com\/produit\/hydrolat-de-sauge-officinale-france-bio\/"},"modified":"2024-05-14T14:54:34","modified_gmt":"2024-05-14T13:54:34","slug":"hydrolat-de-sauge-officinale-france-bio","status":"publish","type":"product","link":"https:\/\/cinier-b.com\/particuliers\/boutique\/huiles-essentielles-aromatherapie\/hydrolats-aromatiques\/hydrolat-de-sauge-officinale-france-bio\/","title":{"rendered":"HYDROLAT SAUGE Officinale  France  BIO : Purifiant &#038; Equilibrant-Assainit"},"content":{"rendered":"<p>L\u2019Eau florale ou Hydrolat aromatique est la vapeur d\u2019eau refroidie ayant servie \u00e0 entrainer les mol\u00e9cules aromatiques de la plante lors de sa distillation. Elle est charg\u00e9e en substances v\u00e9g\u00e9tales solubles dans l\u2019eau et contient quelques traces dispers\u00e9es d\u2019huile essentielle.<\/p>\n<p>Nos hydrolats 100% purs et naturels ne contiennent ni alcool ni conservateur. Leur pr\u00e9sentation en flacon pulv\u00e9risateur opaque les prot\u00e8gent de la lumi\u00e8re et de l\u2019air et leurs offre ainsi une meilleure conservation. Il est cependant conseill\u00e9 de les conserver au frais et de les tenir \u00e9loign\u00e9s d\u2019une source directe de chaleur.<\/p>\n<p>En voie externe les hydrolats\u00a0 sont particuli\u00e8rement bien tol\u00e9r\u00e9s, ils sont utilis\u00e9s en brumisation pour les soins cutan\u00e9s. Utilisation par voie orale, en infusion ou spray pour ses indications th\u00e9rapeutiques, \u00e9nerg\u00e9tiques et psycho-\u00e9motionnelles.<\/p>\n<p>&nbsp;<\/p>\n<hr \/>\n<p><img decoding=\"async\" src=\"https:\/\/cinier-b.com\/cinierbpart\/images\/stories\/ECOCERT-AB.jpg\" alt=\"alt\" border=\"0\" \/>Les produits portant la mention BIO sont issus de l&rsquo;Agriculture Biologique et certifi\u00e9s par ECOCERT FR-BIO-01<\/p>\n<address>Les eaux florales ou hydrolats 100% purs et naturels ne contiennent ni alcool ni conservateur. Ces produits \u00e9tant sujet aux pollutions microbiologiques, il faut les conserver \u00e0 l&rsquo;abri de l&rsquo;air, de la lumi\u00e8re et \u00e0 temp\u00e9rature stable.<\/address>\n<address>Pour une meilleure conservation tous nos hydrolats sont pr\u00e9sent\u00e9es en flacon pulv\u00e9risateur aluminium opaque. Il est vivement conseill\u00e9 de les conserver au frais et de les tenir \u00e9loign\u00e9s d&rsquo;une source directe de chaleur.<\/address>\n","protected":false},"excerpt":{"rendered":"<p><strong>Recommand\u00e9 pour les pores dilat\u00e9es, peau rid\u00e9e et en lotion du cuir chevelu.<\/strong><\/p>\n<p>Ingr\u00e9dients: Salvia officinalis flower water<\/p>\n<p>100% pur et naturel, biologique, Origine France<\/p>\n<p>Flacon aluminium opaque \u00e0 pompe 200ml<\/p>\n","protected":false},"featured_media":9995,"template":"","meta":[],"product_brand":[],"product_cat":[137,35],"product_tag":[],"class_list":{"0":"post-872","1":"product","2":"type-product","3":"status-publish","4":"has-post-thumbnail","6":"product_cat-nos-14-hydrolats","7":"product_cat-hydrolats-aromatiques","9":"first","10":"instock","11":"featured","12":"taxable","13":"shipping-taxable","14":"purchasable","15":"product-type-simple"},"yoast_head":"<!-- This site is optimized with the Yoast SEO plugin v25.5 - https:\/\/yoast.com\/wordpress\/plugins\/seo\/ -->\n<title>HYDROLAT SAUGE Officinale France BIO : Purifiant &amp; Equilibrant-Assainit - Particuliers - Cinier-B Laboratoires<\/title>\n<meta name=\"robots\" content=\"index, follow, max-snippet:-1, max-image-preview:large, max-video-preview:-1\" \/>\n<link rel=\"canonical\" href=\"https:\/\/cinier-b.com\/particuliers\/boutique\/huiles-essentielles-aromatherapie\/hydrolats-aromatiques\/hydrolat-de-sauge-officinale-france-bio\/\" \/>\n<meta property=\"og:locale\" content=\"fr_FR\" \/>\n<meta property=\"og:type\" content=\"article\" \/>\n<meta property=\"og:title\" content=\"HYDROLAT SAUGE Officinale France BIO : Purifiant &amp; Equilibrant-Assainit - Particuliers - Cinier-B Laboratoires\" \/>\n<meta property=\"og:description\" content=\"Recommand\u00e9 pour les pores dilat\u00e9es, peau rid\u00e9e et en lotion du cuir chevelu.  Ingr\u00e9dients: Salvia officinalis flower water  100% pur et naturel, biologique, Origine France  Flacon aluminium opaque \u00e0 pompe 200ml\" \/>\n<meta property=\"og:url\" content=\"https:\/\/cinier-b.com\/particuliers\/boutique\/huiles-essentielles-aromatherapie\/hydrolats-aromatiques\/hydrolat-de-sauge-officinale-france-bio\/\" \/>\n<meta property=\"og:site_name\" content=\"Particuliers - Cinier-B Laboratoires\" \/>\n<meta property=\"article:modified_time\" content=\"2024-05-14T13:54:34+00:00\" \/>\n<meta property=\"og:image\" content=\"https:\/\/cinier-b.com\/particuliers\/wp-content\/uploads\/2015\/03\/hydrolat_sauge_-removebg-preview.png\" \/>\n\t<meta property=\"og:image:width\" content=\"500\" \/>\n\t<meta property=\"og:image:height\" content=\"500\" \/>\n\t<meta property=\"og:image:type\" content=\"image\/png\" \/>\n<meta name=\"twitter:card\" content=\"summary_large_image\" \/>\n<meta name=\"twitter:label1\" content=\"Dur\u00e9e de lecture estim\u00e9e\" \/>\n\t<meta name=\"twitter:data1\" content=\"2 minutes\" \/>\n<script type=\"application\/ld+json\" class=\"yoast-schema-graph\">{\"@context\":\"https:\/\/schema.org\",\"@graph\":[{\"@type\":\"WebPage\",\"@id\":\"https:\/\/cinier-b.com\/particuliers\/boutique\/huiles-essentielles-aromatherapie\/hydrolats-aromatiques\/hydrolat-de-sauge-officinale-france-bio\/\",\"url\":\"https:\/\/cinier-b.com\/particuliers\/boutique\/huiles-essentielles-aromatherapie\/hydrolats-aromatiques\/hydrolat-de-sauge-officinale-france-bio\/\",\"name\":\"HYDROLAT SAUGE Officinale France BIO : Purifiant & Equilibrant-Assainit - Particuliers - Cinier-B Laboratoires\",\"isPartOf\":{\"@id\":\"https:\/\/cinier-b.com\/particuliers\/#website\"},\"primaryImageOfPage\":{\"@id\":\"https:\/\/cinier-b.com\/particuliers\/boutique\/huiles-essentielles-aromatherapie\/hydrolats-aromatiques\/hydrolat-de-sauge-officinale-france-bio\/#primaryimage\"},\"image\":{\"@id\":\"https:\/\/cinier-b.com\/particuliers\/boutique\/huiles-essentielles-aromatherapie\/hydrolats-aromatiques\/hydrolat-de-sauge-officinale-france-bio\/#primaryimage\"},\"thumbnailUrl\":\"https:\/\/cinier-b.com\/particuliers\/wp-content\/uploads\/2015\/03\/hydrolat_sauge_-removebg-preview.png\",\"datePublished\":\"2015-03-06T22:34:28+00:00\",\"dateModified\":\"2024-05-14T13:54:34+00:00\",\"breadcrumb\":{\"@id\":\"https:\/\/cinier-b.com\/particuliers\/boutique\/huiles-essentielles-aromatherapie\/hydrolats-aromatiques\/hydrolat-de-sauge-officinale-france-bio\/#breadcrumb\"},\"inLanguage\":\"fr-FR\",\"potentialAction\":[{\"@type\":\"ReadAction\",\"target\":[\"https:\/\/cinier-b.com\/particuliers\/boutique\/huiles-essentielles-aromatherapie\/hydrolats-aromatiques\/hydrolat-de-sauge-officinale-france-bio\/\"]}]},{\"@type\":\"ImageObject\",\"inLanguage\":\"fr-FR\",\"@id\":\"https:\/\/cinier-b.com\/particuliers\/boutique\/huiles-essentielles-aromatherapie\/hydrolats-aromatiques\/hydrolat-de-sauge-officinale-france-bio\/#primaryimage\",\"url\":\"https:\/\/cinier-b.com\/particuliers\/wp-content\/uploads\/2015\/03\/hydrolat_sauge_-removebg-preview.png\",\"contentUrl\":\"https:\/\/cinier-b.com\/particuliers\/wp-content\/uploads\/2015\/03\/hydrolat_sauge_-removebg-preview.png\",\"width\":500,\"height\":500},{\"@type\":\"BreadcrumbList\",\"@id\":\"https:\/\/cinier-b.com\/particuliers\/boutique\/huiles-essentielles-aromatherapie\/hydrolats-aromatiques\/hydrolat-de-sauge-officinale-france-bio\/#breadcrumb\",\"itemListElement\":[{\"@type\":\"ListItem\",\"position\":1,\"name\":\"Accueil\",\"item\":\"https:\/\/cinier-b.com\/particuliers\/soins-naturels-particuliers\/\"},{\"@type\":\"ListItem\",\"position\":2,\"name\":\"Boutique\",\"item\":\"https:\/\/cinier-b.com\/particuliers\/boutique\/\"},{\"@type\":\"ListItem\",\"position\":3,\"name\":\"HYDROLAT SAUGE Officinale France BIO : Purifiant &#038; Equilibrant-Assainit\"}]},{\"@type\":\"WebSite\",\"@id\":\"https:\/\/cinier-b.com\/particuliers\/#website\",\"url\":\"https:\/\/cinier-b.com\/particuliers\/\",\"name\":\"Particuliers - Cinier-B Laboratoires\",\"description\":\"Aromatherapie et podologie\",\"potentialAction\":[{\"@type\":\"SearchAction\",\"target\":{\"@type\":\"EntryPoint\",\"urlTemplate\":\"https:\/\/cinier-b.com\/particuliers\/?s={search_term_string}\"},\"query-input\":{\"@type\":\"PropertyValueSpecification\",\"valueRequired\":true,\"valueName\":\"search_term_string\"}}],\"inLanguage\":\"fr-FR\"}]}<\/script>\n<!-- \/ Yoast SEO plugin. -->","yoast_head_json":{"title":"HYDROLAT SAUGE Officinale France BIO : Purifiant & Equilibrant-Assainit - Particuliers - Cinier-B Laboratoires","robots":{"index":"index","follow":"follow","max-snippet":"max-snippet:-1","max-image-preview":"max-image-preview:large","max-video-preview":"max-video-preview:-1"},"canonical":"https:\/\/cinier-b.com\/particuliers\/boutique\/huiles-essentielles-aromatherapie\/hydrolats-aromatiques\/hydrolat-de-sauge-officinale-france-bio\/","og_locale":"fr_FR","og_type":"article","og_title":"HYDROLAT SAUGE Officinale France BIO : Purifiant & Equilibrant-Assainit - Particuliers - Cinier-B Laboratoires","og_description":"Recommand\u00e9 pour les pores dilat\u00e9es, peau rid\u00e9e et en lotion du cuir chevelu.  Ingr\u00e9dients: Salvia officinalis flower water  100% pur et naturel, biologique, Origine France  Flacon aluminium opaque \u00e0 pompe 200ml","og_url":"https:\/\/cinier-b.com\/particuliers\/boutique\/huiles-essentielles-aromatherapie\/hydrolats-aromatiques\/hydrolat-de-sauge-officinale-france-bio\/","og_site_name":"Particuliers - Cinier-B Laboratoires","article_modified_time":"2024-05-14T13:54:34+00:00","og_image":[{"width":500,"height":500,"url":"https:\/\/cinier-b.com\/particuliers\/wp-content\/uploads\/2015\/03\/hydrolat_sauge_-removebg-preview.png","type":"image\/png"}],"twitter_card":"summary_large_image","twitter_misc":{"Dur\u00e9e de lecture estim\u00e9e":"2 minutes"},"schema":{"@context":"https:\/\/schema.org","@graph":[{"@type":"WebPage","@id":"https:\/\/cinier-b.com\/particuliers\/boutique\/huiles-essentielles-aromatherapie\/hydrolats-aromatiques\/hydrolat-de-sauge-officinale-france-bio\/","url":"https:\/\/cinier-b.com\/particuliers\/boutique\/huiles-essentielles-aromatherapie\/hydrolats-aromatiques\/hydrolat-de-sauge-officinale-france-bio\/","name":"HYDROLAT SAUGE Officinale France BIO : Purifiant & Equilibrant-Assainit - Particuliers - Cinier-B Laboratoires","isPartOf":{"@id":"https:\/\/cinier-b.com\/particuliers\/#website"},"primaryImageOfPage":{"@id":"https:\/\/cinier-b.com\/particuliers\/boutique\/huiles-essentielles-aromatherapie\/hydrolats-aromatiques\/hydrolat-de-sauge-officinale-france-bio\/#primaryimage"},"image":{"@id":"https:\/\/cinier-b.com\/particuliers\/boutique\/huiles-essentielles-aromatherapie\/hydrolats-aromatiques\/hydrolat-de-sauge-officinale-france-bio\/#primaryimage"},"thumbnailUrl":"https:\/\/cinier-b.com\/particuliers\/wp-content\/uploads\/2015\/03\/hydrolat_sauge_-removebg-preview.png","datePublished":"2015-03-06T22:34:28+00:00","dateModified":"2024-05-14T13:54:34+00:00","breadcrumb":{"@id":"https:\/\/cinier-b.com\/particuliers\/boutique\/huiles-essentielles-aromatherapie\/hydrolats-aromatiques\/hydrolat-de-sauge-officinale-france-bio\/#breadcrumb"},"inLanguage":"fr-FR","potentialAction":[{"@type":"ReadAction","target":["https:\/\/cinier-b.com\/particuliers\/boutique\/huiles-essentielles-aromatherapie\/hydrolats-aromatiques\/hydrolat-de-sauge-officinale-france-bio\/"]}]},{"@type":"ImageObject","inLanguage":"fr-FR","@id":"https:\/\/cinier-b.com\/particuliers\/boutique\/huiles-essentielles-aromatherapie\/hydrolats-aromatiques\/hydrolat-de-sauge-officinale-france-bio\/#primaryimage","url":"https:\/\/cinier-b.com\/particuliers\/wp-content\/uploads\/2015\/03\/hydrolat_sauge_-removebg-preview.png","contentUrl":"https:\/\/cinier-b.com\/particuliers\/wp-content\/uploads\/2015\/03\/hydrolat_sauge_-removebg-preview.png","width":500,"height":500},{"@type":"BreadcrumbList","@id":"https:\/\/cinier-b.com\/particuliers\/boutique\/huiles-essentielles-aromatherapie\/hydrolats-aromatiques\/hydrolat-de-sauge-officinale-france-bio\/#breadcrumb","itemListElement":[{"@type":"ListItem","position":1,"name":"Accueil","item":"https:\/\/cinier-b.com\/particuliers\/soins-naturels-particuliers\/"},{"@type":"ListItem","position":2,"name":"Boutique","item":"https:\/\/cinier-b.com\/particuliers\/boutique\/"},{"@type":"ListItem","position":3,"name":"HYDROLAT SAUGE Officinale France BIO : Purifiant &#038; Equilibrant-Assainit"}]},{"@type":"WebSite","@id":"https:\/\/cinier-b.com\/particuliers\/#website","url":"https:\/\/cinier-b.com\/particuliers\/","name":"Particuliers - Cinier-B Laboratoires","description":"Aromatherapie et podologie","potentialAction":[{"@type":"SearchAction","target":{"@type":"EntryPoint","urlTemplate":"https:\/\/cinier-b.com\/particuliers\/?s={search_term_string}"},"query-input":{"@type":"PropertyValueSpecification","valueRequired":true,"valueName":"search_term_string"}}],"inLanguage":"fr-FR"}]}},"_links":{"self":[{"href":"https:\/\/cinier-b.com\/particuliers\/wp-json\/wp\/v2\/product\/872","targetHints":{"allow":["GET"]}}],"collection":[{"href":"https:\/\/cinier-b.com\/particuliers\/wp-json\/wp\/v2\/product"}],"about":[{"href":"https:\/\/cinier-b.com\/particuliers\/wp-json\/wp\/v2\/types\/product"}],"wp:featuredmedia":[{"embeddable":true,"href":"https:\/\/cinier-b.com\/particuliers\/wp-json\/wp\/v2\/media\/9995"}],"wp:attachment":[{"href":"https:\/\/cinier-b.com\/particuliers\/wp-json\/wp\/v2\/media?parent=872"}],"wp:term":[{"taxonomy":"product_brand","embeddable":true,"href":"https:\/\/cinier-b.com\/particuliers\/wp-json\/wp\/v2\/product_brand?post=872"},{"taxonomy":"product_cat","embeddable":true,"href":"https:\/\/cinier-b.com\/particuliers\/wp-json\/wp\/v2\/product_cat?post=872"},{"taxonomy":"product_tag","embeddable":true,"href":"https:\/\/cinier-b.com\/particuliers\/wp-json\/wp\/v2\/product_tag?post=872"}],"curies":[{"name":"wp","href":"https:\/\/api.w.org\/{rel}","templated":true}]}}