{"id":870,"date":"2015-03-06T23:30:49","date_gmt":"2015-03-06T22:30:49","guid":{"rendered":"http:\/\/particuliers.cinier-b.com\/produit\/hydrolat-de-menthe-poivree-france-bio\/"},"modified":"2026-03-09T09:31:21","modified_gmt":"2026-03-09T08:31:21","slug":"hydrolat-de-menthe-poivree-france-bio","status":"publish","type":"product","link":"https:\/\/cinier-b.com\/particuliers\/boutique\/huiles-essentielles-aromatherapie\/hydrolats-aromatiques\/hydrolat-de-menthe-poivree-france-bio\/","title":{"rendered":"HYDROLAT MENTHE POIVREE  BIO : Rafraichit &#038; Purifie"},"content":{"rendered":"<p>L\u2019Eau florale ou Hydrolat aromatique est la vapeur d\u2019eau refroidie ayant servie \u00e0 entrainer les mol\u00e9cules aromatiques de la plante lors de sa distillation. Elle est charg\u00e9e en substances v\u00e9g\u00e9tales solubles dans l\u2019eau et contient quelques traces dispers\u00e9es d\u2019huile essentielle.<\/p>\n<p>Nos hydrolats 100% purs et naturels ne contiennent ni alcool ni conservateur. Leur pr\u00e9sentation en flacon pulv\u00e9risateur opaque les prot\u00e8gent de la lumi\u00e8re et de l\u2019air et leurs offre ainsi une meilleure conservation. Il est cependant conseill\u00e9 de les conserver au frais et de les tenir \u00e9loign\u00e9s d\u2019une source directe de chaleur.<\/p>\n<hr \/>\n<p><img decoding=\"async\" class=\"alignnone size-full wp-image-3933\" src=\"https:\/\/cinier-b.com\/particuliers\/wp-content\/uploads\/2019\/09\/ECOCERT-AB.jpg\" sizes=\"(max-width: 80px) 100vw, 80px\" srcset=\"https:\/\/cinier-b.com\/particuliers\/wp-content\/uploads\/2019\/09\/ECOCERT-AB.jpg 80w, https:\/\/cinier-b.com\/particuliers\/wp-content\/uploads\/2019\/09\/ECOCERT-AB-64x25.jpg 64w\" alt=\"\" width=\"80\" height=\"31\" \/> Les produits portant la mention BIO sont issus de l&rsquo;Agriculture Biologique et certifi\u00e9s par ECOCERT FR-BIO-01<\/p>\n<address>Les eaux florales ou hydrolats 100% purs et naturels ne contiennent ni alcool ni conservateur. Ces produits \u00e9tant sujet aux pollutions microbiologiques, il faut les conserver \u00e0 l&rsquo;abri de l&rsquo;air, de la lumi\u00e8re et \u00e0 temp\u00e9rature stable. Pour une meilleure conservation tous nos hydrolats sont pr\u00e9sent\u00e9es en flacon pulv\u00e9risateur aluminium opaque. Il est vivement conseill\u00e9 de les conserver au frais et de les tenir \u00e9loign\u00e9s d&rsquo;une source directe de chaleur.<\/address>\n","protected":false},"excerpt":{"rendered":"<p><strong>Recommand\u00e9 pour les peaux fatigu\u00e9es et les bouff\u00e9es de chaleur.<\/strong><\/p>\n<p>100% pur et naturel, biologique; Origine France<\/p>\n<p>Ingr\u00e9dients: Mentha piperita flower water<\/p>\n<p>Flacon aluminium opaque \u00e0 pompe 200ml<\/p>\n","protected":false},"featured_media":10000,"template":"","meta":[],"product_brand":[],"product_cat":[137,35],"product_tag":[],"class_list":{"0":"post-870","1":"product","2":"type-product","3":"status-publish","4":"has-post-thumbnail","6":"product_cat-nos-14-hydrolats","7":"product_cat-hydrolats-aromatiques","9":"first","10":"instock","11":"featured","12":"taxable","13":"shipping-taxable","14":"purchasable","15":"product-type-simple"},"yoast_head":"<!-- This site is optimized with the Yoast SEO plugin v25.5 - https:\/\/yoast.com\/wordpress\/plugins\/seo\/ -->\n<title>HYDROLAT MENTHE POIVREE BIO : Rafraichit &amp; Purifie - Particuliers - Cinier-B Laboratoires<\/title>\n<meta name=\"robots\" content=\"index, follow, max-snippet:-1, max-image-preview:large, max-video-preview:-1\" \/>\n<link rel=\"canonical\" href=\"https:\/\/cinier-b.com\/particuliers\/boutique\/huiles-essentielles-aromatherapie\/hydrolats-aromatiques\/hydrolat-de-menthe-poivree-france-bio\/\" \/>\n<meta property=\"og:locale\" content=\"fr_FR\" \/>\n<meta property=\"og:type\" content=\"article\" \/>\n<meta property=\"og:title\" content=\"HYDROLAT MENTHE POIVREE BIO : Rafraichit &amp; Purifie - Particuliers - Cinier-B Laboratoires\" \/>\n<meta property=\"og:description\" content=\"Recommand\u00e9 pour les peaux fatigu\u00e9es et les bouff\u00e9es de chaleur.  100% pur et naturel, biologique; Origine France  Ingr\u00e9dients: Mentha piperita flower water  Flacon aluminium opaque \u00e0 pompe 200ml\" \/>\n<meta property=\"og:url\" content=\"https:\/\/cinier-b.com\/particuliers\/boutique\/huiles-essentielles-aromatherapie\/hydrolats-aromatiques\/hydrolat-de-menthe-poivree-france-bio\/\" \/>\n<meta property=\"og:site_name\" content=\"Particuliers - Cinier-B Laboratoires\" \/>\n<meta property=\"article:modified_time\" content=\"2026-03-09T08:31:21+00:00\" \/>\n<meta property=\"og:image\" content=\"https:\/\/cinier-b.com\/particuliers\/wp-content\/uploads\/2015\/03\/hydrolat_menthe_poivrA\u00a9e-removebg-preview.png\" \/>\n\t<meta property=\"og:image:width\" content=\"500\" \/>\n\t<meta property=\"og:image:height\" content=\"500\" \/>\n\t<meta property=\"og:image:type\" content=\"image\/png\" \/>\n<meta name=\"twitter:card\" content=\"summary_large_image\" \/>\n<meta name=\"twitter:label1\" content=\"Dur\u00e9e de lecture estim\u00e9e\" \/>\n\t<meta name=\"twitter:data1\" content=\"2 minutes\" \/>\n<script type=\"application\/ld+json\" class=\"yoast-schema-graph\">{\"@context\":\"https:\/\/schema.org\",\"@graph\":[{\"@type\":\"WebPage\",\"@id\":\"https:\/\/cinier-b.com\/particuliers\/boutique\/huiles-essentielles-aromatherapie\/hydrolats-aromatiques\/hydrolat-de-menthe-poivree-france-bio\/\",\"url\":\"https:\/\/cinier-b.com\/particuliers\/boutique\/huiles-essentielles-aromatherapie\/hydrolats-aromatiques\/hydrolat-de-menthe-poivree-france-bio\/\",\"name\":\"HYDROLAT MENTHE POIVREE BIO : Rafraichit & Purifie - Particuliers - Cinier-B Laboratoires\",\"isPartOf\":{\"@id\":\"https:\/\/cinier-b.com\/particuliers\/#website\"},\"primaryImageOfPage\":{\"@id\":\"https:\/\/cinier-b.com\/particuliers\/boutique\/huiles-essentielles-aromatherapie\/hydrolats-aromatiques\/hydrolat-de-menthe-poivree-france-bio\/#primaryimage\"},\"image\":{\"@id\":\"https:\/\/cinier-b.com\/particuliers\/boutique\/huiles-essentielles-aromatherapie\/hydrolats-aromatiques\/hydrolat-de-menthe-poivree-france-bio\/#primaryimage\"},\"thumbnailUrl\":\"https:\/\/cinier-b.com\/particuliers\/wp-content\/uploads\/2015\/03\/hydrolat_menthe_poivrA\u00a9e-removebg-preview.png\",\"datePublished\":\"2015-03-06T22:30:49+00:00\",\"dateModified\":\"2026-03-09T08:31:21+00:00\",\"breadcrumb\":{\"@id\":\"https:\/\/cinier-b.com\/particuliers\/boutique\/huiles-essentielles-aromatherapie\/hydrolats-aromatiques\/hydrolat-de-menthe-poivree-france-bio\/#breadcrumb\"},\"inLanguage\":\"fr-FR\",\"potentialAction\":[{\"@type\":\"ReadAction\",\"target\":[\"https:\/\/cinier-b.com\/particuliers\/boutique\/huiles-essentielles-aromatherapie\/hydrolats-aromatiques\/hydrolat-de-menthe-poivree-france-bio\/\"]}]},{\"@type\":\"ImageObject\",\"inLanguage\":\"fr-FR\",\"@id\":\"https:\/\/cinier-b.com\/particuliers\/boutique\/huiles-essentielles-aromatherapie\/hydrolats-aromatiques\/hydrolat-de-menthe-poivree-france-bio\/#primaryimage\",\"url\":\"https:\/\/cinier-b.com\/particuliers\/wp-content\/uploads\/2015\/03\/hydrolat_menthe_poivrA\u00a9e-removebg-preview.png\",\"contentUrl\":\"https:\/\/cinier-b.com\/particuliers\/wp-content\/uploads\/2015\/03\/hydrolat_menthe_poivrA\u00a9e-removebg-preview.png\",\"width\":500,\"height\":500},{\"@type\":\"BreadcrumbList\",\"@id\":\"https:\/\/cinier-b.com\/particuliers\/boutique\/huiles-essentielles-aromatherapie\/hydrolats-aromatiques\/hydrolat-de-menthe-poivree-france-bio\/#breadcrumb\",\"itemListElement\":[{\"@type\":\"ListItem\",\"position\":1,\"name\":\"Accueil\",\"item\":\"https:\/\/cinier-b.com\/particuliers\/soins-naturels-particuliers\/\"},{\"@type\":\"ListItem\",\"position\":2,\"name\":\"Boutique\",\"item\":\"https:\/\/cinier-b.com\/particuliers\/boutique\/\"},{\"@type\":\"ListItem\",\"position\":3,\"name\":\"HYDROLAT MENTHE POIVREE BIO : Rafraichit &#038; Purifie\"}]},{\"@type\":\"WebSite\",\"@id\":\"https:\/\/cinier-b.com\/particuliers\/#website\",\"url\":\"https:\/\/cinier-b.com\/particuliers\/\",\"name\":\"Particuliers - Cinier-B Laboratoires\",\"description\":\"Aromatherapie et podologie\",\"potentialAction\":[{\"@type\":\"SearchAction\",\"target\":{\"@type\":\"EntryPoint\",\"urlTemplate\":\"https:\/\/cinier-b.com\/particuliers\/?s={search_term_string}\"},\"query-input\":{\"@type\":\"PropertyValueSpecification\",\"valueRequired\":true,\"valueName\":\"search_term_string\"}}],\"inLanguage\":\"fr-FR\"}]}<\/script>\n<!-- \/ Yoast SEO plugin. -->","yoast_head_json":{"title":"HYDROLAT MENTHE POIVREE BIO : Rafraichit & Purifie - Particuliers - Cinier-B Laboratoires","robots":{"index":"index","follow":"follow","max-snippet":"max-snippet:-1","max-image-preview":"max-image-preview:large","max-video-preview":"max-video-preview:-1"},"canonical":"https:\/\/cinier-b.com\/particuliers\/boutique\/huiles-essentielles-aromatherapie\/hydrolats-aromatiques\/hydrolat-de-menthe-poivree-france-bio\/","og_locale":"fr_FR","og_type":"article","og_title":"HYDROLAT MENTHE POIVREE BIO : Rafraichit & Purifie - Particuliers - Cinier-B Laboratoires","og_description":"Recommand\u00e9 pour les peaux fatigu\u00e9es et les bouff\u00e9es de chaleur.  100% pur et naturel, biologique; Origine France  Ingr\u00e9dients: Mentha piperita flower water  Flacon aluminium opaque \u00e0 pompe 200ml","og_url":"https:\/\/cinier-b.com\/particuliers\/boutique\/huiles-essentielles-aromatherapie\/hydrolats-aromatiques\/hydrolat-de-menthe-poivree-france-bio\/","og_site_name":"Particuliers - Cinier-B Laboratoires","article_modified_time":"2026-03-09T08:31:21+00:00","og_image":[{"width":500,"height":500,"url":"https:\/\/cinier-b.com\/particuliers\/wp-content\/uploads\/2015\/03\/hydrolat_menthe_poivrA\u00a9e-removebg-preview.png","type":"image\/png"}],"twitter_card":"summary_large_image","twitter_misc":{"Dur\u00e9e de lecture estim\u00e9e":"2 minutes"},"schema":{"@context":"https:\/\/schema.org","@graph":[{"@type":"WebPage","@id":"https:\/\/cinier-b.com\/particuliers\/boutique\/huiles-essentielles-aromatherapie\/hydrolats-aromatiques\/hydrolat-de-menthe-poivree-france-bio\/","url":"https:\/\/cinier-b.com\/particuliers\/boutique\/huiles-essentielles-aromatherapie\/hydrolats-aromatiques\/hydrolat-de-menthe-poivree-france-bio\/","name":"HYDROLAT MENTHE POIVREE BIO : Rafraichit & Purifie - Particuliers - Cinier-B Laboratoires","isPartOf":{"@id":"https:\/\/cinier-b.com\/particuliers\/#website"},"primaryImageOfPage":{"@id":"https:\/\/cinier-b.com\/particuliers\/boutique\/huiles-essentielles-aromatherapie\/hydrolats-aromatiques\/hydrolat-de-menthe-poivree-france-bio\/#primaryimage"},"image":{"@id":"https:\/\/cinier-b.com\/particuliers\/boutique\/huiles-essentielles-aromatherapie\/hydrolats-aromatiques\/hydrolat-de-menthe-poivree-france-bio\/#primaryimage"},"thumbnailUrl":"https:\/\/cinier-b.com\/particuliers\/wp-content\/uploads\/2015\/03\/hydrolat_menthe_poivrA\u00a9e-removebg-preview.png","datePublished":"2015-03-06T22:30:49+00:00","dateModified":"2026-03-09T08:31:21+00:00","breadcrumb":{"@id":"https:\/\/cinier-b.com\/particuliers\/boutique\/huiles-essentielles-aromatherapie\/hydrolats-aromatiques\/hydrolat-de-menthe-poivree-france-bio\/#breadcrumb"},"inLanguage":"fr-FR","potentialAction":[{"@type":"ReadAction","target":["https:\/\/cinier-b.com\/particuliers\/boutique\/huiles-essentielles-aromatherapie\/hydrolats-aromatiques\/hydrolat-de-menthe-poivree-france-bio\/"]}]},{"@type":"ImageObject","inLanguage":"fr-FR","@id":"https:\/\/cinier-b.com\/particuliers\/boutique\/huiles-essentielles-aromatherapie\/hydrolats-aromatiques\/hydrolat-de-menthe-poivree-france-bio\/#primaryimage","url":"https:\/\/cinier-b.com\/particuliers\/wp-content\/uploads\/2015\/03\/hydrolat_menthe_poivrA\u00a9e-removebg-preview.png","contentUrl":"https:\/\/cinier-b.com\/particuliers\/wp-content\/uploads\/2015\/03\/hydrolat_menthe_poivrA\u00a9e-removebg-preview.png","width":500,"height":500},{"@type":"BreadcrumbList","@id":"https:\/\/cinier-b.com\/particuliers\/boutique\/huiles-essentielles-aromatherapie\/hydrolats-aromatiques\/hydrolat-de-menthe-poivree-france-bio\/#breadcrumb","itemListElement":[{"@type":"ListItem","position":1,"name":"Accueil","item":"https:\/\/cinier-b.com\/particuliers\/soins-naturels-particuliers\/"},{"@type":"ListItem","position":2,"name":"Boutique","item":"https:\/\/cinier-b.com\/particuliers\/boutique\/"},{"@type":"ListItem","position":3,"name":"HYDROLAT MENTHE POIVREE BIO : Rafraichit &#038; Purifie"}]},{"@type":"WebSite","@id":"https:\/\/cinier-b.com\/particuliers\/#website","url":"https:\/\/cinier-b.com\/particuliers\/","name":"Particuliers - Cinier-B Laboratoires","description":"Aromatherapie et podologie","potentialAction":[{"@type":"SearchAction","target":{"@type":"EntryPoint","urlTemplate":"https:\/\/cinier-b.com\/particuliers\/?s={search_term_string}"},"query-input":{"@type":"PropertyValueSpecification","valueRequired":true,"valueName":"search_term_string"}}],"inLanguage":"fr-FR"}]}},"_links":{"self":[{"href":"https:\/\/cinier-b.com\/particuliers\/wp-json\/wp\/v2\/product\/870","targetHints":{"allow":["GET"]}}],"collection":[{"href":"https:\/\/cinier-b.com\/particuliers\/wp-json\/wp\/v2\/product"}],"about":[{"href":"https:\/\/cinier-b.com\/particuliers\/wp-json\/wp\/v2\/types\/product"}],"wp:featuredmedia":[{"embeddable":true,"href":"https:\/\/cinier-b.com\/particuliers\/wp-json\/wp\/v2\/media\/10000"}],"wp:attachment":[{"href":"https:\/\/cinier-b.com\/particuliers\/wp-json\/wp\/v2\/media?parent=870"}],"wp:term":[{"taxonomy":"product_brand","embeddable":true,"href":"https:\/\/cinier-b.com\/particuliers\/wp-json\/wp\/v2\/product_brand?post=870"},{"taxonomy":"product_cat","embeddable":true,"href":"https:\/\/cinier-b.com\/particuliers\/wp-json\/wp\/v2\/product_cat?post=870"},{"taxonomy":"product_tag","embeddable":true,"href":"https:\/\/cinier-b.com\/particuliers\/wp-json\/wp\/v2\/product_tag?post=870"}],"curies":[{"name":"wp","href":"https:\/\/api.w.org\/{rel}","templated":true}]}}