{"id":831,"date":"2014-05-25T19:42:26","date_gmt":"2014-05-25T18:42:26","guid":{"rendered":"http:\/\/particuliers.cinier-b.com\/produit\/sesame-bio-dedodorisee\/"},"modified":"2024-10-15T11:16:37","modified_gmt":"2024-10-15T10:16:37","slug":"sesame-bio-dedodorisee","status":"publish","type":"product","link":"https:\/\/cinier-b.com\/particuliers\/boutique\/soins-corporels-frictions-de-sante\/huiles-vegetales\/huiles-vegetales-pour-le-soin-et-la-beaute\/sesame-bio-dedodorisee\/","title":{"rendered":"SESAME BIO D\u00e9dodoris\u00e9e &#8211; R\u00e9g\u00e9n\u00e9rante &#038; Lutte contre la desquamation"},"content":{"rendered":"<p style=\"text-align: justify\">L&rsquo;huile de SESAME vierge BIO est obtenue par pression \u00e0 froid des graines de S\u00e9same (S\u00e9samum indicum), plante herbac\u00e9e. Elle est 100% pure et naturelle sans aucun autre additif, d\u00e9sodoris\u00e9e.<\/p>\n<p>Elle est tr\u00e8s riche en vitamines et sels min\u00e9raux, en acides gras insatur\u00e9s, acides gras essentiels et en lecithine. Elle est b\u00e9n\u00e9fique pour les cheveux et la peau qu&rsquo;elle prot\u00e8ge des agressions ext\u00e9rieures.<\/p>\n<p style=\"text-align: justify\">Tr\u00e8s p\u00e9n\u00e9trante, elle r\u00e9g\u00e9n\u00e8re, assouplit l&rsquo;\u00e9piderme, agit sur les irritations et les desquamations.<\/p>\n<p style=\"text-align: justify\">C&rsquo;est l&rsquo;huile pr\u00e9f\u00e9r\u00e9e pour les massages et les soins ayurv\u00e9diques.<\/p>\n<p><img decoding=\"async\" src=\"https:\/\/cinier-b.com\/cinierbpart\/images\/stories\/ECOCERT-AB.jpg\" alt=\"alt\" border=\"0\" \/>Les produits portant la mention BIO sont issus de l&rsquo;Agriculture Biologique et certifi\u00e9s par ECOCERT FR-BIO-01<\/p>\n","protected":false},"excerpt":{"rendered":"<p><b>B\u00e9n\u00e9fique pour la peau et les cheveux, id\u00e9ale pour les soins ayurv\u00e9diques<\/b><\/p>\n<p>Flacon verre opaque blanc 50 ml<\/p>\n","protected":false},"featured_media":9891,"template":"","meta":[],"product_brand":[],"product_cat":[37,39],"product_tag":[],"class_list":{"0":"post-831","1":"product","2":"type-product","3":"status-publish","4":"has-post-thumbnail","6":"product_cat-huiles-vegetales","7":"product_cat-huiles-vegetales-pour-le-soin-et-la-beaute","9":"first","10":"instock","11":"featured","12":"taxable","13":"shipping-taxable","14":"purchasable","15":"product-type-simple"},"yoast_head":"<!-- This site is optimized with the Yoast SEO plugin v25.5 - https:\/\/yoast.com\/wordpress\/plugins\/seo\/ -->\n<title>SESAME BIO D\u00e9dodoris\u00e9e - R\u00e9g\u00e9n\u00e9rante &amp; Lutte contre la desquamation - Particuliers - Cinier-B Laboratoires<\/title>\n<meta name=\"robots\" content=\"index, follow, max-snippet:-1, max-image-preview:large, max-video-preview:-1\" \/>\n<link rel=\"canonical\" href=\"https:\/\/cinier-b.com\/particuliers\/boutique\/soins-corporels-frictions-de-sante\/huiles-vegetales\/huiles-vegetales-pour-le-soin-et-la-beaute\/sesame-bio-dedodorisee\/\" \/>\n<meta property=\"og:locale\" content=\"fr_FR\" \/>\n<meta property=\"og:type\" content=\"article\" \/>\n<meta property=\"og:title\" content=\"SESAME BIO D\u00e9dodoris\u00e9e - R\u00e9g\u00e9n\u00e9rante &amp; Lutte contre la desquamation - Particuliers - Cinier-B Laboratoires\" \/>\n<meta property=\"og:description\" content=\"B\u00e9n\u00e9fique pour la peau et les cheveux, id\u00e9ale pour les soins ayurv\u00e9diques  Flacon verre opaque blanc 50 ml\" \/>\n<meta property=\"og:url\" content=\"https:\/\/cinier-b.com\/particuliers\/boutique\/soins-corporels-frictions-de-sante\/huiles-vegetales\/huiles-vegetales-pour-le-soin-et-la-beaute\/sesame-bio-dedodorisee\/\" \/>\n<meta property=\"og:site_name\" content=\"Particuliers - Cinier-B Laboratoires\" \/>\n<meta property=\"article:modified_time\" content=\"2024-10-15T10:16:37+00:00\" \/>\n<meta property=\"og:image\" content=\"https:\/\/cinier-b.com\/particuliers\/wp-content\/uploads\/2014\/05\/HV-sesame.png\" \/>\n\t<meta property=\"og:image:width\" content=\"1080\" \/>\n\t<meta property=\"og:image:height\" content=\"1080\" \/>\n\t<meta property=\"og:image:type\" content=\"image\/png\" \/>\n<meta name=\"twitter:card\" content=\"summary_large_image\" \/>\n<meta name=\"twitter:label1\" content=\"Dur\u00e9e de lecture estim\u00e9e\" \/>\n\t<meta name=\"twitter:data1\" content=\"1 minute\" \/>\n<script type=\"application\/ld+json\" class=\"yoast-schema-graph\">{\"@context\":\"https:\/\/schema.org\",\"@graph\":[{\"@type\":\"WebPage\",\"@id\":\"https:\/\/cinier-b.com\/particuliers\/boutique\/soins-corporels-frictions-de-sante\/huiles-vegetales\/huiles-vegetales-pour-le-soin-et-la-beaute\/sesame-bio-dedodorisee\/\",\"url\":\"https:\/\/cinier-b.com\/particuliers\/boutique\/soins-corporels-frictions-de-sante\/huiles-vegetales\/huiles-vegetales-pour-le-soin-et-la-beaute\/sesame-bio-dedodorisee\/\",\"name\":\"SESAME BIO D\u00e9dodoris\u00e9e - R\u00e9g\u00e9n\u00e9rante & Lutte contre la desquamation - Particuliers - Cinier-B Laboratoires\",\"isPartOf\":{\"@id\":\"https:\/\/cinier-b.com\/particuliers\/#website\"},\"primaryImageOfPage\":{\"@id\":\"https:\/\/cinier-b.com\/particuliers\/boutique\/soins-corporels-frictions-de-sante\/huiles-vegetales\/huiles-vegetales-pour-le-soin-et-la-beaute\/sesame-bio-dedodorisee\/#primaryimage\"},\"image\":{\"@id\":\"https:\/\/cinier-b.com\/particuliers\/boutique\/soins-corporels-frictions-de-sante\/huiles-vegetales\/huiles-vegetales-pour-le-soin-et-la-beaute\/sesame-bio-dedodorisee\/#primaryimage\"},\"thumbnailUrl\":\"https:\/\/cinier-b.com\/particuliers\/wp-content\/uploads\/2014\/05\/HV-sesame.png\",\"datePublished\":\"2014-05-25T18:42:26+00:00\",\"dateModified\":\"2024-10-15T10:16:37+00:00\",\"breadcrumb\":{\"@id\":\"https:\/\/cinier-b.com\/particuliers\/boutique\/soins-corporels-frictions-de-sante\/huiles-vegetales\/huiles-vegetales-pour-le-soin-et-la-beaute\/sesame-bio-dedodorisee\/#breadcrumb\"},\"inLanguage\":\"fr-FR\",\"potentialAction\":[{\"@type\":\"ReadAction\",\"target\":[\"https:\/\/cinier-b.com\/particuliers\/boutique\/soins-corporels-frictions-de-sante\/huiles-vegetales\/huiles-vegetales-pour-le-soin-et-la-beaute\/sesame-bio-dedodorisee\/\"]}]},{\"@type\":\"ImageObject\",\"inLanguage\":\"fr-FR\",\"@id\":\"https:\/\/cinier-b.com\/particuliers\/boutique\/soins-corporels-frictions-de-sante\/huiles-vegetales\/huiles-vegetales-pour-le-soin-et-la-beaute\/sesame-bio-dedodorisee\/#primaryimage\",\"url\":\"https:\/\/cinier-b.com\/particuliers\/wp-content\/uploads\/2014\/05\/HV-sesame.png\",\"contentUrl\":\"https:\/\/cinier-b.com\/particuliers\/wp-content\/uploads\/2014\/05\/HV-sesame.png\",\"width\":1080,\"height\":1080},{\"@type\":\"BreadcrumbList\",\"@id\":\"https:\/\/cinier-b.com\/particuliers\/boutique\/soins-corporels-frictions-de-sante\/huiles-vegetales\/huiles-vegetales-pour-le-soin-et-la-beaute\/sesame-bio-dedodorisee\/#breadcrumb\",\"itemListElement\":[{\"@type\":\"ListItem\",\"position\":1,\"name\":\"Accueil\",\"item\":\"https:\/\/cinier-b.com\/particuliers\/soins-naturels-particuliers\/\"},{\"@type\":\"ListItem\",\"position\":2,\"name\":\"Boutique\",\"item\":\"https:\/\/cinier-b.com\/particuliers\/boutique\/\"},{\"@type\":\"ListItem\",\"position\":3,\"name\":\"SESAME BIO D\u00e9dodoris\u00e9e &#8211; R\u00e9g\u00e9n\u00e9rante &#038; Lutte contre la desquamation\"}]},{\"@type\":\"WebSite\",\"@id\":\"https:\/\/cinier-b.com\/particuliers\/#website\",\"url\":\"https:\/\/cinier-b.com\/particuliers\/\",\"name\":\"Particuliers - Cinier-B Laboratoires\",\"description\":\"Aromatherapie et podologie\",\"potentialAction\":[{\"@type\":\"SearchAction\",\"target\":{\"@type\":\"EntryPoint\",\"urlTemplate\":\"https:\/\/cinier-b.com\/particuliers\/?s={search_term_string}\"},\"query-input\":{\"@type\":\"PropertyValueSpecification\",\"valueRequired\":true,\"valueName\":\"search_term_string\"}}],\"inLanguage\":\"fr-FR\"}]}<\/script>\n<!-- \/ Yoast SEO plugin. -->","yoast_head_json":{"title":"SESAME BIO D\u00e9dodoris\u00e9e - R\u00e9g\u00e9n\u00e9rante & Lutte contre la desquamation - Particuliers - Cinier-B Laboratoires","robots":{"index":"index","follow":"follow","max-snippet":"max-snippet:-1","max-image-preview":"max-image-preview:large","max-video-preview":"max-video-preview:-1"},"canonical":"https:\/\/cinier-b.com\/particuliers\/boutique\/soins-corporels-frictions-de-sante\/huiles-vegetales\/huiles-vegetales-pour-le-soin-et-la-beaute\/sesame-bio-dedodorisee\/","og_locale":"fr_FR","og_type":"article","og_title":"SESAME BIO D\u00e9dodoris\u00e9e - R\u00e9g\u00e9n\u00e9rante & Lutte contre la desquamation - Particuliers - Cinier-B Laboratoires","og_description":"B\u00e9n\u00e9fique pour la peau et les cheveux, id\u00e9ale pour les soins ayurv\u00e9diques  Flacon verre opaque blanc 50 ml","og_url":"https:\/\/cinier-b.com\/particuliers\/boutique\/soins-corporels-frictions-de-sante\/huiles-vegetales\/huiles-vegetales-pour-le-soin-et-la-beaute\/sesame-bio-dedodorisee\/","og_site_name":"Particuliers - Cinier-B Laboratoires","article_modified_time":"2024-10-15T10:16:37+00:00","og_image":[{"width":1080,"height":1080,"url":"https:\/\/cinier-b.com\/particuliers\/wp-content\/uploads\/2014\/05\/HV-sesame.png","type":"image\/png"}],"twitter_card":"summary_large_image","twitter_misc":{"Dur\u00e9e de lecture estim\u00e9e":"1 minute"},"schema":{"@context":"https:\/\/schema.org","@graph":[{"@type":"WebPage","@id":"https:\/\/cinier-b.com\/particuliers\/boutique\/soins-corporels-frictions-de-sante\/huiles-vegetales\/huiles-vegetales-pour-le-soin-et-la-beaute\/sesame-bio-dedodorisee\/","url":"https:\/\/cinier-b.com\/particuliers\/boutique\/soins-corporels-frictions-de-sante\/huiles-vegetales\/huiles-vegetales-pour-le-soin-et-la-beaute\/sesame-bio-dedodorisee\/","name":"SESAME BIO D\u00e9dodoris\u00e9e - R\u00e9g\u00e9n\u00e9rante & Lutte contre la desquamation - Particuliers - Cinier-B Laboratoires","isPartOf":{"@id":"https:\/\/cinier-b.com\/particuliers\/#website"},"primaryImageOfPage":{"@id":"https:\/\/cinier-b.com\/particuliers\/boutique\/soins-corporels-frictions-de-sante\/huiles-vegetales\/huiles-vegetales-pour-le-soin-et-la-beaute\/sesame-bio-dedodorisee\/#primaryimage"},"image":{"@id":"https:\/\/cinier-b.com\/particuliers\/boutique\/soins-corporels-frictions-de-sante\/huiles-vegetales\/huiles-vegetales-pour-le-soin-et-la-beaute\/sesame-bio-dedodorisee\/#primaryimage"},"thumbnailUrl":"https:\/\/cinier-b.com\/particuliers\/wp-content\/uploads\/2014\/05\/HV-sesame.png","datePublished":"2014-05-25T18:42:26+00:00","dateModified":"2024-10-15T10:16:37+00:00","breadcrumb":{"@id":"https:\/\/cinier-b.com\/particuliers\/boutique\/soins-corporels-frictions-de-sante\/huiles-vegetales\/huiles-vegetales-pour-le-soin-et-la-beaute\/sesame-bio-dedodorisee\/#breadcrumb"},"inLanguage":"fr-FR","potentialAction":[{"@type":"ReadAction","target":["https:\/\/cinier-b.com\/particuliers\/boutique\/soins-corporels-frictions-de-sante\/huiles-vegetales\/huiles-vegetales-pour-le-soin-et-la-beaute\/sesame-bio-dedodorisee\/"]}]},{"@type":"ImageObject","inLanguage":"fr-FR","@id":"https:\/\/cinier-b.com\/particuliers\/boutique\/soins-corporels-frictions-de-sante\/huiles-vegetales\/huiles-vegetales-pour-le-soin-et-la-beaute\/sesame-bio-dedodorisee\/#primaryimage","url":"https:\/\/cinier-b.com\/particuliers\/wp-content\/uploads\/2014\/05\/HV-sesame.png","contentUrl":"https:\/\/cinier-b.com\/particuliers\/wp-content\/uploads\/2014\/05\/HV-sesame.png","width":1080,"height":1080},{"@type":"BreadcrumbList","@id":"https:\/\/cinier-b.com\/particuliers\/boutique\/soins-corporels-frictions-de-sante\/huiles-vegetales\/huiles-vegetales-pour-le-soin-et-la-beaute\/sesame-bio-dedodorisee\/#breadcrumb","itemListElement":[{"@type":"ListItem","position":1,"name":"Accueil","item":"https:\/\/cinier-b.com\/particuliers\/soins-naturels-particuliers\/"},{"@type":"ListItem","position":2,"name":"Boutique","item":"https:\/\/cinier-b.com\/particuliers\/boutique\/"},{"@type":"ListItem","position":3,"name":"SESAME BIO D\u00e9dodoris\u00e9e &#8211; R\u00e9g\u00e9n\u00e9rante &#038; Lutte contre la desquamation"}]},{"@type":"WebSite","@id":"https:\/\/cinier-b.com\/particuliers\/#website","url":"https:\/\/cinier-b.com\/particuliers\/","name":"Particuliers - Cinier-B Laboratoires","description":"Aromatherapie et podologie","potentialAction":[{"@type":"SearchAction","target":{"@type":"EntryPoint","urlTemplate":"https:\/\/cinier-b.com\/particuliers\/?s={search_term_string}"},"query-input":{"@type":"PropertyValueSpecification","valueRequired":true,"valueName":"search_term_string"}}],"inLanguage":"fr-FR"}]}},"_links":{"self":[{"href":"https:\/\/cinier-b.com\/particuliers\/wp-json\/wp\/v2\/product\/831","targetHints":{"allow":["GET"]}}],"collection":[{"href":"https:\/\/cinier-b.com\/particuliers\/wp-json\/wp\/v2\/product"}],"about":[{"href":"https:\/\/cinier-b.com\/particuliers\/wp-json\/wp\/v2\/types\/product"}],"wp:featuredmedia":[{"embeddable":true,"href":"https:\/\/cinier-b.com\/particuliers\/wp-json\/wp\/v2\/media\/9891"}],"wp:attachment":[{"href":"https:\/\/cinier-b.com\/particuliers\/wp-json\/wp\/v2\/media?parent=831"}],"wp:term":[{"taxonomy":"product_brand","embeddable":true,"href":"https:\/\/cinier-b.com\/particuliers\/wp-json\/wp\/v2\/product_brand?post=831"},{"taxonomy":"product_cat","embeddable":true,"href":"https:\/\/cinier-b.com\/particuliers\/wp-json\/wp\/v2\/product_cat?post=831"},{"taxonomy":"product_tag","embeddable":true,"href":"https:\/\/cinier-b.com\/particuliers\/wp-json\/wp\/v2\/product_tag?post=831"}],"curies":[{"name":"wp","href":"https:\/\/api.w.org\/{rel}","templated":true}]}}