{"id":812,"date":"2019-09-12T08:51:05","date_gmt":"2019-09-12T07:51:05","guid":{"rendered":"http:\/\/particuliers.cinier-b.com\/?post_type=product&#038;p=812"},"modified":"2023-09-21T13:50:23","modified_gmt":"2023-09-21T12:50:23","slug":"pain-alep-savonette-oranger","status":"publish","type":"product","link":"https:\/\/cinier-b.com\/particuliers\/boutique\/savons-dalep-et-produits-autour-du-bain\/savons-alep\/pain-alep-savonette-oranger\/","title":{"rendered":"Savon d&rsquo;Alep Surgras au N\u00e9roli de Capri 100g"},"content":{"rendered":"<p>Savon d&rsquo;Alep surgras, cuit au chaudron et parfum\u00e9e \u00e0 la fabuleuse fragrance de fleur d&rsquo;oranger, le N\u00e9roli. 100g.\u00a0 Savon de soin, corps et visage, Il lave, prot\u00e8ge, \u00e9quilibre et apaise l&rsquo;\u00e9piderme et laisse la peau d\u00e9licieusement parfum\u00e9e, douce et apais\u00e9e. Pour la toilette quotidienne de tous types de peaux.<\/p>\n<p>Bien rincer, \u00e9viter contact avec les yeux. En cas de contact, rincer abondamment.<\/p>\n<p>Cette savonnette a \u00e9t\u00e9 moul\u00e9e en France \u00e0 partir d&rsquo;authentiques paillettes de savon venues d&rsquo;Alep, puis parfum\u00e9e, sur-enrichie en huile d&rsquo;olive et emball\u00e9e. Sans colorant ni huile de palme, ni autre additif que le parfum et l&rsquo;huile, la proportion de savon d&rsquo;Alep est sup\u00e9rieure \u00e0 96 %. Aussi s\u00e8che qu&rsquo;un authentique Pain d&rsquo;Alep, elle est durable et \u00e9conomique.<\/p>\n<p><span data-sheets-value=\"{&quot;1&quot;:2,&quot;2&quot;:&quot;sodium olivate*, aqua (water)*, parfum (fragrance), olea europaea (olive) fruit oil*, sodium laurate*, citronellol, geraniol, sodium hydroxidenn*origine naturelle\/ Natural origin : 97%&quot;}\" data-sheets-userformat=\"{&quot;2&quot;:9215,&quot;3&quot;:{&quot;1&quot;:0},&quot;4&quot;:{&quot;1&quot;:2,&quot;2&quot;:15389148},&quot;5&quot;:{&quot;1&quot;:[{&quot;1&quot;:2,&quot;2&quot;:0,&quot;5&quot;:{&quot;1&quot;:2,&quot;2&quot;:0}},{&quot;1&quot;:0,&quot;2&quot;:0,&quot;3&quot;:3},{&quot;1&quot;:1,&quot;2&quot;:0,&quot;4&quot;:1}]},&quot;6&quot;:{&quot;1&quot;:[{&quot;1&quot;:2,&quot;2&quot;:0,&quot;5&quot;:{&quot;1&quot;:2,&quot;2&quot;:0}},{&quot;1&quot;:0,&quot;2&quot;:0,&quot;3&quot;:3},{&quot;1&quot;:1,&quot;2&quot;:0,&quot;4&quot;:1}]},&quot;7&quot;:{&quot;1&quot;:[{&quot;1&quot;:2,&quot;2&quot;:0,&quot;5&quot;:{&quot;1&quot;:2,&quot;2&quot;:0}},{&quot;1&quot;:0,&quot;2&quot;:0,&quot;3&quot;:3},{&quot;1&quot;:1,&quot;2&quot;:0,&quot;4&quot;:1}]},&quot;8&quot;:{&quot;1&quot;:[{&quot;1&quot;:2,&quot;2&quot;:0,&quot;5&quot;:{&quot;1&quot;:2,&quot;2&quot;:0}},{&quot;1&quot;:0,&quot;2&quot;:0,&quot;3&quot;:3},{&quot;1&quot;:1,&quot;2&quot;:0,&quot;4&quot;:1}]},&quot;9&quot;:1,&quot;10&quot;:1,&quot;11&quot;:4,&quot;12&quot;:0,&quot;16&quot;:10}\">Ingredients INCI : sodium olivate*, aqua (water)*, parfum (fragrance), olea europaea (olive) fruit oil*, sodium laurate*, citronellol, geraniol, sodium hydroxide<\/span><\/p>\n<p><strong>*origine naturelle : 97%<\/strong><\/p>\n","protected":false},"excerpt":{"rendered":"<p>Lave en douceur et donne une peau tonique, \u00e9quilibr\u00e9e et apais\u00e9e.<\/p>\n<p>100g<\/p>\n","protected":false},"featured_media":5559,"template":"","meta":[],"product_brand":[],"product_cat":[136,29,30],"product_tag":[],"class_list":{"0":"post-812","1":"product","2":"type-product","3":"status-publish","4":"has-post-thumbnail","6":"product_cat-ligne-alep","7":"product_cat-savons-dalep-et-produits-autour-du-bain","8":"product_cat-savons-alep","10":"first","11":"instock","12":"taxable","13":"shipping-taxable","14":"purchasable","15":"product-type-simple"},"yoast_head":"<!-- This site is optimized with the Yoast SEO plugin v25.5 - https:\/\/yoast.com\/wordpress\/plugins\/seo\/ -->\n<title>Savon d&#039;Alep Surgras au N\u00e9roli de Capri 100g - Particuliers - Cinier-B Laboratoires<\/title>\n<meta name=\"robots\" content=\"index, follow, max-snippet:-1, max-image-preview:large, max-video-preview:-1\" \/>\n<link rel=\"canonical\" href=\"https:\/\/cinier-b.com\/particuliers\/boutique\/savons-dalep-et-produits-autour-du-bain\/savons-alep\/pain-alep-savonette-oranger\/\" \/>\n<meta property=\"og:locale\" content=\"fr_FR\" \/>\n<meta property=\"og:type\" content=\"article\" \/>\n<meta property=\"og:title\" content=\"Savon d&#039;Alep Surgras au N\u00e9roli de Capri 100g - Particuliers - Cinier-B Laboratoires\" \/>\n<meta property=\"og:description\" content=\"Lave en douceur et donne une peau tonique, \u00e9quilibr\u00e9e et apais\u00e9e.  100g\" \/>\n<meta property=\"og:url\" content=\"https:\/\/cinier-b.com\/particuliers\/boutique\/savons-dalep-et-produits-autour-du-bain\/savons-alep\/pain-alep-savonette-oranger\/\" \/>\n<meta property=\"og:site_name\" content=\"Particuliers - Cinier-B Laboratoires\" \/>\n<meta property=\"article:modified_time\" content=\"2023-09-21T12:50:23+00:00\" \/>\n<meta property=\"og:image\" content=\"https:\/\/cinier-b.com\/particuliers\/wp-content\/uploads\/2019\/09\/savon-d-alep-surgras-100g-neroli-de-capri.jpg\" \/>\n\t<meta property=\"og:image:width\" content=\"458\" \/>\n\t<meta property=\"og:image:height\" content=\"458\" \/>\n\t<meta property=\"og:image:type\" content=\"image\/jpeg\" \/>\n<meta name=\"twitter:card\" content=\"summary_large_image\" \/>\n<meta name=\"twitter:label1\" content=\"Dur\u00e9e de lecture estim\u00e9e\" \/>\n\t<meta name=\"twitter:data1\" content=\"1 minute\" \/>\n<script type=\"application\/ld+json\" class=\"yoast-schema-graph\">{\"@context\":\"https:\/\/schema.org\",\"@graph\":[{\"@type\":\"WebPage\",\"@id\":\"https:\/\/cinier-b.com\/particuliers\/boutique\/savons-dalep-et-produits-autour-du-bain\/savons-alep\/pain-alep-savonette-oranger\/\",\"url\":\"https:\/\/cinier-b.com\/particuliers\/boutique\/savons-dalep-et-produits-autour-du-bain\/savons-alep\/pain-alep-savonette-oranger\/\",\"name\":\"Savon d'Alep Surgras au N\u00e9roli de Capri 100g - Particuliers - Cinier-B Laboratoires\",\"isPartOf\":{\"@id\":\"https:\/\/cinier-b.com\/particuliers\/#website\"},\"primaryImageOfPage\":{\"@id\":\"https:\/\/cinier-b.com\/particuliers\/boutique\/savons-dalep-et-produits-autour-du-bain\/savons-alep\/pain-alep-savonette-oranger\/#primaryimage\"},\"image\":{\"@id\":\"https:\/\/cinier-b.com\/particuliers\/boutique\/savons-dalep-et-produits-autour-du-bain\/savons-alep\/pain-alep-savonette-oranger\/#primaryimage\"},\"thumbnailUrl\":\"https:\/\/cinier-b.com\/particuliers\/wp-content\/uploads\/2019\/09\/savon-d-alep-surgras-100g-neroli-de-capri.jpg\",\"datePublished\":\"2019-09-12T07:51:05+00:00\",\"dateModified\":\"2023-09-21T12:50:23+00:00\",\"breadcrumb\":{\"@id\":\"https:\/\/cinier-b.com\/particuliers\/boutique\/savons-dalep-et-produits-autour-du-bain\/savons-alep\/pain-alep-savonette-oranger\/#breadcrumb\"},\"inLanguage\":\"fr-FR\",\"potentialAction\":[{\"@type\":\"ReadAction\",\"target\":[\"https:\/\/cinier-b.com\/particuliers\/boutique\/savons-dalep-et-produits-autour-du-bain\/savons-alep\/pain-alep-savonette-oranger\/\"]}]},{\"@type\":\"ImageObject\",\"inLanguage\":\"fr-FR\",\"@id\":\"https:\/\/cinier-b.com\/particuliers\/boutique\/savons-dalep-et-produits-autour-du-bain\/savons-alep\/pain-alep-savonette-oranger\/#primaryimage\",\"url\":\"https:\/\/cinier-b.com\/particuliers\/wp-content\/uploads\/2019\/09\/savon-d-alep-surgras-100g-neroli-de-capri.jpg\",\"contentUrl\":\"https:\/\/cinier-b.com\/particuliers\/wp-content\/uploads\/2019\/09\/savon-d-alep-surgras-100g-neroli-de-capri.jpg\",\"width\":458,\"height\":458},{\"@type\":\"BreadcrumbList\",\"@id\":\"https:\/\/cinier-b.com\/particuliers\/boutique\/savons-dalep-et-produits-autour-du-bain\/savons-alep\/pain-alep-savonette-oranger\/#breadcrumb\",\"itemListElement\":[{\"@type\":\"ListItem\",\"position\":1,\"name\":\"Accueil\",\"item\":\"https:\/\/cinier-b.com\/particuliers\/soins-naturels-particuliers\/\"},{\"@type\":\"ListItem\",\"position\":2,\"name\":\"Boutique\",\"item\":\"https:\/\/cinier-b.com\/particuliers\/boutique\/\"},{\"@type\":\"ListItem\",\"position\":3,\"name\":\"Savon d&#8217;Alep Surgras au N\u00e9roli de Capri 100g\"}]},{\"@type\":\"WebSite\",\"@id\":\"https:\/\/cinier-b.com\/particuliers\/#website\",\"url\":\"https:\/\/cinier-b.com\/particuliers\/\",\"name\":\"Particuliers - Cinier-B Laboratoires\",\"description\":\"Aromatherapie et podologie\",\"potentialAction\":[{\"@type\":\"SearchAction\",\"target\":{\"@type\":\"EntryPoint\",\"urlTemplate\":\"https:\/\/cinier-b.com\/particuliers\/?s={search_term_string}\"},\"query-input\":{\"@type\":\"PropertyValueSpecification\",\"valueRequired\":true,\"valueName\":\"search_term_string\"}}],\"inLanguage\":\"fr-FR\"}]}<\/script>\n<!-- \/ Yoast SEO plugin. -->","yoast_head_json":{"title":"Savon d'Alep Surgras au N\u00e9roli de Capri 100g - Particuliers - Cinier-B Laboratoires","robots":{"index":"index","follow":"follow","max-snippet":"max-snippet:-1","max-image-preview":"max-image-preview:large","max-video-preview":"max-video-preview:-1"},"canonical":"https:\/\/cinier-b.com\/particuliers\/boutique\/savons-dalep-et-produits-autour-du-bain\/savons-alep\/pain-alep-savonette-oranger\/","og_locale":"fr_FR","og_type":"article","og_title":"Savon d'Alep Surgras au N\u00e9roli de Capri 100g - Particuliers - Cinier-B Laboratoires","og_description":"Lave en douceur et donne une peau tonique, \u00e9quilibr\u00e9e et apais\u00e9e.  100g","og_url":"https:\/\/cinier-b.com\/particuliers\/boutique\/savons-dalep-et-produits-autour-du-bain\/savons-alep\/pain-alep-savonette-oranger\/","og_site_name":"Particuliers - Cinier-B Laboratoires","article_modified_time":"2023-09-21T12:50:23+00:00","og_image":[{"width":458,"height":458,"url":"https:\/\/cinier-b.com\/particuliers\/wp-content\/uploads\/2019\/09\/savon-d-alep-surgras-100g-neroli-de-capri.jpg","type":"image\/jpeg"}],"twitter_card":"summary_large_image","twitter_misc":{"Dur\u00e9e de lecture estim\u00e9e":"1 minute"},"schema":{"@context":"https:\/\/schema.org","@graph":[{"@type":"WebPage","@id":"https:\/\/cinier-b.com\/particuliers\/boutique\/savons-dalep-et-produits-autour-du-bain\/savons-alep\/pain-alep-savonette-oranger\/","url":"https:\/\/cinier-b.com\/particuliers\/boutique\/savons-dalep-et-produits-autour-du-bain\/savons-alep\/pain-alep-savonette-oranger\/","name":"Savon d'Alep Surgras au N\u00e9roli de Capri 100g - Particuliers - Cinier-B Laboratoires","isPartOf":{"@id":"https:\/\/cinier-b.com\/particuliers\/#website"},"primaryImageOfPage":{"@id":"https:\/\/cinier-b.com\/particuliers\/boutique\/savons-dalep-et-produits-autour-du-bain\/savons-alep\/pain-alep-savonette-oranger\/#primaryimage"},"image":{"@id":"https:\/\/cinier-b.com\/particuliers\/boutique\/savons-dalep-et-produits-autour-du-bain\/savons-alep\/pain-alep-savonette-oranger\/#primaryimage"},"thumbnailUrl":"https:\/\/cinier-b.com\/particuliers\/wp-content\/uploads\/2019\/09\/savon-d-alep-surgras-100g-neroli-de-capri.jpg","datePublished":"2019-09-12T07:51:05+00:00","dateModified":"2023-09-21T12:50:23+00:00","breadcrumb":{"@id":"https:\/\/cinier-b.com\/particuliers\/boutique\/savons-dalep-et-produits-autour-du-bain\/savons-alep\/pain-alep-savonette-oranger\/#breadcrumb"},"inLanguage":"fr-FR","potentialAction":[{"@type":"ReadAction","target":["https:\/\/cinier-b.com\/particuliers\/boutique\/savons-dalep-et-produits-autour-du-bain\/savons-alep\/pain-alep-savonette-oranger\/"]}]},{"@type":"ImageObject","inLanguage":"fr-FR","@id":"https:\/\/cinier-b.com\/particuliers\/boutique\/savons-dalep-et-produits-autour-du-bain\/savons-alep\/pain-alep-savonette-oranger\/#primaryimage","url":"https:\/\/cinier-b.com\/particuliers\/wp-content\/uploads\/2019\/09\/savon-d-alep-surgras-100g-neroli-de-capri.jpg","contentUrl":"https:\/\/cinier-b.com\/particuliers\/wp-content\/uploads\/2019\/09\/savon-d-alep-surgras-100g-neroli-de-capri.jpg","width":458,"height":458},{"@type":"BreadcrumbList","@id":"https:\/\/cinier-b.com\/particuliers\/boutique\/savons-dalep-et-produits-autour-du-bain\/savons-alep\/pain-alep-savonette-oranger\/#breadcrumb","itemListElement":[{"@type":"ListItem","position":1,"name":"Accueil","item":"https:\/\/cinier-b.com\/particuliers\/soins-naturels-particuliers\/"},{"@type":"ListItem","position":2,"name":"Boutique","item":"https:\/\/cinier-b.com\/particuliers\/boutique\/"},{"@type":"ListItem","position":3,"name":"Savon d&#8217;Alep Surgras au N\u00e9roli de Capri 100g"}]},{"@type":"WebSite","@id":"https:\/\/cinier-b.com\/particuliers\/#website","url":"https:\/\/cinier-b.com\/particuliers\/","name":"Particuliers - Cinier-B Laboratoires","description":"Aromatherapie et podologie","potentialAction":[{"@type":"SearchAction","target":{"@type":"EntryPoint","urlTemplate":"https:\/\/cinier-b.com\/particuliers\/?s={search_term_string}"},"query-input":{"@type":"PropertyValueSpecification","valueRequired":true,"valueName":"search_term_string"}}],"inLanguage":"fr-FR"}]}},"_links":{"self":[{"href":"https:\/\/cinier-b.com\/particuliers\/wp-json\/wp\/v2\/product\/812","targetHints":{"allow":["GET"]}}],"collection":[{"href":"https:\/\/cinier-b.com\/particuliers\/wp-json\/wp\/v2\/product"}],"about":[{"href":"https:\/\/cinier-b.com\/particuliers\/wp-json\/wp\/v2\/types\/product"}],"wp:featuredmedia":[{"embeddable":true,"href":"https:\/\/cinier-b.com\/particuliers\/wp-json\/wp\/v2\/media\/5559"}],"wp:attachment":[{"href":"https:\/\/cinier-b.com\/particuliers\/wp-json\/wp\/v2\/media?parent=812"}],"wp:term":[{"taxonomy":"product_brand","embeddable":true,"href":"https:\/\/cinier-b.com\/particuliers\/wp-json\/wp\/v2\/product_brand?post=812"},{"taxonomy":"product_cat","embeddable":true,"href":"https:\/\/cinier-b.com\/particuliers\/wp-json\/wp\/v2\/product_cat?post=812"},{"taxonomy":"product_tag","embeddable":true,"href":"https:\/\/cinier-b.com\/particuliers\/wp-json\/wp\/v2\/product_tag?post=812"}],"curies":[{"name":"wp","href":"https:\/\/api.w.org\/{rel}","templated":true}]}}