{"id":755,"date":"2012-11-15T15:54:59","date_gmt":"2012-11-15T14:54:59","guid":{"rendered":"http:\/\/particuliers.cinier-b.com\/produit\/hydrolat-de-romarin-a-verbenone-bio\/"},"modified":"2025-04-04T10:43:42","modified_gmt":"2025-04-04T09:43:42","slug":"hydrolat-de-romarin-a-verbenone-bio","status":"publish","type":"product","link":"https:\/\/cinier-b.com\/particuliers\/boutique\/huiles-essentielles-aromatherapie\/hydrolats-aromatiques\/hydrolat-de-romarin-a-verbenone-bio\/","title":{"rendered":"HYDROLAT ROMARIN \u00e0 Verb\u00e9none BIO : Peaux acn\u00e9iques &#038; Cheveux gras"},"content":{"rendered":"<p style=\"text-align: justify;\">L&rsquo;hydrolat de Romarin \u00e0 verb\u00e9none BIO est obtenu par distillation \u00e0 la vapeur d&rsquo;eau des sommit\u00e9s fleuries du Rosmarinus officinalis Biologique. Origine France.<\/p>\n<p>Il est 100% pur et naturel, ne contient ni alcool ni conservateur. Pour une meilleure conservation il est pr\u00e9sent\u00e9 en flacon pulv\u00e9risateur opaque.<\/p>\n<p style=\"text-align: justify;\">Tonique, antiride, cicatrisant, l\u2019hydrolat de Romarin \u00e0 verb\u00e9none est particuli\u00e8rement recommand\u00e9 pour les peaux rid\u00e9es et atones.<\/p>\n<address>\n<hr \/>\n<\/address>\n<p><img decoding=\"async\" class=\" size-full wp-image-94\" src=\"https:\/\/cinier-b.com\/particuliers\/wp-content\/uploads\/2009\/01\/ECOCERT-AB.jpg\" alt=\"alt\" width=\"80\" height=\"31\" border=\"0\" srcset=\"https:\/\/cinier-b.com\/particuliers\/wp-content\/uploads\/2009\/01\/ECOCERT-AB.jpg 80w, https:\/\/cinier-b.com\/particuliers\/wp-content\/uploads\/2009\/01\/ECOCERT-AB-64x25.jpg 64w\" sizes=\"(max-width: 80px) 100vw, 80px\" \/>Les produits portant la mention BIO sont issus de l&rsquo;Agriculture Biologique et certifi\u00e9s par ECOCERT FR-BIO-01<\/p>\n<address>\u00a0<\/address>\n<address>Les eaux florales ou hydrolats 100% purs et naturels ne contiennent ni alcool ni conservateur. Ces produits \u00e9tant sujet aux pollutions microbiologiques, il faut les conserver \u00e0 l&rsquo;abri de l&rsquo;air, de la lumi\u00e8re et \u00e0 temp\u00e9rature stable.<\/address>\n<address>Pour une meilleure conservation tous nos hydrolats sont pr\u00e9sent\u00e9es en flacon pulv\u00e9risateur aluminium opaque. Il est vivement conseill\u00e9 de les conserver au frais et de les tenir \u00e9loign\u00e9s d&rsquo;une source directe de chaleur.<\/address>\n<p style=\"text-align: justify;\">\n","protected":false},"excerpt":{"rendered":"<p><b>Tonique, antiride, cicatrisant. Recommand\u00e9 pour les peaux rid\u00e9es et atones.<br \/>\n<\/b><\/p>\n<p>100% pur et naturel, Biologique; origine France<\/p>\n<p>Flacon pulv\u00e9risateur aluminium opaque 200 ml<\/p>\n","protected":false},"featured_media":10088,"template":"","meta":[],"product_brand":[],"product_cat":[137,35],"product_tag":[],"class_list":{"0":"post-755","1":"product","2":"type-product","3":"status-publish","4":"has-post-thumbnail","6":"product_cat-nos-14-hydrolats","7":"product_cat-hydrolats-aromatiques","9":"first","10":"instock","11":"featured","12":"taxable","13":"shipping-taxable","14":"purchasable","15":"product-type-simple"},"yoast_head":"<!-- This site is optimized with the Yoast SEO plugin v25.5 - https:\/\/yoast.com\/wordpress\/plugins\/seo\/ -->\n<title>HYDROLAT ROMARIN \u00e0 Verb\u00e9none BIO : Peaux acn\u00e9iques &amp; Cheveux gras - Particuliers - Cinier-B Laboratoires<\/title>\n<meta name=\"robots\" content=\"index, follow, max-snippet:-1, max-image-preview:large, max-video-preview:-1\" \/>\n<link rel=\"canonical\" href=\"https:\/\/cinier-b.com\/particuliers\/boutique\/huiles-essentielles-aromatherapie\/hydrolats-aromatiques\/hydrolat-de-romarin-a-verbenone-bio\/\" \/>\n<meta property=\"og:locale\" content=\"fr_FR\" \/>\n<meta property=\"og:type\" content=\"article\" \/>\n<meta property=\"og:title\" content=\"HYDROLAT ROMARIN \u00e0 Verb\u00e9none BIO : Peaux acn\u00e9iques &amp; Cheveux gras - Particuliers - Cinier-B Laboratoires\" \/>\n<meta property=\"og:description\" content=\"Tonique, antiride, cicatrisant. Recommand\u00e9 pour les peaux rid\u00e9es et atones.   100% pur et naturel, Biologique; origine France  Flacon pulv\u00e9risateur aluminium opaque 200 ml\" \/>\n<meta property=\"og:url\" content=\"https:\/\/cinier-b.com\/particuliers\/boutique\/huiles-essentielles-aromatherapie\/hydrolats-aromatiques\/hydrolat-de-romarin-a-verbenone-bio\/\" \/>\n<meta property=\"og:site_name\" content=\"Particuliers - Cinier-B Laboratoires\" \/>\n<meta property=\"article:modified_time\" content=\"2025-04-04T09:43:42+00:00\" \/>\n<meta property=\"og:image\" content=\"https:\/\/cinier-b.com\/particuliers\/wp-content\/uploads\/2012\/11\/hydrolat-romarin.jpg\" \/>\n\t<meta property=\"og:image:width\" content=\"1080\" \/>\n\t<meta property=\"og:image:height\" content=\"1080\" \/>\n\t<meta property=\"og:image:type\" content=\"image\/jpeg\" \/>\n<meta name=\"twitter:card\" content=\"summary_large_image\" \/>\n<script type=\"application\/ld+json\" class=\"yoast-schema-graph\">{\"@context\":\"https:\/\/schema.org\",\"@graph\":[{\"@type\":\"WebPage\",\"@id\":\"https:\/\/cinier-b.com\/particuliers\/boutique\/huiles-essentielles-aromatherapie\/hydrolats-aromatiques\/hydrolat-de-romarin-a-verbenone-bio\/\",\"url\":\"https:\/\/cinier-b.com\/particuliers\/boutique\/huiles-essentielles-aromatherapie\/hydrolats-aromatiques\/hydrolat-de-romarin-a-verbenone-bio\/\",\"name\":\"HYDROLAT ROMARIN \u00e0 Verb\u00e9none BIO : Peaux acn\u00e9iques & Cheveux gras - Particuliers - Cinier-B Laboratoires\",\"isPartOf\":{\"@id\":\"https:\/\/cinier-b.com\/particuliers\/#website\"},\"primaryImageOfPage\":{\"@id\":\"https:\/\/cinier-b.com\/particuliers\/boutique\/huiles-essentielles-aromatherapie\/hydrolats-aromatiques\/hydrolat-de-romarin-a-verbenone-bio\/#primaryimage\"},\"image\":{\"@id\":\"https:\/\/cinier-b.com\/particuliers\/boutique\/huiles-essentielles-aromatherapie\/hydrolats-aromatiques\/hydrolat-de-romarin-a-verbenone-bio\/#primaryimage\"},\"thumbnailUrl\":\"https:\/\/cinier-b.com\/particuliers\/wp-content\/uploads\/2012\/11\/hydrolat-romarin.jpg\",\"datePublished\":\"2012-11-15T14:54:59+00:00\",\"dateModified\":\"2025-04-04T09:43:42+00:00\",\"breadcrumb\":{\"@id\":\"https:\/\/cinier-b.com\/particuliers\/boutique\/huiles-essentielles-aromatherapie\/hydrolats-aromatiques\/hydrolat-de-romarin-a-verbenone-bio\/#breadcrumb\"},\"inLanguage\":\"fr-FR\",\"potentialAction\":[{\"@type\":\"ReadAction\",\"target\":[\"https:\/\/cinier-b.com\/particuliers\/boutique\/huiles-essentielles-aromatherapie\/hydrolats-aromatiques\/hydrolat-de-romarin-a-verbenone-bio\/\"]}]},{\"@type\":\"ImageObject\",\"inLanguage\":\"fr-FR\",\"@id\":\"https:\/\/cinier-b.com\/particuliers\/boutique\/huiles-essentielles-aromatherapie\/hydrolats-aromatiques\/hydrolat-de-romarin-a-verbenone-bio\/#primaryimage\",\"url\":\"https:\/\/cinier-b.com\/particuliers\/wp-content\/uploads\/2012\/11\/hydrolat-romarin.jpg\",\"contentUrl\":\"https:\/\/cinier-b.com\/particuliers\/wp-content\/uploads\/2012\/11\/hydrolat-romarin.jpg\",\"width\":1080,\"height\":1080},{\"@type\":\"BreadcrumbList\",\"@id\":\"https:\/\/cinier-b.com\/particuliers\/boutique\/huiles-essentielles-aromatherapie\/hydrolats-aromatiques\/hydrolat-de-romarin-a-verbenone-bio\/#breadcrumb\",\"itemListElement\":[{\"@type\":\"ListItem\",\"position\":1,\"name\":\"Accueil\",\"item\":\"https:\/\/cinier-b.com\/particuliers\/soins-naturels-particuliers\/\"},{\"@type\":\"ListItem\",\"position\":2,\"name\":\"Boutique\",\"item\":\"https:\/\/cinier-b.com\/particuliers\/boutique\/\"},{\"@type\":\"ListItem\",\"position\":3,\"name\":\"HYDROLAT ROMARIN \u00e0 Verb\u00e9none BIO : Peaux acn\u00e9iques &#038; Cheveux gras\"}]},{\"@type\":\"WebSite\",\"@id\":\"https:\/\/cinier-b.com\/particuliers\/#website\",\"url\":\"https:\/\/cinier-b.com\/particuliers\/\",\"name\":\"Particuliers - Cinier-B Laboratoires\",\"description\":\"Aromatherapie et podologie\",\"potentialAction\":[{\"@type\":\"SearchAction\",\"target\":{\"@type\":\"EntryPoint\",\"urlTemplate\":\"https:\/\/cinier-b.com\/particuliers\/?s={search_term_string}\"},\"query-input\":{\"@type\":\"PropertyValueSpecification\",\"valueRequired\":true,\"valueName\":\"search_term_string\"}}],\"inLanguage\":\"fr-FR\"}]}<\/script>\n<!-- \/ Yoast SEO plugin. -->","yoast_head_json":{"title":"HYDROLAT ROMARIN \u00e0 Verb\u00e9none BIO : Peaux acn\u00e9iques & Cheveux gras - Particuliers - Cinier-B Laboratoires","robots":{"index":"index","follow":"follow","max-snippet":"max-snippet:-1","max-image-preview":"max-image-preview:large","max-video-preview":"max-video-preview:-1"},"canonical":"https:\/\/cinier-b.com\/particuliers\/boutique\/huiles-essentielles-aromatherapie\/hydrolats-aromatiques\/hydrolat-de-romarin-a-verbenone-bio\/","og_locale":"fr_FR","og_type":"article","og_title":"HYDROLAT ROMARIN \u00e0 Verb\u00e9none BIO : Peaux acn\u00e9iques & Cheveux gras - Particuliers - Cinier-B Laboratoires","og_description":"Tonique, antiride, cicatrisant. Recommand\u00e9 pour les peaux rid\u00e9es et atones.   100% pur et naturel, Biologique; origine France  Flacon pulv\u00e9risateur aluminium opaque 200 ml","og_url":"https:\/\/cinier-b.com\/particuliers\/boutique\/huiles-essentielles-aromatherapie\/hydrolats-aromatiques\/hydrolat-de-romarin-a-verbenone-bio\/","og_site_name":"Particuliers - Cinier-B Laboratoires","article_modified_time":"2025-04-04T09:43:42+00:00","og_image":[{"width":1080,"height":1080,"url":"https:\/\/cinier-b.com\/particuliers\/wp-content\/uploads\/2012\/11\/hydrolat-romarin.jpg","type":"image\/jpeg"}],"twitter_card":"summary_large_image","schema":{"@context":"https:\/\/schema.org","@graph":[{"@type":"WebPage","@id":"https:\/\/cinier-b.com\/particuliers\/boutique\/huiles-essentielles-aromatherapie\/hydrolats-aromatiques\/hydrolat-de-romarin-a-verbenone-bio\/","url":"https:\/\/cinier-b.com\/particuliers\/boutique\/huiles-essentielles-aromatherapie\/hydrolats-aromatiques\/hydrolat-de-romarin-a-verbenone-bio\/","name":"HYDROLAT ROMARIN \u00e0 Verb\u00e9none BIO : Peaux acn\u00e9iques & Cheveux gras - Particuliers - Cinier-B Laboratoires","isPartOf":{"@id":"https:\/\/cinier-b.com\/particuliers\/#website"},"primaryImageOfPage":{"@id":"https:\/\/cinier-b.com\/particuliers\/boutique\/huiles-essentielles-aromatherapie\/hydrolats-aromatiques\/hydrolat-de-romarin-a-verbenone-bio\/#primaryimage"},"image":{"@id":"https:\/\/cinier-b.com\/particuliers\/boutique\/huiles-essentielles-aromatherapie\/hydrolats-aromatiques\/hydrolat-de-romarin-a-verbenone-bio\/#primaryimage"},"thumbnailUrl":"https:\/\/cinier-b.com\/particuliers\/wp-content\/uploads\/2012\/11\/hydrolat-romarin.jpg","datePublished":"2012-11-15T14:54:59+00:00","dateModified":"2025-04-04T09:43:42+00:00","breadcrumb":{"@id":"https:\/\/cinier-b.com\/particuliers\/boutique\/huiles-essentielles-aromatherapie\/hydrolats-aromatiques\/hydrolat-de-romarin-a-verbenone-bio\/#breadcrumb"},"inLanguage":"fr-FR","potentialAction":[{"@type":"ReadAction","target":["https:\/\/cinier-b.com\/particuliers\/boutique\/huiles-essentielles-aromatherapie\/hydrolats-aromatiques\/hydrolat-de-romarin-a-verbenone-bio\/"]}]},{"@type":"ImageObject","inLanguage":"fr-FR","@id":"https:\/\/cinier-b.com\/particuliers\/boutique\/huiles-essentielles-aromatherapie\/hydrolats-aromatiques\/hydrolat-de-romarin-a-verbenone-bio\/#primaryimage","url":"https:\/\/cinier-b.com\/particuliers\/wp-content\/uploads\/2012\/11\/hydrolat-romarin.jpg","contentUrl":"https:\/\/cinier-b.com\/particuliers\/wp-content\/uploads\/2012\/11\/hydrolat-romarin.jpg","width":1080,"height":1080},{"@type":"BreadcrumbList","@id":"https:\/\/cinier-b.com\/particuliers\/boutique\/huiles-essentielles-aromatherapie\/hydrolats-aromatiques\/hydrolat-de-romarin-a-verbenone-bio\/#breadcrumb","itemListElement":[{"@type":"ListItem","position":1,"name":"Accueil","item":"https:\/\/cinier-b.com\/particuliers\/soins-naturels-particuliers\/"},{"@type":"ListItem","position":2,"name":"Boutique","item":"https:\/\/cinier-b.com\/particuliers\/boutique\/"},{"@type":"ListItem","position":3,"name":"HYDROLAT ROMARIN \u00e0 Verb\u00e9none BIO : Peaux acn\u00e9iques &#038; Cheveux gras"}]},{"@type":"WebSite","@id":"https:\/\/cinier-b.com\/particuliers\/#website","url":"https:\/\/cinier-b.com\/particuliers\/","name":"Particuliers - Cinier-B Laboratoires","description":"Aromatherapie et podologie","potentialAction":[{"@type":"SearchAction","target":{"@type":"EntryPoint","urlTemplate":"https:\/\/cinier-b.com\/particuliers\/?s={search_term_string}"},"query-input":{"@type":"PropertyValueSpecification","valueRequired":true,"valueName":"search_term_string"}}],"inLanguage":"fr-FR"}]}},"_links":{"self":[{"href":"https:\/\/cinier-b.com\/particuliers\/wp-json\/wp\/v2\/product\/755","targetHints":{"allow":["GET"]}}],"collection":[{"href":"https:\/\/cinier-b.com\/particuliers\/wp-json\/wp\/v2\/product"}],"about":[{"href":"https:\/\/cinier-b.com\/particuliers\/wp-json\/wp\/v2\/types\/product"}],"wp:featuredmedia":[{"embeddable":true,"href":"https:\/\/cinier-b.com\/particuliers\/wp-json\/wp\/v2\/media\/10088"}],"wp:attachment":[{"href":"https:\/\/cinier-b.com\/particuliers\/wp-json\/wp\/v2\/media?parent=755"}],"wp:term":[{"taxonomy":"product_brand","embeddable":true,"href":"https:\/\/cinier-b.com\/particuliers\/wp-json\/wp\/v2\/product_brand?post=755"},{"taxonomy":"product_cat","embeddable":true,"href":"https:\/\/cinier-b.com\/particuliers\/wp-json\/wp\/v2\/product_cat?post=755"},{"taxonomy":"product_tag","embeddable":true,"href":"https:\/\/cinier-b.com\/particuliers\/wp-json\/wp\/v2\/product_tag?post=755"}],"curies":[{"name":"wp","href":"https:\/\/api.w.org\/{rel}","templated":true}]}}