{"id":705,"date":"2019-09-11T17:20:22","date_gmt":"2019-09-11T16:20:22","guid":{"rendered":"http:\/\/particuliers.cinier-b.com\/?post_type=product&#038;p=705"},"modified":"2024-10-28T08:24:46","modified_gmt":"2024-10-28T07:24:46","slug":"savon-dalep-a-30-huile-de-baie-de-laurier","status":"publish","type":"product","link":"https:\/\/cinier-b.com\/particuliers\/boutique\/savons-dalep-et-produits-autour-du-bain\/savons-alep\/savon-dalep-a-30-huile-de-baie-de-laurier\/","title":{"rendered":"Savon d\u2019Alep \u00e0 25% huile de Baie de Laurier"},"content":{"rendered":"<p>Forte teneur en huile de Laurier (25% \u00e0 la cuisson), voil\u00e0 la sup\u00e9riorit\u00e9 de cet authentique Pain d\u2019Alep, d&rsquo;origine naturelle \u00e0 99,9%, sans conservateur, ni colorant, cuit au chaudron et s\u00e9ch\u00e9 9 mois \u00e0 l&rsquo;air libre. Riche de ces huiles d&rsquo;olive et de laurier, g\u00e9n\u00e9reuses en acides gras indispensables, vitamines, antioxydants, insaponifiables, il fait merveille pour visage, corps et zones sensibles.<\/p>\n","protected":false},"excerpt":{"rendered":"<p>Savon d\u2019Alep \u00e0 25% huile de Baie de Laurier.<\/p>\n<p>200g<\/p>\n","protected":false},"featured_media":4911,"template":"","meta":[],"product_brand":[],"product_cat":[136,30],"product_tag":[],"class_list":{"0":"post-705","1":"product","2":"type-product","3":"status-publish","4":"has-post-thumbnail","6":"product_cat-ligne-alep","7":"product_cat-savons-alep","9":"first","10":"outofstock","11":"featured","12":"taxable","13":"shipping-taxable","14":"purchasable","15":"product-type-simple"},"yoast_head":"<!-- This site is optimized with the Yoast SEO plugin v25.5 - https:\/\/yoast.com\/wordpress\/plugins\/seo\/ -->\n<title>Savon d\u2019Alep \u00e0 25% huile de Baie de Laurier - Particuliers - Cinier-B Laboratoires<\/title>\n<meta name=\"robots\" content=\"index, follow, max-snippet:-1, max-image-preview:large, max-video-preview:-1\" \/>\n<link rel=\"canonical\" href=\"https:\/\/cinier-b.com\/particuliers\/boutique\/savons-dalep-et-produits-autour-du-bain\/savons-alep\/savon-dalep-a-30-huile-de-baie-de-laurier\/\" \/>\n<meta property=\"og:locale\" content=\"fr_FR\" \/>\n<meta property=\"og:type\" content=\"article\" \/>\n<meta property=\"og:title\" content=\"Savon d\u2019Alep \u00e0 25% huile de Baie de Laurier - Particuliers - Cinier-B Laboratoires\" \/>\n<meta property=\"og:description\" content=\"Savon d\u2019Alep \u00e0 25% huile de Baie de Laurier.  200g\" \/>\n<meta property=\"og:url\" content=\"https:\/\/cinier-b.com\/particuliers\/boutique\/savons-dalep-et-produits-autour-du-bain\/savons-alep\/savon-dalep-a-30-huile-de-baie-de-laurier\/\" \/>\n<meta property=\"og:site_name\" content=\"Particuliers - Cinier-B Laboratoires\" \/>\n<meta property=\"article:modified_time\" content=\"2024-10-28T07:24:46+00:00\" \/>\n<meta property=\"og:image\" content=\"https:\/\/cinier-b.com\/particuliers\/wp-content\/uploads\/2020\/11\/savon-pain-d-alep-25-laurier-200g.jpg\" \/>\n\t<meta property=\"og:image:width\" content=\"458\" \/>\n\t<meta property=\"og:image:height\" content=\"458\" \/>\n\t<meta property=\"og:image:type\" content=\"image\/jpeg\" \/>\n<meta name=\"twitter:card\" content=\"summary_large_image\" \/>\n<script type=\"application\/ld+json\" class=\"yoast-schema-graph\">{\"@context\":\"https:\/\/schema.org\",\"@graph\":[{\"@type\":\"WebPage\",\"@id\":\"https:\/\/cinier-b.com\/particuliers\/boutique\/savons-dalep-et-produits-autour-du-bain\/savons-alep\/savon-dalep-a-30-huile-de-baie-de-laurier\/\",\"url\":\"https:\/\/cinier-b.com\/particuliers\/boutique\/savons-dalep-et-produits-autour-du-bain\/savons-alep\/savon-dalep-a-30-huile-de-baie-de-laurier\/\",\"name\":\"Savon d\u2019Alep \u00e0 25% huile de Baie de Laurier - Particuliers - Cinier-B Laboratoires\",\"isPartOf\":{\"@id\":\"https:\/\/cinier-b.com\/particuliers\/#website\"},\"primaryImageOfPage\":{\"@id\":\"https:\/\/cinier-b.com\/particuliers\/boutique\/savons-dalep-et-produits-autour-du-bain\/savons-alep\/savon-dalep-a-30-huile-de-baie-de-laurier\/#primaryimage\"},\"image\":{\"@id\":\"https:\/\/cinier-b.com\/particuliers\/boutique\/savons-dalep-et-produits-autour-du-bain\/savons-alep\/savon-dalep-a-30-huile-de-baie-de-laurier\/#primaryimage\"},\"thumbnailUrl\":\"https:\/\/cinier-b.com\/particuliers\/wp-content\/uploads\/2020\/11\/savon-pain-d-alep-25-laurier-200g.jpg\",\"datePublished\":\"2019-09-11T16:20:22+00:00\",\"dateModified\":\"2024-10-28T07:24:46+00:00\",\"breadcrumb\":{\"@id\":\"https:\/\/cinier-b.com\/particuliers\/boutique\/savons-dalep-et-produits-autour-du-bain\/savons-alep\/savon-dalep-a-30-huile-de-baie-de-laurier\/#breadcrumb\"},\"inLanguage\":\"fr-FR\",\"potentialAction\":[{\"@type\":\"ReadAction\",\"target\":[\"https:\/\/cinier-b.com\/particuliers\/boutique\/savons-dalep-et-produits-autour-du-bain\/savons-alep\/savon-dalep-a-30-huile-de-baie-de-laurier\/\"]}]},{\"@type\":\"ImageObject\",\"inLanguage\":\"fr-FR\",\"@id\":\"https:\/\/cinier-b.com\/particuliers\/boutique\/savons-dalep-et-produits-autour-du-bain\/savons-alep\/savon-dalep-a-30-huile-de-baie-de-laurier\/#primaryimage\",\"url\":\"https:\/\/cinier-b.com\/particuliers\/wp-content\/uploads\/2020\/11\/savon-pain-d-alep-25-laurier-200g.jpg\",\"contentUrl\":\"https:\/\/cinier-b.com\/particuliers\/wp-content\/uploads\/2020\/11\/savon-pain-d-alep-25-laurier-200g.jpg\",\"width\":458,\"height\":458},{\"@type\":\"BreadcrumbList\",\"@id\":\"https:\/\/cinier-b.com\/particuliers\/boutique\/savons-dalep-et-produits-autour-du-bain\/savons-alep\/savon-dalep-a-30-huile-de-baie-de-laurier\/#breadcrumb\",\"itemListElement\":[{\"@type\":\"ListItem\",\"position\":1,\"name\":\"Accueil\",\"item\":\"https:\/\/cinier-b.com\/particuliers\/soins-naturels-particuliers\/\"},{\"@type\":\"ListItem\",\"position\":2,\"name\":\"Boutique\",\"item\":\"https:\/\/cinier-b.com\/particuliers\/boutique\/\"},{\"@type\":\"ListItem\",\"position\":3,\"name\":\"Savon d\u2019Alep \u00e0 25% huile de Baie de Laurier\"}]},{\"@type\":\"WebSite\",\"@id\":\"https:\/\/cinier-b.com\/particuliers\/#website\",\"url\":\"https:\/\/cinier-b.com\/particuliers\/\",\"name\":\"Particuliers - Cinier-B Laboratoires\",\"description\":\"Aromatherapie et podologie\",\"potentialAction\":[{\"@type\":\"SearchAction\",\"target\":{\"@type\":\"EntryPoint\",\"urlTemplate\":\"https:\/\/cinier-b.com\/particuliers\/?s={search_term_string}\"},\"query-input\":{\"@type\":\"PropertyValueSpecification\",\"valueRequired\":true,\"valueName\":\"search_term_string\"}}],\"inLanguage\":\"fr-FR\"}]}<\/script>\n<!-- \/ Yoast SEO plugin. -->","yoast_head_json":{"title":"Savon d\u2019Alep \u00e0 25% huile de Baie de Laurier - Particuliers - Cinier-B Laboratoires","robots":{"index":"index","follow":"follow","max-snippet":"max-snippet:-1","max-image-preview":"max-image-preview:large","max-video-preview":"max-video-preview:-1"},"canonical":"https:\/\/cinier-b.com\/particuliers\/boutique\/savons-dalep-et-produits-autour-du-bain\/savons-alep\/savon-dalep-a-30-huile-de-baie-de-laurier\/","og_locale":"fr_FR","og_type":"article","og_title":"Savon d\u2019Alep \u00e0 25% huile de Baie de Laurier - Particuliers - Cinier-B Laboratoires","og_description":"Savon d\u2019Alep \u00e0 25% huile de Baie de Laurier.  200g","og_url":"https:\/\/cinier-b.com\/particuliers\/boutique\/savons-dalep-et-produits-autour-du-bain\/savons-alep\/savon-dalep-a-30-huile-de-baie-de-laurier\/","og_site_name":"Particuliers - Cinier-B Laboratoires","article_modified_time":"2024-10-28T07:24:46+00:00","og_image":[{"width":458,"height":458,"url":"https:\/\/cinier-b.com\/particuliers\/wp-content\/uploads\/2020\/11\/savon-pain-d-alep-25-laurier-200g.jpg","type":"image\/jpeg"}],"twitter_card":"summary_large_image","schema":{"@context":"https:\/\/schema.org","@graph":[{"@type":"WebPage","@id":"https:\/\/cinier-b.com\/particuliers\/boutique\/savons-dalep-et-produits-autour-du-bain\/savons-alep\/savon-dalep-a-30-huile-de-baie-de-laurier\/","url":"https:\/\/cinier-b.com\/particuliers\/boutique\/savons-dalep-et-produits-autour-du-bain\/savons-alep\/savon-dalep-a-30-huile-de-baie-de-laurier\/","name":"Savon d\u2019Alep \u00e0 25% huile de Baie de Laurier - Particuliers - Cinier-B Laboratoires","isPartOf":{"@id":"https:\/\/cinier-b.com\/particuliers\/#website"},"primaryImageOfPage":{"@id":"https:\/\/cinier-b.com\/particuliers\/boutique\/savons-dalep-et-produits-autour-du-bain\/savons-alep\/savon-dalep-a-30-huile-de-baie-de-laurier\/#primaryimage"},"image":{"@id":"https:\/\/cinier-b.com\/particuliers\/boutique\/savons-dalep-et-produits-autour-du-bain\/savons-alep\/savon-dalep-a-30-huile-de-baie-de-laurier\/#primaryimage"},"thumbnailUrl":"https:\/\/cinier-b.com\/particuliers\/wp-content\/uploads\/2020\/11\/savon-pain-d-alep-25-laurier-200g.jpg","datePublished":"2019-09-11T16:20:22+00:00","dateModified":"2024-10-28T07:24:46+00:00","breadcrumb":{"@id":"https:\/\/cinier-b.com\/particuliers\/boutique\/savons-dalep-et-produits-autour-du-bain\/savons-alep\/savon-dalep-a-30-huile-de-baie-de-laurier\/#breadcrumb"},"inLanguage":"fr-FR","potentialAction":[{"@type":"ReadAction","target":["https:\/\/cinier-b.com\/particuliers\/boutique\/savons-dalep-et-produits-autour-du-bain\/savons-alep\/savon-dalep-a-30-huile-de-baie-de-laurier\/"]}]},{"@type":"ImageObject","inLanguage":"fr-FR","@id":"https:\/\/cinier-b.com\/particuliers\/boutique\/savons-dalep-et-produits-autour-du-bain\/savons-alep\/savon-dalep-a-30-huile-de-baie-de-laurier\/#primaryimage","url":"https:\/\/cinier-b.com\/particuliers\/wp-content\/uploads\/2020\/11\/savon-pain-d-alep-25-laurier-200g.jpg","contentUrl":"https:\/\/cinier-b.com\/particuliers\/wp-content\/uploads\/2020\/11\/savon-pain-d-alep-25-laurier-200g.jpg","width":458,"height":458},{"@type":"BreadcrumbList","@id":"https:\/\/cinier-b.com\/particuliers\/boutique\/savons-dalep-et-produits-autour-du-bain\/savons-alep\/savon-dalep-a-30-huile-de-baie-de-laurier\/#breadcrumb","itemListElement":[{"@type":"ListItem","position":1,"name":"Accueil","item":"https:\/\/cinier-b.com\/particuliers\/soins-naturels-particuliers\/"},{"@type":"ListItem","position":2,"name":"Boutique","item":"https:\/\/cinier-b.com\/particuliers\/boutique\/"},{"@type":"ListItem","position":3,"name":"Savon d\u2019Alep \u00e0 25% huile de Baie de Laurier"}]},{"@type":"WebSite","@id":"https:\/\/cinier-b.com\/particuliers\/#website","url":"https:\/\/cinier-b.com\/particuliers\/","name":"Particuliers - Cinier-B Laboratoires","description":"Aromatherapie et podologie","potentialAction":[{"@type":"SearchAction","target":{"@type":"EntryPoint","urlTemplate":"https:\/\/cinier-b.com\/particuliers\/?s={search_term_string}"},"query-input":{"@type":"PropertyValueSpecification","valueRequired":true,"valueName":"search_term_string"}}],"inLanguage":"fr-FR"}]}},"_links":{"self":[{"href":"https:\/\/cinier-b.com\/particuliers\/wp-json\/wp\/v2\/product\/705","targetHints":{"allow":["GET"]}}],"collection":[{"href":"https:\/\/cinier-b.com\/particuliers\/wp-json\/wp\/v2\/product"}],"about":[{"href":"https:\/\/cinier-b.com\/particuliers\/wp-json\/wp\/v2\/types\/product"}],"wp:featuredmedia":[{"embeddable":true,"href":"https:\/\/cinier-b.com\/particuliers\/wp-json\/wp\/v2\/media\/4911"}],"wp:attachment":[{"href":"https:\/\/cinier-b.com\/particuliers\/wp-json\/wp\/v2\/media?parent=705"}],"wp:term":[{"taxonomy":"product_brand","embeddable":true,"href":"https:\/\/cinier-b.com\/particuliers\/wp-json\/wp\/v2\/product_brand?post=705"},{"taxonomy":"product_cat","embeddable":true,"href":"https:\/\/cinier-b.com\/particuliers\/wp-json\/wp\/v2\/product_cat?post=705"},{"taxonomy":"product_tag","embeddable":true,"href":"https:\/\/cinier-b.com\/particuliers\/wp-json\/wp\/v2\/product_tag?post=705"}],"curies":[{"name":"wp","href":"https:\/\/api.w.org\/{rel}","templated":true}]}}