{"id":3798,"date":"2019-09-12T20:51:06","date_gmt":"2019-09-12T19:51:06","guid":{"rendered":"http:\/\/particuliers.cinier-b.com\/produit\/import-placeholder-for-hepgman\/"},"modified":"2024-02-20T11:10:08","modified_gmt":"2024-02-20T10:10:08","slug":"huile-essentielle-petitgrain-mandarinier","status":"publish","type":"product","link":"https:\/\/cinier-b.com\/particuliers\/boutique\/aromatherapie\/les-huiles-essentielles\/huile-essentielle-petitgrain-mandarinier\/","title":{"rendered":"Huile Essentielle | Petit grain Mandarinier"},"content":{"rendered":"","protected":false},"excerpt":{"rendered":"<p><span style=\"font-weight: 400;\">Chaque lot que nous commercialisons est choisi par G\u00e9rard BRZEGOWI sur la base de son \u00e9valuation chromatographique, afin d&rsquo;atteindre une capacit\u00e9 optimale de traitement aromatique.<\/span><span style=\"font-weight: 400;\"> Cinier B s\u2019engage pour une aromath\u00e9rapie de qualit\u00e9 et responsable.<\/span><\/p>\n<p><b>Le + Cinier B :<\/b><\/p>\n<ul>\n<li style=\"font-weight: 400;\" aria-level=\"1\"><span style=\"font-weight: 400;\">Exp\u00e9di\u00e9 dans les 24h -48h<br \/>\n<\/span><\/li>\n<li style=\"font-weight: 400;\" aria-level=\"1\"><span style=\"font-weight: 400;\">Livraison standard offerte \u00e0 partir de 60\u20ac d&rsquo;achats (France m\u00e9tropolitaine)<\/span><\/li>\n<\/ul>\n<p><span style=\"font-weight: 400;\">Caract\u00e9ristiques du produit :<\/span><\/p>\n<p><span style=\"font-weight: 400;\">Nom latin : Citrus reticulata Blanco<br \/>\n<\/span><\/p>\n<p><span style=\"font-weight: 400;\">Partie distill\u00e9e : Feuille<br \/>\n<\/span><\/p>\n<p>N-methyl anthranilate de methyle (49.02%)<br \/>\nGamma terpin\u00e8ne (24.28%)<br \/>\nD-Limon\u00e8ne (9.54%)<\/p>\n","protected":false},"featured_media":6216,"template":"","meta":[],"product_brand":[],"product_cat":[32,67],"product_tag":[],"class_list":{"0":"post-3798","1":"product","2":"type-product","3":"status-publish","4":"has-post-thumbnail","6":"product_cat-aromatherapie","7":"product_cat-les-huiles-essentielles","8":"pa_volume-10ml","9":"pa_volume-30ml","11":"first","12":"instock","13":"taxable","14":"shipping-taxable","15":"purchasable","16":"product-type-variable"},"yoast_head":"<!-- This site is optimized with the Yoast SEO plugin v25.5 - https:\/\/yoast.com\/wordpress\/plugins\/seo\/ -->\n<title>Huile Essentielle | Petit grain Mandarinier - Particuliers - Cinier-B Laboratoires<\/title>\n<meta name=\"description\" content=\"Chaque lot de Huile Essentielle Petitgrain Mandarinier que nous commercialisons est choisi par G\u00e9rard BRZEGOWI sur la base de son \u00e9valuation chromatographique, afin d&#039;atteindre une capacit\u00e9 optimale de traitement aromatique. Cinier B s\u2019engage pour une aromath\u00e9rapie de qualit\u00e9 et responsable.\" \/>\n<meta name=\"robots\" content=\"index, follow, max-snippet:-1, max-image-preview:large, max-video-preview:-1\" \/>\n<link rel=\"canonical\" href=\"https:\/\/cinier-b.com\/particuliers\/boutique\/aromatherapie\/les-huiles-essentielles\/huile-essentielle-petitgrain-mandarinier\/\" \/>\n<meta property=\"og:locale\" content=\"fr_FR\" \/>\n<meta property=\"og:type\" content=\"article\" \/>\n<meta property=\"og:title\" content=\"Huile Essentielle | Petit grain Mandarinier - Particuliers - Cinier-B Laboratoires\" \/>\n<meta property=\"og:description\" content=\"Chaque lot de Huile Essentielle Petitgrain Mandarinier que nous commercialisons est choisi par G\u00e9rard BRZEGOWI sur la base de son \u00e9valuation chromatographique, afin d&#039;atteindre une capacit\u00e9 optimale de traitement aromatique. Cinier B s\u2019engage pour une aromath\u00e9rapie de qualit\u00e9 et responsable.\" \/>\n<meta property=\"og:url\" content=\"https:\/\/cinier-b.com\/particuliers\/boutique\/aromatherapie\/les-huiles-essentielles\/huile-essentielle-petitgrain-mandarinier\/\" \/>\n<meta property=\"og:site_name\" content=\"Particuliers - Cinier-B Laboratoires\" \/>\n<meta property=\"article:modified_time\" content=\"2024-02-20T10:10:08+00:00\" \/>\n<meta property=\"og:image\" content=\"https:\/\/cinier-b.com\/particuliers\/wp-content\/uploads\/2019\/09\/PETIT-GRAIN-MANDARINE-_resultat1.jpg70opt.jpg\" \/>\n\t<meta property=\"og:image:width\" content=\"500\" \/>\n\t<meta property=\"og:image:height\" content=\"500\" \/>\n\t<meta property=\"og:image:type\" content=\"image\/jpeg\" \/>\n<meta name=\"twitter:card\" content=\"summary_large_image\" \/>\n<script type=\"application\/ld+json\" class=\"yoast-schema-graph\">{\"@context\":\"https:\/\/schema.org\",\"@graph\":[{\"@type\":\"WebPage\",\"@id\":\"https:\/\/cinier-b.com\/particuliers\/boutique\/aromatherapie\/les-huiles-essentielles\/huile-essentielle-petitgrain-mandarinier\/\",\"url\":\"https:\/\/cinier-b.com\/particuliers\/boutique\/aromatherapie\/les-huiles-essentielles\/huile-essentielle-petitgrain-mandarinier\/\",\"name\":\"Huile Essentielle | Petit grain Mandarinier - Particuliers - Cinier-B Laboratoires\",\"isPartOf\":{\"@id\":\"https:\/\/cinier-b.com\/particuliers\/#website\"},\"primaryImageOfPage\":{\"@id\":\"https:\/\/cinier-b.com\/particuliers\/boutique\/aromatherapie\/les-huiles-essentielles\/huile-essentielle-petitgrain-mandarinier\/#primaryimage\"},\"image\":{\"@id\":\"https:\/\/cinier-b.com\/particuliers\/boutique\/aromatherapie\/les-huiles-essentielles\/huile-essentielle-petitgrain-mandarinier\/#primaryimage\"},\"thumbnailUrl\":\"https:\/\/cinier-b.com\/particuliers\/wp-content\/uploads\/2019\/09\/PETIT-GRAIN-MANDARINE-_resultat1.jpg70opt.jpg\",\"datePublished\":\"2019-09-12T19:51:06+00:00\",\"dateModified\":\"2024-02-20T10:10:08+00:00\",\"description\":\"Chaque lot de Huile Essentielle Petitgrain Mandarinier que nous commercialisons est choisi par G\u00e9rard BRZEGOWI sur la base de son \u00e9valuation chromatographique, afin d'atteindre une capacit\u00e9 optimale de traitement aromatique. Cinier B s\u2019engage pour une aromath\u00e9rapie de qualit\u00e9 et responsable.\",\"breadcrumb\":{\"@id\":\"https:\/\/cinier-b.com\/particuliers\/boutique\/aromatherapie\/les-huiles-essentielles\/huile-essentielle-petitgrain-mandarinier\/#breadcrumb\"},\"inLanguage\":\"fr-FR\",\"potentialAction\":[{\"@type\":\"ReadAction\",\"target\":[\"https:\/\/cinier-b.com\/particuliers\/boutique\/aromatherapie\/les-huiles-essentielles\/huile-essentielle-petitgrain-mandarinier\/\"]}]},{\"@type\":\"ImageObject\",\"inLanguage\":\"fr-FR\",\"@id\":\"https:\/\/cinier-b.com\/particuliers\/boutique\/aromatherapie\/les-huiles-essentielles\/huile-essentielle-petitgrain-mandarinier\/#primaryimage\",\"url\":\"https:\/\/cinier-b.com\/particuliers\/wp-content\/uploads\/2019\/09\/PETIT-GRAIN-MANDARINE-_resultat1.jpg70opt.jpg\",\"contentUrl\":\"https:\/\/cinier-b.com\/particuliers\/wp-content\/uploads\/2019\/09\/PETIT-GRAIN-MANDARINE-_resultat1.jpg70opt.jpg\",\"width\":500,\"height\":500},{\"@type\":\"BreadcrumbList\",\"@id\":\"https:\/\/cinier-b.com\/particuliers\/boutique\/aromatherapie\/les-huiles-essentielles\/huile-essentielle-petitgrain-mandarinier\/#breadcrumb\",\"itemListElement\":[{\"@type\":\"ListItem\",\"position\":1,\"name\":\"Accueil\",\"item\":\"https:\/\/cinier-b.com\/particuliers\/soins-naturels-particuliers\/\"},{\"@type\":\"ListItem\",\"position\":2,\"name\":\"Boutique\",\"item\":\"https:\/\/cinier-b.com\/particuliers\/boutique\/\"},{\"@type\":\"ListItem\",\"position\":3,\"name\":\"Huile Essentielle | Petit grain Mandarinier\"}]},{\"@type\":\"WebSite\",\"@id\":\"https:\/\/cinier-b.com\/particuliers\/#website\",\"url\":\"https:\/\/cinier-b.com\/particuliers\/\",\"name\":\"Particuliers - Cinier-B Laboratoires\",\"description\":\"Aromatherapie et podologie\",\"potentialAction\":[{\"@type\":\"SearchAction\",\"target\":{\"@type\":\"EntryPoint\",\"urlTemplate\":\"https:\/\/cinier-b.com\/particuliers\/?s={search_term_string}\"},\"query-input\":{\"@type\":\"PropertyValueSpecification\",\"valueRequired\":true,\"valueName\":\"search_term_string\"}}],\"inLanguage\":\"fr-FR\"}]}<\/script>\n<!-- \/ Yoast SEO plugin. -->","yoast_head_json":{"title":"Huile Essentielle | Petit grain Mandarinier - Particuliers - Cinier-B Laboratoires","description":"Chaque lot de Huile Essentielle Petitgrain Mandarinier que nous commercialisons est choisi par G\u00e9rard BRZEGOWI sur la base de son \u00e9valuation chromatographique, afin d'atteindre une capacit\u00e9 optimale de traitement aromatique. Cinier B s\u2019engage pour une aromath\u00e9rapie de qualit\u00e9 et responsable.","robots":{"index":"index","follow":"follow","max-snippet":"max-snippet:-1","max-image-preview":"max-image-preview:large","max-video-preview":"max-video-preview:-1"},"canonical":"https:\/\/cinier-b.com\/particuliers\/boutique\/aromatherapie\/les-huiles-essentielles\/huile-essentielle-petitgrain-mandarinier\/","og_locale":"fr_FR","og_type":"article","og_title":"Huile Essentielle | Petit grain Mandarinier - Particuliers - Cinier-B Laboratoires","og_description":"Chaque lot de Huile Essentielle Petitgrain Mandarinier que nous commercialisons est choisi par G\u00e9rard BRZEGOWI sur la base de son \u00e9valuation chromatographique, afin d'atteindre une capacit\u00e9 optimale de traitement aromatique. Cinier B s\u2019engage pour une aromath\u00e9rapie de qualit\u00e9 et responsable.","og_url":"https:\/\/cinier-b.com\/particuliers\/boutique\/aromatherapie\/les-huiles-essentielles\/huile-essentielle-petitgrain-mandarinier\/","og_site_name":"Particuliers - Cinier-B Laboratoires","article_modified_time":"2024-02-20T10:10:08+00:00","og_image":[{"width":500,"height":500,"url":"https:\/\/cinier-b.com\/particuliers\/wp-content\/uploads\/2019\/09\/PETIT-GRAIN-MANDARINE-_resultat1.jpg70opt.jpg","type":"image\/jpeg"}],"twitter_card":"summary_large_image","schema":{"@context":"https:\/\/schema.org","@graph":[{"@type":"WebPage","@id":"https:\/\/cinier-b.com\/particuliers\/boutique\/aromatherapie\/les-huiles-essentielles\/huile-essentielle-petitgrain-mandarinier\/","url":"https:\/\/cinier-b.com\/particuliers\/boutique\/aromatherapie\/les-huiles-essentielles\/huile-essentielle-petitgrain-mandarinier\/","name":"Huile Essentielle | Petit grain Mandarinier - Particuliers - Cinier-B Laboratoires","isPartOf":{"@id":"https:\/\/cinier-b.com\/particuliers\/#website"},"primaryImageOfPage":{"@id":"https:\/\/cinier-b.com\/particuliers\/boutique\/aromatherapie\/les-huiles-essentielles\/huile-essentielle-petitgrain-mandarinier\/#primaryimage"},"image":{"@id":"https:\/\/cinier-b.com\/particuliers\/boutique\/aromatherapie\/les-huiles-essentielles\/huile-essentielle-petitgrain-mandarinier\/#primaryimage"},"thumbnailUrl":"https:\/\/cinier-b.com\/particuliers\/wp-content\/uploads\/2019\/09\/PETIT-GRAIN-MANDARINE-_resultat1.jpg70opt.jpg","datePublished":"2019-09-12T19:51:06+00:00","dateModified":"2024-02-20T10:10:08+00:00","description":"Chaque lot de Huile Essentielle Petitgrain Mandarinier que nous commercialisons est choisi par G\u00e9rard BRZEGOWI sur la base de son \u00e9valuation chromatographique, afin d'atteindre une capacit\u00e9 optimale de traitement aromatique. Cinier B s\u2019engage pour une aromath\u00e9rapie de qualit\u00e9 et responsable.","breadcrumb":{"@id":"https:\/\/cinier-b.com\/particuliers\/boutique\/aromatherapie\/les-huiles-essentielles\/huile-essentielle-petitgrain-mandarinier\/#breadcrumb"},"inLanguage":"fr-FR","potentialAction":[{"@type":"ReadAction","target":["https:\/\/cinier-b.com\/particuliers\/boutique\/aromatherapie\/les-huiles-essentielles\/huile-essentielle-petitgrain-mandarinier\/"]}]},{"@type":"ImageObject","inLanguage":"fr-FR","@id":"https:\/\/cinier-b.com\/particuliers\/boutique\/aromatherapie\/les-huiles-essentielles\/huile-essentielle-petitgrain-mandarinier\/#primaryimage","url":"https:\/\/cinier-b.com\/particuliers\/wp-content\/uploads\/2019\/09\/PETIT-GRAIN-MANDARINE-_resultat1.jpg70opt.jpg","contentUrl":"https:\/\/cinier-b.com\/particuliers\/wp-content\/uploads\/2019\/09\/PETIT-GRAIN-MANDARINE-_resultat1.jpg70opt.jpg","width":500,"height":500},{"@type":"BreadcrumbList","@id":"https:\/\/cinier-b.com\/particuliers\/boutique\/aromatherapie\/les-huiles-essentielles\/huile-essentielle-petitgrain-mandarinier\/#breadcrumb","itemListElement":[{"@type":"ListItem","position":1,"name":"Accueil","item":"https:\/\/cinier-b.com\/particuliers\/soins-naturels-particuliers\/"},{"@type":"ListItem","position":2,"name":"Boutique","item":"https:\/\/cinier-b.com\/particuliers\/boutique\/"},{"@type":"ListItem","position":3,"name":"Huile Essentielle | Petit grain Mandarinier"}]},{"@type":"WebSite","@id":"https:\/\/cinier-b.com\/particuliers\/#website","url":"https:\/\/cinier-b.com\/particuliers\/","name":"Particuliers - Cinier-B Laboratoires","description":"Aromatherapie et podologie","potentialAction":[{"@type":"SearchAction","target":{"@type":"EntryPoint","urlTemplate":"https:\/\/cinier-b.com\/particuliers\/?s={search_term_string}"},"query-input":{"@type":"PropertyValueSpecification","valueRequired":true,"valueName":"search_term_string"}}],"inLanguage":"fr-FR"}]}},"_links":{"self":[{"href":"https:\/\/cinier-b.com\/particuliers\/wp-json\/wp\/v2\/product\/3798","targetHints":{"allow":["GET"]}}],"collection":[{"href":"https:\/\/cinier-b.com\/particuliers\/wp-json\/wp\/v2\/product"}],"about":[{"href":"https:\/\/cinier-b.com\/particuliers\/wp-json\/wp\/v2\/types\/product"}],"wp:featuredmedia":[{"embeddable":true,"href":"https:\/\/cinier-b.com\/particuliers\/wp-json\/wp\/v2\/media\/6216"}],"wp:attachment":[{"href":"https:\/\/cinier-b.com\/particuliers\/wp-json\/wp\/v2\/media?parent=3798"}],"wp:term":[{"taxonomy":"product_brand","embeddable":true,"href":"https:\/\/cinier-b.com\/particuliers\/wp-json\/wp\/v2\/product_brand?post=3798"},{"taxonomy":"product_cat","embeddable":true,"href":"https:\/\/cinier-b.com\/particuliers\/wp-json\/wp\/v2\/product_cat?post=3798"},{"taxonomy":"product_tag","embeddable":true,"href":"https:\/\/cinier-b.com\/particuliers\/wp-json\/wp\/v2\/product_tag?post=3798"}],"curies":[{"name":"wp","href":"https:\/\/api.w.org\/{rel}","templated":true}]}}