{"id":3741,"date":"2019-09-12T20:50:47","date_gmt":"2019-09-12T19:50:47","guid":{"rendered":"http:\/\/particuliers.cinier-b.com\/produit\/import-placeholder-for-helavof\/"},"modified":"2023-05-16T10:39:40","modified_gmt":"2023-05-16T09:39:40","slug":"huile-essentielle-de-lavande-officinale","status":"publish","type":"product","link":"https:\/\/cinier-b.com\/particuliers\/boutique\/aromatherapie\/les-huiles-essentielles\/huile-essentielle-de-lavande-officinale\/","title":{"rendered":"Huile Essentielle | Lavande Officinale"},"content":{"rendered":"<p>Huile Essentielle LAVANDE Officinale Tradition.<\/p>\n","protected":false},"excerpt":{"rendered":"<p>Cette huile essentielle de lavande officinale est certifi\u00e9e BIO par ECOCERT FR-BIO-01\u00a0et garantie 100% pure, naturelle et compl\u00e8te. Chaque lot que nous commercialisons est choisi par G\u00e9rard BRZEGOWI sur la base de son \u00e9valuation chromatographique, afin d&rsquo;atteindre une capacit\u00e9 optimale de traitement aromatique. Cinier B s\u2019engage pour une aromath\u00e9rapie de qualit\u00e9 et responsable.<\/p>\n<p><strong>Le + Cinier B :<\/strong><\/p>\n<ul>\n<li>Exp\u00e9di\u00e9 dans les 24h (sauf le weekend pardi !)<\/li>\n<li>Livraison standard en offerte \u00e0 partir de 60\u20ac d&rsquo;achats (France m\u00e9tropolitaine)<\/li>\n<\/ul>\n<p>Caract\u00e9ristiques du produit :<br \/>\nNom latin : lavandula angustifolia L.<br \/>\nPartie distill\u00e9e : sommit\u00e9s fleuries<br \/>\nOrigine : France<\/p>\n","protected":false},"featured_media":3847,"template":"","meta":[],"product_brand":[],"product_cat":[32,67],"product_tag":[],"class_list":{"0":"post-3741","1":"product","2":"type-product","3":"status-publish","4":"has-post-thumbnail","6":"product_cat-aromatherapie","7":"product_cat-les-huiles-essentielles","8":"pa_volume-10ml","9":"pa_volume-30ml","11":"first","12":"instock","13":"taxable","14":"shipping-taxable","15":"purchasable","16":"product-type-variable"},"yoast_head":"<!-- This site is optimized with the Yoast SEO plugin v25.5 - https:\/\/yoast.com\/wordpress\/plugins\/seo\/ -->\n<title>Huile essentielle de Lavande Officinale Bio | Cinier B<\/title>\n<meta name=\"description\" content=\"L&#039;huile essentielle de lavande officinale se distingue par ses nombreuses propri\u00e9t\u00e9s. En cuisson, on l&#039;utilise principalement dans les desserts pour son go\u00fbt fleuri. Sa fragrance fraiche et a\u00e9r\u00e9e laisse un sentiment de bien-\u00eatre. Dans une tisane, elle nous invite \u00e0 la d\u00e9tente et la relaxation.\" \/>\n<meta name=\"robots\" content=\"index, follow, max-snippet:-1, max-image-preview:large, max-video-preview:-1\" \/>\n<link rel=\"canonical\" href=\"https:\/\/cinier-b.com\/particuliers\/boutique\/aromatherapie\/les-huiles-essentielles\/huile-essentielle-de-lavande-officinale\/\" \/>\n<meta property=\"og:locale\" content=\"fr_FR\" \/>\n<meta property=\"og:type\" content=\"article\" \/>\n<meta property=\"og:title\" content=\"Huile essentielle de Lavande Officinale Bio | Cinier B\" \/>\n<meta property=\"og:description\" content=\"L&#039;huile essentielle de lavande officinale se distingue par ses nombreuses propri\u00e9t\u00e9s. En cuisson, on l&#039;utilise principalement dans les desserts pour son go\u00fbt fleuri. Sa fragrance fraiche et a\u00e9r\u00e9e laisse un sentiment de bien-\u00eatre. Dans une tisane, elle nous invite \u00e0 la d\u00e9tente et la relaxation.\" \/>\n<meta property=\"og:url\" content=\"https:\/\/cinier-b.com\/particuliers\/boutique\/aromatherapie\/les-huiles-essentielles\/huile-essentielle-de-lavande-officinale\/\" \/>\n<meta property=\"og:site_name\" content=\"Particuliers - Cinier-B Laboratoires\" \/>\n<meta property=\"article:modified_time\" content=\"2023-05-16T09:39:40+00:00\" \/>\n<meta property=\"og:image\" content=\"https:\/\/cinier-b.com\/particuliers\/wp-content\/uploads\/2019\/09\/LAVANDE-OFFICINALE-_resultat.jpg70opt.jpg\" \/>\n\t<meta property=\"og:image:width\" content=\"500\" \/>\n\t<meta property=\"og:image:height\" content=\"500\" \/>\n\t<meta property=\"og:image:type\" content=\"image\/jpeg\" \/>\n<meta name=\"twitter:card\" content=\"summary_large_image\" \/>\n<meta name=\"twitter:label1\" content=\"Dur\u00e9e de lecture estim\u00e9e\" \/>\n\t<meta name=\"twitter:data1\" content=\"1 minute\" \/>\n<script type=\"application\/ld+json\" class=\"yoast-schema-graph\">{\"@context\":\"https:\/\/schema.org\",\"@graph\":[{\"@type\":\"WebPage\",\"@id\":\"https:\/\/cinier-b.com\/particuliers\/boutique\/aromatherapie\/les-huiles-essentielles\/huile-essentielle-de-lavande-officinale\/\",\"url\":\"https:\/\/cinier-b.com\/particuliers\/boutique\/aromatherapie\/les-huiles-essentielles\/huile-essentielle-de-lavande-officinale\/\",\"name\":\"Huile essentielle de Lavande Officinale Bio | Cinier B\",\"isPartOf\":{\"@id\":\"https:\/\/cinier-b.com\/particuliers\/#website\"},\"primaryImageOfPage\":{\"@id\":\"https:\/\/cinier-b.com\/particuliers\/boutique\/aromatherapie\/les-huiles-essentielles\/huile-essentielle-de-lavande-officinale\/#primaryimage\"},\"image\":{\"@id\":\"https:\/\/cinier-b.com\/particuliers\/boutique\/aromatherapie\/les-huiles-essentielles\/huile-essentielle-de-lavande-officinale\/#primaryimage\"},\"thumbnailUrl\":\"https:\/\/cinier-b.com\/particuliers\/wp-content\/uploads\/2019\/09\/HE-generique2.jpg\",\"datePublished\":\"2019-09-12T19:50:47+00:00\",\"dateModified\":\"2023-05-16T09:39:40+00:00\",\"description\":\"L'huile essentielle de lavande officinale se distingue par ses nombreuses propri\u00e9t\u00e9s. En cuisson, on l'utilise principalement dans les desserts pour son go\u00fbt fleuri. Sa fragrance fraiche et a\u00e9r\u00e9e laisse un sentiment de bien-\u00eatre. Dans une tisane, elle nous invite \u00e0 la d\u00e9tente et la relaxation.\",\"breadcrumb\":{\"@id\":\"https:\/\/cinier-b.com\/particuliers\/boutique\/aromatherapie\/les-huiles-essentielles\/huile-essentielle-de-lavande-officinale\/#breadcrumb\"},\"inLanguage\":\"fr-FR\",\"potentialAction\":[{\"@type\":\"ReadAction\",\"target\":[\"https:\/\/cinier-b.com\/particuliers\/boutique\/aromatherapie\/les-huiles-essentielles\/huile-essentielle-de-lavande-officinale\/\"]}]},{\"@type\":\"ImageObject\",\"inLanguage\":\"fr-FR\",\"@id\":\"https:\/\/cinier-b.com\/particuliers\/boutique\/aromatherapie\/les-huiles-essentielles\/huile-essentielle-de-lavande-officinale\/#primaryimage\",\"url\":\"https:\/\/cinier-b.com\/particuliers\/wp-content\/uploads\/2019\/09\/HE-generique2.jpg\",\"contentUrl\":\"https:\/\/cinier-b.com\/particuliers\/wp-content\/uploads\/2019\/09\/HE-generique2.jpg\",\"width\":400,\"height\":400},{\"@type\":\"BreadcrumbList\",\"@id\":\"https:\/\/cinier-b.com\/particuliers\/boutique\/aromatherapie\/les-huiles-essentielles\/huile-essentielle-de-lavande-officinale\/#breadcrumb\",\"itemListElement\":[{\"@type\":\"ListItem\",\"position\":1,\"name\":\"Accueil\",\"item\":\"https:\/\/cinier-b.com\/particuliers\/soins-naturels-particuliers\/\"},{\"@type\":\"ListItem\",\"position\":2,\"name\":\"Boutique\",\"item\":\"https:\/\/cinier-b.com\/particuliers\/boutique\/\"},{\"@type\":\"ListItem\",\"position\":3,\"name\":\"Huile Essentielle | Lavande Officinale\"}]},{\"@type\":\"WebSite\",\"@id\":\"https:\/\/cinier-b.com\/particuliers\/#website\",\"url\":\"https:\/\/cinier-b.com\/particuliers\/\",\"name\":\"Particuliers - Cinier-B Laboratoires\",\"description\":\"Aromatherapie et podologie\",\"potentialAction\":[{\"@type\":\"SearchAction\",\"target\":{\"@type\":\"EntryPoint\",\"urlTemplate\":\"https:\/\/cinier-b.com\/particuliers\/?s={search_term_string}\"},\"query-input\":{\"@type\":\"PropertyValueSpecification\",\"valueRequired\":true,\"valueName\":\"search_term_string\"}}],\"inLanguage\":\"fr-FR\"}]}<\/script>\n<!-- \/ Yoast SEO plugin. -->","yoast_head_json":{"title":"Huile essentielle de Lavande Officinale Bio | Cinier B","description":"L'huile essentielle de lavande officinale se distingue par ses nombreuses propri\u00e9t\u00e9s. En cuisson, on l'utilise principalement dans les desserts pour son go\u00fbt fleuri. Sa fragrance fraiche et a\u00e9r\u00e9e laisse un sentiment de bien-\u00eatre. Dans une tisane, elle nous invite \u00e0 la d\u00e9tente et la relaxation.","robots":{"index":"index","follow":"follow","max-snippet":"max-snippet:-1","max-image-preview":"max-image-preview:large","max-video-preview":"max-video-preview:-1"},"canonical":"https:\/\/cinier-b.com\/particuliers\/boutique\/aromatherapie\/les-huiles-essentielles\/huile-essentielle-de-lavande-officinale\/","og_locale":"fr_FR","og_type":"article","og_title":"Huile essentielle de Lavande Officinale Bio | Cinier B","og_description":"L'huile essentielle de lavande officinale se distingue par ses nombreuses propri\u00e9t\u00e9s. En cuisson, on l'utilise principalement dans les desserts pour son go\u00fbt fleuri. Sa fragrance fraiche et a\u00e9r\u00e9e laisse un sentiment de bien-\u00eatre. Dans une tisane, elle nous invite \u00e0 la d\u00e9tente et la relaxation.","og_url":"https:\/\/cinier-b.com\/particuliers\/boutique\/aromatherapie\/les-huiles-essentielles\/huile-essentielle-de-lavande-officinale\/","og_site_name":"Particuliers - Cinier-B Laboratoires","article_modified_time":"2023-05-16T09:39:40+00:00","og_image":[{"width":500,"height":500,"url":"https:\/\/cinier-b.com\/particuliers\/wp-content\/uploads\/2019\/09\/LAVANDE-OFFICINALE-_resultat.jpg70opt.jpg","type":"image\/jpeg"}],"twitter_card":"summary_large_image","twitter_misc":{"Dur\u00e9e de lecture estim\u00e9e":"1 minute"},"schema":{"@context":"https:\/\/schema.org","@graph":[{"@type":"WebPage","@id":"https:\/\/cinier-b.com\/particuliers\/boutique\/aromatherapie\/les-huiles-essentielles\/huile-essentielle-de-lavande-officinale\/","url":"https:\/\/cinier-b.com\/particuliers\/boutique\/aromatherapie\/les-huiles-essentielles\/huile-essentielle-de-lavande-officinale\/","name":"Huile essentielle de Lavande Officinale Bio | Cinier B","isPartOf":{"@id":"https:\/\/cinier-b.com\/particuliers\/#website"},"primaryImageOfPage":{"@id":"https:\/\/cinier-b.com\/particuliers\/boutique\/aromatherapie\/les-huiles-essentielles\/huile-essentielle-de-lavande-officinale\/#primaryimage"},"image":{"@id":"https:\/\/cinier-b.com\/particuliers\/boutique\/aromatherapie\/les-huiles-essentielles\/huile-essentielle-de-lavande-officinale\/#primaryimage"},"thumbnailUrl":"https:\/\/cinier-b.com\/particuliers\/wp-content\/uploads\/2019\/09\/HE-generique2.jpg","datePublished":"2019-09-12T19:50:47+00:00","dateModified":"2023-05-16T09:39:40+00:00","description":"L'huile essentielle de lavande officinale se distingue par ses nombreuses propri\u00e9t\u00e9s. En cuisson, on l'utilise principalement dans les desserts pour son go\u00fbt fleuri. Sa fragrance fraiche et a\u00e9r\u00e9e laisse un sentiment de bien-\u00eatre. Dans une tisane, elle nous invite \u00e0 la d\u00e9tente et la relaxation.","breadcrumb":{"@id":"https:\/\/cinier-b.com\/particuliers\/boutique\/aromatherapie\/les-huiles-essentielles\/huile-essentielle-de-lavande-officinale\/#breadcrumb"},"inLanguage":"fr-FR","potentialAction":[{"@type":"ReadAction","target":["https:\/\/cinier-b.com\/particuliers\/boutique\/aromatherapie\/les-huiles-essentielles\/huile-essentielle-de-lavande-officinale\/"]}]},{"@type":"ImageObject","inLanguage":"fr-FR","@id":"https:\/\/cinier-b.com\/particuliers\/boutique\/aromatherapie\/les-huiles-essentielles\/huile-essentielle-de-lavande-officinale\/#primaryimage","url":"https:\/\/cinier-b.com\/particuliers\/wp-content\/uploads\/2019\/09\/HE-generique2.jpg","contentUrl":"https:\/\/cinier-b.com\/particuliers\/wp-content\/uploads\/2019\/09\/HE-generique2.jpg","width":400,"height":400},{"@type":"BreadcrumbList","@id":"https:\/\/cinier-b.com\/particuliers\/boutique\/aromatherapie\/les-huiles-essentielles\/huile-essentielle-de-lavande-officinale\/#breadcrumb","itemListElement":[{"@type":"ListItem","position":1,"name":"Accueil","item":"https:\/\/cinier-b.com\/particuliers\/soins-naturels-particuliers\/"},{"@type":"ListItem","position":2,"name":"Boutique","item":"https:\/\/cinier-b.com\/particuliers\/boutique\/"},{"@type":"ListItem","position":3,"name":"Huile Essentielle | Lavande Officinale"}]},{"@type":"WebSite","@id":"https:\/\/cinier-b.com\/particuliers\/#website","url":"https:\/\/cinier-b.com\/particuliers\/","name":"Particuliers - Cinier-B Laboratoires","description":"Aromatherapie et podologie","potentialAction":[{"@type":"SearchAction","target":{"@type":"EntryPoint","urlTemplate":"https:\/\/cinier-b.com\/particuliers\/?s={search_term_string}"},"query-input":{"@type":"PropertyValueSpecification","valueRequired":true,"valueName":"search_term_string"}}],"inLanguage":"fr-FR"}]}},"_links":{"self":[{"href":"https:\/\/cinier-b.com\/particuliers\/wp-json\/wp\/v2\/product\/3741","targetHints":{"allow":["GET"]}}],"collection":[{"href":"https:\/\/cinier-b.com\/particuliers\/wp-json\/wp\/v2\/product"}],"about":[{"href":"https:\/\/cinier-b.com\/particuliers\/wp-json\/wp\/v2\/types\/product"}],"wp:featuredmedia":[{"embeddable":true,"href":"https:\/\/cinier-b.com\/particuliers\/wp-json\/wp\/v2\/media\/3847"}],"wp:attachment":[{"href":"https:\/\/cinier-b.com\/particuliers\/wp-json\/wp\/v2\/media?parent=3741"}],"wp:term":[{"taxonomy":"product_brand","embeddable":true,"href":"https:\/\/cinier-b.com\/particuliers\/wp-json\/wp\/v2\/product_brand?post=3741"},{"taxonomy":"product_cat","embeddable":true,"href":"https:\/\/cinier-b.com\/particuliers\/wp-json\/wp\/v2\/product_cat?post=3741"},{"taxonomy":"product_tag","embeddable":true,"href":"https:\/\/cinier-b.com\/particuliers\/wp-json\/wp\/v2\/product_tag?post=3741"}],"curies":[{"name":"wp","href":"https:\/\/api.w.org\/{rel}","templated":true}]}}