{"id":3650,"date":"2019-09-12T20:50:22","date_gmt":"2019-09-12T19:50:22","guid":{"rendered":"http:\/\/particuliers.cinier-b.com\/produit\/import-placeholder-for-heachil\/"},"modified":"2024-05-06T10:17:53","modified_gmt":"2024-05-06T09:17:53","slug":"huile-essentielle-achillee-millefeuille","status":"publish","type":"product","link":"https:\/\/cinier-b.com\/particuliers\/boutique\/aromatherapie\/les-huiles-essentielles\/huile-essentielle-achillee-millefeuille\/","title":{"rendered":"Huile Essentielle | ACHILL\u00c9E MILLEFEUILLE"},"content":{"rendered":"","protected":false},"excerpt":{"rendered":"<p>Chaque lot d&rsquo;huile essentielle d&rsquo;achill\u00e9e millefeuille que nous commercialisons est choisi sur la base de son \u00e9valuation chromatographique, afin d&rsquo;atteindre une capacit\u00e9 optimale de traitement aromatique. Cinier B s\u2019engage pour une aromath\u00e9rapie de qualit\u00e9 et responsable.<\/p>\n<p><strong>Le + Cinier B :<\/strong><\/p>\n<ul>\n<li>Exp\u00e9di\u00e9 dans les 24h<\/li>\n<li>Livraison standard en offerte \u00e0 partir de 60\u20ac d&rsquo;achats (France m\u00e9tropolitaine)<\/li>\n<\/ul>\n<h3>Caract\u00e9ristiques du produit :<\/h3>\n<p>Nom latin : Achillea millefolium L.<br \/>\nPartie distill\u00e9e : Sommit\u00e9s fleuries<br \/>\nOrigine : Bulgarie<\/p>\n","protected":false},"featured_media":3847,"template":"","meta":[],"product_brand":[],"product_cat":[32,67],"product_tag":[],"class_list":{"0":"post-3650","1":"product","2":"type-product","3":"status-publish","4":"has-post-thumbnail","6":"product_cat-aromatherapie","7":"product_cat-les-huiles-essentielles","8":"pa_volume-2ml","9":"pa_volume-5ml","10":"pa_volume-10ml","11":"pa_volume-30ml","13":"first","14":"outofstock","15":"taxable","16":"shipping-taxable","17":"product-type-variable"},"yoast_head":"<!-- This site is optimized with the Yoast SEO plugin v25.5 - https:\/\/yoast.com\/wordpress\/plugins\/seo\/ -->\n<title>Huile Essentielle | ACHILL\u00c9E MILLEFEUILLE - Particuliers - Cinier-B Laboratoires<\/title>\n<meta name=\"description\" content=\"L&#039;achill\u00e9e millefeuille est une plante vivace de la famille des ast\u00e9rac\u00e9es poussant dans les zones temp\u00e9r\u00e9es de plusieurs continents (Europe, Asie, Am\u00e9rique du Sud). C&#039;est une plante comestible dont on peut utiliser les feuilles (\u00e0 go\u00fbt astringent et \u00e0 faible odeur camphr\u00e9e)1, et l&#039;une des plantes les plus couramment utilis\u00e9es en m\u00e9decine traditionnelle depuis plus de 3 000 ans. L&#039;huile essentielle est obtenue \u00e0 partir de la distillation \u00e0 la vapeur d&#039;eau des fleurs fraiches d&#039;Achill\u00e9e Millefeuille.\" \/>\n<meta name=\"robots\" content=\"index, follow, max-snippet:-1, max-image-preview:large, max-video-preview:-1\" \/>\n<link rel=\"canonical\" href=\"https:\/\/cinier-b.com\/particuliers\/boutique\/aromatherapie\/les-huiles-essentielles\/huile-essentielle-achillee-millefeuille\/\" \/>\n<meta property=\"og:locale\" content=\"fr_FR\" \/>\n<meta property=\"og:type\" content=\"article\" \/>\n<meta property=\"og:title\" content=\"Huile Essentielle | ACHILL\u00c9E MILLEFEUILLE - Particuliers - Cinier-B Laboratoires\" \/>\n<meta property=\"og:description\" content=\"L&#039;achill\u00e9e millefeuille est une plante vivace de la famille des ast\u00e9rac\u00e9es poussant dans les zones temp\u00e9r\u00e9es de plusieurs continents (Europe, Asie, Am\u00e9rique du Sud). C&#039;est une plante comestible dont on peut utiliser les feuilles (\u00e0 go\u00fbt astringent et \u00e0 faible odeur camphr\u00e9e)1, et l&#039;une des plantes les plus couramment utilis\u00e9es en m\u00e9decine traditionnelle depuis plus de 3 000 ans. L&#039;huile essentielle est obtenue \u00e0 partir de la distillation \u00e0 la vapeur d&#039;eau des fleurs fraiches d&#039;Achill\u00e9e Millefeuille.\" \/>\n<meta property=\"og:url\" content=\"https:\/\/cinier-b.com\/particuliers\/boutique\/aromatherapie\/les-huiles-essentielles\/huile-essentielle-achillee-millefeuille\/\" \/>\n<meta property=\"og:site_name\" content=\"Particuliers - Cinier-B Laboratoires\" \/>\n<meta property=\"article:modified_time\" content=\"2024-05-06T09:17:53+00:00\" \/>\n<meta property=\"og:image\" content=\"https:\/\/cinier-b.com\/particuliers\/wp-content\/uploads\/2019\/09\/HE-generique2.jpg\" \/>\n\t<meta property=\"og:image:width\" content=\"400\" \/>\n\t<meta property=\"og:image:height\" content=\"400\" \/>\n\t<meta property=\"og:image:type\" content=\"image\/jpeg\" \/>\n<meta name=\"twitter:card\" content=\"summary_large_image\" \/>\n<script type=\"application\/ld+json\" class=\"yoast-schema-graph\">{\"@context\":\"https:\/\/schema.org\",\"@graph\":[{\"@type\":\"WebPage\",\"@id\":\"https:\/\/cinier-b.com\/particuliers\/boutique\/aromatherapie\/les-huiles-essentielles\/huile-essentielle-achillee-millefeuille\/\",\"url\":\"https:\/\/cinier-b.com\/particuliers\/boutique\/aromatherapie\/les-huiles-essentielles\/huile-essentielle-achillee-millefeuille\/\",\"name\":\"Huile Essentielle | ACHILL\u00c9E MILLEFEUILLE - Particuliers - Cinier-B Laboratoires\",\"isPartOf\":{\"@id\":\"https:\/\/cinier-b.com\/particuliers\/#website\"},\"primaryImageOfPage\":{\"@id\":\"https:\/\/cinier-b.com\/particuliers\/boutique\/aromatherapie\/les-huiles-essentielles\/huile-essentielle-achillee-millefeuille\/#primaryimage\"},\"image\":{\"@id\":\"https:\/\/cinier-b.com\/particuliers\/boutique\/aromatherapie\/les-huiles-essentielles\/huile-essentielle-achillee-millefeuille\/#primaryimage\"},\"thumbnailUrl\":\"https:\/\/cinier-b.com\/particuliers\/wp-content\/uploads\/2019\/09\/HE-generique2.jpg\",\"datePublished\":\"2019-09-12T19:50:22+00:00\",\"dateModified\":\"2024-05-06T09:17:53+00:00\",\"description\":\"L'achill\u00e9e millefeuille est une plante vivace de la famille des ast\u00e9rac\u00e9es poussant dans les zones temp\u00e9r\u00e9es de plusieurs continents (Europe, Asie, Am\u00e9rique du Sud). C'est une plante comestible dont on peut utiliser les feuilles (\u00e0 go\u00fbt astringent et \u00e0 faible odeur camphr\u00e9e)1, et l'une des plantes les plus couramment utilis\u00e9es en m\u00e9decine traditionnelle depuis plus de 3 000 ans. L'huile essentielle est obtenue \u00e0 partir de la distillation \u00e0 la vapeur d'eau des fleurs fraiches d'Achill\u00e9e Millefeuille.\",\"breadcrumb\":{\"@id\":\"https:\/\/cinier-b.com\/particuliers\/boutique\/aromatherapie\/les-huiles-essentielles\/huile-essentielle-achillee-millefeuille\/#breadcrumb\"},\"inLanguage\":\"fr-FR\",\"potentialAction\":[{\"@type\":\"ReadAction\",\"target\":[\"https:\/\/cinier-b.com\/particuliers\/boutique\/aromatherapie\/les-huiles-essentielles\/huile-essentielle-achillee-millefeuille\/\"]}]},{\"@type\":\"ImageObject\",\"inLanguage\":\"fr-FR\",\"@id\":\"https:\/\/cinier-b.com\/particuliers\/boutique\/aromatherapie\/les-huiles-essentielles\/huile-essentielle-achillee-millefeuille\/#primaryimage\",\"url\":\"https:\/\/cinier-b.com\/particuliers\/wp-content\/uploads\/2019\/09\/HE-generique2.jpg\",\"contentUrl\":\"https:\/\/cinier-b.com\/particuliers\/wp-content\/uploads\/2019\/09\/HE-generique2.jpg\",\"width\":400,\"height\":400},{\"@type\":\"BreadcrumbList\",\"@id\":\"https:\/\/cinier-b.com\/particuliers\/boutique\/aromatherapie\/les-huiles-essentielles\/huile-essentielle-achillee-millefeuille\/#breadcrumb\",\"itemListElement\":[{\"@type\":\"ListItem\",\"position\":1,\"name\":\"Accueil\",\"item\":\"https:\/\/cinier-b.com\/particuliers\/soins-naturels-particuliers\/\"},{\"@type\":\"ListItem\",\"position\":2,\"name\":\"Boutique\",\"item\":\"https:\/\/cinier-b.com\/particuliers\/boutique\/\"},{\"@type\":\"ListItem\",\"position\":3,\"name\":\"Huile Essentielle | ACHILL\u00c9E MILLEFEUILLE\"}]},{\"@type\":\"WebSite\",\"@id\":\"https:\/\/cinier-b.com\/particuliers\/#website\",\"url\":\"https:\/\/cinier-b.com\/particuliers\/\",\"name\":\"Particuliers - Cinier-B Laboratoires\",\"description\":\"Aromatherapie et podologie\",\"potentialAction\":[{\"@type\":\"SearchAction\",\"target\":{\"@type\":\"EntryPoint\",\"urlTemplate\":\"https:\/\/cinier-b.com\/particuliers\/?s={search_term_string}\"},\"query-input\":{\"@type\":\"PropertyValueSpecification\",\"valueRequired\":true,\"valueName\":\"search_term_string\"}}],\"inLanguage\":\"fr-FR\"}]}<\/script>\n<!-- \/ Yoast SEO plugin. -->","yoast_head_json":{"title":"Huile Essentielle | ACHILL\u00c9E MILLEFEUILLE - Particuliers - Cinier-B Laboratoires","description":"L'achill\u00e9e millefeuille est une plante vivace de la famille des ast\u00e9rac\u00e9es poussant dans les zones temp\u00e9r\u00e9es de plusieurs continents (Europe, Asie, Am\u00e9rique du Sud). C'est une plante comestible dont on peut utiliser les feuilles (\u00e0 go\u00fbt astringent et \u00e0 faible odeur camphr\u00e9e)1, et l'une des plantes les plus couramment utilis\u00e9es en m\u00e9decine traditionnelle depuis plus de 3 000 ans. L'huile essentielle est obtenue \u00e0 partir de la distillation \u00e0 la vapeur d'eau des fleurs fraiches d'Achill\u00e9e Millefeuille.","robots":{"index":"index","follow":"follow","max-snippet":"max-snippet:-1","max-image-preview":"max-image-preview:large","max-video-preview":"max-video-preview:-1"},"canonical":"https:\/\/cinier-b.com\/particuliers\/boutique\/aromatherapie\/les-huiles-essentielles\/huile-essentielle-achillee-millefeuille\/","og_locale":"fr_FR","og_type":"article","og_title":"Huile Essentielle | ACHILL\u00c9E MILLEFEUILLE - Particuliers - Cinier-B Laboratoires","og_description":"L'achill\u00e9e millefeuille est une plante vivace de la famille des ast\u00e9rac\u00e9es poussant dans les zones temp\u00e9r\u00e9es de plusieurs continents (Europe, Asie, Am\u00e9rique du Sud). C'est une plante comestible dont on peut utiliser les feuilles (\u00e0 go\u00fbt astringent et \u00e0 faible odeur camphr\u00e9e)1, et l'une des plantes les plus couramment utilis\u00e9es en m\u00e9decine traditionnelle depuis plus de 3 000 ans. L'huile essentielle est obtenue \u00e0 partir de la distillation \u00e0 la vapeur d'eau des fleurs fraiches d'Achill\u00e9e Millefeuille.","og_url":"https:\/\/cinier-b.com\/particuliers\/boutique\/aromatherapie\/les-huiles-essentielles\/huile-essentielle-achillee-millefeuille\/","og_site_name":"Particuliers - Cinier-B Laboratoires","article_modified_time":"2024-05-06T09:17:53+00:00","og_image":[{"width":400,"height":400,"url":"https:\/\/cinier-b.com\/particuliers\/wp-content\/uploads\/2019\/09\/HE-generique2.jpg","type":"image\/jpeg"}],"twitter_card":"summary_large_image","schema":{"@context":"https:\/\/schema.org","@graph":[{"@type":"WebPage","@id":"https:\/\/cinier-b.com\/particuliers\/boutique\/aromatherapie\/les-huiles-essentielles\/huile-essentielle-achillee-millefeuille\/","url":"https:\/\/cinier-b.com\/particuliers\/boutique\/aromatherapie\/les-huiles-essentielles\/huile-essentielle-achillee-millefeuille\/","name":"Huile Essentielle | ACHILL\u00c9E MILLEFEUILLE - Particuliers - Cinier-B Laboratoires","isPartOf":{"@id":"https:\/\/cinier-b.com\/particuliers\/#website"},"primaryImageOfPage":{"@id":"https:\/\/cinier-b.com\/particuliers\/boutique\/aromatherapie\/les-huiles-essentielles\/huile-essentielle-achillee-millefeuille\/#primaryimage"},"image":{"@id":"https:\/\/cinier-b.com\/particuliers\/boutique\/aromatherapie\/les-huiles-essentielles\/huile-essentielle-achillee-millefeuille\/#primaryimage"},"thumbnailUrl":"https:\/\/cinier-b.com\/particuliers\/wp-content\/uploads\/2019\/09\/HE-generique2.jpg","datePublished":"2019-09-12T19:50:22+00:00","dateModified":"2024-05-06T09:17:53+00:00","description":"L'achill\u00e9e millefeuille est une plante vivace de la famille des ast\u00e9rac\u00e9es poussant dans les zones temp\u00e9r\u00e9es de plusieurs continents (Europe, Asie, Am\u00e9rique du Sud). C'est une plante comestible dont on peut utiliser les feuilles (\u00e0 go\u00fbt astringent et \u00e0 faible odeur camphr\u00e9e)1, et l'une des plantes les plus couramment utilis\u00e9es en m\u00e9decine traditionnelle depuis plus de 3 000 ans. L'huile essentielle est obtenue \u00e0 partir de la distillation \u00e0 la vapeur d'eau des fleurs fraiches d'Achill\u00e9e Millefeuille.","breadcrumb":{"@id":"https:\/\/cinier-b.com\/particuliers\/boutique\/aromatherapie\/les-huiles-essentielles\/huile-essentielle-achillee-millefeuille\/#breadcrumb"},"inLanguage":"fr-FR","potentialAction":[{"@type":"ReadAction","target":["https:\/\/cinier-b.com\/particuliers\/boutique\/aromatherapie\/les-huiles-essentielles\/huile-essentielle-achillee-millefeuille\/"]}]},{"@type":"ImageObject","inLanguage":"fr-FR","@id":"https:\/\/cinier-b.com\/particuliers\/boutique\/aromatherapie\/les-huiles-essentielles\/huile-essentielle-achillee-millefeuille\/#primaryimage","url":"https:\/\/cinier-b.com\/particuliers\/wp-content\/uploads\/2019\/09\/HE-generique2.jpg","contentUrl":"https:\/\/cinier-b.com\/particuliers\/wp-content\/uploads\/2019\/09\/HE-generique2.jpg","width":400,"height":400},{"@type":"BreadcrumbList","@id":"https:\/\/cinier-b.com\/particuliers\/boutique\/aromatherapie\/les-huiles-essentielles\/huile-essentielle-achillee-millefeuille\/#breadcrumb","itemListElement":[{"@type":"ListItem","position":1,"name":"Accueil","item":"https:\/\/cinier-b.com\/particuliers\/soins-naturels-particuliers\/"},{"@type":"ListItem","position":2,"name":"Boutique","item":"https:\/\/cinier-b.com\/particuliers\/boutique\/"},{"@type":"ListItem","position":3,"name":"Huile Essentielle | ACHILL\u00c9E MILLEFEUILLE"}]},{"@type":"WebSite","@id":"https:\/\/cinier-b.com\/particuliers\/#website","url":"https:\/\/cinier-b.com\/particuliers\/","name":"Particuliers - Cinier-B Laboratoires","description":"Aromatherapie et podologie","potentialAction":[{"@type":"SearchAction","target":{"@type":"EntryPoint","urlTemplate":"https:\/\/cinier-b.com\/particuliers\/?s={search_term_string}"},"query-input":{"@type":"PropertyValueSpecification","valueRequired":true,"valueName":"search_term_string"}}],"inLanguage":"fr-FR"}]}},"_links":{"self":[{"href":"https:\/\/cinier-b.com\/particuliers\/wp-json\/wp\/v2\/product\/3650","targetHints":{"allow":["GET"]}}],"collection":[{"href":"https:\/\/cinier-b.com\/particuliers\/wp-json\/wp\/v2\/product"}],"about":[{"href":"https:\/\/cinier-b.com\/particuliers\/wp-json\/wp\/v2\/types\/product"}],"wp:featuredmedia":[{"embeddable":true,"href":"https:\/\/cinier-b.com\/particuliers\/wp-json\/wp\/v2\/media\/3847"}],"wp:attachment":[{"href":"https:\/\/cinier-b.com\/particuliers\/wp-json\/wp\/v2\/media?parent=3650"}],"wp:term":[{"taxonomy":"product_brand","embeddable":true,"href":"https:\/\/cinier-b.com\/particuliers\/wp-json\/wp\/v2\/product_brand?post=3650"},{"taxonomy":"product_cat","embeddable":true,"href":"https:\/\/cinier-b.com\/particuliers\/wp-json\/wp\/v2\/product_cat?post=3650"},{"taxonomy":"product_tag","embeddable":true,"href":"https:\/\/cinier-b.com\/particuliers\/wp-json\/wp\/v2\/product_tag?post=3650"}],"curies":[{"name":"wp","href":"https:\/\/api.w.org\/{rel}","templated":true}]}}