{"id":3467,"date":"2019-09-12T20:49:28","date_gmt":"2019-09-12T19:49:28","guid":{"rendered":"http:\/\/particuliers.cinier-b.com\/produit\/import-placeholder-for-bhelavfi\/"},"modified":"2023-05-16T10:39:11","modified_gmt":"2023-05-16T09:39:11","slug":"lavande-fine-aop-bio","status":"publish","type":"product","link":"https:\/\/cinier-b.com\/particuliers\/boutique\/aromatherapie\/les-huiles-essentielles\/lavande-fine-aop-bio\/","title":{"rendered":"Huile Essentielle | LAVANDE FINE AOP BIO"},"content":{"rendered":"<p>Chaque huile essentielle que nous vendons est\u00a0<strong>s\u00e9lectionn\u00e9e par G\u00e9rard BRZEGOWI<\/strong> sur la base de son analyse chromatographique, en vue d\u2019une qualit\u00e9 optimale. Ainsi, dans cette huile essentielle de Lavande Fine, nous avons v\u00e9rifi\u00e9 les taux de linalol,de beta caryophyll\u00e8ne,\u00a0 d\u2019ac\u00e9tate de linalyle.<\/p>\n<p><img decoding=\"async\" class=\"alignnone size-full wp-image-3933\" src=\"https:\/\/cinier-b.com\/particuliers\/wp-content\/uploads\/2019\/09\/ECOCERT-AB.jpg\" alt=\"\" width=\"80\" height=\"31\" srcset=\"https:\/\/cinier-b.com\/particuliers\/wp-content\/uploads\/2019\/09\/ECOCERT-AB.jpg 80w, https:\/\/cinier-b.com\/particuliers\/wp-content\/uploads\/2019\/09\/ECOCERT-AB-64x25.jpg 64w\" sizes=\"(max-width: 80px) 100vw, 80px\" \/>\u00a0Les produits portant la mention BIO sont issus de l\u2019Agriculture Biologique et certifi\u00e9s par ECOCERT FR-BIO-01<\/p>\n","protected":false},"excerpt":{"rendered":"<p><strong>Livraison offerte d\u00e8s 60\u20ac d&rsquo;achat (France m\u00e9tropolitaine)<\/strong><\/p>\n","protected":false},"featured_media":3847,"template":"","meta":[],"product_brand":[],"product_cat":[32,67],"product_tag":[],"class_list":{"0":"post-3467","1":"product","2":"type-product","3":"status-publish","4":"has-post-thumbnail","6":"product_cat-aromatherapie","7":"product_cat-les-huiles-essentielles","8":"pa_volume-5ml","9":"pa_volume-10ml","10":"pa_volume-30ml","12":"first","13":"instock","14":"taxable","15":"shipping-taxable","16":"purchasable","17":"product-type-variable"},"yoast_head":"<!-- This site is optimized with the Yoast SEO plugin v25.5 - https:\/\/yoast.com\/wordpress\/plugins\/seo\/ -->\n<title>Huile Essentielle | LAVANDE FINE AOP BIO - Particuliers - Cinier-B Laboratoires<\/title>\n<meta name=\"robots\" content=\"index, follow, max-snippet:-1, max-image-preview:large, max-video-preview:-1\" \/>\n<link rel=\"canonical\" href=\"https:\/\/cinier-b.com\/particuliers\/boutique\/aromatherapie\/les-huiles-essentielles\/lavande-fine-aop-bio\/\" \/>\n<meta property=\"og:locale\" content=\"fr_FR\" \/>\n<meta property=\"og:type\" content=\"article\" \/>\n<meta property=\"og:title\" content=\"Huile Essentielle | LAVANDE FINE AOP BIO - Particuliers - Cinier-B Laboratoires\" \/>\n<meta property=\"og:description\" content=\"Livraison offerte d\u00e8s 60\u20ac d&#039;achat (France m\u00e9tropolitaine)\" \/>\n<meta property=\"og:url\" content=\"https:\/\/cinier-b.com\/particuliers\/boutique\/aromatherapie\/les-huiles-essentielles\/lavande-fine-aop-bio\/\" \/>\n<meta property=\"og:site_name\" content=\"Particuliers - Cinier-B Laboratoires\" \/>\n<meta property=\"article:modified_time\" content=\"2023-05-16T09:39:11+00:00\" \/>\n<meta property=\"og:image\" content=\"https:\/\/cinier-b.com\/particuliers\/wp-content\/uploads\/2019\/09\/LAVANDE-FINE-BIO_resultat1.jpg70opt.jpg\" \/>\n\t<meta property=\"og:image:width\" content=\"500\" \/>\n\t<meta property=\"og:image:height\" content=\"500\" \/>\n\t<meta property=\"og:image:type\" content=\"image\/jpeg\" \/>\n<meta name=\"twitter:card\" content=\"summary_large_image\" \/>\n<script type=\"application\/ld+json\" class=\"yoast-schema-graph\">{\"@context\":\"https:\/\/schema.org\",\"@graph\":[{\"@type\":\"WebPage\",\"@id\":\"https:\/\/cinier-b.com\/particuliers\/boutique\/aromatherapie\/les-huiles-essentielles\/lavande-fine-aop-bio\/\",\"url\":\"https:\/\/cinier-b.com\/particuliers\/boutique\/aromatherapie\/les-huiles-essentielles\/lavande-fine-aop-bio\/\",\"name\":\"Huile Essentielle | LAVANDE FINE AOP BIO - Particuliers - Cinier-B Laboratoires\",\"isPartOf\":{\"@id\":\"https:\/\/cinier-b.com\/particuliers\/#website\"},\"primaryImageOfPage\":{\"@id\":\"https:\/\/cinier-b.com\/particuliers\/boutique\/aromatherapie\/les-huiles-essentielles\/lavande-fine-aop-bio\/#primaryimage\"},\"image\":{\"@id\":\"https:\/\/cinier-b.com\/particuliers\/boutique\/aromatherapie\/les-huiles-essentielles\/lavande-fine-aop-bio\/#primaryimage\"},\"thumbnailUrl\":\"https:\/\/cinier-b.com\/particuliers\/wp-content\/uploads\/2019\/09\/HE-generique2.jpg\",\"datePublished\":\"2019-09-12T19:49:28+00:00\",\"dateModified\":\"2023-05-16T09:39:11+00:00\",\"breadcrumb\":{\"@id\":\"https:\/\/cinier-b.com\/particuliers\/boutique\/aromatherapie\/les-huiles-essentielles\/lavande-fine-aop-bio\/#breadcrumb\"},\"inLanguage\":\"fr-FR\",\"potentialAction\":[{\"@type\":\"ReadAction\",\"target\":[\"https:\/\/cinier-b.com\/particuliers\/boutique\/aromatherapie\/les-huiles-essentielles\/lavande-fine-aop-bio\/\"]}]},{\"@type\":\"ImageObject\",\"inLanguage\":\"fr-FR\",\"@id\":\"https:\/\/cinier-b.com\/particuliers\/boutique\/aromatherapie\/les-huiles-essentielles\/lavande-fine-aop-bio\/#primaryimage\",\"url\":\"https:\/\/cinier-b.com\/particuliers\/wp-content\/uploads\/2019\/09\/HE-generique2.jpg\",\"contentUrl\":\"https:\/\/cinier-b.com\/particuliers\/wp-content\/uploads\/2019\/09\/HE-generique2.jpg\",\"width\":400,\"height\":400},{\"@type\":\"BreadcrumbList\",\"@id\":\"https:\/\/cinier-b.com\/particuliers\/boutique\/aromatherapie\/les-huiles-essentielles\/lavande-fine-aop-bio\/#breadcrumb\",\"itemListElement\":[{\"@type\":\"ListItem\",\"position\":1,\"name\":\"Accueil\",\"item\":\"https:\/\/cinier-b.com\/particuliers\/soins-naturels-particuliers\/\"},{\"@type\":\"ListItem\",\"position\":2,\"name\":\"Boutique\",\"item\":\"https:\/\/cinier-b.com\/particuliers\/boutique\/\"},{\"@type\":\"ListItem\",\"position\":3,\"name\":\"Huile Essentielle | LAVANDE FINE AOP BIO\"}]},{\"@type\":\"WebSite\",\"@id\":\"https:\/\/cinier-b.com\/particuliers\/#website\",\"url\":\"https:\/\/cinier-b.com\/particuliers\/\",\"name\":\"Particuliers - Cinier-B Laboratoires\",\"description\":\"Aromatherapie et podologie\",\"potentialAction\":[{\"@type\":\"SearchAction\",\"target\":{\"@type\":\"EntryPoint\",\"urlTemplate\":\"https:\/\/cinier-b.com\/particuliers\/?s={search_term_string}\"},\"query-input\":{\"@type\":\"PropertyValueSpecification\",\"valueRequired\":true,\"valueName\":\"search_term_string\"}}],\"inLanguage\":\"fr-FR\"}]}<\/script>\n<!-- \/ Yoast SEO plugin. -->","yoast_head_json":{"title":"Huile Essentielle | LAVANDE FINE AOP BIO - Particuliers - Cinier-B Laboratoires","robots":{"index":"index","follow":"follow","max-snippet":"max-snippet:-1","max-image-preview":"max-image-preview:large","max-video-preview":"max-video-preview:-1"},"canonical":"https:\/\/cinier-b.com\/particuliers\/boutique\/aromatherapie\/les-huiles-essentielles\/lavande-fine-aop-bio\/","og_locale":"fr_FR","og_type":"article","og_title":"Huile Essentielle | LAVANDE FINE AOP BIO - Particuliers - Cinier-B Laboratoires","og_description":"Livraison offerte d\u00e8s 60\u20ac d'achat (France m\u00e9tropolitaine)","og_url":"https:\/\/cinier-b.com\/particuliers\/boutique\/aromatherapie\/les-huiles-essentielles\/lavande-fine-aop-bio\/","og_site_name":"Particuliers - Cinier-B Laboratoires","article_modified_time":"2023-05-16T09:39:11+00:00","og_image":[{"width":500,"height":500,"url":"https:\/\/cinier-b.com\/particuliers\/wp-content\/uploads\/2019\/09\/LAVANDE-FINE-BIO_resultat1.jpg70opt.jpg","type":"image\/jpeg"}],"twitter_card":"summary_large_image","schema":{"@context":"https:\/\/schema.org","@graph":[{"@type":"WebPage","@id":"https:\/\/cinier-b.com\/particuliers\/boutique\/aromatherapie\/les-huiles-essentielles\/lavande-fine-aop-bio\/","url":"https:\/\/cinier-b.com\/particuliers\/boutique\/aromatherapie\/les-huiles-essentielles\/lavande-fine-aop-bio\/","name":"Huile Essentielle | LAVANDE FINE AOP BIO - Particuliers - Cinier-B Laboratoires","isPartOf":{"@id":"https:\/\/cinier-b.com\/particuliers\/#website"},"primaryImageOfPage":{"@id":"https:\/\/cinier-b.com\/particuliers\/boutique\/aromatherapie\/les-huiles-essentielles\/lavande-fine-aop-bio\/#primaryimage"},"image":{"@id":"https:\/\/cinier-b.com\/particuliers\/boutique\/aromatherapie\/les-huiles-essentielles\/lavande-fine-aop-bio\/#primaryimage"},"thumbnailUrl":"https:\/\/cinier-b.com\/particuliers\/wp-content\/uploads\/2019\/09\/HE-generique2.jpg","datePublished":"2019-09-12T19:49:28+00:00","dateModified":"2023-05-16T09:39:11+00:00","breadcrumb":{"@id":"https:\/\/cinier-b.com\/particuliers\/boutique\/aromatherapie\/les-huiles-essentielles\/lavande-fine-aop-bio\/#breadcrumb"},"inLanguage":"fr-FR","potentialAction":[{"@type":"ReadAction","target":["https:\/\/cinier-b.com\/particuliers\/boutique\/aromatherapie\/les-huiles-essentielles\/lavande-fine-aop-bio\/"]}]},{"@type":"ImageObject","inLanguage":"fr-FR","@id":"https:\/\/cinier-b.com\/particuliers\/boutique\/aromatherapie\/les-huiles-essentielles\/lavande-fine-aop-bio\/#primaryimage","url":"https:\/\/cinier-b.com\/particuliers\/wp-content\/uploads\/2019\/09\/HE-generique2.jpg","contentUrl":"https:\/\/cinier-b.com\/particuliers\/wp-content\/uploads\/2019\/09\/HE-generique2.jpg","width":400,"height":400},{"@type":"BreadcrumbList","@id":"https:\/\/cinier-b.com\/particuliers\/boutique\/aromatherapie\/les-huiles-essentielles\/lavande-fine-aop-bio\/#breadcrumb","itemListElement":[{"@type":"ListItem","position":1,"name":"Accueil","item":"https:\/\/cinier-b.com\/particuliers\/soins-naturels-particuliers\/"},{"@type":"ListItem","position":2,"name":"Boutique","item":"https:\/\/cinier-b.com\/particuliers\/boutique\/"},{"@type":"ListItem","position":3,"name":"Huile Essentielle | LAVANDE FINE AOP BIO"}]},{"@type":"WebSite","@id":"https:\/\/cinier-b.com\/particuliers\/#website","url":"https:\/\/cinier-b.com\/particuliers\/","name":"Particuliers - Cinier-B Laboratoires","description":"Aromatherapie et podologie","potentialAction":[{"@type":"SearchAction","target":{"@type":"EntryPoint","urlTemplate":"https:\/\/cinier-b.com\/particuliers\/?s={search_term_string}"},"query-input":{"@type":"PropertyValueSpecification","valueRequired":true,"valueName":"search_term_string"}}],"inLanguage":"fr-FR"}]}},"_links":{"self":[{"href":"https:\/\/cinier-b.com\/particuliers\/wp-json\/wp\/v2\/product\/3467","targetHints":{"allow":["GET"]}}],"collection":[{"href":"https:\/\/cinier-b.com\/particuliers\/wp-json\/wp\/v2\/product"}],"about":[{"href":"https:\/\/cinier-b.com\/particuliers\/wp-json\/wp\/v2\/types\/product"}],"wp:featuredmedia":[{"embeddable":true,"href":"https:\/\/cinier-b.com\/particuliers\/wp-json\/wp\/v2\/media\/3847"}],"wp:attachment":[{"href":"https:\/\/cinier-b.com\/particuliers\/wp-json\/wp\/v2\/media?parent=3467"}],"wp:term":[{"taxonomy":"product_brand","embeddable":true,"href":"https:\/\/cinier-b.com\/particuliers\/wp-json\/wp\/v2\/product_brand?post=3467"},{"taxonomy":"product_cat","embeddable":true,"href":"https:\/\/cinier-b.com\/particuliers\/wp-json\/wp\/v2\/product_cat?post=3467"},{"taxonomy":"product_tag","embeddable":true,"href":"https:\/\/cinier-b.com\/particuliers\/wp-json\/wp\/v2\/product_tag?post=3467"}],"curies":[{"name":"wp","href":"https:\/\/api.w.org\/{rel}","templated":true}]}}