{"id":3291,"date":"2019-09-12T20:48:35","date_gmt":"2019-09-12T19:48:35","guid":{"rendered":"http:\/\/particuliers.cinier-b.com\/produit\/import-placeholder-for-bhebastr\/"},"modified":"2023-05-16T10:38:48","modified_gmt":"2023-05-16T09:38:48","slug":"huile-essentielle-de-basilic-tropical","status":"publish","type":"product","link":"https:\/\/cinier-b.com\/particuliers\/boutique\/aromatherapie\/les-huiles-essentielles\/huile-essentielle-de-basilic-tropical\/","title":{"rendered":"Huile Essentielle | BASILIC TROPICAL Bio"},"content":{"rendered":"<div class=\"woocommerce-product-details__short-description\">\n<p><img decoding=\"async\" class=\"alignnone size-full wp-image-3933\" src=\"https:\/\/cinier-b.com\/particuliers\/wp-content\/uploads\/2019\/09\/ECOCERT-AB.jpg\" alt=\"\" width=\"80\" height=\"31\" srcset=\"https:\/\/cinier-b.com\/particuliers\/wp-content\/uploads\/2019\/09\/ECOCERT-AB.jpg 80w, https:\/\/cinier-b.com\/particuliers\/wp-content\/uploads\/2019\/09\/ECOCERT-AB-64x25.jpg 64w\" sizes=\"(max-width: 80px) 100vw, 80px\" \/>\u00a0Les produits portant la mention BIO sont issus de l\u2019Agriculture Biologique et certifi\u00e9s par ECOCERT FR-BIO-01<\/p>\n<\/div>\n","protected":false},"excerpt":{"rendered":"<p><strong>l&rsquo;huile essentielle de basilic tropical est un apaisant puissant, elle est g\u00e9n\u00e9ralement utilis\u00e9 pour la tension, le stress, les convulsions nerveuses ou le confort intestinal. Revigorante et \u00e9nergisante, elle combat la fatigue. Les propri\u00e9t\u00e9s de l&rsquo;huile essentielle de basilic tropical s&rsquo;expliquent par l&rsquo;implication de compos\u00e9s actifs que l&rsquo;on trouve \u00e0 l&rsquo;origine dans le feuillage et les fleurs de la plante.<\/strong><\/p>\n<p><span style=\"font-weight: 400;\">Cette huile essentielle de basilic tropical est certifi\u00e9e BIO par ECOCERT FR-BIO-01 et garantie 100% pure, naturelle et compl\u00e8te. Chaque lot que nous commercialisons est choisi par G\u00e9rard BRZEGOWI sur la base de son \u00e9valuation chromatographique, afin d&rsquo;atteindre une capacit\u00e9 optimale de traitement aromatique.<\/span><span style=\"font-weight: 400;\"> Cinier B s\u2019engage pour une aromath\u00e9rapie de qualit\u00e9 et responsable.<\/span><\/p>\n<p><b>Le + Cinier B :<\/b><\/p>\n<ul>\n<li style=\"font-weight: 400;\"><span style=\"font-weight: 400;\">Exp\u00e9di\u00e9 dans les 24h (hors weekend)\u00a0<\/span><\/li>\n<li style=\"font-weight: 400;\"><span style=\"font-weight: 400;\">Livraison standard offerte \u00e0 partir de 60\u20ac d&rsquo;achats (France m\u00e9tropolitaine)<\/span><\/li>\n<\/ul>\n<p><span style=\"font-weight: 400;\">Caract\u00e9ristiques du produit\u00a0<\/span><\/p>\n<p><span style=\"font-weight: 400;\">Nom latin : Ocimum basilicum var. basilicum<\/span><\/p>\n<p><span style=\"font-weight: 400;\">Partie distill\u00e9e : <\/span>Feuilles et fleurs<\/p>\n<div class=\"cleaner\"><\/div>\n","protected":false},"featured_media":3847,"template":"","meta":[],"product_brand":[],"product_cat":[32,67],"product_tag":[],"class_list":{"0":"post-3291","1":"product","2":"type-product","3":"status-publish","4":"has-post-thumbnail","6":"product_cat-aromatherapie","7":"product_cat-les-huiles-essentielles","8":"pa_volume-10ml","9":"pa_volume-30ml","11":"first","12":"instock","13":"taxable","14":"shipping-taxable","15":"purchasable","16":"product-type-variable"},"yoast_head":"<!-- This site is optimized with the Yoast SEO plugin v25.5 - https:\/\/yoast.com\/wordpress\/plugins\/seo\/ -->\n<title>huile essentielle de basilic tropical | Cinier B Laboratoires<\/title>\n<meta name=\"description\" content=\"Revigorante et \u00e9nergisante, elle combat la fatigue. Les propri\u00e9t\u00e9s de l&#039;huile essentielle de basilic tropical s&#039;expliquent par l&#039;implication de compos\u00e9s actifs que l&#039;on trouve \u00e0 l&#039;origine dans le feuillage et les fleurs de la plante.\" \/>\n<meta name=\"robots\" content=\"index, follow, max-snippet:-1, max-image-preview:large, max-video-preview:-1\" \/>\n<link rel=\"canonical\" href=\"https:\/\/cinier-b.com\/particuliers\/boutique\/aromatherapie\/les-huiles-essentielles\/huile-essentielle-de-basilic-tropical\/\" \/>\n<meta property=\"og:locale\" content=\"fr_FR\" \/>\n<meta property=\"og:type\" content=\"article\" \/>\n<meta property=\"og:title\" content=\"huile essentielle de basilic tropical | Cinier B Laboratoires\" \/>\n<meta property=\"og:description\" content=\"Revigorante et \u00e9nergisante, elle combat la fatigue. Les propri\u00e9t\u00e9s de l&#039;huile essentielle de basilic tropical s&#039;expliquent par l&#039;implication de compos\u00e9s actifs que l&#039;on trouve \u00e0 l&#039;origine dans le feuillage et les fleurs de la plante.\" \/>\n<meta property=\"og:url\" content=\"https:\/\/cinier-b.com\/particuliers\/boutique\/aromatherapie\/les-huiles-essentielles\/huile-essentielle-de-basilic-tropical\/\" \/>\n<meta property=\"og:site_name\" content=\"Particuliers - Cinier-B Laboratoires\" \/>\n<meta property=\"article:modified_time\" content=\"2023-05-16T09:38:48+00:00\" \/>\n<meta property=\"og:image\" content=\"https:\/\/cinier-b.com\/particuliers\/wp-content\/uploads\/2019\/09\/HE-generique2.jpg\" \/>\n\t<meta property=\"og:image:width\" content=\"400\" \/>\n\t<meta property=\"og:image:height\" content=\"400\" \/>\n\t<meta property=\"og:image:type\" content=\"image\/jpeg\" \/>\n<meta name=\"twitter:card\" content=\"summary_large_image\" \/>\n<meta name=\"twitter:label1\" content=\"Dur\u00e9e de lecture estim\u00e9e\" \/>\n\t<meta name=\"twitter:data1\" content=\"1 minute\" \/>\n<script type=\"application\/ld+json\" class=\"yoast-schema-graph\">{\"@context\":\"https:\/\/schema.org\",\"@graph\":[{\"@type\":\"WebPage\",\"@id\":\"https:\/\/cinier-b.com\/particuliers\/boutique\/aromatherapie\/les-huiles-essentielles\/huile-essentielle-de-basilic-tropical\/\",\"url\":\"https:\/\/cinier-b.com\/particuliers\/boutique\/aromatherapie\/les-huiles-essentielles\/huile-essentielle-de-basilic-tropical\/\",\"name\":\"huile essentielle de basilic tropical | Cinier B Laboratoires\",\"isPartOf\":{\"@id\":\"https:\/\/cinier-b.com\/particuliers\/#website\"},\"primaryImageOfPage\":{\"@id\":\"https:\/\/cinier-b.com\/particuliers\/boutique\/aromatherapie\/les-huiles-essentielles\/huile-essentielle-de-basilic-tropical\/#primaryimage\"},\"image\":{\"@id\":\"https:\/\/cinier-b.com\/particuliers\/boutique\/aromatherapie\/les-huiles-essentielles\/huile-essentielle-de-basilic-tropical\/#primaryimage\"},\"thumbnailUrl\":\"https:\/\/cinier-b.com\/particuliers\/wp-content\/uploads\/2019\/09\/HE-generique2.jpg\",\"datePublished\":\"2019-09-12T19:48:35+00:00\",\"dateModified\":\"2023-05-16T09:38:48+00:00\",\"description\":\"Revigorante et \u00e9nergisante, elle combat la fatigue. Les propri\u00e9t\u00e9s de l'huile essentielle de basilic tropical s'expliquent par l'implication de compos\u00e9s actifs que l'on trouve \u00e0 l'origine dans le feuillage et les fleurs de la plante.\",\"breadcrumb\":{\"@id\":\"https:\/\/cinier-b.com\/particuliers\/boutique\/aromatherapie\/les-huiles-essentielles\/huile-essentielle-de-basilic-tropical\/#breadcrumb\"},\"inLanguage\":\"fr-FR\",\"potentialAction\":[{\"@type\":\"ReadAction\",\"target\":[\"https:\/\/cinier-b.com\/particuliers\/boutique\/aromatherapie\/les-huiles-essentielles\/huile-essentielle-de-basilic-tropical\/\"]}]},{\"@type\":\"ImageObject\",\"inLanguage\":\"fr-FR\",\"@id\":\"https:\/\/cinier-b.com\/particuliers\/boutique\/aromatherapie\/les-huiles-essentielles\/huile-essentielle-de-basilic-tropical\/#primaryimage\",\"url\":\"https:\/\/cinier-b.com\/particuliers\/wp-content\/uploads\/2019\/09\/HE-generique2.jpg\",\"contentUrl\":\"https:\/\/cinier-b.com\/particuliers\/wp-content\/uploads\/2019\/09\/HE-generique2.jpg\",\"width\":400,\"height\":400},{\"@type\":\"BreadcrumbList\",\"@id\":\"https:\/\/cinier-b.com\/particuliers\/boutique\/aromatherapie\/les-huiles-essentielles\/huile-essentielle-de-basilic-tropical\/#breadcrumb\",\"itemListElement\":[{\"@type\":\"ListItem\",\"position\":1,\"name\":\"Accueil\",\"item\":\"https:\/\/cinier-b.com\/particuliers\/soins-naturels-particuliers\/\"},{\"@type\":\"ListItem\",\"position\":2,\"name\":\"Boutique\",\"item\":\"https:\/\/cinier-b.com\/particuliers\/boutique\/\"},{\"@type\":\"ListItem\",\"position\":3,\"name\":\"Huile Essentielle | BASILIC TROPICAL Bio\"}]},{\"@type\":\"WebSite\",\"@id\":\"https:\/\/cinier-b.com\/particuliers\/#website\",\"url\":\"https:\/\/cinier-b.com\/particuliers\/\",\"name\":\"Particuliers - Cinier-B Laboratoires\",\"description\":\"Aromatherapie et podologie\",\"potentialAction\":[{\"@type\":\"SearchAction\",\"target\":{\"@type\":\"EntryPoint\",\"urlTemplate\":\"https:\/\/cinier-b.com\/particuliers\/?s={search_term_string}\"},\"query-input\":{\"@type\":\"PropertyValueSpecification\",\"valueRequired\":true,\"valueName\":\"search_term_string\"}}],\"inLanguage\":\"fr-FR\"}]}<\/script>\n<!-- \/ Yoast SEO plugin. -->","yoast_head_json":{"title":"huile essentielle de basilic tropical | Cinier B Laboratoires","description":"Revigorante et \u00e9nergisante, elle combat la fatigue. Les propri\u00e9t\u00e9s de l'huile essentielle de basilic tropical s'expliquent par l'implication de compos\u00e9s actifs que l'on trouve \u00e0 l'origine dans le feuillage et les fleurs de la plante.","robots":{"index":"index","follow":"follow","max-snippet":"max-snippet:-1","max-image-preview":"max-image-preview:large","max-video-preview":"max-video-preview:-1"},"canonical":"https:\/\/cinier-b.com\/particuliers\/boutique\/aromatherapie\/les-huiles-essentielles\/huile-essentielle-de-basilic-tropical\/","og_locale":"fr_FR","og_type":"article","og_title":"huile essentielle de basilic tropical | Cinier B Laboratoires","og_description":"Revigorante et \u00e9nergisante, elle combat la fatigue. Les propri\u00e9t\u00e9s de l'huile essentielle de basilic tropical s'expliquent par l'implication de compos\u00e9s actifs que l'on trouve \u00e0 l'origine dans le feuillage et les fleurs de la plante.","og_url":"https:\/\/cinier-b.com\/particuliers\/boutique\/aromatherapie\/les-huiles-essentielles\/huile-essentielle-de-basilic-tropical\/","og_site_name":"Particuliers - Cinier-B Laboratoires","article_modified_time":"2023-05-16T09:38:48+00:00","og_image":[{"width":400,"height":400,"url":"https:\/\/cinier-b.com\/particuliers\/wp-content\/uploads\/2019\/09\/HE-generique2.jpg","type":"image\/jpeg"}],"twitter_card":"summary_large_image","twitter_misc":{"Dur\u00e9e de lecture estim\u00e9e":"1 minute"},"schema":{"@context":"https:\/\/schema.org","@graph":[{"@type":"WebPage","@id":"https:\/\/cinier-b.com\/particuliers\/boutique\/aromatherapie\/les-huiles-essentielles\/huile-essentielle-de-basilic-tropical\/","url":"https:\/\/cinier-b.com\/particuliers\/boutique\/aromatherapie\/les-huiles-essentielles\/huile-essentielle-de-basilic-tropical\/","name":"huile essentielle de basilic tropical | Cinier B Laboratoires","isPartOf":{"@id":"https:\/\/cinier-b.com\/particuliers\/#website"},"primaryImageOfPage":{"@id":"https:\/\/cinier-b.com\/particuliers\/boutique\/aromatherapie\/les-huiles-essentielles\/huile-essentielle-de-basilic-tropical\/#primaryimage"},"image":{"@id":"https:\/\/cinier-b.com\/particuliers\/boutique\/aromatherapie\/les-huiles-essentielles\/huile-essentielle-de-basilic-tropical\/#primaryimage"},"thumbnailUrl":"https:\/\/cinier-b.com\/particuliers\/wp-content\/uploads\/2019\/09\/HE-generique2.jpg","datePublished":"2019-09-12T19:48:35+00:00","dateModified":"2023-05-16T09:38:48+00:00","description":"Revigorante et \u00e9nergisante, elle combat la fatigue. Les propri\u00e9t\u00e9s de l'huile essentielle de basilic tropical s'expliquent par l'implication de compos\u00e9s actifs que l'on trouve \u00e0 l'origine dans le feuillage et les fleurs de la plante.","breadcrumb":{"@id":"https:\/\/cinier-b.com\/particuliers\/boutique\/aromatherapie\/les-huiles-essentielles\/huile-essentielle-de-basilic-tropical\/#breadcrumb"},"inLanguage":"fr-FR","potentialAction":[{"@type":"ReadAction","target":["https:\/\/cinier-b.com\/particuliers\/boutique\/aromatherapie\/les-huiles-essentielles\/huile-essentielle-de-basilic-tropical\/"]}]},{"@type":"ImageObject","inLanguage":"fr-FR","@id":"https:\/\/cinier-b.com\/particuliers\/boutique\/aromatherapie\/les-huiles-essentielles\/huile-essentielle-de-basilic-tropical\/#primaryimage","url":"https:\/\/cinier-b.com\/particuliers\/wp-content\/uploads\/2019\/09\/HE-generique2.jpg","contentUrl":"https:\/\/cinier-b.com\/particuliers\/wp-content\/uploads\/2019\/09\/HE-generique2.jpg","width":400,"height":400},{"@type":"BreadcrumbList","@id":"https:\/\/cinier-b.com\/particuliers\/boutique\/aromatherapie\/les-huiles-essentielles\/huile-essentielle-de-basilic-tropical\/#breadcrumb","itemListElement":[{"@type":"ListItem","position":1,"name":"Accueil","item":"https:\/\/cinier-b.com\/particuliers\/soins-naturels-particuliers\/"},{"@type":"ListItem","position":2,"name":"Boutique","item":"https:\/\/cinier-b.com\/particuliers\/boutique\/"},{"@type":"ListItem","position":3,"name":"Huile Essentielle | BASILIC TROPICAL Bio"}]},{"@type":"WebSite","@id":"https:\/\/cinier-b.com\/particuliers\/#website","url":"https:\/\/cinier-b.com\/particuliers\/","name":"Particuliers - Cinier-B Laboratoires","description":"Aromatherapie et podologie","potentialAction":[{"@type":"SearchAction","target":{"@type":"EntryPoint","urlTemplate":"https:\/\/cinier-b.com\/particuliers\/?s={search_term_string}"},"query-input":{"@type":"PropertyValueSpecification","valueRequired":true,"valueName":"search_term_string"}}],"inLanguage":"fr-FR"}]}},"_links":{"self":[{"href":"https:\/\/cinier-b.com\/particuliers\/wp-json\/wp\/v2\/product\/3291","targetHints":{"allow":["GET"]}}],"collection":[{"href":"https:\/\/cinier-b.com\/particuliers\/wp-json\/wp\/v2\/product"}],"about":[{"href":"https:\/\/cinier-b.com\/particuliers\/wp-json\/wp\/v2\/types\/product"}],"wp:featuredmedia":[{"embeddable":true,"href":"https:\/\/cinier-b.com\/particuliers\/wp-json\/wp\/v2\/media\/3847"}],"wp:attachment":[{"href":"https:\/\/cinier-b.com\/particuliers\/wp-json\/wp\/v2\/media?parent=3291"}],"wp:term":[{"taxonomy":"product_brand","embeddable":true,"href":"https:\/\/cinier-b.com\/particuliers\/wp-json\/wp\/v2\/product_brand?post=3291"},{"taxonomy":"product_cat","embeddable":true,"href":"https:\/\/cinier-b.com\/particuliers\/wp-json\/wp\/v2\/product_cat?post=3291"},{"taxonomy":"product_tag","embeddable":true,"href":"https:\/\/cinier-b.com\/particuliers\/wp-json\/wp\/v2\/product_tag?post=3291"}],"curies":[{"name":"wp","href":"https:\/\/api.w.org\/{rel}","templated":true}]}}