{"id":3039,"date":"2019-09-10T10:34:16","date_gmt":"2019-09-10T09:34:16","guid":{"rendered":"http:\/\/particuliers.cinier-b.com\/produit\/amande-douce-bio-vierge-1ere-pression-a-froid\/"},"modified":"2026-01-07T14:11:40","modified_gmt":"2026-01-07T13:11:40","slug":"huile-vegetale-amande-douce-bio","status":"publish","type":"product","link":"https:\/\/cinier-b.com\/particuliers\/boutique\/soins-corporels-frictions-de-sante\/huiles-vegetales\/huiles-vegetales-pour-le-soin-et-la-beaute\/huile-vegetale-amande-douce-bio\/","title":{"rendered":"Huile V\u00e9g\u00e9tale | AMANDE DOUCE BIO | Une Peau Douce &#038; Soyeuse Id\u00e9al pour la toilette des b\u00e9b\u00e9s"},"content":{"rendered":"<p>L&rsquo;huile v\u00e9g\u00e9tale d&rsquo;Amande douce vierge est obtenue par pression \u00e0 froid des semences de l&rsquo;amandier BIO<\/p>\n<p>Elle est vierge, 100% pure et naturelle sans aucun autre additif, d&rsquo;origine Espagne.<\/p>\n<p>Calmante, adoucissante, \u00e9molliente, elle est recommand\u00e9e pour la toilette des b\u00e9b\u00e9s, des peaux d\u00e9licates et s\u00e8ches.<\/p>\n<p>Tr\u00e8s agr\u00e9able \u00e0 appliquer elle laisse une sensation soyeuse sur la peau. Contient des vitamines A, D et E.<\/p>\n<p><img decoding=\"async\" class=\" size-full wp-image-94\" src=\"https:\/\/cinier-b.com\/particuliers\/wp-content\/uploads\/2009\/01\/ECOCERT-AB.jpg\" alt=\"alt\" width=\"80\" height=\"31\" border=\"0\" srcset=\"https:\/\/cinier-b.com\/particuliers\/wp-content\/uploads\/2009\/01\/ECOCERT-AB.jpg 80w, https:\/\/cinier-b.com\/particuliers\/wp-content\/uploads\/2009\/01\/ECOCERT-AB-64x25.jpg 64w\" sizes=\"(max-width: 80px) 100vw, 80px\" \/>Les produits portant la mention BIO sont issus de l&rsquo;Agriculture Biologique et certifi\u00e9s par ECOCERT FR-BIO-01<\/p>\n<p>Nom INCI: <em>PRUNUS AMYGDALUS DULCIS OIL<\/em><\/p>\n","protected":false},"excerpt":{"rendered":"<p><strong>Calmante, adoucissante, \u00e9molliente.<\/strong><\/p>\n<p><strong>Le + Cinier B :<\/strong><\/p>\n<ul>\n<li>Exp\u00e9di\u00e9 dans les 24h (sauf le week-end pardi !)<\/li>\n<\/ul>\n<ul>\n<li>Livraison standard en offerte \u00e0 partir de 60\u20ac d&rsquo;achats (France m\u00e9tropolitaine)<\/li>\n<\/ul>\n<p>Flacon verre capsule charni\u00e8re 50ml<\/p>\n","protected":false},"featured_media":9888,"template":"","meta":[],"product_brand":[],"product_cat":[37,39],"product_tag":[],"class_list":{"0":"post-3039","1":"product","2":"type-product","3":"status-publish","4":"has-post-thumbnail","6":"product_cat-huiles-vegetales","7":"product_cat-huiles-vegetales-pour-le-soin-et-la-beaute","9":"first","10":"instock","11":"taxable","12":"shipping-taxable","13":"purchasable","14":"product-type-simple"},"yoast_head":"<!-- This site is optimized with the Yoast SEO plugin v25.5 - https:\/\/yoast.com\/wordpress\/plugins\/seo\/ -->\n<title>Huile V\u00e9g\u00e9tale | Amande Douce Bio - Particuliers - Cinier-B Laboratoires<\/title>\n<meta name=\"description\" content=\"L&#039;huile v\u00e9g\u00e9tale d&#039;Amande douce vierge est obtenue par pression \u00e0 froid des semences de l&#039;amandier BIO. Elle est vierge, 100% pure et naturelle sans aucun autre additif, d&#039;origine Espagne. Calmante, adoucissante, \u00e9molliente, elle est recommand\u00e9e pour la toilette des b\u00e9b\u00e9s, des peaux d\u00e9licates et s\u00e8ches.\" \/>\n<meta name=\"robots\" content=\"index, follow, max-snippet:-1, max-image-preview:large, max-video-preview:-1\" \/>\n<link rel=\"canonical\" href=\"https:\/\/cinier-b.com\/particuliers\/boutique\/soins-corporels-frictions-de-sante\/huiles-vegetales\/huiles-vegetales-pour-le-soin-et-la-beaute\/huile-vegetale-amande-douce-bio\/\" \/>\n<meta property=\"og:locale\" content=\"fr_FR\" \/>\n<meta property=\"og:type\" content=\"article\" \/>\n<meta property=\"og:title\" content=\"Huile V\u00e9g\u00e9tale | Amande Douce Bio - Particuliers - Cinier-B Laboratoires\" \/>\n<meta property=\"og:description\" content=\"L&#039;huile v\u00e9g\u00e9tale d&#039;Amande douce vierge est obtenue par pression \u00e0 froid des semences de l&#039;amandier BIO. Elle est vierge, 100% pure et naturelle sans aucun autre additif, d&#039;origine Espagne. Calmante, adoucissante, \u00e9molliente, elle est recommand\u00e9e pour la toilette des b\u00e9b\u00e9s, des peaux d\u00e9licates et s\u00e8ches.\" \/>\n<meta property=\"og:url\" content=\"https:\/\/cinier-b.com\/particuliers\/boutique\/soins-corporels-frictions-de-sante\/huiles-vegetales\/huiles-vegetales-pour-le-soin-et-la-beaute\/huile-vegetale-amande-douce-bio\/\" \/>\n<meta property=\"og:site_name\" content=\"Particuliers - Cinier-B Laboratoires\" \/>\n<meta property=\"article:modified_time\" content=\"2026-01-07T13:11:40+00:00\" \/>\n<meta property=\"og:image\" content=\"https:\/\/cinier-b.com\/particuliers\/wp-content\/uploads\/2019\/09\/Hv-amande-douce.png\" \/>\n\t<meta property=\"og:image:width\" content=\"1080\" \/>\n\t<meta property=\"og:image:height\" content=\"1080\" \/>\n\t<meta property=\"og:image:type\" content=\"image\/png\" \/>\n<meta name=\"twitter:card\" content=\"summary_large_image\" \/>\n<meta name=\"twitter:label1\" content=\"Dur\u00e9e de lecture estim\u00e9e\" \/>\n\t<meta name=\"twitter:data1\" content=\"1 minute\" \/>\n<script type=\"application\/ld+json\" class=\"yoast-schema-graph\">{\"@context\":\"https:\/\/schema.org\",\"@graph\":[{\"@type\":\"WebPage\",\"@id\":\"https:\/\/cinier-b.com\/particuliers\/boutique\/soins-corporels-frictions-de-sante\/huiles-vegetales\/huiles-vegetales-pour-le-soin-et-la-beaute\/huile-vegetale-amande-douce-bio\/\",\"url\":\"https:\/\/cinier-b.com\/particuliers\/boutique\/soins-corporels-frictions-de-sante\/huiles-vegetales\/huiles-vegetales-pour-le-soin-et-la-beaute\/huile-vegetale-amande-douce-bio\/\",\"name\":\"Huile V\u00e9g\u00e9tale | Amande Douce Bio - Particuliers - Cinier-B Laboratoires\",\"isPartOf\":{\"@id\":\"https:\/\/cinier-b.com\/particuliers\/#website\"},\"primaryImageOfPage\":{\"@id\":\"https:\/\/cinier-b.com\/particuliers\/boutique\/soins-corporels-frictions-de-sante\/huiles-vegetales\/huiles-vegetales-pour-le-soin-et-la-beaute\/huile-vegetale-amande-douce-bio\/#primaryimage\"},\"image\":{\"@id\":\"https:\/\/cinier-b.com\/particuliers\/boutique\/soins-corporels-frictions-de-sante\/huiles-vegetales\/huiles-vegetales-pour-le-soin-et-la-beaute\/huile-vegetale-amande-douce-bio\/#primaryimage\"},\"thumbnailUrl\":\"https:\/\/cinier-b.com\/particuliers\/wp-content\/uploads\/2019\/09\/Hv-amande-douce.png\",\"datePublished\":\"2019-09-10T09:34:16+00:00\",\"dateModified\":\"2026-01-07T13:11:40+00:00\",\"description\":\"L'huile v\u00e9g\u00e9tale d'Amande douce vierge est obtenue par pression \u00e0 froid des semences de l'amandier BIO. Elle est vierge, 100% pure et naturelle sans aucun autre additif, d'origine Espagne. Calmante, adoucissante, \u00e9molliente, elle est recommand\u00e9e pour la toilette des b\u00e9b\u00e9s, des peaux d\u00e9licates et s\u00e8ches.\",\"breadcrumb\":{\"@id\":\"https:\/\/cinier-b.com\/particuliers\/boutique\/soins-corporels-frictions-de-sante\/huiles-vegetales\/huiles-vegetales-pour-le-soin-et-la-beaute\/huile-vegetale-amande-douce-bio\/#breadcrumb\"},\"inLanguage\":\"fr-FR\",\"potentialAction\":[{\"@type\":\"ReadAction\",\"target\":[\"https:\/\/cinier-b.com\/particuliers\/boutique\/soins-corporels-frictions-de-sante\/huiles-vegetales\/huiles-vegetales-pour-le-soin-et-la-beaute\/huile-vegetale-amande-douce-bio\/\"]}]},{\"@type\":\"ImageObject\",\"inLanguage\":\"fr-FR\",\"@id\":\"https:\/\/cinier-b.com\/particuliers\/boutique\/soins-corporels-frictions-de-sante\/huiles-vegetales\/huiles-vegetales-pour-le-soin-et-la-beaute\/huile-vegetale-amande-douce-bio\/#primaryimage\",\"url\":\"https:\/\/cinier-b.com\/particuliers\/wp-content\/uploads\/2019\/09\/Hv-amande-douce.png\",\"contentUrl\":\"https:\/\/cinier-b.com\/particuliers\/wp-content\/uploads\/2019\/09\/Hv-amande-douce.png\",\"width\":1080,\"height\":1080},{\"@type\":\"BreadcrumbList\",\"@id\":\"https:\/\/cinier-b.com\/particuliers\/boutique\/soins-corporels-frictions-de-sante\/huiles-vegetales\/huiles-vegetales-pour-le-soin-et-la-beaute\/huile-vegetale-amande-douce-bio\/#breadcrumb\",\"itemListElement\":[{\"@type\":\"ListItem\",\"position\":1,\"name\":\"Accueil\",\"item\":\"https:\/\/cinier-b.com\/particuliers\/soins-naturels-particuliers\/\"},{\"@type\":\"ListItem\",\"position\":2,\"name\":\"Boutique\",\"item\":\"https:\/\/cinier-b.com\/particuliers\/boutique\/\"},{\"@type\":\"ListItem\",\"position\":3,\"name\":\"Huile V\u00e9g\u00e9tale | AMANDE DOUCE BIO | Une Peau Douce &#038; Soyeuse Id\u00e9al pour la toilette des b\u00e9b\u00e9s\"}]},{\"@type\":\"WebSite\",\"@id\":\"https:\/\/cinier-b.com\/particuliers\/#website\",\"url\":\"https:\/\/cinier-b.com\/particuliers\/\",\"name\":\"Particuliers - Cinier-B Laboratoires\",\"description\":\"Aromatherapie et podologie\",\"potentialAction\":[{\"@type\":\"SearchAction\",\"target\":{\"@type\":\"EntryPoint\",\"urlTemplate\":\"https:\/\/cinier-b.com\/particuliers\/?s={search_term_string}\"},\"query-input\":{\"@type\":\"PropertyValueSpecification\",\"valueRequired\":true,\"valueName\":\"search_term_string\"}}],\"inLanguage\":\"fr-FR\"}]}<\/script>\n<!-- \/ Yoast SEO plugin. -->","yoast_head_json":{"title":"Huile V\u00e9g\u00e9tale | Amande Douce Bio - Particuliers - Cinier-B Laboratoires","description":"L'huile v\u00e9g\u00e9tale d'Amande douce vierge est obtenue par pression \u00e0 froid des semences de l'amandier BIO. Elle est vierge, 100% pure et naturelle sans aucun autre additif, d'origine Espagne. Calmante, adoucissante, \u00e9molliente, elle est recommand\u00e9e pour la toilette des b\u00e9b\u00e9s, des peaux d\u00e9licates et s\u00e8ches.","robots":{"index":"index","follow":"follow","max-snippet":"max-snippet:-1","max-image-preview":"max-image-preview:large","max-video-preview":"max-video-preview:-1"},"canonical":"https:\/\/cinier-b.com\/particuliers\/boutique\/soins-corporels-frictions-de-sante\/huiles-vegetales\/huiles-vegetales-pour-le-soin-et-la-beaute\/huile-vegetale-amande-douce-bio\/","og_locale":"fr_FR","og_type":"article","og_title":"Huile V\u00e9g\u00e9tale | Amande Douce Bio - Particuliers - Cinier-B Laboratoires","og_description":"L'huile v\u00e9g\u00e9tale d'Amande douce vierge est obtenue par pression \u00e0 froid des semences de l'amandier BIO. Elle est vierge, 100% pure et naturelle sans aucun autre additif, d'origine Espagne. Calmante, adoucissante, \u00e9molliente, elle est recommand\u00e9e pour la toilette des b\u00e9b\u00e9s, des peaux d\u00e9licates et s\u00e8ches.","og_url":"https:\/\/cinier-b.com\/particuliers\/boutique\/soins-corporels-frictions-de-sante\/huiles-vegetales\/huiles-vegetales-pour-le-soin-et-la-beaute\/huile-vegetale-amande-douce-bio\/","og_site_name":"Particuliers - Cinier-B Laboratoires","article_modified_time":"2026-01-07T13:11:40+00:00","og_image":[{"width":1080,"height":1080,"url":"https:\/\/cinier-b.com\/particuliers\/wp-content\/uploads\/2019\/09\/Hv-amande-douce.png","type":"image\/png"}],"twitter_card":"summary_large_image","twitter_misc":{"Dur\u00e9e de lecture estim\u00e9e":"1 minute"},"schema":{"@context":"https:\/\/schema.org","@graph":[{"@type":"WebPage","@id":"https:\/\/cinier-b.com\/particuliers\/boutique\/soins-corporels-frictions-de-sante\/huiles-vegetales\/huiles-vegetales-pour-le-soin-et-la-beaute\/huile-vegetale-amande-douce-bio\/","url":"https:\/\/cinier-b.com\/particuliers\/boutique\/soins-corporels-frictions-de-sante\/huiles-vegetales\/huiles-vegetales-pour-le-soin-et-la-beaute\/huile-vegetale-amande-douce-bio\/","name":"Huile V\u00e9g\u00e9tale | Amande Douce Bio - Particuliers - Cinier-B Laboratoires","isPartOf":{"@id":"https:\/\/cinier-b.com\/particuliers\/#website"},"primaryImageOfPage":{"@id":"https:\/\/cinier-b.com\/particuliers\/boutique\/soins-corporels-frictions-de-sante\/huiles-vegetales\/huiles-vegetales-pour-le-soin-et-la-beaute\/huile-vegetale-amande-douce-bio\/#primaryimage"},"image":{"@id":"https:\/\/cinier-b.com\/particuliers\/boutique\/soins-corporels-frictions-de-sante\/huiles-vegetales\/huiles-vegetales-pour-le-soin-et-la-beaute\/huile-vegetale-amande-douce-bio\/#primaryimage"},"thumbnailUrl":"https:\/\/cinier-b.com\/particuliers\/wp-content\/uploads\/2019\/09\/Hv-amande-douce.png","datePublished":"2019-09-10T09:34:16+00:00","dateModified":"2026-01-07T13:11:40+00:00","description":"L'huile v\u00e9g\u00e9tale d'Amande douce vierge est obtenue par pression \u00e0 froid des semences de l'amandier BIO. Elle est vierge, 100% pure et naturelle sans aucun autre additif, d'origine Espagne. Calmante, adoucissante, \u00e9molliente, elle est recommand\u00e9e pour la toilette des b\u00e9b\u00e9s, des peaux d\u00e9licates et s\u00e8ches.","breadcrumb":{"@id":"https:\/\/cinier-b.com\/particuliers\/boutique\/soins-corporels-frictions-de-sante\/huiles-vegetales\/huiles-vegetales-pour-le-soin-et-la-beaute\/huile-vegetale-amande-douce-bio\/#breadcrumb"},"inLanguage":"fr-FR","potentialAction":[{"@type":"ReadAction","target":["https:\/\/cinier-b.com\/particuliers\/boutique\/soins-corporels-frictions-de-sante\/huiles-vegetales\/huiles-vegetales-pour-le-soin-et-la-beaute\/huile-vegetale-amande-douce-bio\/"]}]},{"@type":"ImageObject","inLanguage":"fr-FR","@id":"https:\/\/cinier-b.com\/particuliers\/boutique\/soins-corporels-frictions-de-sante\/huiles-vegetales\/huiles-vegetales-pour-le-soin-et-la-beaute\/huile-vegetale-amande-douce-bio\/#primaryimage","url":"https:\/\/cinier-b.com\/particuliers\/wp-content\/uploads\/2019\/09\/Hv-amande-douce.png","contentUrl":"https:\/\/cinier-b.com\/particuliers\/wp-content\/uploads\/2019\/09\/Hv-amande-douce.png","width":1080,"height":1080},{"@type":"BreadcrumbList","@id":"https:\/\/cinier-b.com\/particuliers\/boutique\/soins-corporels-frictions-de-sante\/huiles-vegetales\/huiles-vegetales-pour-le-soin-et-la-beaute\/huile-vegetale-amande-douce-bio\/#breadcrumb","itemListElement":[{"@type":"ListItem","position":1,"name":"Accueil","item":"https:\/\/cinier-b.com\/particuliers\/soins-naturels-particuliers\/"},{"@type":"ListItem","position":2,"name":"Boutique","item":"https:\/\/cinier-b.com\/particuliers\/boutique\/"},{"@type":"ListItem","position":3,"name":"Huile V\u00e9g\u00e9tale | AMANDE DOUCE BIO | Une Peau Douce &#038; Soyeuse Id\u00e9al pour la toilette des b\u00e9b\u00e9s"}]},{"@type":"WebSite","@id":"https:\/\/cinier-b.com\/particuliers\/#website","url":"https:\/\/cinier-b.com\/particuliers\/","name":"Particuliers - Cinier-B Laboratoires","description":"Aromatherapie et podologie","potentialAction":[{"@type":"SearchAction","target":{"@type":"EntryPoint","urlTemplate":"https:\/\/cinier-b.com\/particuliers\/?s={search_term_string}"},"query-input":{"@type":"PropertyValueSpecification","valueRequired":true,"valueName":"search_term_string"}}],"inLanguage":"fr-FR"}]}},"_links":{"self":[{"href":"https:\/\/cinier-b.com\/particuliers\/wp-json\/wp\/v2\/product\/3039","targetHints":{"allow":["GET"]}}],"collection":[{"href":"https:\/\/cinier-b.com\/particuliers\/wp-json\/wp\/v2\/product"}],"about":[{"href":"https:\/\/cinier-b.com\/particuliers\/wp-json\/wp\/v2\/types\/product"}],"wp:featuredmedia":[{"embeddable":true,"href":"https:\/\/cinier-b.com\/particuliers\/wp-json\/wp\/v2\/media\/9888"}],"wp:attachment":[{"href":"https:\/\/cinier-b.com\/particuliers\/wp-json\/wp\/v2\/media?parent=3039"}],"wp:term":[{"taxonomy":"product_brand","embeddable":true,"href":"https:\/\/cinier-b.com\/particuliers\/wp-json\/wp\/v2\/product_brand?post=3039"},{"taxonomy":"product_cat","embeddable":true,"href":"https:\/\/cinier-b.com\/particuliers\/wp-json\/wp\/v2\/product_cat?post=3039"},{"taxonomy":"product_tag","embeddable":true,"href":"https:\/\/cinier-b.com\/particuliers\/wp-json\/wp\/v2\/product_tag?post=3039"}],"curies":[{"name":"wp","href":"https:\/\/api.w.org\/{rel}","templated":true}]}}