{"id":3038,"date":"2019-09-10T10:34:16","date_gmt":"2019-09-10T09:34:16","guid":{"rendered":"http:\/\/particuliers.cinier-b.com\/produit\/nigelle-cumin-noir-50ml-1ere-pression-a-froid\/"},"modified":"2025-04-22T15:27:59","modified_gmt":"2025-04-22T14:27:59","slug":"nigelle-cumin-noir-50ml-1ere-pression-a-froid","status":"publish","type":"product","link":"https:\/\/cinier-b.com\/particuliers\/boutique\/soins-corporels-frictions-de-sante\/huiles-vegetales\/huiles-vegetales-pour-le-soin-et-la-beaute\/nigelle-cumin-noir-50ml-1ere-pression-a-froid\/","title":{"rendered":"Huile v\u00e9g\u00e9tale | NIGELLE | Peau sensible, s\u00e8che, irrit\u00e9e"},"content":{"rendered":"<p>L&rsquo;huile de NIGELLE (CUMIN NOIR) vierge est obtenue par pression \u00e0 froid . Origine \u00c9gypte, elle est 100% pure et naturelle sans aucun autre additif.<br \/>\nElle est indiqu\u00e9e pour le soin des peaux s\u00e8ches, sensibles, irrit\u00e9es ou enflamm\u00e9es. Elle contient de nombreux acides gras mono-insatur\u00e9s tel que l&rsquo;acide ol\u00e9ique (om\u00e9ga \u00e7) et poly-insatur\u00e9s tel que l&rsquo;acide linol\u00e9ique (om\u00e9ga 6), des vitamines et min\u00e9raux.<br \/>\nElle a un effet anti-radicaux libres et combat les ph\u00e9nom\u00e8nes inflammatoires (ecz\u00e9ma, dishydrose&#8230;)<\/p>\n<div class=\"woocommerce-product-details__short-description\">\n<p>&nbsp;<\/p>\n<\/div>\n","protected":false},"excerpt":{"rendered":"<p>Pour le soin des peaux s\u00e8ches, sensibles, irrit\u00e9es.<\/p>\n","protected":false},"featured_media":10525,"template":"","meta":[],"product_brand":[],"product_cat":[37,39],"product_tag":[],"class_list":{"0":"post-3038","1":"product","2":"type-product","3":"status-publish","4":"has-post-thumbnail","6":"product_cat-huiles-vegetales","7":"product_cat-huiles-vegetales-pour-le-soin-et-la-beaute","9":"first","10":"instock","11":"taxable","12":"shipping-taxable","13":"purchasable","14":"product-type-simple"},"yoast_head":"<!-- This site is optimized with the Yoast SEO plugin v25.5 - https:\/\/yoast.com\/wordpress\/plugins\/seo\/ -->\n<title>Huile v\u00e9g\u00e9tale | NIGELLE | Peau sensible, s\u00e8che, irrit\u00e9e - Particuliers - Cinier-B Laboratoires<\/title>\n<meta name=\"robots\" content=\"index, follow, max-snippet:-1, max-image-preview:large, max-video-preview:-1\" \/>\n<link rel=\"canonical\" href=\"https:\/\/cinier-b.com\/particuliers\/boutique\/soins-corporels-frictions-de-sante\/huiles-vegetales\/huiles-vegetales-pour-le-soin-et-la-beaute\/nigelle-cumin-noir-50ml-1ere-pression-a-froid\/\" \/>\n<meta property=\"og:locale\" content=\"fr_FR\" \/>\n<meta property=\"og:type\" content=\"article\" \/>\n<meta property=\"og:title\" content=\"Huile v\u00e9g\u00e9tale | NIGELLE | Peau sensible, s\u00e8che, irrit\u00e9e - Particuliers - Cinier-B Laboratoires\" \/>\n<meta property=\"og:description\" content=\"Pour le soin des peaux s\u00e8ches, sensibles, irrit\u00e9es.\" \/>\n<meta property=\"og:url\" content=\"https:\/\/cinier-b.com\/particuliers\/boutique\/soins-corporels-frictions-de-sante\/huiles-vegetales\/huiles-vegetales-pour-le-soin-et-la-beaute\/nigelle-cumin-noir-50ml-1ere-pression-a-froid\/\" \/>\n<meta property=\"og:site_name\" content=\"Particuliers - Cinier-B Laboratoires\" \/>\n<meta property=\"article:modified_time\" content=\"2025-04-22T14:27:59+00:00\" \/>\n<meta property=\"og:image\" content=\"https:\/\/cinier-b.com\/particuliers\/wp-content\/uploads\/2019\/09\/Design-sans-titre-2.png\" \/>\n\t<meta property=\"og:image:width\" content=\"1080\" \/>\n\t<meta property=\"og:image:height\" content=\"1080\" \/>\n\t<meta property=\"og:image:type\" content=\"image\/png\" \/>\n<meta name=\"twitter:card\" content=\"summary_large_image\" \/>\n<meta name=\"twitter:label1\" content=\"Dur\u00e9e de lecture estim\u00e9e\" \/>\n\t<meta name=\"twitter:data1\" content=\"1 minute\" \/>\n<script type=\"application\/ld+json\" class=\"yoast-schema-graph\">{\"@context\":\"https:\/\/schema.org\",\"@graph\":[{\"@type\":\"WebPage\",\"@id\":\"https:\/\/cinier-b.com\/particuliers\/boutique\/soins-corporels-frictions-de-sante\/huiles-vegetales\/huiles-vegetales-pour-le-soin-et-la-beaute\/nigelle-cumin-noir-50ml-1ere-pression-a-froid\/\",\"url\":\"https:\/\/cinier-b.com\/particuliers\/boutique\/soins-corporels-frictions-de-sante\/huiles-vegetales\/huiles-vegetales-pour-le-soin-et-la-beaute\/nigelle-cumin-noir-50ml-1ere-pression-a-froid\/\",\"name\":\"Huile v\u00e9g\u00e9tale | NIGELLE | Peau sensible, s\u00e8che, irrit\u00e9e - Particuliers - Cinier-B Laboratoires\",\"isPartOf\":{\"@id\":\"https:\/\/cinier-b.com\/particuliers\/#website\"},\"primaryImageOfPage\":{\"@id\":\"https:\/\/cinier-b.com\/particuliers\/boutique\/soins-corporels-frictions-de-sante\/huiles-vegetales\/huiles-vegetales-pour-le-soin-et-la-beaute\/nigelle-cumin-noir-50ml-1ere-pression-a-froid\/#primaryimage\"},\"image\":{\"@id\":\"https:\/\/cinier-b.com\/particuliers\/boutique\/soins-corporels-frictions-de-sante\/huiles-vegetales\/huiles-vegetales-pour-le-soin-et-la-beaute\/nigelle-cumin-noir-50ml-1ere-pression-a-froid\/#primaryimage\"},\"thumbnailUrl\":\"https:\/\/cinier-b.com\/particuliers\/wp-content\/uploads\/2019\/09\/Design-sans-titre-2.png\",\"datePublished\":\"2019-09-10T09:34:16+00:00\",\"dateModified\":\"2025-04-22T14:27:59+00:00\",\"breadcrumb\":{\"@id\":\"https:\/\/cinier-b.com\/particuliers\/boutique\/soins-corporels-frictions-de-sante\/huiles-vegetales\/huiles-vegetales-pour-le-soin-et-la-beaute\/nigelle-cumin-noir-50ml-1ere-pression-a-froid\/#breadcrumb\"},\"inLanguage\":\"fr-FR\",\"potentialAction\":[{\"@type\":\"ReadAction\",\"target\":[\"https:\/\/cinier-b.com\/particuliers\/boutique\/soins-corporels-frictions-de-sante\/huiles-vegetales\/huiles-vegetales-pour-le-soin-et-la-beaute\/nigelle-cumin-noir-50ml-1ere-pression-a-froid\/\"]}]},{\"@type\":\"ImageObject\",\"inLanguage\":\"fr-FR\",\"@id\":\"https:\/\/cinier-b.com\/particuliers\/boutique\/soins-corporels-frictions-de-sante\/huiles-vegetales\/huiles-vegetales-pour-le-soin-et-la-beaute\/nigelle-cumin-noir-50ml-1ere-pression-a-froid\/#primaryimage\",\"url\":\"https:\/\/cinier-b.com\/particuliers\/wp-content\/uploads\/2019\/09\/Design-sans-titre-2.png\",\"contentUrl\":\"https:\/\/cinier-b.com\/particuliers\/wp-content\/uploads\/2019\/09\/Design-sans-titre-2.png\",\"width\":1080,\"height\":1080},{\"@type\":\"BreadcrumbList\",\"@id\":\"https:\/\/cinier-b.com\/particuliers\/boutique\/soins-corporels-frictions-de-sante\/huiles-vegetales\/huiles-vegetales-pour-le-soin-et-la-beaute\/nigelle-cumin-noir-50ml-1ere-pression-a-froid\/#breadcrumb\",\"itemListElement\":[{\"@type\":\"ListItem\",\"position\":1,\"name\":\"Accueil\",\"item\":\"https:\/\/cinier-b.com\/particuliers\/soins-naturels-particuliers\/\"},{\"@type\":\"ListItem\",\"position\":2,\"name\":\"Boutique\",\"item\":\"https:\/\/cinier-b.com\/particuliers\/boutique\/\"},{\"@type\":\"ListItem\",\"position\":3,\"name\":\"Huile v\u00e9g\u00e9tale | NIGELLE | Peau sensible, s\u00e8che, irrit\u00e9e\"}]},{\"@type\":\"WebSite\",\"@id\":\"https:\/\/cinier-b.com\/particuliers\/#website\",\"url\":\"https:\/\/cinier-b.com\/particuliers\/\",\"name\":\"Particuliers - Cinier-B Laboratoires\",\"description\":\"Aromatherapie et podologie\",\"potentialAction\":[{\"@type\":\"SearchAction\",\"target\":{\"@type\":\"EntryPoint\",\"urlTemplate\":\"https:\/\/cinier-b.com\/particuliers\/?s={search_term_string}\"},\"query-input\":{\"@type\":\"PropertyValueSpecification\",\"valueRequired\":true,\"valueName\":\"search_term_string\"}}],\"inLanguage\":\"fr-FR\"}]}<\/script>\n<!-- \/ Yoast SEO plugin. -->","yoast_head_json":{"title":"Huile v\u00e9g\u00e9tale | NIGELLE | Peau sensible, s\u00e8che, irrit\u00e9e - Particuliers - Cinier-B Laboratoires","robots":{"index":"index","follow":"follow","max-snippet":"max-snippet:-1","max-image-preview":"max-image-preview:large","max-video-preview":"max-video-preview:-1"},"canonical":"https:\/\/cinier-b.com\/particuliers\/boutique\/soins-corporels-frictions-de-sante\/huiles-vegetales\/huiles-vegetales-pour-le-soin-et-la-beaute\/nigelle-cumin-noir-50ml-1ere-pression-a-froid\/","og_locale":"fr_FR","og_type":"article","og_title":"Huile v\u00e9g\u00e9tale | NIGELLE | Peau sensible, s\u00e8che, irrit\u00e9e - Particuliers - Cinier-B Laboratoires","og_description":"Pour le soin des peaux s\u00e8ches, sensibles, irrit\u00e9es.","og_url":"https:\/\/cinier-b.com\/particuliers\/boutique\/soins-corporels-frictions-de-sante\/huiles-vegetales\/huiles-vegetales-pour-le-soin-et-la-beaute\/nigelle-cumin-noir-50ml-1ere-pression-a-froid\/","og_site_name":"Particuliers - Cinier-B Laboratoires","article_modified_time":"2025-04-22T14:27:59+00:00","og_image":[{"width":1080,"height":1080,"url":"https:\/\/cinier-b.com\/particuliers\/wp-content\/uploads\/2019\/09\/Design-sans-titre-2.png","type":"image\/png"}],"twitter_card":"summary_large_image","twitter_misc":{"Dur\u00e9e de lecture estim\u00e9e":"1 minute"},"schema":{"@context":"https:\/\/schema.org","@graph":[{"@type":"WebPage","@id":"https:\/\/cinier-b.com\/particuliers\/boutique\/soins-corporels-frictions-de-sante\/huiles-vegetales\/huiles-vegetales-pour-le-soin-et-la-beaute\/nigelle-cumin-noir-50ml-1ere-pression-a-froid\/","url":"https:\/\/cinier-b.com\/particuliers\/boutique\/soins-corporels-frictions-de-sante\/huiles-vegetales\/huiles-vegetales-pour-le-soin-et-la-beaute\/nigelle-cumin-noir-50ml-1ere-pression-a-froid\/","name":"Huile v\u00e9g\u00e9tale | NIGELLE | Peau sensible, s\u00e8che, irrit\u00e9e - Particuliers - Cinier-B Laboratoires","isPartOf":{"@id":"https:\/\/cinier-b.com\/particuliers\/#website"},"primaryImageOfPage":{"@id":"https:\/\/cinier-b.com\/particuliers\/boutique\/soins-corporels-frictions-de-sante\/huiles-vegetales\/huiles-vegetales-pour-le-soin-et-la-beaute\/nigelle-cumin-noir-50ml-1ere-pression-a-froid\/#primaryimage"},"image":{"@id":"https:\/\/cinier-b.com\/particuliers\/boutique\/soins-corporels-frictions-de-sante\/huiles-vegetales\/huiles-vegetales-pour-le-soin-et-la-beaute\/nigelle-cumin-noir-50ml-1ere-pression-a-froid\/#primaryimage"},"thumbnailUrl":"https:\/\/cinier-b.com\/particuliers\/wp-content\/uploads\/2019\/09\/Design-sans-titre-2.png","datePublished":"2019-09-10T09:34:16+00:00","dateModified":"2025-04-22T14:27:59+00:00","breadcrumb":{"@id":"https:\/\/cinier-b.com\/particuliers\/boutique\/soins-corporels-frictions-de-sante\/huiles-vegetales\/huiles-vegetales-pour-le-soin-et-la-beaute\/nigelle-cumin-noir-50ml-1ere-pression-a-froid\/#breadcrumb"},"inLanguage":"fr-FR","potentialAction":[{"@type":"ReadAction","target":["https:\/\/cinier-b.com\/particuliers\/boutique\/soins-corporels-frictions-de-sante\/huiles-vegetales\/huiles-vegetales-pour-le-soin-et-la-beaute\/nigelle-cumin-noir-50ml-1ere-pression-a-froid\/"]}]},{"@type":"ImageObject","inLanguage":"fr-FR","@id":"https:\/\/cinier-b.com\/particuliers\/boutique\/soins-corporels-frictions-de-sante\/huiles-vegetales\/huiles-vegetales-pour-le-soin-et-la-beaute\/nigelle-cumin-noir-50ml-1ere-pression-a-froid\/#primaryimage","url":"https:\/\/cinier-b.com\/particuliers\/wp-content\/uploads\/2019\/09\/Design-sans-titre-2.png","contentUrl":"https:\/\/cinier-b.com\/particuliers\/wp-content\/uploads\/2019\/09\/Design-sans-titre-2.png","width":1080,"height":1080},{"@type":"BreadcrumbList","@id":"https:\/\/cinier-b.com\/particuliers\/boutique\/soins-corporels-frictions-de-sante\/huiles-vegetales\/huiles-vegetales-pour-le-soin-et-la-beaute\/nigelle-cumin-noir-50ml-1ere-pression-a-froid\/#breadcrumb","itemListElement":[{"@type":"ListItem","position":1,"name":"Accueil","item":"https:\/\/cinier-b.com\/particuliers\/soins-naturels-particuliers\/"},{"@type":"ListItem","position":2,"name":"Boutique","item":"https:\/\/cinier-b.com\/particuliers\/boutique\/"},{"@type":"ListItem","position":3,"name":"Huile v\u00e9g\u00e9tale | NIGELLE | Peau sensible, s\u00e8che, irrit\u00e9e"}]},{"@type":"WebSite","@id":"https:\/\/cinier-b.com\/particuliers\/#website","url":"https:\/\/cinier-b.com\/particuliers\/","name":"Particuliers - Cinier-B Laboratoires","description":"Aromatherapie et podologie","potentialAction":[{"@type":"SearchAction","target":{"@type":"EntryPoint","urlTemplate":"https:\/\/cinier-b.com\/particuliers\/?s={search_term_string}"},"query-input":{"@type":"PropertyValueSpecification","valueRequired":true,"valueName":"search_term_string"}}],"inLanguage":"fr-FR"}]}},"_links":{"self":[{"href":"https:\/\/cinier-b.com\/particuliers\/wp-json\/wp\/v2\/product\/3038","targetHints":{"allow":["GET"]}}],"collection":[{"href":"https:\/\/cinier-b.com\/particuliers\/wp-json\/wp\/v2\/product"}],"about":[{"href":"https:\/\/cinier-b.com\/particuliers\/wp-json\/wp\/v2\/types\/product"}],"wp:featuredmedia":[{"embeddable":true,"href":"https:\/\/cinier-b.com\/particuliers\/wp-json\/wp\/v2\/media\/10525"}],"wp:attachment":[{"href":"https:\/\/cinier-b.com\/particuliers\/wp-json\/wp\/v2\/media?parent=3038"}],"wp:term":[{"taxonomy":"product_brand","embeddable":true,"href":"https:\/\/cinier-b.com\/particuliers\/wp-json\/wp\/v2\/product_brand?post=3038"},{"taxonomy":"product_cat","embeddable":true,"href":"https:\/\/cinier-b.com\/particuliers\/wp-json\/wp\/v2\/product_cat?post=3038"},{"taxonomy":"product_tag","embeddable":true,"href":"https:\/\/cinier-b.com\/particuliers\/wp-json\/wp\/v2\/product_tag?post=3038"}],"curies":[{"name":"wp","href":"https:\/\/api.w.org\/{rel}","templated":true}]}}