{"id":203,"date":"2019-09-11T17:26:07","date_gmt":"2019-09-11T16:26:07","guid":{"rendered":"http:\/\/particuliers.cinier-b.com\/?post_type=product&#038;p=203"},"modified":"2025-02-18T09:04:44","modified_gmt":"2025-02-18T08:04:44","slug":"pain-alep-a-35-huile-de-baie-de-laurier","status":"publish","type":"product","link":"https:\/\/cinier-b.com\/particuliers\/boutique\/savons-dalep-et-produits-autour-du-bain\/savons-alep\/pain-alep-a-35-huile-de-baie-de-laurier\/","title":{"rendered":"Pain d&rsquo;Alep \u00e0 35% huile de Baie de Laurier"},"content":{"rendered":"<p>Votre peau, votre cuir chevelu, votre visage, normaux, sensibles ou \u00e0 probl\u00e8mes, ont droit au meilleur: L&rsquo;incomparable, l&rsquo;authentique\u00a0\u00bbPain d&rsquo;Alep\u00a0\u00bb.<\/p>\n<p>Fa\u00e7onn\u00e9 selon l&rsquo;antique savoir-faire, il respecte l&rsquo;harmonie des peaux saines, contribue \u00e0 rendre leur s\u00e9r\u00e9nit\u00e9 aux peaux tourment\u00e9es.<\/p>\n<p>D&rsquo;origine naturelle \u00e0 99,9%, il doit ses prodigieuse vertus cosm\u00e9tiques \u00e0 l&rsquo;huile d&rsquo;olive, qui adoucit, prot\u00e8ge et entretient la peau et \u00e0 celle du laurier, regorgeant d&rsquo;acides gras indispensables, vitamines.<\/p>\n<p>Taux d&rsquo;alcalinit\u00e9 libre quasi nul, gr\u00e2ce \u00e0 son procd\u00e9 sp\u00e9cifique de fabrication.<\/p>\n<p>La p\u00e2te de savon est d\u00e9coup\u00e9e en pains. D\u00fbment estampill\u00e9s, ce s savons sont \u00e9chafaud\u00e9s en tours pour un long s\u00e9chage \u00e0 l&rsquo;air libre, qui r\u00e9v\u00e8lera leur aspect d\u00e9finitif: plus fonc\u00e9s et plus durs \u00e0 l&rsquo;ext\u00e9rieur, plus vert et plus moelleux \u00e0 l&rsquo;int\u00e9rieur. Dans le bain, ils flottent, preuve de leurs 9 mois de s\u00e9chage.<\/p>\n","protected":false},"excerpt":{"rendered":"<p><b>Souverain pour peaux exigeantes et raffin\u00e9es<\/b><\/p>\n<p>Dermatologiquement test\u00e9<\/p>\n<p>Boite 200g<\/p>\n","protected":false},"featured_media":3089,"template":"","meta":[],"product_brand":[],"product_cat":[136,30],"product_tag":[],"class_list":{"0":"post-203","1":"product","2":"type-product","3":"status-publish","4":"has-post-thumbnail","6":"product_cat-ligne-alep","7":"product_cat-savons-alep","9":"first","10":"outofstock","11":"featured","12":"taxable","13":"shipping-taxable","14":"purchasable","15":"product-type-simple"},"yoast_head":"<!-- This site is optimized with the Yoast SEO plugin v25.5 - https:\/\/yoast.com\/wordpress\/plugins\/seo\/ -->\n<title>Pain d&#039;Alep \u00e0 35% huile de Baie de Laurier - Particuliers - Cinier-B Laboratoires<\/title>\n<meta name=\"robots\" content=\"index, follow, max-snippet:-1, max-image-preview:large, max-video-preview:-1\" \/>\n<link rel=\"canonical\" href=\"https:\/\/cinier-b.com\/particuliers\/boutique\/savons-dalep-et-produits-autour-du-bain\/savons-alep\/pain-alep-a-35-huile-de-baie-de-laurier\/\" \/>\n<meta property=\"og:locale\" content=\"fr_FR\" \/>\n<meta property=\"og:type\" content=\"article\" \/>\n<meta property=\"og:title\" content=\"Pain d&#039;Alep \u00e0 35% huile de Baie de Laurier - Particuliers - Cinier-B Laboratoires\" \/>\n<meta property=\"og:description\" content=\"Souverain pour peaux exigeantes et raffin\u00e9es  Dermatologiquement test\u00e9  Boite 200g\" \/>\n<meta property=\"og:url\" content=\"https:\/\/cinier-b.com\/particuliers\/boutique\/savons-dalep-et-produits-autour-du-bain\/savons-alep\/pain-alep-a-35-huile-de-baie-de-laurier\/\" \/>\n<meta property=\"og:site_name\" content=\"Particuliers - Cinier-B Laboratoires\" \/>\n<meta property=\"article:modified_time\" content=\"2025-02-18T08:04:44+00:00\" \/>\n<meta property=\"og:image\" content=\"https:\/\/cinier-b.com\/particuliers\/wp-content\/uploads\/2019\/09\/Savon_Alep-laurier_35.jpg\" \/>\n\t<meta property=\"og:image:width\" content=\"421\" \/>\n\t<meta property=\"og:image:height\" content=\"400\" \/>\n\t<meta property=\"og:image:type\" content=\"image\/jpeg\" \/>\n<meta name=\"twitter:card\" content=\"summary_large_image\" \/>\n<meta name=\"twitter:label1\" content=\"Dur\u00e9e de lecture estim\u00e9e\" \/>\n\t<meta name=\"twitter:data1\" content=\"1 minute\" \/>\n<script type=\"application\/ld+json\" class=\"yoast-schema-graph\">{\"@context\":\"https:\/\/schema.org\",\"@graph\":[{\"@type\":\"WebPage\",\"@id\":\"https:\/\/cinier-b.com\/particuliers\/boutique\/savons-dalep-et-produits-autour-du-bain\/savons-alep\/pain-alep-a-35-huile-de-baie-de-laurier\/\",\"url\":\"https:\/\/cinier-b.com\/particuliers\/boutique\/savons-dalep-et-produits-autour-du-bain\/savons-alep\/pain-alep-a-35-huile-de-baie-de-laurier\/\",\"name\":\"Pain d'Alep \u00e0 35% huile de Baie de Laurier - Particuliers - Cinier-B Laboratoires\",\"isPartOf\":{\"@id\":\"https:\/\/cinier-b.com\/particuliers\/#website\"},\"primaryImageOfPage\":{\"@id\":\"https:\/\/cinier-b.com\/particuliers\/boutique\/savons-dalep-et-produits-autour-du-bain\/savons-alep\/pain-alep-a-35-huile-de-baie-de-laurier\/#primaryimage\"},\"image\":{\"@id\":\"https:\/\/cinier-b.com\/particuliers\/boutique\/savons-dalep-et-produits-autour-du-bain\/savons-alep\/pain-alep-a-35-huile-de-baie-de-laurier\/#primaryimage\"},\"thumbnailUrl\":\"https:\/\/cinier-b.com\/particuliers\/wp-content\/uploads\/2019\/09\/Savon_Alep-laurier_35.jpg\",\"datePublished\":\"2019-09-11T16:26:07+00:00\",\"dateModified\":\"2025-02-18T08:04:44+00:00\",\"breadcrumb\":{\"@id\":\"https:\/\/cinier-b.com\/particuliers\/boutique\/savons-dalep-et-produits-autour-du-bain\/savons-alep\/pain-alep-a-35-huile-de-baie-de-laurier\/#breadcrumb\"},\"inLanguage\":\"fr-FR\",\"potentialAction\":[{\"@type\":\"ReadAction\",\"target\":[\"https:\/\/cinier-b.com\/particuliers\/boutique\/savons-dalep-et-produits-autour-du-bain\/savons-alep\/pain-alep-a-35-huile-de-baie-de-laurier\/\"]}]},{\"@type\":\"ImageObject\",\"inLanguage\":\"fr-FR\",\"@id\":\"https:\/\/cinier-b.com\/particuliers\/boutique\/savons-dalep-et-produits-autour-du-bain\/savons-alep\/pain-alep-a-35-huile-de-baie-de-laurier\/#primaryimage\",\"url\":\"https:\/\/cinier-b.com\/particuliers\/wp-content\/uploads\/2019\/09\/Savon_Alep-laurier_35.jpg\",\"contentUrl\":\"https:\/\/cinier-b.com\/particuliers\/wp-content\/uploads\/2019\/09\/Savon_Alep-laurier_35.jpg\",\"width\":421,\"height\":400},{\"@type\":\"BreadcrumbList\",\"@id\":\"https:\/\/cinier-b.com\/particuliers\/boutique\/savons-dalep-et-produits-autour-du-bain\/savons-alep\/pain-alep-a-35-huile-de-baie-de-laurier\/#breadcrumb\",\"itemListElement\":[{\"@type\":\"ListItem\",\"position\":1,\"name\":\"Accueil\",\"item\":\"https:\/\/cinier-b.com\/particuliers\/soins-naturels-particuliers\/\"},{\"@type\":\"ListItem\",\"position\":2,\"name\":\"Boutique\",\"item\":\"https:\/\/cinier-b.com\/particuliers\/boutique\/\"},{\"@type\":\"ListItem\",\"position\":3,\"name\":\"Pain d&rsquo;Alep \u00e0 35% huile de Baie de Laurier\"}]},{\"@type\":\"WebSite\",\"@id\":\"https:\/\/cinier-b.com\/particuliers\/#website\",\"url\":\"https:\/\/cinier-b.com\/particuliers\/\",\"name\":\"Particuliers - Cinier-B Laboratoires\",\"description\":\"Aromatherapie et podologie\",\"potentialAction\":[{\"@type\":\"SearchAction\",\"target\":{\"@type\":\"EntryPoint\",\"urlTemplate\":\"https:\/\/cinier-b.com\/particuliers\/?s={search_term_string}\"},\"query-input\":{\"@type\":\"PropertyValueSpecification\",\"valueRequired\":true,\"valueName\":\"search_term_string\"}}],\"inLanguage\":\"fr-FR\"}]}<\/script>\n<!-- \/ Yoast SEO plugin. -->","yoast_head_json":{"title":"Pain d'Alep \u00e0 35% huile de Baie de Laurier - Particuliers - Cinier-B Laboratoires","robots":{"index":"index","follow":"follow","max-snippet":"max-snippet:-1","max-image-preview":"max-image-preview:large","max-video-preview":"max-video-preview:-1"},"canonical":"https:\/\/cinier-b.com\/particuliers\/boutique\/savons-dalep-et-produits-autour-du-bain\/savons-alep\/pain-alep-a-35-huile-de-baie-de-laurier\/","og_locale":"fr_FR","og_type":"article","og_title":"Pain d'Alep \u00e0 35% huile de Baie de Laurier - Particuliers - Cinier-B Laboratoires","og_description":"Souverain pour peaux exigeantes et raffin\u00e9es  Dermatologiquement test\u00e9  Boite 200g","og_url":"https:\/\/cinier-b.com\/particuliers\/boutique\/savons-dalep-et-produits-autour-du-bain\/savons-alep\/pain-alep-a-35-huile-de-baie-de-laurier\/","og_site_name":"Particuliers - Cinier-B Laboratoires","article_modified_time":"2025-02-18T08:04:44+00:00","og_image":[{"width":421,"height":400,"url":"https:\/\/cinier-b.com\/particuliers\/wp-content\/uploads\/2019\/09\/Savon_Alep-laurier_35.jpg","type":"image\/jpeg"}],"twitter_card":"summary_large_image","twitter_misc":{"Dur\u00e9e de lecture estim\u00e9e":"1 minute"},"schema":{"@context":"https:\/\/schema.org","@graph":[{"@type":"WebPage","@id":"https:\/\/cinier-b.com\/particuliers\/boutique\/savons-dalep-et-produits-autour-du-bain\/savons-alep\/pain-alep-a-35-huile-de-baie-de-laurier\/","url":"https:\/\/cinier-b.com\/particuliers\/boutique\/savons-dalep-et-produits-autour-du-bain\/savons-alep\/pain-alep-a-35-huile-de-baie-de-laurier\/","name":"Pain d'Alep \u00e0 35% huile de Baie de Laurier - Particuliers - Cinier-B Laboratoires","isPartOf":{"@id":"https:\/\/cinier-b.com\/particuliers\/#website"},"primaryImageOfPage":{"@id":"https:\/\/cinier-b.com\/particuliers\/boutique\/savons-dalep-et-produits-autour-du-bain\/savons-alep\/pain-alep-a-35-huile-de-baie-de-laurier\/#primaryimage"},"image":{"@id":"https:\/\/cinier-b.com\/particuliers\/boutique\/savons-dalep-et-produits-autour-du-bain\/savons-alep\/pain-alep-a-35-huile-de-baie-de-laurier\/#primaryimage"},"thumbnailUrl":"https:\/\/cinier-b.com\/particuliers\/wp-content\/uploads\/2019\/09\/Savon_Alep-laurier_35.jpg","datePublished":"2019-09-11T16:26:07+00:00","dateModified":"2025-02-18T08:04:44+00:00","breadcrumb":{"@id":"https:\/\/cinier-b.com\/particuliers\/boutique\/savons-dalep-et-produits-autour-du-bain\/savons-alep\/pain-alep-a-35-huile-de-baie-de-laurier\/#breadcrumb"},"inLanguage":"fr-FR","potentialAction":[{"@type":"ReadAction","target":["https:\/\/cinier-b.com\/particuliers\/boutique\/savons-dalep-et-produits-autour-du-bain\/savons-alep\/pain-alep-a-35-huile-de-baie-de-laurier\/"]}]},{"@type":"ImageObject","inLanguage":"fr-FR","@id":"https:\/\/cinier-b.com\/particuliers\/boutique\/savons-dalep-et-produits-autour-du-bain\/savons-alep\/pain-alep-a-35-huile-de-baie-de-laurier\/#primaryimage","url":"https:\/\/cinier-b.com\/particuliers\/wp-content\/uploads\/2019\/09\/Savon_Alep-laurier_35.jpg","contentUrl":"https:\/\/cinier-b.com\/particuliers\/wp-content\/uploads\/2019\/09\/Savon_Alep-laurier_35.jpg","width":421,"height":400},{"@type":"BreadcrumbList","@id":"https:\/\/cinier-b.com\/particuliers\/boutique\/savons-dalep-et-produits-autour-du-bain\/savons-alep\/pain-alep-a-35-huile-de-baie-de-laurier\/#breadcrumb","itemListElement":[{"@type":"ListItem","position":1,"name":"Accueil","item":"https:\/\/cinier-b.com\/particuliers\/soins-naturels-particuliers\/"},{"@type":"ListItem","position":2,"name":"Boutique","item":"https:\/\/cinier-b.com\/particuliers\/boutique\/"},{"@type":"ListItem","position":3,"name":"Pain d&rsquo;Alep \u00e0 35% huile de Baie de Laurier"}]},{"@type":"WebSite","@id":"https:\/\/cinier-b.com\/particuliers\/#website","url":"https:\/\/cinier-b.com\/particuliers\/","name":"Particuliers - Cinier-B Laboratoires","description":"Aromatherapie et podologie","potentialAction":[{"@type":"SearchAction","target":{"@type":"EntryPoint","urlTemplate":"https:\/\/cinier-b.com\/particuliers\/?s={search_term_string}"},"query-input":{"@type":"PropertyValueSpecification","valueRequired":true,"valueName":"search_term_string"}}],"inLanguage":"fr-FR"}]}},"_links":{"self":[{"href":"https:\/\/cinier-b.com\/particuliers\/wp-json\/wp\/v2\/product\/203","targetHints":{"allow":["GET"]}}],"collection":[{"href":"https:\/\/cinier-b.com\/particuliers\/wp-json\/wp\/v2\/product"}],"about":[{"href":"https:\/\/cinier-b.com\/particuliers\/wp-json\/wp\/v2\/types\/product"}],"wp:featuredmedia":[{"embeddable":true,"href":"https:\/\/cinier-b.com\/particuliers\/wp-json\/wp\/v2\/media\/3089"}],"wp:attachment":[{"href":"https:\/\/cinier-b.com\/particuliers\/wp-json\/wp\/v2\/media?parent=203"}],"wp:term":[{"taxonomy":"product_brand","embeddable":true,"href":"https:\/\/cinier-b.com\/particuliers\/wp-json\/wp\/v2\/product_brand?post=203"},{"taxonomy":"product_cat","embeddable":true,"href":"https:\/\/cinier-b.com\/particuliers\/wp-json\/wp\/v2\/product_cat?post=203"},{"taxonomy":"product_tag","embeddable":true,"href":"https:\/\/cinier-b.com\/particuliers\/wp-json\/wp\/v2\/product_tag?post=203"}],"curies":[{"name":"wp","href":"https:\/\/api.w.org\/{rel}","templated":true}]}}