{"id":145,"date":"2009-01-21T19:14:28","date_gmt":"2009-01-21T18:14:28","guid":{"rendered":"http:\/\/particuliers.cinier-b.com\/produit\/calendula-bio-huile-de-maceration\/"},"modified":"2025-12-10T16:33:47","modified_gmt":"2025-12-10T15:33:47","slug":"huile-vegetale-de-calendula-bio","status":"publish","type":"product","link":"https:\/\/cinier-b.com\/particuliers\/boutique\/soins-corporels-frictions-de-sante\/huiles-vegetales\/huiles-vegetales-pour-le-soin-et-la-beaute\/huile-vegetale-de-calendula-bio\/","title":{"rendered":"Huile V\u00e9g\u00e9tale | CALENDULA BIO | Contre Les Rougeurs Et Les Irritations"},"content":{"rendered":"<p style=\"text-align: justify;\">L&rsquo;huile v\u00e9g\u00e9tale de Calendula est un mac\u00e9rat huileux obtenu par mac\u00e9ration des sommit\u00e9s fleuries du Calendula Biologique fra\u00eechement r\u00e9colt\u00e9 dans de l&rsquo;huile de Tournesol Biologique<strong>, enrichi en vitamine E<\/strong>. <strong>Adoucissante, calmante, elle est recommand\u00e9e contre les rougeurs, les irritations cutan\u00e9es et les piqures d\u2019insectes.<\/strong><\/p>\n<p>Elle est 100% pure et naturelle, d&rsquo;origine France.<\/p>\n<p><img decoding=\"async\" class=\" size-full wp-image-94\" src=\"https:\/\/cinier-b.com\/particuliers\/wp-content\/uploads\/2009\/01\/ECOCERT-AB.jpg\" alt=\"alt\" width=\"80\" height=\"31\" border=\"0\" srcset=\"https:\/\/cinier-b.com\/particuliers\/wp-content\/uploads\/2009\/01\/ECOCERT-AB.jpg 80w, https:\/\/cinier-b.com\/particuliers\/wp-content\/uploads\/2009\/01\/ECOCERT-AB-64x25.jpg 64w\" sizes=\"(max-width: 80px) 100vw, 80px\" \/>Les produits portant la mention BIO sont issus de l&rsquo;Agriculture Biologique et certifi\u00e9s par ECOCERT FR-BIO-01<\/p>\n","protected":false},"excerpt":{"rendered":"<p><b>Contre les rougeurs et les irritations.<\/b><\/p>\n<p><strong>Le + Cinier B :<\/strong><\/p>\n<ul>\n<li>Exp\u00e9di\u00e9 dans les 24h<\/li>\n<\/ul>\n<ul>\n<li>Livraison standard en offerte \u00e0 partir de 60\u20ac d&rsquo;achats (France m\u00e9tropolitaine)<\/li>\n<\/ul>\n<p>Flacon verre capsule charni\u00e8re 50ml<\/p>\n","protected":false},"featured_media":11864,"template":"","meta":[],"product_brand":[],"product_cat":[37,39],"product_tag":[],"class_list":{"0":"post-145","1":"product","2":"type-product","3":"status-publish","4":"has-post-thumbnail","6":"product_cat-huiles-vegetales","7":"product_cat-huiles-vegetales-pour-le-soin-et-la-beaute","9":"first","10":"instock","11":"featured","12":"taxable","13":"shipping-taxable","14":"purchasable","15":"product-type-simple"},"yoast_head":"<!-- This site is optimized with the Yoast SEO plugin v25.5 - https:\/\/yoast.com\/wordpress\/plugins\/seo\/ -->\n<title>Huile V\u00e9g\u00e9tale de Calendula Bio - Particuliers - Cinier-B Laboratoires<\/title>\n<meta name=\"description\" content=\"L&#039;huile v\u00e9g\u00e9tale de Calendula est un mac\u00e9rat huileux obtenu par mac\u00e9ration des sommit\u00e9s fleuries du Calendula Biologique fra\u00eechement r\u00e9colt\u00e9 dans de l&#039;huile de Tournesol Biologique, enrichi en vitamine E.Elle est 100% pure et naturelle sans aucun autre additif, d&#039;origine France certifi\u00e9e.\" \/>\n<meta name=\"robots\" content=\"index, follow, max-snippet:-1, max-image-preview:large, max-video-preview:-1\" \/>\n<link rel=\"canonical\" href=\"https:\/\/cinier-b.com\/particuliers\/boutique\/soins-corporels-frictions-de-sante\/huiles-vegetales\/huiles-vegetales-pour-le-soin-et-la-beaute\/huile-vegetale-de-calendula-bio\/\" \/>\n<meta property=\"og:locale\" content=\"fr_FR\" \/>\n<meta property=\"og:type\" content=\"article\" \/>\n<meta property=\"og:title\" content=\"Huile V\u00e9g\u00e9tale de Calendula Bio - Particuliers - Cinier-B Laboratoires\" \/>\n<meta property=\"og:description\" content=\"L&#039;huile v\u00e9g\u00e9tale de Calendula est un mac\u00e9rat huileux obtenu par mac\u00e9ration des sommit\u00e9s fleuries du Calendula Biologique fra\u00eechement r\u00e9colt\u00e9 dans de l&#039;huile de Tournesol Biologique, enrichi en vitamine E.Elle est 100% pure et naturelle sans aucun autre additif, d&#039;origine France certifi\u00e9e.\" \/>\n<meta property=\"og:url\" content=\"https:\/\/cinier-b.com\/particuliers\/boutique\/soins-corporels-frictions-de-sante\/huiles-vegetales\/huiles-vegetales-pour-le-soin-et-la-beaute\/huile-vegetale-de-calendula-bio\/\" \/>\n<meta property=\"og:site_name\" content=\"Particuliers - Cinier-B Laboratoires\" \/>\n<meta property=\"article:modified_time\" content=\"2025-12-10T15:33:47+00:00\" \/>\n<meta property=\"og:image\" content=\"https:\/\/cinier-b.com\/particuliers\/wp-content\/uploads\/2009\/01\/les-packs-64.png\" \/>\n\t<meta property=\"og:image:width\" content=\"1080\" \/>\n\t<meta property=\"og:image:height\" content=\"1080\" \/>\n\t<meta property=\"og:image:type\" content=\"image\/png\" \/>\n<meta name=\"twitter:card\" content=\"summary_large_image\" \/>\n<script type=\"application\/ld+json\" class=\"yoast-schema-graph\">{\"@context\":\"https:\/\/schema.org\",\"@graph\":[{\"@type\":\"WebPage\",\"@id\":\"https:\/\/cinier-b.com\/particuliers\/boutique\/soins-corporels-frictions-de-sante\/huiles-vegetales\/huiles-vegetales-pour-le-soin-et-la-beaute\/huile-vegetale-de-calendula-bio\/\",\"url\":\"https:\/\/cinier-b.com\/particuliers\/boutique\/soins-corporels-frictions-de-sante\/huiles-vegetales\/huiles-vegetales-pour-le-soin-et-la-beaute\/huile-vegetale-de-calendula-bio\/\",\"name\":\"Huile V\u00e9g\u00e9tale de Calendula Bio - Particuliers - Cinier-B Laboratoires\",\"isPartOf\":{\"@id\":\"https:\/\/cinier-b.com\/particuliers\/#website\"},\"primaryImageOfPage\":{\"@id\":\"https:\/\/cinier-b.com\/particuliers\/boutique\/soins-corporels-frictions-de-sante\/huiles-vegetales\/huiles-vegetales-pour-le-soin-et-la-beaute\/huile-vegetale-de-calendula-bio\/#primaryimage\"},\"image\":{\"@id\":\"https:\/\/cinier-b.com\/particuliers\/boutique\/soins-corporels-frictions-de-sante\/huiles-vegetales\/huiles-vegetales-pour-le-soin-et-la-beaute\/huile-vegetale-de-calendula-bio\/#primaryimage\"},\"thumbnailUrl\":\"https:\/\/cinier-b.com\/particuliers\/wp-content\/uploads\/2009\/01\/les-packs-64.png\",\"datePublished\":\"2009-01-21T18:14:28+00:00\",\"dateModified\":\"2025-12-10T15:33:47+00:00\",\"description\":\"L'huile v\u00e9g\u00e9tale de Calendula est un mac\u00e9rat huileux obtenu par mac\u00e9ration des sommit\u00e9s fleuries du Calendula Biologique fra\u00eechement r\u00e9colt\u00e9 dans de l'huile de Tournesol Biologique, enrichi en vitamine E.Elle est 100% pure et naturelle sans aucun autre additif, d'origine France certifi\u00e9e.\",\"breadcrumb\":{\"@id\":\"https:\/\/cinier-b.com\/particuliers\/boutique\/soins-corporels-frictions-de-sante\/huiles-vegetales\/huiles-vegetales-pour-le-soin-et-la-beaute\/huile-vegetale-de-calendula-bio\/#breadcrumb\"},\"inLanguage\":\"fr-FR\",\"potentialAction\":[{\"@type\":\"ReadAction\",\"target\":[\"https:\/\/cinier-b.com\/particuliers\/boutique\/soins-corporels-frictions-de-sante\/huiles-vegetales\/huiles-vegetales-pour-le-soin-et-la-beaute\/huile-vegetale-de-calendula-bio\/\"]}]},{\"@type\":\"ImageObject\",\"inLanguage\":\"fr-FR\",\"@id\":\"https:\/\/cinier-b.com\/particuliers\/boutique\/soins-corporels-frictions-de-sante\/huiles-vegetales\/huiles-vegetales-pour-le-soin-et-la-beaute\/huile-vegetale-de-calendula-bio\/#primaryimage\",\"url\":\"https:\/\/cinier-b.com\/particuliers\/wp-content\/uploads\/2009\/01\/les-packs-64.png\",\"contentUrl\":\"https:\/\/cinier-b.com\/particuliers\/wp-content\/uploads\/2009\/01\/les-packs-64.png\",\"width\":1080,\"height\":1080},{\"@type\":\"BreadcrumbList\",\"@id\":\"https:\/\/cinier-b.com\/particuliers\/boutique\/soins-corporels-frictions-de-sante\/huiles-vegetales\/huiles-vegetales-pour-le-soin-et-la-beaute\/huile-vegetale-de-calendula-bio\/#breadcrumb\",\"itemListElement\":[{\"@type\":\"ListItem\",\"position\":1,\"name\":\"Accueil\",\"item\":\"https:\/\/cinier-b.com\/particuliers\/soins-naturels-particuliers\/\"},{\"@type\":\"ListItem\",\"position\":2,\"name\":\"Boutique\",\"item\":\"https:\/\/cinier-b.com\/particuliers\/boutique\/\"},{\"@type\":\"ListItem\",\"position\":3,\"name\":\"Huile V\u00e9g\u00e9tale | CALENDULA BIO | Contre Les Rougeurs Et Les Irritations\"}]},{\"@type\":\"WebSite\",\"@id\":\"https:\/\/cinier-b.com\/particuliers\/#website\",\"url\":\"https:\/\/cinier-b.com\/particuliers\/\",\"name\":\"Particuliers - Cinier-B Laboratoires\",\"description\":\"Aromatherapie et podologie\",\"potentialAction\":[{\"@type\":\"SearchAction\",\"target\":{\"@type\":\"EntryPoint\",\"urlTemplate\":\"https:\/\/cinier-b.com\/particuliers\/?s={search_term_string}\"},\"query-input\":{\"@type\":\"PropertyValueSpecification\",\"valueRequired\":true,\"valueName\":\"search_term_string\"}}],\"inLanguage\":\"fr-FR\"}]}<\/script>\n<!-- \/ Yoast SEO plugin. -->","yoast_head_json":{"title":"Huile V\u00e9g\u00e9tale de Calendula Bio - Particuliers - Cinier-B Laboratoires","description":"L'huile v\u00e9g\u00e9tale de Calendula est un mac\u00e9rat huileux obtenu par mac\u00e9ration des sommit\u00e9s fleuries du Calendula Biologique fra\u00eechement r\u00e9colt\u00e9 dans de l'huile de Tournesol Biologique, enrichi en vitamine E.Elle est 100% pure et naturelle sans aucun autre additif, d'origine France certifi\u00e9e.","robots":{"index":"index","follow":"follow","max-snippet":"max-snippet:-1","max-image-preview":"max-image-preview:large","max-video-preview":"max-video-preview:-1"},"canonical":"https:\/\/cinier-b.com\/particuliers\/boutique\/soins-corporels-frictions-de-sante\/huiles-vegetales\/huiles-vegetales-pour-le-soin-et-la-beaute\/huile-vegetale-de-calendula-bio\/","og_locale":"fr_FR","og_type":"article","og_title":"Huile V\u00e9g\u00e9tale de Calendula Bio - Particuliers - Cinier-B Laboratoires","og_description":"L'huile v\u00e9g\u00e9tale de Calendula est un mac\u00e9rat huileux obtenu par mac\u00e9ration des sommit\u00e9s fleuries du Calendula Biologique fra\u00eechement r\u00e9colt\u00e9 dans de l'huile de Tournesol Biologique, enrichi en vitamine E.Elle est 100% pure et naturelle sans aucun autre additif, d'origine France certifi\u00e9e.","og_url":"https:\/\/cinier-b.com\/particuliers\/boutique\/soins-corporels-frictions-de-sante\/huiles-vegetales\/huiles-vegetales-pour-le-soin-et-la-beaute\/huile-vegetale-de-calendula-bio\/","og_site_name":"Particuliers - Cinier-B Laboratoires","article_modified_time":"2025-12-10T15:33:47+00:00","og_image":[{"width":1080,"height":1080,"url":"https:\/\/cinier-b.com\/particuliers\/wp-content\/uploads\/2009\/01\/les-packs-64.png","type":"image\/png"}],"twitter_card":"summary_large_image","schema":{"@context":"https:\/\/schema.org","@graph":[{"@type":"WebPage","@id":"https:\/\/cinier-b.com\/particuliers\/boutique\/soins-corporels-frictions-de-sante\/huiles-vegetales\/huiles-vegetales-pour-le-soin-et-la-beaute\/huile-vegetale-de-calendula-bio\/","url":"https:\/\/cinier-b.com\/particuliers\/boutique\/soins-corporels-frictions-de-sante\/huiles-vegetales\/huiles-vegetales-pour-le-soin-et-la-beaute\/huile-vegetale-de-calendula-bio\/","name":"Huile V\u00e9g\u00e9tale de Calendula Bio - Particuliers - Cinier-B Laboratoires","isPartOf":{"@id":"https:\/\/cinier-b.com\/particuliers\/#website"},"primaryImageOfPage":{"@id":"https:\/\/cinier-b.com\/particuliers\/boutique\/soins-corporels-frictions-de-sante\/huiles-vegetales\/huiles-vegetales-pour-le-soin-et-la-beaute\/huile-vegetale-de-calendula-bio\/#primaryimage"},"image":{"@id":"https:\/\/cinier-b.com\/particuliers\/boutique\/soins-corporels-frictions-de-sante\/huiles-vegetales\/huiles-vegetales-pour-le-soin-et-la-beaute\/huile-vegetale-de-calendula-bio\/#primaryimage"},"thumbnailUrl":"https:\/\/cinier-b.com\/particuliers\/wp-content\/uploads\/2009\/01\/les-packs-64.png","datePublished":"2009-01-21T18:14:28+00:00","dateModified":"2025-12-10T15:33:47+00:00","description":"L'huile v\u00e9g\u00e9tale de Calendula est un mac\u00e9rat huileux obtenu par mac\u00e9ration des sommit\u00e9s fleuries du Calendula Biologique fra\u00eechement r\u00e9colt\u00e9 dans de l'huile de Tournesol Biologique, enrichi en vitamine E.Elle est 100% pure et naturelle sans aucun autre additif, d'origine France certifi\u00e9e.","breadcrumb":{"@id":"https:\/\/cinier-b.com\/particuliers\/boutique\/soins-corporels-frictions-de-sante\/huiles-vegetales\/huiles-vegetales-pour-le-soin-et-la-beaute\/huile-vegetale-de-calendula-bio\/#breadcrumb"},"inLanguage":"fr-FR","potentialAction":[{"@type":"ReadAction","target":["https:\/\/cinier-b.com\/particuliers\/boutique\/soins-corporels-frictions-de-sante\/huiles-vegetales\/huiles-vegetales-pour-le-soin-et-la-beaute\/huile-vegetale-de-calendula-bio\/"]}]},{"@type":"ImageObject","inLanguage":"fr-FR","@id":"https:\/\/cinier-b.com\/particuliers\/boutique\/soins-corporels-frictions-de-sante\/huiles-vegetales\/huiles-vegetales-pour-le-soin-et-la-beaute\/huile-vegetale-de-calendula-bio\/#primaryimage","url":"https:\/\/cinier-b.com\/particuliers\/wp-content\/uploads\/2009\/01\/les-packs-64.png","contentUrl":"https:\/\/cinier-b.com\/particuliers\/wp-content\/uploads\/2009\/01\/les-packs-64.png","width":1080,"height":1080},{"@type":"BreadcrumbList","@id":"https:\/\/cinier-b.com\/particuliers\/boutique\/soins-corporels-frictions-de-sante\/huiles-vegetales\/huiles-vegetales-pour-le-soin-et-la-beaute\/huile-vegetale-de-calendula-bio\/#breadcrumb","itemListElement":[{"@type":"ListItem","position":1,"name":"Accueil","item":"https:\/\/cinier-b.com\/particuliers\/soins-naturels-particuliers\/"},{"@type":"ListItem","position":2,"name":"Boutique","item":"https:\/\/cinier-b.com\/particuliers\/boutique\/"},{"@type":"ListItem","position":3,"name":"Huile V\u00e9g\u00e9tale | CALENDULA BIO | Contre Les Rougeurs Et Les Irritations"}]},{"@type":"WebSite","@id":"https:\/\/cinier-b.com\/particuliers\/#website","url":"https:\/\/cinier-b.com\/particuliers\/","name":"Particuliers - Cinier-B Laboratoires","description":"Aromatherapie et podologie","potentialAction":[{"@type":"SearchAction","target":{"@type":"EntryPoint","urlTemplate":"https:\/\/cinier-b.com\/particuliers\/?s={search_term_string}"},"query-input":{"@type":"PropertyValueSpecification","valueRequired":true,"valueName":"search_term_string"}}],"inLanguage":"fr-FR"}]}},"_links":{"self":[{"href":"https:\/\/cinier-b.com\/particuliers\/wp-json\/wp\/v2\/product\/145","targetHints":{"allow":["GET"]}}],"collection":[{"href":"https:\/\/cinier-b.com\/particuliers\/wp-json\/wp\/v2\/product"}],"about":[{"href":"https:\/\/cinier-b.com\/particuliers\/wp-json\/wp\/v2\/types\/product"}],"wp:featuredmedia":[{"embeddable":true,"href":"https:\/\/cinier-b.com\/particuliers\/wp-json\/wp\/v2\/media\/11864"}],"wp:attachment":[{"href":"https:\/\/cinier-b.com\/particuliers\/wp-json\/wp\/v2\/media?parent=145"}],"wp:term":[{"taxonomy":"product_brand","embeddable":true,"href":"https:\/\/cinier-b.com\/particuliers\/wp-json\/wp\/v2\/product_brand?post=145"},{"taxonomy":"product_cat","embeddable":true,"href":"https:\/\/cinier-b.com\/particuliers\/wp-json\/wp\/v2\/product_cat?post=145"},{"taxonomy":"product_tag","embeddable":true,"href":"https:\/\/cinier-b.com\/particuliers\/wp-json\/wp\/v2\/product_tag?post=145"}],"curies":[{"name":"wp","href":"https:\/\/api.w.org\/{rel}","templated":true}]}}