{"id":143,"date":"2009-01-21T19:14:28","date_gmt":"2009-01-21T18:14:28","guid":{"rendered":"http:\/\/particuliers.cinier-b.com\/produit\/arnica-bio-huile-de-maceration\/"},"modified":"2023-05-16T10:19:27","modified_gmt":"2023-05-16T09:19:27","slug":"huile-vegetale-arnica-bio","status":"publish","type":"product","link":"https:\/\/cinier-b.com\/particuliers\/boutique\/soins-corporels-frictions-de-sante\/huiles-vegetales\/huiles-vegetales-pour-le-soin-et-la-beaute\/huile-vegetale-arnica-bio\/","title":{"rendered":"Huile V\u00e9g\u00e9tale | ARNICA BIO | Alli\u00e9e Des Sportifs"},"content":{"rendered":"<p><em>Originaire du sud de la Russie, d&rsquo;Europe et des montagnes centrales des Am\u00e9riques, arnica, plante vivace, est traditionnellement utilis\u00e9e en phytoth\u00e9rapie pour traiter les inflammations locales traumatiques ou infectieuses. Elle a de riches principes anti-inflammatoires et analg\u00e9siques et est utilis\u00e9 dans l&rsquo;industrie pharmaceutique pour produire des onguents. Elle est g\u00e9n\u00e9ralement prescrit en traumatologie et en m\u00e9decine du sport. Les nombreux surnoms qui lui sont donn\u00e9s indiquent qu&rsquo;elle est largement utilis\u00e9e depuis des si\u00e8cles pour soigner les bosses, foulures et entorses et faire dispara\u00eetre les ecchymoses. L&rsquo;arnica est une plante de montagne \u00e0 fleurs jaunes de la famille des ast\u00e9rac\u00e9es. Plus pr\u00e9cis\u00e9ment, on le trouve dans les p\u00e2turages entre 1 200 et 2 800 m\u00e8tres d&rsquo;altitude, en France (Vosges, Alpes, Massif central, Pyr\u00e9n\u00e9es) et en Europe centrale et septentrionale (jusqu&rsquo;\u00e0 la Sib\u00e9rie). Elle pousse sur un sol siliceux riche en nutriments.<\/em><\/p>\n<blockquote>\n<h6 style=\"text-align: justify\"><strong>PROPRI\u00c9T\u00c9S<\/strong><\/h6>\n<\/blockquote>\n<p>En tant qu&rsquo;ingr\u00e9dient cosm\u00e9tique, le mac\u00e9rat d&rsquo;huile d&rsquo;arnica biologique pr\u00e9sente les caract\u00e9ristiques suivantes:<\/p>\n<ul>\n<li>L&rsquo;arnica est riche en puissants compos\u00e9s anti-inflammatoires. Il est recommand\u00e9 d&rsquo;utiliser son infusion huileuse en compl\u00e9ment du soin apaisant<\/li>\n<li>Il r\u00e9duit la formation d&rsquo;ecchymoses et favorise leur absorption<\/li>\n<li>Apaise et soulage les zones douloureuses<\/li>\n<li>Riche en principes actifs antioxydants, il peut combattre les signes du vieillissement.<\/li>\n<\/ul>\n<hr \/>\n<blockquote>\n<h6 class=\"sous-titre\">INDICATIONS<\/h6>\n<\/blockquote>\n<ul>\n<li>Ecchymoses, coups, contusions<\/li>\n<li>Inconfort musculaire et articulaire, entorses, rhumatismes, arthrose<\/li>\n<li>Inconfort de la bouche ou de la gorge (extraction dentaire &#8230;)<\/li>\n<\/ul>\n<hr \/>\n<p><img decoding=\"async\" class=\" size-full wp-image-94\" src=\"https:\/\/cinier-b.com\/particuliers\/wp-content\/uploads\/2009\/01\/ECOCERT-AB.jpg\" alt=\"alt\" width=\"80\" height=\"31\" border=\"0\" srcset=\"https:\/\/cinier-b.com\/particuliers\/wp-content\/uploads\/2009\/01\/ECOCERT-AB.jpg 80w, https:\/\/cinier-b.com\/particuliers\/wp-content\/uploads\/2009\/01\/ECOCERT-AB-64x25.jpg 64w\" sizes=\"(max-width: 80px) 100vw, 80px\" \/>Les produits portant la mention BIO sont issus de l&rsquo;Agriculture Biologique et certifi\u00e9s par ECOCERT FR-BIO-01<\/p>\n","protected":false},"excerpt":{"rendered":"<p><strong>Apaise et soulage les zones douloureuses<\/strong><\/p>\n<p><strong>Le + Cinier B :<\/strong><\/p>\n<ul>\n<li>Exp\u00e9di\u00e9 dans les 24h (sauf le week-end pardi !)<\/li>\n<\/ul>\n<ul>\n<li>Livraison standard offerte \u00e0 partir de 60\u20ac d&rsquo;achats (France m\u00e9tropolitaine)<\/li>\n<\/ul>\n<p>Flacon verre capsule charni\u00e8re 50ml<\/p>\n","protected":false},"featured_media":9894,"template":"","meta":[],"product_brand":[],"product_cat":[109,37,39],"product_tag":[],"class_list":{"0":"post-143","1":"product","2":"type-product","3":"status-publish","4":"has-post-thumbnail","6":"product_cat-perdre-du-poids-naturellement-faire-attention-a-sa-ligne","7":"product_cat-huiles-vegetales","8":"product_cat-huiles-vegetales-pour-le-soin-et-la-beaute","10":"first","11":"instock","12":"featured","13":"taxable","14":"shipping-taxable","15":"purchasable","16":"product-type-simple"},"yoast_head":"<!-- This site is optimized with the Yoast SEO plugin v25.5 - https:\/\/yoast.com\/wordpress\/plugins\/seo\/ -->\n<title>Huile V\u00e9g\u00e9tale Arnica Bio - Particuliers - Cinier-B Laboratoires<\/title>\n<meta name=\"description\" content=\"L&#039;arnica est r\u00e9put\u00e9e comme la plante de choix pour les h\u00e9matomes. Alli\u00e9 des sportifs, ce mac\u00e9r\u00e2t aux propri\u00e9t\u00e9s calmantes est g\u00e9n\u00e9ralement utilis\u00e9 avant ou apr\u00e8s des exercices.\" \/>\n<meta name=\"robots\" content=\"index, follow, max-snippet:-1, max-image-preview:large, max-video-preview:-1\" \/>\n<link rel=\"canonical\" href=\"https:\/\/cinier-b.com\/particuliers\/boutique\/soins-corporels-frictions-de-sante\/huiles-vegetales\/huiles-vegetales-pour-le-soin-et-la-beaute\/huile-vegetale-arnica-bio\/\" \/>\n<meta property=\"og:locale\" content=\"fr_FR\" \/>\n<meta property=\"og:type\" content=\"article\" \/>\n<meta property=\"og:title\" content=\"Huile V\u00e9g\u00e9tale Arnica Bio - Particuliers - Cinier-B Laboratoires\" \/>\n<meta property=\"og:description\" content=\"L&#039;arnica est r\u00e9put\u00e9e comme la plante de choix pour les h\u00e9matomes. Alli\u00e9 des sportifs, ce mac\u00e9r\u00e2t aux propri\u00e9t\u00e9s calmantes est g\u00e9n\u00e9ralement utilis\u00e9 avant ou apr\u00e8s des exercices.\" \/>\n<meta property=\"og:url\" content=\"https:\/\/cinier-b.com\/particuliers\/boutique\/soins-corporels-frictions-de-sante\/huiles-vegetales\/huiles-vegetales-pour-le-soin-et-la-beaute\/huile-vegetale-arnica-bio\/\" \/>\n<meta property=\"og:site_name\" content=\"Particuliers - Cinier-B Laboratoires\" \/>\n<meta property=\"article:modified_time\" content=\"2023-05-16T09:19:27+00:00\" \/>\n<meta property=\"og:image\" content=\"https:\/\/cinier-b.com\/particuliers\/wp-content\/uploads\/2009\/01\/HV-arnica.png\" \/>\n\t<meta property=\"og:image:width\" content=\"1080\" \/>\n\t<meta property=\"og:image:height\" content=\"1080\" \/>\n\t<meta property=\"og:image:type\" content=\"image\/png\" \/>\n<meta name=\"twitter:card\" content=\"summary_large_image\" \/>\n<meta name=\"twitter:label1\" content=\"Dur\u00e9e de lecture estim\u00e9e\" \/>\n\t<meta name=\"twitter:data1\" content=\"2 minutes\" \/>\n<script type=\"application\/ld+json\" class=\"yoast-schema-graph\">{\"@context\":\"https:\/\/schema.org\",\"@graph\":[{\"@type\":\"WebPage\",\"@id\":\"https:\/\/cinier-b.com\/particuliers\/boutique\/soins-corporels-frictions-de-sante\/huiles-vegetales\/huiles-vegetales-pour-le-soin-et-la-beaute\/huile-vegetale-arnica-bio\/\",\"url\":\"https:\/\/cinier-b.com\/particuliers\/boutique\/soins-corporels-frictions-de-sante\/huiles-vegetales\/huiles-vegetales-pour-le-soin-et-la-beaute\/huile-vegetale-arnica-bio\/\",\"name\":\"Huile V\u00e9g\u00e9tale Arnica Bio - Particuliers - Cinier-B Laboratoires\",\"isPartOf\":{\"@id\":\"https:\/\/cinier-b.com\/particuliers\/#website\"},\"primaryImageOfPage\":{\"@id\":\"https:\/\/cinier-b.com\/particuliers\/boutique\/soins-corporels-frictions-de-sante\/huiles-vegetales\/huiles-vegetales-pour-le-soin-et-la-beaute\/huile-vegetale-arnica-bio\/#primaryimage\"},\"image\":{\"@id\":\"https:\/\/cinier-b.com\/particuliers\/boutique\/soins-corporels-frictions-de-sante\/huiles-vegetales\/huiles-vegetales-pour-le-soin-et-la-beaute\/huile-vegetale-arnica-bio\/#primaryimage\"},\"thumbnailUrl\":\"https:\/\/cinier-b.com\/particuliers\/wp-content\/uploads\/2009\/01\/HV-arnica.png\",\"datePublished\":\"2009-01-21T18:14:28+00:00\",\"dateModified\":\"2023-05-16T09:19:27+00:00\",\"description\":\"L'arnica est r\u00e9put\u00e9e comme la plante de choix pour les h\u00e9matomes. Alli\u00e9 des sportifs, ce mac\u00e9r\u00e2t aux propri\u00e9t\u00e9s calmantes est g\u00e9n\u00e9ralement utilis\u00e9 avant ou apr\u00e8s des exercices.\",\"breadcrumb\":{\"@id\":\"https:\/\/cinier-b.com\/particuliers\/boutique\/soins-corporels-frictions-de-sante\/huiles-vegetales\/huiles-vegetales-pour-le-soin-et-la-beaute\/huile-vegetale-arnica-bio\/#breadcrumb\"},\"inLanguage\":\"fr-FR\",\"potentialAction\":[{\"@type\":\"ReadAction\",\"target\":[\"https:\/\/cinier-b.com\/particuliers\/boutique\/soins-corporels-frictions-de-sante\/huiles-vegetales\/huiles-vegetales-pour-le-soin-et-la-beaute\/huile-vegetale-arnica-bio\/\"]}]},{\"@type\":\"ImageObject\",\"inLanguage\":\"fr-FR\",\"@id\":\"https:\/\/cinier-b.com\/particuliers\/boutique\/soins-corporels-frictions-de-sante\/huiles-vegetales\/huiles-vegetales-pour-le-soin-et-la-beaute\/huile-vegetale-arnica-bio\/#primaryimage\",\"url\":\"https:\/\/cinier-b.com\/particuliers\/wp-content\/uploads\/2009\/01\/HV-arnica.png\",\"contentUrl\":\"https:\/\/cinier-b.com\/particuliers\/wp-content\/uploads\/2009\/01\/HV-arnica.png\",\"width\":1080,\"height\":1080},{\"@type\":\"BreadcrumbList\",\"@id\":\"https:\/\/cinier-b.com\/particuliers\/boutique\/soins-corporels-frictions-de-sante\/huiles-vegetales\/huiles-vegetales-pour-le-soin-et-la-beaute\/huile-vegetale-arnica-bio\/#breadcrumb\",\"itemListElement\":[{\"@type\":\"ListItem\",\"position\":1,\"name\":\"Accueil\",\"item\":\"https:\/\/cinier-b.com\/particuliers\/soins-naturels-particuliers\/\"},{\"@type\":\"ListItem\",\"position\":2,\"name\":\"Boutique\",\"item\":\"https:\/\/cinier-b.com\/particuliers\/boutique\/\"},{\"@type\":\"ListItem\",\"position\":3,\"name\":\"Huile V\u00e9g\u00e9tale | ARNICA BIO | Alli\u00e9e Des Sportifs\"}]},{\"@type\":\"WebSite\",\"@id\":\"https:\/\/cinier-b.com\/particuliers\/#website\",\"url\":\"https:\/\/cinier-b.com\/particuliers\/\",\"name\":\"Particuliers - Cinier-B Laboratoires\",\"description\":\"Aromatherapie et podologie\",\"potentialAction\":[{\"@type\":\"SearchAction\",\"target\":{\"@type\":\"EntryPoint\",\"urlTemplate\":\"https:\/\/cinier-b.com\/particuliers\/?s={search_term_string}\"},\"query-input\":{\"@type\":\"PropertyValueSpecification\",\"valueRequired\":true,\"valueName\":\"search_term_string\"}}],\"inLanguage\":\"fr-FR\"}]}<\/script>\n<!-- \/ Yoast SEO plugin. -->","yoast_head_json":{"title":"Huile V\u00e9g\u00e9tale Arnica Bio - Particuliers - Cinier-B Laboratoires","description":"L'arnica est r\u00e9put\u00e9e comme la plante de choix pour les h\u00e9matomes. Alli\u00e9 des sportifs, ce mac\u00e9r\u00e2t aux propri\u00e9t\u00e9s calmantes est g\u00e9n\u00e9ralement utilis\u00e9 avant ou apr\u00e8s des exercices.","robots":{"index":"index","follow":"follow","max-snippet":"max-snippet:-1","max-image-preview":"max-image-preview:large","max-video-preview":"max-video-preview:-1"},"canonical":"https:\/\/cinier-b.com\/particuliers\/boutique\/soins-corporels-frictions-de-sante\/huiles-vegetales\/huiles-vegetales-pour-le-soin-et-la-beaute\/huile-vegetale-arnica-bio\/","og_locale":"fr_FR","og_type":"article","og_title":"Huile V\u00e9g\u00e9tale Arnica Bio - Particuliers - Cinier-B Laboratoires","og_description":"L'arnica est r\u00e9put\u00e9e comme la plante de choix pour les h\u00e9matomes. Alli\u00e9 des sportifs, ce mac\u00e9r\u00e2t aux propri\u00e9t\u00e9s calmantes est g\u00e9n\u00e9ralement utilis\u00e9 avant ou apr\u00e8s des exercices.","og_url":"https:\/\/cinier-b.com\/particuliers\/boutique\/soins-corporels-frictions-de-sante\/huiles-vegetales\/huiles-vegetales-pour-le-soin-et-la-beaute\/huile-vegetale-arnica-bio\/","og_site_name":"Particuliers - Cinier-B Laboratoires","article_modified_time":"2023-05-16T09:19:27+00:00","og_image":[{"width":1080,"height":1080,"url":"https:\/\/cinier-b.com\/particuliers\/wp-content\/uploads\/2009\/01\/HV-arnica.png","type":"image\/png"}],"twitter_card":"summary_large_image","twitter_misc":{"Dur\u00e9e de lecture estim\u00e9e":"2 minutes"},"schema":{"@context":"https:\/\/schema.org","@graph":[{"@type":"WebPage","@id":"https:\/\/cinier-b.com\/particuliers\/boutique\/soins-corporels-frictions-de-sante\/huiles-vegetales\/huiles-vegetales-pour-le-soin-et-la-beaute\/huile-vegetale-arnica-bio\/","url":"https:\/\/cinier-b.com\/particuliers\/boutique\/soins-corporels-frictions-de-sante\/huiles-vegetales\/huiles-vegetales-pour-le-soin-et-la-beaute\/huile-vegetale-arnica-bio\/","name":"Huile V\u00e9g\u00e9tale Arnica Bio - Particuliers - Cinier-B Laboratoires","isPartOf":{"@id":"https:\/\/cinier-b.com\/particuliers\/#website"},"primaryImageOfPage":{"@id":"https:\/\/cinier-b.com\/particuliers\/boutique\/soins-corporels-frictions-de-sante\/huiles-vegetales\/huiles-vegetales-pour-le-soin-et-la-beaute\/huile-vegetale-arnica-bio\/#primaryimage"},"image":{"@id":"https:\/\/cinier-b.com\/particuliers\/boutique\/soins-corporels-frictions-de-sante\/huiles-vegetales\/huiles-vegetales-pour-le-soin-et-la-beaute\/huile-vegetale-arnica-bio\/#primaryimage"},"thumbnailUrl":"https:\/\/cinier-b.com\/particuliers\/wp-content\/uploads\/2009\/01\/HV-arnica.png","datePublished":"2009-01-21T18:14:28+00:00","dateModified":"2023-05-16T09:19:27+00:00","description":"L'arnica est r\u00e9put\u00e9e comme la plante de choix pour les h\u00e9matomes. Alli\u00e9 des sportifs, ce mac\u00e9r\u00e2t aux propri\u00e9t\u00e9s calmantes est g\u00e9n\u00e9ralement utilis\u00e9 avant ou apr\u00e8s des exercices.","breadcrumb":{"@id":"https:\/\/cinier-b.com\/particuliers\/boutique\/soins-corporels-frictions-de-sante\/huiles-vegetales\/huiles-vegetales-pour-le-soin-et-la-beaute\/huile-vegetale-arnica-bio\/#breadcrumb"},"inLanguage":"fr-FR","potentialAction":[{"@type":"ReadAction","target":["https:\/\/cinier-b.com\/particuliers\/boutique\/soins-corporels-frictions-de-sante\/huiles-vegetales\/huiles-vegetales-pour-le-soin-et-la-beaute\/huile-vegetale-arnica-bio\/"]}]},{"@type":"ImageObject","inLanguage":"fr-FR","@id":"https:\/\/cinier-b.com\/particuliers\/boutique\/soins-corporels-frictions-de-sante\/huiles-vegetales\/huiles-vegetales-pour-le-soin-et-la-beaute\/huile-vegetale-arnica-bio\/#primaryimage","url":"https:\/\/cinier-b.com\/particuliers\/wp-content\/uploads\/2009\/01\/HV-arnica.png","contentUrl":"https:\/\/cinier-b.com\/particuliers\/wp-content\/uploads\/2009\/01\/HV-arnica.png","width":1080,"height":1080},{"@type":"BreadcrumbList","@id":"https:\/\/cinier-b.com\/particuliers\/boutique\/soins-corporels-frictions-de-sante\/huiles-vegetales\/huiles-vegetales-pour-le-soin-et-la-beaute\/huile-vegetale-arnica-bio\/#breadcrumb","itemListElement":[{"@type":"ListItem","position":1,"name":"Accueil","item":"https:\/\/cinier-b.com\/particuliers\/soins-naturels-particuliers\/"},{"@type":"ListItem","position":2,"name":"Boutique","item":"https:\/\/cinier-b.com\/particuliers\/boutique\/"},{"@type":"ListItem","position":3,"name":"Huile V\u00e9g\u00e9tale | ARNICA BIO | Alli\u00e9e Des Sportifs"}]},{"@type":"WebSite","@id":"https:\/\/cinier-b.com\/particuliers\/#website","url":"https:\/\/cinier-b.com\/particuliers\/","name":"Particuliers - Cinier-B Laboratoires","description":"Aromatherapie et podologie","potentialAction":[{"@type":"SearchAction","target":{"@type":"EntryPoint","urlTemplate":"https:\/\/cinier-b.com\/particuliers\/?s={search_term_string}"},"query-input":{"@type":"PropertyValueSpecification","valueRequired":true,"valueName":"search_term_string"}}],"inLanguage":"fr-FR"}]}},"_links":{"self":[{"href":"https:\/\/cinier-b.com\/particuliers\/wp-json\/wp\/v2\/product\/143","targetHints":{"allow":["GET"]}}],"collection":[{"href":"https:\/\/cinier-b.com\/particuliers\/wp-json\/wp\/v2\/product"}],"about":[{"href":"https:\/\/cinier-b.com\/particuliers\/wp-json\/wp\/v2\/types\/product"}],"wp:featuredmedia":[{"embeddable":true,"href":"https:\/\/cinier-b.com\/particuliers\/wp-json\/wp\/v2\/media\/9894"}],"wp:attachment":[{"href":"https:\/\/cinier-b.com\/particuliers\/wp-json\/wp\/v2\/media?parent=143"}],"wp:term":[{"taxonomy":"product_brand","embeddable":true,"href":"https:\/\/cinier-b.com\/particuliers\/wp-json\/wp\/v2\/product_brand?post=143"},{"taxonomy":"product_cat","embeddable":true,"href":"https:\/\/cinier-b.com\/particuliers\/wp-json\/wp\/v2\/product_cat?post=143"},{"taxonomy":"product_tag","embeddable":true,"href":"https:\/\/cinier-b.com\/particuliers\/wp-json\/wp\/v2\/product_tag?post=143"}],"curies":[{"name":"wp","href":"https:\/\/api.w.org\/{rel}","templated":true}]}}