{"id":14057,"date":"2026-05-04T15:02:12","date_gmt":"2026-05-04T14:02:12","guid":{"rendered":"https:\/\/cinier-b.com\/particuliers\/?post_type=product&#038;p=14057"},"modified":"2026-05-04T15:02:15","modified_gmt":"2026-05-04T14:02:15","slug":"coffret-rituel-detente","status":"publish","type":"product","link":"https:\/\/cinier-b.com\/particuliers\/boutique\/nos-packs\/decouvrez-nos-packs\/coffret-rituel-detente\/","title":{"rendered":"Coffret Rituel d\u00e9tente"},"content":{"rendered":"<p><strong>Coffret \u00ab Rituel d\u00e9tente \u00bb &#8211; 48,30 \u20ac au lieu de 60,30 \u20ac<\/strong><\/p>\n<p>Un moment de relaxation \u00e0 la maison :<\/p>\n<ul>\n<li>L\u2019huile d\u00e9contractante, riche en huiles essentielles, apaise les zones de tensions et procure une sensation imm\u00e9diate de bien-\u00eatre<\/li>\n<li>L\u2019hydrolat de rose apporte fra\u00eecheur, douceur et hydratation \u00e0 la peau<\/li>\n<li>Le galet de massage, aide \u00e0 rel\u00e2cher les tensions et favoriser la d\u00e9tente musculaire<\/li>\n<\/ul>\n","protected":false},"excerpt":{"rendered":"<p>Coffret \u00ab Rituel d\u00e9tente \u00bb &#8211; 48,30 \u20ac au lieu de 60,30 \u20ac Un moment de relaxation \u00e0 la maison : L\u2019huile d\u00e9contractante, riche en huiles essentielles, apaise les zones de tensions et procure une sensation imm\u00e9diate de bien-\u00eatre L\u2019hydrolat de rose apporte fra\u00eecheur, douceur et hydratation \u00e0 la peau Le galet de massage, aide [&hellip;]<\/p>\n","protected":false},"featured_media":14058,"template":"","meta":[],"product_brand":[],"product_cat":[174,146,153],"product_tag":[],"class_list":{"0":"post-14057","1":"product","2":"type-product","3":"status-publish","4":"has-post-thumbnail","6":"product_cat-coffrets-fete-des-meres","7":"product_cat-decouvrez-nos-packs","8":"product_cat-nos-packs","10":"first","11":"instock","12":"sale","13":"taxable","14":"shipping-taxable","15":"purchasable","16":"product-type-simple"},"yoast_head":"<!-- This site is optimized with the Yoast SEO plugin v25.5 - https:\/\/yoast.com\/wordpress\/plugins\/seo\/ -->\n<title>Coffret Rituel d\u00e9tente - Particuliers - Cinier-B Laboratoires<\/title>\n<meta name=\"robots\" content=\"index, follow, max-snippet:-1, max-image-preview:large, max-video-preview:-1\" \/>\n<link rel=\"canonical\" href=\"https:\/\/cinier-b.com\/particuliers\/boutique\/nos-packs\/decouvrez-nos-packs\/coffret-rituel-detente\/\" \/>\n<meta property=\"og:locale\" content=\"fr_FR\" \/>\n<meta property=\"og:type\" content=\"article\" \/>\n<meta property=\"og:title\" content=\"Coffret Rituel d\u00e9tente - Particuliers - Cinier-B Laboratoires\" \/>\n<meta property=\"og:description\" content=\"Coffret \u00ab Rituel d\u00e9tente \u00bb &#8211; 48,30 \u20ac au lieu de 60,30 \u20ac Un moment de relaxation \u00e0 la maison : L\u2019huile d\u00e9contractante, riche en huiles essentielles, apaise les zones de tensions et procure une sensation imm\u00e9diate de bien-\u00eatre L\u2019hydrolat de rose apporte fra\u00eecheur, douceur et hydratation \u00e0 la peau Le galet de massage, aide [&hellip;]\" \/>\n<meta property=\"og:url\" content=\"https:\/\/cinier-b.com\/particuliers\/boutique\/nos-packs\/decouvrez-nos-packs\/coffret-rituel-detente\/\" \/>\n<meta property=\"og:site_name\" content=\"Particuliers - Cinier-B Laboratoires\" \/>\n<meta property=\"article:modified_time\" content=\"2026-05-04T14:02:15+00:00\" \/>\n<meta property=\"og:image\" content=\"https:\/\/cinier-b.com\/particuliers\/wp-content\/uploads\/2026\/05\/Visuels-produits-cinier-21.png\" \/>\n\t<meta property=\"og:image:width\" content=\"1200\" \/>\n\t<meta property=\"og:image:height\" content=\"1200\" \/>\n\t<meta property=\"og:image:type\" content=\"image\/png\" \/>\n<meta name=\"twitter:card\" content=\"summary_large_image\" \/>\n<meta name=\"twitter:label1\" content=\"Dur\u00e9e de lecture estim\u00e9e\" \/>\n\t<meta name=\"twitter:data1\" content=\"1 minute\" \/>\n<script type=\"application\/ld+json\" class=\"yoast-schema-graph\">{\"@context\":\"https:\/\/schema.org\",\"@graph\":[{\"@type\":\"WebPage\",\"@id\":\"https:\/\/cinier-b.com\/particuliers\/boutique\/nos-packs\/decouvrez-nos-packs\/coffret-rituel-detente\/\",\"url\":\"https:\/\/cinier-b.com\/particuliers\/boutique\/nos-packs\/decouvrez-nos-packs\/coffret-rituel-detente\/\",\"name\":\"Coffret Rituel d\u00e9tente - Particuliers - Cinier-B Laboratoires\",\"isPartOf\":{\"@id\":\"https:\/\/cinier-b.com\/particuliers\/#website\"},\"primaryImageOfPage\":{\"@id\":\"https:\/\/cinier-b.com\/particuliers\/boutique\/nos-packs\/decouvrez-nos-packs\/coffret-rituel-detente\/#primaryimage\"},\"image\":{\"@id\":\"https:\/\/cinier-b.com\/particuliers\/boutique\/nos-packs\/decouvrez-nos-packs\/coffret-rituel-detente\/#primaryimage\"},\"thumbnailUrl\":\"https:\/\/cinier-b.com\/particuliers\/wp-content\/uploads\/2026\/05\/Visuels-produits-cinier-21.png\",\"datePublished\":\"2026-05-04T14:02:12+00:00\",\"dateModified\":\"2026-05-04T14:02:15+00:00\",\"breadcrumb\":{\"@id\":\"https:\/\/cinier-b.com\/particuliers\/boutique\/nos-packs\/decouvrez-nos-packs\/coffret-rituel-detente\/#breadcrumb\"},\"inLanguage\":\"fr-FR\",\"potentialAction\":[{\"@type\":\"ReadAction\",\"target\":[\"https:\/\/cinier-b.com\/particuliers\/boutique\/nos-packs\/decouvrez-nos-packs\/coffret-rituel-detente\/\"]}]},{\"@type\":\"ImageObject\",\"inLanguage\":\"fr-FR\",\"@id\":\"https:\/\/cinier-b.com\/particuliers\/boutique\/nos-packs\/decouvrez-nos-packs\/coffret-rituel-detente\/#primaryimage\",\"url\":\"https:\/\/cinier-b.com\/particuliers\/wp-content\/uploads\/2026\/05\/Visuels-produits-cinier-21.png\",\"contentUrl\":\"https:\/\/cinier-b.com\/particuliers\/wp-content\/uploads\/2026\/05\/Visuels-produits-cinier-21.png\",\"width\":1200,\"height\":1200},{\"@type\":\"BreadcrumbList\",\"@id\":\"https:\/\/cinier-b.com\/particuliers\/boutique\/nos-packs\/decouvrez-nos-packs\/coffret-rituel-detente\/#breadcrumb\",\"itemListElement\":[{\"@type\":\"ListItem\",\"position\":1,\"name\":\"Accueil\",\"item\":\"https:\/\/cinier-b.com\/particuliers\/soins-naturels-particuliers\/\"},{\"@type\":\"ListItem\",\"position\":2,\"name\":\"Boutique\",\"item\":\"https:\/\/cinier-b.com\/particuliers\/boutique\/\"},{\"@type\":\"ListItem\",\"position\":3,\"name\":\"Coffret Rituel d\u00e9tente\"}]},{\"@type\":\"WebSite\",\"@id\":\"https:\/\/cinier-b.com\/particuliers\/#website\",\"url\":\"https:\/\/cinier-b.com\/particuliers\/\",\"name\":\"Particuliers - Cinier-B Laboratoires\",\"description\":\"Aromatherapie et podologie\",\"potentialAction\":[{\"@type\":\"SearchAction\",\"target\":{\"@type\":\"EntryPoint\",\"urlTemplate\":\"https:\/\/cinier-b.com\/particuliers\/?s={search_term_string}\"},\"query-input\":{\"@type\":\"PropertyValueSpecification\",\"valueRequired\":true,\"valueName\":\"search_term_string\"}}],\"inLanguage\":\"fr-FR\"}]}<\/script>\n<!-- \/ Yoast SEO plugin. -->","yoast_head_json":{"title":"Coffret Rituel d\u00e9tente - Particuliers - Cinier-B Laboratoires","robots":{"index":"index","follow":"follow","max-snippet":"max-snippet:-1","max-image-preview":"max-image-preview:large","max-video-preview":"max-video-preview:-1"},"canonical":"https:\/\/cinier-b.com\/particuliers\/boutique\/nos-packs\/decouvrez-nos-packs\/coffret-rituel-detente\/","og_locale":"fr_FR","og_type":"article","og_title":"Coffret Rituel d\u00e9tente - Particuliers - Cinier-B Laboratoires","og_description":"Coffret \u00ab Rituel d\u00e9tente \u00bb &#8211; 48,30 \u20ac au lieu de 60,30 \u20ac Un moment de relaxation \u00e0 la maison : L\u2019huile d\u00e9contractante, riche en huiles essentielles, apaise les zones de tensions et procure une sensation imm\u00e9diate de bien-\u00eatre L\u2019hydrolat de rose apporte fra\u00eecheur, douceur et hydratation \u00e0 la peau Le galet de massage, aide [&hellip;]","og_url":"https:\/\/cinier-b.com\/particuliers\/boutique\/nos-packs\/decouvrez-nos-packs\/coffret-rituel-detente\/","og_site_name":"Particuliers - Cinier-B Laboratoires","article_modified_time":"2026-05-04T14:02:15+00:00","og_image":[{"width":1200,"height":1200,"url":"https:\/\/cinier-b.com\/particuliers\/wp-content\/uploads\/2026\/05\/Visuels-produits-cinier-21.png","type":"image\/png"}],"twitter_card":"summary_large_image","twitter_misc":{"Dur\u00e9e de lecture estim\u00e9e":"1 minute"},"schema":{"@context":"https:\/\/schema.org","@graph":[{"@type":"WebPage","@id":"https:\/\/cinier-b.com\/particuliers\/boutique\/nos-packs\/decouvrez-nos-packs\/coffret-rituel-detente\/","url":"https:\/\/cinier-b.com\/particuliers\/boutique\/nos-packs\/decouvrez-nos-packs\/coffret-rituel-detente\/","name":"Coffret Rituel d\u00e9tente - Particuliers - Cinier-B Laboratoires","isPartOf":{"@id":"https:\/\/cinier-b.com\/particuliers\/#website"},"primaryImageOfPage":{"@id":"https:\/\/cinier-b.com\/particuliers\/boutique\/nos-packs\/decouvrez-nos-packs\/coffret-rituel-detente\/#primaryimage"},"image":{"@id":"https:\/\/cinier-b.com\/particuliers\/boutique\/nos-packs\/decouvrez-nos-packs\/coffret-rituel-detente\/#primaryimage"},"thumbnailUrl":"https:\/\/cinier-b.com\/particuliers\/wp-content\/uploads\/2026\/05\/Visuels-produits-cinier-21.png","datePublished":"2026-05-04T14:02:12+00:00","dateModified":"2026-05-04T14:02:15+00:00","breadcrumb":{"@id":"https:\/\/cinier-b.com\/particuliers\/boutique\/nos-packs\/decouvrez-nos-packs\/coffret-rituel-detente\/#breadcrumb"},"inLanguage":"fr-FR","potentialAction":[{"@type":"ReadAction","target":["https:\/\/cinier-b.com\/particuliers\/boutique\/nos-packs\/decouvrez-nos-packs\/coffret-rituel-detente\/"]}]},{"@type":"ImageObject","inLanguage":"fr-FR","@id":"https:\/\/cinier-b.com\/particuliers\/boutique\/nos-packs\/decouvrez-nos-packs\/coffret-rituel-detente\/#primaryimage","url":"https:\/\/cinier-b.com\/particuliers\/wp-content\/uploads\/2026\/05\/Visuels-produits-cinier-21.png","contentUrl":"https:\/\/cinier-b.com\/particuliers\/wp-content\/uploads\/2026\/05\/Visuels-produits-cinier-21.png","width":1200,"height":1200},{"@type":"BreadcrumbList","@id":"https:\/\/cinier-b.com\/particuliers\/boutique\/nos-packs\/decouvrez-nos-packs\/coffret-rituel-detente\/#breadcrumb","itemListElement":[{"@type":"ListItem","position":1,"name":"Accueil","item":"https:\/\/cinier-b.com\/particuliers\/soins-naturels-particuliers\/"},{"@type":"ListItem","position":2,"name":"Boutique","item":"https:\/\/cinier-b.com\/particuliers\/boutique\/"},{"@type":"ListItem","position":3,"name":"Coffret Rituel d\u00e9tente"}]},{"@type":"WebSite","@id":"https:\/\/cinier-b.com\/particuliers\/#website","url":"https:\/\/cinier-b.com\/particuliers\/","name":"Particuliers - Cinier-B Laboratoires","description":"Aromatherapie et podologie","potentialAction":[{"@type":"SearchAction","target":{"@type":"EntryPoint","urlTemplate":"https:\/\/cinier-b.com\/particuliers\/?s={search_term_string}"},"query-input":{"@type":"PropertyValueSpecification","valueRequired":true,"valueName":"search_term_string"}}],"inLanguage":"fr-FR"}]}},"_links":{"self":[{"href":"https:\/\/cinier-b.com\/particuliers\/wp-json\/wp\/v2\/product\/14057","targetHints":{"allow":["GET"]}}],"collection":[{"href":"https:\/\/cinier-b.com\/particuliers\/wp-json\/wp\/v2\/product"}],"about":[{"href":"https:\/\/cinier-b.com\/particuliers\/wp-json\/wp\/v2\/types\/product"}],"wp:featuredmedia":[{"embeddable":true,"href":"https:\/\/cinier-b.com\/particuliers\/wp-json\/wp\/v2\/media\/14058"}],"wp:attachment":[{"href":"https:\/\/cinier-b.com\/particuliers\/wp-json\/wp\/v2\/media?parent=14057"}],"wp:term":[{"taxonomy":"product_brand","embeddable":true,"href":"https:\/\/cinier-b.com\/particuliers\/wp-json\/wp\/v2\/product_brand?post=14057"},{"taxonomy":"product_cat","embeddable":true,"href":"https:\/\/cinier-b.com\/particuliers\/wp-json\/wp\/v2\/product_cat?post=14057"},{"taxonomy":"product_tag","embeddable":true,"href":"https:\/\/cinier-b.com\/particuliers\/wp-json\/wp\/v2\/product_tag?post=14057"}],"curies":[{"name":"wp","href":"https:\/\/api.w.org\/{rel}","templated":true}]}}