{"id":127,"date":"2009-01-21T19:14:28","date_gmt":"2009-01-21T18:14:28","guid":{"rendered":"http:\/\/particuliers.cinier-b.com\/produit\/calophylle-bio-tamanu-1ere-pression\/"},"modified":"2023-05-16T10:15:31","modified_gmt":"2023-05-16T09:15:31","slug":"huile-vegetale-de-calophylle-bio","status":"publish","type":"product","link":"https:\/\/cinier-b.com\/particuliers\/boutique\/soins-corporels-frictions-de-sante\/huiles-vegetales\/huiles-vegetales-pour-le-soin-et-la-beaute\/huile-vegetale-de-calophylle-bio\/","title":{"rendered":"Huile V\u00e9g\u00e9tale | CALOPHYLLE BIO (Tamanu) | Pour Les Rhumatismes"},"content":{"rendered":"<p>Huile vierge BIO de 1\u00e8re pression \u00e0 froid, extraites des amandes du Calophyllum inophyllum appel\u00e9e aussi huile de TAMANU, de culture biologique.<\/p>\n<p>Riche en st\u00e9rol et en r\u00e9sine. Elle a des propri\u00e9t\u00e9s cicatrisantes, anti-inflammatoires, protectrices et r\u00e9g\u00e9n\u00e9rantes.<\/p>\n<p>Traditionnellement utilis\u00e9e en friction sur les articulations douloureuses, les courbatures et en massage sur les jambes pour soulager les douleurs circulatoires.<\/p>\n<p><img decoding=\"async\" class=\" size-full wp-image-94\" src=\"https:\/\/cinier-b.com\/particuliers\/wp-content\/uploads\/2009\/01\/ECOCERT-AB.jpg\" alt=\"alt\" width=\"80\" height=\"31\" border=\"0\" srcset=\"https:\/\/cinier-b.com\/particuliers\/wp-content\/uploads\/2009\/01\/ECOCERT-AB.jpg 80w, https:\/\/cinier-b.com\/particuliers\/wp-content\/uploads\/2009\/01\/ECOCERT-AB-64x25.jpg 64w\" sizes=\"(max-width: 80px) 100vw, 80px\" \/>Les produits portant la mention BIO sont issus de l&rsquo;Agriculture Biologique et certifi\u00e9s par ECOCERT FR-BIO-01<\/p>\n<p>&nbsp;<\/p>\n","protected":false},"excerpt":{"rendered":"<p><b>Pour les rhumatismes, les tendons et les probl\u00e8mes circulatoires<\/b><\/p>\n<p><strong>Le + Cinier B :<\/strong><\/p>\n<ul>\n<li>Exp\u00e9di\u00e9 dans les 24h (sauf le weekend pardi !)<\/li>\n<\/ul>\n<ul>\n<li>Livraison standard en offerte \u00e0 partir de 60\u20ac d&rsquo;achats (France m\u00e9tropolitaine)<\/li>\n<\/ul>\n<p>Flacon verre capsule charni\u00e8re 50ml<\/p>\n<p>&nbsp;<\/p>\n<p>&nbsp;<\/p>\n","protected":false},"featured_media":9896,"template":"","meta":[],"product_brand":[],"product_cat":[110,37,39],"product_tag":[],"class_list":{"0":"post-127","1":"product","2":"type-product","3":"status-publish","4":"has-post-thumbnail","6":"product_cat-muscles-articulations","7":"product_cat-huiles-vegetales","8":"product_cat-huiles-vegetales-pour-le-soin-et-la-beaute","10":"first","11":"instock","12":"featured","13":"taxable","14":"shipping-taxable","15":"purchasable","16":"product-type-simple"},"yoast_head":"<!-- This site is optimized with the Yoast SEO plugin v25.5 - https:\/\/yoast.com\/wordpress\/plugins\/seo\/ -->\n<title>Huile V\u00e9g\u00e9tale de Calophylle Bio - Particuliers - Cinier-B Laboratoires<\/title>\n<meta name=\"robots\" content=\"index, follow, max-snippet:-1, max-image-preview:large, max-video-preview:-1\" \/>\n<link rel=\"canonical\" href=\"https:\/\/cinier-b.com\/particuliers\/boutique\/soins-corporels-frictions-de-sante\/huiles-vegetales\/huiles-vegetales-pour-le-soin-et-la-beaute\/huile-vegetale-de-calophylle-bio\/\" \/>\n<meta property=\"og:locale\" content=\"fr_FR\" \/>\n<meta property=\"og:type\" content=\"article\" \/>\n<meta property=\"og:title\" content=\"Huile V\u00e9g\u00e9tale de Calophylle Bio - Particuliers - Cinier-B Laboratoires\" \/>\n<meta property=\"og:description\" content=\"Pour les rhumatismes, les tendons et les probl\u00e8mes circulatoires  Le + Cinier B :   Exp\u00e9di\u00e9 dans les 24h (sauf le weekend pardi !)    Livraison standard en offerte \u00e0 partir de 60\u20ac d&#039;achats (France m\u00e9tropolitaine)  Flacon verre capsule charni\u00e8re 50ml  &nbsp;  &nbsp;\" \/>\n<meta property=\"og:url\" content=\"https:\/\/cinier-b.com\/particuliers\/boutique\/soins-corporels-frictions-de-sante\/huiles-vegetales\/huiles-vegetales-pour-le-soin-et-la-beaute\/huile-vegetale-de-calophylle-bio\/\" \/>\n<meta property=\"og:site_name\" content=\"Particuliers - Cinier-B Laboratoires\" \/>\n<meta property=\"article:modified_time\" content=\"2023-05-16T09:15:31+00:00\" \/>\n<meta property=\"og:image\" content=\"https:\/\/cinier-b.com\/particuliers\/wp-content\/uploads\/2009\/01\/HV-calophylle.png\" \/>\n\t<meta property=\"og:image:width\" content=\"1080\" \/>\n\t<meta property=\"og:image:height\" content=\"1080\" \/>\n\t<meta property=\"og:image:type\" content=\"image\/png\" \/>\n<meta name=\"twitter:card\" content=\"summary_large_image\" \/>\n<meta name=\"twitter:label1\" content=\"Dur\u00e9e de lecture estim\u00e9e\" \/>\n\t<meta name=\"twitter:data1\" content=\"1 minute\" \/>\n<script type=\"application\/ld+json\" class=\"yoast-schema-graph\">{\"@context\":\"https:\/\/schema.org\",\"@graph\":[{\"@type\":\"WebPage\",\"@id\":\"https:\/\/cinier-b.com\/particuliers\/boutique\/soins-corporels-frictions-de-sante\/huiles-vegetales\/huiles-vegetales-pour-le-soin-et-la-beaute\/huile-vegetale-de-calophylle-bio\/\",\"url\":\"https:\/\/cinier-b.com\/particuliers\/boutique\/soins-corporels-frictions-de-sante\/huiles-vegetales\/huiles-vegetales-pour-le-soin-et-la-beaute\/huile-vegetale-de-calophylle-bio\/\",\"name\":\"Huile V\u00e9g\u00e9tale de Calophylle Bio - Particuliers - Cinier-B Laboratoires\",\"isPartOf\":{\"@id\":\"https:\/\/cinier-b.com\/particuliers\/#website\"},\"primaryImageOfPage\":{\"@id\":\"https:\/\/cinier-b.com\/particuliers\/boutique\/soins-corporels-frictions-de-sante\/huiles-vegetales\/huiles-vegetales-pour-le-soin-et-la-beaute\/huile-vegetale-de-calophylle-bio\/#primaryimage\"},\"image\":{\"@id\":\"https:\/\/cinier-b.com\/particuliers\/boutique\/soins-corporels-frictions-de-sante\/huiles-vegetales\/huiles-vegetales-pour-le-soin-et-la-beaute\/huile-vegetale-de-calophylle-bio\/#primaryimage\"},\"thumbnailUrl\":\"https:\/\/cinier-b.com\/particuliers\/wp-content\/uploads\/2009\/01\/HV-calophylle.png\",\"datePublished\":\"2009-01-21T18:14:28+00:00\",\"dateModified\":\"2023-05-16T09:15:31+00:00\",\"breadcrumb\":{\"@id\":\"https:\/\/cinier-b.com\/particuliers\/boutique\/soins-corporels-frictions-de-sante\/huiles-vegetales\/huiles-vegetales-pour-le-soin-et-la-beaute\/huile-vegetale-de-calophylle-bio\/#breadcrumb\"},\"inLanguage\":\"fr-FR\",\"potentialAction\":[{\"@type\":\"ReadAction\",\"target\":[\"https:\/\/cinier-b.com\/particuliers\/boutique\/soins-corporels-frictions-de-sante\/huiles-vegetales\/huiles-vegetales-pour-le-soin-et-la-beaute\/huile-vegetale-de-calophylle-bio\/\"]}]},{\"@type\":\"ImageObject\",\"inLanguage\":\"fr-FR\",\"@id\":\"https:\/\/cinier-b.com\/particuliers\/boutique\/soins-corporels-frictions-de-sante\/huiles-vegetales\/huiles-vegetales-pour-le-soin-et-la-beaute\/huile-vegetale-de-calophylle-bio\/#primaryimage\",\"url\":\"https:\/\/cinier-b.com\/particuliers\/wp-content\/uploads\/2009\/01\/HV-calophylle.png\",\"contentUrl\":\"https:\/\/cinier-b.com\/particuliers\/wp-content\/uploads\/2009\/01\/HV-calophylle.png\",\"width\":1080,\"height\":1080},{\"@type\":\"BreadcrumbList\",\"@id\":\"https:\/\/cinier-b.com\/particuliers\/boutique\/soins-corporels-frictions-de-sante\/huiles-vegetales\/huiles-vegetales-pour-le-soin-et-la-beaute\/huile-vegetale-de-calophylle-bio\/#breadcrumb\",\"itemListElement\":[{\"@type\":\"ListItem\",\"position\":1,\"name\":\"Accueil\",\"item\":\"https:\/\/cinier-b.com\/particuliers\/soins-naturels-particuliers\/\"},{\"@type\":\"ListItem\",\"position\":2,\"name\":\"Boutique\",\"item\":\"https:\/\/cinier-b.com\/particuliers\/boutique\/\"},{\"@type\":\"ListItem\",\"position\":3,\"name\":\"Huile V\u00e9g\u00e9tale | CALOPHYLLE BIO (Tamanu) | Pour Les Rhumatismes\"}]},{\"@type\":\"WebSite\",\"@id\":\"https:\/\/cinier-b.com\/particuliers\/#website\",\"url\":\"https:\/\/cinier-b.com\/particuliers\/\",\"name\":\"Particuliers - Cinier-B Laboratoires\",\"description\":\"Aromatherapie et podologie\",\"potentialAction\":[{\"@type\":\"SearchAction\",\"target\":{\"@type\":\"EntryPoint\",\"urlTemplate\":\"https:\/\/cinier-b.com\/particuliers\/?s={search_term_string}\"},\"query-input\":{\"@type\":\"PropertyValueSpecification\",\"valueRequired\":true,\"valueName\":\"search_term_string\"}}],\"inLanguage\":\"fr-FR\"}]}<\/script>\n<!-- \/ Yoast SEO plugin. -->","yoast_head_json":{"title":"Huile V\u00e9g\u00e9tale de Calophylle Bio - Particuliers - Cinier-B Laboratoires","robots":{"index":"index","follow":"follow","max-snippet":"max-snippet:-1","max-image-preview":"max-image-preview:large","max-video-preview":"max-video-preview:-1"},"canonical":"https:\/\/cinier-b.com\/particuliers\/boutique\/soins-corporels-frictions-de-sante\/huiles-vegetales\/huiles-vegetales-pour-le-soin-et-la-beaute\/huile-vegetale-de-calophylle-bio\/","og_locale":"fr_FR","og_type":"article","og_title":"Huile V\u00e9g\u00e9tale de Calophylle Bio - Particuliers - Cinier-B Laboratoires","og_description":"Pour les rhumatismes, les tendons et les probl\u00e8mes circulatoires  Le + Cinier B :   Exp\u00e9di\u00e9 dans les 24h (sauf le weekend pardi !)    Livraison standard en offerte \u00e0 partir de 60\u20ac d'achats (France m\u00e9tropolitaine)  Flacon verre capsule charni\u00e8re 50ml  &nbsp;  &nbsp;","og_url":"https:\/\/cinier-b.com\/particuliers\/boutique\/soins-corporels-frictions-de-sante\/huiles-vegetales\/huiles-vegetales-pour-le-soin-et-la-beaute\/huile-vegetale-de-calophylle-bio\/","og_site_name":"Particuliers - Cinier-B Laboratoires","article_modified_time":"2023-05-16T09:15:31+00:00","og_image":[{"width":1080,"height":1080,"url":"https:\/\/cinier-b.com\/particuliers\/wp-content\/uploads\/2009\/01\/HV-calophylle.png","type":"image\/png"}],"twitter_card":"summary_large_image","twitter_misc":{"Dur\u00e9e de lecture estim\u00e9e":"1 minute"},"schema":{"@context":"https:\/\/schema.org","@graph":[{"@type":"WebPage","@id":"https:\/\/cinier-b.com\/particuliers\/boutique\/soins-corporels-frictions-de-sante\/huiles-vegetales\/huiles-vegetales-pour-le-soin-et-la-beaute\/huile-vegetale-de-calophylle-bio\/","url":"https:\/\/cinier-b.com\/particuliers\/boutique\/soins-corporels-frictions-de-sante\/huiles-vegetales\/huiles-vegetales-pour-le-soin-et-la-beaute\/huile-vegetale-de-calophylle-bio\/","name":"Huile V\u00e9g\u00e9tale de Calophylle Bio - Particuliers - Cinier-B Laboratoires","isPartOf":{"@id":"https:\/\/cinier-b.com\/particuliers\/#website"},"primaryImageOfPage":{"@id":"https:\/\/cinier-b.com\/particuliers\/boutique\/soins-corporels-frictions-de-sante\/huiles-vegetales\/huiles-vegetales-pour-le-soin-et-la-beaute\/huile-vegetale-de-calophylle-bio\/#primaryimage"},"image":{"@id":"https:\/\/cinier-b.com\/particuliers\/boutique\/soins-corporels-frictions-de-sante\/huiles-vegetales\/huiles-vegetales-pour-le-soin-et-la-beaute\/huile-vegetale-de-calophylle-bio\/#primaryimage"},"thumbnailUrl":"https:\/\/cinier-b.com\/particuliers\/wp-content\/uploads\/2009\/01\/HV-calophylle.png","datePublished":"2009-01-21T18:14:28+00:00","dateModified":"2023-05-16T09:15:31+00:00","breadcrumb":{"@id":"https:\/\/cinier-b.com\/particuliers\/boutique\/soins-corporels-frictions-de-sante\/huiles-vegetales\/huiles-vegetales-pour-le-soin-et-la-beaute\/huile-vegetale-de-calophylle-bio\/#breadcrumb"},"inLanguage":"fr-FR","potentialAction":[{"@type":"ReadAction","target":["https:\/\/cinier-b.com\/particuliers\/boutique\/soins-corporels-frictions-de-sante\/huiles-vegetales\/huiles-vegetales-pour-le-soin-et-la-beaute\/huile-vegetale-de-calophylle-bio\/"]}]},{"@type":"ImageObject","inLanguage":"fr-FR","@id":"https:\/\/cinier-b.com\/particuliers\/boutique\/soins-corporels-frictions-de-sante\/huiles-vegetales\/huiles-vegetales-pour-le-soin-et-la-beaute\/huile-vegetale-de-calophylle-bio\/#primaryimage","url":"https:\/\/cinier-b.com\/particuliers\/wp-content\/uploads\/2009\/01\/HV-calophylle.png","contentUrl":"https:\/\/cinier-b.com\/particuliers\/wp-content\/uploads\/2009\/01\/HV-calophylle.png","width":1080,"height":1080},{"@type":"BreadcrumbList","@id":"https:\/\/cinier-b.com\/particuliers\/boutique\/soins-corporels-frictions-de-sante\/huiles-vegetales\/huiles-vegetales-pour-le-soin-et-la-beaute\/huile-vegetale-de-calophylle-bio\/#breadcrumb","itemListElement":[{"@type":"ListItem","position":1,"name":"Accueil","item":"https:\/\/cinier-b.com\/particuliers\/soins-naturels-particuliers\/"},{"@type":"ListItem","position":2,"name":"Boutique","item":"https:\/\/cinier-b.com\/particuliers\/boutique\/"},{"@type":"ListItem","position":3,"name":"Huile V\u00e9g\u00e9tale | CALOPHYLLE BIO (Tamanu) | Pour Les Rhumatismes"}]},{"@type":"WebSite","@id":"https:\/\/cinier-b.com\/particuliers\/#website","url":"https:\/\/cinier-b.com\/particuliers\/","name":"Particuliers - Cinier-B Laboratoires","description":"Aromatherapie et podologie","potentialAction":[{"@type":"SearchAction","target":{"@type":"EntryPoint","urlTemplate":"https:\/\/cinier-b.com\/particuliers\/?s={search_term_string}"},"query-input":{"@type":"PropertyValueSpecification","valueRequired":true,"valueName":"search_term_string"}}],"inLanguage":"fr-FR"}]}},"_links":{"self":[{"href":"https:\/\/cinier-b.com\/particuliers\/wp-json\/wp\/v2\/product\/127","targetHints":{"allow":["GET"]}}],"collection":[{"href":"https:\/\/cinier-b.com\/particuliers\/wp-json\/wp\/v2\/product"}],"about":[{"href":"https:\/\/cinier-b.com\/particuliers\/wp-json\/wp\/v2\/types\/product"}],"wp:featuredmedia":[{"embeddable":true,"href":"https:\/\/cinier-b.com\/particuliers\/wp-json\/wp\/v2\/media\/9896"}],"wp:attachment":[{"href":"https:\/\/cinier-b.com\/particuliers\/wp-json\/wp\/v2\/media?parent=127"}],"wp:term":[{"taxonomy":"product_brand","embeddable":true,"href":"https:\/\/cinier-b.com\/particuliers\/wp-json\/wp\/v2\/product_brand?post=127"},{"taxonomy":"product_cat","embeddable":true,"href":"https:\/\/cinier-b.com\/particuliers\/wp-json\/wp\/v2\/product_cat?post=127"},{"taxonomy":"product_tag","embeddable":true,"href":"https:\/\/cinier-b.com\/particuliers\/wp-json\/wp\/v2\/product_tag?post=127"}],"curies":[{"name":"wp","href":"https:\/\/api.w.org\/{rel}","templated":true}]}}